{"id":2143,"date":"2026-04-09T07:00:47","date_gmt":"2026-04-09T07:00:47","guid":{"rendered":"https:\/\/www.zmsh-semitech.com\/?post_type=product&#038;p=2143"},"modified":"2026-04-09T07:03:21","modified_gmt":"2026-04-09T07:03:21","slug":"high-precision-12-inch-wafer-dicing-solution-for-advanced-semiconductor-processing","status":"publish","type":"product","link":"https:\/\/www.zmsh-semitech.com\/fi\/product\/high-precision-12-inch-wafer-dicing-solution-for-advanced-semiconductor-processing\/","title":{"rendered":"Korkean tarkkuuden 12-tuumainen kiekon kuutiointiratkaisu kehittyneeseen puolijohteiden k\u00e4sittelyyn"},"content":{"rendered":"<p data-start=\"245\" data-end=\"627\"><img fetchpriority=\"high\" decoding=\"async\" class=\"size-medium wp-image-2144 alignright\" src=\"https:\/\/www.zmsh-semitech.com\/wp-content\/uploads\/2026\/04\/High-Precision-12-inch-Wafer-Dicing-Solution-for-Advanced-Semiconductor-Processing2-300x300.png\" alt=\"\" width=\"300\" height=\"300\" srcset=\"https:\/\/www.zmsh-semitech.com\/wp-content\/uploads\/2026\/04\/High-Precision-12-inch-Wafer-Dicing-Solution-for-Advanced-Semiconductor-Processing2-300x300.png 300w, https:\/\/www.zmsh-semitech.com\/wp-content\/uploads\/2026\/04\/High-Precision-12-inch-Wafer-Dicing-Solution-for-Advanced-Semiconductor-Processing2-150x150.png 150w, https:\/\/www.zmsh-semitech.com\/wp-content\/uploads\/2026\/04\/High-Precision-12-inch-Wafer-Dicing-Solution-for-Advanced-Semiconductor-Processing2-768x768.png 768w, https:\/\/www.zmsh-semitech.com\/wp-content\/uploads\/2026\/04\/High-Precision-12-inch-Wafer-Dicing-Solution-for-Advanced-Semiconductor-Processing2-12x12.png 12w, https:\/\/www.zmsh-semitech.com\/wp-content\/uploads\/2026\/04\/High-Precision-12-inch-Wafer-Dicing-Solution-for-Advanced-Semiconductor-Processing2-600x600.png 600w, https:\/\/www.zmsh-semitech.com\/wp-content\/uploads\/2026\/04\/High-Precision-12-inch-Wafer-Dicing-Solution-for-Advanced-Semiconductor-Processing2-100x100.png 100w, https:\/\/www.zmsh-semitech.com\/wp-content\/uploads\/2026\/04\/High-Precision-12-inch-Wafer-Dicing-Solution-for-Advanced-Semiconductor-Processing2.png 1000w\" sizes=\"(max-width: 300px) 100vw, 300px\" \/>T\u00e4ysautomaattinen HP-1221-kiekkojen kuutiointikone on eritt\u00e4in tehokas ja tarkkaan suunniteltu ratkaisu, joka on suunniteltu puolijohdekiekkojen singulaatioprosesseihin. J\u00e4rjestelm\u00e4 tukee jopa 300 mm:n (12 tuuman) kiekkoja, ja siin\u00e4 yhdistyv\u00e4t kehittynyt automaatio, kaksikarainen leikkaustekniikka ja \u00e4lykk\u00e4\u00e4t kohdistusj\u00e4rjestelm\u00e4t, jotka takaavat erinomaisen leikkaustarkkuuden, l\u00e4pimenon ja johdonmukaisuuden.<\/p>\n<p data-start=\"629\" data-end=\"943\">Nykyaikaisiin puolijohdevalmistusymp\u00e4rist\u00f6ihin suunniteltu HP-1221 mahdollistaa t\u00e4ysin automatisoidun ty\u00f6nkulun kiekkojen lataamisesta ja kohdistamisesta tarkkaan kuutioimiseen, jota seuraa integroitu puhdistus ja kuivaus. T\u00e4m\u00e4 v\u00e4hent\u00e4\u00e4 merkitt\u00e4v\u00e4sti manuaalisia toimenpiteit\u00e4, parantaa tuottoa ja varmistaa toistettavan prosessin vakauden.<\/p>\n<p data-start=\"945\" data-end=\"1134\">HP-1221 soveltuu pienen tilantarpeensa ja vankan rakenteellisen rakenteensa ansiosta sek\u00e4 suuren volyymin tuotantolinjoihin ett\u00e4 erikoissovelluksiin, jotka vaativat suurta tarkkuutta ja luotettavuutta.<\/p>\n<h2 data-section-id=\"1j5qwet\" data-start=\"1141\" data-end=\"1160\"><span role=\"text\">T\u00e4rkeimm\u00e4t ominaisuudet<\/span><\/h2>\n<h3 data-section-id=\"9cqnah\" data-start=\"1162\" data-end=\"1223\"><span role=\"text\">1. Kahden karan vastakkainen rakenne korkeaa tehokkuutta varten<\/span><\/h3>\n<p data-start=\"1224\" data-end=\"1549\">Koneessa on edistyksellinen vastakkainen kaksoiskarainen kokoonpano. V\u00e4hent\u00e4m\u00e4ll\u00e4 kahden karan v\u00e4list\u00e4 et\u00e4isyytt\u00e4 j\u00e4rjestelm\u00e4 minimoi tyhj\u00e4k\u00e4yntiliikkeet ja parantaa merkitt\u00e4v\u00e4sti leikkaustehokkuutta. T\u00e4m\u00e4 rakenne mahdollistaa jatkuvan k\u00e4yt\u00f6n ja lyhent\u00e4\u00e4 sykliaikaa, joten se sopii erinomaisesti korkean l\u00e4pimenon tuotantoymp\u00e4rist\u00f6ihin.<\/p>\n<h3 data-section-id=\"eul68q\" data-start=\"1551\" data-end=\"1596\"><span role=\"text\">2. T\u00e4ysin automatisoitu integroitu prosessi<\/span><\/h3>\n<p data-start=\"1597\" data-end=\"1658\">HP-1221 tukee t\u00e4ydellist\u00e4 automatisoitua prosessia, mukaan lukien:<\/p>\n<ul data-start=\"1659\" data-end=\"1796\">\n<li data-section-id=\"aswsbm\" data-start=\"1659\" data-end=\"1700\">Automaattinen kiekkojen lataus ja purku<\/li>\n<li data-section-id=\"pbe6aq\" data-start=\"1701\" data-end=\"1729\">Tarkka kohdistus<\/li>\n<li data-section-id=\"1mrcdix\" data-start=\"1730\" data-end=\"1761\">Hallittu kuutiointitoiminto<\/li>\n<li data-section-id=\"n3oef2\" data-start=\"1762\" data-end=\"1796\">Integroitu puhdistus ja kuivaus<\/li>\n<\/ul>\n<p data-start=\"1798\" data-end=\"1916\">T\u00e4m\u00e4 automaatiotaso ei ainoastaan paranna tuottavuutta vaan my\u00f6s v\u00e4hent\u00e4\u00e4 k\u00e4ytt\u00e4j\u00e4n riippuvuutta ja ihmisen aiheuttamia virheit\u00e4.<\/p>\n<h3 data-section-id=\"lxacqp\" data-start=\"1918\" data-end=\"1975\"><span role=\"text\">3. Korkean tarkkuuden kohdistus- ja tarkastusj\u00e4rjestelm\u00e4<\/span><\/h3>\n<p data-start=\"1976\" data-end=\"2071\">J\u00e4rjestelm\u00e4 on varustettu kaksoismikroskooppikokoonpanolla (suuri ja pieni suurennus), ja se takaa:<\/p>\n<ul data-start=\"2072\" data-end=\"2185\">\n<li data-section-id=\"9rivzh\" data-start=\"2072\" data-end=\"2109\">Nopea ja tarkka kiekon kohdistaminen<\/li>\n<li data-section-id=\"1dbri94\" data-start=\"2110\" data-end=\"2149\">Reaaliaikainen leikkuureitin todentaminen<\/li>\n<li data-section-id=\"pu471d\" data-start=\"2150\" data-end=\"2185\">Korkean resoluution viiltotarkastus<\/li>\n<\/ul>\n<p data-start=\"2187\" data-end=\"2332\">T\u00e4m\u00e4 ominaisuus on ratkaisevan t\u00e4rke\u00e4 tiukkojen toleranssien yll\u00e4pit\u00e4miseksi ja tasaisen leikkauslaadun varmistamiseksi erityisesti kehittyneiss\u00e4 puolijohdekomponenteissa.<\/p>\n<h3 data-section-id=\"6vpx24\" data-start=\"2334\" data-end=\"2385\"><span role=\"text\">4. Sub-C\/T-avusteinen ter\u00e4n sidontatoiminto<\/span><\/h3>\n<p data-start=\"2386\" data-end=\"2506\">Integroitu Sub-C\/T-ter\u00e4n viimeistelytoiminto auttaa s\u00e4ilytt\u00e4m\u00e4\u00e4n ter\u00e4n optimaalisen ter\u00e4vyyden k\u00e4yt\u00f6n aikana. Tuloksena on:<\/p>\n<ul data-start=\"2507\" data-end=\"2605\">\n<li data-section-id=\"sjm708\" data-start=\"2507\" data-end=\"2543\">Parempi leikkuupinnan laatu<\/li>\n<li data-section-id=\"1iinss9\" data-start=\"2544\" data-end=\"2581\">V\u00e4hent\u00e4\u00e4 lohkeilua ja mikros\u00e4r\u00f6j\u00e4<\/li>\n<li data-section-id=\"yt2sjr\" data-start=\"2582\" data-end=\"2605\">Pidennetty ter\u00e4n k\u00e4ytt\u00f6ik\u00e4<\/li>\n<\/ul>\n<p data-start=\"2607\" data-end=\"2688\">Loppujen lopuksi t\u00e4m\u00e4 alentaa k\u00e4ytt\u00f6kustannuksia ja lis\u00e4\u00e4 tuotoksen tuottoa.<\/p>\n<h3 data-section-id=\"ga4x9p\" data-start=\"2690\" data-end=\"2735\"><span role=\"text\">5. Valinnainen kahden nesteen puhdistussuutin<\/span><\/h3>\n<p data-start=\"2736\" data-end=\"2999\">Leikkausalueelle voidaan asentaa lis\u00e4varusteena saatava ilma-vesi-kaksoissuutin, joka tehostaa kuutioinnin j\u00e4lkeist\u00e4 puhdistustehoa. N\u00e4in varmistetaan roskien ja hiukkasten tehokas poisto, mik\u00e4 parantaa kiekon puhtautta ja v\u00e4hent\u00e4\u00e4 kontaminaatioriski\u00e4 jatkojalostusprosesseissa.<\/p>\n<h2 data-section-id=\"id1bjs\" data-start=\"3006\" data-end=\"3037\"><span role=\"text\">Tekniset tiedot<\/span><\/h2>\n<div class=\"TyagGW_tableContainer\">\n<div class=\"group TyagGW_tableWrapper flex flex-col-reverse w-fit\" tabindex=\"-1\">\n<table class=\"w-fit min-w-(--thread-content-width)\" data-start=\"3039\" data-end=\"3439\">\n<thead data-start=\"3039\" data-end=\"3076\">\n<tr data-start=\"3039\" data-end=\"3076\">\n<th class=\"\" data-start=\"3039\" data-end=\"3055\" data-col-size=\"sm\">Parametri<\/th>\n<th class=\"\" data-start=\"3055\" data-end=\"3076\" data-col-size=\"md\">Tekniset tiedot<\/th>\n<\/tr>\n<\/thead>\n<tbody data-start=\"3113\" data-end=\"3439\">\n<tr data-start=\"3113\" data-end=\"3183\">\n<td data-start=\"3113\" data-end=\"3137\" data-col-size=\"sm\">Karan teho \/ nopeus<\/td>\n<td data-col-size=\"md\" data-start=\"3137\" data-end=\"3183\">1,8 kW \/ 2,2 kW (valinnainen), 6000-60000 rpm<\/td>\n<\/tr>\n<tr data-start=\"3184\" data-end=\"3210\">\n<td data-start=\"3184\" data-end=\"3198\" data-col-size=\"sm\">Laipan koko<\/td>\n<td data-start=\"3198\" data-end=\"3210\" data-col-size=\"md\">2 tuumaa<\/td>\n<\/tr>\n<tr data-start=\"3211\" data-end=\"3280\">\n<td data-start=\"3211\" data-end=\"3236\" data-col-size=\"sm\">Ty\u00f6kappaleen enimm\u00e4iskoko<\/td>\n<td data-col-size=\"md\" data-start=\"3236\" data-end=\"3280\">Py\u00f6re\u00e4: 254 mm \u00d7 254 mm.<\/td>\n<\/tr>\n<tr data-start=\"3281\" data-end=\"3374\">\n<td data-start=\"3281\" data-end=\"3308\" data-col-size=\"sm\">Mikroskoopin kokoonpano<\/td>\n<td data-col-size=\"md\" data-start=\"3308\" data-end=\"3374\">Suuri suurennos: Suurennos: 7,5\u00d7 \/ Pieni suurennus: (valinnainen): 0,75\u00d7 (valinnainen)<\/td>\n<\/tr>\n<tr data-start=\"3375\" data-end=\"3439\">\n<td data-start=\"3375\" data-end=\"3408\" data-col-size=\"sm\">Koneen mitat (L \u00d7 S \u00d7 K)<\/td>\n<td data-col-size=\"md\" data-start=\"3408\" data-end=\"3439\">1285 mm \u00d7 1590 mm \u00d7 1860 mm<\/td>\n<\/tr>\n<\/tbody>\n<\/table>\n<\/div>\n<\/div>\n<h2 data-section-id=\"k0zlak\" data-start=\"3446\" data-end=\"3465\"><span role=\"text\">Sovellukset<\/span><\/h2>\n<p data-start=\"3467\" data-end=\"3597\">HP-1221 on suunniteltu t\u00e4ytt\u00e4m\u00e4\u00e4n erilaisten puolijohde- ja kehittyneiden materiaalisovellusten vaativat vaatimukset, mukaan lukien:<\/p>\n<ul data-start=\"3599\" data-end=\"3832\">\n<li data-section-id=\"18mr094\" data-start=\"3599\" data-end=\"3653\">Piikiekkojen kuutioiminen integroituja piirej\u00e4 (IC) varten<\/li>\n<li data-section-id=\"dejbgx\" data-start=\"3654\" data-end=\"3704\">Teholaitteiden kiekkojen k\u00e4sittely (esim. SiC, GaN)<\/li>\n<li data-section-id=\"haep52\" data-start=\"3705\" data-end=\"3732\">MEMS-laitteiden valmistus<\/li>\n<li data-section-id=\"3caph5\" data-start=\"3733\" data-end=\"3773\">LED- ja optoelektronisten kiekkojen leikkaus<\/li>\n<li data-section-id=\"d7piqk\" data-start=\"3774\" data-end=\"3832\">Kehittyneet pakkaus- ja kiekkotason pakkausprosessit<\/li>\n<\/ul>\n<p data-start=\"3834\" data-end=\"3945\">Sen yhteensopivuus jopa 12 tuuman kiekkojen kanssa tekee siit\u00e4 sopivan sek\u00e4 kehittyneille ett\u00e4 kehittyneille valmistussolmuille.<\/p>\n<p data-start=\"3834\" data-end=\"3945\"><img decoding=\"async\" class=\"wp-image-2146 size-large aligncenter\" src=\"https:\/\/www.zmsh-semitech.com\/wp-content\/uploads\/2026\/04\/applications-1024x683.png\" alt=\"\" width=\"1024\" height=\"683\" srcset=\"https:\/\/www.zmsh-semitech.com\/wp-content\/uploads\/2026\/04\/applications-1024x683.png 1024w, https:\/\/www.zmsh-semitech.com\/wp-content\/uploads\/2026\/04\/applications-300x200.png 300w, https:\/\/www.zmsh-semitech.com\/wp-content\/uploads\/2026\/04\/applications-768x512.png 768w, https:\/\/www.zmsh-semitech.com\/wp-content\/uploads\/2026\/04\/applications-18x12.png 18w, https:\/\/www.zmsh-semitech.com\/wp-content\/uploads\/2026\/04\/applications-600x400.png 600w, https:\/\/www.zmsh-semitech.com\/wp-content\/uploads\/2026\/04\/applications.png 1536w\" sizes=\"(max-width: 1024px) 100vw, 1024px\" \/><\/p>\n<h2 data-section-id=\"dfn86d\" data-start=\"3952\" data-end=\"3981\"><span role=\"text\">Suorituskyvyn edut<\/span><\/h2>\n<h3 data-section-id=\"4ffxha\" data-start=\"3983\" data-end=\"4021\"><span role=\"text\">Parempi tuotto ja luotettavuus<\/span><\/h3>\n<p data-start=\"4022\" data-end=\"4180\">Tarkka kohdistus ja vakaa karan suorituskyky takaavat minimaalisen reunojen lohkeilun ja korkealaatuiset leikkuupinnat, mik\u00e4 parantaa suoraan laitteen tuottoa.<\/p>\n<h3 data-section-id=\"jjig1u\" data-start=\"4182\" data-end=\"4205\"><span role=\"text\">Suuri l\u00e4pimeno<\/span><\/h3>\n<p data-start=\"4206\" data-end=\"4360\">Kaksoiskaraisen rakenteen ja lyhennetyn syklin ansiosta k\u00e4sittely on nopeampaa tarkkuudesta tinkim\u00e4tt\u00e4, joten j\u00e4rjestelm\u00e4 sopii erinomaisesti suuriin tuotantom\u00e4\u00e4riin.<\/p>\n<h3 data-section-id=\"19co6zs\" data-start=\"4362\" data-end=\"4387\"><span role=\"text\">Prosessin vakaus<\/span><\/h3>\n<p data-start=\"4388\" data-end=\"4552\">Integroidut automaatio- ja \u00e4lykk\u00e4\u00e4t ohjausj\u00e4rjestelm\u00e4t varmistavat tasaisen suorituskyvyn pitkien tuotantosyklien aikana, v\u00e4hent\u00e4v\u00e4t vaihtelua ja parantavat toistettavuutta.<\/p>\n<h3 data-section-id=\"kl9wyi\" data-start=\"4554\" data-end=\"4577\"><span role=\"text\">Kustannustehokkuus<\/span><\/h3>\n<p data-start=\"4578\" data-end=\"4719\">Ominaisuudet, kuten terien muokkaus ja tehokas puhdistus, v\u00e4hent\u00e4v\u00e4t kulutustarvikkeiden k\u00e4ytt\u00f6\u00e4 ja huoltotiheytt\u00e4, mik\u00e4 alentaa yleisi\u00e4 k\u00e4ytt\u00f6kustannuksia.<\/p>\n<h2 data-section-id=\"1a9ho2z\" data-start=\"4726\" data-end=\"4751\"><span role=\"text\">Miksi valita HP-1221<\/span><\/h2>\n<p data-start=\"4753\" data-end=\"4851\">HP-1221 on luotettava ja skaalautuva kiekon kuutiointiratkaisu valmistajille, jotka etsiv\u00e4t seuraavia ratkaisuja:<\/p>\n<ul data-start=\"4852\" data-end=\"5032\">\n<li data-section-id=\"1ti9b6v\" data-start=\"4852\" data-end=\"4891\">Korkea tarkkuus kiekkojen singulaatiossa<\/li>\n<li data-section-id=\"1dl33s4\" data-start=\"4892\" data-end=\"4937\">Automatisoidut, operaattorista riippumattomat prosessit<\/li>\n<li data-section-id=\"yvb4oy\" data-start=\"4938\" data-end=\"4979\">Yhteensopivuus kehittyneiden materiaalien kanssa<\/li>\n<li data-section-id=\"w5xhf\" data-start=\"4980\" data-end=\"5032\">Pitk\u00e4n aikav\u00e4lin kustannustehokkuus ja vakaa suorituskyky<\/li>\n<\/ul>\n<p data-start=\"5034\" data-end=\"5181\">Edistyksellisen tekniikan, automaation ja k\u00e4ytt\u00e4j\u00e4l\u00e4ht\u00f6isen suunnittelun yhdistelm\u00e4 tekee siit\u00e4 arvokkaan lis\u00e4n mihin tahansa puolijohteiden valmistuslinjaan.<\/p>\n<h2 data-section-id=\"1nqqsko\" data-start=\"72\" data-end=\"111\"><span role=\"text\"><strong data-start=\"75\" data-end=\"111\">FAQ<\/strong><\/span><\/h2>\n<h3 data-section-id=\"qm5bkh\" data-start=\"113\" data-end=\"171\"><span role=\"text\"><strong data-start=\"117\" data-end=\"169\">1. Mink\u00e4 tyyppisi\u00e4 kiekkoja HP-1221 voi k\u00e4sitell\u00e4?<\/strong><\/span><\/h3>\n<p data-start=\"172\" data-end=\"419\">HP-1221 on suunniteltu k\u00e4sittelem\u00e4\u00e4n monenlaisia puolijohteiden ja kehittyneen elektroniikan valmistuksessa k\u00e4ytett\u00e4vi\u00e4 kiekkomateriaaleja. N\u00e4ihin kuuluvat pii (Si), piikarbidi (SiC), galliumnitridi (GaN) ja muut puolijohdeyhdisteiden materiaalit.<\/p>\n<p data-start=\"421\" data-end=\"640\">Suuren karan nopeuden (jopa 60 000 kierrosta minuutissa) ja vakaan leikkuutehon ansiosta j\u00e4rjestelm\u00e4 pystyy k\u00e4sittelem\u00e4\u00e4n sek\u00e4 tavallisia ett\u00e4 kovia ja hauraita materiaaleja s\u00e4ilytt\u00e4en samalla erinomaisen reunan laadun ja minimaalisen lastuamisen.<\/p>\n<h3 data-section-id=\"ojbbsf\" data-start=\"647\" data-end=\"723\"><span role=\"text\"><strong data-start=\"651\" data-end=\"721\">2. Miten kaksoiskaraj\u00e4rjestelm\u00e4 parantaa tuotannon tehokkuutta?<\/strong><\/span><\/h3>\n<p data-start=\"724\" data-end=\"950\">Vastakkainen kaksoiskararakenne v\u00e4hent\u00e4\u00e4 merkitt\u00e4v\u00e4sti tuottamatonta liikett\u00e4 k\u00e4yt\u00f6n aikana. Minimoimalla leikkuuakselien v\u00e4lisen et\u00e4isyyden j\u00e4rjestelm\u00e4 voi suorittaa nopeampia siirtymi\u00e4 ja jatkuvia leikkaustoimintoja.<\/p>\n<p data-start=\"952\" data-end=\"968\">T\u00e4m\u00e4 johtaa:<\/p>\n<ul data-start=\"969\" data-end=\"1049\">\n<li data-section-id=\"37o5kr\" data-start=\"969\" data-end=\"992\">Lyhyemm\u00e4t sykliajat<\/li>\n<li data-section-id=\"r0gau3\" data-start=\"993\" data-end=\"1014\">Suurempi l\u00e4pimeno<\/li>\n<li data-section-id=\"38pfee\" data-start=\"1015\" data-end=\"1049\">Laitteiden k\u00e4yt\u00f6n parantaminen<\/li>\n<\/ul>\n<p data-start=\"1051\" data-end=\"1174\">Yksikaraiseen j\u00e4rjestelm\u00e4\u00e4n verrattuna HP-1221 tarjoaa tehokkaamman ratkaisun suuren volyymin kiekkojen kuutiointisovelluksiin.<\/p>\n<h3 data-section-id=\"1t8g62q\" data-start=\"1181\" data-end=\"1251\"><span role=\"text\"><strong data-start=\"1185\" data-end=\"1249\">3. Miten kone varmistaa leikkaustarkkuuden ja laadun?<\/strong><\/span><\/h3>\n<p data-start=\"1252\" data-end=\"1343\">HP-1221:ss\u00e4 on useita ominaisuuksia, jotka takaavat tarkkuuden ja johdonmukaisuuden:<\/p>\n<ul data-start=\"1344\" data-end=\"1622\">\n<li data-section-id=\"1tq730p\" data-start=\"1344\" data-end=\"1418\">Kaksoismikroskooppij\u00e4rjestelm\u00e4 tarkkaa kohdistusta ja reaaliaikaista tarkastusta varten<\/li>\n<li data-section-id=\"ks50qq\" data-start=\"1419\" data-end=\"1475\">Nopea, v\u00e4h\u00e4n t\u00e4rin\u00e4\u00e4 aiheuttava kara vakaata leikkausta varten<\/li>\n<li data-section-id=\"f0nbeh\" data-start=\"1476\" data-end=\"1539\">Sub-C\/T-ter\u00e4n muokkaustoiminto ter\u00e4n ter\u00e4vyyden yll\u00e4pit\u00e4miseksi<\/li>\n<li data-section-id=\"1yz5992\" data-start=\"1540\" data-end=\"1622\">Valinnainen kaksinesteinen puhdistusj\u00e4rjestelm\u00e4 poistaa roskat ja est\u00e4\u00e4 saastumisen.<\/li>\n<\/ul>\n<p data-start=\"1624\" data-end=\"1797\">N\u00e4m\u00e4 yhdistetyt teknologiat auttavat varmistamaan tiukat toleranssit, puhtaat leikkauslinjat ja korkean toistettavuuden, jotka ovat v\u00e4ltt\u00e4m\u00e4tt\u00f6mi\u00e4 tuottojen yll\u00e4pit\u00e4miseksi puolijohteiden valmistuksessa.<\/p>","protected":false},"excerpt":{"rendered":"<p>T\u00e4ysautomaattinen HP-1221-kiekkojen kuutiointikone on eritt\u00e4in tehokas ja tarkkaan suunniteltu ratkaisu, joka on suunniteltu puolijohdekiekkojen singulaatioprosesseihin. J\u00e4rjestelm\u00e4 tukee jopa 300 mm:n (12 tuuman) kiekkoja, ja siin\u00e4 yhdistyv\u00e4t kehittynyt automaatio, kaksikarainen leikkaustekniikka ja \u00e4lykk\u00e4\u00e4t kohdistusj\u00e4rjestelm\u00e4t, jotka takaavat erinomaisen leikkaustarkkuuden, l\u00e4pimenon ja johdonmukaisuuden.<\/p>","protected":false},"featured_media":2144,"comment_status":"open","ping_status":"closed","template":"","meta":{"site-sidebar-layout":"default","site-content-layout":"","ast-site-content-layout":"default","site-content-style":"default","site-sidebar-style":"default","ast-global-header-display":"","ast-banner-title-visibility":"","ast-main-header-display":"","ast-hfb-above-header-display":"","ast-hfb-below-header-display":"","ast-hfb-mobile-header-display":"","site-post-title":"","ast-breadcrumbs-content":"","ast-featured-img":"","footer-sml-layout":"","ast-disable-related-posts":"","theme-transparent-header-meta":"default","adv-header-id-meta":"","stick-header-meta":"default","header-above-stick-meta":"","header-main-stick-meta":"","header-below-stick-meta":"","astra-migrate-meta-layouts":"set","ast-page-background-enabled":"default","ast-page-background-meta":{"desktop":{"background-color":"var(--ast-global-color-4)","background-image":"","background-repeat":"repeat","background-position":"center center","background-size":"auto","background-attachment":"scroll","background-type":"","background-media":"","overlay-type":"","overlay-color":"","overlay-opacity":"","overlay-gradient":""},"tablet":{"background-color":"","background-image":"","background-repeat":"repeat","background-position":"center center","background-size":"auto","background-attachment":"scroll","background-type":"","background-media":"","overlay-type":"","overlay-color":"","overlay-opacity":"","overlay-gradient":""},"mobile":{"background-color":"","background-image":"","background-repeat":"repeat","background-position":"center center","background-size":"auto","background-attachment":"scroll","background-type":"","background-media":"","overlay-type":"","overlay-color":"","overlay-opacity":"","overlay-gradient":""}},"ast-content-background-meta":{"desktop":{"background-color":"var(--ast-global-color-5)","background-image":"","background-repeat":"repeat","background-position":"center center","background-size":"auto","background-attachment":"scroll","background-type":"","background-media":"","overlay-type":"","overlay-color":"","overlay-opacity":"","overlay-gradient":""},"tablet":{"background-color":"var(--ast-global-color-5)","background-image":"","background-repeat":"repeat","background-position":"center center","background-size":"auto","background-attachment":"scroll","background-type":"","background-media":"","overlay-type":"","overlay-color":"","overlay-opacity":"","overlay-gradient":""},"mobile":{"background-color":"var(--ast-global-color-5)","background-image":"","background-repeat":"repeat","background-position":"center center","background-size":"auto","background-attachment":"scroll","background-type":"","background-media":"","overlay-type":"","overlay-color":"","overlay-opacity":"","overlay-gradient":""}}},"product_brand":[],"product_cat":[878],"product_tag":[541,888,882,880,440,883,887,885,447,881,739,683,884,879,886],"class_list":{"0":"post-2143","1":"product","2":"type-product","3":"status-publish","4":"has-post-thumbnail","6":"product_cat-dicing-equipment","7":"product_tag-12-inch-wafer-cutting","8":"product_tag-blade-dicing-machine","9":"product_tag-dual-spindle-dicing-saw","10":"product_tag-fully-automatic-dicing-machine","11":"product_tag-gan-wafer-cutting","12":"product_tag-high-precision-wafer-dicing","13":"product_tag-ic-wafer-singulation","14":"product_tag-led-wafer-cutting","15":"product_tag-mems-wafer-dicing","16":"product_tag-semiconductor-dicing-equipment","17":"product_tag-semiconductor-manufacturing-equipment","18":"product_tag-sic-wafer-dicing","19":"product_tag-silicon-wafer-cutting","20":"product_tag-wafer-dicing-machine","21":"product_tag-wafer-level-packaging-dicing","22":"desktop-align-left","23":"tablet-align-left","24":"mobile-align-left","25":"ast-product-gallery-layout-horizontal-slider","26":"ast-product-tabs-layout-horizontal","28":"first","29":"instock","30":"shipping-taxable","31":"product-type-simple"},"_links":{"self":[{"href":"https:\/\/www.zmsh-semitech.com\/fi\/wp-json\/wp\/v2\/product\/2143","targetHints":{"allow":["GET"]}}],"collection":[{"href":"https:\/\/www.zmsh-semitech.com\/fi\/wp-json\/wp\/v2\/product"}],"about":[{"href":"https:\/\/www.zmsh-semitech.com\/fi\/wp-json\/wp\/v2\/types\/product"}],"replies":[{"embeddable":true,"href":"https:\/\/www.zmsh-semitech.com\/fi\/wp-json\/wp\/v2\/comments?post=2143"}],"version-history":[{"count":2,"href":"https:\/\/www.zmsh-semitech.com\/fi\/wp-json\/wp\/v2\/product\/2143\/revisions"}],"predecessor-version":[{"id":2148,"href":"https:\/\/www.zmsh-semitech.com\/fi\/wp-json\/wp\/v2\/product\/2143\/revisions\/2148"}],"wp:featuredmedia":[{"embeddable":true,"href":"https:\/\/www.zmsh-semitech.com\/fi\/wp-json\/wp\/v2\/media\/2144"}],"wp:attachment":[{"href":"https:\/\/www.zmsh-semitech.com\/fi\/wp-json\/wp\/v2\/media?parent=2143"}],"wp:term":[{"taxonomy":"product_brand","embeddable":true,"href":"https:\/\/www.zmsh-semitech.com\/fi\/wp-json\/wp\/v2\/product_brand?post=2143"},{"taxonomy":"product_cat","embeddable":true,"href":"https:\/\/www.zmsh-semitech.com\/fi\/wp-json\/wp\/v2\/product_cat?post=2143"},{"taxonomy":"product_tag","embeddable":true,"href":"https:\/\/www.zmsh-semitech.com\/fi\/wp-json\/wp\/v2\/product_tag?post=2143"}],"curies":[{"name":"wp","href":"https:\/\/api.w.org\/{rel}","templated":true}]}}