{"id":2061,"date":"2026-04-01T06:26:05","date_gmt":"2026-04-01T06:26:05","guid":{"rendered":"https:\/\/www.zmsh-semitech.com\/?post_type=product&#038;p=2061"},"modified":"2026-04-01T06:26:06","modified_gmt":"2026-04-01T06:26:06","slug":"high-precision-diamond-wire-single-line-cutting-machine-for-sic-sapphire-quartz-advanced-ceramics","status":"publish","type":"product","link":"https:\/\/www.zmsh-semitech.com\/fi\/product\/high-precision-diamond-wire-single-line-cutting-machine-for-sic-sapphire-quartz-advanced-ceramics\/","title":{"rendered":"Korkean tarkkuuden timanttilanka yhden linjan leikkauskone SiC, safiiri, kvartsi ja kehittynyt keramiikka varten"},"content":{"rendered":"<p data-start=\"257\" data-end=\"534\"><img decoding=\"async\" class=\"size-medium wp-image-2065 alignright\" src=\"https:\/\/www.zmsh-semitech.com\/wp-content\/uploads\/2026\/04\/Diamond-Wire-Single-Line-Cutting-Machine99-300x145.png\" alt=\"\" width=\"300\" height=\"145\" srcset=\"https:\/\/www.zmsh-semitech.com\/wp-content\/uploads\/2026\/04\/Diamond-Wire-Single-Line-Cutting-Machine99-300x145.png 300w, https:\/\/www.zmsh-semitech.com\/wp-content\/uploads\/2026\/04\/Diamond-Wire-Single-Line-Cutting-Machine99-18x9.png 18w, https:\/\/www.zmsh-semitech.com\/wp-content\/uploads\/2026\/04\/Diamond-Wire-Single-Line-Cutting-Machine99-600x290.png 600w, https:\/\/www.zmsh-semitech.com\/wp-content\/uploads\/2026\/04\/Diamond-Wire-Single-Line-Cutting-Machine99.png 680w\" sizes=\"(max-width: 300px) 100vw, 300px\" \/>Timanttilangan yksirivinen leikkauskone on suorituskykyinen ratkaisu, joka on suunniteltu kovien ja hauraiden materiaalien tarkkuusleikkaukseen. J\u00e4rjestelm\u00e4 k\u00e4ytt\u00e4\u00e4 nopeaa timanttip\u00e4\u00e4llysteist\u00e4 lankaa, joka mahdollistaa tehokkaan ja h\u00e4vi\u00f6tt\u00f6m\u00e4n leikkaamisen hallitun edestakaisen liikkeen avulla.<\/p>\n<p data-start=\"536\" data-end=\"769\">Sit\u00e4 k\u00e4ytet\u00e4\u00e4n laajalti materiaalien, kuten piikarbidin (SiC), safiirin, kvartsin, lasin, keramiikan ja puolijohdekiteiden, k\u00e4sittelyyn, ja se tukee sovelluksia, kuten rajausta, katkaisua, viipalointia ja tarkkuusleikkausta.<\/p>\n<p data-start=\"771\" data-end=\"1031\">Verrattuna perinteiseen hiomaleikkaukseen ja laserty\u00f6st\u00f6\u00f6n t\u00e4m\u00e4 kone tarjoaa suuremman tehokkuuden, pienemm\u00e4n viiltoh\u00e4vi\u00f6n ja paremman pinnanlaadun, mik\u00e4 tekee siit\u00e4 ihanteellisen valinnan puolijohde-, aurinkos\u00e4hk\u00f6-, optiselle ja kehittyneelle materiaaliteollisuudelle.<\/p>\n<h1 data-section-id=\"jotpqu\" data-start=\"1038\" data-end=\"1058\"><span role=\"text\">T\u00e4rkeimm\u00e4t ominaisuudet<\/span><\/h1>\n<h3 data-section-id=\"1rtdqca\" data-start=\"1060\" data-end=\"1108\"><span role=\"text\">1. Korkea hy\u00f6tysuhde ja alhainen materiaalih\u00e4vi\u00f6<\/span><\/h3>\n<ul data-start=\"1109\" data-end=\"1328\">\n<li data-section-id=\"11sgmis\" data-start=\"1109\" data-end=\"1185\">Jopa 1500 m\/min langan nopeus eritt\u00e4in kovien materiaalien nopeaan leikkaamiseen.<\/li>\n<li data-section-id=\"1minw5g\" data-start=\"1186\" data-end=\"1258\">Viipaleen paksuus vain 0,2 mm, mik\u00e4 parantaa materiaalin k\u00e4ytt\u00f6\u00e4.<\/li>\n<li data-section-id=\"5t3gyn\" data-start=\"1259\" data-end=\"1328\">Jopa 50% korkeampi hy\u00f6tysuhde kuin perinteinen hiomaleikkaus.<\/li>\n<\/ul>\n<h3 data-section-id=\"1oi3iek\" data-start=\"1330\" data-end=\"1377\"><span role=\"text\">2. Korkean tarkkuuden leikkaussuorituskyky<\/span><\/h3>\n<ul data-start=\"1378\" data-end=\"1543\">\n<li data-section-id=\"1avlefc\" data-start=\"1378\" data-end=\"1422\">Leikkaustarkkuus: &lt;3 \u03bcm (6 tuuman SiC)<\/li>\n<li data-section-id=\"1uy8t7k\" data-start=\"1423\" data-end=\"1489\">Vakaa kireyden s\u00e4\u00e4t\u00f6 (\u00b10,5 N) takaa tasaiset tulokset.<\/li>\n<li data-section-id=\"1psvo4e\" data-start=\"1490\" data-end=\"1543\">V\u00e4hent\u00e4\u00e4 reunojen lohkeilua ja parantaa pintak\u00e4sittely\u00e4<\/li>\n<\/ul>\n<h3 data-section-id=\"19526je\" data-start=\"1545\" data-end=\"1590\"><span role=\"text\">3. \u00c4lyk\u00e4s ja joustava toiminta<\/span><\/h3>\n<ul data-start=\"1591\" data-end=\"1733\">\n<li data-section-id=\"1s7ha7z\" data-start=\"1591\" data-end=\"1630\">K\u00e4ytt\u00e4j\u00e4yst\u00e4v\u00e4llinen kosketusn\u00e4yt\u00f6n k\u00e4ytt\u00f6liittym\u00e4<\/li>\n<li data-section-id=\"1490g7t\" data-start=\"1631\" data-end=\"1696\">Useita leikkaustiloja: suora, kaareva, monikappaleleikkaus<\/li>\n<li data-section-id=\"15z2aqc\" data-start=\"1697\" data-end=\"1733\">Nopea parametrien asetus ja tallennus<\/li>\n<\/ul>\n<h3 data-section-id=\"x18z0o\" data-start=\"1735\" data-end=\"1775\"><span role=\"text\">4. Modulaarinen ja laajennettava rakenne<\/span><\/h3>\n<ul data-start=\"1776\" data-end=\"1948\">\n<li data-section-id=\"1inpij0\" data-start=\"1776\" data-end=\"1840\">Lis\u00e4varusteena py\u00f6riv\u00e4 ty\u00f6p\u00f6yt\u00e4 kulma- ja ympyr\u00e4leikkausta varten<\/li>\n<li data-section-id=\"1vitl51\" data-start=\"1841\" data-end=\"1889\">Korkeaj\u00e4nnitysj\u00e4rjestelm\u00e4 eritt\u00e4in koville materiaaleille<\/li>\n<li data-section-id=\"lgqrrm\" data-start=\"1890\" data-end=\"1948\">Tukee automaattista kohdistusta ja tarkkaa paikannusta<\/li>\n<\/ul>\n<h3 data-section-id=\"ttlvza\" data-start=\"1950\" data-end=\"1991\"><span role=\"text\">5. Kest\u00e4v\u00e4 teollinen rakenne<\/span><\/h3>\n<ul data-start=\"1992\" data-end=\"2151\">\n<li data-section-id=\"5e6js5\" data-start=\"1992\" data-end=\"2044\">Raskas koneen runko t\u00e4rin\u00e4nkest\u00e4vyytt\u00e4 varten<\/li>\n<li data-section-id=\"wugviy\" data-start=\"2045\" data-end=\"2104\">Keraamisella\/volframikarbidilla p\u00e4\u00e4llystetyt keskeiset osat<\/li>\n<li data-section-id=\"1h2l4tx\" data-start=\"2105\" data-end=\"2151\">Pitk\u00e4 k\u00e4ytt\u00f6ik\u00e4 yli 5000 tuntia<\/li>\n<\/ul>\n<h1 data-section-id=\"wo6xkr\" data-start=\"2158\" data-end=\"2190\"><span role=\"text\">Tekniset tiedot<\/span><\/h1>\n<div class=\"TyagGW_tableContainer\">\n<div class=\"group TyagGW_tableWrapper flex flex-col-reverse w-fit\" tabindex=\"-1\">\n<table class=\"w-fit min-w-(--thread-content-width)\" data-start=\"2192\" data-end=\"2657\">\n<thead data-start=\"2192\" data-end=\"2212\">\n<tr data-start=\"2192\" data-end=\"2212\">\n<th class=\"\" data-start=\"2192\" data-end=\"2199\" data-col-size=\"sm\">Kohde<\/th>\n<th class=\"\" data-start=\"2199\" data-end=\"2212\" data-col-size=\"sm\">Parametri<\/th>\n<\/tr>\n<\/thead>\n<tbody data-start=\"2233\" data-end=\"2657\">\n<tr data-start=\"2233\" data-end=\"2269\">\n<td data-start=\"2233\" data-end=\"2253\" data-col-size=\"sm\">Ty\u00f6n enimm\u00e4iskoko<\/td>\n<td data-start=\"2253\" data-end=\"2269\" data-col-size=\"sm\">600 \u00d7 500 mm<\/td>\n<\/tr>\n<tr data-start=\"2270\" data-end=\"2314\">\n<td data-start=\"2270\" data-end=\"2294\" data-col-size=\"sm\">Timanttilangan halkaisija<\/td>\n<td data-start=\"2294\" data-end=\"2314\" data-col-size=\"sm\">\u03c60.12 - \u03c60.45 mm<\/td>\n<\/tr>\n<tr data-start=\"2315\" data-end=\"2345\">\n<td data-start=\"2315\" data-end=\"2331\" data-col-size=\"sm\">Juoksunopeus<\/td>\n<td data-start=\"2331\" data-end=\"2345\" data-col-size=\"sm\">1500 m\/min<\/td>\n<\/tr>\n<tr data-start=\"2346\" data-end=\"2387\">\n<td data-start=\"2346\" data-end=\"2365\" data-col-size=\"sm\">Leikkaustarkkuus<\/td>\n<td data-start=\"2365\" data-end=\"2387\" data-col-size=\"sm\">&lt;3 \u03bcm (6 tuuman SiC)<\/td>\n<\/tr>\n<tr data-start=\"2388\" data-end=\"2416\">\n<td data-start=\"2388\" data-end=\"2402\" data-col-size=\"sm\">Heilautuskulma<\/td>\n<td data-start=\"2402\" data-end=\"2416\" data-col-size=\"sm\">0 ~ \u00b112.5\u00b0<\/td>\n<\/tr>\n<tr data-start=\"2417\" data-end=\"2441\">\n<td data-start=\"2417\" data-end=\"2431\" data-col-size=\"sm\">Nostoisku<\/td>\n<td data-start=\"2431\" data-end=\"2441\" data-col-size=\"sm\">650 mm<\/td>\n<\/tr>\n<tr data-start=\"2442\" data-end=\"2474\">\n<td data-start=\"2442\" data-end=\"2455\" data-col-size=\"sm\">Noston nopeus<\/td>\n<td data-start=\"2455\" data-end=\"2474\" data-col-size=\"sm\">0 ~ 9,99 mm\/min<\/td>\n<\/tr>\n<tr data-start=\"2475\" data-end=\"2505\">\n<td data-start=\"2475\" data-end=\"2491\" data-col-size=\"sm\">J\u00e4nnitysalue<\/td>\n<td data-start=\"2491\" data-end=\"2505\" data-col-size=\"sm\">15 - 130 N<\/td>\n<\/tr>\n<tr data-start=\"2506\" data-end=\"2535\">\n<td data-start=\"2506\" data-end=\"2525\" data-col-size=\"sm\">J\u00e4nnityksen tarkkuus<\/td>\n<td data-start=\"2525\" data-end=\"2535\" data-col-size=\"sm\">\u00b10.5 N<\/td>\n<\/tr>\n<tr data-start=\"2536\" data-end=\"2567\">\n<td data-start=\"2536\" data-end=\"2556\" data-col-size=\"sm\">Virrankulutus<\/td>\n<td data-start=\"2556\" data-end=\"2567\" data-col-size=\"sm\">44,4 kW<\/td>\n<\/tr>\n<tr data-start=\"2568\" data-end=\"2608\">\n<td data-start=\"2568\" data-end=\"2583\" data-col-size=\"sm\">Koneen koko<\/td>\n<td data-start=\"2583\" data-end=\"2608\" data-col-size=\"sm\">2680 \u00d7 1500 \u00d7 2150 mm<\/td>\n<\/tr>\n<tr data-start=\"2609\" data-end=\"2629\">\n<td data-start=\"2609\" data-end=\"2618\" data-col-size=\"sm\">Paino<\/td>\n<td data-start=\"2618\" data-end=\"2629\" data-col-size=\"sm\">3600 kg<\/td>\n<\/tr>\n<tr data-start=\"2630\" data-end=\"2657\">\n<td data-start=\"2630\" data-end=\"2644\" data-col-size=\"sm\">Melutaso<\/td>\n<td data-start=\"2644\" data-end=\"2657\" data-col-size=\"sm\">\u226475 dB(A)<\/td>\n<\/tr>\n<\/tbody>\n<\/table>\n<\/div>\n<\/div>\n<h1 data-section-id=\"1mql435\" data-start=\"2664\" data-end=\"2689\"><span role=\"text\">Toimintaperiaate<\/span><\/h1>\n<p data-start=\"2691\" data-end=\"2879\">Kone toimii timanttip\u00e4\u00e4llysteisen langan avulla, joka liikkuu suurella nopeudella ty\u00f6kappaleen poikki. Leikkausprosessi saadaan aikaan timanttihiukkasten jatkuvalla hionnalla.<\/p>\n<p data-start=\"2881\" data-end=\"3078\">Servo-ohjattu sy\u00f6tt\u00f6j\u00e4rjestelm\u00e4 varmistaa materiaalin tarkan asemoinnin, kun taas j\u00e4\u00e4hdytysnestej\u00e4rjestelm\u00e4 v\u00e4hent\u00e4\u00e4 l\u00e4mp\u00f6\u00e4 ja poistaa roskat, minimoi reunavauriot ja parantaa pinnanlaatua.<\/p>\n<p data-start=\"2881\" data-end=\"3078\"><img fetchpriority=\"high\" decoding=\"async\" class=\"wp-image-2066 size-full aligncenter\" src=\"https:\/\/www.zmsh-semitech.com\/wp-content\/uploads\/2026\/04\/Diamond-Wire-Single-Line-Cutting-Machine100.png\" alt=\"\" width=\"680\" height=\"121\" srcset=\"https:\/\/www.zmsh-semitech.com\/wp-content\/uploads\/2026\/04\/Diamond-Wire-Single-Line-Cutting-Machine100.png 680w, https:\/\/www.zmsh-semitech.com\/wp-content\/uploads\/2026\/04\/Diamond-Wire-Single-Line-Cutting-Machine100-300x53.png 300w, https:\/\/www.zmsh-semitech.com\/wp-content\/uploads\/2026\/04\/Diamond-Wire-Single-Line-Cutting-Machine100-18x3.png 18w, https:\/\/www.zmsh-semitech.com\/wp-content\/uploads\/2026\/04\/Diamond-Wire-Single-Line-Cutting-Machine100-600x107.png 600w\" sizes=\"(max-width: 680px) 100vw, 680px\" \/><\/p>\n<h1 data-section-id=\"fgk3yn\" data-start=\"3085\" data-end=\"3105\"><span role=\"text\">Sovellukset<\/span><\/h1>\n<h3 data-section-id=\"17q599k\" data-start=\"3107\" data-end=\"3142\"><span role=\"text\">1. Puolijohdeteollisuus<\/span><\/h3>\n<ul data-start=\"3143\" data-end=\"3242\">\n<li data-section-id=\"1nf22eo\" data-start=\"3143\" data-end=\"3182\">SiC-harkkojen viipalointi teholaitteita varten<\/li>\n<li data-section-id=\"13igyh1\" data-start=\"3183\" data-end=\"3242\">Safiirikiekkojen leikkaus LED- ja optisiin sovelluksiin<\/li>\n<\/ul>\n<h3 data-section-id=\"1vi8s5i\" data-start=\"3244\" data-end=\"3278\"><span role=\"text\">2. Aurinkos\u00e4hk\u00f6teollisuus<\/span><\/h3>\n<ul data-start=\"3279\" data-end=\"3366\">\n<li data-section-id=\"140am8z\" data-start=\"3279\" data-end=\"3320\">Piitankojen leikkaus ja kiekkojen viipalointi<\/li>\n<li data-section-id=\"xnpw0v\" data-start=\"3321\" data-end=\"3366\">Korkean hy\u00f6tysuhteen aurinkomateriaalien k\u00e4sittely<\/li>\n<\/ul>\n<h3 data-section-id=\"fxclnn\" data-start=\"3368\" data-end=\"3407\"><span role=\"text\">3. Precision Optics &amp; Korut<\/span><\/h3>\n<ul data-start=\"3408\" data-end=\"3491\">\n<li data-section-id=\"10uj51p\" data-start=\"3408\" data-end=\"3432\">Kvartsilasin leikkaus<\/li>\n<li data-section-id=\"1gvn0wq\" data-start=\"3433\" data-end=\"3491\">Jaden ja jalokivien k\u00e4sittely korkealla pinnanlaadulla<\/li>\n<\/ul>\n<h3 data-section-id=\"1qah645\" data-start=\"3493\" data-end=\"3529\"><span role=\"text\">4. Kehittynyt keramiikka ja T&amp;K<\/span><\/h3>\n<ul data-start=\"3530\" data-end=\"3619\">\n<li data-section-id=\"1bpgmbu\" data-start=\"3530\" data-end=\"3573\">Alumiininitridi (AlN), zirkoniumoksidi (ZrO\u2082).<\/li>\n<li data-section-id=\"1xdca8d\" data-start=\"3574\" data-end=\"3619\">Ilmailu- ja avaruustekniikka sek\u00e4 korkean l\u00e4mp\u00f6tilan komponentit<\/li>\n<\/ul>\n<h1 data-section-id=\"e8bo0\" data-start=\"3626\" data-end=\"3637\"><span role=\"text\"><img decoding=\"async\" class=\"size-medium wp-image-2063 alignright\" src=\"https:\/\/www.zmsh-semitech.com\/wp-content\/uploads\/2026\/04\/diamond_wire_single_line_cutting_machine_for_sic_sapphire_quartz_ceramic_material6-300x300.webp\" alt=\"\" width=\"300\" height=\"300\" srcset=\"https:\/\/www.zmsh-semitech.com\/wp-content\/uploads\/2026\/04\/diamond_wire_single_line_cutting_machine_for_sic_sapphire_quartz_ceramic_material6-300x300.webp 300w, https:\/\/www.zmsh-semitech.com\/wp-content\/uploads\/2026\/04\/diamond_wire_single_line_cutting_machine_for_sic_sapphire_quartz_ceramic_material6-150x150.webp 150w, https:\/\/www.zmsh-semitech.com\/wp-content\/uploads\/2026\/04\/diamond_wire_single_line_cutting_machine_for_sic_sapphire_quartz_ceramic_material6-12x12.webp 12w, https:\/\/www.zmsh-semitech.com\/wp-content\/uploads\/2026\/04\/diamond_wire_single_line_cutting_machine_for_sic_sapphire_quartz_ceramic_material6-600x600.webp 600w, https:\/\/www.zmsh-semitech.com\/wp-content\/uploads\/2026\/04\/diamond_wire_single_line_cutting_machine_for_sic_sapphire_quartz_ceramic_material6-100x100.webp 100w, https:\/\/www.zmsh-semitech.com\/wp-content\/uploads\/2026\/04\/diamond_wire_single_line_cutting_machine_for_sic_sapphire_quartz_ceramic_material6.webp 750w\" sizes=\"(max-width: 300px) 100vw, 300px\" \/>FAQ<\/span><\/h1>\n<p data-start=\"3639\" data-end=\"3870\">1. Mit\u00e4 materiaaleja t\u00e4m\u00e4 kone voi k\u00e4sitell\u00e4?<br data-start=\"3686\" data-end=\"3689\" \/>T\u00e4m\u00e4 kone on suunniteltu koville ja hauraille materiaaleille, kuten SiC, safiiri, kvartsi, keramiikka, lasi ja puolijohdekiteet, ja se takaa korkean tarkkuuden ja minimaaliset vauriot.<\/p>\n<p data-start=\"3872\" data-end=\"4144\">2. Mitk\u00e4 ovat timanttilankaleikkauksen edut perinteisiin menetelmiin verrattuna?<br data-start=\"3952\" data-end=\"3955\" \/>Timanttilankaleikkaus tarjoaa suuremman tehokkuuden, pienemm\u00e4n materiaalih\u00e4vikin ja paremman pinnanlaadun sek\u00e4 v\u00e4hent\u00e4\u00e4 merkitt\u00e4v\u00e4sti reunan lohkeilua verrattuna perinteiseen hiomaleikkaukseen.<\/p>\n<p data-start=\"4146\" data-end=\"4405\">3. Soveltuuko kone laajamittaiseen teolliseen tuotantoon?<br data-start=\"4215\" data-end=\"4218\" \/>Kyll\u00e4. Suuren vakauden, automaatiokyvyn ja pitk\u00e4n k\u00e4ytt\u00f6i\u00e4n ansiosta se soveltuu hyvin jatkuvaan teolliseen tuotantoon puolijohteiden ja kehittyneiden materiaalien k\u00e4sittelyss\u00e4.<\/p>","protected":false},"excerpt":{"rendered":"<p>Timanttilangan yksirivinen leikkauskone on suorituskykyinen ratkaisu, joka on suunniteltu kovien ja hauraiden materiaalien tarkkuusleikkaukseen. J\u00e4rjestelm\u00e4 k\u00e4ytt\u00e4\u00e4 nopeaa timanttip\u00e4\u00e4llysteist\u00e4 lankaa, joka mahdollistaa tehokkaan ja h\u00e4vi\u00f6tt\u00f6m\u00e4n leikkaamisen hallitun edestakaisen liikkeen avulla.<\/p>","protected":false},"featured_media":2062,"comment_status":"open","ping_status":"closed","template":"","meta":{"site-sidebar-layout":"default","site-content-layout":"","ast-site-content-layout":"default","site-content-style":"default","site-sidebar-style":"default","ast-global-header-display":"","ast-banner-title-visibility":"","ast-main-header-display":"","ast-hfb-above-header-display":"","ast-hfb-below-header-display":"","ast-hfb-mobile-header-display":"","site-post-title":"","ast-breadcrumbs-content":"","ast-featured-img":"","footer-sml-layout":"","ast-disable-related-posts":"","theme-transparent-header-meta":"default","adv-header-id-meta":"","stick-header-meta":"default","header-above-stick-meta":"","header-main-stick-meta":"","header-below-stick-meta":"","astra-migrate-meta-layouts":"set","ast-page-background-enabled":"default","ast-page-background-meta":{"desktop":{"background-color":"var(--ast-global-color-4)","background-image":"","background-repeat":"repeat","background-position":"center center","background-size":"auto","background-attachment":"scroll","background-type":"","background-media":"","overlay-type":"","overlay-color":"","overlay-opacity":"","overlay-gradient":""},"tablet":{"background-color":"","background-image":"","background-repeat":"repeat","background-position":"center center","background-size":"auto","background-attachment":"scroll","background-type":"","background-media":"","overlay-type":"","overlay-color":"","overlay-opacity":"","overlay-gradient":""},"mobile":{"background-color":"","background-image":"","background-repeat":"repeat","background-position":"center center","background-size":"auto","background-attachment":"scroll","background-type":"","background-media":"","overlay-type":"","overlay-color":"","overlay-opacity":"","overlay-gradient":""}},"ast-content-background-meta":{"desktop":{"background-color":"var(--ast-global-color-5)","background-image":"","background-repeat":"repeat","background-position":"center center","background-size":"auto","background-attachment":"scroll","background-type":"","background-media":"","overlay-type":"","overlay-color":"","overlay-opacity":"","overlay-gradient":""},"tablet":{"background-color":"var(--ast-global-color-5)","background-image":"","background-repeat":"repeat","background-position":"center center","background-size":"auto","background-attachment":"scroll","background-type":"","background-media":"","overlay-type":"","overlay-color":"","overlay-opacity":"","overlay-gradient":""},"mobile":{"background-color":"var(--ast-global-color-5)","background-image":"","background-repeat":"repeat","background-position":"center center","background-size":"auto","background-attachment":"scroll","background-type":"","background-media":"","overlay-type":"","overlay-color":"","overlay-opacity":"","overlay-gradient":""}}},"product_brand":[],"product_cat":[21],"product_tag":[701,446,695,415,698,702,703,444,700,443,697,441,422,420,699,696],"class_list":{"0":"post-2061","1":"product","2":"type-product","3":"status-publish","4":"has-post-thumbnail","6":"product_cat-laser-cutting","7":"product_tag-advanced-ceramics-machining","8":"product_tag-ceramic-cutting-machine","9":"product_tag-diamond-wire-cutting-machine","10":"product_tag-diamond-wire-saw","11":"product_tag-hard-brittle-material-processing","12":"product_tag-high-precision-cutting-machine","13":"product_tag-industrial-cutting-equipment","14":"product_tag-optical-material-cutting","15":"product_tag-photovoltaic-silicon-slicing","16":"product_tag-precision-cutting-equipment","17":"product_tag-quartz-cutting-equipment","18":"product_tag-sapphire-cutting-machine","19":"product_tag-semiconductor-wafer-slicing","20":"product_tag-sic-cutting","21":"product_tag-silicon-carbide-ingot-cutting","22":"product_tag-single-line-cutting-machine","23":"desktop-align-left","24":"tablet-align-left","25":"mobile-align-left","26":"ast-product-gallery-layout-horizontal-slider","27":"ast-product-tabs-layout-horizontal","29":"first","30":"instock","31":"shipping-taxable","32":"product-type-simple"},"_links":{"self":[{"href":"https:\/\/www.zmsh-semitech.com\/fi\/wp-json\/wp\/v2\/product\/2061","targetHints":{"allow":["GET"]}}],"collection":[{"href":"https:\/\/www.zmsh-semitech.com\/fi\/wp-json\/wp\/v2\/product"}],"about":[{"href":"https:\/\/www.zmsh-semitech.com\/fi\/wp-json\/wp\/v2\/types\/product"}],"replies":[{"embeddable":true,"href":"https:\/\/www.zmsh-semitech.com\/fi\/wp-json\/wp\/v2\/comments?post=2061"}],"version-history":[{"count":2,"href":"https:\/\/www.zmsh-semitech.com\/fi\/wp-json\/wp\/v2\/product\/2061\/revisions"}],"predecessor-version":[{"id":2068,"href":"https:\/\/www.zmsh-semitech.com\/fi\/wp-json\/wp\/v2\/product\/2061\/revisions\/2068"}],"wp:featuredmedia":[{"embeddable":true,"href":"https:\/\/www.zmsh-semitech.com\/fi\/wp-json\/wp\/v2\/media\/2062"}],"wp:attachment":[{"href":"https:\/\/www.zmsh-semitech.com\/fi\/wp-json\/wp\/v2\/media?parent=2061"}],"wp:term":[{"taxonomy":"product_brand","embeddable":true,"href":"https:\/\/www.zmsh-semitech.com\/fi\/wp-json\/wp\/v2\/product_brand?post=2061"},{"taxonomy":"product_cat","embeddable":true,"href":"https:\/\/www.zmsh-semitech.com\/fi\/wp-json\/wp\/v2\/product_cat?post=2061"},{"taxonomy":"product_tag","embeddable":true,"href":"https:\/\/www.zmsh-semitech.com\/fi\/wp-json\/wp\/v2\/product_tag?post=2061"}],"curies":[{"name":"wp","href":"https:\/\/api.w.org\/{rel}","templated":true}]}}