{"id":1981,"date":"2026-03-23T06:13:43","date_gmt":"2026-03-23T06:13:43","guid":{"rendered":"https:\/\/www.zmsh-semitech.com\/?post_type=product&#038;p=1981"},"modified":"2026-03-23T06:18:04","modified_gmt":"2026-03-23T06:18:04","slug":"sic-raw-material-synthesis-furnace","status":"publish","type":"product","link":"https:\/\/www.zmsh-semitech.com\/fi\/product\/sic-raw-material-synthesis-furnace\/","title":{"rendered":"50kg SiC-raaka-aineen synteesiuunin eritt\u00e4in puhdas piikarbidikristallien valmistus"},"content":{"rendered":"<p data-start=\"240\" data-end=\"569\"><img fetchpriority=\"high\" decoding=\"async\" class=\"size-medium wp-image-1989 alignleft\" src=\"https:\/\/www.zmsh-semitech.com\/wp-content\/uploads\/2026\/03\/Sic-raw-material-synthesis-furnace5-300x220.jpg\" alt=\"\" width=\"300\" height=\"220\" srcset=\"https:\/\/www.zmsh-semitech.com\/wp-content\/uploads\/2026\/03\/Sic-raw-material-synthesis-furnace5-300x220.jpg 300w, https:\/\/www.zmsh-semitech.com\/wp-content\/uploads\/2026\/03\/Sic-raw-material-synthesis-furnace5-16x12.jpg 16w, https:\/\/www.zmsh-semitech.com\/wp-content\/uploads\/2026\/03\/Sic-raw-material-synthesis-furnace5-600x439.jpg 600w, https:\/\/www.zmsh-semitech.com\/wp-content\/uploads\/2026\/03\/Sic-raw-material-synthesis-furnace5.jpg 680w\" sizes=\"(max-width: 300px) 100vw, 300px\" \/>50 kg:n SiC-raaka-ainesynteesiuuni on erikoistunut korkean l\u00e4mp\u00f6tilan uuni, joka on suunniteltu eritt\u00e4in puhtaiden piikarbidiraaka-aineiden (SiC) tuotantoon. Kriittisen\u00e4 puolijohde- ja keraamisena materiaalina SiC:t\u00e4 k\u00e4ytet\u00e4\u00e4n laajalti i<span style=\"font-size: 16px;\">n tehoelektroniikka, korkean l\u00e4mp\u00f6tilan laitteet, kulutusta kest\u00e4v\u00e4t materiaalit ja optiset komponentit.<\/span><\/p>\n<p data-start=\"571\" data-end=\"987\">T\u00e4ss\u00e4 uunissa pii (Si) ja hiili (C) muutetaan piikarbidiksi hallitun korkean l\u00e4mp\u00f6tilan kemiallisen reaktion avulla, mik\u00e4 tekee siit\u00e4 olennaisen osan piikarbidin tuotantoketjua. Sen rakenne takaa korkean puhtauden, vakaan toiminnan ja tasaisen suorituskyvyn, mink\u00e4 ansiosta valmistajat voivat t\u00e4ytt\u00e4\u00e4 kehittyneiden puolijohde- ja korkean suorituskyvyn keraamisovellusten tiukat vaatimukset.<\/p>\n<h2 data-section-id=\"52xoay\" data-start=\"994\" data-end=\"1017\"><span role=\"text\"><strong data-start=\"997\" data-end=\"1015\">T\u00e4rkeimm\u00e4t edut<\/strong><\/span><\/h2>\n<ul data-start=\"1018\" data-end=\"1891\">\n<li data-section-id=\"wafd1l\" data-start=\"1018\" data-end=\"1134\"><strong data-start=\"1020\" data-end=\"1050\">Korkean l\u00e4mp\u00f6tilan kapasiteetti:<\/strong> Uunin l\u00e4mp\u00f6tila on jopa 2400 \u00b0C, mik\u00e4 soveltuu tehokkaaseen SiC-synteesiin.<\/li>\n<li data-section-id=\"qvgm69\" data-start=\"1135\" data-end=\"1250\"><strong data-start=\"1137\" data-end=\"1160\">Eritt\u00e4in puhdas tuotos:<\/strong> Hy\u00f6dynt\u00e4\u00e4 eritt\u00e4in puhtaita raaka-aineita ja inertin ilmakeh\u00e4n hallintaa eritt\u00e4in puhtaan SiC:n tuottamiseksi.<\/li>\n<li data-section-id=\"11v9t45\" data-start=\"1251\" data-end=\"1360\"><strong data-start=\"1253\" data-end=\"1276\">Vakaa suorituskyky:<\/strong> Vankka rakenne takaa luotettavan toiminnan pitk\u00e4aikaista, jatkuvaa tuotantoa varten.<\/li>\n<li data-section-id=\"caa80i\" data-start=\"1361\" data-end=\"1457\"><strong data-start=\"1363\" data-end=\"1385\">V\u00e4h\u00e4inen saastuminen:<\/strong> Inertti ilmakeh\u00e4 ja puhtaat materiaalit minimoivat ep\u00e4puhtauksien kulkeutumisen.<\/li>\n<li data-section-id=\"ka169f\" data-start=\"1458\" data-end=\"1599\"><strong data-start=\"1460\" data-end=\"1487\">Suuri lastauskapasiteetti:<\/strong> Tukee jopa 50 kg raaka-ainetta, mik\u00e4 parantaa tuottavuutta ja yhteensopivuutta useiden kristalliuunien kanssa.<\/li>\n<li data-section-id=\"1afhg2w\" data-start=\"1600\" data-end=\"1765\"><strong data-start=\"1602\" data-end=\"1624\">Tarkka ohjaus:<\/strong> Kehittynyt l\u00e4mp\u00f6tilan ja paineen s\u00e4\u00e4t\u00f6, valinnaisella kaksoisl\u00e4mp\u00f6tilan mittauksella ja infrapunavalvonnalla prosessin optimointia varten.<\/li>\n<li data-section-id=\"i89isr\" data-start=\"1766\" data-end=\"1891\"><strong data-start=\"1768\" data-end=\"1795\">Joustava kokoonpano:<\/strong> Modulaarinen rakenne mahdollistaa vierekk\u00e4isen asennuksen tilan s\u00e4\u00e4st\u00e4miseksi ja laitoksen k\u00e4yt\u00f6n optimoimiseksi.<\/li>\n<\/ul>\n<h2 data-section-id=\"10oaxfc\" data-start=\"1898\" data-end=\"1931\"><span role=\"text\"><strong data-start=\"1901\" data-end=\"1929\">Tekniset tiedot<\/strong><\/span><\/h2>\n<div class=\"TyagGW_tableContainer\">\n<div class=\"group TyagGW_tableWrapper flex flex-col-reverse w-fit\" tabindex=\"-1\">\n<table class=\"w-fit min-w-(--thread-content-width)\" data-start=\"1933\" data-end=\"2723\">\n<thead data-start=\"1933\" data-end=\"1960\">\n<tr data-start=\"1933\" data-end=\"1960\">\n<th class=\"\" data-start=\"1933\" data-end=\"1943\" data-col-size=\"sm\">Ominaisuus<\/th>\n<th class=\"\" data-start=\"1943\" data-end=\"1960\" data-col-size=\"md\">Tekniset tiedot<\/th>\n<\/tr>\n<\/thead>\n<tbody data-start=\"1989\" data-end=\"2723\">\n<tr data-start=\"1989\" data-end=\"2046\">\n<td data-start=\"1989\" data-end=\"2010\" data-col-size=\"sm\">Mitat (L\u00d7L\u00d7K)<\/td>\n<td data-col-size=\"md\" data-start=\"2010\" data-end=\"2046\">4000\u00d73400\u00d74300 mm (muokattavissa)<\/td>\n<\/tr>\n<tr data-start=\"2047\" data-end=\"2085\">\n<td data-start=\"2047\" data-end=\"2074\" data-col-size=\"sm\">Uunikammion halkaisija<\/td>\n<td data-col-size=\"md\" data-start=\"2074\" data-end=\"2085\">1100 mm<\/td>\n<\/tr>\n<tr data-start=\"2086\" data-end=\"2114\">\n<td data-start=\"2086\" data-end=\"2105\" data-col-size=\"sm\">Kuormituskapasiteetti<\/td>\n<td data-col-size=\"md\" data-start=\"2105\" data-end=\"2114\">50 kg<\/td>\n<\/tr>\n<tr data-start=\"2115\" data-end=\"2183\">\n<td data-start=\"2115\" data-end=\"2133\" data-col-size=\"sm\">Lopullinen tyhji\u00f6<\/td>\n<td data-col-size=\"md\" data-start=\"2133\" data-end=\"2183\">10-\u00b2 Pa (2 tuntia molekyylipumpun k\u00e4ynnistyksen j\u00e4lkeen)<\/td>\n<\/tr>\n<tr data-start=\"2184\" data-end=\"2244\">\n<td data-start=\"2184\" data-end=\"2213\" data-col-size=\"sm\">Kammion paineen nousunopeus<\/td>\n<td data-col-size=\"md\" data-start=\"2213\" data-end=\"2244\">\u226410 Pa\/h (kalsifioinnin j\u00e4lkeen)<\/td>\n<\/tr>\n<tr data-start=\"2245\" data-end=\"2285\">\n<td data-start=\"2245\" data-end=\"2274\" data-col-size=\"sm\">Alempi uunin kannen isku<\/td>\n<td data-col-size=\"md\" data-start=\"2274\" data-end=\"2285\">1500 mm<\/td>\n<\/tr>\n<tr data-start=\"2286\" data-end=\"2324\">\n<td data-start=\"2286\" data-end=\"2303\" data-col-size=\"sm\">L\u00e4mmitysmenetelm\u00e4<\/td>\n<td data-start=\"2303\" data-end=\"2324\" data-col-size=\"md\">Induktiol\u00e4mmitys<\/td>\n<\/tr>\n<tr data-start=\"2325\" data-end=\"2357\">\n<td data-start=\"2325\" data-end=\"2347\" data-col-size=\"sm\">Enimm\u00e4isl\u00e4mp\u00f6tila<\/td>\n<td data-start=\"2347\" data-end=\"2357\" data-col-size=\"md\">2400\u00b0C<\/td>\n<\/tr>\n<tr data-start=\"2358\" data-end=\"2392\">\n<td data-start=\"2358\" data-end=\"2381\" data-col-size=\"sm\">L\u00e4mmitys Virtal\u00e4hde<\/td>\n<td data-start=\"2381\" data-end=\"2392\" data-col-size=\"md\">2\u00d740 kW<\/td>\n<\/tr>\n<tr data-start=\"2393\" data-end=\"2454\">\n<td data-start=\"2393\" data-end=\"2419\" data-col-size=\"sm\">L\u00e4mp\u00f6tilan mittaus<\/td>\n<td data-col-size=\"md\" data-start=\"2419\" data-end=\"2454\">Kaksiv\u00e4rinen infrapunal\u00e4mp\u00f6mittari<\/td>\n<\/tr>\n<tr data-start=\"2455\" data-end=\"2489\">\n<td data-start=\"2455\" data-end=\"2475\" data-col-size=\"sm\">L\u00e4mp\u00f6tila-alue<\/td>\n<td data-col-size=\"md\" data-start=\"2475\" data-end=\"2489\">900-3000\u00b0C<\/td>\n<\/tr>\n<tr data-start=\"2490\" data-end=\"2529\">\n<td data-start=\"2490\" data-end=\"2521\" data-col-size=\"sm\">L\u00e4mp\u00f6tilan s\u00e4\u00e4d\u00f6n tarkkuus<\/td>\n<td data-col-size=\"md\" data-start=\"2521\" data-end=\"2529\">\u00b11\u00b0C<\/td>\n<\/tr>\n<tr data-start=\"2530\" data-end=\"2569\">\n<td data-start=\"2530\" data-end=\"2555\" data-col-size=\"sm\">Paineen s\u00e4\u00e4t\u00f6alue<\/td>\n<td data-col-size=\"md\" data-start=\"2555\" data-end=\"2569\">1-700 mbar<\/td>\n<\/tr>\n<tr data-start=\"2570\" data-end=\"2631\">\n<td data-start=\"2570\" data-end=\"2598\" data-col-size=\"sm\">Paineen s\u00e4\u00e4d\u00f6n tarkkuus<\/td>\n<td data-col-size=\"md\" data-start=\"2598\" data-end=\"2631\">1-5 mbar (alueesta riippuen)<\/td>\n<\/tr>\n<tr data-start=\"2632\" data-end=\"2723\">\n<td data-start=\"2632\" data-end=\"2649\" data-col-size=\"sm\">Lastausmenetelm\u00e4<\/td>\n<td data-col-size=\"md\" data-start=\"2649\" data-end=\"2723\">Alempi kuormaus; valinnainen purkaustrukki ja kaksi l\u00e4mp\u00f6tilapistett\u00e4.<\/td>\n<\/tr>\n<\/tbody>\n<\/table>\n<\/div>\n<\/div>\n<h2 data-section-id=\"13tlhcf\" data-start=\"2730\" data-end=\"2756\"><span role=\"text\"><strong data-start=\"2733\" data-end=\"2754\">Suunnittelun edut<\/strong><\/span><\/h2>\n<ol data-start=\"2757\" data-end=\"3517\">\n<li data-section-id=\"7ymlfh\" data-start=\"2757\" data-end=\"2882\">Suuren kapasiteetin lastaus mahdollistaa sen, ett\u00e4 yksi uuni voi sy\u00f6tt\u00e4\u00e4 useita pitk\u00e4kiteisi\u00e4 uuneja, mik\u00e4 parantaa tuotannon tehokkuutta.<\/li>\n<li data-section-id=\"y3ubiu\" data-start=\"2883\" data-end=\"2982\">Kaksoisvirtal\u00e4hde, jonka taajuus on sama, takaa tarkan aksiaalisen l\u00e4mp\u00f6tilagradientin hallinnan.<\/li>\n<li data-section-id=\"7q7579\" data-start=\"2983\" data-end=\"3103\">Yl\u00e4- ja alareunan infrapunal\u00e4mp\u00f6tilan mittaus helpottaa reaaliaikaista l\u00e4mp\u00f6tilan seurantaa ja prosessin virheenkorjausta.<\/li>\n<li data-section-id=\"3k74b3\" data-start=\"3104\" data-end=\"3219\">Korkean tyhji\u00f6n, paineen ja l\u00e4mp\u00f6tilan s\u00e4\u00e4t\u00f6tarkkuus takaavat eritt\u00e4in puhtaiden SiC-raaka-aineiden synteesin.<\/li>\n<li data-section-id=\"1voekay\" data-start=\"3220\" data-end=\"3316\">Turvallinen ja luotettava kuormaus-\/purkamisj\u00e4rjestelm\u00e4, joka voidaan varustaa lis\u00e4varusteena purkuhaarukalla.<\/li>\n<li data-section-id=\"p45f8k\" data-start=\"3317\" data-end=\"3417\">Tarkat l\u00e4pp\u00e4venttiilit ja massavirtauksen s\u00e4\u00e4timet pit\u00e4v\u00e4t prosessin ilmapiirin vakaana.<\/li>\n<li data-section-id=\"4p07o1\" data-start=\"3418\" data-end=\"3517\">Modulaarinen rakenne mahdollistaa vierekk\u00e4in sijoittamisen, mik\u00e4 optimoi lattiatilan ja laitoksen k\u00e4yt\u00f6n.<\/li>\n<\/ol>\n<p><img decoding=\"async\" class=\"wp-image-1991 size-full aligncenter\" src=\"https:\/\/www.zmsh-semitech.com\/wp-content\/uploads\/2026\/03\/Sic-raw-material-synthesis-furnace6.png\" alt=\"\" width=\"680\" height=\"352\" srcset=\"https:\/\/www.zmsh-semitech.com\/wp-content\/uploads\/2026\/03\/Sic-raw-material-synthesis-furnace6.png 680w, https:\/\/www.zmsh-semitech.com\/wp-content\/uploads\/2026\/03\/Sic-raw-material-synthesis-furnace6-300x155.png 300w, https:\/\/www.zmsh-semitech.com\/wp-content\/uploads\/2026\/03\/Sic-raw-material-synthesis-furnace6-18x9.png 18w, https:\/\/www.zmsh-semitech.com\/wp-content\/uploads\/2026\/03\/Sic-raw-material-synthesis-furnace6-600x311.png 600w\" sizes=\"(max-width: 680px) 100vw, 680px\" \/><\/p>\n<h2 data-section-id=\"1imsgo3\" data-start=\"3524\" data-end=\"3558\"><span role=\"text\"><strong data-start=\"3527\" data-end=\"3556\">Sovellukset ja hy\u00f6dyt<\/strong><\/span><\/h2>\n<p data-start=\"3559\" data-end=\"3737\">SiC-raaka-ainesynteesiuunissa tuotetaan tehokkaasti eritt\u00e4in puhdasta piikarbidia, jonka puhtausaste on 99,999% tai korkeampi. Syntetisoitu SiC-raaka-aine sopii erinomaisesti:<\/p>\n<ul data-start=\"3738\" data-end=\"4228\">\n<li data-section-id=\"1fodfy7\" data-start=\"3738\" data-end=\"3850\"><strong data-start=\"3740\" data-end=\"3766\">Yksikiteinen kasvu:<\/strong> Korkealaatuisten SiC-kiteiden tuottaminen teholaitteisiin, kuten MOSFETeihin ja diodeihin.<\/li>\n<li data-section-id=\"be6ua8\" data-start=\"3851\" data-end=\"3955\"><strong data-start=\"3853\" data-end=\"3875\">Tehoelektroniikka:<\/strong> Mahdollistaa laitteet, joissa on korkea j\u00e4nnite, alhainen h\u00e4vi\u00f6 ja korkeataajuussuorituskyky.<\/li>\n<li data-section-id=\"2a320o\" data-start=\"3956\" data-end=\"4083\"><strong data-start=\"3958\" data-end=\"3994\">Autoteollisuus ja uusiutuva energia:<\/strong> S\u00e4hk\u00f6ajoneuvojen, aurinkovaihtosuuntaajien ja muiden suorituskykyisten sovellusten parantaminen.<\/li>\n<li data-section-id=\"1kgacmz\" data-start=\"4084\" data-end=\"4228\"><strong data-start=\"4086\" data-end=\"4128\">Kehittynyt keramiikka ja optiset laitteet:<\/strong> SiC:n sovellusten laajentaminen puolijohteiden ulkopuolelle teolliseen keramiikkaan ja optisiin komponentteihin.<\/li>\n<\/ul>\n<h2 data-section-id=\"tdegxz\" data-start=\"4235\" data-end=\"4257\"><span role=\"text\"><strong data-start=\"4238\" data-end=\"4255\">ZMSH-palvelut<\/strong><\/span><\/h2>\n<p data-start=\"4258\" data-end=\"4725\">ZMSH tarjoaa t\u00e4ydellisen prosessituen uunien suunnittelusta ja valmistuksesta myynnin j\u00e4lkeiseen huoltoon. T\u00e4h\u00e4n sis\u00e4ltyy laitteiden r\u00e4\u00e4t\u00e4l\u00f6inti, prosessin optimointi ja tekninen koulutus. Kehittyneell\u00e4 teknologialla ja laajalla alan kokemuksella ZMSH varmistaa korkean hy\u00f6tysuhteen, vakaan toiminnan ja alhaisen energiankulutuksen ja tarjoaa nopeaa, ymp\u00e4rivuorokautista teknist\u00e4 tukea auttaakseen asiakkaita saavuttamaan eritt\u00e4in puhtaan piikarbidin raaka-aineiden laajamittaisen tuotannon.<\/p>\n<h2 data-section-id=\"1uqg4yw\" data-start=\"4732\" data-end=\"4773\"><span role=\"text\"><strong data-start=\"4735\" data-end=\"4771\">Usein kysytyt kysymykset (FAQ)<\/strong><\/span><\/h2>\n<p data-start=\"4774\" data-end=\"5024\"><strong data-start=\"4774\" data-end=\"4842\">Kysymys 1: Mik\u00e4 on SiC-raaka-aineen synteesiuunin tarkoitus?<\/strong><br data-start=\"4842\" data-end=\"4845\" \/>V: Sit\u00e4 k\u00e4ytet\u00e4\u00e4n eritt\u00e4in puhtaiden piikarbidi (SiC) -raaka-aineiden tuottamiseen korkean l\u00e4mp\u00f6tilan kemiallisissa reaktioissa, jotka ovat v\u00e4ltt\u00e4m\u00e4tt\u00f6mi\u00e4 puolijohteille, keramiikalle ja optisille komponenteille.<\/p>\n<p data-start=\"5026\" data-end=\"5265\"><strong data-start=\"5026\" data-end=\"5104\">Kysymys 2: Miksi SiC-synteesiuuni on t\u00e4rke\u00e4 puolijohdetuotannossa?<\/strong><br data-start=\"5104\" data-end=\"5107\" \/>V: Se mahdollistaa eritt\u00e4in puhtaan SiC:n tuotannon, mik\u00e4 on ratkaisevan t\u00e4rke\u00e4\u00e4 korkealaatuisten SiC-kiteiden kasvattamiseksi, joita k\u00e4ytet\u00e4\u00e4n tehoelektroniikassa ja suurtaajuuslaitteissa.<\/p>\n<p data-start=\"5267\" data-end=\"5449\"><strong data-start=\"5267\" data-end=\"5327\">Kysymys 3: Mik\u00e4 on uunin enimm\u00e4iskapasiteetti?<\/strong><br data-start=\"5327\" data-end=\"5330\" \/>V: Vakiokapasiteetti on 50 kg, mik\u00e4 mahdollistaa suuren mittakaavan tuotannon ja useiden kristalliuunien sy\u00f6tt\u00e4misen.<\/p>\n<p data-start=\"5451\" data-end=\"5708\"><strong data-start=\"5451\" data-end=\"5526\">Kysymys 4: Mitk\u00e4 ovat uunin l\u00e4mp\u00f6tilan ja paineen s\u00e4\u00e4t\u00f6tarkkuudet?<\/strong><br data-start=\"5526\" data-end=\"5529\" \/>A: L\u00e4mp\u00f6tilan s\u00e4\u00e4t\u00f6tarkkuus on \u00b11 \u00b0C. Paineen s\u00e4\u00e4t\u00f6tarkkuus on \u00b10,1 mbar \u00b10,5 mbar painealueesta riippuen, mik\u00e4 takaa vakaan, eritt\u00e4in puhtaan SiC-synteesin.<\/p>","protected":false},"excerpt":{"rendered":"<p>50 kg:n SiC-raaka-ainesynteesiuuni on erikoistunut korkean l\u00e4mp\u00f6tilan uuni, joka on suunniteltu eritt\u00e4in puhtaiden piikarbidiraaka-aineiden (SiC) tuotantoon. Kriittisen\u00e4 puolijohde- ja keraamisena materiaalina SiC:t\u00e4 k\u00e4ytet\u00e4\u00e4n laajalti tehoelektroniikassa, korkean l\u00e4mp\u00f6tilan laitteissa, kulutusta kest\u00e4viss\u00e4 materiaaleissa ja optisissa komponenteissa.<\/p>","protected":false},"featured_media":1984,"comment_status":"open","ping_status":"closed","template":"","meta":{"site-sidebar-layout":"default","site-content-layout":"","ast-site-content-layout":"default","site-content-style":"default","site-sidebar-style":"default","ast-global-header-display":"","ast-banner-title-visibility":"","ast-main-header-display":"","ast-hfb-above-header-display":"","ast-hfb-below-header-display":"","ast-hfb-mobile-header-display":"","site-post-title":"","ast-breadcrumbs-content":"","ast-featured-img":"","footer-sml-layout":"","ast-disable-related-posts":"","theme-transparent-header-meta":"default","adv-header-id-meta":"","stick-header-meta":"default","header-above-stick-meta":"","header-main-stick-meta":"","header-below-stick-meta":"","astra-migrate-meta-layouts":"set","ast-page-background-enabled":"default","ast-page-background-meta":{"desktop":{"background-color":"var(--ast-global-color-4)","background-image":"","background-repeat":"repeat","background-position":"center center","background-size":"auto","background-attachment":"scroll","background-type":"","background-media":"","overlay-type":"","overlay-color":"","overlay-opacity":"","overlay-gradient":""},"tablet":{"background-color":"","background-image":"","background-repeat":"repeat","background-position":"center center","background-size":"auto","background-attachment":"scroll","background-type":"","background-media":"","overlay-type":"","overlay-color":"","overlay-opacity":"","overlay-gradient":""},"mobile":{"background-color":"","background-image":"","background-repeat":"repeat","background-position":"center center","background-size":"auto","background-attachment":"scroll","background-type":"","background-media":"","overlay-type":"","overlay-color":"","overlay-opacity":"","overlay-gradient":""}},"ast-content-background-meta":{"desktop":{"background-color":"var(--ast-global-color-5)","background-image":"","background-repeat":"repeat","background-position":"center center","background-size":"auto","background-attachment":"scroll","background-type":"","background-media":"","overlay-type":"","overlay-color":"","overlay-opacity":"","overlay-gradient":""},"tablet":{"background-color":"var(--ast-global-color-5)","background-image":"","background-repeat":"repeat","background-position":"center center","background-size":"auto","background-attachment":"scroll","background-type":"","background-media":"","overlay-type":"","overlay-color":"","overlay-opacity":"","overlay-gradient":""},"mobile":{"background-color":"var(--ast-global-color-5)","background-image":"","background-repeat":"repeat","background-position":"center center","background-size":"auto","background-attachment":"scroll","background-type":"","background-media":"","overlay-type":"","overlay-color":"","overlay-opacity":"","overlay-gradient":""}}},"product_brand":[],"product_cat":[15],"product_tag":[489,504,506,492,496,500,499,505,498,495,507,494,493,501,490,503,491,486,502,497,508],"class_list":{"0":"post-1981","1":"product","2":"type-product","3":"status-publish","4":"has-post-thumbnail","6":"product_cat-crystal-growth-furnace","7":"product_tag-50kg-sic-raw-material-synthesis-furnace","8":"product_tag-crystal-growth","9":"product_tag-furnace-automation","10":"product_tag-high-purity-sic","11":"product_tag-high-temperature-devices","12":"product_tag-high-temperature-furnace","13":"product_tag-induction-heating-furnace","14":"product_tag-industrial-sic-production","15":"product_tag-optical-devices","16":"product_tag-power-electronics","17":"product_tag-pressure-control","18":"product_tag-semiconductor-materials","19":"product_tag-sic-crystal-preparation","20":"product_tag-sic-powder-production","21":"product_tag-sic-raw-material-furnace","22":"product_tag-sic-single-crystal","23":"product_tag-silicon-carbide-synthesis-furnace","24":"product_tag-temperature-control","25":"product_tag-ultra-pure-sic","26":"product_tag-wear-resistant-materials","27":"product_tag-zmsh-equipment","28":"desktop-align-left","29":"tablet-align-left","30":"mobile-align-left","31":"ast-product-gallery-layout-horizontal-slider","32":"ast-product-tabs-layout-horizontal","34":"first","35":"instock","36":"shipping-taxable","37":"product-type-simple"},"_links":{"self":[{"href":"https:\/\/www.zmsh-semitech.com\/fi\/wp-json\/wp\/v2\/product\/1981","targetHints":{"allow":["GET"]}}],"collection":[{"href":"https:\/\/www.zmsh-semitech.com\/fi\/wp-json\/wp\/v2\/product"}],"about":[{"href":"https:\/\/www.zmsh-semitech.com\/fi\/wp-json\/wp\/v2\/types\/product"}],"replies":[{"embeddable":true,"href":"https:\/\/www.zmsh-semitech.com\/fi\/wp-json\/wp\/v2\/comments?post=1981"}],"version-history":[{"count":3,"href":"https:\/\/www.zmsh-semitech.com\/fi\/wp-json\/wp\/v2\/product\/1981\/revisions"}],"predecessor-version":[{"id":1992,"href":"https:\/\/www.zmsh-semitech.com\/fi\/wp-json\/wp\/v2\/product\/1981\/revisions\/1992"}],"wp:featuredmedia":[{"embeddable":true,"href":"https:\/\/www.zmsh-semitech.com\/fi\/wp-json\/wp\/v2\/media\/1984"}],"wp:attachment":[{"href":"https:\/\/www.zmsh-semitech.com\/fi\/wp-json\/wp\/v2\/media?parent=1981"}],"wp:term":[{"taxonomy":"product_brand","embeddable":true,"href":"https:\/\/www.zmsh-semitech.com\/fi\/wp-json\/wp\/v2\/product_brand?post=1981"},{"taxonomy":"product_cat","embeddable":true,"href":"https:\/\/www.zmsh-semitech.com\/fi\/wp-json\/wp\/v2\/product_cat?post=1981"},{"taxonomy":"product_tag","embeddable":true,"href":"https:\/\/www.zmsh-semitech.com\/fi\/wp-json\/wp\/v2\/product_tag?post=1981"}],"curies":[{"name":"wp","href":"https:\/\/api.w.org\/{rel}","templated":true}]}}