{"id":1958,"date":"2026-03-17T07:34:59","date_gmt":"2026-03-17T07:34:59","guid":{"rendered":"https:\/\/www.zmsh-semitech.com\/?post_type=product&#038;p=1958"},"modified":"2026-03-20T07:40:41","modified_gmt":"2026-03-20T07:40:41","slug":"sic-growth-furnace-pvt-method-for-6-12-inch-silicon-carbide-crystal-production","status":"publish","type":"product","link":"https:\/\/www.zmsh-semitech.com\/fi\/product\/sic-growth-furnace-pvt-method-for-6-12-inch-silicon-carbide-crystal-production\/","title":{"rendered":"SiC-kasvu-uuni (PVT-menetelm\u00e4) 6-12 tuuman piikarbidikristallien tuotantoa varten"},"content":{"rendered":"<p data-start=\"202\" data-end=\"374\"><img fetchpriority=\"high\" decoding=\"async\" class=\"size-medium wp-image-1960 alignleft\" src=\"https:\/\/www.zmsh-semitech.com\/wp-content\/uploads\/2026\/03\/sic_growth_furnace_pvt_method_6inch_8inch_12_inch_low_energy_consumption1-300x300.webp\" alt=\"\" width=\"300\" height=\"300\" srcset=\"https:\/\/www.zmsh-semitech.com\/wp-content\/uploads\/2026\/03\/sic_growth_furnace_pvt_method_6inch_8inch_12_inch_low_energy_consumption1-300x300.webp 300w, https:\/\/www.zmsh-semitech.com\/wp-content\/uploads\/2026\/03\/sic_growth_furnace_pvt_method_6inch_8inch_12_inch_low_energy_consumption1-150x150.webp 150w, https:\/\/www.zmsh-semitech.com\/wp-content\/uploads\/2026\/03\/sic_growth_furnace_pvt_method_6inch_8inch_12_inch_low_energy_consumption1-12x12.webp 12w, https:\/\/www.zmsh-semitech.com\/wp-content\/uploads\/2026\/03\/sic_growth_furnace_pvt_method_6inch_8inch_12_inch_low_energy_consumption1-600x600.webp 600w, https:\/\/www.zmsh-semitech.com\/wp-content\/uploads\/2026\/03\/sic_growth_furnace_pvt_method_6inch_8inch_12_inch_low_energy_consumption1-100x100.webp 100w, https:\/\/www.zmsh-semitech.com\/wp-content\/uploads\/2026\/03\/sic_growth_furnace_pvt_method_6inch_8inch_12_inch_low_energy_consumption1.webp 750w\" sizes=\"(max-width: 300px) 100vw, 300px\" \/>SiC-kasvatusuuni (PVT-menetelm\u00e4) on suorituskykyinen j\u00e4rjestelm\u00e4, joka on suunniteltu 6 tuuman, 8 tuuman ja 12 tuuman piikarbidiyksinkiteiden (SiC) tuotantoon.<\/p>\n<p data-start=\"376\" data-end=\"589\">Edistynytt\u00e4 induktiol\u00e4mmitystekniikkaa k\u00e4ytt\u00e4v\u00e4 uuni tarjoaa nopean l\u00e4mmityksen, tarkan l\u00e4mp\u00f6tilan s\u00e4\u00e4d\u00f6n ja alhaisen energiankulutuksen, mik\u00e4 tekee siit\u00e4 ihanteellisen ratkaisun teollisen mittakaavan SiC-kiteiden kasvattamiseen.<\/p>\n<p data-start=\"591\" data-end=\"734\">Sit\u00e4 k\u00e4ytet\u00e4\u00e4n laajalti tehoelektroniikan, RF-laitteiden ja seuraavan sukupolven puolijohdesovellusten SiC-substraattien valmistuksessa.<\/p>\n<h2 data-section-id=\"1j5qwet\" data-start=\"741\" data-end=\"760\"><span role=\"text\">T\u00e4rkeimm\u00e4t ominaisuudet<\/span><\/h2>\n<ul data-start=\"762\" data-end=\"1326\">\n<li data-section-id=\"ogs6zi\" data-start=\"762\" data-end=\"901\">\n<p data-start=\"764\" data-end=\"901\">Induktiol\u00e4mmitysj\u00e4rjestelm\u00e4<br data-start=\"792\" data-end=\"795\" \/>Grafiittiupokkaan suora s\u00e4hk\u00f6magneettinen l\u00e4mmitys takaa korkean hy\u00f6tysuhteen ja nopean l\u00e4mp\u00f6vasteen.<\/p>\n<\/li>\n<li data-section-id=\"z07p8\" data-start=\"903\" data-end=\"1015\">\n<p data-start=\"905\" data-end=\"1015\">Eritt\u00e4in tarkka l\u00e4mp\u00f6tilan s\u00e4\u00e4t\u00f6<br data-start=\"942\" data-end=\"945\" \/>Tarkkuus jopa \u00b11 \u00b0C, mik\u00e4 takaa vakaat kiteiden kasvuolosuhteet.<\/p>\n<\/li>\n<li data-section-id=\"zdj5hp\" data-start=\"1017\" data-end=\"1115\">\n<p data-start=\"1019\" data-end=\"1115\">Alhainen energiankulutus<br data-start=\"1045\" data-end=\"1048\" \/>Optimoitu l\u00e4mp\u00f6suunnittelu v\u00e4hent\u00e4\u00e4 merkitt\u00e4v\u00e4sti k\u00e4ytt\u00f6kustannuksia<\/p>\n<\/li>\n<li data-section-id=\"bvht84\" data-start=\"1117\" data-end=\"1228\">\n<p data-start=\"1119\" data-end=\"1228\">Korkea stabiilisuus ja v\u00e4h\u00e4inen saastuminen<br data-start=\"1157\" data-end=\"1160\" \/>Kosketukseton l\u00e4mmitys + suojakaasuymp\u00e4rist\u00f6 minimoi ep\u00e4puhtaudet.<\/p>\n<\/li>\n<li data-section-id=\"zzzuyf\" data-start=\"1230\" data-end=\"1326\">\n<p data-start=\"1232\" data-end=\"1326\">Skaalautuva halkaisijaltaan suurille kiteille<br data-start=\"1272\" data-end=\"1275\" \/>Tukee 6\u2033, 8\u2033 ja 12\u2033 SiC-kiteiden kasvua.<\/p>\n<\/li>\n<\/ul>\n<h2 data-section-id=\"id1bjs\" data-start=\"1333\" data-end=\"1364\"><span role=\"text\">Tekniset tiedot<\/span><\/h2>\n<div class=\"TyagGW_tableContainer\">\n<div class=\"group TyagGW_tableWrapper flex flex-col-reverse w-fit\" tabindex=\"-1\">\n<table class=\"w-fit min-w-(--thread-content-width)\" data-start=\"1366\" data-end=\"1845\">\n<thead data-start=\"1366\" data-end=\"1395\">\n<tr data-start=\"1366\" data-end=\"1395\">\n<th class=\"\" data-start=\"1366\" data-end=\"1378\" data-col-size=\"sm\">Parametri<\/th>\n<th class=\"\" data-start=\"1378\" data-end=\"1395\" data-col-size=\"sm\">Tekniset tiedot<\/th>\n<\/tr>\n<\/thead>\n<tbody data-start=\"1423\" data-end=\"1845\">\n<tr data-start=\"1423\" data-end=\"1484\">\n<td data-start=\"1423\" data-end=\"1444\" data-col-size=\"sm\">Mitat (L\u00d7L\u00d7K)<\/td>\n<td data-col-size=\"sm\" data-start=\"1444\" data-end=\"1484\">3200 \u00d7 1150 \u00d7 3600 mm (muokattavissa)<\/td>\n<\/tr>\n<tr data-start=\"1485\" data-end=\"1522\">\n<td data-start=\"1485\" data-end=\"1512\" data-col-size=\"sm\">Uunikammion halkaisija<\/td>\n<td data-col-size=\"sm\" data-start=\"1512\" data-end=\"1522\">400 mm<\/td>\n<\/tr>\n<tr data-start=\"1523\" data-end=\"1555\">\n<td data-start=\"1523\" data-end=\"1545\" data-col-size=\"sm\">Enimm\u00e4isl\u00e4mp\u00f6tila<\/td>\n<td data-col-size=\"sm\" data-start=\"1545\" data-end=\"1555\">2400\u00b0C<\/td>\n<\/tr>\n<tr data-start=\"1556\" data-end=\"1590\">\n<td data-start=\"1556\" data-end=\"1576\" data-col-size=\"sm\">L\u00e4mp\u00f6tila-alue<\/td>\n<td data-col-size=\"sm\" data-start=\"1576\" data-end=\"1590\">900-3000\u00b0C<\/td>\n<\/tr>\n<tr data-start=\"1591\" data-end=\"1622\">\n<td data-start=\"1591\" data-end=\"1614\" data-col-size=\"sm\">L\u00e4mp\u00f6tilan tarkkuus<\/td>\n<td data-col-size=\"sm\" data-start=\"1614\" data-end=\"1622\">\u00b11\u00b0C<\/td>\n<\/tr>\n<tr data-start=\"1623\" data-end=\"1661\">\n<td data-start=\"1623\" data-end=\"1640\" data-col-size=\"sm\">L\u00e4mmitysmenetelm\u00e4<\/td>\n<td data-col-size=\"sm\" data-start=\"1640\" data-end=\"1661\">Induktiol\u00e4mmitys<\/td>\n<\/tr>\n<tr data-start=\"1662\" data-end=\"1696\">\n<td data-start=\"1662\" data-end=\"1677\" data-col-size=\"sm\">Virtal\u00e4hde<\/td>\n<td data-col-size=\"sm\" data-start=\"1677\" data-end=\"1696\">40 kW, 8-12 kHz<\/td>\n<\/tr>\n<tr data-start=\"1697\" data-end=\"1727\">\n<td data-start=\"1697\" data-end=\"1712\" data-col-size=\"sm\">Tyhji\u00f6taso<\/td>\n<td data-col-size=\"sm\" data-start=\"1712\" data-end=\"1727\">5 \u00d7 10-\u2074 Pa<\/td>\n<\/tr>\n<tr data-start=\"1728\" data-end=\"1759\">\n<td data-start=\"1728\" data-end=\"1745\" data-col-size=\"sm\">Painealue<\/td>\n<td data-col-size=\"sm\" data-start=\"1745\" data-end=\"1759\">1-700 mbar<\/td>\n<\/tr>\n<tr data-start=\"1760\" data-end=\"1809\">\n<td data-start=\"1760\" data-end=\"1786\" data-col-size=\"sm\">L\u00e4mp\u00f6tilan mittaus<\/td>\n<td data-col-size=\"sm\" data-start=\"1786\" data-end=\"1809\">Kaksiv\u00e4rinen infrapuna<\/td>\n<\/tr>\n<tr data-start=\"1810\" data-end=\"1845\">\n<td data-start=\"1810\" data-end=\"1827\" data-col-size=\"sm\">Lastausmenetelm\u00e4<\/td>\n<td data-col-size=\"sm\" data-start=\"1827\" data-end=\"1845\">Alhaalta lataaminen<\/td>\n<\/tr>\n<\/tbody>\n<\/table>\n<\/div>\n<\/div>\n<h2 data-section-id=\"19xifj\" data-start=\"1852\" data-end=\"1876\"><span role=\"text\">Suunnittelun edut<\/span><\/h2>\n<ul data-start=\"1878\" data-end=\"2444\">\n<li data-section-id=\"15rdkd0\" data-start=\"1878\" data-end=\"1949\">\n<p data-start=\"1880\" data-end=\"1949\">Yhteensopiva puolierist\u00e4vien ja johtavien SiC-kiteiden kasvun kanssa.<\/p>\n<\/li>\n<li data-section-id=\"3g3jo9\" data-start=\"1950\" data-end=\"2014\">\n<p data-start=\"1952\" data-end=\"2014\">Upokkaiden kiertoj\u00e4rjestelm\u00e4 parantaa l\u00e4mp\u00f6tilan tasaisuutta.<\/p>\n<\/li>\n<li data-section-id=\"s4nwuu\" data-start=\"2015\" data-end=\"2084\">\n<p data-start=\"2017\" data-end=\"2084\">S\u00e4\u00e4dett\u00e4v\u00e4 induktiokelan nosto v\u00e4hent\u00e4\u00e4 l\u00e4mp\u00f6h\u00e4iri\u00f6it\u00e4.<\/p>\n<\/li>\n<li data-section-id=\"1cea8gr\" data-start=\"2085\" data-end=\"2160\">\n<p data-start=\"2087\" data-end=\"2160\">Kaksikerroksinen vesij\u00e4\u00e4hdytteinen kvartsikammio pident\u00e4\u00e4 laitteiden k\u00e4ytt\u00f6ik\u00e4\u00e4.<\/p>\n<\/li>\n<li data-section-id=\"c1n2wn\" data-start=\"2161\" data-end=\"2212\">\n<p data-start=\"2163\" data-end=\"2212\">Reaaliaikainen kahden pisteen l\u00e4mp\u00f6tilan seuranta<\/p>\n<\/li>\n<li data-section-id=\"wvcxrl\" data-start=\"2213\" data-end=\"2279\">\n<p data-start=\"2215\" data-end=\"2279\">Useita ohjaustiloja: vakioteho\/virta\/l\u00e4mp\u00f6tila<\/p>\n<\/li>\n<li data-section-id=\"1it8b3k\" data-start=\"2280\" data-end=\"2339\">\n<p data-start=\"2282\" data-end=\"2339\">Yhden napsautuksen \u00e4lyk\u00e4s k\u00e4ynnistys automatisoitua k\u00e4ytt\u00f6\u00e4 varten<\/p>\n<\/li>\n<li data-section-id=\"1fwnkom\" data-start=\"2340\" data-end=\"2390\">\n<p data-start=\"2342\" data-end=\"2390\">Kompakti rakenne tehtaan tehokkaaseen sijoitteluun<\/p>\n<\/li>\n<li data-section-id=\"ukpte9\" data-start=\"2391\" data-end=\"2444\">\n<p data-start=\"2393\" data-end=\"2444\">Eritt\u00e4in tarkka paineen s\u00e4\u00e4t\u00f6 (jopa \u00b11 Pa)<\/p>\n<\/li>\n<\/ul>\n<h2 data-section-id=\"dd8gcy\" data-start=\"2451\" data-end=\"2484\"><span role=\"text\">Suorituskyky ja sovellukset<\/span><\/h2>\n<p data-start=\"2486\" data-end=\"2606\">Uunissa voidaan kasvattaa eritt\u00e4in puhtaita (\u226599,999%) ja v\u00e4h\u00e4virheisi\u00e4 SiC-monikiteit\u00e4, jotka ovat kriittisi\u00e4:<\/p>\n<ul data-start=\"2608\" data-end=\"2760\">\n<li data-section-id=\"13272pw\" data-start=\"2608\" data-end=\"2625\">\n<p data-start=\"2610\" data-end=\"2625\">SiC MOSFETit<\/p>\n<\/li>\n<li data-section-id=\"1io6t0d\" data-start=\"2626\" data-end=\"2647\">\n<p data-start=\"2628\" data-end=\"2647\">Schottky-diodit<\/p>\n<\/li>\n<li data-section-id=\"y84f9z\" data-start=\"2648\" data-end=\"2664\">\n<p data-start=\"2650\" data-end=\"2664\">RF-laitteet<\/p>\n<\/li>\n<li data-section-id=\"1pnu15w\" data-start=\"2665\" data-end=\"2707\">\n<p data-start=\"2667\" data-end=\"2707\">S\u00e4hk\u00f6ajoneuvot (EV-tehomoduulit)<\/p>\n<\/li>\n<li data-section-id=\"y6h80t\" data-start=\"2708\" data-end=\"2729\">\n<p data-start=\"2710\" data-end=\"2729\">Aurinkosuuntaaja<\/p>\n<\/li>\n<li data-section-id=\"1qsmuuk\" data-start=\"2730\" data-end=\"2760\">\n<p data-start=\"2732\" data-end=\"2760\">5G-viestint\u00e4j\u00e4rjestelm\u00e4t<\/p>\n<\/li>\n<\/ul>\n<p data-start=\"2762\" data-end=\"2913\">Vakaan l\u00e4mm\u00f6ns\u00e4\u00e4telyn ja optimoitujen kasvuolosuhteiden ansiosta j\u00e4rjestelm\u00e4 takaa korkean tuoton, johdonmukaisuuden ja skaalautuvuuden teolliseen tuotantoon.<\/p>\n<p data-start=\"2762\" data-end=\"2913\"><img decoding=\"async\" class=\"wp-image-1959 size-full aligncenter\" src=\"https:\/\/www.zmsh-semitech.com\/wp-content\/uploads\/2026\/03\/SiC-Growth-Furnace5.png\" alt=\"\" width=\"680\" height=\"235\" srcset=\"https:\/\/www.zmsh-semitech.com\/wp-content\/uploads\/2026\/03\/SiC-Growth-Furnace5.png 680w, https:\/\/www.zmsh-semitech.com\/wp-content\/uploads\/2026\/03\/SiC-Growth-Furnace5-300x104.png 300w, https:\/\/www.zmsh-semitech.com\/wp-content\/uploads\/2026\/03\/SiC-Growth-Furnace5-18x6.png 18w, https:\/\/www.zmsh-semitech.com\/wp-content\/uploads\/2026\/03\/SiC-Growth-Furnace5-600x207.png 600w\" sizes=\"(max-width: 680px) 100vw, 680px\" \/><\/p>\n<h2 data-section-id=\"5j7o8m\" data-start=\"2920\" data-end=\"2950\"><span role=\"text\">Kykymme (ZMSH)<\/span><\/h2>\n<h3 data-section-id=\"nzquib\" data-start=\"2952\" data-end=\"2986\"><span role=\"text\">1. Laitteiden valmistus<\/span><\/h3>\n<ul data-start=\"2987\" data-end=\"3088\">\n<li data-section-id=\"wv6e21\" data-start=\"2987\" data-end=\"3023\">\n<p data-start=\"2989\" data-end=\"3023\">R\u00e4\u00e4t\u00e4l\u00f6ity SiC-kasvatusuunin suunnittelu<\/p>\n<\/li>\n<li data-section-id=\"1g5dx6p\" data-start=\"3024\" data-end=\"3088\">\n<p data-start=\"3026\" data-end=\"3088\">Tuki eri kiderakenteille ja prosessivaatimuksille<\/p>\n<\/li>\n<\/ul>\n<h3 data-section-id=\"1pgjp80\" data-start=\"3090\" data-end=\"3121\"><span role=\"text\">2. Prosessin optimointi<\/span><\/h3>\n<ul data-start=\"3122\" data-end=\"3194\">\n<li data-section-id=\"1jqry7h\" data-start=\"3122\" data-end=\"3153\">\n<p data-start=\"3124\" data-end=\"3153\">PVT:n kasvuparametrien viritt\u00e4minen<\/p>\n<\/li>\n<li data-section-id=\"10fvpi3\" data-start=\"3154\" data-end=\"3194\">\n<p data-start=\"3156\" data-end=\"3194\">Tuoton ja vikatiheyden parantaminen<\/p>\n<\/li>\n<\/ul>\n<h3 data-section-id=\"1r72ltt\" data-start=\"3196\" data-end=\"3230\"><span role=\"text\">3. Asennus ja koulutus<\/span><\/h3>\n<ul data-start=\"3231\" data-end=\"3293\">\n<li data-section-id=\"1ai7hs2\" data-start=\"3231\" data-end=\"3256\">\n<p data-start=\"3233\" data-end=\"3256\">K\u00e4ytt\u00f6\u00f6notto paikan p\u00e4\u00e4ll\u00e4<\/p>\n<\/li>\n<li data-section-id=\"19g5oqu\" data-start=\"3257\" data-end=\"3293\">\n<p data-start=\"3259\" data-end=\"3293\">K\u00e4ytt\u00f6- ja huoltokoulutus<\/p>\n<\/li>\n<\/ul>\n<h3 data-section-id=\"10lvac2\" data-start=\"3295\" data-end=\"3325\"><span role=\"text\">4. Myynnin j\u00e4lkeinen tuki<\/span><\/h3>\n<ul data-start=\"3326\" data-end=\"3393\">\n<li data-section-id=\"19dqvur\" data-start=\"3326\" data-end=\"3355\">\n<p data-start=\"3328\" data-end=\"3355\">24\/7 tekninen apu<\/p>\n<\/li>\n<li data-section-id=\"k1vcv1\" data-start=\"3356\" data-end=\"3393\">\n<p data-start=\"3358\" data-end=\"3393\">Nopeasti reagoiva tekninen tuki<\/p>\n<\/li>\n<\/ul>\n<h2 data-section-id=\"elc90z\" data-start=\"3400\" data-end=\"3410\"><span role=\"text\">FAQ<\/span><\/h2>\n<p data-start=\"3412\" data-end=\"3632\">Q1: Mik\u00e4 on PVT-menetelm\u00e4 SiC-kiteen kasvattamisessa?<br data-start=\"3465\" data-end=\"3468\" \/>V: Fysikaalinen h\u00f6yrynsiirto (PVT) on prosessi, jossa SiC-jauhe sublimoidaan korkeassa l\u00e4mp\u00f6tilassa ja uudelleenkiteytet\u00e4\u00e4n siemenkiteeseen, jolloin muodostuu irtotavarana olevia yksikiteit\u00e4.<\/p>\n<p data-start=\"3634\" data-end=\"3841\">Q2: Miksi induktiokuumennus kannattaa valita SiC-kasvatukseen?<br data-start=\"3686\" data-end=\"3689\" \/>V: Induktiol\u00e4mmitys tarjoaa nopean vasteen, korkean hy\u00f6tysuhteen ja tarkan s\u00e4\u00e4d\u00f6n, jotka ovat v\u00e4ltt\u00e4m\u00e4tt\u00f6mi\u00e4 v\u00e4h\u00e4puutteisten SiC-kiteiden vakaan kasvun kannalta.<\/p>","protected":false},"excerpt":{"rendered":"<p data-start=\"202\" data-end=\"374\">SiC-kasvatusuuni (PVT-menetelm\u00e4) on suorituskykyinen j\u00e4rjestelm\u00e4, joka on suunniteltu 6 tuuman, 8 tuuman ja 12 tuuman piikarbidiyksinkiteiden (SiC) tuotantoon.<\/p>\n<p data-start=\"376\" data-end=\"589\">Edistynytt\u00e4 induktiol\u00e4mmitystekniikkaa k\u00e4ytt\u00e4v\u00e4 uuni tarjoaa nopean l\u00e4mmityksen, tarkan l\u00e4mp\u00f6tilan s\u00e4\u00e4d\u00f6n ja alhaisen energiankulutuksen, mik\u00e4 tekee siit\u00e4 ihanteellisen ratkaisun teollisen mittakaavan SiC-kiteiden kasvattamiseen.<\/p>\n<p data-start=\"591\" data-end=\"734\">Sit\u00e4 k\u00e4ytet\u00e4\u00e4n laajalti tehoelektroniikan, RF-laitteiden ja seuraavan sukupolven puolijohdesovellusten SiC-substraattien valmistuksessa.<\/p>","protected":false},"featured_media":1961,"comment_status":"open","ping_status":"closed","template":"","meta":{"site-sidebar-layout":"default","site-content-layout":"","ast-site-content-layout":"default","site-content-style":"default","site-sidebar-style":"default","ast-global-header-display":"","ast-banner-title-visibility":"","ast-main-header-display":"","ast-hfb-above-header-display":"","ast-hfb-below-header-display":"","ast-hfb-mobile-header-display":"","site-post-title":"","ast-breadcrumbs-content":"","ast-featured-img":"","footer-sml-layout":"","ast-disable-related-posts":"","theme-transparent-header-meta":"default","adv-header-id-meta":"","stick-header-meta":"default","header-above-stick-meta":"","header-main-stick-meta":"","header-below-stick-meta":"","astra-migrate-meta-layouts":"set","ast-page-background-enabled":"default","ast-page-background-meta":{"desktop":{"background-color":"var(--ast-global-color-4)","background-image":"","background-repeat":"repeat","background-position":"center center","background-size":"auto","background-attachment":"scroll","background-type":"","background-media":"","overlay-type":"","overlay-color":"","overlay-opacity":"","overlay-gradient":""},"tablet":{"background-color":"","background-image":"","background-repeat":"repeat","background-position":"center center","background-size":"auto","background-attachment":"scroll","background-type":"","background-media":"","overlay-type":"","overlay-color":"","overlay-opacity":"","overlay-gradient":""},"mobile":{"background-color":"","background-image":"","background-repeat":"repeat","background-position":"center center","background-size":"auto","background-attachment":"scroll","background-type":"","background-media":"","overlay-type":"","overlay-color":"","overlay-opacity":"","overlay-gradient":""}},"ast-content-background-meta":{"desktop":{"background-color":"var(--ast-global-color-5)","background-image":"","background-repeat":"repeat","background-position":"center center","background-size":"auto","background-attachment":"scroll","background-type":"","background-media":"","overlay-type":"","overlay-color":"","overlay-opacity":"","overlay-gradient":""},"tablet":{"background-color":"var(--ast-global-color-5)","background-image":"","background-repeat":"repeat","background-position":"center center","background-size":"auto","background-attachment":"scroll","background-type":"","background-media":"","overlay-type":"","overlay-color":"","overlay-opacity":"","overlay-gradient":""},"mobile":{"background-color":"var(--ast-global-color-5)","background-image":"","background-repeat":"repeat","background-position":"center center","background-size":"auto","background-attachment":"scroll","background-type":"","background-media":"","overlay-type":"","overlay-color":"","overlay-opacity":"","overlay-gradient":""}}},"product_brand":[],"product_cat":[15],"product_tag":[465,464,148,467,461,110,460,463,466,462],"class_list":{"0":"post-1958","1":"product","2":"type-product","3":"status-publish","4":"has-post-thumbnail","6":"product_cat-crystal-growth-furnace","7":"product_tag-12-inch-sic-furnace","8":"product_tag-6-inch-sic-wafer-production","9":"product_tag-8-inch-sic-crystal-growth","10":"product_tag-pvt-crystal-growth-system","11":"product_tag-pvt-sic-furnace","12":"product_tag-semiconductor-equipment","13":"product_tag-sic-growth-furnace","14":"product_tag-sic-induction-furnace","15":"product_tag-sic-substrate-manufacturing","16":"product_tag-silicon-carbide-crystal-growth","17":"desktop-align-left","18":"tablet-align-left","19":"mobile-align-left","20":"ast-product-gallery-layout-horizontal-slider","21":"ast-product-tabs-layout-horizontal","23":"first","24":"instock","25":"shipping-taxable","26":"product-type-simple"},"_links":{"self":[{"href":"https:\/\/www.zmsh-semitech.com\/fi\/wp-json\/wp\/v2\/product\/1958","targetHints":{"allow":["GET"]}}],"collection":[{"href":"https:\/\/www.zmsh-semitech.com\/fi\/wp-json\/wp\/v2\/product"}],"about":[{"href":"https:\/\/www.zmsh-semitech.com\/fi\/wp-json\/wp\/v2\/types\/product"}],"replies":[{"embeddable":true,"href":"https:\/\/www.zmsh-semitech.com\/fi\/wp-json\/wp\/v2\/comments?post=1958"}],"version-history":[{"count":3,"href":"https:\/\/www.zmsh-semitech.com\/fi\/wp-json\/wp\/v2\/product\/1958\/revisions"}],"predecessor-version":[{"id":1966,"href":"https:\/\/www.zmsh-semitech.com\/fi\/wp-json\/wp\/v2\/product\/1958\/revisions\/1966"}],"wp:featuredmedia":[{"embeddable":true,"href":"https:\/\/www.zmsh-semitech.com\/fi\/wp-json\/wp\/v2\/media\/1961"}],"wp:attachment":[{"href":"https:\/\/www.zmsh-semitech.com\/fi\/wp-json\/wp\/v2\/media?parent=1958"}],"wp:term":[{"taxonomy":"product_brand","embeddable":true,"href":"https:\/\/www.zmsh-semitech.com\/fi\/wp-json\/wp\/v2\/product_brand?post=1958"},{"taxonomy":"product_cat","embeddable":true,"href":"https:\/\/www.zmsh-semitech.com\/fi\/wp-json\/wp\/v2\/product_cat?post=1958"},{"taxonomy":"product_tag","embeddable":true,"href":"https:\/\/www.zmsh-semitech.com\/fi\/wp-json\/wp\/v2\/product_tag?post=1958"}],"curies":[{"name":"wp","href":"https:\/\/api.w.org\/{rel}","templated":true}]}}