{"id":1948,"date":"2026-03-17T07:21:48","date_gmt":"2026-03-17T07:21:48","guid":{"rendered":"https:\/\/www.zmsh-semitech.com\/?post_type=product&#038;p=1948"},"modified":"2026-03-20T07:22:42","modified_gmt":"2026-03-20T07:22:42","slug":"sic-crystal-growth-furnace-pvt-lpe-ht-cvd-for-high-quality-silicon-carbide-single-crystal-production","status":"publish","type":"product","link":"https:\/\/www.zmsh-semitech.com\/fi\/product\/sic-crystal-growth-furnace-pvt-lpe-ht-cvd-for-high-quality-silicon-carbide-single-crystal-production\/","title":{"rendered":"SiC-kiteiden kasvu-uuni (PVT \/ LPE \/ HT-CVD) korkealaatuisen piikarbidin yksikiteisen tuotannon tuotantoon"},"content":{"rendered":"<p data-start=\"204\" data-end=\"416\"><img fetchpriority=\"high\" decoding=\"async\" class=\"size-medium wp-image-1950 alignright\" src=\"https:\/\/www.zmsh-semitech.com\/wp-content\/uploads\/2026\/03\/sic_crystal_growth_furnace_pvt_lpe_ht_cvd_high_quality_sic_single_crystal_growth_method-300x259.webp\" alt=\"\" width=\"300\" height=\"259\" srcset=\"https:\/\/www.zmsh-semitech.com\/wp-content\/uploads\/2026\/03\/sic_crystal_growth_furnace_pvt_lpe_ht_cvd_high_quality_sic_single_crystal_growth_method-300x259.webp 300w, https:\/\/www.zmsh-semitech.com\/wp-content\/uploads\/2026\/03\/sic_crystal_growth_furnace_pvt_lpe_ht_cvd_high_quality_sic_single_crystal_growth_method-14x12.webp 14w, https:\/\/www.zmsh-semitech.com\/wp-content\/uploads\/2026\/03\/sic_crystal_growth_furnace_pvt_lpe_ht_cvd_high_quality_sic_single_crystal_growth_method-600x518.webp 600w, https:\/\/www.zmsh-semitech.com\/wp-content\/uploads\/2026\/03\/sic_crystal_growth_furnace_pvt_lpe_ht_cvd_high_quality_sic_single_crystal_growth_method.webp 750w\" sizes=\"(max-width: 300px) 100vw, 300px\" \/>SiC-kiteiden kasvatusuuni on kriittinen laite korkealaatuisten piikarbidikiteiden (SiC) valmistukseen, joita k\u00e4ytet\u00e4\u00e4n tehoelektroniikassa, RF-laitteissa ja kehittyneiss\u00e4 puolijohdesovelluksissa.<\/p>\n<p data-start=\"418\" data-end=\"489\">J\u00e4rjestelm\u00e4mme tukevat useita valtavirran kasvutekniikoita, kuten:<\/p>\n<ul data-start=\"491\" data-end=\"612\">\n<li data-section-id=\"12iy5p3\" data-start=\"491\" data-end=\"525\">\n<p data-start=\"493\" data-end=\"525\">Fysikaalinen h\u00f6yrynkuljetus (PVT)<\/p>\n<\/li>\n<li data-section-id=\"yxgf5n\" data-start=\"526\" data-end=\"556\">\n<p data-start=\"528\" data-end=\"556\">Nestefaasi-epitaksia (LPE)<\/p>\n<\/li>\n<li data-section-id=\"ch2v4w\" data-start=\"557\" data-end=\"612\">\n<p data-start=\"559\" data-end=\"612\">Korkean l\u00e4mp\u00f6tilan kemiallinen h\u00f6yrystys (HT-CVD)<\/p>\n<\/li>\n<\/ul>\n<p data-start=\"614\" data-end=\"833\">Korkean l\u00e4mp\u00f6tilan, tyhji\u00f6n ja kaasuvirran tarkan hallinnan ansiosta uunissa voidaan tuottaa vakaasti v\u00e4h\u00e4p\u00e4t\u00f6isi\u00e4, eritt\u00e4in puhtaita SiC-kiteit\u00e4 4-6 tuuman kokoisina, ja suurempia halkaisijoita varten on saatavilla r\u00e4\u00e4t\u00e4l\u00f6inti\u00e4.<\/p>\n<h2 data-section-id=\"z1sk7h\" data-start=\"840\" data-end=\"883\"><span role=\"text\">Tuetut SiC-kiteiden kasvumenetelm\u00e4t<\/span><\/h2>\n<h3 data-section-id=\"kspzpi\" data-start=\"885\" data-end=\"926\"><span role=\"text\">1. Fysikaalinen h\u00f6yrynkuljetus (PVT)<\/span><\/h3>\n<p data-start=\"928\" data-end=\"1108\">Prosessin periaate:<br data-start=\"950\" data-end=\"953\" \/><img decoding=\"async\" class=\"size-medium wp-image-1953 alignright\" src=\"https:\/\/www.zmsh-semitech.com\/wp-content\/uploads\/2026\/03\/Sic-Crystal-Growth-Furnace-PVT-LPE-HT-CVD-High-Quality-Sic-Single-Crystal-Growth-Method5-300x130.jpg\" alt=\"\" width=\"300\" height=\"130\" srcset=\"https:\/\/www.zmsh-semitech.com\/wp-content\/uploads\/2026\/03\/Sic-Crystal-Growth-Furnace-PVT-LPE-HT-CVD-High-Quality-Sic-Single-Crystal-Growth-Method5-300x130.jpg 300w, https:\/\/www.zmsh-semitech.com\/wp-content\/uploads\/2026\/03\/Sic-Crystal-Growth-Furnace-PVT-LPE-HT-CVD-High-Quality-Sic-Single-Crystal-Growth-Method5-18x8.jpg 18w, https:\/\/www.zmsh-semitech.com\/wp-content\/uploads\/2026\/03\/Sic-Crystal-Growth-Furnace-PVT-LPE-HT-CVD-High-Quality-Sic-Single-Crystal-Growth-Method5-600x261.jpg 600w, https:\/\/www.zmsh-semitech.com\/wp-content\/uploads\/2026\/03\/Sic-Crystal-Growth-Furnace-PVT-LPE-HT-CVD-High-Quality-Sic-Single-Crystal-Growth-Method5.jpg 679w\" sizes=\"(max-width: 300px) 100vw, 300px\" \/>SiC-jauhe sublimoidaan yli 2000 \u00b0C:n l\u00e4mp\u00f6tiloissa. H\u00f6yrylajit kulkeutuvat l\u00e4mp\u00f6tilagradienttia pitkin ja kiteytyv\u00e4t uudelleen siemenkiteeseen.<\/p>\n<p data-start=\"1110\" data-end=\"1127\">T\u00e4rkeimm\u00e4t ominaisuudet:<\/p>\n<ul data-start=\"1128\" data-end=\"1374\">\n<li data-section-id=\"1m5h759\" data-start=\"1128\" data-end=\"1177\">\n<p data-start=\"1130\" data-end=\"1177\">Eritt\u00e4in puhdas grafiittiupokas ja siemenpidike<\/p>\n<\/li>\n<li data-section-id=\"obcs2k\" data-start=\"1178\" data-end=\"1239\">\n<p data-start=\"1180\" data-end=\"1239\">Integroitu termopari + infrapunal\u00e4mp\u00f6tilan valvonta<\/p>\n<\/li>\n<li data-section-id=\"1ahok9n\" data-start=\"1240\" data-end=\"1284\">\n<p data-start=\"1242\" data-end=\"1284\">Tyhji\u00f6- ja suojakaasuvirtauksen s\u00e4\u00e4t\u00f6j\u00e4rjestelm\u00e4<\/p>\n<\/li>\n<li data-section-id=\"ltafbu\" data-start=\"1285\" data-end=\"1324\">\n<p data-start=\"1287\" data-end=\"1324\">PLC-pohjainen automaattinen prosessinohjaus<\/p>\n<\/li>\n<li data-section-id=\"1ubyld1\" data-start=\"1325\" data-end=\"1374\">\n<p data-start=\"1327\" data-end=\"1374\">J\u00e4\u00e4hdytyksen ja pakokaasujen k\u00e4sittelyn integrointi<\/p>\n<\/li>\n<\/ul>\n<p data-start=\"1376\" data-end=\"1391\">Edut:<\/p>\n<ul data-start=\"1392\" data-end=\"1507\">\n<li data-section-id=\"1skc6sa\" data-start=\"1392\" data-end=\"1432\">\n<p data-start=\"1394\" data-end=\"1432\">Kyps\u00e4 ja laajalti hyv\u00e4ksytty teknologia<\/p>\n<\/li>\n<li data-section-id=\"696hi4\" data-start=\"1433\" data-end=\"1466\">\n<p data-start=\"1435\" data-end=\"1466\">Suhteellisen alhaiset laitekustannukset<\/p>\n<\/li>\n<li data-section-id=\"4ihzdk\" data-start=\"1467\" data-end=\"1507\">\n<p data-start=\"1469\" data-end=\"1507\">Soveltuu SiC-kiteiden kasvattamiseen irtotavarana<\/p>\n<\/li>\n<\/ul>\n<p data-start=\"1509\" data-end=\"1526\">Sovellukset:<\/p>\n<ul data-start=\"1527\" data-end=\"1590\">\n<li data-section-id=\"16plruj\" data-start=\"1527\" data-end=\"1590\">\n<p data-start=\"1529\" data-end=\"1590\">Puolierist\u00e4vien ja johtavien SiC-substraattien tuotanto<\/p>\n<\/li>\n<\/ul>\n<h3 data-section-id=\"1lkfnea\" data-start=\"1597\" data-end=\"1659\"><span role=\"text\">2. Korkean l\u00e4mp\u00f6tilan kemiallinen h\u00f6yrystys (HT-CVD)<\/span><\/h3>\n<p data-start=\"1661\" data-end=\"1794\"><img decoding=\"async\" class=\"size-medium wp-image-1954 alignright\" src=\"https:\/\/www.zmsh-semitech.com\/wp-content\/uploads\/2026\/03\/Sic-Crystal-Growth-Furnace-PVT-LPE-HT-CVD-High-Quality-Sic-Single-Crystal-Growth-Method6-300x96.jpg\" alt=\"\" width=\"300\" height=\"96\" srcset=\"https:\/\/www.zmsh-semitech.com\/wp-content\/uploads\/2026\/03\/Sic-Crystal-Growth-Furnace-PVT-LPE-HT-CVD-High-Quality-Sic-Single-Crystal-Growth-Method6-300x96.jpg 300w, https:\/\/www.zmsh-semitech.com\/wp-content\/uploads\/2026\/03\/Sic-Crystal-Growth-Furnace-PVT-LPE-HT-CVD-High-Quality-Sic-Single-Crystal-Growth-Method6-18x6.jpg 18w, https:\/\/www.zmsh-semitech.com\/wp-content\/uploads\/2026\/03\/Sic-Crystal-Growth-Furnace-PVT-LPE-HT-CVD-High-Quality-Sic-Single-Crystal-Growth-Method6-600x192.jpg 600w, https:\/\/www.zmsh-semitech.com\/wp-content\/uploads\/2026\/03\/Sic-Crystal-Growth-Furnace-PVT-LPE-HT-CVD-High-Quality-Sic-Single-Crystal-Growth-Method6.jpg 669w\" sizes=\"(max-width: 300px) 100vw, 300px\" \/>Prosessin periaate:<br data-start=\"1683\" data-end=\"1686\" \/>Eritt\u00e4in puhtaat kaasut (esim. SiH\u2084 + C\u2082H\u2084 \/ C\u2083H\u2088) hajoavat 1800-2300 \u00b0C:ssa ja laskeutuvat SiC:n siemenkiteeseen.<\/p>\n<p data-start=\"1796\" data-end=\"1813\">T\u00e4rkeimm\u00e4t ominaisuudet:<\/p>\n<ul data-start=\"1814\" data-end=\"2010\">\n<li data-section-id=\"136qfh6\" data-start=\"1814\" data-end=\"1864\">\n<p data-start=\"1816\" data-end=\"1864\">Induktiol\u00e4mmitys s\u00e4hk\u00f6magneettisen kytkenn\u00e4n avulla<\/p>\n<\/li>\n<li data-section-id=\"a59yxr\" data-start=\"1865\" data-end=\"1919\">\n<p data-start=\"1867\" data-end=\"1919\">Vakaa kaasun sy\u00f6tt\u00f6j\u00e4rjestelm\u00e4 (He \/ H\u2082-kantajakaasut).<\/p>\n<\/li>\n<li data-section-id=\"1cbw0ya\" data-start=\"1920\" data-end=\"1980\">\n<p data-start=\"1922\" data-end=\"1980\">Hallittu l\u00e4mp\u00f6tilagradientti kiteiden tiivistymist\u00e4 varten<\/p>\n<\/li>\n<li data-section-id=\"xx40zc\" data-start=\"1981\" data-end=\"2010\">\n<p data-start=\"1983\" data-end=\"2010\">Tarkka seostuskyky<\/p>\n<\/li>\n<\/ul>\n<p data-start=\"2012\" data-end=\"2027\">Edut:<\/p>\n<ul data-start=\"2028\" data-end=\"2102\">\n<li data-section-id=\"xejhn5\" data-start=\"2028\" data-end=\"2050\">\n<p data-start=\"2030\" data-end=\"2050\">Alhainen vikatiheys<\/p>\n<\/li>\n<li data-section-id=\"126pemv\" data-start=\"2051\" data-end=\"2074\">\n<p data-start=\"2053\" data-end=\"2074\">Korkea kristallien puhtaus<\/p>\n<\/li>\n<li data-section-id=\"u0lupt\" data-start=\"2075\" data-end=\"2102\">\n<p data-start=\"2077\" data-end=\"2102\">Joustava dopingvalvonta<\/p>\n<\/li>\n<\/ul>\n<p data-start=\"2104\" data-end=\"2121\">Sovellukset:<\/p>\n<ul data-start=\"2122\" data-end=\"2185\">\n<li data-section-id=\"1b8jolu\" data-start=\"2122\" data-end=\"2185\">\n<p data-start=\"2124\" data-end=\"2185\">Korkean suorituskyvyn SiC-kiekot kehittyneisiin elektroniikkalaitteisiin<\/p>\n<\/li>\n<\/ul>\n<h3 data-section-id=\"1gxz1d4\" data-start=\"2192\" data-end=\"2229\"><span role=\"text\">3. Nestem\u00e4isen faasin epitaksia (LPE)<\/span><\/h3>\n<p data-start=\"2231\" data-end=\"2390\"><img loading=\"lazy\" decoding=\"async\" class=\"size-medium wp-image-1955 alignright\" src=\"https:\/\/www.zmsh-semitech.com\/wp-content\/uploads\/2026\/03\/Sic-Crystal-Growth-Furnace-PVT-LPE-HT-CVD-High-Quality-Sic-Single-Crystal-Growth-Method7-300x133.jpg\" alt=\"\" width=\"300\" height=\"133\" srcset=\"https:\/\/www.zmsh-semitech.com\/wp-content\/uploads\/2026\/03\/Sic-Crystal-Growth-Furnace-PVT-LPE-HT-CVD-High-Quality-Sic-Single-Crystal-Growth-Method7-300x133.jpg 300w, https:\/\/www.zmsh-semitech.com\/wp-content\/uploads\/2026\/03\/Sic-Crystal-Growth-Furnace-PVT-LPE-HT-CVD-High-Quality-Sic-Single-Crystal-Growth-Method7-18x8.jpg 18w, https:\/\/www.zmsh-semitech.com\/wp-content\/uploads\/2026\/03\/Sic-Crystal-Growth-Furnace-PVT-LPE-HT-CVD-High-Quality-Sic-Single-Crystal-Growth-Method7-600x266.jpg 600w, https:\/\/www.zmsh-semitech.com\/wp-content\/uploads\/2026\/03\/Sic-Crystal-Growth-Furnace-PVT-LPE-HT-CVD-High-Quality-Sic-Single-Crystal-Growth-Method7.jpg 680w\" sizes=\"(max-width: 300px) 100vw, 300px\" \/>Prosessin periaate:<br data-start=\"2253\" data-end=\"2256\" \/>Si ja C liukenevat korkean l\u00e4mp\u00f6tilan liuokseen (~1800 \u00b0C), ja SiC kiteytyy ylikyll\u00e4isest\u00e4 sulasta hallitun j\u00e4\u00e4hdytyksen aikana.<\/p>\n<p data-start=\"2392\" data-end=\"2409\">T\u00e4rkeimm\u00e4t ominaisuudet:<\/p>\n<ul data-start=\"2410\" data-end=\"2570\">\n<li data-section-id=\"1l354m9\" data-start=\"2410\" data-end=\"2449\">\n<p data-start=\"2412\" data-end=\"2449\">Laadukas epitaksikerroksen kasvu<\/p>\n<\/li>\n<li data-section-id=\"1f5uz6v\" data-start=\"2450\" data-end=\"2488\">\n<p data-start=\"2452\" data-end=\"2488\">Alhainen vikatiheys ja korkea puhtaus<\/p>\n<\/li>\n<li data-section-id=\"1da15oj\" data-start=\"2489\" data-end=\"2531\">\n<p data-start=\"2491\" data-end=\"2531\">Suhteellisen v\u00e4h\u00e4iset laitevaatimukset<\/p>\n<\/li>\n<li data-section-id=\"apgmow\" data-start=\"2532\" data-end=\"2570\">\n<p data-start=\"2534\" data-end=\"2570\">Skaalautuva teolliseen tuotantoon<\/p>\n<\/li>\n<\/ul>\n<p data-start=\"2572\" data-end=\"2587\">Edut:<\/p>\n<ul data-start=\"2588\" data-end=\"2646\">\n<li data-section-id=\"1lh17wx\" data-start=\"2588\" data-end=\"2609\">\n<p data-start=\"2590\" data-end=\"2609\">Pienemm\u00e4t kasvukustannukset<\/p>\n<\/li>\n<li data-section-id=\"7sa3sd\" data-start=\"2610\" data-end=\"2646\">\n<p data-start=\"2612\" data-end=\"2646\">Epitaksikerroksen laadun parantaminen<\/p>\n<\/li>\n<\/ul>\n<p data-start=\"2648\" data-end=\"2665\">Sovellukset:<\/p>\n<ul data-start=\"2666\" data-end=\"2761\">\n<li data-section-id=\"u4ixfp\" data-start=\"2666\" data-end=\"2710\">\n<p data-start=\"2668\" data-end=\"2710\">Epitaksiaalikerroksen kasvattaminen SiC-substraateilla<\/p>\n<\/li>\n<li data-section-id=\"5zhtvl\" data-start=\"2711\" data-end=\"2761\">\n<p data-start=\"2713\" data-end=\"2761\">Tehokkaiden teholaitteiden valmistus<\/p>\n<\/li>\n<\/ul>\n<h2 data-section-id=\"1ttn0lq\" data-start=\"2768\" data-end=\"2795\"><span role=\"text\">Tekniset edut<\/span><\/h2>\n<ul data-start=\"2797\" data-end=\"3035\">\n<li data-section-id=\"js25p8\" data-start=\"2797\" data-end=\"2837\">\n<p data-start=\"2799\" data-end=\"2837\">Korkean l\u00e4mp\u00f6tilan toiminta (&gt;2000\u00b0C)<\/p>\n<\/li>\n<li data-section-id=\"1jqlm2f\" data-start=\"2838\" data-end=\"2876\">\n<p data-start=\"2840\" data-end=\"2876\">Vakaa tyhji\u00f6 ja kaasuvirran s\u00e4\u00e4t\u00f6<\/p>\n<\/li>\n<li data-section-id=\"gf25zn\" data-start=\"2877\" data-end=\"2911\">\n<p data-start=\"2879\" data-end=\"2911\">Kehittynyt PLC-automaatioj\u00e4rjestelm\u00e4<\/p>\n<\/li>\n<li data-section-id=\"1oe212f\" data-start=\"2912\" data-end=\"2974\">\n<p data-start=\"2914\" data-end=\"2974\">Mukautettava uunin rakenne (koko, kokoonpano, prosessi)<\/p>\n<\/li>\n<li data-section-id=\"1qtodg6\" data-start=\"2975\" data-end=\"3035\">\n<p data-start=\"2977\" data-end=\"3035\">Yhteensopiva 4-6 tuuman SiC-kidekasvun kanssa (laajennettavissa)<\/p>\n<\/li>\n<\/ul>\n<h2 data-section-id=\"i1urdn\" data-start=\"3042\" data-end=\"3065\"><span role=\"text\">Kyvykkyytemme<\/span><\/h2>\n<h3 data-section-id=\"1euwnkw\" data-start=\"3067\" data-end=\"3094\"><span role=\"text\">1. Laitetoimitukset<\/span><\/h3>\n<p data-start=\"3095\" data-end=\"3164\">Tarjoamme t\u00e4ysin suunniteltuja SiC-kiteiden kasvatusuunia, jotka on suunniteltu:<\/p>\n<ul data-start=\"3165\" data-end=\"3275\">\n<li data-section-id=\"o9p6qu\" data-start=\"3165\" data-end=\"3200\">\n<p data-start=\"3167\" data-end=\"3200\">Eritt\u00e4in puhdas puolierist\u00e4v\u00e4 SiC<\/p>\n<\/li>\n<li data-section-id=\"11vwiq6\" data-start=\"3201\" data-end=\"3238\">\n<p data-start=\"3203\" data-end=\"3238\">Johtavien SiC-kiteiden tuotanto<\/p>\n<\/li>\n<li data-section-id=\"10vy7s\" data-start=\"3239\" data-end=\"3275\">\n<p data-start=\"3241\" data-end=\"3275\">Er\u00e4valmistusta koskevat vaatimukset<\/p>\n<\/li>\n<\/ul>\n<h3 data-section-id=\"phctqp\" data-start=\"3282\" data-end=\"3323\"><span role=\"text\">2. Raaka-aineiden ja kristallien hankinta<\/span><\/h3>\n<p data-start=\"3324\" data-end=\"3334\">Toimitamme:<\/p>\n<ul data-start=\"3335\" data-end=\"3401\">\n<li data-section-id=\"1ggi3jo\" data-start=\"3335\" data-end=\"3359\">\n<p data-start=\"3337\" data-end=\"3359\">SiC-l\u00e4ht\u00f6aineet<\/p>\n<\/li>\n<li data-section-id=\"h3kpam\" data-start=\"3360\" data-end=\"3377\">\n<p data-start=\"3362\" data-end=\"3377\">Siemenkiteet<\/p>\n<\/li>\n<li data-section-id=\"1rb4g8j\" data-start=\"3378\" data-end=\"3401\">\n<p data-start=\"3380\" data-end=\"3401\">Prosessin tarvikkeet<\/p>\n<\/li>\n<\/ul>\n<p data-start=\"3403\" data-end=\"3479\">Kaikille materiaaleille tehd\u00e4\u00e4n tiukka laatutarkastus prosessin vakauden varmistamiseksi.<\/p>\n<h3 data-section-id=\"lzu290\" data-start=\"3486\" data-end=\"3531\"><span role=\"text\">3. Prosessin kehitt\u00e4minen ja optimointi<\/span><\/h3>\n<p data-start=\"3532\" data-end=\"3562\">Insin\u00f6\u00f6ritiimimme tukee:<\/p>\n<ul data-start=\"3563\" data-end=\"3669\">\n<li data-section-id=\"1hou4gz\" data-start=\"3563\" data-end=\"3593\">\n<p data-start=\"3565\" data-end=\"3593\">R\u00e4\u00e4t\u00e4l\u00f6ityjen prosessien kehitt\u00e4minen<\/p>\n<\/li>\n<li data-section-id=\"1t2cez5\" data-start=\"3594\" data-end=\"3627\">\n<p data-start=\"3596\" data-end=\"3627\">Kasvuparametrien optimointi<\/p>\n<\/li>\n<li data-section-id=\"1bd6gqh\" data-start=\"3628\" data-end=\"3669\">\n<p data-start=\"3630\" data-end=\"3669\">Saannon ja kiteen laadun parantaminen<\/p>\n<\/li>\n<\/ul>\n<h3 data-section-id=\"sd0tuu\" data-start=\"3676\" data-end=\"3715\"><span role=\"text\">4. Koulutus ja tekninen tuki<\/span><\/h3>\n<p data-start=\"3716\" data-end=\"3725\">Tarjoamme:<\/p>\n<ul data-start=\"3726\" data-end=\"3832\">\n<li data-section-id=\"8xwlms\" data-start=\"3726\" data-end=\"3755\">\n<p data-start=\"3728\" data-end=\"3755\">Paikan p\u00e4\u00e4ll\u00e4 \/ et\u00e4koulutus<\/p>\n<\/li>\n<li data-section-id=\"113ldb5\" data-start=\"3756\" data-end=\"3788\">\n<p data-start=\"3758\" data-end=\"3788\">Laitteiden k\u00e4yt\u00f6n opastus<\/p>\n<\/li>\n<li data-section-id=\"19iv12h\" data-start=\"3789\" data-end=\"3832\">\n<p data-start=\"3791\" data-end=\"3832\">Huolto- ja vianm\u00e4\u00e4ritystuki<\/p>\n<\/li>\n<\/ul>\n<h2 data-section-id=\"elc90z\" data-start=\"3839\" data-end=\"3849\"><span role=\"text\">FAQ<\/span><\/h2>\n<p data-start=\"3851\" data-end=\"4022\">Q1: Mitk\u00e4 ovat t\u00e4rkeimm\u00e4t SiC-kiteiden kasvumenetelm\u00e4t?<br data-start=\"3904\" data-end=\"3907\" \/>V: Ensisijaisia menetelmi\u00e4 ovat PVT, HT-CVD ja LPE, joista kukin soveltuu eri sovelluksiin ja tuotantotavoitteisiin.<\/p>\n<p data-start=\"4024\" data-end=\"4230\">Q2: Mik\u00e4 on nestem\u00e4isen faasin epitaksia (LPE)?<br data-start=\"4067\" data-end=\"4070\" \/>A: LPE on liuokseen perustuva kasvumenetelm\u00e4, jossa kyll\u00e4inen sula j\u00e4\u00e4hdytet\u00e4\u00e4n hitaasti, jotta kiteet kasvavat substraatilla, mik\u00e4 mahdollistaa korkealaatuiset epitaksikerrokset.<\/p>\n<h2 data-section-id=\"1wz3rnt\" data-start=\"4237\" data-end=\"4278\"><span role=\"text\">Miksi valita SiC-kasvuuunimme?<\/span><\/h2>\n<ul data-start=\"4280\" data-end=\"4496\">\n<li data-section-id=\"1nz5fyj\" data-start=\"4280\" data-end=\"4330\">\n<p data-start=\"4282\" data-end=\"4330\">Todistettu insin\u00f6\u00f6rikokemus SiC-laitteista<\/p>\n<\/li>\n<li data-section-id=\"dw2cfr\" data-start=\"4331\" data-end=\"4382\">\n<p data-start=\"4333\" data-end=\"4382\">Monimenetelm\u00e4yhteensopivuus (PVT \/ HT-CVD \/ LPE)<\/p>\n<\/li>\n<li data-section-id=\"xciqsn\" data-start=\"4383\" data-end=\"4435\">\n<p data-start=\"4385\" data-end=\"4435\">R\u00e4\u00e4t\u00e4l\u00f6idyt ratkaisut eri tuotantomittakaavoihin<\/p>\n<\/li>\n<li data-section-id=\"s3dika\" data-start=\"4436\" data-end=\"4496\">\n<p data-start=\"4438\" data-end=\"4496\">Koko elinkaaren tuki (laitteet + materiaalit + prosessi)<\/p>\n<\/li>\n<\/ul>","protected":false},"excerpt":{"rendered":"<p data-start=\"204\" data-end=\"416\">SiC-kiteiden kasvatusuuni on kriittinen laite korkealaatuisten piikarbidikiteiden (SiC) valmistukseen, joita k\u00e4ytet\u00e4\u00e4n tehoelektroniikassa, RF-laitteissa ja kehittyneiss\u00e4 puolijohdesovelluksissa.<\/p>\n<p data-start=\"418\" data-end=\"489\">J\u00e4rjestelm\u00e4mme tukevat useita valtavirran kasvutekniikoita, kuten:<\/p>","protected":false},"featured_media":1949,"comment_status":"open","ping_status":"closed","template":"","meta":{"site-sidebar-layout":"default","site-content-layout":"","ast-site-content-layout":"default","site-content-style":"default","site-sidebar-style":"default","ast-global-header-display":"","ast-banner-title-visibility":"","ast-main-header-display":"","ast-hfb-above-header-display":"","ast-hfb-below-header-display":"","ast-hfb-mobile-header-display":"","site-post-title":"","ast-breadcrumbs-content":"","ast-featured-img":"","footer-sml-layout":"","ast-disable-related-posts":"","theme-transparent-header-meta":"default","adv-header-id-meta":"","stick-header-meta":"default","header-above-stick-meta":"","header-main-stick-meta":"","header-below-stick-meta":"","astra-migrate-meta-layouts":"set","ast-page-background-enabled":"default","ast-page-background-meta":{"desktop":{"background-color":"var(--ast-global-color-4)","background-image":"","background-repeat":"repeat","background-position":"center center","background-size":"auto","background-attachment":"scroll","background-type":"","background-media":"","overlay-type":"","overlay-color":"","overlay-opacity":"","overlay-gradient":""},"tablet":{"background-color":"","background-image":"","background-repeat":"repeat","background-position":"center center","background-size":"auto","background-attachment":"scroll","background-type":"","background-media":"","overlay-type":"","overlay-color":"","overlay-opacity":"","overlay-gradient":""},"mobile":{"background-color":"","background-image":"","background-repeat":"repeat","background-position":"center center","background-size":"auto","background-attachment":"scroll","background-type":"","background-media":"","overlay-type":"","overlay-color":"","overlay-opacity":"","overlay-gradient":""}},"ast-content-background-meta":{"desktop":{"background-color":"var(--ast-global-color-5)","background-image":"","background-repeat":"repeat","background-position":"center center","background-size":"auto","background-attachment":"scroll","background-type":"","background-media":"","overlay-type":"","overlay-color":"","overlay-opacity":"","overlay-gradient":""},"tablet":{"background-color":"var(--ast-global-color-5)","background-image":"","background-repeat":"repeat","background-position":"center center","background-size":"auto","background-attachment":"scroll","background-type":"","background-media":"","overlay-type":"","overlay-color":"","overlay-opacity":"","overlay-gradient":""},"mobile":{"background-color":"var(--ast-global-color-5)","background-image":"","background-repeat":"repeat","background-position":"center center","background-size":"auto","background-attachment":"scroll","background-type":"","background-media":"","overlay-type":"","overlay-color":"","overlay-opacity":"","overlay-gradient":""}}},"product_brand":[],"product_cat":[15],"product_tag":[454,455,453,110,451,459,457,456,452,458],"class_list":{"0":"post-1948","1":"product","2":"type-product","3":"status-publish","4":"has-post-thumbnail","6":"product_cat-crystal-growth-furnace","7":"product_tag-ht-cvd-sic","8":"product_tag-lpe-epitaxy-sic","9":"product_tag-pvt-sic-growth","10":"product_tag-semiconductor-equipment","11":"product_tag-sic-crystal-growth-furnace","12":"product_tag-sic-epitaxy-growth","13":"product_tag-sic-single-crystal-growth","14":"product_tag-sic-wafer-production","15":"product_tag-silicon-carbide-furnace","16":"product_tag-silicon-carbide-substrate","17":"desktop-align-left","18":"tablet-align-left","19":"mobile-align-left","20":"ast-product-gallery-layout-horizontal-slider","21":"ast-product-tabs-layout-horizontal","23":"first","24":"instock","25":"shipping-taxable","26":"product-type-simple"},"_links":{"self":[{"href":"https:\/\/www.zmsh-semitech.com\/fi\/wp-json\/wp\/v2\/product\/1948","targetHints":{"allow":["GET"]}}],"collection":[{"href":"https:\/\/www.zmsh-semitech.com\/fi\/wp-json\/wp\/v2\/product"}],"about":[{"href":"https:\/\/www.zmsh-semitech.com\/fi\/wp-json\/wp\/v2\/types\/product"}],"replies":[{"embeddable":true,"href":"https:\/\/www.zmsh-semitech.com\/fi\/wp-json\/wp\/v2\/comments?post=1948"}],"version-history":[{"count":2,"href":"https:\/\/www.zmsh-semitech.com\/fi\/wp-json\/wp\/v2\/product\/1948\/revisions"}],"predecessor-version":[{"id":1957,"href":"https:\/\/www.zmsh-semitech.com\/fi\/wp-json\/wp\/v2\/product\/1948\/revisions\/1957"}],"wp:featuredmedia":[{"embeddable":true,"href":"https:\/\/www.zmsh-semitech.com\/fi\/wp-json\/wp\/v2\/media\/1949"}],"wp:attachment":[{"href":"https:\/\/www.zmsh-semitech.com\/fi\/wp-json\/wp\/v2\/media?parent=1948"}],"wp:term":[{"taxonomy":"product_brand","embeddable":true,"href":"https:\/\/www.zmsh-semitech.com\/fi\/wp-json\/wp\/v2\/product_brand?post=1948"},{"taxonomy":"product_cat","embeddable":true,"href":"https:\/\/www.zmsh-semitech.com\/fi\/wp-json\/wp\/v2\/product_cat?post=1948"},{"taxonomy":"product_tag","embeddable":true,"href":"https:\/\/www.zmsh-semitech.com\/fi\/wp-json\/wp\/v2\/product_tag?post=1948"}],"curies":[{"name":"wp","href":"https:\/\/api.w.org\/{rel}","templated":true}]}}