{"id":1753,"date":"2026-01-23T02:18:28","date_gmt":"2026-01-23T02:18:28","guid":{"rendered":"https:\/\/www.zmsh-semitech.com\/?post_type=product&#038;p=1753"},"modified":"2026-01-23T02:18:28","modified_gmt":"2026-01-23T02:18:28","slug":"sapphire-crystal-growth-furnace-for-80-400-kg-crystals-using-the-kyropoulos-ky-method","status":"publish","type":"product","link":"https:\/\/www.zmsh-semitech.com\/fi\/product\/sapphire-crystal-growth-furnace-for-80-400-kg-crystals-using-the-kyropoulos-ky-method\/","title":{"rendered":"Safiirikiteiden kasvatusuuni 80-400 kg:n kiteille Kyropoulos-menetelm\u00e4ll\u00e4 (KY)"},"content":{"rendered":"<h2 data-start=\"286\" data-end=\"309\">Tuotteen yleiskatsaus<img fetchpriority=\"high\" decoding=\"async\" class=\"size-medium wp-image-1757 alignright\" src=\"https:\/\/www.zmsh-semitech.com\/wp-content\/uploads\/2026\/01\/pl203679978-sapphire_crystal_growth_furnace_80_400kg_by_the_kyropoulos_method_ky5-300x300.jpg\" alt=\"\" width=\"300\" height=\"300\" srcset=\"https:\/\/www.zmsh-semitech.com\/wp-content\/uploads\/2026\/01\/pl203679978-sapphire_crystal_growth_furnace_80_400kg_by_the_kyropoulos_method_ky5-300x300.jpg 300w, https:\/\/www.zmsh-semitech.com\/wp-content\/uploads\/2026\/01\/pl203679978-sapphire_crystal_growth_furnace_80_400kg_by_the_kyropoulos_method_ky5-150x150.jpg 150w, https:\/\/www.zmsh-semitech.com\/wp-content\/uploads\/2026\/01\/pl203679978-sapphire_crystal_growth_furnace_80_400kg_by_the_kyropoulos_method_ky5-100x100.jpg 100w, https:\/\/www.zmsh-semitech.com\/wp-content\/uploads\/2026\/01\/pl203679978-sapphire_crystal_growth_furnace_80_400kg_by_the_kyropoulos_method_ky5.jpg 540w\" sizes=\"(max-width: 300px) 100vw, 300px\" \/><\/h2>\n<p data-start=\"311\" data-end=\"563\">ZMSH KY Sapphire Crystal Growth Furnace on korkean l\u00e4mp\u00f6tilan kiteenkasvatusj\u00e4rjestelm\u00e4, joka on suunniteltu suurikokoisten safiirikiteiden tuotantoon ja joka tukee kiteiden painoja 80 kg:sta 400 kg:aan Kyropoulos (KY) -kasvumenetelm\u00e4\u00e4 k\u00e4ytt\u00e4en.<\/p>\n<p data-start=\"565\" data-end=\"963\">Uuni on optimoitu safiirin hallittuun j\u00e4hmettymiseen alhaisissa l\u00e4mp\u00f6j\u00e4nnitysolosuhteissa. Yhdist\u00e4m\u00e4ll\u00e4 vakaan l\u00e4mp\u00f6kentt\u00e4suunnittelun, tarkan l\u00e4mp\u00f6tilan s\u00e4\u00e4d\u00f6n sek\u00e4 eritt\u00e4in korkean tyhji\u00f6n ja kaasuilmakeh\u00e4n hallinnan j\u00e4rjestelm\u00e4 mahdollistaa korkealaatuisten, v\u00e4h\u00e4virheisten safiirikiteiden kasvattamisen, jotka soveltuvat puolijohde-, optisiin ja kehittyneisiin teollisuussovelluksiin.<\/p>\n<p data-start=\"965\" data-end=\"1187\">Verrattuna perinteisiin Czochralski (CZ) -kasvatusj\u00e4rjestelmiin KY-menetelm\u00e4 v\u00e4hent\u00e4\u00e4 merkitt\u00e4v\u00e4sti sis\u00e4ist\u00e4 j\u00e4nnityst\u00e4 ja sijoittelutiheytt\u00e4, joten se soveltuu paremmin halkaisijaltaan suurten ja paksujen safiirikiteiden tuotantoon.<\/p>\n<h2 data-start=\"1194\" data-end=\"1229\">Kyropoulos Growth Technology<\/h2>\n<p data-start=\"1231\" data-end=\"1402\">Kyropoulos-menetelm\u00e4n ansiosta safiirikiteet kasvavat hitaasti sulassa mekaanisen vet\u00e4misen ollessa v\u00e4h\u00e4ist\u00e4. Kide pysyy suurelta osin kelluvuuden tukemana, mik\u00e4 mahdollistaa:<\/p>\n<ul data-start=\"1404\" data-end=\"1504\">\n<li data-start=\"1404\" data-end=\"1431\">\n<p data-start=\"1406\" data-end=\"1431\">Alemmat l\u00e4mp\u00f6gradientit<\/p>\n<\/li>\n<li data-start=\"1432\" data-end=\"1461\">\n<p data-start=\"1434\" data-end=\"1461\">V\u00e4hentynyt mekaaninen rasitus<\/p>\n<\/li>\n<li data-start=\"1462\" data-end=\"1504\">\n<p data-start=\"1464\" data-end=\"1504\">Parempi kiderakenteen yhdenmukaisuus<\/p>\n<\/li>\n<\/ul>\n<p data-start=\"1506\" data-end=\"1646\">T\u00e4m\u00e4 kasvatusmenetelm\u00e4 on erityisen tehokas, kun halutaan tuottaa suuria, paksuja safiiripalloja, joilla on vakaat optiset ja mekaaniset ominaisuudet.<\/p>\n<h2 data-start=\"1653\" data-end=\"1685\">Kristallien kasvukyky<\/h2>\n<ul data-start=\"1687\" data-end=\"1836\">\n<li data-start=\"1687\" data-end=\"1724\">\n<p data-start=\"1689\" data-end=\"1724\">Kristallien painoalue: 80-400 kg<\/p>\n<\/li>\n<li data-start=\"1725\" data-end=\"1758\">\n<p data-start=\"1727\" data-end=\"1758\">Kristallin halkaisija: 10-500 mm<\/p>\n<\/li>\n<li data-start=\"1759\" data-end=\"1793\">\n<p data-start=\"1761\" data-end=\"1793\">Kristallin paksuus: 50-300 mm<\/p>\n<\/li>\n<li data-start=\"1794\" data-end=\"1836\">\n<p data-start=\"1796\" data-end=\"1836\">Kasvuvauhti: (s\u00e4\u00e4dett\u00e4viss\u00e4)<\/p>\n<\/li>\n<\/ul>\n<p data-start=\"1838\" data-end=\"1968\">Uunin konfiguraatio voidaan mukauttaa vastaamaan tiettyj\u00e4 kiteiden kokotavoitteita ja my\u00f6hemm\u00e4n jalostusasteen kiekko- tai komponenttivaatimuksia.<\/p>\n<h2 data-start=\"1975\" data-end=\"2006\">T\u00e4rkeimm\u00e4t tekniset edut<\/h2>\n<h3 data-start=\"2008\" data-end=\"2044\">Vakaa l\u00e4mp\u00f6kent\u00e4n ohjaus<\/h3>\n<p data-start=\"2045\" data-end=\"2272\"><img decoding=\"async\" class=\"size-medium wp-image-1756 alignleft\" src=\"https:\/\/www.zmsh-semitech.com\/wp-content\/uploads\/2026\/01\/pl203679971-sapphire_crystal_growth_furnace_80_400kg_by_the_kyropoulos_method_ky4-300x300.jpg\" alt=\"\" width=\"300\" height=\"300\" srcset=\"https:\/\/www.zmsh-semitech.com\/wp-content\/uploads\/2026\/01\/pl203679971-sapphire_crystal_growth_furnace_80_400kg_by_the_kyropoulos_method_ky4-300x300.jpg 300w, https:\/\/www.zmsh-semitech.com\/wp-content\/uploads\/2026\/01\/pl203679971-sapphire_crystal_growth_furnace_80_400kg_by_the_kyropoulos_method_ky4-150x150.jpg 150w, https:\/\/www.zmsh-semitech.com\/wp-content\/uploads\/2026\/01\/pl203679971-sapphire_crystal_growth_furnace_80_400kg_by_the_kyropoulos_method_ky4-100x100.jpg 100w, https:\/\/www.zmsh-semitech.com\/wp-content\/uploads\/2026\/01\/pl203679971-sapphire_crystal_growth_furnace_80_400kg_by_the_kyropoulos_method_ky4.jpg 540w\" sizes=\"(max-width: 300px) 100vw, 300px\" \/>Uunissa on tasapainoinen l\u00e4mp\u00f6kentt\u00e4rakenne, jossa on eritt\u00e4in tarkka l\u00e4mp\u00f6tilan s\u00e4\u00e4t\u00f6. L\u00e4mp\u00f6tilan vakaus kasvuvy\u00f6hykkeell\u00e4 auttaa tukahduttamaan l\u00e4mp\u00f6j\u00e4nnityksen, minimoimaan halkeiluriskin ja parantamaan kiteiden saantoa.<\/p>\n<h3 data-start=\"2274\" data-end=\"2312\">Eritt\u00e4in puhdas kasvuymp\u00e4rist\u00f6<\/h3>\n<p data-start=\"2313\" data-end=\"2505\">Toiminta eritt\u00e4in korkeassa tyhji\u00f6ss\u00e4 (\u22641\u00d710-\u2076 Pa) ja valvotussa argon- \/ vetykaasuilmakeh\u00e4ss\u00e4 takaa alhaisen kontaminaatiotason ja vakaat sulatusolosuhteet pitkien kasvusyklien ajan.<\/p>\n<h3 data-start=\"2507\" data-end=\"2549\">Kosketukseton kristallien kasvuprosessi<\/h3>\n<p data-start=\"2550\" data-end=\"2700\">KY-menetelm\u00e4 minimoi mekaanisen vuorovaikutuksen siemenkiteen ja vetoj\u00e4rjestelm\u00e4n v\u00e4lill\u00e4, mik\u00e4 v\u00e4hent\u00e4\u00e4 kontaminaation ja rakenteellisten vikojen riski\u00e4.<\/p>\n<h3 data-start=\"2702\" data-end=\"2736\">Skaalautuva teollinen muotoilu<\/h3>\n<p data-start=\"2737\" data-end=\"2900\">J\u00e4rjestelm\u00e4 tukee sek\u00e4 keskisuuren ett\u00e4 suuren mittakaavan safiirikiteiden kasvatusta, ja se voidaan mukauttaa eri kokoisille kiteille modulaarisen uunin kokoonpanon avulla.<\/p>\n<h2 data-start=\"2907\" data-end=\"2934\">Tyypilliset sovellukset<\/h2>\n<ul data-start=\"2936\" data-end=\"3162\">\n<li data-start=\"2936\" data-end=\"2988\">\n<p data-start=\"2938\" data-end=\"2988\">Puolijohteiden k\u00e4sittelyss\u00e4 k\u00e4ytett\u00e4v\u00e4t safiirialustat<\/p>\n<\/li>\n<li data-start=\"2989\" data-end=\"3029\">\n<p data-start=\"2991\" data-end=\"3029\">Optiset ikkunat ja laserkomponentit<\/p>\n<\/li>\n<li data-start=\"3030\" data-end=\"3066\">\n<p data-start=\"3032\" data-end=\"3066\">LED- ja optoelektroniset materiaalit<\/p>\n<\/li>\n<li data-start=\"3067\" data-end=\"3116\">\n<p data-start=\"3069\" data-end=\"3116\">Infrapuna- ja korkean l\u00e4mp\u00f6tilan optiset j\u00e4rjestelm\u00e4t<\/p>\n<\/li>\n<li data-start=\"3117\" data-end=\"3162\">\n<p data-start=\"3119\" data-end=\"3162\">Suojaikkunat vaativiin ymp\u00e4rist\u00f6ihin<\/p>\n<\/li>\n<\/ul>\n<h2 data-start=\"3169\" data-end=\"3200\">Tekniset tiedot<\/h2>\n<h3 data-start=\"3202\" data-end=\"3236\">Uunin yleiset parametrit<\/h3>\n<div class=\"TyagGW_tableContainer\">\n<div class=\"group TyagGW_tableWrapper flex flex-col-reverse w-fit\" tabindex=\"-1\">\n<table class=\"w-fit min-w-(--thread-content-width)\" data-start=\"3238\" data-end=\"3788\">\n<thead data-start=\"3238\" data-end=\"3262\">\n<tr data-start=\"3238\" data-end=\"3262\">\n<th data-start=\"3238\" data-end=\"3245\" data-col-size=\"sm\">Kohde<\/th>\n<th data-start=\"3245\" data-end=\"3262\" data-col-size=\"sm\">Tekniset tiedot<\/th>\n<\/tr>\n<\/thead>\n<tbody data-start=\"3288\" data-end=\"3788\">\n<tr data-start=\"3288\" data-end=\"3323\">\n<td data-start=\"3288\" data-end=\"3304\" data-col-size=\"sm\">Kasvumenetelm\u00e4<\/td>\n<td data-start=\"3304\" data-end=\"3323\" data-col-size=\"sm\">Kyropoulos (KY)<\/td>\n<\/tr>\n<tr data-start=\"3324\" data-end=\"3360\">\n<td data-start=\"3324\" data-end=\"3347\" data-col-size=\"sm\">Kristallien painoalue<\/td>\n<td data-start=\"3347\" data-end=\"3360\" data-col-size=\"sm\">80-400 kg<\/td>\n<\/tr>\n<tr data-start=\"3361\" data-end=\"3399\">\n<td data-start=\"3361\" data-end=\"3386\" data-col-size=\"sm\">Kristallin halkaisija-alue<\/td>\n<td data-start=\"3386\" data-end=\"3399\" data-col-size=\"sm\">10-500 mm<\/td>\n<\/tr>\n<tr data-start=\"3400\" data-end=\"3439\">\n<td data-start=\"3400\" data-end=\"3426\" data-col-size=\"sm\">Kiteen paksuusalue<\/td>\n<td data-start=\"3426\" data-end=\"3439\" data-col-size=\"sm\">50-300 mm<\/td>\n<\/tr>\n<tr data-start=\"3440\" data-end=\"3468\">\n<td data-start=\"3440\" data-end=\"3454\" data-col-size=\"sm\">Kasvuvauhti<\/td>\n<td data-start=\"3454\" data-end=\"3468\" data-col-size=\"sm\">0,1-5 mm\/h<\/td>\n<\/tr>\n<tr data-start=\"3469\" data-end=\"3512\">\n<td data-start=\"3469\" data-end=\"3497\" data-col-size=\"sm\">L\u00e4mmitys L\u00e4mp\u00f6tila-alue<\/td>\n<td data-start=\"3497\" data-end=\"3512\" data-col-size=\"sm\">2000-2200\u00b0C<\/td>\n<\/tr>\n<tr data-start=\"3513\" data-end=\"3569\">\n<td data-start=\"3513\" data-end=\"3530\" data-col-size=\"sm\">L\u00e4mmitysj\u00e4rjestelm\u00e4<\/td>\n<td data-start=\"3530\" data-end=\"3569\" data-col-size=\"sm\">Korkean l\u00e4mp\u00f6tilan vastusl\u00e4mmitys<\/td>\n<\/tr>\n<tr data-start=\"3570\" data-end=\"3605\">\n<td data-start=\"3570\" data-end=\"3586\" data-col-size=\"sm\">Upokas Tyyppi<\/td>\n<td data-start=\"3586\" data-end=\"3605\" data-col-size=\"sm\">Kvartsi upokas<\/td>\n<\/tr>\n<tr data-start=\"3606\" data-end=\"3651\">\n<td data-start=\"3606\" data-end=\"3623\" data-col-size=\"sm\">Kaasu Ilmakeh\u00e4<\/td>\n<td data-start=\"3623\" data-end=\"3651\" data-col-size=\"sm\">Argonin ja vedyn seos<\/td>\n<\/tr>\n<tr data-start=\"3652\" data-end=\"3683\">\n<td data-start=\"3652\" data-end=\"3667\" data-col-size=\"sm\">Tyhji\u00f6taso<\/td>\n<td data-start=\"3667\" data-end=\"3683\" data-col-size=\"sm\">\u22641 \u00d7 10-\u2076 Pa<\/td>\n<\/tr>\n<tr data-start=\"3684\" data-end=\"3737\">\n<td data-start=\"3684\" data-end=\"3705\" data-col-size=\"sm\">Uunin mitat<\/td>\n<td data-start=\"3705\" data-end=\"3737\" data-col-size=\"sm\">Noin 1200 \u00d7 800 \u00d7 1500 mm<\/td>\n<\/tr>\n<tr data-start=\"3738\" data-end=\"3788\">\n<td data-start=\"3738\" data-end=\"3753\" data-col-size=\"sm\">Virtal\u00e4hde<\/td>\n<td data-start=\"3753\" data-end=\"3788\" data-col-size=\"sm\">Teollinen suuritehoinen vaihtovirtaj\u00e4rjestelm\u00e4<\/td>\n<\/tr>\n<\/tbody>\n<\/table>\n<\/div>\n<\/div>\n<h2 data-start=\"3795\" data-end=\"3842\">Kristallin laatu ja materiaalin suorituskyky<\/h2>\n<p data-start=\"3844\" data-end=\"3906\">ZMSH KY -uunissa kasvatetut safiirikiteet osoittavat:<\/p>\n<ul data-start=\"3908\" data-end=\"4080\">\n<li data-start=\"3908\" data-end=\"3966\">\n<p data-start=\"3910\" data-end=\"3966\">Suuri optinen l\u00e4pin\u00e4kyvyys laajalla spektrialueella<\/p>\n<\/li>\n<li data-start=\"3967\" data-end=\"4024\">\n<p data-start=\"3969\" data-end=\"4024\">Alhainen sijoittelutiheys ja yhten\u00e4inen kiderakenne<\/p>\n<\/li>\n<li data-start=\"4025\" data-end=\"4080\">\n<p data-start=\"4027\" data-end=\"4080\">Erinomainen l\u00e4mm\u00f6nkest\u00e4vyys ja mekaaninen lujuus<\/p>\n<\/li>\n<\/ul>\n<p data-start=\"4082\" data-end=\"4215\">N\u00e4iden ominaisuuksien ansiosta kiteet soveltuvat korkean suorituskyvyn optisiin ja elektronisiin sovelluksiin, joissa vaaditaan pitk\u00e4aikaista luotettavuutta.<\/p>\n<h2 data-start=\"4222\" data-end=\"4251\">Teollinen luotettavuus<\/h2>\n<p data-start=\"4253\" data-end=\"4502\">Uuni on suunniteltu pitk\u00e4kestoisia kasvusyklej\u00e4 ja jatkuvaa teollista k\u00e4ytt\u00f6\u00e4 varten. Vankka mekaaninen rakenne, vakaat ohjausj\u00e4rjestelm\u00e4t ja luotettava tyhji\u00f6- ja kaasunk\u00e4sittely takaavat tasaisen suorituskyvyn useissa tuotantojaksoissa.<\/p>\n<h2 data-start=\"4509\" data-end=\"4541\">ZMSH Insin\u00f6\u00f6ripalvelut<\/h2>\n<p data-start=\"4543\" data-end=\"4600\">ZMSH tarjoaa kattavaa teknist\u00e4 tukea, mukaan lukien:<\/p>\n<ul data-start=\"4602\" data-end=\"4820\">\n<li data-start=\"4602\" data-end=\"4684\">\n<p data-start=\"4604\" data-end=\"4684\">R\u00e4\u00e4t\u00e4l\u00f6ity uunin kokoonpano kiteen koon ja tuotantokapasiteetin mukaan<\/p>\n<\/li>\n<li data-start=\"4685\" data-end=\"4727\">\n<p data-start=\"4687\" data-end=\"4727\">Asennus ja k\u00e4ytt\u00f6\u00f6notto paikan p\u00e4\u00e4ll\u00e4<\/p>\n<\/li>\n<li data-start=\"4728\" data-end=\"4770\">\n<p data-start=\"4730\" data-end=\"4770\">K\u00e4ytt\u00e4j\u00e4koulutus ja prosessinohjaus<\/p>\n<\/li>\n<li data-start=\"4771\" data-end=\"4820\">\n<p data-start=\"4773\" data-end=\"4820\">Pitk\u00e4aikainen kunnossapito ja huoltopalvelut<\/p>\n<\/li>\n<\/ul>\n<p data-start=\"4822\" data-end=\"4963\">Insin\u00f6\u00f6ritiimimme ty\u00f6skentelee l\u00e4heisess\u00e4 yhteisty\u00f6ss\u00e4 asiakkaiden kanssa optimoidakseen safiirin kasvuprosessit ja varmistaakseen vakaan, toistettavan tuotantosuorituksen.<\/p>\n<h2 data-start=\"4970\" data-end=\"4980\">FAQ<img decoding=\"async\" class=\"size-medium wp-image-1755 alignright\" src=\"https:\/\/www.zmsh-semitech.com\/wp-content\/uploads\/2026\/01\/pl203679970-sapphire_crystal_growth_furnace_80_400kg_by_the_kyropoulos_method_ky-300x300.jpg\" alt=\"\" width=\"300\" height=\"300\" srcset=\"https:\/\/www.zmsh-semitech.com\/wp-content\/uploads\/2026\/01\/pl203679970-sapphire_crystal_growth_furnace_80_400kg_by_the_kyropoulos_method_ky-300x300.jpg 300w, https:\/\/www.zmsh-semitech.com\/wp-content\/uploads\/2026\/01\/pl203679970-sapphire_crystal_growth_furnace_80_400kg_by_the_kyropoulos_method_ky-150x150.jpg 150w, https:\/\/www.zmsh-semitech.com\/wp-content\/uploads\/2026\/01\/pl203679970-sapphire_crystal_growth_furnace_80_400kg_by_the_kyropoulos_method_ky-100x100.jpg 100w, https:\/\/www.zmsh-semitech.com\/wp-content\/uploads\/2026\/01\/pl203679970-sapphire_crystal_growth_furnace_80_400kg_by_the_kyropoulos_method_ky.jpg 540w\" sizes=\"(max-width: 300px) 100vw, 300px\" \/><\/h2>\n<p data-start=\"4982\" data-end=\"5259\">Kysymys 1: Mit\u00e4 etuja KY-menetelm\u00e4 tarjoaa CZ-menetelm\u00e4\u00e4n verrattuna?<br data-start=\"5059\" data-end=\"5062\" \/>V: KY-menetelm\u00e4 tuottaa alhaisemman l\u00e4mp\u00f6j\u00e4nnityksen ja pienemm\u00e4n sijoittelutiheyden, joten se soveltuu paremmin halkaisijaltaan suurten ja paksujen safiirikiteiden kasvattamiseen verrattuna perinteisiin CZ-prosesseihin.<\/p>\n<p data-start=\"5266\" data-end=\"5487\">Kysymys 2: Mink\u00e4 kokoisia kiteit\u00e4 t\u00e4ll\u00e4 uunilla voidaan valmistaa?<br data-start=\"5327\" data-end=\"5330\" \/>V: J\u00e4rjestelm\u00e4 tukee safiirikiteiden kasvatusta 80 kg:sta 400 kg:aan, halkaisijan ollessa 500 mm ja paksuuden 300 mm, kokoonpanosta riippuen.<\/p>\n<p data-start=\"5494\" data-end=\"5746\">Kysymys 3: Soveltuuko uuni teollisen mittakaavan safiirituotantoon?<br data-start=\"5567\" data-end=\"5570\" \/>V: Kyll\u00e4. Uuni on suunniteltu teolliseen k\u00e4ytt\u00f6\u00f6n, ja siin\u00e4 on vakaa l\u00e4mm\u00f6ns\u00e4\u00e4t\u00f6, luotettavat tyhji\u00f6- ja kaasuj\u00e4rjestelm\u00e4t ja tasainen kiteen laatu pitkien kasvusyklien aikana.<\/p>","protected":false},"excerpt":{"rendered":"<p>Safiirikristallien kasvu-uuni, joka on suunniteltu halkaisijaltaan suurten kimpaleiden tuotantoon, jossa on vakaa l\u00e4mm\u00f6ns\u00e4\u00e4t\u00f6 optisille ja LED-luokan safiirikiteille.<\/p>","protected":false},"featured_media":1754,"comment_status":"open","ping_status":"closed","template":"","meta":{"site-sidebar-layout":"default","site-content-layout":"","ast-site-content-layout":"default","site-content-style":"default","site-sidebar-style":"default","ast-global-header-display":"","ast-banner-title-visibility":"","ast-main-header-display":"","ast-hfb-above-header-display":"","ast-hfb-below-header-display":"","ast-hfb-mobile-header-display":"","site-post-title":"","ast-breadcrumbs-content":"","ast-featured-img":"","footer-sml-layout":"","ast-disable-related-posts":"","theme-transparent-header-meta":"default","adv-header-id-meta":"","stick-header-meta":"default","header-above-stick-meta":"","header-main-stick-meta":"","header-below-stick-meta":"","astra-migrate-meta-layouts":"set","ast-page-background-enabled":"default","ast-page-background-meta":{"desktop":{"background-color":"var(--ast-global-color-4)","background-image":"","background-repeat":"repeat","background-position":"center center","background-size":"auto","background-attachment":"scroll","background-type":"","background-media":"","overlay-type":"","overlay-color":"","overlay-opacity":"","overlay-gradient":""},"tablet":{"background-color":"","background-image":"","background-repeat":"repeat","background-position":"center center","background-size":"auto","background-attachment":"scroll","background-type":"","background-media":"","overlay-type":"","overlay-color":"","overlay-opacity":"","overlay-gradient":""},"mobile":{"background-color":"","background-image":"","background-repeat":"repeat","background-position":"center center","background-size":"auto","background-attachment":"scroll","background-type":"","background-media":"","overlay-type":"","overlay-color":"","overlay-opacity":"","overlay-gradient":""}},"ast-content-background-meta":{"desktop":{"background-color":"var(--ast-global-color-5)","background-image":"","background-repeat":"repeat","background-position":"center center","background-size":"auto","background-attachment":"scroll","background-type":"","background-media":"","overlay-type":"","overlay-color":"","overlay-opacity":"","overlay-gradient":""},"tablet":{"background-color":"var(--ast-global-color-5)","background-image":"","background-repeat":"repeat","background-position":"center center","background-size":"auto","background-attachment":"scroll","background-type":"","background-media":"","overlay-type":"","overlay-color":"","overlay-opacity":"","overlay-gradient":""},"mobile":{"background-color":"var(--ast-global-color-5)","background-image":"","background-repeat":"repeat","background-position":"center center","background-size":"auto","background-attachment":"scroll","background-type":"","background-media":"","overlay-type":"","overlay-color":"","overlay-opacity":"","overlay-gradient":""}}},"product_brand":[],"product_cat":[15],"product_tag":[149,150,152,154,153,151],"class_list":{"0":"post-1753","1":"product","2":"type-product","3":"status-publish","4":"has-post-thumbnail","6":"product_cat-crystal-growth-furnace","7":"product_tag-ky-sapphire-growth-furnace","8":"product_tag-kyropoulos-sapphire-furnace","9":"product_tag-large-diameter-sapphire-crystal-furnace","10":"product_tag-optical-grade-sapphire-growth","11":"product_tag-sapphire-boule-growth-furnace","12":"product_tag-sapphire-crystal-growth-equipment","13":"desktop-align-left","14":"tablet-align-left","15":"mobile-align-left","16":"ast-product-gallery-layout-horizontal-slider","17":"ast-product-tabs-layout-horizontal","19":"first","20":"instock","21":"shipping-taxable","22":"product-type-simple"},"_links":{"self":[{"href":"https:\/\/www.zmsh-semitech.com\/fi\/wp-json\/wp\/v2\/product\/1753","targetHints":{"allow":["GET"]}}],"collection":[{"href":"https:\/\/www.zmsh-semitech.com\/fi\/wp-json\/wp\/v2\/product"}],"about":[{"href":"https:\/\/www.zmsh-semitech.com\/fi\/wp-json\/wp\/v2\/types\/product"}],"replies":[{"embeddable":true,"href":"https:\/\/www.zmsh-semitech.com\/fi\/wp-json\/wp\/v2\/comments?post=1753"}],"version-history":[{"count":2,"href":"https:\/\/www.zmsh-semitech.com\/fi\/wp-json\/wp\/v2\/product\/1753\/revisions"}],"predecessor-version":[{"id":1759,"href":"https:\/\/www.zmsh-semitech.com\/fi\/wp-json\/wp\/v2\/product\/1753\/revisions\/1759"}],"wp:featuredmedia":[{"embeddable":true,"href":"https:\/\/www.zmsh-semitech.com\/fi\/wp-json\/wp\/v2\/media\/1754"}],"wp:attachment":[{"href":"https:\/\/www.zmsh-semitech.com\/fi\/wp-json\/wp\/v2\/media?parent=1753"}],"wp:term":[{"taxonomy":"product_brand","embeddable":true,"href":"https:\/\/www.zmsh-semitech.com\/fi\/wp-json\/wp\/v2\/product_brand?post=1753"},{"taxonomy":"product_cat","embeddable":true,"href":"https:\/\/www.zmsh-semitech.com\/fi\/wp-json\/wp\/v2\/product_cat?post=1753"},{"taxonomy":"product_tag","embeddable":true,"href":"https:\/\/www.zmsh-semitech.com\/fi\/wp-json\/wp\/v2\/product_tag?post=1753"}],"curies":[{"name":"wp","href":"https:\/\/api.w.org\/{rel}","templated":true}]}}