{"id":1737,"date":"2026-01-23T01:45:47","date_gmt":"2026-01-23T01:45:47","guid":{"rendered":"https:\/\/www.zmsh-semitech.com\/?post_type=product&#038;p=1737"},"modified":"2026-01-23T01:47:36","modified_gmt":"2026-01-23T01:47:36","slug":"sic-single-crystal-resistance-heating-growth-furnace-for-6-inch-8-inch-and-12-inch-wafer-production-pvt-method","status":"publish","type":"product","link":"https:\/\/www.zmsh-semitech.com\/fi\/product\/sic-single-crystal-resistance-heating-growth-furnace-for-6-inch-8-inch-and-12-inch-wafer-production-pvt-method\/","title":{"rendered":"SiC Single Crystal Resistance Heating Growth -kasvu-uuni 6-tuumaisten, 8-tuumaisten ja 12-tuumaisten kiekkojen tuotantoon (PVT-menetelm\u00e4)"},"content":{"rendered":"<h2 data-start=\"477\" data-end=\"500\">Tuotteen yleiskatsaus<\/h2>\n<p>&nbsp;<\/p>\n<p data-start=\"502\" data-end=\"769\">ZMSH SiC Single Crystal Resistance Heating Growth Furnace on korkean l\u00e4mp\u00f6tilan kiteenkasvuj\u00e4rjestelm\u00e4, joka on suunniteltu erityisesti halkaisijaltaan suurten piikarbidien yksikidevalmistukseen ja joka tukee 6-tuumaisten, 8-tuumaisten ja 12-tuumaisten SiC-kiekkojen valmistusta.<\/p>\n<p><img fetchpriority=\"high\" decoding=\"async\" class=\"size-medium wp-image-1741 alignright\" src=\"https:\/\/www.zmsh-semitech.com\/wp-content\/uploads\/2026\/01\/pl204262693-sic_single_crystal_resistance_heating_crystal_growth_furnace_for_6inch_8inch_12inch_sic_wafers_manufacture-300x199.webp\" alt=\"\" width=\"300\" height=\"199\" srcset=\"https:\/\/www.zmsh-semitech.com\/wp-content\/uploads\/2026\/01\/pl204262693-sic_single_crystal_resistance_heating_crystal_growth_furnace_for_6inch_8inch_12inch_sic_wafers_manufacture-300x199.webp 300w, https:\/\/www.zmsh-semitech.com\/wp-content\/uploads\/2026\/01\/pl204262693-sic_single_crystal_resistance_heating_crystal_growth_furnace_for_6inch_8inch_12inch_sic_wafers_manufacture.webp 590w\" sizes=\"(max-width: 300px) 100vw, 300px\" \/><\/p>\n<p data-start=\"502\" data-end=\"769\">uring.<\/p>\n<p data-start=\"771\" data-end=\"1198\">Uuni on suunniteltu PVT (Physical Vapor Transport) -kristallien kasvatusperiaatteeseen perustuen, ja se sis\u00e4lt\u00e4\u00e4 tarkan vastusl\u00e4mmityksen ohjauksen, vakaan l\u00e4mp\u00f6kent\u00e4n jakautumisen, korkean tyhji\u00f6n ymp\u00e4rist\u00f6n hallinnan ja tarkan paineen s\u00e4\u00e4d\u00f6n.<br data-start=\"1021\" data-end=\"1024\" \/>T\u00e4m\u00e4 konfiguraatio mahdollistaa eritt\u00e4in puhtaiden, v\u00e4h\u00e4n vikoja sis\u00e4lt\u00e4vien SiC-monikiteiden kasvattamisen, jotka soveltuvat kehittyneisiin tehopuolijohde- ja elektroniikkalaitesovelluksiin.<\/p>\n<p data-start=\"1200\" data-end=\"1400\">J\u00e4rjestelm\u00e4 on kehitetty t\u00e4ytt\u00e4m\u00e4\u00e4n teollisen tuotannon vaatimukset, mik\u00e4 takaa prosessin vakauden, toistettavuuden ja pitk\u00e4aikaisen toimintavarmuuden laajamittaisissa SiC-kiteiden kasvuymp\u00e4rist\u00f6iss\u00e4.<\/p>\n<p data-start=\"1200\" data-end=\"1400\">\n<h2 data-start=\"1407\" data-end=\"1441\">Keskeiset tekniset valmiudet<\/h2>\n<p>&nbsp;<\/p>\n<h3 data-start=\"1443\" data-end=\"1491\">Korkean vakauden vastusl\u00e4mmitysj\u00e4rjestelm\u00e4<\/h3>\n<p data-start=\"1492\" data-end=\"1742\">Uunissa on monivy\u00f6hykkeinen vastusl\u00e4mmitysrakenne, jolla saavutetaan tasainen aksiaalinen ja radiaalinen l\u00e4mp\u00f6tilajakauma. T\u00e4m\u00e4 minimoi l\u00e4mp\u00f6gradientit, v\u00e4hent\u00e4\u00e4 sis\u00e4ist\u00e4 rasitusta ja parantaa kiteiden rakenteellista eheytt\u00e4 kasvuprosessin aikana.<\/p>\n<h3 data-start=\"1744\" data-end=\"1790\">Tarkka l\u00e4mm\u00f6n ja paineen s\u00e4\u00e4t\u00f6<\/h3>\n<ul data-start=\"1791\" data-end=\"1929\">\n<li data-start=\"1791\" data-end=\"1839\">\n<p data-start=\"1793\" data-end=\"1839\">Maksimi k\u00e4ytt\u00f6l\u00e4mp\u00f6tila jopa 2500 \u00b0C<\/p>\n<\/li>\n<li data-start=\"1840\" data-end=\"1880\">\n<p data-start=\"1842\" data-end=\"1880\">L\u00e4mp\u00f6tilan s\u00e4\u00e4t\u00f6tarkkuus: \u00b11\u00b0C<\/p>\n<\/li>\n<li data-start=\"1881\" data-end=\"1929\">\n<p data-start=\"1883\" data-end=\"1929\">Laaja paineen s\u00e4\u00e4t\u00f6alue: 1-700 mbar<\/p>\n<\/li>\n<\/ul>\n<p data-start=\"1931\" data-end=\"2090\">N\u00e4m\u00e4 parametrit luovat vakaan termodynaamisen ymp\u00e4rist\u00f6n, joka on v\u00e4ltt\u00e4m\u00e4t\u00f6n hallitulle sublimoitumiselle, h\u00f6yryn kulkeutumiselle ja kiteiden uudelleenkiteytymiselle SiC:n kasvussa.<\/p>\n<h3 data-start=\"2092\" data-end=\"2138\">Suuren halkaisijan kristallien kasvukapasiteetti<\/h3>\n<p data-start=\"2139\" data-end=\"2348\">900 mm:n upokkaan halkaisijan ansiosta j\u00e4rjestelm\u00e4 tukee seuraavan sukupolven 8- ja 12-tuumaisten SiC-harkkojen kasvattamista, jolloin valmistajat voivat skaalata tuotantoa ja parantaa samalla saantoa ja kiekkojen yhdenmukaisuutta.<\/p>\n<h3 data-start=\"2350\" data-end=\"2388\">Korkean tyhji\u00f6n kasvuymp\u00e4rist\u00f6<\/h3>\n<p data-start=\"2389\" data-end=\"2551\">Uunissa s\u00e4ilytet\u00e4\u00e4n matalavuotoinen, korkeatyhji\u00f6inen kasvukammio, mik\u00e4 takaa pienemm\u00e4n kontaminaatioriskin, paremman kidepuhtauden ja vakaan, pitk\u00e4kestoisen toiminnan.<\/p>\n<h2 data-start=\"2558\" data-end=\"2588\"><\/h2>\n<h2 data-start=\"2558\" data-end=\"2588\">Teolliset sovellukset<img decoding=\"async\" class=\"size-medium wp-image-1739 alignright\" src=\"https:\/\/www.zmsh-semitech.com\/wp-content\/uploads\/2026\/01\/pl204262670-sic_single_crystal_resistance_heating_crystal_growth_furnace_for_6inch_8inch_12inch_sic_wafers_manufacture-300x300.webp\" alt=\"\" width=\"300\" height=\"300\" srcset=\"https:\/\/www.zmsh-semitech.com\/wp-content\/uploads\/2026\/01\/pl204262670-sic_single_crystal_resistance_heating_crystal_growth_furnace_for_6inch_8inch_12inch_sic_wafers_manufacture-300x300.webp 300w, https:\/\/www.zmsh-semitech.com\/wp-content\/uploads\/2026\/01\/pl204262670-sic_single_crystal_resistance_heating_crystal_growth_furnace_for_6inch_8inch_12inch_sic_wafers_manufacture-150x150.webp 150w, https:\/\/www.zmsh-semitech.com\/wp-content\/uploads\/2026\/01\/pl204262670-sic_single_crystal_resistance_heating_crystal_growth_furnace_for_6inch_8inch_12inch_sic_wafers_manufacture-600x600.webp 600w, https:\/\/www.zmsh-semitech.com\/wp-content\/uploads\/2026\/01\/pl204262670-sic_single_crystal_resistance_heating_crystal_growth_furnace_for_6inch_8inch_12inch_sic_wafers_manufacture-100x100.webp 100w, https:\/\/www.zmsh-semitech.com\/wp-content\/uploads\/2026\/01\/pl204262670-sic_single_crystal_resistance_heating_crystal_growth_furnace_for_6inch_8inch_12inch_sic_wafers_manufacture.webp 607w\" sizes=\"(max-width: 300px) 100vw, 300px\" \/><\/h2>\n<p>&nbsp;<\/p>\n<ul data-start=\"2590\" data-end=\"2828\">\n<li data-start=\"2590\" data-end=\"2624\">\n<p data-start=\"2592\" data-end=\"2624\">Tehopuolijohteiden substraatit<\/p>\n<\/li>\n<li data-start=\"2625\" data-end=\"2659\">\n<p data-start=\"2627\" data-end=\"2659\">S\u00e4hk\u00f6ajoneuvojen tehomoduulit<\/p>\n<\/li>\n<li data-start=\"2660\" data-end=\"2701\">\n<p data-start=\"2662\" data-end=\"2701\">Korkeaj\u00e4nnitteiset MOSFET- ja diodilaitteet<\/p>\n<\/li>\n<li data-start=\"2702\" data-end=\"2747\">\n<p data-start=\"2704\" data-end=\"2747\">Uusiutuvien energial\u00e4hteiden tehonmuuntoj\u00e4rjestelm\u00e4t<\/p>\n<\/li>\n<li data-start=\"2748\" data-end=\"2795\">\n<p data-start=\"2750\" data-end=\"2795\">Suurtaajuus- ja RF-elektroniikkakomponentit<\/p>\n<\/li>\n<li data-start=\"2796\" data-end=\"2828\">\n<p data-start=\"2798\" data-end=\"2828\">Teollinen tehoelektroniikka<\/p>\n<\/li>\n<\/ul>\n<p>&nbsp;<\/p>\n<h2 data-start=\"2835\" data-end=\"2866\">Tekniset tiedot<\/h2>\n<p>&nbsp;<\/p>\n<div class=\"TyagGW_tableContainer\">\n<div class=\"group TyagGW_tableWrapper flex flex-col-reverse w-fit\" tabindex=\"-1\">\n<table class=\"w-fit min-w-(--thread-content-width)\" data-start=\"2868\" data-end=\"3773\">\n<thead data-start=\"2868\" data-end=\"2901\">\n<tr data-start=\"2868\" data-end=\"2901\">\n<th data-start=\"2868\" data-end=\"2874\" data-col-size=\"sm\">Ei.<\/th>\n<th data-start=\"2874\" data-end=\"2890\" data-col-size=\"sm\">Tekniset tiedot<\/th>\n<th data-start=\"2890\" data-end=\"2901\" data-col-size=\"md\">Yksityiskohdat<\/th>\n<\/tr>\n<\/thead>\n<tbody data-start=\"2936\" data-end=\"3773\">\n<tr data-start=\"2936\" data-end=\"2961\">\n<td data-start=\"2936\" data-end=\"2940\" data-col-size=\"sm\">1<\/td>\n<td data-start=\"2940\" data-end=\"2948\" data-col-size=\"sm\">Malli<\/td>\n<td data-start=\"2948\" data-end=\"2961\" data-col-size=\"md\">PVT-RS-40<\/td>\n<\/tr>\n<tr data-start=\"2962\" data-end=\"3024\">\n<td data-start=\"2962\" data-end=\"2966\" data-col-size=\"sm\">2<\/td>\n<td data-start=\"2966\" data-end=\"2999\" data-col-size=\"sm\">Uunin mitat (L \u00d7 S \u00d7 K)<\/td>\n<td data-start=\"2999\" data-end=\"3024\" data-col-size=\"md\">2500 \u00d7 2400 \u00d7 3456 mm<\/td>\n<\/tr>\n<tr data-start=\"3025\" data-end=\"3059\">\n<td data-start=\"3025\" data-end=\"3029\" data-col-size=\"sm\">3<\/td>\n<td data-start=\"3029\" data-end=\"3049\" data-col-size=\"sm\">Upokkaan halkaisija<\/td>\n<td data-start=\"3049\" data-end=\"3059\" data-col-size=\"md\">900 mm<\/td>\n<\/tr>\n<tr data-start=\"3060\" data-end=\"3127\">\n<td data-start=\"3060\" data-end=\"3064\" data-col-size=\"sm\">4<\/td>\n<td data-start=\"3064\" data-end=\"3091\" data-col-size=\"sm\">Lopullinen tyhji\u00f6paine<\/td>\n<td data-start=\"3091\" data-end=\"3127\" data-col-size=\"md\">6 \u00d7 10-\u2074 Pa (1,5 tunnin tyhji\u00f6n j\u00e4lkeen).<\/td>\n<\/tr>\n<tr data-start=\"3128\" data-end=\"3174\">\n<td data-start=\"3128\" data-end=\"3132\" data-col-size=\"sm\">5<\/td>\n<td data-start=\"3132\" data-end=\"3147\" data-col-size=\"sm\">Vuodon m\u00e4\u00e4r\u00e4<\/td>\n<td data-start=\"3147\" data-end=\"3174\" data-col-size=\"md\">\u22645 Pa \/ 12 h (bake-out)<\/td>\n<\/tr>\n<tr data-start=\"3175\" data-end=\"3214\">\n<td data-start=\"3175\" data-end=\"3179\" data-col-size=\"sm\">6<\/td>\n<td data-start=\"3179\" data-end=\"3205\" data-col-size=\"sm\">Py\u00f6rimisakselin halkaisija<\/td>\n<td data-start=\"3205\" data-end=\"3214\" data-col-size=\"md\">50 mm<\/td>\n<\/tr>\n<tr data-start=\"3215\" data-end=\"3249\">\n<td data-start=\"3215\" data-end=\"3219\" data-col-size=\"sm\">7<\/td>\n<td data-start=\"3219\" data-end=\"3236\" data-col-size=\"sm\">Py\u00f6rimisnopeus<\/td>\n<td data-start=\"3236\" data-end=\"3249\" data-col-size=\"md\">0,5-5 rpm<\/td>\n<\/tr>\n<tr data-start=\"3250\" data-end=\"3302\">\n<td data-start=\"3250\" data-end=\"3254\" data-col-size=\"sm\">8<\/td>\n<td data-start=\"3254\" data-end=\"3271\" data-col-size=\"sm\">L\u00e4mmitysmenetelm\u00e4<\/td>\n<td data-start=\"3271\" data-end=\"3302\" data-col-size=\"md\">S\u00e4hk\u00f6inen vastusl\u00e4mmitys<\/td>\n<\/tr>\n<tr data-start=\"3303\" data-end=\"3347\">\n<td data-start=\"3303\" data-end=\"3307\" data-col-size=\"sm\">9<\/td>\n<td data-start=\"3307\" data-end=\"3337\" data-col-size=\"sm\">Uunin enimm\u00e4isl\u00e4mp\u00f6tila<\/td>\n<td data-start=\"3337\" data-end=\"3347\" data-col-size=\"md\">2500\u00b0C<\/td>\n<\/tr>\n<tr data-start=\"3348\" data-end=\"3389\">\n<td data-start=\"3348\" data-end=\"3352\" data-col-size=\"sm\">10<\/td>\n<td data-start=\"3352\" data-end=\"3368\" data-col-size=\"sm\">L\u00e4mmitysteho<\/td>\n<td data-start=\"3368\" data-end=\"3389\" data-col-size=\"md\">40 kW \u00d7 2 + 20 kW<\/td>\n<\/tr>\n<tr data-start=\"3390\" data-end=\"3453\">\n<td data-start=\"3390\" data-end=\"3394\" data-col-size=\"sm\">11<\/td>\n<td data-start=\"3394\" data-end=\"3420\" data-col-size=\"sm\">L\u00e4mp\u00f6tilan mittaus<\/td>\n<td data-start=\"3420\" data-end=\"3453\" data-col-size=\"md\">Kaksiv\u00e4rinen infrapunapyrometri<\/td>\n<\/tr>\n<tr data-start=\"3454\" data-end=\"3492\">\n<td data-start=\"3454\" data-end=\"3458\" data-col-size=\"sm\">12<\/td>\n<td data-start=\"3458\" data-end=\"3478\" data-col-size=\"sm\">L\u00e4mp\u00f6tila-alue<\/td>\n<td data-start=\"3478\" data-end=\"3492\" data-col-size=\"md\">900-3000\u00b0C<\/td>\n<\/tr>\n<tr data-start=\"3493\" data-end=\"3528\">\n<td data-start=\"3493\" data-end=\"3497\" data-col-size=\"sm\">13<\/td>\n<td data-start=\"3497\" data-end=\"3520\" data-col-size=\"sm\">L\u00e4mp\u00f6tilan tarkkuus<\/td>\n<td data-start=\"3520\" data-end=\"3528\" data-col-size=\"md\">\u00b11\u00b0C<\/td>\n<\/tr>\n<tr data-start=\"3529\" data-end=\"3564\">\n<td data-start=\"3529\" data-end=\"3533\" data-col-size=\"sm\">14<\/td>\n<td data-start=\"3533\" data-end=\"3550\" data-col-size=\"sm\">Painealue<\/td>\n<td data-start=\"3550\" data-end=\"3564\" data-col-size=\"md\">1-700 mbar<\/td>\n<\/tr>\n<tr data-start=\"3565\" data-end=\"3617\">\n<td data-start=\"3565\" data-end=\"3569\" data-col-size=\"sm\">15<\/td>\n<td data-start=\"3569\" data-end=\"3597\" data-col-size=\"sm\">Paineen s\u00e4\u00e4d\u00f6n tarkkuus<\/td>\n<td data-start=\"3597\" data-end=\"3617\" data-col-size=\"md\">\u00b10.5% t\u00e4ysi asteikko<\/td>\n<\/tr>\n<tr data-start=\"3618\" data-end=\"3691\">\n<td data-start=\"3618\" data-end=\"3622\" data-col-size=\"sm\">16<\/td>\n<td data-start=\"3622\" data-end=\"3639\" data-col-size=\"sm\">Toimintatyyppi<\/td>\n<td data-start=\"3639\" data-end=\"3691\" data-col-size=\"md\">Pohjaan lastaus, manuaalinen tai automaattinen turvallisuustila<\/td>\n<\/tr>\n<tr data-start=\"3692\" data-end=\"3773\">\n<td data-start=\"3692\" data-end=\"3696\" data-col-size=\"sm\">17<\/td>\n<td data-start=\"3696\" data-end=\"3722\" data-col-size=\"sm\">Valinnaiset kokoonpanot<\/td>\n<td data-start=\"3722\" data-end=\"3773\" data-col-size=\"md\">Monivy\u00f6hykel\u00e4mmitys, kahden l\u00e4mp\u00f6tilan valvonta<\/td>\n<\/tr>\n<\/tbody>\n<\/table>\n<\/div>\n<\/div>\n<h2 data-start=\"3780\" data-end=\"3813\"><\/h2>\n<h2 data-start=\"3780\" data-end=\"3813\">Kristallien kasvun suorituskyky<\/h2>\n<p>&nbsp;<\/p>\n<p data-start=\"3815\" data-end=\"3894\">J\u00e4rjestelm\u00e4 mahdollistaa korkealaatuisten SiC-sinkkukiteiden tuotannon:<\/p>\n<ul data-start=\"3896\" data-end=\"4036\">\n<li data-start=\"3896\" data-end=\"3923\">\n<p data-start=\"3898\" data-end=\"3923\">Alhainen sijoiltaanmenotiheys<\/p>\n<\/li>\n<li data-start=\"3924\" data-end=\"3954\">\n<p data-start=\"3926\" data-end=\"3954\">Korkea rakenteellinen tasalaatuisuus<\/p>\n<\/li>\n<li data-start=\"3955\" data-end=\"3987\">\n<p data-start=\"3957\" data-end=\"3987\">Vakaat s\u00e4hk\u00f6iset ominaisuudet<\/p>\n<\/li>\n<li data-start=\"3988\" data-end=\"4036\">\n<p data-start=\"3990\" data-end=\"4036\">Erinomainen terminen ja mekaaninen suorituskyky<\/p>\n<\/li>\n<\/ul>\n<p data-start=\"4038\" data-end=\"4178\">N\u00e4m\u00e4 ominaisuudet ovat kriittisi\u00e4 puolijohdekiekkoille, joita k\u00e4ytet\u00e4\u00e4n suuritehoisten, suurj\u00e4nnitteisten ja suurtaajuisten laitteiden valmistuksessa.<\/p>\n<p data-start=\"4038\" data-end=\"4178\">\n<h2 data-start=\"4185\" data-end=\"4217\">ZMSH Insin\u00f6\u00f6ripalvelut<\/h2>\n<p>&nbsp;<\/p>\n<h3 data-start=\"4219\" data-end=\"4254\">Mukautettu j\u00e4rjestelm\u00e4n konfigurointi<\/h3>\n<p data-start=\"4255\" data-end=\"4405\">Uunin rakenne, l\u00e4mmitysalueet, ohjausj\u00e4rjestelm\u00e4t ja kammion mitat voidaan mukauttaa tuotantomittakaavan ja kiekkokokovaatimusten mukaan.<\/p>\n<h3 data-start=\"4407\" data-end=\"4445\">Asennus ja k\u00e4ytt\u00f6\u00f6notto<\/h3>\n<p data-start=\"4446\" data-end=\"4564\">Ammattitaitoiset insin\u00f6\u00f6ritiimit asentavat, kalibroivat ja varmistavat j\u00e4rjestelm\u00e4n toiminnan paikan p\u00e4\u00e4ll\u00e4.<\/p>\n<h3 data-start=\"4566\" data-end=\"4592\">Tekninen koulutus<\/h3>\n<p data-start=\"4593\" data-end=\"4699\">K\u00e4ytt\u00e4j\u00e4koulutusohjelmat kattavat laitteiden k\u00e4yt\u00f6n, prosessinohjauksen, huollon ja vianm\u00e4\u00e4rityksen.<\/p>\n<h3 data-start=\"4701\" data-end=\"4726\">Pitk\u00e4aikainen tuki<\/h3>\n<p data-start=\"4727\" data-end=\"4835\">Elinkaaren aikainen tekninen tuki, huoltopalvelut ja varaosatoimitukset takaavat vakaan pitk\u00e4n aikav\u00e4lin toiminnan.<\/p>\n<h2 data-start=\"4842\" data-end=\"4852\"><\/h2>\n<h2 data-start=\"4842\" data-end=\"4852\">FAQ<\/h2>\n<p>&nbsp;<\/p>\n<p data-start=\"4854\" data-end=\"5148\">Kysymys 1: Mit\u00e4 kiteiden kasvatusmenetelm\u00e4\u00e4 t\u00e4m\u00e4 uuni k\u00e4ytt\u00e4\u00e4?<br data-start=\"4911\" data-end=\"4914\" \/>V: Uunin toiminta perustuu PVT-menetelm\u00e4\u00e4n (Physical Vapor Transport), joka mahdollistaa piikarbidin kontrolloidun sublimoitumisen ja uudelleenkiteytymisen korkeissa l\u00e4mp\u00f6tiloissa, mik\u00e4 tekee siit\u00e4 sopivan korkealaatuisen yksikiteen kasvattamiseen.<\/p>\n<p data-start=\"5150\" data-end=\"5371\">Q2: Mit\u00e4 kiekkokokoja uuni voi tukea?<br data-start=\"5199\" data-end=\"5202\" \/>V: J\u00e4rjestelm\u00e4 on suunniteltu 6 tuuman, 8 tuuman ja 12 tuuman piikarbidin yksikidekasvatukseen, mik\u00e4 tukee nykyisi\u00e4 ja seuraavan sukupolven kiekkojen valmistusvaatimuksia.<\/p>\n<p data-start=\"5373\" data-end=\"5637\">Kysymys 3: Soveltuuko uuni teolliseen tuotantoon?<br data-start=\"5437\" data-end=\"5440\" \/>V: Kyll\u00e4. J\u00e4rjestelm\u00e4 on suunniteltu jatkuvaan teolliseen k\u00e4ytt\u00f6\u00f6n, ja se tarjoaa suuren mittakaavan SiC-kiteiden tuotantolinjoille korkean l\u00e4mp\u00f6stabiilisuuden, prosessin toistettavuuden ja pitk\u00e4aikaisen luotettavuuden.<\/p>","protected":false},"excerpt":{"rendered":"<p>Korkean l\u00e4mp\u00f6tilan SiC-monikiteinen vastusl\u00e4mmityksen kasvu-uuni 6-tuumaisten, 8-tuumaisten ja 12-tuumaisten kiekkojen valmistukseen. Suunniteltu vakaaseen PVT-kidekasvatukseen ja teolliseen tuotantoon.<\/p>","protected":false},"featured_media":1738,"comment_status":"open","ping_status":"closed","template":"","meta":{"site-sidebar-layout":"default","site-content-layout":"","ast-site-content-layout":"default","site-content-style":"default","site-sidebar-style":"default","ast-global-header-display":"","ast-banner-title-visibility":"","ast-main-header-display":"","ast-hfb-above-header-display":"","ast-hfb-below-header-display":"","ast-hfb-mobile-header-display":"","site-post-title":"","ast-breadcrumbs-content":"","ast-featured-img":"","footer-sml-layout":"","ast-disable-related-posts":"","theme-transparent-header-meta":"default","adv-header-id-meta":"","stick-header-meta":"default","header-above-stick-meta":"","header-main-stick-meta":"","header-below-stick-meta":"","astra-migrate-meta-layouts":"set","ast-page-background-enabled":"default","ast-page-background-meta":{"desktop":{"background-color":"var(--ast-global-color-4)","background-image":"","background-repeat":"repeat","background-position":"center center","background-size":"auto","background-attachment":"scroll","background-type":"","background-media":"","overlay-type":"","overlay-color":"","overlay-opacity":"","overlay-gradient":""},"tablet":{"background-color":"","background-image":"","background-repeat":"repeat","background-position":"center center","background-size":"auto","background-attachment":"scroll","background-type":"","background-media":"","overlay-type":"","overlay-color":"","overlay-opacity":"","overlay-gradient":""},"mobile":{"background-color":"","background-image":"","background-repeat":"repeat","background-position":"center center","background-size":"auto","background-attachment":"scroll","background-type":"","background-media":"","overlay-type":"","overlay-color":"","overlay-opacity":"","overlay-gradient":""}},"ast-content-background-meta":{"desktop":{"background-color":"var(--ast-global-color-5)","background-image":"","background-repeat":"repeat","background-position":"center center","background-size":"auto","background-attachment":"scroll","background-type":"","background-media":"","overlay-type":"","overlay-color":"","overlay-opacity":"","overlay-gradient":""},"tablet":{"background-color":"var(--ast-global-color-5)","background-image":"","background-repeat":"repeat","background-position":"center center","background-size":"auto","background-attachment":"scroll","background-type":"","background-media":"","overlay-type":"","overlay-color":"","overlay-opacity":"","overlay-gradient":""},"mobile":{"background-color":"var(--ast-global-color-5)","background-image":"","background-repeat":"repeat","background-position":"center center","background-size":"auto","background-attachment":"scroll","background-type":"","background-media":"","overlay-type":"","overlay-color":"","overlay-opacity":"","overlay-gradient":""}}},"product_brand":[],"product_cat":[15],"product_tag":[141,142,143,139,137,140,138],"class_list":{"0":"post-1737","1":"product","2":"type-product","3":"status-publish","4":"has-post-thumbnail","6":"product_cat-crystal-growth-furnace","7":"product_tag-12-inch-sic-growth-furnace","8":"product_tag-8-inch-sic-crystal-furnace","9":"product_tag-resistance-heating-crystal-growth-furnace","10":"product_tag-sic-pvt-growth-furnace","11":"product_tag-sic-single-crystal-growth-furnace","12":"product_tag-sic-wafer-manufacturing-equipment","13":"product_tag-silicon-carbide-crystal-growth-furnace","14":"desktop-align-left","15":"tablet-align-left","16":"mobile-align-left","17":"ast-product-gallery-layout-horizontal-slider","18":"ast-product-tabs-layout-horizontal","20":"first","21":"instock","22":"shipping-taxable","23":"product-type-simple"},"_links":{"self":[{"href":"https:\/\/www.zmsh-semitech.com\/fi\/wp-json\/wp\/v2\/product\/1737","targetHints":{"allow":["GET"]}}],"collection":[{"href":"https:\/\/www.zmsh-semitech.com\/fi\/wp-json\/wp\/v2\/product"}],"about":[{"href":"https:\/\/www.zmsh-semitech.com\/fi\/wp-json\/wp\/v2\/types\/product"}],"replies":[{"embeddable":true,"href":"https:\/\/www.zmsh-semitech.com\/fi\/wp-json\/wp\/v2\/comments?post=1737"}],"version-history":[{"count":3,"href":"https:\/\/www.zmsh-semitech.com\/fi\/wp-json\/wp\/v2\/product\/1737\/revisions"}],"predecessor-version":[{"id":1744,"href":"https:\/\/www.zmsh-semitech.com\/fi\/wp-json\/wp\/v2\/product\/1737\/revisions\/1744"}],"wp:featuredmedia":[{"embeddable":true,"href":"https:\/\/www.zmsh-semitech.com\/fi\/wp-json\/wp\/v2\/media\/1738"}],"wp:attachment":[{"href":"https:\/\/www.zmsh-semitech.com\/fi\/wp-json\/wp\/v2\/media?parent=1737"}],"wp:term":[{"taxonomy":"product_brand","embeddable":true,"href":"https:\/\/www.zmsh-semitech.com\/fi\/wp-json\/wp\/v2\/product_brand?post=1737"},{"taxonomy":"product_cat","embeddable":true,"href":"https:\/\/www.zmsh-semitech.com\/fi\/wp-json\/wp\/v2\/product_cat?post=1737"},{"taxonomy":"product_tag","embeddable":true,"href":"https:\/\/www.zmsh-semitech.com\/fi\/wp-json\/wp\/v2\/product_tag?post=1737"}],"curies":[{"name":"wp","href":"https:\/\/api.w.org\/{rel}","templated":true}]}}