{"id":1534,"date":"2025-12-26T05:59:04","date_gmt":"2025-12-26T05:59:04","guid":{"rendered":"https:\/\/www.zmsh-semitech.com\/?post_type=product&#038;p=1534"},"modified":"2025-12-26T06:11:05","modified_gmt":"2025-12-26T06:11:05","slug":"compact-high-precision-laser-micro-drilling-machine-for-ultra-fine-holes-and-multi-material-compatibility","status":"publish","type":"product","link":"https:\/\/www.zmsh-semitech.com\/fi\/product\/compact-high-precision-laser-micro-drilling-machine-for-ultra-fine-holes-and-multi-material-compatibility\/","title":{"rendered":"Kompakti korkean tarkkuuden laser-mikroporauskone eritt\u00e4in hienoihin reikiin ja monimateriaaliyhteensopivuuteen"},"content":{"rendered":"<p data-start=\"257\" data-end=\"610\">Kompakti korkean tarkkuuden laser-mikroporauskone on suunniteltu ymp\u00e4rist\u00f6ihin, joissa on rajoitetusti tilaa, ja se tarjoaa poikkeuksellista tarkkuutta ja k\u00e4ytt\u00e4j\u00e4yst\u00e4v\u00e4llist\u00e4 k\u00e4ytt\u00f6\u00e4. T\u00e4m\u00e4 kompakti j\u00e4rjestelm\u00e4 on ihanteellinen eritt\u00e4in hienoihin, jopa 0,005 mm:n reikien porauksiin, ja se takaa luotettavan suorituskyvyn ja minimaalisen l\u00e4mp\u00f6vaikutuksen, mink\u00e4 ansiosta rei\u00e4n reunat ovat puhtaat ja hapettuminen v\u00e4henee.<\/p>\n<p data-start=\"612\" data-end=\"862\">T\u00e4m\u00e4 monipuolinen laite tukee vaihdettavia laserl\u00e4hteit\u00e4 eri materiaalien k\u00e4sittely\u00e4 varten, mik\u00e4 parantaa yhteensopivuutta ja tehokkuutta. Sen intuitiivinen ohjelmistok\u00e4ytt\u00f6liittym\u00e4 tekee k\u00e4yt\u00f6st\u00e4 helppoa sek\u00e4 kokeneille k\u00e4ytt\u00e4jille ett\u00e4 uusille tulokkaille.<\/p>\n<p data-start=\"612\" data-end=\"862\"><img fetchpriority=\"high\" decoding=\"async\" class=\"wp-image-1536 aligncenter\" src=\"https:\/\/www.zmsh-semitech.com\/wp-content\/uploads\/2025\/12\/22.png\" alt=\"\" width=\"400\" height=\"581\" \/><\/p>\n<h3 data-start=\"869\" data-end=\"892\"><strong data-start=\"873\" data-end=\"890\">T\u00e4rkeimm\u00e4t ominaisuudet:<\/strong><\/h3>\n<ul data-start=\"893\" data-end=\"1260\">\n<li data-start=\"893\" data-end=\"974\">\n<p data-start=\"895\" data-end=\"974\"><strong data-start=\"895\" data-end=\"914\">Kompakti muotoilu:<\/strong> T\u00e4ydellinen pieniin tiloihin suorituskyvyst\u00e4 tinkim\u00e4tt\u00e4<\/p>\n<\/li>\n<li data-start=\"975\" data-end=\"1033\">\n<p data-start=\"977\" data-end=\"1033\"><strong data-start=\"977\" data-end=\"996\">Korkea tarkkuus:<\/strong> Saavuttaa jopa 0,005 mm:n rei\u00e4t.<\/p>\n<\/li>\n<li data-start=\"1034\" data-end=\"1099\">\n<p data-start=\"1036\" data-end=\"1099\"><strong data-start=\"1036\" data-end=\"1052\">Helppok\u00e4ytt\u00f6isyys:<\/strong> K\u00e4ytt\u00e4j\u00e4yst\u00e4v\u00e4llinen k\u00e4ytt\u00f6liittym\u00e4 yksinkertaista k\u00e4ytt\u00f6\u00e4 varten<\/p>\n<\/li>\n<li data-start=\"1100\" data-end=\"1189\">\n<p data-start=\"1102\" data-end=\"1189\"><strong data-start=\"1102\" data-end=\"1135\">Monimateriaalinen yhteensopivuus:<\/strong> Vaihdettavat laserl\u00e4hteet eri materiaaleille<\/p>\n<\/li>\n<li data-start=\"1190\" data-end=\"1260\">\n<p data-start=\"1192\" data-end=\"1260\"><strong data-start=\"1192\" data-end=\"1219\">Minimaalinen l\u00e4mp\u00f6vaikutus:<\/strong> V\u00e4hentynyt hapettuminen porattujen reikien ymp\u00e4rill\u00e4<\/p>\n<\/li>\n<\/ul>\n<h3 data-start=\"1267\" data-end=\"1298\"><strong data-start=\"1271\" data-end=\"1296\">Sovellettavat materiaalit:<\/strong><\/h3>\n<p data-start=\"1299\" data-end=\"1351\">Soveltuu monenlaisille materiaaleille, kuten:<\/p>\n<ul data-start=\"1352\" data-end=\"1487\">\n<li data-start=\"1352\" data-end=\"1412\">\n<p data-start=\"1354\" data-end=\"1412\">Metallit, kuten ruostumaton ter\u00e4s, hiiliter\u00e4s ja seokset.<\/p>\n<\/li>\n<li data-start=\"1413\" data-end=\"1450\">\n<p data-start=\"1415\" data-end=\"1450\">Keramiikka ja eritt\u00e4in kovat materiaalit<\/p>\n<\/li>\n<li data-start=\"1451\" data-end=\"1487\">\n<p data-start=\"1453\" data-end=\"1487\">Jalokivet, kuten safiiri<\/p>\n<\/li>\n<\/ul>\n<h3 data-start=\"1494\" data-end=\"1525\"><strong data-start=\"1498\" data-end=\"1523\">Sovellusesimerkkej\u00e4:<\/strong><\/h3>\n<ol data-start=\"1527\" data-end=\"2374\">\n<li data-start=\"1527\" data-end=\"1679\">\n<p data-start=\"1530\" data-end=\"1679\"><strong data-start=\"1530\" data-end=\"1563\">T301 Ruostumattoman ter\u00e4ksen poraus<\/strong><br data-start=\"1563\" data-end=\"1566\" \/>T301 ruostumattomasta ter\u00e4ksest\u00e4 valmistettuihin komponentteihin poratut tarkkuusmikroaukot teollisuuden ja mekaniikan sovelluksiin.<\/p>\n<\/li>\n<li data-start=\"1681\" data-end=\"1817\">\n<p data-start=\"1684\" data-end=\"1817\"><strong data-start=\"1684\" data-end=\"1711\">Sapphire Sheet Drilling<\/strong><br data-start=\"1711\" data-end=\"1714\" \/>Eritt\u00e4in hieno poraus safiirilevyihin, jotka soveltuvat optiseen, elektroniikkaan ja puolijohdek\u00e4ytt\u00f6\u00f6n.<\/p>\n<\/li>\n<li data-start=\"1819\" data-end=\"1956\">\n<p data-start=\"1822\" data-end=\"1956\"><strong data-start=\"1822\" data-end=\"1852\">Annostelusuuttimen poraus<\/strong><br data-start=\"1852\" data-end=\"1855\" \/>Eritt\u00e4in tarkat mikroaukot liiman tai nesteen annostelusuuttimille, jotka takaavat tarkan virtauksen s\u00e4\u00e4d\u00f6n.<\/p>\n<\/li>\n<li data-start=\"1958\" data-end=\"2092\">\n<p data-start=\"1961\" data-end=\"2092\"><strong data-start=\"1961\" data-end=\"1993\">Sapphire Blind Hole poraus<\/strong><br data-start=\"1993\" data-end=\"1996\" \/>Sokkoreikien poraus safiiriin, ihanteellinen tarkkuusosille, joissa syvyyden hallinta on kriittist\u00e4.<\/p>\n<\/li>\n<li data-start=\"2094\" data-end=\"2247\">\n<p data-start=\"2097\" data-end=\"2247\"><strong data-start=\"2097\" data-end=\"2139\">Ruostumattoman ter\u00e4ksen t-muotoinen rei\u00e4n poraus<\/strong><br data-start=\"2139\" data-end=\"2142\" \/>Erikoistunut T-muotoisten reikien poraaminen ruostumattomaan ter\u00e4kseen mekaanista kokoonpanoa ja mukautettuja komponentteja varten.<\/p>\n<\/li>\n<li data-start=\"2249\" data-end=\"2374\">\n<p data-start=\"2252\" data-end=\"2374\"><strong data-start=\"2252\" data-end=\"2276\">Kuparilevyn leikkaus<\/strong><br data-start=\"2276\" data-end=\"2279\" \/>Kuparilevyjen tarkkuusleikkaus elektroniikka-, PCB- ja mikrokomponenttisovelluksiin.<\/p>\n<\/li>\n<\/ol>\n<p><img decoding=\"async\" class=\"wp-image-1538 size-full aligncenter\" src=\"https:\/\/www.zmsh-semitech.com\/wp-content\/uploads\/2025\/12\/drilling-case3.png\" alt=\"\" width=\"800\" height=\"600\" srcset=\"https:\/\/www.zmsh-semitech.com\/wp-content\/uploads\/2025\/12\/drilling-case3.png 800w, https:\/\/www.zmsh-semitech.com\/wp-content\/uploads\/2025\/12\/drilling-case3-300x225.png 300w, https:\/\/www.zmsh-semitech.com\/wp-content\/uploads\/2025\/12\/drilling-case3-768x576.png 768w, https:\/\/www.zmsh-semitech.com\/wp-content\/uploads\/2025\/12\/drilling-case3-600x450.png 600w\" sizes=\"(max-width: 800px) 100vw, 800px\" \/><\/p>","protected":false},"excerpt":{"rendered":"<p>Kompakti korkean tarkkuuden laser-mikroporauskone on suunniteltu ymp\u00e4rist\u00f6ihin, joissa on rajoitetusti tilaa, ja se tarjoaa poikkeuksellista tarkkuutta ja k\u00e4ytt\u00e4j\u00e4yst\u00e4v\u00e4llist\u00e4 k\u00e4ytt\u00f6\u00e4. T\u00e4m\u00e4 kompakti j\u00e4rjestelm\u00e4 on ihanteellinen eritt\u00e4in hienoihin, jopa 0,005 mm:n reikien porauksiin, ja se takaa luotettavan suorituskyvyn ja minimaalisen l\u00e4mp\u00f6vaikutuksen, mink\u00e4 ansiosta rei\u00e4n reunat ovat puhtaat ja hapettuminen v\u00e4henee.<\/p>","protected":false},"featured_media":1535,"comment_status":"open","ping_status":"closed","template":"","meta":{"site-sidebar-layout":"default","site-content-layout":"","ast-site-content-layout":"default","site-content-style":"default","site-sidebar-style":"default","ast-global-header-display":"","ast-banner-title-visibility":"","ast-main-header-display":"","ast-hfb-above-header-display":"","ast-hfb-below-header-display":"","ast-hfb-mobile-header-display":"","site-post-title":"","ast-breadcrumbs-content":"","ast-featured-img":"","footer-sml-layout":"","ast-disable-related-posts":"","theme-transparent-header-meta":"default","adv-header-id-meta":"","stick-header-meta":"default","header-above-stick-meta":"","header-main-stick-meta":"","header-below-stick-meta":"","astra-migrate-meta-layouts":"set","ast-page-background-enabled":"default","ast-page-background-meta":{"desktop":{"background-color":"var(--ast-global-color-4)","background-image":"","background-repeat":"repeat","background-position":"center center","background-size":"auto","background-attachment":"scroll","background-type":"","background-media":"","overlay-type":"","overlay-color":"","overlay-opacity":"","overlay-gradient":""},"tablet":{"background-color":"","background-image":"","background-repeat":"repeat","background-position":"center center","background-size":"auto","background-attachment":"scroll","background-type":"","background-media":"","overlay-type":"","overlay-color":"","overlay-opacity":"","overlay-gradient":""},"mobile":{"background-color":"","background-image":"","background-repeat":"repeat","background-position":"center center","background-size":"auto","background-attachment":"scroll","background-type":"","background-media":"","overlay-type":"","overlay-color":"","overlay-opacity":"","overlay-gradient":""}},"ast-content-background-meta":{"desktop":{"background-color":"var(--ast-global-color-5)","background-image":"","background-repeat":"repeat","background-position":"center center","background-size":"auto","background-attachment":"scroll","background-type":"","background-media":"","overlay-type":"","overlay-color":"","overlay-opacity":"","overlay-gradient":""},"tablet":{"background-color":"var(--ast-global-color-5)","background-image":"","background-repeat":"repeat","background-position":"center center","background-size":"auto","background-attachment":"scroll","background-type":"","background-media":"","overlay-type":"","overlay-color":"","overlay-opacity":"","overlay-gradient":""},"mobile":{"background-color":"var(--ast-global-color-5)","background-image":"","background-repeat":"repeat","background-position":"center center","background-size":"auto","background-attachment":"scroll","background-type":"","background-media":"","overlay-type":"","overlay-color":"","overlay-opacity":"","overlay-gradient":""}}},"product_brand":[],"product_cat":[20],"product_tag":[53,54,49,48,55,46,47,56],"class_list":{"0":"post-1534","1":"product","2":"type-product","3":"status-publish","4":"has-post-thumbnail","6":"product_cat-laser-drilling-machine","7":"product_tag-compact-design","8":"product_tag-high-precision","9":"product_tag-laser-cutting","10":"product_tag-laser-micro-drilling","11":"product_tag-multi-material-compatibility","12":"product_tag-picosecond-laser","13":"product_tag-precision-laser-drilling","14":"product_tag-sapphire-drilling","15":"desktop-align-left","16":"tablet-align-left","17":"mobile-align-left","18":"ast-product-gallery-layout-horizontal-slider","19":"ast-product-gallery-with-no-image","20":"ast-product-tabs-layout-horizontal","22":"first","23":"instock","24":"shipping-taxable","25":"product-type-simple"},"_links":{"self":[{"href":"https:\/\/www.zmsh-semitech.com\/fi\/wp-json\/wp\/v2\/product\/1534","targetHints":{"allow":["GET"]}}],"collection":[{"href":"https:\/\/www.zmsh-semitech.com\/fi\/wp-json\/wp\/v2\/product"}],"about":[{"href":"https:\/\/www.zmsh-semitech.com\/fi\/wp-json\/wp\/v2\/types\/product"}],"replies":[{"embeddable":true,"href":"https:\/\/www.zmsh-semitech.com\/fi\/wp-json\/wp\/v2\/comments?post=1534"}],"version-history":[{"count":1,"href":"https:\/\/www.zmsh-semitech.com\/fi\/wp-json\/wp\/v2\/product\/1534\/revisions"}],"predecessor-version":[{"id":1539,"href":"https:\/\/www.zmsh-semitech.com\/fi\/wp-json\/wp\/v2\/product\/1534\/revisions\/1539"}],"wp:featuredmedia":[{"embeddable":true,"href":"https:\/\/www.zmsh-semitech.com\/fi\/wp-json\/wp\/v2\/media\/1535"}],"wp:attachment":[{"href":"https:\/\/www.zmsh-semitech.com\/fi\/wp-json\/wp\/v2\/media?parent=1534"}],"wp:term":[{"taxonomy":"product_brand","embeddable":true,"href":"https:\/\/www.zmsh-semitech.com\/fi\/wp-json\/wp\/v2\/product_brand?post=1534"},{"taxonomy":"product_cat","embeddable":true,"href":"https:\/\/www.zmsh-semitech.com\/fi\/wp-json\/wp\/v2\/product_cat?post=1534"},{"taxonomy":"product_tag","embeddable":true,"href":"https:\/\/www.zmsh-semitech.com\/fi\/wp-json\/wp\/v2\/product_tag?post=1534"}],"curies":[{"name":"wp","href":"https:\/\/api.w.org\/{rel}","templated":true}]}}