{"id":2400,"date":"2026-04-24T06:21:19","date_gmt":"2026-04-24T06:21:19","guid":{"rendered":"https:\/\/www.zmsh-semitech.com\/?post_type=product&#038;p=2400"},"modified":"2026-04-24T06:21:22","modified_gmt":"2026-04-24T06:21:22","slug":"precision-silicon-ring-single-crystal-polycrystalline-for-semiconductor-plasma-etching","status":"publish","type":"product","link":"https:\/\/www.zmsh-semitech.com\/es\/product\/precision-silicon-ring-single-crystal-polycrystalline-for-semiconductor-plasma-etching\/","title":{"rendered":"Anillo de silicio de precisi\u00f3n (monocristalino \/ policristalino) para el grabado por plasma de semiconductores"},"content":{"rendered":"<p data-start=\"228\" data-end=\"558\">\u00a0\u00a0<img fetchpriority=\"high\" decoding=\"async\" class=\"alignright wp-image-2404 size-medium\" src=\"https:\/\/www.zmsh-semitech.com\/wp-content\/uploads\/2026\/04\/Precision-Silicon-Ring-Single-Crystal-Polycrystalline-for-Semiconductor-Plasma-Etching-1-300x300.png\" alt=\"Anillo de silicio de precisi\u00f3n (monocristalino \/ policristalino) para el grabado por plasma de semiconductores\" width=\"300\" height=\"300\" srcset=\"https:\/\/www.zmsh-semitech.com\/wp-content\/uploads\/2026\/04\/Precision-Silicon-Ring-Single-Crystal-Polycrystalline-for-Semiconductor-Plasma-Etching-1-300x300.png 300w, https:\/\/www.zmsh-semitech.com\/wp-content\/uploads\/2026\/04\/Precision-Silicon-Ring-Single-Crystal-Polycrystalline-for-Semiconductor-Plasma-Etching-1-150x150.png 150w, https:\/\/www.zmsh-semitech.com\/wp-content\/uploads\/2026\/04\/Precision-Silicon-Ring-Single-Crystal-Polycrystalline-for-Semiconductor-Plasma-Etching-1-768x768.png 768w, https:\/\/www.zmsh-semitech.com\/wp-content\/uploads\/2026\/04\/Precision-Silicon-Ring-Single-Crystal-Polycrystalline-for-Semiconductor-Plasma-Etching-1-12x12.png 12w, https:\/\/www.zmsh-semitech.com\/wp-content\/uploads\/2026\/04\/Precision-Silicon-Ring-Single-Crystal-Polycrystalline-for-Semiconductor-Plasma-Etching-1-600x600.png 600w, https:\/\/www.zmsh-semitech.com\/wp-content\/uploads\/2026\/04\/Precision-Silicon-Ring-Single-Crystal-Polycrystalline-for-Semiconductor-Plasma-Etching-1-100x100.png 100w, https:\/\/www.zmsh-semitech.com\/wp-content\/uploads\/2026\/04\/Precision-Silicon-Ring-Single-Crystal-Polycrystalline-for-Semiconductor-Plasma-Etching-1.png 1000w\" sizes=\"(max-width: 300px) 100vw, 300px\" \/>El anillo de silicio (anillo Si) es un componente muy utilizado en los equipos de procesamiento por plasma de semiconductores, que sirve como anillo de enfoque, anillo de borde o revestimiento de la c\u00e1mara. Desempe\u00f1a un papel clave en el control de la distribuci\u00f3n del plasma, mejorando la uniformidad del grabado y protegiendo los componentes cr\u00edticos de la c\u00e1mara de la exposici\u00f3n directa al plasma de alta energ\u00eda.<\/p>\n<p data-start=\"560\" data-end=\"882\">Fabricados a partir de silicio monocristalino o policristalino de gran pureza, los anillos de Si ofrecen una excelente compatibilidad con los procesos de obleas de silicio. Esta compatibilidad intr\u00ednseca del material reduce significativamente los riesgos de contaminaci\u00f3n, lo que convierte a los anillos de silicio en la opci\u00f3n preferida en muchos entornos de fabricaci\u00f3n de semiconductores.<\/p>\n<p data-start=\"884\" data-end=\"1239\">Durante el funcionamiento, los anillos de silicio est\u00e1n expuestos a plasma reactivo generado por gases como CF\u2084, SF\u2086, NF\u2083 y Cl\u2082. Estas condiciones provocan gradualmente la erosi\u00f3n del material y la degradaci\u00f3n de la superficie. Como resultado, los anillos de silicio se clasifican como consumibles semiconductores cr\u00edticos, que requieren una sustituci\u00f3n peri\u00f3dica para mantener un rendimiento y un rendimiento \u00f3ptimos del proceso.<\/p>\n<p data-start=\"1241\" data-end=\"1430\">En comparaci\u00f3n con los anillos de SiC, los anillos de silicio son m\u00e1s rentables y f\u00e1ciles de mecanizar, por lo que resultan ideales para aplicaciones en las que los ciclos de sustituci\u00f3n son aceptables y el control de costes es importante.<\/p>\n<hr data-start=\"1432\" data-end=\"1435\" \/>\n<h2 data-section-id=\"1wht24f\" data-start=\"1437\" data-end=\"1457\">Caracter\u00edsticas principales<\/h2>\n<ul data-start=\"1458\" data-end=\"2054\">\n<li data-section-id=\"1wvx41j\" data-start=\"1458\" data-end=\"1549\">Material de silicio de gran pureza: Disponible en forma monocristalina y policristalina<\/li>\n<li data-section-id=\"16rlosp\" data-start=\"1550\" data-end=\"1653\">Excelente compatibilidad de procesos: Ideal para el procesamiento de obleas de silicio con bajo riesgo de contaminaci\u00f3n.<\/li>\n<li data-section-id=\"h5tu82\" data-start=\"1654\" data-end=\"1727\">Propiedades el\u00e9ctricas estables: Soporta un comportamiento consistente del plasma<\/li>\n<li data-section-id=\"qwtj7n\" data-start=\"1728\" data-end=\"1814\">Mecanizado de precisi\u00f3n: Tolerancia ajustada (&lt;10 \u03bcm) para herramientas avanzadas de semiconductores.<\/li>\n<li data-section-id=\"cd4ksl\" data-start=\"1815\" data-end=\"1903\">M\u00faltiples opciones de resistividad: Adecuadas para diferentes requisitos de control del plasma<\/li>\n<li data-section-id=\"vfz8a3\" data-start=\"1904\" data-end=\"1984\">Soluci\u00f3n rentable: Menor coste inicial que las alternativas de SiC<\/li>\n<li data-section-id=\"1q6rj8k\" data-start=\"1985\" data-end=\"2054\">Soporte de dise\u00f1o personalizado: Geometr\u00edas y tama\u00f1os complejos disponibles<\/li>\n<\/ul>\n<hr data-start=\"2056\" data-end=\"2059\" \/>\n<h2 data-section-id=\"1vgwxle\" data-start=\"2061\" data-end=\"2093\">Especificaciones t\u00e9cnicas<\/h2>\n<div class=\"TyagGW_tableContainer\">\n<div class=\"group TyagGW_tableWrapper flex flex-col-reverse w-fit\" tabindex=\"-1\">\n<table class=\"w-fit min-w-(--thread-content-width)\" data-start=\"2095\" data-end=\"2793\">\n<thead data-start=\"2095\" data-end=\"2124\">\n<tr data-start=\"2095\" data-end=\"2124\">\n<th class=\"\" data-start=\"2095\" data-end=\"2107\" data-col-size=\"sm\">Par\u00e1metro<\/th>\n<th class=\"\" data-start=\"2107\" data-end=\"2124\" data-col-size=\"md\">Especificaci\u00f3n<\/th>\n<\/tr>\n<\/thead>\n<tbody data-start=\"2152\" data-end=\"2793\">\n<tr data-start=\"2152\" data-end=\"2215\">\n<td data-start=\"2152\" data-end=\"2163\" data-col-size=\"sm\">Material<\/td>\n<td data-col-size=\"md\" data-start=\"2163\" data-end=\"2215\">Silicio monocristalino \/ Silicio policristalino<\/td>\n<\/tr>\n<tr data-start=\"2216\" data-end=\"2263\">\n<td data-start=\"2216\" data-end=\"2225\" data-col-size=\"sm\">Pureza<\/td>\n<td data-col-size=\"md\" data-start=\"2225\" data-end=\"2263\">\u2265 99,999% (grado semiconductor 5N)<\/td>\n<\/tr>\n<tr data-start=\"2264\" data-end=\"2297\">\n<td data-start=\"2264\" data-end=\"2281\" data-col-size=\"sm\">Di\u00e1metro (m\u00e1x.)<\/td>\n<td data-col-size=\"md\" data-start=\"2281\" data-end=\"2297\">Hasta 480 mm<\/td>\n<\/tr>\n<tr data-start=\"2298\" data-end=\"2340\">\n<td data-start=\"2298\" data-end=\"2310\" data-col-size=\"sm\">Espesor<\/td>\n<td data-col-size=\"md\" data-start=\"2310\" data-end=\"2340\">A medida (normalmente 5-30 mm)<\/td>\n<\/tr>\n<tr data-start=\"2341\" data-end=\"2376\">\n<td data-start=\"2341\" data-end=\"2361\" data-col-size=\"sm\">Resistividad (Baja)<\/td>\n<td data-col-size=\"md\" data-start=\"2361\" data-end=\"2376\">&lt; 0,02 \u03a9-cm<\/td>\n<\/tr>\n<tr data-start=\"2377\" data-end=\"2414\">\n<td data-start=\"2377\" data-end=\"2400\" data-col-size=\"sm\">Resistividad (Media)<\/td>\n<td data-col-size=\"md\" data-start=\"2400\" data-end=\"2414\">1 - 4 \u03a9-cm<\/td>\n<\/tr>\n<tr data-start=\"2415\" data-end=\"2452\">\n<td data-start=\"2415\" data-end=\"2436\" data-col-size=\"sm\">Resistividad (Alta)<\/td>\n<td data-col-size=\"md\" data-start=\"2436\" data-end=\"2452\">70 - 90 \u03a9-cm<\/td>\n<\/tr>\n<tr data-start=\"2453\" data-end=\"2492\">\n<td data-start=\"2453\" data-end=\"2484\" data-col-size=\"sm\">Uniformidad de resistividad (RRG)<\/td>\n<td data-col-size=\"md\" data-start=\"2484\" data-end=\"2492\">&lt; 5%<\/td>\n<\/tr>\n<tr data-start=\"2493\" data-end=\"2543\">\n<td data-start=\"2493\" data-end=\"2513\" data-col-size=\"sm\">Estado de la superficie<\/td>\n<td data-col-size=\"md\" data-start=\"2513\" data-end=\"2543\">Pulido \/ Laminado \/ Rectificado<\/td>\n<\/tr>\n<tr data-start=\"2544\" data-end=\"2605\">\n<td data-start=\"2544\" data-end=\"2569\" data-col-size=\"sm\">Rugosidad superficial (Ra)<\/td>\n<td data-col-size=\"md\" data-start=\"2569\" data-end=\"2605\">\u2264 0,8 \u03bcm (pulido puede ser inferior)<\/td>\n<\/tr>\n<tr data-start=\"2606\" data-end=\"2639\">\n<td data-start=\"2606\" data-end=\"2628\" data-col-size=\"sm\">Mecanizado de precisi\u00f3n<\/td>\n<td data-col-size=\"md\" data-start=\"2628\" data-end=\"2639\">&lt; 10 \u03bcm<\/td>\n<\/tr>\n<tr data-start=\"2640\" data-end=\"2682\">\n<td data-start=\"2640\" data-end=\"2651\" data-col-size=\"sm\">Planitud<\/td>\n<td data-col-size=\"md\" data-start=\"2651\" data-end=\"2682\">\u2264 30 \u03bcm (dependiendo del tama\u00f1o)<\/td>\n<\/tr>\n<tr data-start=\"2683\" data-end=\"2728\">\n<td data-start=\"2683\" data-end=\"2695\" data-col-size=\"sm\">Tipo de borde<\/td>\n<td data-col-size=\"md\" data-start=\"2695\" data-end=\"2728\">Chafl\u00e1n \/ Radio personalizable<\/td>\n<\/tr>\n<tr data-start=\"2729\" data-end=\"2793\">\n<td data-start=\"2729\" data-end=\"2747\" data-col-size=\"sm\">Control de calidad<\/td>\n<td data-col-size=\"md\" data-start=\"2747\" data-end=\"2793\">Sin grietas, astillas, ara\u00f1azos, contaminaci\u00f3n<\/td>\n<\/tr>\n<\/tbody>\n<\/table>\n<\/div>\n<\/div>\n<hr data-start=\"2795\" data-end=\"2798\" \/>\n<h2 data-section-id=\"1gggyhy\" data-start=\"2800\" data-end=\"2820\">Aplicaciones<\/h2>\n<p data-start=\"2821\" data-end=\"2903\">Los anillos de silicio son esenciales en diversos entornos de procesamiento de semiconductores:<\/p>\n<ul data-start=\"2905\" data-end=\"3108\">\n<li data-section-id=\"qzqq98\" data-start=\"2905\" data-end=\"2943\">Sistemas de grabado por plasma (ICP \/ RIE)<\/li>\n<li data-section-id=\"1iourx1\" data-start=\"2944\" data-end=\"2987\">Deposici\u00f3n qu\u00edmica en fase vapor (CVD \/ PECVD)<\/li>\n<li data-section-id=\"1hekjdg\" data-start=\"2988\" data-end=\"3025\">Componentes del anillo de enfoque\/anillo de borde<\/li>\n<li data-section-id=\"y1zl6l\" data-start=\"3026\" data-end=\"3065\">Protecci\u00f3n de la c\u00e1mara y piezas de revestimiento<\/li>\n<li data-section-id=\"83pt8g\" data-start=\"3066\" data-end=\"3108\">Aplicaciones de control del plasma en el borde de la oblea<\/li>\n<\/ul>\n<p data-start=\"3110\" data-end=\"3235\">Se utilizan ampliamente tanto en nodos de proceso maduros como intermedios, donde se requiere rentabilidad y rendimiento estable.<\/p>\n<p data-start=\"3110\" data-end=\"3235\"><img decoding=\"async\" class=\"aligncenter wp-image-2406 size-large\" src=\"https:\/\/www.zmsh-semitech.com\/wp-content\/uploads\/2026\/04\/nqhpoIZB7ZFQ0FgmKSApdpD5LVDKRh2mgeWJ0h_n8YC-oFDqn-Z2JB5pyoBfyG-_oDLzw_pC2C1A3AoLJoKcLErEuU3bYIhN8vq8CwcolHLoXu8EmdfU22zT2CiuFBN0qxhzObBOZwWh-dASuFxcJnit1n-yH8VsKHv8U2e2dzbKmApkzAOkXyVy8SRUL7r0-1024x681.jpg\" alt=\"Anillo de silicio de precisi\u00f3n (monocristalino \/ policristalino) para el grabado por plasma de semiconductores\" width=\"1024\" height=\"681\" srcset=\"https:\/\/www.zmsh-semitech.com\/wp-content\/uploads\/2026\/04\/nqhpoIZB7ZFQ0FgmKSApdpD5LVDKRh2mgeWJ0h_n8YC-oFDqn-Z2JB5pyoBfyG-_oDLzw_pC2C1A3AoLJoKcLErEuU3bYIhN8vq8CwcolHLoXu8EmdfU22zT2CiuFBN0qxhzObBOZwWh-dASuFxcJnit1n-yH8VsKHv8U2e2dzbKmApkzAOkXyVy8SRUL7r0-1024x681.jpg 1024w, https:\/\/www.zmsh-semitech.com\/wp-content\/uploads\/2026\/04\/nqhpoIZB7ZFQ0FgmKSApdpD5LVDKRh2mgeWJ0h_n8YC-oFDqn-Z2JB5pyoBfyG-_oDLzw_pC2C1A3AoLJoKcLErEuU3bYIhN8vq8CwcolHLoXu8EmdfU22zT2CiuFBN0qxhzObBOZwWh-dASuFxcJnit1n-yH8VsKHv8U2e2dzbKmApkzAOkXyVy8SRUL7r0-300x199.jpg 300w, https:\/\/www.zmsh-semitech.com\/wp-content\/uploads\/2026\/04\/nqhpoIZB7ZFQ0FgmKSApdpD5LVDKRh2mgeWJ0h_n8YC-oFDqn-Z2JB5pyoBfyG-_oDLzw_pC2C1A3AoLJoKcLErEuU3bYIhN8vq8CwcolHLoXu8EmdfU22zT2CiuFBN0qxhzObBOZwWh-dASuFxcJnit1n-yH8VsKHv8U2e2dzbKmApkzAOkXyVy8SRUL7r0-768x510.jpg 768w, https:\/\/www.zmsh-semitech.com\/wp-content\/uploads\/2026\/04\/nqhpoIZB7ZFQ0FgmKSApdpD5LVDKRh2mgeWJ0h_n8YC-oFDqn-Z2JB5pyoBfyG-_oDLzw_pC2C1A3AoLJoKcLErEuU3bYIhN8vq8CwcolHLoXu8EmdfU22zT2CiuFBN0qxhzObBOZwWh-dASuFxcJnit1n-yH8VsKHv8U2e2dzbKmApkzAOkXyVy8SRUL7r0-1536x1021.jpg 1536w, https:\/\/www.zmsh-semitech.com\/wp-content\/uploads\/2026\/04\/nqhpoIZB7ZFQ0FgmKSApdpD5LVDKRh2mgeWJ0h_n8YC-oFDqn-Z2JB5pyoBfyG-_oDLzw_pC2C1A3AoLJoKcLErEuU3bYIhN8vq8CwcolHLoXu8EmdfU22zT2CiuFBN0qxhzObBOZwWh-dASuFxcJnit1n-yH8VsKHv8U2e2dzbKmApkzAOkXyVy8SRUL7r0-18x12.jpg 18w, https:\/\/www.zmsh-semitech.com\/wp-content\/uploads\/2026\/04\/nqhpoIZB7ZFQ0FgmKSApdpD5LVDKRh2mgeWJ0h_n8YC-oFDqn-Z2JB5pyoBfyG-_oDLzw_pC2C1A3AoLJoKcLErEuU3bYIhN8vq8CwcolHLoXu8EmdfU22zT2CiuFBN0qxhzObBOZwWh-dASuFxcJnit1n-yH8VsKHv8U2e2dzbKmApkzAOkXyVy8SRUL7r0-600x399.jpg 600w, https:\/\/www.zmsh-semitech.com\/wp-content\/uploads\/2026\/04\/nqhpoIZB7ZFQ0FgmKSApdpD5LVDKRh2mgeWJ0h_n8YC-oFDqn-Z2JB5pyoBfyG-_oDLzw_pC2C1A3AoLJoKcLErEuU3bYIhN8vq8CwcolHLoXu8EmdfU22zT2CiuFBN0qxhzObBOZwWh-dASuFxcJnit1n-yH8VsKHv8U2e2dzbKmApkzAOkXyVy8SRUL7r0.jpg 2048w\" sizes=\"(max-width: 1024px) 100vw, 1024px\" \/><\/p>\n<hr data-start=\"3237\" data-end=\"3240\" \/>\n<h2 data-section-id=\"1misgzs\" data-start=\"3242\" data-end=\"3274\">Ventajas y posicionamiento<\/h2>\n<p data-start=\"3275\" data-end=\"3371\">Los anillos de silicio ofrecen una soluci\u00f3n equilibrada entre rendimiento y coste. En comparaci\u00f3n con los anillos de SiC:<\/p>\n<ul data-start=\"3373\" data-end=\"3681\">\n<li data-section-id=\"qgkkrh\" data-start=\"3373\" data-end=\"3449\">Menor coste: ideal para situaciones en las que el presupuesto es ajustado o en las que hay que sustituir muchas piezas.<\/li>\n<li data-section-id=\"fe5ihf\" data-start=\"3450\" data-end=\"3533\">Buena compatibilidad de procesos: Especialmente adecuado para procesos basados en silicio<\/li>\n<li data-section-id=\"1wgvfgt\" data-start=\"3534\" data-end=\"3604\">Fabricaci\u00f3n flexible: M\u00e1s f\u00e1cil de mecanizar en dise\u00f1os complejos<\/li>\n<li data-section-id=\"1855g4l\" data-start=\"3605\" data-end=\"3681\">Rendimiento fiable: Probado en la producci\u00f3n de semiconductores a gran escala<\/li>\n<\/ul>\n<p data-start=\"3683\" data-end=\"3894\">Sin embargo, en condiciones de plasma extremadamente duras, los anillos de silicio pueden desgastarse m\u00e1s r\u00e1pidamente que los de SiC. Por lo tanto, la selecci\u00f3n del material debe basarse en la intensidad del proceso, las expectativas de vida \u00fatil y las consideraciones de coste.<\/p>\n<p data-start=\"3683\" data-end=\"3894\"><img decoding=\"async\" class=\"wp-image-2383 size-large aligncenter\" src=\"https:\/\/www.zmsh-semitech.com\/wp-content\/uploads\/2026\/04\/\u5fae\u4fe1\u56fe\u7247_20260423181006_366_381-1024x486.png\" alt=\"\" width=\"1024\" height=\"486\" srcset=\"\" sizes=\"(max-width: 1024px) 100vw, 1024px\" data-srcset=\"\" \/><\/p>\n<hr data-start=\"3896\" data-end=\"3899\" \/>\n<h2 data-section-id=\"cpu4ih\" data-start=\"3901\" data-end=\"3912\">PREGUNTAS FRECUENTES<\/h2>\n<p data-start=\"3914\" data-end=\"4070\">P1: \u00bfEs el anillo de silicona un producto consumible?<br data-start=\"3963\" data-end=\"3966\" \/>S\u00ed. Se considera un consumible semiconductor cr\u00edtico debido a la erosi\u00f3n gradual en entornos de plasma.<\/p>\n<p data-start=\"4072\" data-end=\"4291\">P2: \u00bfQu\u00e9 diferencia hay entre los anillos de silicio monocristalino y policristalino?<br data-start=\"4160\" data-end=\"4163\" \/>El silicio monocristalino ofrece mejor uniformidad y propiedades el\u00e9ctricas, mientras que el policristalino es m\u00e1s rentable.<\/p>\n<p data-start=\"4293\" data-end=\"4452\">P3: \u00bfSe puede personalizar el anillo de silicona?<br data-start=\"4336\" data-end=\"4339\" \/>S\u00ed. El tama\u00f1o, el grosor, la resistividad, el acabado superficial y la geometr\u00eda pueden personalizarse seg\u00fan sus planos.<\/p>\n<p data-start=\"4454\" data-end=\"4622\">P4: \u00bfCon qu\u00e9 frecuencia hay que sustituir un anillo de silicona?<br data-start=\"4509\" data-end=\"4512\" \/>Depende de las condiciones del proceso, pero suele ser m\u00e1s frecuente que los anillos de SiC debido a su menor resistencia al plasma.<\/p>\n<p data-start=\"4624\" data-end=\"4743\">P5: \u00bfCu\u00e1l es el plazo de entrega habitual?<br data-start=\"4662\" data-end=\"4665\" \/>La producci\u00f3n suele tardar entre 3 y 5 semanas, dependiendo de las especificaciones y la cantidad.<\/p>","protected":false},"excerpt":{"rendered":"<p>El anillo de silicio (anillo Si) es un componente muy utilizado en los equipos de procesamiento por plasma de semiconductores, que sirve como anillo de enfoque, anillo de borde o revestimiento de la c\u00e1mara. Desempe\u00f1a un papel clave en el control de la distribuci\u00f3n del plasma, mejorando la uniformidad del grabado y protegiendo los componentes cr\u00edticos de la c\u00e1mara de la exposici\u00f3n directa al plasma de alta energ\u00eda.<\/p>","protected":false},"featured_media":2404,"comment_status":"open","ping_status":"closed","template":"","meta":{"site-sidebar-layout":"default","site-content-layout":"","ast-site-content-layout":"default","site-content-style":"default","site-sidebar-style":"default","ast-global-header-display":"","ast-banner-title-visibility":"","ast-main-header-display":"","ast-hfb-above-header-display":"","ast-hfb-below-header-display":"","ast-hfb-mobile-header-display":"","site-post-title":"","ast-breadcrumbs-content":"","ast-featured-img":"","footer-sml-layout":"","ast-disable-related-posts":"","theme-transparent-header-meta":"default","adv-header-id-meta":"","stick-header-meta":"default","header-above-stick-meta":"","header-main-stick-meta":"","header-below-stick-meta":"","astra-migrate-meta-layouts":"set","ast-page-background-enabled":"default","ast-page-background-meta":{"desktop":{"background-color":"var(--ast-global-color-4)","background-image":"","background-repeat":"repeat","background-position":"center center","background-size":"auto","background-attachment":"scroll","background-type":"","background-media":"","overlay-type":"","overlay-color":"","overlay-opacity":"","overlay-gradient":""},"tablet":{"background-color":"","background-image":"","background-repeat":"repeat","background-position":"center center","background-size":"auto","background-attachment":"scroll","background-type":"","background-media":"","overlay-type":"","overlay-color":"","overlay-opacity":"","overlay-gradient":""},"mobile":{"background-color":"","background-image":"","background-repeat":"repeat","background-position":"center center","background-size":"auto","background-attachment":"scroll","background-type":"","background-media":"","overlay-type":"","overlay-color":"","overlay-opacity":"","overlay-gradient":""}},"ast-content-background-meta":{"desktop":{"background-color":"var(--ast-global-color-5)","background-image":"","background-repeat":"repeat","background-position":"center center","background-size":"auto","background-attachment":"scroll","background-type":"","background-media":"","overlay-type":"","overlay-color":"","overlay-opacity":"","overlay-gradient":""},"tablet":{"background-color":"var(--ast-global-color-5)","background-image":"","background-repeat":"repeat","background-position":"center center","background-size":"auto","background-attachment":"scroll","background-type":"","background-media":"","overlay-type":"","overlay-color":"","overlay-opacity":"","overlay-gradient":""},"mobile":{"background-color":"var(--ast-global-color-5)","background-image":"","background-repeat":"repeat","background-position":"center center","background-size":"auto","background-attachment":"scroll","background-type":"","background-media":"","overlay-type":"","overlay-color":"","overlay-opacity":"","overlay-gradient":""}}},"product_brand":[],"product_cat":[1212],"product_tag":[1251,1250,1246,1237,1254,1218,1232,1249,1252,1248,1255,1253,1256],"class_list":{"0":"post-2400","1":"product","2":"type-product","3":"status-publish","4":"has-post-thumbnail","6":"product_cat-semiconductor-consumables","7":"product_tag-edge-ring-semiconductor","8":"product_tag-focus-ring-silicon","9":"product_tag-icp-rie-ring","10":"product_tag-plasma-etching-ring","11":"product_tag-polycrystalline-silicon-ring","12":"product_tag-semiconductor-consumables","13":"product_tag-semiconductor-equipment-parts","14":"product_tag-si-ring-semiconductor","15":"product_tag-silicon-chamber-parts","16":"product_tag-silicon-ring","17":"product_tag-silicon-wear-parts","18":"product_tag-single-crystal-silicon-ring","19":"product_tag-wafer-processing-components","20":"desktop-align-left","21":"tablet-align-left","22":"mobile-align-left","23":"ast-product-gallery-layout-horizontal-slider","24":"ast-product-tabs-layout-horizontal","26":"first","27":"instock","28":"shipping-taxable","29":"product-type-simple"},"_links":{"self":[{"href":"https:\/\/www.zmsh-semitech.com\/es\/wp-json\/wp\/v2\/product\/2400","targetHints":{"allow":["GET"]}}],"collection":[{"href":"https:\/\/www.zmsh-semitech.com\/es\/wp-json\/wp\/v2\/product"}],"about":[{"href":"https:\/\/www.zmsh-semitech.com\/es\/wp-json\/wp\/v2\/types\/product"}],"replies":[{"embeddable":true,"href":"https:\/\/www.zmsh-semitech.com\/es\/wp-json\/wp\/v2\/comments?post=2400"}],"version-history":[{"count":2,"href":"https:\/\/www.zmsh-semitech.com\/es\/wp-json\/wp\/v2\/product\/2400\/revisions"}],"predecessor-version":[{"id":2408,"href":"https:\/\/www.zmsh-semitech.com\/es\/wp-json\/wp\/v2\/product\/2400\/revisions\/2408"}],"wp:featuredmedia":[{"embeddable":true,"href":"https:\/\/www.zmsh-semitech.com\/es\/wp-json\/wp\/v2\/media\/2404"}],"wp:attachment":[{"href":"https:\/\/www.zmsh-semitech.com\/es\/wp-json\/wp\/v2\/media?parent=2400"}],"wp:term":[{"taxonomy":"product_brand","embeddable":true,"href":"https:\/\/www.zmsh-semitech.com\/es\/wp-json\/wp\/v2\/product_brand?post=2400"},{"taxonomy":"product_cat","embeddable":true,"href":"https:\/\/www.zmsh-semitech.com\/es\/wp-json\/wp\/v2\/product_cat?post=2400"},{"taxonomy":"product_tag","embeddable":true,"href":"https:\/\/www.zmsh-semitech.com\/es\/wp-json\/wp\/v2\/product_tag?post=2400"}],"curies":[{"name":"wp","href":"https:\/\/api.w.org\/{rel}","templated":true}]}}