{"id":2389,"date":"2026-04-24T05:55:23","date_gmt":"2026-04-24T05:55:23","guid":{"rendered":"https:\/\/www.zmsh-semitech.com\/?post_type=product&#038;p=2389"},"modified":"2026-04-24T05:55:25","modified_gmt":"2026-04-24T05:55:25","slug":"cvd-silicon-carbide-sic-ring-for-semiconductor-plasma-etching","status":"publish","type":"product","link":"https:\/\/www.zmsh-semitech.com\/es\/product\/cvd-silicon-carbide-sic-ring-for-semiconductor-plasma-etching\/","title":{"rendered":"CVD Anillo de carburo de silicio SiC para grabado por plasma de semiconductores"},"content":{"rendered":"<p data-start=\"213\" data-end=\"577\"><img fetchpriority=\"high\" decoding=\"async\" class=\"alignright wp-image-2392 size-medium\" src=\"https:\/\/www.zmsh-semitech.com\/wp-content\/uploads\/2026\/04\/CVD-Silicon-Carbide-SiC-Ring-for-Semiconductor-Plasma-Etching-1-300x300.png\" alt=\"CVD Anillo de carburo de silicio SiC para grabado por plasma de semiconductores\" width=\"300\" height=\"300\" srcset=\"https:\/\/www.zmsh-semitech.com\/wp-content\/uploads\/2026\/04\/CVD-Silicon-Carbide-SiC-Ring-for-Semiconductor-Plasma-Etching-1-300x300.png 300w, https:\/\/www.zmsh-semitech.com\/wp-content\/uploads\/2026\/04\/CVD-Silicon-Carbide-SiC-Ring-for-Semiconductor-Plasma-Etching-1-150x150.png 150w, https:\/\/www.zmsh-semitech.com\/wp-content\/uploads\/2026\/04\/CVD-Silicon-Carbide-SiC-Ring-for-Semiconductor-Plasma-Etching-1-768x768.png 768w, https:\/\/www.zmsh-semitech.com\/wp-content\/uploads\/2026\/04\/CVD-Silicon-Carbide-SiC-Ring-for-Semiconductor-Plasma-Etching-1-12x12.png 12w, https:\/\/www.zmsh-semitech.com\/wp-content\/uploads\/2026\/04\/CVD-Silicon-Carbide-SiC-Ring-for-Semiconductor-Plasma-Etching-1-600x600.png 600w, https:\/\/www.zmsh-semitech.com\/wp-content\/uploads\/2026\/04\/CVD-Silicon-Carbide-SiC-Ring-for-Semiconductor-Plasma-Etching-1-100x100.png 100w, https:\/\/www.zmsh-semitech.com\/wp-content\/uploads\/2026\/04\/CVD-Silicon-Carbide-SiC-Ring-for-Semiconductor-Plasma-Etching-1.png 1000w\" sizes=\"(max-width: 300px) 100vw, 300px\" \/>El anillo SiC (Silicon Carbide Ring) es un componente de alto rendimiento ampliamente utilizado en equipos de procesamiento de plasma de semiconductores, especialmente en c\u00e1maras de grabado y deposici\u00f3n. Fabricado con carburo de silicio por deposici\u00f3n qu\u00edmica en fase vapor (CVD), este producto ofrece una resistencia excepcional a la erosi\u00f3n por plasma, las altas temperaturas y los entornos qu\u00edmicos agresivos.<\/p>\n<p data-start=\"579\" data-end=\"989\">En la fabricaci\u00f3n de semiconductores, los componentes de la c\u00e1mara est\u00e1n expuestos continuamente a gases reactivos, como productos qu\u00edmicos a base de fl\u00faor y cloro (CF\u2084, SF\u2086, Cl\u2082), as\u00ed como a bombardeos de iones de alta energ\u00eda. En tales condiciones, los componentes tradicionales de silicio tienden a degradarse m\u00e1s r\u00e1pidamente. En cambio, los anillos de SiC proporcionan una durabilidad significativamente mayor, una menor generaci\u00f3n de part\u00edculas y una mayor estabilidad del proceso.<\/p>\n<p data-start=\"991\" data-end=\"1355\">Gracias a su extraordinaria resistencia mec\u00e1nica, conductividad t\u00e9rmica e inercia qu\u00edmica, el CVD SiC se considera uno de los materiales m\u00e1s fiables para los equipos semiconductores de \u00faltima generaci\u00f3n. Los anillos de SiC suelen instalarse como anillos de enfoque, anillos de borde o anillos de protecci\u00f3n de la c\u00e1mara, lo que ayuda a controlar la distribuci\u00f3n del plasma y a proteger las piezas cr\u00edticas de la c\u00e1mara.<\/p>\n<p data-start=\"1357\" data-end=\"1595\">Estos anillos est\u00e1n clasificados como consumibles cr\u00edticos para semiconductores y ofrecen una vida \u00fatil mucho m\u00e1s larga en comparaci\u00f3n con los anillos de silicio convencionales, lo que los hace ideales para nodos de proceso avanzados y entornos de fabricaci\u00f3n de alto rendimiento.<\/p>\n<hr data-start=\"1597\" data-end=\"1600\" \/>\n<h2 data-section-id=\"1wht24f\" data-start=\"1602\" data-end=\"1622\">Caracter\u00edsticas principales<\/h2>\n<p><img decoding=\"async\" class=\"size-medium wp-image-2390 alignright\" src=\"https:\/\/www.zmsh-semitech.com\/wp-content\/uploads\/2026\/04\/CVD-Silicon-Carbide-SiC-Ring-for-Semiconductor-Plasma-Etching-2-300x300.png\" alt=\"\" width=\"300\" height=\"300\" srcset=\"https:\/\/www.zmsh-semitech.com\/wp-content\/uploads\/2026\/04\/CVD-Silicon-Carbide-SiC-Ring-for-Semiconductor-Plasma-Etching-2-300x300.png 300w, https:\/\/www.zmsh-semitech.com\/wp-content\/uploads\/2026\/04\/CVD-Silicon-Carbide-SiC-Ring-for-Semiconductor-Plasma-Etching-2-150x150.png 150w, https:\/\/www.zmsh-semitech.com\/wp-content\/uploads\/2026\/04\/CVD-Silicon-Carbide-SiC-Ring-for-Semiconductor-Plasma-Etching-2-768x768.png 768w, https:\/\/www.zmsh-semitech.com\/wp-content\/uploads\/2026\/04\/CVD-Silicon-Carbide-SiC-Ring-for-Semiconductor-Plasma-Etching-2-12x12.png 12w, https:\/\/www.zmsh-semitech.com\/wp-content\/uploads\/2026\/04\/CVD-Silicon-Carbide-SiC-Ring-for-Semiconductor-Plasma-Etching-2-600x600.png 600w, https:\/\/www.zmsh-semitech.com\/wp-content\/uploads\/2026\/04\/CVD-Silicon-Carbide-SiC-Ring-for-Semiconductor-Plasma-Etching-2-100x100.png 100w, https:\/\/www.zmsh-semitech.com\/wp-content\/uploads\/2026\/04\/CVD-Silicon-Carbide-SiC-Ring-for-Semiconductor-Plasma-Etching-2.png 1000w\" sizes=\"(max-width: 300px) 100vw, 300px\" \/><\/p>\n<ul data-start=\"1623\" data-end=\"2189\">\n<li data-section-id=\"185xteb\" data-start=\"1623\" data-end=\"1725\">Material CVD SiC de gran pureza: Garantiza una excelente integridad estructural y una contaminaci\u00f3n m\u00ednima<\/li>\n<li data-section-id=\"103qh1t\" data-start=\"1726\" data-end=\"1822\">Excelente resistencia al plasma: Resistencia superior al plasma a base de fl\u00faor y cloro.<\/li>\n<li data-section-id=\"19jl5gi\" data-start=\"1823\" data-end=\"1924\">Estabilidad a altas temperaturas: Mantiene el rendimiento en entornos de procesamiento a altas temperaturas.<\/li>\n<li data-section-id=\"ixqmoc\" data-start=\"1925\" data-end=\"2002\">Baja generaci\u00f3n de part\u00edculas: Mejora el rendimiento de las obleas y la limpieza del proceso.<\/li>\n<li data-section-id=\"nx34my\" data-start=\"2003\" data-end=\"2084\">Mayor vida \u00fatil: Normalmente varias veces superior a la de los componentes de silicio<\/li>\n<li data-section-id=\"14jsdwf\" data-start=\"2085\" data-end=\"2189\">Mecanizado de precisi\u00f3n: Tolerancias ajustadas (&lt;10 \u03bcm) para una integraci\u00f3n perfecta en herramientas de semiconductores.<\/li>\n<\/ul>\n<hr data-start=\"2191\" data-end=\"2194\" \/>\n<h2 data-section-id=\"1vgwxle\" data-start=\"2196\" data-end=\"2228\">Especificaciones t\u00e9cnicas<\/h2>\n<div class=\"TyagGW_tableContainer\">\n<div class=\"group TyagGW_tableWrapper flex flex-col-reverse w-fit\" tabindex=\"-1\">\n<table class=\"w-fit min-w-(--thread-content-width)\" data-start=\"2230\" data-end=\"2883\">\n<thead data-start=\"2230\" data-end=\"2259\">\n<tr data-start=\"2230\" data-end=\"2259\">\n<th class=\"\" data-start=\"2230\" data-end=\"2242\" data-col-size=\"sm\">Par\u00e1metro<\/th>\n<th class=\"\" data-start=\"2242\" data-end=\"2259\" data-col-size=\"md\">Especificaci\u00f3n<\/th>\n<\/tr>\n<\/thead>\n<tbody data-start=\"2287\" data-end=\"2883\">\n<tr data-start=\"2287\" data-end=\"2327\">\n<td data-start=\"2287\" data-end=\"2298\" data-col-size=\"sm\">Material<\/td>\n<td data-col-size=\"md\" data-start=\"2298\" data-end=\"2327\">Carburo de silicio (SiC) CVD<\/td>\n<\/tr>\n<tr data-start=\"2328\" data-end=\"2348\">\n<td data-start=\"2328\" data-end=\"2337\" data-col-size=\"sm\">Pureza<\/td>\n<td data-col-size=\"md\" data-start=\"2337\" data-end=\"2348\">\u2265 99,9%<\/td>\n<\/tr>\n<tr data-start=\"2349\" data-end=\"2374\">\n<td data-start=\"2349\" data-end=\"2359\" data-col-size=\"sm\">Densidad<\/td>\n<td data-col-size=\"md\" data-start=\"2359\" data-end=\"2374\">\u2265 3,1 g\/cm\u00b3<\/td>\n<\/tr>\n<tr data-start=\"2375\" data-end=\"2408\">\n<td data-start=\"2375\" data-end=\"2392\" data-col-size=\"sm\">Di\u00e1metro (m\u00e1x.)<\/td>\n<td data-col-size=\"md\" data-start=\"2392\" data-end=\"2408\">Hasta 370 mm<\/td>\n<\/tr>\n<tr data-start=\"2409\" data-end=\"2451\">\n<td data-start=\"2409\" data-end=\"2421\" data-col-size=\"sm\">Espesor<\/td>\n<td data-col-size=\"md\" data-start=\"2421\" data-end=\"2451\">A medida (normalmente 5-30 mm)<\/td>\n<\/tr>\n<tr data-start=\"2452\" data-end=\"2487\">\n<td data-start=\"2452\" data-end=\"2472\" data-col-size=\"sm\">Resistividad (Baja)<\/td>\n<td data-col-size=\"md\" data-start=\"2472\" data-end=\"2487\">&lt; 0,02 \u03a9-cm<\/td>\n<\/tr>\n<tr data-start=\"2488\" data-end=\"2528\">\n<td data-start=\"2488\" data-end=\"2511\" data-col-size=\"sm\">Resistividad (Media)<\/td>\n<td data-col-size=\"md\" data-start=\"2511\" data-end=\"2528\">0,2 - 25 \u03a9-cm<\/td>\n<\/tr>\n<tr data-start=\"2529\" data-end=\"2564\">\n<td data-start=\"2529\" data-end=\"2550\" data-col-size=\"sm\">Resistividad (Alta)<\/td>\n<td data-col-size=\"md\" data-start=\"2550\" data-end=\"2564\">&gt; 100 \u03a9-cm<\/td>\n<\/tr>\n<tr data-start=\"2565\" data-end=\"2604\">\n<td data-start=\"2565\" data-end=\"2596\" data-col-size=\"sm\">Uniformidad de resistividad (RRG)<\/td>\n<td data-col-size=\"md\" data-start=\"2596\" data-end=\"2604\">&lt; 5%<\/td>\n<\/tr>\n<tr data-start=\"2605\" data-end=\"2670\">\n<td data-start=\"2605\" data-end=\"2625\" data-col-size=\"sm\">Estado de la superficie<\/td>\n<td data-col-size=\"md\" data-start=\"2625\" data-end=\"2670\">Esmerilado (pulido disponible bajo pedido)<\/td>\n<\/tr>\n<tr data-start=\"2671\" data-end=\"2723\">\n<td data-start=\"2671\" data-end=\"2696\" data-col-size=\"sm\">Rugosidad superficial (Ra)<\/td>\n<td data-col-size=\"md\" data-start=\"2696\" data-end=\"2723\">\u2264 1,6 \u03bcm (personalizable)<\/td>\n<\/tr>\n<tr data-start=\"2724\" data-end=\"2757\">\n<td data-start=\"2724\" data-end=\"2746\" data-col-size=\"sm\">Mecanizado de precisi\u00f3n<\/td>\n<td data-col-size=\"md\" data-start=\"2746\" data-end=\"2757\">&lt; 10 \u03bcm<\/td>\n<\/tr>\n<tr data-start=\"2758\" data-end=\"2799\">\n<td data-start=\"2758\" data-end=\"2781\" data-col-size=\"sm\">Conductividad t\u00e9rmica<\/td>\n<td data-col-size=\"md\" data-start=\"2781\" data-end=\"2799\">~120-200 W\/m-K<\/td>\n<\/tr>\n<tr data-start=\"2800\" data-end=\"2824\">\n<td data-start=\"2800\" data-end=\"2811\" data-col-size=\"sm\">Dureza<\/td>\n<td data-col-size=\"md\" data-start=\"2811\" data-end=\"2824\">~9,2 Mohs<\/td>\n<\/tr>\n<tr data-start=\"2825\" data-end=\"2883\">\n<td data-start=\"2825\" data-end=\"2843\" data-col-size=\"sm\">Control de calidad<\/td>\n<td data-col-size=\"md\" data-start=\"2843\" data-end=\"2883\">Libre de grietas, astillas, contaminaci\u00f3n<\/td>\n<\/tr>\n<\/tbody>\n<\/table>\n<\/div>\n<\/div>\n<hr data-start=\"2885\" data-end=\"2888\" \/>\n<h2 data-section-id=\"1gggyhy\" data-start=\"2890\" data-end=\"2910\">Aplicaciones<\/h2>\n<p data-start=\"2911\" data-end=\"3025\">Los anillos de SiC son componentes esenciales en equipos semiconductores donde la durabilidad y la resistencia al plasma son fundamentales:<\/p>\n<ul data-start=\"3027\" data-end=\"3241\">\n<li data-section-id=\"qzqq98\" data-start=\"3027\" data-end=\"3065\">Sistemas de grabado por plasma (ICP \/ RIE)<\/li>\n<li data-section-id=\"1iourx1\" data-start=\"3066\" data-end=\"3109\">Deposici\u00f3n qu\u00edmica en fase vapor (CVD \/ PECVD)<\/li>\n<li data-section-id=\"yfc3l\" data-start=\"3110\" data-end=\"3149\">Aplicaciones de anillo de enfoque\/anillo de borde<\/li>\n<li data-section-id=\"14j8f1u\" data-start=\"3150\" data-end=\"3193\">Revestimiento de la c\u00e1mara y componentes de protecci\u00f3n<\/li>\n<li data-section-id=\"1l8pbfg\" data-start=\"3194\" data-end=\"3241\">Entornos de procesamiento de plasma de alta densidad<\/li>\n<\/ul>\n<p data-start=\"3243\" data-end=\"3383\">Son especialmente adecuados para nodos avanzados y procesos de grabado dif\u00edciles, en los que los componentes de silicio no pueden cumplir los requisitos de vida \u00fatil.<\/p>\n<p data-start=\"3243\" data-end=\"3383\"><img decoding=\"async\" class=\"aligncenter wp-image-2393 size-large\" src=\"https:\/\/www.zmsh-semitech.com\/wp-content\/uploads\/2026\/04\/V-XNjEkVLOxdQ3vNkqwRlwTnQIJEWLvn8yKCuqVOt3LGwjYhcj9HcJSqdlRSxOCdMdZ33IUySbpwQnVceltXtWhkg6VNrYi_ptiSJF92Api4RpFrek_-pbJFl5pgNytSMfwNYWSx43dQ6jT4QYV9yjBEYcR61Je4jzErkENr5eeHHxdHesqnUnHvdt1ORiva-1024x511.jpg\" alt=\"\" width=\"1024\" height=\"511\" srcset=\"https:\/\/www.zmsh-semitech.com\/wp-content\/uploads\/2026\/04\/V-XNjEkVLOxdQ3vNkqwRlwTnQIJEWLvn8yKCuqVOt3LGwjYhcj9HcJSqdlRSxOCdMdZ33IUySbpwQnVceltXtWhkg6VNrYi_ptiSJF92Api4RpFrek_-pbJFl5pgNytSMfwNYWSx43dQ6jT4QYV9yjBEYcR61Je4jzErkENr5eeHHxdHesqnUnHvdt1ORiva-1024x511.jpg 1024w, https:\/\/www.zmsh-semitech.com\/wp-content\/uploads\/2026\/04\/V-XNjEkVLOxdQ3vNkqwRlwTnQIJEWLvn8yKCuqVOt3LGwjYhcj9HcJSqdlRSxOCdMdZ33IUySbpwQnVceltXtWhkg6VNrYi_ptiSJF92Api4RpFrek_-pbJFl5pgNytSMfwNYWSx43dQ6jT4QYV9yjBEYcR61Je4jzErkENr5eeHHxdHesqnUnHvdt1ORiva-300x150.jpg 300w, https:\/\/www.zmsh-semitech.com\/wp-content\/uploads\/2026\/04\/V-XNjEkVLOxdQ3vNkqwRlwTnQIJEWLvn8yKCuqVOt3LGwjYhcj9HcJSqdlRSxOCdMdZ33IUySbpwQnVceltXtWhkg6VNrYi_ptiSJF92Api4RpFrek_-pbJFl5pgNytSMfwNYWSx43dQ6jT4QYV9yjBEYcR61Je4jzErkENr5eeHHxdHesqnUnHvdt1ORiva-768x383.jpg 768w, https:\/\/www.zmsh-semitech.com\/wp-content\/uploads\/2026\/04\/V-XNjEkVLOxdQ3vNkqwRlwTnQIJEWLvn8yKCuqVOt3LGwjYhcj9HcJSqdlRSxOCdMdZ33IUySbpwQnVceltXtWhkg6VNrYi_ptiSJF92Api4RpFrek_-pbJFl5pgNytSMfwNYWSx43dQ6jT4QYV9yjBEYcR61Je4jzErkENr5eeHHxdHesqnUnHvdt1ORiva-18x9.jpg 18w, https:\/\/www.zmsh-semitech.com\/wp-content\/uploads\/2026\/04\/V-XNjEkVLOxdQ3vNkqwRlwTnQIJEWLvn8yKCuqVOt3LGwjYhcj9HcJSqdlRSxOCdMdZ33IUySbpwQnVceltXtWhkg6VNrYi_ptiSJF92Api4RpFrek_-pbJFl5pgNytSMfwNYWSx43dQ6jT4QYV9yjBEYcR61Je4jzErkENr5eeHHxdHesqnUnHvdt1ORiva-600x299.jpg 600w, https:\/\/www.zmsh-semitech.com\/wp-content\/uploads\/2026\/04\/V-XNjEkVLOxdQ3vNkqwRlwTnQIJEWLvn8yKCuqVOt3LGwjYhcj9HcJSqdlRSxOCdMdZ33IUySbpwQnVceltXtWhkg6VNrYi_ptiSJF92Api4RpFrek_-pbJFl5pgNytSMfwNYWSx43dQ6jT4QYV9yjBEYcR61Je4jzErkENr5eeHHxdHesqnUnHvdt1ORiva.jpg 1080w\" sizes=\"(max-width: 1024px) 100vw, 1024px\" \/><\/p>\n<hr data-start=\"3385\" data-end=\"3388\" \/>\n<h2 data-section-id=\"j4gip\" data-start=\"3390\" data-end=\"3436\">\u00bfPor qu\u00e9 elegir un anillo de SiC en lugar de uno de silicio?<\/h2>\n<p data-start=\"3437\" data-end=\"3702\">En comparaci\u00f3n con los anillos de silicio tradicionales, los anillos de SiC ofrecen una mejora significativa de la vida \u00fatil y la estabilidad del proceso. Aunque los anillos de silicona son m\u00e1s rentables inicialmente, se desgastan m\u00e1s r\u00e1pido en condiciones de plasma agresivas y requieren sustituciones m\u00e1s frecuentes.<\/p>\n<p data-start=\"3704\" data-end=\"3742\">Los anillos de SiC, en cambio, proporcionan:<\/p>\n<ul data-start=\"3743\" data-end=\"3903\">\n<li data-section-id=\"17mv8nk\" data-start=\"3743\" data-end=\"3772\">Vida \u00fatil entre 3 y 10 veces mayor<\/li>\n<li data-section-id=\"16lo0t8\" data-start=\"3773\" data-end=\"3820\">Mayor resistencia a la corrosi\u00f3n qu\u00edmica<\/li>\n<li data-section-id=\"19uuz0f\" data-start=\"3821\" data-end=\"3857\">Menor contaminaci\u00f3n por part\u00edculas<\/li>\n<li data-section-id=\"uhpkja\" data-start=\"3858\" data-end=\"3903\">Reducci\u00f3n del tiempo de inactividad y de los costes de mantenimiento<\/li>\n<\/ul>\n<p data-start=\"3905\" data-end=\"4056\">En la fabricaci\u00f3n de semiconductores de gama alta, el coste total de propiedad (TCO) suele ser inferior cuando se utilizan componentes de SiC, a pesar de su mayor coste inicial.<\/p>\n<p data-start=\"3905\" data-end=\"4056\"><img loading=\"lazy\" decoding=\"async\" class=\"wp-image-2383 size-large aligncenter\" src=\"https:\/\/www.zmsh-semitech.com\/wp-content\/uploads\/2026\/04\/\u5fae\u4fe1\u56fe\u7247_20260423181006_366_381-1024x486.png\" alt=\"\" width=\"1024\" height=\"486\" srcset=\"\" sizes=\"(max-width: 1024px) 100vw, 1024px\" data-srcset=\"\" \/><\/p>\n<hr data-start=\"4058\" data-end=\"4061\" \/>\n<h2 data-section-id=\"cpu4ih\" data-start=\"4063\" data-end=\"4074\">PREGUNTAS FRECUENTES<\/h2>\n<p data-start=\"4076\" data-end=\"4283\">P1: \u00bfEs el anillo de SiC un producto consumible?<br data-start=\"4121\" data-end=\"4124\" \/>S\u00ed, se considera un consumible semiconductor cr\u00edtico. Aunque tiene una vida \u00fatil m\u00e1s larga que las piezas de silicio, acabar\u00e1 desgast\u00e1ndose por la exposici\u00f3n al plasma.<\/p>\n<p data-start=\"4285\" data-end=\"4492\">P2: \u00bfCu\u00e1l es la ventaja del material CVD SiC?<br data-start=\"4335\" data-end=\"4338\" \/>El CVD SiC proporciona una pureza extremadamente alta, una estructura densa y una excelente resistencia al plasma y a los productos qu\u00edmicos, lo que lo hace ideal para aplicaciones de semiconductores.<\/p>\n<p data-start=\"4494\" data-end=\"4668\">P3: \u00bfSe puede personalizar el anillo de SiC?<br data-start=\"4533\" data-end=\"4536\" \/>S\u00ed. El di\u00e1metro, el grosor, la resistividad y el acabado de la superficie pueden personalizarse en funci\u00f3n de sus planos o de los requisitos del equipo.<\/p>\n<p data-start=\"4670\" data-end=\"4814\">P4: \u00bfCu\u00e1nto dura un anillo de SiC en comparaci\u00f3n con uno de silicio?<br data-start=\"4735\" data-end=\"4738\" \/>Normalmente, los anillos de SiC duran entre 3 y 10 veces m\u00e1s en funci\u00f3n de las condiciones del proceso.<\/p>\n<p data-start=\"4816\" data-end=\"4928\">P5: \u00bfCu\u00e1l es el plazo de entrega?<br data-start=\"4846\" data-end=\"4849\" \/>La producci\u00f3n suele tardar entre 4 y 8 semanas, dependiendo de la complejidad del dise\u00f1o y de la cantidad.<\/p>","protected":false},"excerpt":{"rendered":"<p>El anillo SiC (Silicon Carbide Ring) es un componente de alto rendimiento ampliamente utilizado en equipos de procesamiento de plasma de semiconductores, especialmente en c\u00e1maras de grabado y deposici\u00f3n. Fabricado con carburo de silicio por deposici\u00f3n qu\u00edmica en fase vapor (CVD), este producto ofrece una resistencia excepcional a la erosi\u00f3n por plasma, las altas temperaturas y los entornos qu\u00edmicos agresivos.<\/p>","protected":false},"featured_media":2392,"comment_status":"open","ping_status":"closed","template":"","meta":{"site-sidebar-layout":"default","site-content-layout":"","ast-site-content-layout":"default","site-content-style":"default","site-sidebar-style":"default","ast-global-header-display":"","ast-banner-title-visibility":"","ast-main-header-display":"","ast-hfb-above-header-display":"","ast-hfb-below-header-display":"","ast-hfb-mobile-header-display":"","site-post-title":"","ast-breadcrumbs-content":"","ast-featured-img":"","footer-sml-layout":"","ast-disable-related-posts":"","theme-transparent-header-meta":"default","adv-header-id-meta":"","stick-header-meta":"default","header-above-stick-meta":"","header-main-stick-meta":"","header-below-stick-meta":"","astra-migrate-meta-layouts":"set","ast-page-background-enabled":"default","ast-page-background-meta":{"desktop":{"background-color":"var(--ast-global-color-4)","background-image":"","background-repeat":"repeat","background-position":"center center","background-size":"auto","background-attachment":"scroll","background-type":"","background-media":"","overlay-type":"","overlay-color":"","overlay-opacity":"","overlay-gradient":""},"tablet":{"background-color":"","background-image":"","background-repeat":"repeat","background-position":"center center","background-size":"auto","background-attachment":"scroll","background-type":"","background-media":"","overlay-type":"","overlay-color":"","overlay-opacity":"","overlay-gradient":""},"mobile":{"background-color":"","background-image":"","background-repeat":"repeat","background-position":"center center","background-size":"auto","background-attachment":"scroll","background-type":"","background-media":"","overlay-type":"","overlay-color":"","overlay-opacity":"","overlay-gradient":""}},"ast-content-background-meta":{"desktop":{"background-color":"var(--ast-global-color-5)","background-image":"","background-repeat":"repeat","background-position":"center center","background-size":"auto","background-attachment":"scroll","background-type":"","background-media":"","overlay-type":"","overlay-color":"","overlay-opacity":"","overlay-gradient":""},"tablet":{"background-color":"var(--ast-global-color-5)","background-image":"","background-repeat":"repeat","background-position":"center center","background-size":"auto","background-attachment":"scroll","background-type":"","background-media":"","overlay-type":"","overlay-color":"","overlay-opacity":"","overlay-gradient":""},"mobile":{"background-color":"var(--ast-global-color-5)","background-image":"","background-repeat":"repeat","background-position":"center center","background-size":"auto","background-attachment":"scroll","background-type":"","background-media":"","overlay-type":"","overlay-color":"","overlay-opacity":"","overlay-gradient":""}}},"product_brand":[],"product_cat":[1212],"product_tag":[1247,1235,1239,1238,1243,1246,1237,1242,1241,1236,1245,1240,1244,1233,1234],"class_list":{"0":"post-2389","1":"product","2":"type-product","3":"status-publish","4":"has-post-thumbnail","6":"product_cat-semiconductor-consumables","7":"product_tag-cvd-sic-components","8":"product_tag-cvd-sic-ring","9":"product_tag-edge-ring-sic","10":"product_tag-focus-ring-semiconductor","11":"product_tag-high-temperature-ceramic-ring","12":"product_tag-icp-rie-ring","13":"product_tag-plasma-etching-ring","14":"product_tag-plasma-resistant-materials","15":"product_tag-semiconductor-chamber-parts","16":"product_tag-semiconductor-sic-component","17":"product_tag-semiconductor-wear-parts","18":"product_tag-sic-consumables-semiconductor","19":"product_tag-sic-liner-ring","20":"product_tag-sic-ring","21":"product_tag-silicon-carbide-ring","22":"desktop-align-left","23":"tablet-align-left","24":"mobile-align-left","25":"ast-product-gallery-layout-horizontal-slider","26":"ast-product-gallery-with-no-image","27":"ast-product-tabs-layout-horizontal","29":"first","30":"instock","31":"shipping-taxable","32":"product-type-simple"},"_links":{"self":[{"href":"https:\/\/www.zmsh-semitech.com\/es\/wp-json\/wp\/v2\/product\/2389","targetHints":{"allow":["GET"]}}],"collection":[{"href":"https:\/\/www.zmsh-semitech.com\/es\/wp-json\/wp\/v2\/product"}],"about":[{"href":"https:\/\/www.zmsh-semitech.com\/es\/wp-json\/wp\/v2\/types\/product"}],"replies":[{"embeddable":true,"href":"https:\/\/www.zmsh-semitech.com\/es\/wp-json\/wp\/v2\/comments?post=2389"}],"version-history":[{"count":2,"href":"https:\/\/www.zmsh-semitech.com\/es\/wp-json\/wp\/v2\/product\/2389\/revisions"}],"predecessor-version":[{"id":2395,"href":"https:\/\/www.zmsh-semitech.com\/es\/wp-json\/wp\/v2\/product\/2389\/revisions\/2395"}],"wp:featuredmedia":[{"embeddable":true,"href":"https:\/\/www.zmsh-semitech.com\/es\/wp-json\/wp\/v2\/media\/2392"}],"wp:attachment":[{"href":"https:\/\/www.zmsh-semitech.com\/es\/wp-json\/wp\/v2\/media?parent=2389"}],"wp:term":[{"taxonomy":"product_brand","embeddable":true,"href":"https:\/\/www.zmsh-semitech.com\/es\/wp-json\/wp\/v2\/product_brand?post=2389"},{"taxonomy":"product_cat","embeddable":true,"href":"https:\/\/www.zmsh-semitech.com\/es\/wp-json\/wp\/v2\/product_cat?post=2389"},{"taxonomy":"product_tag","embeddable":true,"href":"https:\/\/www.zmsh-semitech.com\/es\/wp-json\/wp\/v2\/product_tag?post=2389"}],"curies":[{"name":"wp","href":"https:\/\/api.w.org\/{rel}","templated":true}]}}