{"id":2360,"date":"2026-04-22T07:08:49","date_gmt":"2026-04-22T07:08:49","guid":{"rendered":"https:\/\/www.zmsh-semitech.com\/?post_type=product&#038;p=2360"},"modified":"2026-04-22T07:13:29","modified_gmt":"2026-04-22T07:13:29","slug":"ai350ht-medium-beam-high-temperature-ion-implantation-system-for-6-8-inch-sic-and-silicon-wafer-processing","status":"publish","type":"product","link":"https:\/\/www.zmsh-semitech.com\/es\/product\/ai350ht-medium-beam-high-temperature-ion-implantation-system-for-6-8-inch-sic-and-silicon-wafer-processing\/","title":{"rendered":"Sistema de implantaci\u00f3n i\u00f3nica de alta temperatura y haz medio Ai350HT para el procesamiento de obleas de silicio y SiC de 6\/8 pulgadas"},"content":{"rendered":"<p data-start=\"193\" data-end=\"519\"><img fetchpriority=\"high\" decoding=\"async\" class=\"alignright wp-image-2361 size-medium\" src=\"https:\/\/www.zmsh-semitech.com\/wp-content\/uploads\/2026\/04\/AI350t-300x300.png\" alt=\"Sistema de implantaci\u00f3n i\u00f3nica de alta temperatura y haz medio Ai350HT para el procesamiento de obleas de silicio y SiC de 6\/8 pulgadas\" width=\"300\" height=\"300\" srcset=\"https:\/\/www.zmsh-semitech.com\/wp-content\/uploads\/2026\/04\/AI350t-300x300.png 300w, https:\/\/www.zmsh-semitech.com\/wp-content\/uploads\/2026\/04\/AI350t-150x150.png 150w, https:\/\/www.zmsh-semitech.com\/wp-content\/uploads\/2026\/04\/AI350t-768x768.png 768w, https:\/\/www.zmsh-semitech.com\/wp-content\/uploads\/2026\/04\/AI350t-12x12.png 12w, https:\/\/www.zmsh-semitech.com\/wp-content\/uploads\/2026\/04\/AI350t-600x600.png 600w, https:\/\/www.zmsh-semitech.com\/wp-content\/uploads\/2026\/04\/AI350t-100x100.png 100w, https:\/\/www.zmsh-semitech.com\/wp-content\/uploads\/2026\/04\/AI350t.png 1000w\" sizes=\"(max-width: 300px) 100vw, 300px\" \/>El sistema de implantaci\u00f3n de iones de alta temperatura Ai350HT (Medium Beam) est\u00e1 dise\u00f1ado para l\u00edneas de fabricaci\u00f3n de semiconductores de obleas de silicio de 6 y 8 pulgadas, as\u00ed como para aplicaciones de proceso de SiC. Es un implantador de iones de corriente media desarrollado para procesos de dopaje de alta energ\u00eda y alta temperatura en la fabricaci\u00f3n avanzada de semiconductores.<\/p>\n<p data-start=\"521\" data-end=\"969\">El sistema admite una gama de energ\u00edas de 5 keV a 350 keV, lo que permite procesos de implantaci\u00f3n tanto superficiales como profundos. Est\u00e1 equipado con un mandril electrost\u00e1tico de alta temperatura capaz de funcionar hasta 500 \u00b0C, lo que permite mejorar la activaci\u00f3n del dopante y reducir los da\u00f1os en la red durante la implantaci\u00f3n. Combinado con un rendimiento estable del haz y un control de alta precisi\u00f3n, el sistema es adecuado tanto para la fabricaci\u00f3n de semiconductores basados en silicio como para la fabricaci\u00f3n de semiconductores de banda ancha.<\/p>\n<hr data-start=\"971\" data-end=\"974\" \/>\n<h2 data-section-id=\"1d7mrtu\" data-start=\"976\" data-end=\"987\">Caracter\u00edsticas<\/h2>\n<h3 data-section-id=\"1b6a5ze\" data-start=\"989\" data-end=\"1033\">Capacidad de implantaci\u00f3n a alta temperatura<\/h3>\n<p data-start=\"1034\" data-end=\"1198\">Equipado con un mandril electrost\u00e1tico de alta temperatura que soporta hasta 500\u00b0C, lo que permite mejorar la eficacia de la implantaci\u00f3n y la activaci\u00f3n de dopantes para procesos avanzados.<\/p>\n<h3 data-section-id=\"ox5pwk\" data-start=\"1200\" data-end=\"1221\">Amplia gama de energ\u00eda<\/h3>\n<p data-start=\"1222\" data-end=\"1355\">La gama de energ\u00eda de 5-350 keV permite satisfacer requisitos de implantaci\u00f3n flexibles, desde la formaci\u00f3n de uniones poco profundas hasta procesos de implantaci\u00f3n profunda.<\/p>\n<h3 data-section-id=\"1czdwpe\" data-start=\"1357\" data-end=\"1388\">Control del haz de alta precisi\u00f3n<\/h3>\n<p data-start=\"1389\" data-end=\"1529\">Proporciona un rendimiento de implantaci\u00f3n preciso con exactitud de \u00e1ngulo \u2264 0,2\u00ba, paralelismo de haz \u2264 0,2\u00ba, uniformidad \u2264 0,5% y repetibilidad \u2264 0,5%.<\/p>\n<h3 data-section-id=\"173z83c\" data-start=\"1531\" data-end=\"1558\">Rendimiento estable del haz<\/h3>\n<p data-start=\"1559\" data-end=\"1675\">La estabilidad del haz se controla dentro de 10% por hora, lo que garantiza una calidad constante del proceso durante ciclos de producci\u00f3n largos.<\/p>\n<h3 data-section-id=\"199k9bm\" data-start=\"1677\" data-end=\"1701\">Fuente de iones de larga duraci\u00f3n<\/h3>\n<p data-start=\"1702\" data-end=\"1825\">Equipado con una fuente de iones de metal Al con una vida \u00fatil de \u2265150 horas, lo que reduce la frecuencia de mantenimiento y mejora el tiempo de actividad.<\/p>\n<h3 data-section-id=\"8aw6q\" data-start=\"1827\" data-end=\"1857\">Alta capacidad de producci\u00f3n<\/h3>\n<p data-start=\"1858\" data-end=\"1955\">Admite un rendimiento de \u2265 200 obleas por hora, adecuado para entornos de producci\u00f3n de semiconductores.<\/p>\n<h3 data-section-id=\"1alost9\" data-start=\"1957\" data-end=\"1991\">Compatibilidad con procesos avanzados<\/h3>\n<p data-start=\"1992\" data-end=\"2081\">Compatible con los procesos SiC y la fabricaci\u00f3n convencional de semiconductores basados en silicio.<\/p>\n<p data-start=\"1992\" data-end=\"2081\"><img decoding=\"async\" class=\"alignnone size-medium wp-image-2365 alignleft\" src=\"https:\/\/www.zmsh-semitech.com\/wp-content\/uploads\/2026\/04\/Quadrant-Implantation-291x300.webp\" alt=\"\" width=\"291\" height=\"300\" srcset=\"https:\/\/www.zmsh-semitech.com\/wp-content\/uploads\/2026\/04\/Quadrant-Implantation-291x300.webp 291w, https:\/\/www.zmsh-semitech.com\/wp-content\/uploads\/2026\/04\/Quadrant-Implantation-12x12.webp 12w, https:\/\/www.zmsh-semitech.com\/wp-content\/uploads\/2026\/04\/Quadrant-Implantation.webp 499w\" sizes=\"(max-width: 291px) 100vw, 291px\" \/><img decoding=\"async\" class=\"alignnone size-medium wp-image-2364 alignleft\" src=\"https:\/\/www.zmsh-semitech.com\/wp-content\/uploads\/2026\/04\/Annular-Implantation-267x300.webp\" alt=\"\" width=\"267\" height=\"300\" srcset=\"https:\/\/www.zmsh-semitech.com\/wp-content\/uploads\/2026\/04\/Annular-Implantation-267x300.webp 267w, https:\/\/www.zmsh-semitech.com\/wp-content\/uploads\/2026\/04\/Annular-Implantation-11x12.webp 11w, https:\/\/www.zmsh-semitech.com\/wp-content\/uploads\/2026\/04\/Annular-Implantation.webp 462w\" sizes=\"(max-width: 267px) 100vw, 267px\" \/><\/p>\n<hr data-start=\"2083\" data-end=\"2086\" \/>\n<h2 data-section-id=\"rkota4\" data-start=\"2088\" data-end=\"2109\">Especificaciones<\/h2>\n<h3 data-section-id=\"rc5knr\" data-start=\"2111\" data-end=\"2133\">Par\u00e1metros del proceso<\/h3>\n<div class=\"TyagGW_tableContainer\">\n<div class=\"group TyagGW_tableWrapper flex flex-col-reverse w-fit\" tabindex=\"-1\">\n<table class=\"w-fit min-w-(--thread-content-width)\" data-start=\"2135\" data-end=\"2322\">\n<thead data-start=\"2135\" data-end=\"2159\">\n<tr data-start=\"2135\" data-end=\"2159\">\n<th class=\"\" data-start=\"2135\" data-end=\"2142\" data-col-size=\"sm\">Art\u00edculo<\/th>\n<th class=\"\" data-start=\"2142\" data-end=\"2159\" data-col-size=\"sm\">Especificaci\u00f3n<\/th>\n<\/tr>\n<\/thead>\n<tbody data-start=\"2184\" data-end=\"2322\">\n<tr data-start=\"2184\" data-end=\"2209\">\n<td data-start=\"2184\" data-end=\"2197\" data-col-size=\"sm\">Tama\u00f1o de la oblea<\/td>\n<td data-col-size=\"sm\" data-start=\"2197\" data-end=\"2209\">6-8 pulgadas<\/td>\n<\/tr>\n<tr data-start=\"2210\" data-end=\"2238\">\n<td data-start=\"2210\" data-end=\"2225\" data-col-size=\"sm\">Gama energ\u00e9tica<\/td>\n<td data-col-size=\"sm\" data-start=\"2225\" data-end=\"2238\">5-350 keV<\/td>\n<\/tr>\n<tr data-start=\"2239\" data-end=\"2286\">\n<td data-start=\"2239\" data-end=\"2260\" data-col-size=\"sm\">Elementos implantados<\/td>\n<td data-col-size=\"sm\" data-start=\"2260\" data-end=\"2286\">C, Al, B, P, N, He, Ar<\/td>\n<\/tr>\n<tr data-start=\"2287\" data-end=\"2322\">\n<td data-start=\"2287\" data-end=\"2300\" data-col-size=\"sm\">Gama de dosis<\/td>\n<td data-start=\"2300\" data-end=\"2322\" data-col-size=\"sm\">1E11-1E17 iones\/cm\u00b2<\/td>\n<\/tr>\n<\/tbody>\n<\/table>\n<\/div>\n<\/div>\n<h3 data-section-id=\"h0mtjp\" data-start=\"2329\" data-end=\"2349\">Rendimiento del haz<\/h3>\n<div class=\"TyagGW_tableContainer\">\n<div class=\"group TyagGW_tableWrapper flex flex-col-reverse w-fit\" tabindex=\"-1\">\n<table class=\"w-fit min-w-(--thread-content-width)\" data-start=\"2351\" data-end=\"2505\">\n<thead data-start=\"2351\" data-end=\"2375\">\n<tr data-start=\"2351\" data-end=\"2375\">\n<th class=\"\" data-start=\"2351\" data-end=\"2358\" data-col-size=\"sm\">Art\u00edculo<\/th>\n<th class=\"\" data-start=\"2358\" data-end=\"2375\" data-col-size=\"md\">Especificaci\u00f3n<\/th>\n<\/tr>\n<\/thead>\n<tbody data-start=\"2400\" data-end=\"2505\">\n<tr data-start=\"2400\" data-end=\"2475\">\n<td data-start=\"2400\" data-end=\"2417\" data-col-size=\"sm\">Estabilidad de la viga<\/td>\n<td data-col-size=\"md\" data-start=\"2417\" data-end=\"2475\">\u2264 10% \/ hora (\u22641 interrupci\u00f3n del haz o arco por hora)<\/td>\n<\/tr>\n<tr data-start=\"2476\" data-end=\"2505\">\n<td data-start=\"2476\" data-end=\"2495\" data-col-size=\"sm\">Paralelismo de vigas<\/td>\n<td data-col-size=\"md\" data-start=\"2495\" data-end=\"2505\">\u2264 0.2\u00b0<\/td>\n<\/tr>\n<\/tbody>\n<\/table>\n<\/div>\n<\/div>\n<h3 data-section-id=\"ieoahx\" data-start=\"2512\" data-end=\"2537\">Precisi\u00f3n de implantaci\u00f3n<\/h3>\n<div class=\"TyagGW_tableContainer\">\n<div class=\"group TyagGW_tableWrapper flex flex-col-reverse w-fit\" tabindex=\"-1\">\n<table class=\"w-fit min-w-(--thread-content-width)\" data-start=\"2539\" data-end=\"2729\">\n<thead data-start=\"2539\" data-end=\"2563\">\n<tr data-start=\"2539\" data-end=\"2563\">\n<th class=\"\" data-start=\"2539\" data-end=\"2546\" data-col-size=\"sm\">Art\u00edculo<\/th>\n<th class=\"\" data-start=\"2546\" data-end=\"2563\" data-col-size=\"sm\">Especificaci\u00f3n<\/th>\n<\/tr>\n<\/thead>\n<tbody data-start=\"2588\" data-end=\"2729\">\n<tr data-start=\"2588\" data-end=\"2620\">\n<td data-start=\"2588\" data-end=\"2610\" data-col-size=\"sm\">Gama de \u00e1ngulos de implante<\/td>\n<td data-col-size=\"sm\" data-start=\"2610\" data-end=\"2620\">0\u00b0-45\u00b0<\/td>\n<\/tr>\n<tr data-start=\"2621\" data-end=\"2648\">\n<td data-start=\"2621\" data-end=\"2638\" data-col-size=\"sm\">Precisi\u00f3n del \u00e1ngulo<\/td>\n<td data-col-size=\"sm\" data-start=\"2638\" data-end=\"2648\">\u2264 0.2\u00b0<\/td>\n<\/tr>\n<tr data-start=\"2649\" data-end=\"2697\">\n<td data-start=\"2649\" data-end=\"2667\" data-col-size=\"sm\">Uniformidad (1\u03c3)<\/td>\n<td data-col-size=\"sm\" data-start=\"2667\" data-end=\"2697\">\u2264 0,5% (P+, 1E14, 100 keV)<\/td>\n<\/tr>\n<tr data-start=\"2698\" data-end=\"2729\">\n<td data-start=\"2698\" data-end=\"2719\" data-col-size=\"sm\">Repetibilidad (1\u03c3)<\/td>\n<td data-col-size=\"sm\" data-start=\"2719\" data-end=\"2729\">\u2264 0,5%<\/td>\n<\/tr>\n<\/tbody>\n<\/table>\n<\/div>\n<\/div>\n<h3 data-section-id=\"1i84h7f\" data-start=\"2736\" data-end=\"2758\">Rendimiento del sistema<\/h3>\n<div class=\"TyagGW_tableContainer\">\n<div class=\"group TyagGW_tableWrapper flex flex-col-reverse w-fit\" tabindex=\"-1\">\n<table class=\"w-fit min-w-(--thread-content-width)\" data-start=\"2760\" data-end=\"3074\">\n<thead data-start=\"2760\" data-end=\"2784\">\n<tr data-start=\"2760\" data-end=\"2784\">\n<th class=\"\" data-start=\"2760\" data-end=\"2767\" data-col-size=\"sm\">Art\u00edculo<\/th>\n<th class=\"\" data-start=\"2767\" data-end=\"2784\" data-col-size=\"md\">Especificaci\u00f3n<\/th>\n<\/tr>\n<\/thead>\n<tbody data-start=\"2809\" data-end=\"3074\">\n<tr data-start=\"2809\" data-end=\"2847\">\n<td data-start=\"2809\" data-end=\"2822\" data-col-size=\"sm\">Rendimiento<\/td>\n<td data-col-size=\"md\" data-start=\"2822\" data-end=\"2847\">\u2265 200 obleas por hora<\/td>\n<\/tr>\n<tr data-start=\"2848\" data-end=\"2885\">\n<td data-start=\"2848\" data-end=\"2876\" data-col-size=\"sm\">Temperatura m\u00e1xima del mandril<\/td>\n<td data-col-size=\"md\" data-start=\"2876\" data-end=\"2885\">500\u00b0C<\/td>\n<\/tr>\n<tr data-start=\"2886\" data-end=\"2928\">\n<td data-start=\"2886\" data-end=\"2903\" data-col-size=\"sm\">Tama\u00f1o del equipo<\/td>\n<td data-col-size=\"md\" data-start=\"2903\" data-end=\"2928\">6270 \u00d7 3500 \u00d7 3000 mm<\/td>\n<\/tr>\n<tr data-start=\"2929\" data-end=\"2957\">\n<td data-start=\"2929\" data-end=\"2944\" data-col-size=\"sm\">Nivel de vac\u00edo<\/td>\n<td data-col-size=\"md\" data-start=\"2944\" data-end=\"2957\">5E-7 Torr<\/td>\n<\/tr>\n<tr data-start=\"2958\" data-end=\"2989\">\n<td data-start=\"2958\" data-end=\"2974\" data-col-size=\"sm\">Fuga de rayos X<\/td>\n<td data-col-size=\"md\" data-start=\"2974\" data-end=\"2989\">\u2264 0,3 \u03bcSv\/h<\/td>\n<\/tr>\n<tr data-start=\"2990\" data-end=\"3074\">\n<td data-start=\"2990\" data-end=\"3006\" data-col-size=\"sm\">Modo de exploraci\u00f3n<\/td>\n<td data-col-size=\"md\" data-start=\"3006\" data-end=\"3074\">Barrido electrost\u00e1tico horizontal + barrido mec\u00e1nico vertical<\/td>\n<\/tr>\n<\/tbody>\n<\/table>\n<\/div>\n<\/div>\n<hr data-start=\"3076\" data-end=\"3079\" \/>\n<h2 data-section-id=\"1nd7jny\" data-start=\"3081\" data-end=\"3102\">Campos de aplicaci\u00f3n<\/h2>\n<h3 data-section-id=\"gije38\" data-start=\"3104\" data-end=\"3141\">Fabricaci\u00f3n de semiconductores SiC<\/h3>\n<p data-start=\"3142\" data-end=\"3239\">Se utiliza en la fabricaci\u00f3n de dispositivos de carburo de silicio que requieren procesos de implantaci\u00f3n i\u00f3nica a alta temperatura.<\/p>\n<h3 data-section-id=\"k65407\" data-start=\"3241\" data-end=\"3285\">Procesado de semiconductores a base de silicio<\/h3>\n<p data-start=\"3286\" data-end=\"3370\">Aplicable a la fabricaci\u00f3n de CMOS y circuitos integrados en obleas de 6 y 8 pulgadas.<\/p>\n<h3 data-section-id=\"rry3qf\" data-start=\"3372\" data-end=\"3417\">Procesos de implantaci\u00f3n a alta temperatura<\/h3>\n<p data-start=\"3418\" data-end=\"3527\">Adecuado para procesos que requieren una temperatura elevada para reducir el da\u00f1o cristalino y mejorar la activaci\u00f3n del dopante.<\/p>\n<h3 data-section-id=\"454qrl\" data-start=\"3529\" data-end=\"3559\">Fabricaci\u00f3n de dispositivos de potencia<\/h3>\n<p data-start=\"3560\" data-end=\"3650\">Se utiliza en dispositivos semiconductores de potencia que requieren procesos de implantaci\u00f3n profunda y alta energ\u00eda.<\/p>\n<h3 data-section-id=\"amjxl6\" data-start=\"3652\" data-end=\"3687\">Ingenier\u00eda avanzada de materiales<\/h3>\n<p data-start=\"3688\" data-end=\"3787\">Apoya la implantaci\u00f3n de iones en materiales semiconductores avanzados y entornos de desarrollo de procesos.<\/p>\n<hr data-start=\"3789\" data-end=\"3792\" \/>\n<h2 data-section-id=\"1r8frcv\" data-start=\"3794\" data-end=\"3823\">Preguntas frecuentes<\/h2>\n<h3 data-section-id=\"v0ng97\" data-start=\"3825\" data-end=\"3875\">1. \u00bfQu\u00e9 tama\u00f1os de oblea admite el Ai350HT?<\/h3>\n<p data-start=\"3876\" data-end=\"4002\">El sistema admite obleas de 6 y 8 pulgadas y es apto tanto para l\u00edneas de fabricaci\u00f3n de semiconductores de silicio como de SiC.<\/p>\n<h3 data-section-id=\"1fcyssk\" data-start=\"4004\" data-end=\"4074\">2. \u00bfCu\u00e1l es la temperatura m\u00e1xima soportada durante la implantaci\u00f3n<\/h3>\n<p data-start=\"4075\" data-end=\"4197\">El sistema admite la implantaci\u00f3n a alta temperatura, hasta 500 \u00b0C, mediante un mandril electrost\u00e1tico calentado con sujeci\u00f3n mec\u00e1nica.<\/p>\n<h3 data-section-id=\"1pcs3bs\" data-start=\"4199\" data-end=\"4269\">3. Cu\u00e1les son las principales ventajas de este sistema para los procesos de SiC<\/h3>\n<p data-start=\"4270\" data-end=\"4445\">El sistema combina capacidad para altas temperaturas, rendimiento estable del haz y compatibilidad con procesos de SiC, lo que lo hace adecuado para aplicaciones de semiconductores de banda ancha.<\/p>","protected":false},"excerpt":{"rendered":"<p>El sistema de implantaci\u00f3n de iones de alta temperatura Ai350HT (Medium Beam) est\u00e1 dise\u00f1ado para l\u00edneas de fabricaci\u00f3n de semiconductores de obleas de silicio de 6 y 8 pulgadas, as\u00ed como para aplicaciones de proceso de SiC. Es un implantador de iones de corriente media desarrollado para procesos de dopaje de alta energ\u00eda y alta temperatura en la fabricaci\u00f3n avanzada de semiconductores.<\/p>","protected":false},"featured_media":2361,"comment_status":"open","ping_status":"closed","template":"","meta":{"site-sidebar-layout":"default","site-content-layout":"","ast-site-content-layout":"default","site-content-style":"default","site-sidebar-style":"default","ast-global-header-display":"","ast-banner-title-visibility":"","ast-main-header-display":"","ast-hfb-above-header-display":"","ast-hfb-below-header-display":"","ast-hfb-mobile-header-display":"","site-post-title":"","ast-breadcrumbs-content":"","ast-featured-img":"","footer-sml-layout":"","ast-disable-related-posts":"","theme-transparent-header-meta":"default","adv-header-id-meta":"","stick-header-meta":"default","header-above-stick-meta":"","header-main-stick-meta":"","header-below-stick-meta":"","astra-migrate-meta-layouts":"set","ast-page-background-enabled":"default","ast-page-background-meta":{"desktop":{"background-color":"var(--ast-global-color-4)","background-image":"","background-repeat":"repeat","background-position":"center center","background-size":"auto","background-attachment":"scroll","background-type":"","background-media":"","overlay-type":"","overlay-color":"","overlay-opacity":"","overlay-gradient":""},"tablet":{"background-color":"","background-image":"","background-repeat":"repeat","background-position":"center center","background-size":"auto","background-attachment":"scroll","background-type":"","background-media":"","overlay-type":"","overlay-color":"","overlay-opacity":"","overlay-gradient":""},"mobile":{"background-color":"","background-image":"","background-repeat":"repeat","background-position":"center center","background-size":"auto","background-attachment":"scroll","background-type":"","background-media":"","overlay-type":"","overlay-color":"","overlay-opacity":"","overlay-gradient":""}},"ast-content-background-meta":{"desktop":{"background-color":"var(--ast-global-color-5)","background-image":"","background-repeat":"repeat","background-position":"center center","background-size":"auto","background-attachment":"scroll","background-type":"","background-media":"","overlay-type":"","overlay-color":"","overlay-opacity":"","overlay-gradient":""},"tablet":{"background-color":"var(--ast-global-color-5)","background-image":"","background-repeat":"repeat","background-position":"center center","background-size":"auto","background-attachment":"scroll","background-type":"","background-media":"","overlay-type":"","overlay-color":"","overlay-opacity":"","overlay-gradient":""},"mobile":{"background-color":"var(--ast-global-color-5)","background-image":"","background-repeat":"repeat","background-position":"center center","background-size":"auto","background-attachment":"scroll","background-type":"","background-media":"","overlay-type":"","overlay-color":"","overlay-opacity":"","overlay-gradient":""}}},"product_brand":[],"product_cat":[1177],"product_tag":[1189,1190,1194,1178,1181,1186,1199,1196,1195,1198],"class_list":{"0":"post-2360","1":"product","2":"type-product","3":"status-publish","4":"has-post-thumbnail","6":"product_cat-ion-implantation-equipment","7":"product_tag-6-inch-wafer-equipment","8":"product_tag-8-inch-wafer-processing","9":"product_tag-high-temperature-ion-implantation","10":"product_tag-ion-implantation-system","11":"product_tag-lsi-manufacturing-equipment","12":"product_tag-medium-beam-ion-implanter","13":"product_tag-power-device-fabrication-equipment","14":"product_tag-semiconductor-doping-machine","15":"product_tag-sic-implantation-equipment","16":"product_tag-wide-bandgap-semiconductor-equipment","17":"desktop-align-left","18":"tablet-align-left","19":"mobile-align-left","20":"ast-product-gallery-layout-horizontal-slider","21":"ast-product-gallery-with-no-image","22":"ast-product-tabs-layout-horizontal","24":"first","25":"instock","26":"shipping-taxable","27":"product-type-simple"},"_links":{"self":[{"href":"https:\/\/www.zmsh-semitech.com\/es\/wp-json\/wp\/v2\/product\/2360","targetHints":{"allow":["GET"]}}],"collection":[{"href":"https:\/\/www.zmsh-semitech.com\/es\/wp-json\/wp\/v2\/product"}],"about":[{"href":"https:\/\/www.zmsh-semitech.com\/es\/wp-json\/wp\/v2\/types\/product"}],"replies":[{"embeddable":true,"href":"https:\/\/www.zmsh-semitech.com\/es\/wp-json\/wp\/v2\/comments?post=2360"}],"version-history":[{"count":4,"href":"https:\/\/www.zmsh-semitech.com\/es\/wp-json\/wp\/v2\/product\/2360\/revisions"}],"predecessor-version":[{"id":2367,"href":"https:\/\/www.zmsh-semitech.com\/es\/wp-json\/wp\/v2\/product\/2360\/revisions\/2367"}],"wp:featuredmedia":[{"embeddable":true,"href":"https:\/\/www.zmsh-semitech.com\/es\/wp-json\/wp\/v2\/media\/2361"}],"wp:attachment":[{"href":"https:\/\/www.zmsh-semitech.com\/es\/wp-json\/wp\/v2\/media?parent=2360"}],"wp:term":[{"taxonomy":"product_brand","embeddable":true,"href":"https:\/\/www.zmsh-semitech.com\/es\/wp-json\/wp\/v2\/product_brand?post=2360"},{"taxonomy":"product_cat","embeddable":true,"href":"https:\/\/www.zmsh-semitech.com\/es\/wp-json\/wp\/v2\/product_cat?post=2360"},{"taxonomy":"product_tag","embeddable":true,"href":"https:\/\/www.zmsh-semitech.com\/es\/wp-json\/wp\/v2\/product_tag?post=2360"}],"curies":[{"name":"wp","href":"https:\/\/api.w.org\/{rel}","templated":true}]}}