{"id":2234,"date":"2026-04-15T05:17:06","date_gmt":"2026-04-15T05:17:06","guid":{"rendered":"https:\/\/www.zmsh-semitech.com\/?post_type=product&#038;p=2234"},"modified":"2026-04-15T05:19:03","modified_gmt":"2026-04-15T05:19:03","slug":"sapphire-wafer-blanks-high-purity-raw-sapphire-substrate-for-precision-processing","status":"publish","type":"product","link":"https:\/\/www.zmsh-semitech.com\/es\/product\/sapphire-wafer-blanks-high-purity-raw-sapphire-substrate-for-precision-processing\/","title":{"rendered":"Sapphire Wafer Blanks - Sustrato de zafiro en bruto de gran pureza para procesamiento de precisi\u00f3n"},"content":{"rendered":"<p data-start=\"379\" data-end=\"773\"><img fetchpriority=\"high\" decoding=\"async\" class=\"alignright wp-image-2238 size-medium\" src=\"https:\/\/www.zmsh-semitech.com\/wp-content\/uploads\/2026\/04\/sapphire_wafer_blank_high_purity_raw_sapphire_substrate_for_processing1-300x300.webp\" alt=\"Sapphire Wafer Blanks - Sustrato de zafiro en bruto de gran pureza para procesamiento de precisi\u00f3n\" width=\"300\" height=\"300\" srcset=\"https:\/\/www.zmsh-semitech.com\/wp-content\/uploads\/2026\/04\/sapphire_wafer_blank_high_purity_raw_sapphire_substrate_for_processing1-300x300.webp 300w, https:\/\/www.zmsh-semitech.com\/wp-content\/uploads\/2026\/04\/sapphire_wafer_blank_high_purity_raw_sapphire_substrate_for_processing1-150x150.webp 150w, https:\/\/www.zmsh-semitech.com\/wp-content\/uploads\/2026\/04\/sapphire_wafer_blank_high_purity_raw_sapphire_substrate_for_processing1-768x768.webp 768w, https:\/\/www.zmsh-semitech.com\/wp-content\/uploads\/2026\/04\/sapphire_wafer_blank_high_purity_raw_sapphire_substrate_for_processing1-12x12.webp 12w, https:\/\/www.zmsh-semitech.com\/wp-content\/uploads\/2026\/04\/sapphire_wafer_blank_high_purity_raw_sapphire_substrate_for_processing1-600x600.webp 600w, https:\/\/www.zmsh-semitech.com\/wp-content\/uploads\/2026\/04\/sapphire_wafer_blank_high_purity_raw_sapphire_substrate_for_processing1-100x100.webp 100w, https:\/\/www.zmsh-semitech.com\/wp-content\/uploads\/2026\/04\/sapphire_wafer_blank_high_purity_raw_sapphire_substrate_for_processing1.webp 800w\" sizes=\"(max-width: 300px) 100vw, 300px\" \/>Las obleas en bruto de zafiro son sustratos de \u00f3xido de aluminio (Al\u2082O\u2083) monocristalino de gran pureza, tal como se cortan, obtenidos directamente de bolas de zafiro mediante una avanzada tecnolog\u00eda de corte con sierra de hilo. A diferencia de las obleas acabadas, estos sustratos se entregan en bruto y sin procesar, lo que significa que la superficie conserva las marcas de la sierra y no ha sido sometida a lapeado, pulido o planarizaci\u00f3n qu\u00edmica mec\u00e1nica (CMP).<\/p>\n<p data-start=\"817\" data-end=\"1087\">Esta forma de zafiro se utiliza ampliamente como material de partida en las industrias de semiconductores, \u00f3ptica e ingenier\u00eda de alta temperatura, donde los usuarios posteriores requieren un control total sobre el acabado de la superficie, la alineaci\u00f3n de la orientaci\u00f3n cristalogr\u00e1fica y la precisi\u00f3n del espesor.<\/p>\n<p data-start=\"1089\" data-end=\"1527\">El zafiro (\u03b1-Al\u2082O\u2083) es uno de los materiales de ingenier\u00eda m\u00e1s duros conocidos, con un 9 en la escala de dureza de Mohs, s\u00f3lo superado por el diamante. Presenta una excelente resistencia a la abrasi\u00f3n, al choque t\u00e9rmico y a la corrosi\u00f3n qu\u00edmica, lo que lo hace muy adecuado para entornos de procesamiento extremos. Estas propiedades permiten que las obleas de zafiro sirvan como material base estable tanto en l\u00edneas de producci\u00f3n industrial como en laboratorios de investigaci\u00f3n avanzada.<\/p>\n<hr data-start=\"1529\" data-end=\"1532\" \/>\n<h2 data-section-id=\"ojepy8\" data-start=\"1534\" data-end=\"1565\"><span role=\"text\"><img decoding=\"async\" class=\"alignright wp-image-2237 size-medium\" src=\"https:\/\/www.zmsh-semitech.com\/wp-content\/uploads\/2026\/04\/sapphire_wafer_blank_high_purity_raw_sapphire_substrate_for_processing2-300x300.webp\" alt=\"Sapphire Wafer Blanks - Sustrato de zafiro en bruto de gran pureza para procesamiento de precisi\u00f3n\" width=\"300\" height=\"300\" srcset=\"https:\/\/www.zmsh-semitech.com\/wp-content\/uploads\/2026\/04\/sapphire_wafer_blank_high_purity_raw_sapphire_substrate_for_processing2-300x300.webp 300w, https:\/\/www.zmsh-semitech.com\/wp-content\/uploads\/2026\/04\/sapphire_wafer_blank_high_purity_raw_sapphire_substrate_for_processing2-150x150.webp 150w, https:\/\/www.zmsh-semitech.com\/wp-content\/uploads\/2026\/04\/sapphire_wafer_blank_high_purity_raw_sapphire_substrate_for_processing2-768x768.webp 768w, https:\/\/www.zmsh-semitech.com\/wp-content\/uploads\/2026\/04\/sapphire_wafer_blank_high_purity_raw_sapphire_substrate_for_processing2-12x12.webp 12w, https:\/\/www.zmsh-semitech.com\/wp-content\/uploads\/2026\/04\/sapphire_wafer_blank_high_purity_raw_sapphire_substrate_for_processing2-600x600.webp 600w, https:\/\/www.zmsh-semitech.com\/wp-content\/uploads\/2026\/04\/sapphire_wafer_blank_high_purity_raw_sapphire_substrate_for_processing2-100x100.webp 100w, https:\/\/www.zmsh-semitech.com\/wp-content\/uploads\/2026\/04\/sapphire_wafer_blank_high_purity_raw_sapphire_substrate_for_processing2.webp 800w\" sizes=\"(max-width: 300px) 100vw, 300px\" \/>Caracter\u00edsticas de los materiales<\/span><\/h2>\n<p data-start=\"1567\" data-end=\"1829\">Las obleas en bruto de zafiro est\u00e1n compuestas de \u00f3xido de aluminio monocristalino con una pureza \u2265 99,99%, lo que garantiza una gran consistencia estructural y m\u00ednimos defectos de red inducidos por la impureza. Esto es fundamental para las aplicaciones que implican crecimiento epitaxial o transmisi\u00f3n \u00f3ptica.<\/p>\n<p data-start=\"1831\" data-end=\"1863\">Las principales propiedades del material son:<\/p>\n<ul data-start=\"1865\" data-end=\"2170\">\n<li data-section-id=\"1h84phi\" data-start=\"1865\" data-end=\"1905\">Gran dureza y resistencia al rayado<\/li>\n<li data-section-id=\"dzbd9u\" data-start=\"1906\" data-end=\"1975\">Excelente conductividad t\u00e9rmica y estabilidad a altas temperaturas<\/li>\n<li data-section-id=\"1biq2rl\" data-start=\"1976\" data-end=\"2040\">Gran resistencia a \u00e1cidos, \u00e1lcalis y entornos plasm\u00e1ticos<\/li>\n<li data-section-id=\"1m8mtf9\" data-start=\"2041\" data-end=\"2103\">Amplia gama de transmisi\u00f3n \u00f3ptica (UV a IR tras el pulido)<\/li>\n<li data-section-id=\"1u7e7u1\" data-start=\"2104\" data-end=\"2170\">Alta resistencia mec\u00e1nica en condiciones de tensi\u00f3n y vibraci\u00f3n<\/li>\n<\/ul>\n<p data-start=\"2172\" data-end=\"2342\">Estas caracter\u00edsticas hacen que las obleas en bruto de zafiro sean especialmente valiosas en entornos en los que los sustratos de silicio o vidrio fallan debido a la tensi\u00f3n o a las limitaciones de temperatura.<\/p>\n<hr data-start=\"2344\" data-end=\"2347\" \/>\n<h2 data-section-id=\"1alkwpa\" data-start=\"2349\" data-end=\"2377\"><span role=\"text\"><img decoding=\"async\" class=\"size-medium wp-image-2239 alignright\" src=\"https:\/\/www.zmsh-semitech.com\/wp-content\/uploads\/2026\/04\/20240819154539_19680-300x300.jpg\" alt=\"\" width=\"300\" height=\"300\" srcset=\"https:\/\/www.zmsh-semitech.com\/wp-content\/uploads\/2026\/04\/20240819154539_19680-300x300.jpg 300w, https:\/\/www.zmsh-semitech.com\/wp-content\/uploads\/2026\/04\/20240819154539_19680-150x150.jpg 150w, https:\/\/www.zmsh-semitech.com\/wp-content\/uploads\/2026\/04\/20240819154539_19680-12x12.jpg 12w, https:\/\/www.zmsh-semitech.com\/wp-content\/uploads\/2026\/04\/20240819154539_19680-600x600.jpg 600w, https:\/\/www.zmsh-semitech.com\/wp-content\/uploads\/2026\/04\/20240819154539_19680-100x100.jpg 100w, https:\/\/www.zmsh-semitech.com\/wp-content\/uploads\/2026\/04\/20240819154539_19680.jpg 680w\" sizes=\"(max-width: 300px) 100vw, 300px\" \/>Proceso de fabricaci\u00f3n<\/span><\/h2>\n<p data-start=\"2421\" data-end=\"2496\">Las obleas en bruto de zafiro se fabrican mediante un proceso industrial controlado:<\/p>\n<ol data-start=\"2498\" data-end=\"3060\">\n<li data-section-id=\"dne7b4\" data-start=\"2498\" data-end=\"2680\">Crecimiento del cristal - Los lingotes de zafiro se cultivan mediante m\u00e9todos como Kyropoulos o t\u00e9cnicas de intercambio de calor, lo que garantiza lingotes monocristales de gran tama\u00f1o con una densidad de defectos controlada.<\/li>\n<li data-section-id=\"72bozn\" data-start=\"2681\" data-end=\"2815\">Corte de orientaci\u00f3n - Las bolas se alinean con precisi\u00f3n seg\u00fan los planos cristalogr\u00e1ficos (plano C, plano A, plano R, plano M).<\/li>\n<li data-section-id=\"da5a28\" data-start=\"2816\" data-end=\"2943\">Corte con sierra de hilo - El lingote se corta en obleas con sierras de hilo de diamante, obteni\u00e9ndose superficies cortadas.<\/li>\n<li data-section-id=\"1d6frix\" data-start=\"2944\" data-end=\"3060\">Limpieza e inspecci\u00f3n: cada oblea en bruto se inspecciona para detectar grietas, integridad de los bordes y uniformidad del grosor.<\/li>\n<\/ol>\n<p data-start=\"3062\" data-end=\"3201\">En esta fase, el producto se deja intencionadamente sin pulir para que sirva de materia prima flexible para los procesos de fabricaci\u00f3n posteriores.<\/p>\n<hr data-start=\"3203\" data-end=\"3206\" \/>\n<h2 data-section-id=\"1j5qwet\" data-start=\"3208\" data-end=\"3227\"><span role=\"text\">Caracter\u00edsticas principales<\/span><\/h2>\n<ul data-start=\"3229\" data-end=\"3708\">\n<li data-section-id=\"bp44jf\" data-start=\"3229\" data-end=\"3290\">Zafiro monocristalino de pureza ultra alta (\u226599,99% Al\u2082O\u2083).<\/li>\n<li data-section-id=\"n4zrbf\" data-start=\"3291\" data-end=\"3362\">Disponible en tama\u00f1os est\u00e1ndar de oblea semiconductora: 2\u201d, 3\u201d, 4\u201d, 6\u201d, 8\u201d.\u201d<\/li>\n<li data-section-id=\"sd0rj\" data-start=\"3363\" data-end=\"3421\">Grosores personalizados de 0,5 mm a 3,0 mm o m\u00e1s<\/li>\n<li data-section-id=\"yovwq5\" data-start=\"3422\" data-end=\"3505\">M\u00faltiples orientaciones del cristal para distintas aplicaciones \u00f3pticas y electr\u00f3nicas<\/li>\n<li data-section-id=\"1vn9hfs\" data-start=\"3506\" data-end=\"3575\">Superficie bruta aserrada con alambre ideal para el lapeado a medida y el procesamiento CMP.<\/li>\n<li data-section-id=\"1g6tkst\" data-start=\"3576\" data-end=\"3641\">Alta estabilidad estructural bajo estr\u00e9s mec\u00e1nico y t\u00e9rmico<\/li>\n<li data-section-id=\"19xgigt\" data-start=\"3642\" data-end=\"3708\">Calidad constante apta para la fabricaci\u00f3n a escala industrial<\/li>\n<\/ul>\n<hr data-start=\"3710\" data-end=\"3713\" \/>\n<h2 data-section-id=\"k0zlak\" data-start=\"3715\" data-end=\"3734\"><span role=\"text\">Aplicaciones<\/span><\/h2>\n<p data-start=\"3736\" data-end=\"3857\">Las obleas en bruto de zafiro sirven a una amplia gama de industrias avanzadas gracias a su resistencia mec\u00e1nica y estabilidad qu\u00edmica.<\/p>\n<h3 data-section-id=\"vh2vip\" data-start=\"3859\" data-end=\"3897\"><span role=\"text\">Industria de semiconductores y LED<\/span><\/h3>\n<p data-start=\"3898\" data-end=\"4125\">Las obleas de zafiro se utilizan habitualmente como sustratos para el crecimiento epitaxial de LED basados en GaN. Tras el pulido, constituyen una plataforma muy estable para producir dispositivos optoelectr\u00f3nicos de alta eficiencia, como LED azules y UV.<\/p>\n<h3 data-section-id=\"1evn3pb\" data-start=\"4127\" data-end=\"4163\"><span role=\"text\">Sistemas \u00f3pticos y fot\u00f3nicos<\/span><\/h3>\n<p data-start=\"4164\" data-end=\"4354\">Tras un acabado de precisi\u00f3n, el zafiro se utiliza en ventanas \u00f3pticas, cavidades l\u00e1ser, sistemas de imagen por infrarrojos y cubiertas de sensores, donde son esenciales una gran transparencia y resistencia al rayado.<\/p>\n<h3 data-section-id=\"1maeluv\" data-start=\"4356\" data-end=\"4388\"><span role=\"text\">Investigaci\u00f3n y desarrollo<\/span><\/h3>\n<p data-start=\"4389\" data-end=\"4556\">Las universidades y los laboratorios de ciencia de los materiales utilizan obleas de zafiro en bruto para el desarrollo de procesos CMP, estudios de ingenier\u00eda de superficies y an\u00e1lisis de defectos cristalinos.<\/p>\n<h3 data-section-id=\"mrlekr\" data-start=\"4558\" data-end=\"4586\"><span role=\"text\">Deposici\u00f3n de pel\u00edculas finas<\/span><\/h3>\n<p data-start=\"4587\" data-end=\"4764\">El material se utiliza ampliamente como sustrato base para experimentos de deposici\u00f3n ALD, PVD y CVD, especialmente en las primeras fases de la investigaci\u00f3n, en las que la rugosidad de la superficie a\u00fan no es cr\u00edtica.<\/p>\n<h3 data-section-id=\"2enbwe\" data-start=\"4766\" data-end=\"4811\"><span role=\"text\">Aplicaciones industriales y aeroespaciales<\/span><\/h3>\n<p data-start=\"4812\" data-end=\"4982\">Con un mecanizado adicional, las obleas de zafiro pueden transformarse en componentes estructurales de alta temperatura, cubiertas protectoras de sensores y espaciadores mec\u00e1nicos de precisi\u00f3n.<\/p>\n<hr data-start=\"4984\" data-end=\"4987\" \/>\n<h2 data-section-id=\"id1bjs\" data-start=\"4989\" data-end=\"5020\"><span role=\"text\">Especificaciones t\u00e9cnicas<\/span><\/h2>\n<div class=\"TyagGW_tableContainer\">\n<div class=\"group TyagGW_tableWrapper flex flex-col-reverse w-fit\" tabindex=\"-1\">\n<table class=\"w-fit min-w-(--thread-content-width)\" data-start=\"5022\" data-end=\"5500\">\n<thead data-start=\"5022\" data-end=\"5051\">\n<tr data-start=\"5022\" data-end=\"5051\">\n<th class=\"\" data-start=\"5022\" data-end=\"5034\" data-col-size=\"sm\">Par\u00e1metro<\/th>\n<th class=\"\" data-start=\"5034\" data-end=\"5051\" data-col-size=\"md\">Especificaci\u00f3n<\/th>\n<\/tr>\n<\/thead>\n<tbody data-start=\"5080\" data-end=\"5500\">\n<tr data-start=\"5080\" data-end=\"5126\">\n<td data-start=\"5080\" data-end=\"5091\" data-col-size=\"sm\">Material<\/td>\n<td data-col-size=\"md\" data-start=\"5091\" data-end=\"5126\">Zafiro monocristalino (Al\u2082O\u2083)<\/td>\n<\/tr>\n<tr data-start=\"5127\" data-end=\"5148\">\n<td data-start=\"5127\" data-end=\"5136\" data-col-size=\"sm\">Pureza<\/td>\n<td data-start=\"5136\" data-end=\"5148\" data-col-size=\"md\">\u2265 99,99%<\/td>\n<\/tr>\n<tr data-start=\"5149\" data-end=\"5193\">\n<td data-start=\"5149\" data-end=\"5169\" data-col-size=\"sm\">Estructura cristalina<\/td>\n<td data-col-size=\"md\" data-start=\"5169\" data-end=\"5193\">Zafiro de fase alfa<\/td>\n<\/tr>\n<tr data-start=\"5194\" data-end=\"5226\">\n<td data-start=\"5194\" data-end=\"5202\" data-col-size=\"sm\">Forma<\/td>\n<td data-col-size=\"md\" data-start=\"5202\" data-end=\"5226\">Oblea circular en blanco<\/td>\n<\/tr>\n<tr data-start=\"5227\" data-end=\"5279\">\n<td data-start=\"5227\" data-end=\"5238\" data-col-size=\"sm\">Di\u00e1metro<\/td>\n<td data-col-size=\"md\" data-start=\"5238\" data-end=\"5279\">2\u201d, 3\u201d, 4\u201d, 6\u201d, 8\u201d (a medida)<\/td>\n<\/tr>\n<tr data-start=\"5280\" data-end=\"5323\">\n<td data-start=\"5280\" data-end=\"5292\" data-col-size=\"sm\">Espesor<\/td>\n<td data-start=\"5292\" data-end=\"5323\" data-col-size=\"md\">0,5 - 3,0 mm (personalizable)<\/td>\n<\/tr>\n<tr data-start=\"5324\" data-end=\"5383\">\n<td data-start=\"5324\" data-end=\"5338\" data-col-size=\"sm\">Orientaci\u00f3n<\/td>\n<td data-start=\"5338\" data-end=\"5383\" data-col-size=\"md\">Plano C (0001), Plano A, Plano R, Plano M<\/td>\n<\/tr>\n<tr data-start=\"5384\" data-end=\"5439\">\n<td data-start=\"5384\" data-end=\"5404\" data-col-size=\"sm\">Estado de la superficie<\/td>\n<td data-start=\"5404\" data-end=\"5439\" data-col-size=\"md\">Tal cual \/ aserrado con alambre (sin pulir)<\/td>\n<\/tr>\n<tr data-start=\"5440\" data-end=\"5500\">\n<td data-start=\"5440\" data-end=\"5457\" data-col-size=\"sm\">Estado de los bordes<\/td>\n<td data-start=\"5457\" data-end=\"5500\" data-col-size=\"md\">Borde \u00e1spero (est\u00e1ndar), chafl\u00e1n opcional<\/td>\n<\/tr>\n<\/tbody>\n<\/table>\n<\/div>\n<\/div>\n<hr data-start=\"5502\" data-end=\"5505\" \/>\n<h2 data-section-id=\"d8omv1\" data-start=\"5507\" data-end=\"5524\"><span role=\"text\">Ventajas<\/span><\/h2>\n<p data-start=\"5526\" data-end=\"5618\">Las obleas en bruto de zafiro ofrecen varias ventajas estrat\u00e9gicas en comparaci\u00f3n con las obleas totalmente procesadas:<\/p>\n<p data-start=\"5620\" data-end=\"5904\">En primer lugar, ofrecen una soluci\u00f3n rentable en materia prima, reduciendo los costes iniciales de material para los fabricantes que prefieren el acabado interno. En segundo lugar, permiten una flexibilidad total a la hora de definir las propiedades finales de las obleas, incluida la tolerancia de grosor, la rugosidad superficial y la planitud.<\/p>\n<p data-start=\"5948\" data-end=\"6250\">En tercer lugar, son ideales para el desarrollo de procesos y l\u00edneas de producci\u00f3n piloto, donde se requiere experimentaci\u00f3n y optimizaci\u00f3n iterativa. Por \u00faltimo, el zafiro mantiene su resistencia mec\u00e1nica intr\u00ednseca y su resistencia t\u00e9rmica incluso en bruto, lo que garantiza su fiabilidad durante todo el proceso de transformaci\u00f3n.<\/p>\n<hr data-start=\"6252\" data-end=\"6255\" \/>\n<h2 data-section-id=\"21fx5a\" data-start=\"6257\" data-end=\"6305\"><span role=\"text\">Contexto industrial y consideraciones de calidad<\/span><\/h2>\n<p data-start=\"6307\" data-end=\"6586\">En la fabricaci\u00f3n de semiconductores, la calidad de la oblea final depende en gran medida de la calidad inicial del cristal y de la precisi\u00f3n del corte. Las obleas en bruto de zafiro proporcionan una base estable para lograr un crecimiento epitaxial de alto rendimiento cuando se procesan en condiciones CMP controladas.<\/p>\n<p data-start=\"6588\" data-end=\"6643\">Las normas del sector suelen exigir un control estricto de:<\/p>\n<ul data-start=\"6644\" data-end=\"6846\">\n<li data-section-id=\"19nzevg\" data-start=\"6644\" data-end=\"6680\">Planitud de la superficie tras el pulido<\/li>\n<li data-section-id=\"12yxpam\" data-start=\"6681\" data-end=\"6722\">Profundidad del da\u00f1o subterr\u00e1neo tras el corte<\/li>\n<li data-section-id=\"hzjk4a\" data-start=\"6723\" data-end=\"6787\">Precisi\u00f3n en la orientaci\u00f3n de los cristales dentro de estrechas tolerancias angulares<\/li>\n<li data-section-id=\"135u3te\" data-start=\"6788\" data-end=\"6846\">Densidad de defectos para aplicaciones \u00f3pticas y electr\u00f3nicas<\/li>\n<\/ul>\n<p data-start=\"6848\" data-end=\"6953\">Al partir de una oblea en bruto de alta calidad, los fabricantes pueden controlar mejor estas variables posteriores.<\/p>\n<hr data-start=\"6955\" data-end=\"6958\" \/>\n<h2 data-section-id=\"elc90z\" data-start=\"6960\" data-end=\"6970\"><span role=\"text\">PREGUNTAS FRECUENTES<\/span><\/h2>\n<p data-start=\"6972\" data-end=\"7137\">P1: \u00bfPara qu\u00e9 se utiliza una oblea de zafiro?<br data-start=\"7020\" data-end=\"7023\" \/>Se utiliza como sustrato en bruto para aplicaciones de semiconductores, LED, \u00f3ptica e investigaci\u00f3n tras su posterior procesamiento.<\/p>\n<p data-start=\"7139\" data-end=\"7321\">P2: \u00bfEn qu\u00e9 se diferencia de una oblea de zafiro pulida?<br data-start=\"7198\" data-end=\"7201\" \/>Una oblea en bruto no est\u00e1 pulida y conserva las superficies cortadas con sierra, mientras que una oblea pulida est\u00e1 lista para la fabricaci\u00f3n directa de dispositivos.<\/p>\n<p data-start=\"7323\" data-end=\"7479\">P3: \u00bfSe pueden personalizar las dimensiones?<br data-start=\"7360\" data-end=\"7363\" \/>S\u00ed, el di\u00e1metro, el grosor, la orientaci\u00f3n y el acabado de los bordes pueden personalizarse seg\u00fan los requisitos t\u00e9cnicos.<\/p>\n<p data-start=\"7481\" data-end=\"7618\">P4: \u00bfEs adecuado para la producci\u00f3n directa de LED?<br data-start=\"7530\" data-end=\"7533\" \/>No. Debe someterse a un proceso de lapeado y pulido antes de utilizarse para el crecimiento epitaxial de LED.<\/p>\n<p data-start=\"7620\" data-end=\"7816\">P5: \u00bfQu\u00e9 hace que el zafiro sea mejor que el vidrio o el cuarzo?<br data-start=\"7676\" data-end=\"7679\" \/>El zafiro ofrece una dureza, resistencia a la temperatura y estabilidad qu\u00edmica significativamente superiores a las de los materiales \u00f3pticos convencionales.<\/p>\n<p data-start=\"7842\" data-end=\"8166\">","protected":false},"excerpt":{"rendered":"<p>Las obleas de zafiro en bruto son un material esencial en las cadenas de suministro de la fabricaci\u00f3n avanzada, ya que permiten un control preciso del rendimiento final de la oblea. Su combinaci\u00f3n de alta pureza, durabilidad mec\u00e1nica y flexibilidad de procesamiento los hace indispensables para aplicaciones de semiconductores, \u00f3ptica e investigaci\u00f3n.<\/p>","protected":false},"featured_media":2235,"comment_status":"open","ping_status":"closed","template":"","meta":{"site-sidebar-layout":"default","site-content-layout":"","ast-site-content-layout":"default","site-content-style":"default","site-sidebar-style":"default","ast-global-header-display":"","ast-banner-title-visibility":"","ast-main-header-display":"","ast-hfb-above-header-display":"","ast-hfb-below-header-display":"","ast-hfb-mobile-header-display":"","site-post-title":"","ast-breadcrumbs-content":"","ast-featured-img":"","footer-sml-layout":"","ast-disable-related-posts":"","theme-transparent-header-meta":"default","adv-header-id-meta":"","stick-header-meta":"default","header-above-stick-meta":"","header-main-stick-meta":"","header-below-stick-meta":"","astra-migrate-meta-layouts":"set","ast-page-background-enabled":"default","ast-page-background-meta":{"desktop":{"background-color":"var(--ast-global-color-4)","background-image":"","background-repeat":"repeat","background-position":"center center","background-size":"auto","background-attachment":"scroll","background-type":"","background-media":"","overlay-type":"","overlay-color":"","overlay-opacity":"","overlay-gradient":""},"tablet":{"background-color":"","background-image":"","background-repeat":"repeat","background-position":"center center","background-size":"auto","background-attachment":"scroll","background-type":"","background-media":"","overlay-type":"","overlay-color":"","overlay-opacity":"","overlay-gradient":""},"mobile":{"background-color":"","background-image":"","background-repeat":"repeat","background-position":"center center","background-size":"auto","background-attachment":"scroll","background-type":"","background-media":"","overlay-type":"","overlay-color":"","overlay-opacity":"","overlay-gradient":""}},"ast-content-background-meta":{"desktop":{"background-color":"var(--ast-global-color-5)","background-image":"","background-repeat":"repeat","background-position":"center center","background-size":"auto","background-attachment":"scroll","background-type":"","background-media":"","overlay-type":"","overlay-color":"","overlay-opacity":"","overlay-gradient":""},"tablet":{"background-color":"var(--ast-global-color-5)","background-image":"","background-repeat":"repeat","background-position":"center center","background-size":"auto","background-attachment":"scroll","background-type":"","background-media":"","overlay-type":"","overlay-color":"","overlay-opacity":"","overlay-gradient":""},"mobile":{"background-color":"var(--ast-global-color-5)","background-image":"","background-repeat":"repeat","background-position":"center center","background-size":"auto","background-attachment":"scroll","background-type":"","background-media":"","overlay-type":"","overlay-color":"","overlay-opacity":"","overlay-gradient":""}}},"product_brand":[],"product_cat":[729],"product_tag":[1028,1031,1030,1034,1025,1027,1022,1033,1035,1024,1021,1032,1026,1023,1029],"class_list":{"0":"post-2234","1":"product","2":"type-product","3":"status-publish","4":"has-post-thumbnail","6":"product_cat-wafer","7":"product_tag-cmp-sapphire-processing","8":"product_tag-custom-sapphire-wafer","9":"product_tag-high-purity-sapphire-crystal","10":"product_tag-industrial-sapphire-wafer","11":"product_tag-led-sapphire-wafer","12":"product_tag-optical-sapphire-window-material","13":"product_tag-raw-sapphire-substrate","14":"product_tag-sapphire-crystal-substrate","15":"product_tag-sapphire-optical-material","16":"product_tag-sapphire-substrate-material","17":"product_tag-sapphire-wafer-blank","18":"product_tag-sapphire-wafer-for-epitaxy","19":"product_tag-semiconductor-substrate","20":"product_tag-single-crystal-al2o3-wafer","21":"product_tag-wire-sawn-sapphire-wafer","22":"desktop-align-left","23":"tablet-align-left","24":"mobile-align-left","25":"ast-product-gallery-layout-horizontal-slider","26":"ast-product-tabs-layout-horizontal","28":"first","29":"instock","30":"shipping-taxable","31":"product-type-simple"},"_links":{"self":[{"href":"https:\/\/www.zmsh-semitech.com\/es\/wp-json\/wp\/v2\/product\/2234","targetHints":{"allow":["GET"]}}],"collection":[{"href":"https:\/\/www.zmsh-semitech.com\/es\/wp-json\/wp\/v2\/product"}],"about":[{"href":"https:\/\/www.zmsh-semitech.com\/es\/wp-json\/wp\/v2\/types\/product"}],"replies":[{"embeddable":true,"href":"https:\/\/www.zmsh-semitech.com\/es\/wp-json\/wp\/v2\/comments?post=2234"}],"version-history":[{"count":3,"href":"https:\/\/www.zmsh-semitech.com\/es\/wp-json\/wp\/v2\/product\/2234\/revisions"}],"predecessor-version":[{"id":2242,"href":"https:\/\/www.zmsh-semitech.com\/es\/wp-json\/wp\/v2\/product\/2234\/revisions\/2242"}],"wp:featuredmedia":[{"embeddable":true,"href":"https:\/\/www.zmsh-semitech.com\/es\/wp-json\/wp\/v2\/media\/2235"}],"wp:attachment":[{"href":"https:\/\/www.zmsh-semitech.com\/es\/wp-json\/wp\/v2\/media?parent=2234"}],"wp:term":[{"taxonomy":"product_brand","embeddable":true,"href":"https:\/\/www.zmsh-semitech.com\/es\/wp-json\/wp\/v2\/product_brand?post=2234"},{"taxonomy":"product_cat","embeddable":true,"href":"https:\/\/www.zmsh-semitech.com\/es\/wp-json\/wp\/v2\/product_cat?post=2234"},{"taxonomy":"product_tag","embeddable":true,"href":"https:\/\/www.zmsh-semitech.com\/es\/wp-json\/wp\/v2\/product_tag?post=2234"}],"curies":[{"name":"wp","href":"https:\/\/api.w.org\/{rel}","templated":true}]}}