{"id":2226,"date":"2026-04-15T03:41:10","date_gmt":"2026-04-15T03:41:10","guid":{"rendered":"https:\/\/www.zmsh-semitech.com\/?post_type=product&#038;p=2226"},"modified":"2026-04-15T04:01:00","modified_gmt":"2026-04-15T04:01:00","slug":"wp-301d-double-side-wafer-grinding-machine-for-6-inch-semiconductor-materials-and-precision-lapping","status":"publish","type":"product","link":"https:\/\/www.zmsh-semitech.com\/es\/product\/wp-301d-double-side-wafer-grinding-machine-for-6-inch-semiconductor-materials-and-precision-lapping\/","title":{"rendered":"Rectificadora de obleas de doble cara WP-301D para materiales semiconductores de 6 pulgadas y lapeado de precisi\u00f3n"},"content":{"rendered":"<p data-start=\"284\" data-end=\"683\"><img fetchpriority=\"high\" decoding=\"async\" class=\"alignright wp-image-2229\" src=\"https:\/\/www.zmsh-semitech.com\/wp-content\/uploads\/2026\/04\/WP-301D-Double-Side-Wafer-Grinding-Machine-for-6-Inch-Semiconductor-Materials-and-Precision-Lapping-1-300x300.png\" alt=\"Rectificadora de obleas de doble cara WP-301D para materiales semiconductores de 6 pulgadas y lapeado de precisi\u00f3n\" width=\"283\" height=\"283\" srcset=\"https:\/\/www.zmsh-semitech.com\/wp-content\/uploads\/2026\/04\/WP-301D-Double-Side-Wafer-Grinding-Machine-for-6-Inch-Semiconductor-Materials-and-Precision-Lapping-1-300x300.png 300w, https:\/\/www.zmsh-semitech.com\/wp-content\/uploads\/2026\/04\/WP-301D-Double-Side-Wafer-Grinding-Machine-for-6-Inch-Semiconductor-Materials-and-Precision-Lapping-1-150x150.png 150w, https:\/\/www.zmsh-semitech.com\/wp-content\/uploads\/2026\/04\/WP-301D-Double-Side-Wafer-Grinding-Machine-for-6-Inch-Semiconductor-Materials-and-Precision-Lapping-1-768x768.png 768w, https:\/\/www.zmsh-semitech.com\/wp-content\/uploads\/2026\/04\/WP-301D-Double-Side-Wafer-Grinding-Machine-for-6-Inch-Semiconductor-Materials-and-Precision-Lapping-1-12x12.png 12w, https:\/\/www.zmsh-semitech.com\/wp-content\/uploads\/2026\/04\/WP-301D-Double-Side-Wafer-Grinding-Machine-for-6-Inch-Semiconductor-Materials-and-Precision-Lapping-1-600x600.png 600w, https:\/\/www.zmsh-semitech.com\/wp-content\/uploads\/2026\/04\/WP-301D-Double-Side-Wafer-Grinding-Machine-for-6-Inch-Semiconductor-Materials-and-Precision-Lapping-1-100x100.png 100w, https:\/\/www.zmsh-semitech.com\/wp-content\/uploads\/2026\/04\/WP-301D-Double-Side-Wafer-Grinding-Machine-for-6-Inch-Semiconductor-Materials-and-Precision-Lapping-1.png 1000w\" sizes=\"(max-width: 283px) 100vw, 283px\" \/>La rectificadora de obleas de doble cara WP-301D es un sistema de alta precisi\u00f3n dise\u00f1ado para el rectificado y pulido simult\u00e1neos de obleas semiconductoras y materiales fr\u00e1giles por las dos caras. Utilizando un avanzado sistema de movimiento accionado por engranajes planetarios, la m\u00e1quina permite la eliminaci\u00f3n uniforme de material en las superficies superior e inferior de la oblea, mejorando significativamente la planitud y el paralelismo.<\/p>\n<p data-start=\"685\" data-end=\"996\">Dise\u00f1ado para obleas de 6 pulgadas (150 mm) o inferiores, el WP-301D se utiliza ampliamente en el procesamiento de materiales semiconductores compuestos como CdZnTe (CZT), HgCdTe (MCT), GaAs, InP e InSb. Estos materiales son fundamentales en aplicaciones como la detecci\u00f3n de infrarrojos, la optoelectr\u00f3nica y los dispositivos de alta frecuencia.<\/p>\n<p data-start=\"998\" data-end=\"1200\">Gracias a su robusta estructura mec\u00e1nica, su sistema de control de precisi\u00f3n y el dise\u00f1o optimizado del husillo, la WP-301D garantiza una alta eficacia, una excelente calidad de superficie y un rendimiento estable del procesamiento por lotes.<\/p>\n<hr data-start=\"1202\" data-end=\"1205\" \/>\n<h2 data-section-id=\"m7ukan\" data-start=\"1207\" data-end=\"1250\">Principales caracter\u00edsticas y ventajas t\u00e9cnicas<\/h2>\n<h3 data-section-id=\"1ggl47b\" data-start=\"1252\" data-end=\"1296\">Procesado simult\u00e1neo a doble cara<\/h3>\n<p data-start=\"1297\" data-end=\"1372\">La m\u00e1quina procesa ambas caras de la oblea al mismo tiempo, garantizando:<\/p>\n<ul data-start=\"1373\" data-end=\"1463\">\n<li data-section-id=\"1i7ktds\" data-start=\"1373\" data-end=\"1406\">Mejora de la uniformidad del espesor<\/li>\n<li data-section-id=\"1da8f9g\" data-start=\"1407\" data-end=\"1429\">Mejor paralelismo<\/li>\n<li data-section-id=\"12e74mo\" data-start=\"1430\" data-end=\"1463\">Reducci\u00f3n del tiempo total de procesamiento<\/li>\n<\/ul>\n<h3 data-section-id=\"2t7dsg\" data-start=\"1465\" data-end=\"1501\">Sistema de movimiento de engranajes planetarios<\/h3>\n<p data-start=\"1502\" data-end=\"1689\">La corona dentada y el sistema de corona dentada integrados pueden funcionar de forma sincronizada o independiente, lo que permite un control flexible del proceso y trayectorias de rectificado optimizadas para diferentes materiales.<\/p>\n<h3 data-section-id=\"dbg2ti\" data-start=\"1691\" data-end=\"1728\">Sistema de husillo de alta precisi\u00f3n<\/h3>\n<p data-start=\"1729\" data-end=\"1901\">Equipada con un husillo integrado de alta precisi\u00f3n, la WP-301D garantiza una rotaci\u00f3n estable y vibraciones m\u00ednimas, lo que resulta esencial para lograr una calidad de superficie uniforme.<\/p>\n<h3 data-section-id=\"bbwmxj\" data-start=\"1903\" data-end=\"1944\">Sistema de control de la presi\u00f3n en tiempo real<\/h3>\n<p data-start=\"1945\" data-end=\"2030\">La m\u00e1quina cuenta con un avanzado sistema de control de presi\u00f3n de bucle cerrado que permite:<\/p>\n<ul data-start=\"2031\" data-end=\"2200\">\n<li data-section-id=\"5pkops\" data-start=\"2031\" data-end=\"2077\">Ajuste preciso de la presi\u00f3n (0,1 - 50 kg)<\/li>\n<li data-section-id=\"18clroc\" data-start=\"2078\" data-end=\"2200\">Control en tiempo real y correcci\u00f3n autom\u00e1tica<br data-start=\"2125\" data-end=\"2128\" \/>Esto garantiza una eliminaci\u00f3n uniforme del material y evita el pulido excesivo.<\/li>\n<\/ul>\n<h3 data-section-id=\"mqy6u6\" data-start=\"2202\" data-end=\"2237\">Dise\u00f1o de placa superior flotante<\/h3>\n<p data-start=\"2238\" data-end=\"2440\">La placa superior adopta una estructura de conexi\u00f3n flotante, lo que garantiza que permanezca paralela a la placa inferior durante el procesamiento. Esto mejora significativamente la planitud de la oblea y reduce la variaci\u00f3n de grosor.<\/p>\n<h2 data-section-id=\"8lu2ky\" data-start=\"2447\" data-end=\"2477\">Especificaciones t\u00e9cnicas<\/h2>\n<div class=\"TyagGW_tableContainer\">\n<div class=\"group TyagGW_tableWrapper flex flex-col-reverse w-fit\" tabindex=\"-1\">\n<table class=\"w-fit min-w-(--thread-content-width)\" data-start=\"2479\" data-end=\"2829\">\n<thead data-start=\"2479\" data-end=\"2503\">\n<tr data-start=\"2479\" data-end=\"2503\">\n<th class=\"\" data-start=\"2479\" data-end=\"2486\" data-col-size=\"sm\">Art\u00edculo<\/th>\n<th class=\"\" data-start=\"2486\" data-end=\"2503\" data-col-size=\"sm\">Especificaci\u00f3n<\/th>\n<\/tr>\n<\/thead>\n<tbody data-start=\"2527\" data-end=\"2829\">\n<tr data-start=\"2527\" data-end=\"2570\">\n<td data-start=\"2527\" data-end=\"2544\" data-col-size=\"sm\">Tama\u00f1o de la pieza<\/td>\n<td data-start=\"2544\" data-end=\"2570\" data-col-size=\"sm\">Hasta \u00d8150 mm (6 pulgadas)<\/td>\n<\/tr>\n<tr data-start=\"2571\" data-end=\"2605\">\n<td data-start=\"2571\" data-end=\"2591\" data-col-size=\"sm\">Velocidad de plato inferior<\/td>\n<td data-start=\"2591\" data-end=\"2605\" data-col-size=\"sm\">0 - 30 rpm<\/td>\n<\/tr>\n<tr data-start=\"2606\" data-end=\"2658\">\n<td data-start=\"2606\" data-end=\"2624\" data-col-size=\"sm\">M\u00e9todo de molienda<\/td>\n<td data-start=\"2624\" data-end=\"2658\" data-col-size=\"sm\">Molienda planetaria de doble cara<\/td>\n<\/tr>\n<tr data-start=\"2659\" data-end=\"2683\">\n<td data-start=\"2659\" data-end=\"2678\" data-col-size=\"sm\">Cantidad de portadores<\/td>\n<td data-start=\"2678\" data-end=\"2683\" data-col-size=\"sm\">5<\/td>\n<\/tr>\n<tr data-start=\"2684\" data-end=\"2716\">\n<td data-start=\"2684\" data-end=\"2701\" data-col-size=\"sm\">Rango de presi\u00f3n<\/td>\n<td data-start=\"2701\" data-end=\"2716\" data-col-size=\"sm\">0,1 - 50 kg<\/td>\n<\/tr>\n<tr data-start=\"2717\" data-end=\"2753\">\n<td data-start=\"2717\" data-end=\"2734\" data-col-size=\"sm\">Material de la placa<\/td>\n<td data-start=\"2734\" data-end=\"2753\" data-col-size=\"sm\">Cristal \/ Cer\u00e1mica<\/td>\n<\/tr>\n<tr data-start=\"2754\" data-end=\"2800\">\n<td data-start=\"2754\" data-end=\"2775\" data-col-size=\"sm\">Dimensiones de la m\u00e1quina<\/td>\n<td data-start=\"2775\" data-end=\"2800\" data-col-size=\"sm\">1572 \u00d7 1053 \u00d7 2533 mm<\/td>\n<\/tr>\n<tr data-start=\"2801\" data-end=\"2829\">\n<td data-start=\"2801\" data-end=\"2810\" data-col-size=\"sm\">Peso<\/td>\n<td data-start=\"2810\" data-end=\"2829\" data-col-size=\"sm\">Aprox. 2300 kg<\/td>\n<\/tr>\n<\/tbody>\n<\/table>\n<\/div>\n<\/div>\n<hr data-start=\"2831\" data-end=\"2834\" \/>\n<h2 data-section-id=\"13yq5fc\" data-start=\"2836\" data-end=\"2859\">Principio de funcionamiento<\/h2>\n<p data-start=\"2903\" data-end=\"3050\">La WP-301D funciona mediante un mecanismo de movimiento planetario, en el que las obleas se colocan dentro de soportes situados entre las placas superior e inferior.<\/p>\n<p data-start=\"3052\" data-end=\"3069\">Durante el funcionamiento:<\/p>\n<ul data-start=\"3071\" data-end=\"3205\">\n<li data-section-id=\"307xpo\" data-start=\"3071\" data-end=\"3115\">La placa inferior gira continuamente<\/li>\n<li data-section-id=\"155dzsx\" data-start=\"3116\" data-end=\"3156\">El engranaje solar acciona los portadores<\/li>\n<li data-section-id=\"1h7nv9d\" data-start=\"3157\" data-end=\"3205\">La corona dentada controla el movimiento de rotaci\u00f3n<\/li>\n<\/ul>\n<p data-start=\"3207\" data-end=\"3357\">Esta combinaci\u00f3n crea un complejo movimiento relativo entre la oblea y las placas de pulido, garantizando la eliminaci\u00f3n uniforme de material en ambas superficies.<\/p>\n<p data-start=\"3359\" data-end=\"3527\">Simult\u00e1neamente, el sistema de control de la presi\u00f3n mantiene una fuerza constante, mientras que la placa superior flotante se adapta din\u00e1micamente para mantener un contacto paralelo. Esto da como resultado:<\/p>\n<ul data-start=\"3529\" data-end=\"3598\">\n<li data-section-id=\"5m7g9e\" data-start=\"3529\" data-end=\"3546\">Gran planitud<\/li>\n<li data-section-id=\"1uescvu\" data-start=\"3547\" data-end=\"3568\">Espesor uniforme<\/li>\n<li data-section-id=\"19qiivl\" data-start=\"3569\" data-end=\"3598\">Da\u00f1os m\u00ednimos en el subsuelo<\/li>\n<\/ul>\n<hr data-start=\"3600\" data-end=\"3603\" \/>\n<h2 data-section-id=\"4t5b8m\" data-start=\"3605\" data-end=\"3623\"><img decoding=\"async\" class=\"size-medium wp-image-2176 alignright\" src=\"https:\/\/www.zmsh-semitech.com\/wp-content\/uploads\/2026\/04\/silicon_carbide_wafer_4inch_hpsi_350um_widely_used_for_ar_glasses3-300x300.webp\" alt=\"\" width=\"300\" height=\"300\" srcset=\"https:\/\/www.zmsh-semitech.com\/wp-content\/uploads\/2026\/04\/silicon_carbide_wafer_4inch_hpsi_350um_widely_used_for_ar_glasses3-300x300.webp 300w, https:\/\/www.zmsh-semitech.com\/wp-content\/uploads\/2026\/04\/silicon_carbide_wafer_4inch_hpsi_350um_widely_used_for_ar_glasses3-150x150.webp 150w, https:\/\/www.zmsh-semitech.com\/wp-content\/uploads\/2026\/04\/silicon_carbide_wafer_4inch_hpsi_350um_widely_used_for_ar_glasses3-768x768.webp 768w, https:\/\/www.zmsh-semitech.com\/wp-content\/uploads\/2026\/04\/silicon_carbide_wafer_4inch_hpsi_350um_widely_used_for_ar_glasses3-12x12.webp 12w, https:\/\/www.zmsh-semitech.com\/wp-content\/uploads\/2026\/04\/silicon_carbide_wafer_4inch_hpsi_350um_widely_used_for_ar_glasses3-600x600.webp 600w, https:\/\/www.zmsh-semitech.com\/wp-content\/uploads\/2026\/04\/silicon_carbide_wafer_4inch_hpsi_350um_widely_used_for_ar_glasses3-100x100.webp 100w, https:\/\/www.zmsh-semitech.com\/wp-content\/uploads\/2026\/04\/silicon_carbide_wafer_4inch_hpsi_350um_widely_used_for_ar_glasses3.webp 800w\" sizes=\"(max-width: 300px) 100vw, 300px\" \/>Aplicaciones<\/h2>\n<p data-start=\"3625\" data-end=\"3684\">La rectificadora de doble cara WP-301D se utiliza ampliamente en:<\/p>\n<ul data-start=\"3686\" data-end=\"3896\">\n<li data-section-id=\"lsdmsu\" data-start=\"3686\" data-end=\"3729\">Procesado de obleas de semiconductores compuestos<\/li>\n<li data-section-id=\"1re9cdn\" data-start=\"3730\" data-end=\"3763\">Materiales infrarrojos (CZT, MCT)<\/li>\n<li data-section-id=\"1kwz9qu\" data-start=\"3764\" data-end=\"3801\">Materiales III-V (GaAs, InP, InSb)<\/li>\n<li data-section-id=\"qagg2f\" data-start=\"3802\" data-end=\"3849\">Sustratos \u00f3pticos y componentes de precisi\u00f3n<\/li>\n<li data-section-id=\"ir3gdc\" data-start=\"3850\" data-end=\"3896\">Laboratorios de investigaci\u00f3n y producci\u00f3n por lotes<\/li>\n<\/ul>\n<p data-start=\"3898\" data-end=\"4021\">Es especialmente adecuado para materiales fr\u00e1giles de 6 pulgadas o menos, donde la precisi\u00f3n y la integridad de la superficie son fundamentales.<\/p>\n<hr data-start=\"4023\" data-end=\"4026\" \/>\n<h2 data-section-id=\"1116wfg\" data-start=\"4028\" data-end=\"4049\"><img decoding=\"async\" class=\"size-medium wp-image-2122 alignright\" src=\"https:\/\/www.zmsh-semitech.com\/wp-content\/uploads\/2026\/04\/Wafer-Back-Grinding-Machine-300x300.png\" alt=\"\" width=\"300\" height=\"300\" srcset=\"https:\/\/www.zmsh-semitech.com\/wp-content\/uploads\/2026\/04\/Wafer-Back-Grinding-Machine-300x300.png 300w, https:\/\/www.zmsh-semitech.com\/wp-content\/uploads\/2026\/04\/Wafer-Back-Grinding-Machine-150x150.png 150w, https:\/\/www.zmsh-semitech.com\/wp-content\/uploads\/2026\/04\/Wafer-Back-Grinding-Machine-768x768.png 768w, https:\/\/www.zmsh-semitech.com\/wp-content\/uploads\/2026\/04\/Wafer-Back-Grinding-Machine-12x12.png 12w, https:\/\/www.zmsh-semitech.com\/wp-content\/uploads\/2026\/04\/Wafer-Back-Grinding-Machine-600x600.png 600w, https:\/\/www.zmsh-semitech.com\/wp-content\/uploads\/2026\/04\/Wafer-Back-Grinding-Machine-100x100.png 100w, https:\/\/www.zmsh-semitech.com\/wp-content\/uploads\/2026\/04\/Wafer-Back-Grinding-Machine.png 1000w\" sizes=\"(max-width: 300px) 100vw, 300px\" \/>Principales ventajas<\/h2>\n<ul data-start=\"4051\" data-end=\"4440\">\n<li data-section-id=\"1ar7oz7\" data-start=\"4051\" data-end=\"4131\">Alta eficacia<br data-start=\"4072\" data-end=\"4075\" \/>El mecanizado a doble cara reduce el tiempo total de mecanizado<\/li>\n<li data-section-id=\"1wr2j5g\" data-start=\"4133\" data-end=\"4202\">Alta precisi\u00f3n<br data-start=\"4153\" data-end=\"4156\" \/>Garantiza una planitud y un paralelismo excelentes<\/li>\n<li data-section-id=\"esn72i\" data-start=\"4204\" data-end=\"4283\">Estabilidad del proceso<br data-start=\"4227\" data-end=\"4230\" \/>El control de la presi\u00f3n en bucle cerrado mejora la uniformidad<\/li>\n<li data-section-id=\"1crbhdt\" data-start=\"4285\" data-end=\"4356\">Funcionamiento flexible<br data-start=\"4309\" data-end=\"4312\" \/>Control de marcha independiente o sincronizado<\/li>\n<li data-section-id=\"1hbjrp7\" data-start=\"4358\" data-end=\"4440\">Optimizado para materiales fr\u00e1giles<br data-start=\"4395\" data-end=\"4398\" \/>Minimiza la tensi\u00f3n y evita las grietas<\/li>\n<\/ul>\n<hr data-start=\"4442\" data-end=\"4445\" \/>\n<h2 data-section-id=\"w1cnyx\" data-start=\"4447\" data-end=\"4456\">PREGUNTAS FRECUENTES<\/h2>\n<p data-start=\"4458\" data-end=\"4662\">P1: \u00bfCu\u00e1l es la principal ventaja del rectificado de doble cara?<br data-start=\"4517\" data-end=\"4520\" \/>R: Permite el procesamiento simult\u00e1neo de ambas superficies de la oblea, mejorando la planitud, el paralelismo y la eficacia en comparaci\u00f3n con el rectificado de una sola cara.<\/p>\n<p data-start=\"4664\" data-end=\"4820\">P2: \u00bfQu\u00e9 materiales pueden procesarse?<br data-start=\"4704\" data-end=\"4707\" \/>R: La m\u00e1quina es adecuada para CZT, MCT, GaAs, InP, InSb y otros materiales semiconductores blandos y quebradizos.<\/p>\n<p data-start=\"4822\" data-end=\"4924\">P3: \u00bfQu\u00e9 tama\u00f1o de oblea admite la WP-301D?<br data-start=\"4871\" data-end=\"4874\" \/>R: Admite obleas de hasta 150 mm (6 pulgadas).<\/p>","protected":false},"excerpt":{"rendered":"<p>La rectificadora de obleas de doble cara WP-301D es un sistema de alta precisi\u00f3n dise\u00f1ado para el rectificado y pulido simult\u00e1neos de obleas semiconductoras y materiales fr\u00e1giles por las dos caras. Utilizando un avanzado sistema de movimiento accionado por engranajes planetarios, la m\u00e1quina permite la eliminaci\u00f3n uniforme de material en las superficies superior e inferior de la oblea, mejorando significativamente la planitud y el paralelismo.<\/p>","protected":false},"featured_media":2229,"comment_status":"open","ping_status":"closed","template":"","meta":{"site-sidebar-layout":"default","site-content-layout":"","ast-site-content-layout":"default","site-content-style":"default","site-sidebar-style":"default","ast-global-header-display":"","ast-banner-title-visibility":"","ast-main-header-display":"","ast-hfb-above-header-display":"","ast-hfb-below-header-display":"","ast-hfb-mobile-header-display":"","site-post-title":"","ast-breadcrumbs-content":"","ast-featured-img":"","footer-sml-layout":"","ast-disable-related-posts":"","theme-transparent-header-meta":"default","adv-header-id-meta":"","stick-header-meta":"default","header-above-stick-meta":"","header-main-stick-meta":"","header-below-stick-meta":"","astra-migrate-meta-layouts":"set","ast-page-background-enabled":"default","ast-page-background-meta":{"desktop":{"background-color":"var(--ast-global-color-4)","background-image":"","background-repeat":"repeat","background-position":"center center","background-size":"auto","background-attachment":"scroll","background-type":"","background-media":"","overlay-type":"","overlay-color":"","overlay-opacity":"","overlay-gradient":""},"tablet":{"background-color":"","background-image":"","background-repeat":"repeat","background-position":"center center","background-size":"auto","background-attachment":"scroll","background-type":"","background-media":"","overlay-type":"","overlay-color":"","overlay-opacity":"","overlay-gradient":""},"mobile":{"background-color":"","background-image":"","background-repeat":"repeat","background-position":"center center","background-size":"auto","background-attachment":"scroll","background-type":"","background-media":"","overlay-type":"","overlay-color":"","overlay-opacity":"","overlay-gradient":""}},"ast-content-background-meta":{"desktop":{"background-color":"var(--ast-global-color-5)","background-image":"","background-repeat":"repeat","background-position":"center center","background-size":"auto","background-attachment":"scroll","background-type":"","background-media":"","overlay-type":"","overlay-color":"","overlay-opacity":"","overlay-gradient":""},"tablet":{"background-color":"var(--ast-global-color-5)","background-image":"","background-repeat":"repeat","background-position":"center center","background-size":"auto","background-attachment":"scroll","background-type":"","background-media":"","overlay-type":"","overlay-color":"","overlay-opacity":"","overlay-gradient":""},"mobile":{"background-color":"var(--ast-global-color-5)","background-image":"","background-repeat":"repeat","background-position":"center center","background-size":"auto","background-attachment":"scroll","background-type":"","background-media":"","overlay-type":"","overlay-color":"","overlay-opacity":"","overlay-gradient":""}}},"product_brand":[],"product_cat":[724],"product_tag":[1005,1017,1015,1012,1018,1016,1019,1014,1020,1013],"class_list":{"0":"post-2226","1":"product","2":"type-product","3":"status-publish","4":"has-post-thumbnail","6":"product_cat-grinding-machine","7":"product_tag-6-inch-wafer-grinding","8":"product_tag-czt-grinding-machine","9":"product_tag-double-side-polishing-machine","10":"product_tag-double-side-wafer-grinding-machine","11":"product_tag-gaas-wafer-polishing","12":"product_tag-planetary-lapping-system","13":"product_tag-precision-wafer-lapping","14":"product_tag-semiconductor-grinding-equipment","15":"product_tag-semiconductor-surface-grinding","16":"product_tag-wafer-lapping-machine","17":"desktop-align-left","18":"tablet-align-left","19":"mobile-align-left","20":"ast-product-gallery-layout-horizontal-slider","21":"ast-product-tabs-layout-horizontal","23":"first","24":"instock","25":"shipping-taxable","26":"product-type-simple"},"_links":{"self":[{"href":"https:\/\/www.zmsh-semitech.com\/es\/wp-json\/wp\/v2\/product\/2226","targetHints":{"allow":["GET"]}}],"collection":[{"href":"https:\/\/www.zmsh-semitech.com\/es\/wp-json\/wp\/v2\/product"}],"about":[{"href":"https:\/\/www.zmsh-semitech.com\/es\/wp-json\/wp\/v2\/types\/product"}],"replies":[{"embeddable":true,"href":"https:\/\/www.zmsh-semitech.com\/es\/wp-json\/wp\/v2\/comments?post=2226"}],"version-history":[{"count":5,"href":"https:\/\/www.zmsh-semitech.com\/es\/wp-json\/wp\/v2\/product\/2226\/revisions"}],"predecessor-version":[{"id":2233,"href":"https:\/\/www.zmsh-semitech.com\/es\/wp-json\/wp\/v2\/product\/2226\/revisions\/2233"}],"wp:featuredmedia":[{"embeddable":true,"href":"https:\/\/www.zmsh-semitech.com\/es\/wp-json\/wp\/v2\/media\/2229"}],"wp:attachment":[{"href":"https:\/\/www.zmsh-semitech.com\/es\/wp-json\/wp\/v2\/media?parent=2226"}],"wp:term":[{"taxonomy":"product_brand","embeddable":true,"href":"https:\/\/www.zmsh-semitech.com\/es\/wp-json\/wp\/v2\/product_brand?post=2226"},{"taxonomy":"product_cat","embeddable":true,"href":"https:\/\/www.zmsh-semitech.com\/es\/wp-json\/wp\/v2\/product_cat?post=2226"},{"taxonomy":"product_tag","embeddable":true,"href":"https:\/\/www.zmsh-semitech.com\/es\/wp-json\/wp\/v2\/product_tag?post=2226"}],"curies":[{"name":"wp","href":"https:\/\/api.w.org\/{rel}","templated":true}]}}