{"id":2215,"date":"2026-04-15T02:54:20","date_gmt":"2026-04-15T02:54:20","guid":{"rendered":"https:\/\/www.zmsh-semitech.com\/?post_type=product&#038;p=2215"},"modified":"2026-04-15T02:57:45","modified_gmt":"2026-04-15T02:57:45","slug":"wdp-1240-series-dry-polishing-machine","status":"publish","type":"product","link":"https:\/\/www.zmsh-semitech.com\/es\/product\/wdp-1240-series-dry-polishing-machine\/","title":{"rendered":"M\u00e1quina de pulido en seco de la serie WDP-1240 para el procesamiento de la cara posterior y el alivio de tensi\u00f3n de obleas de 300 mm"},"content":{"rendered":"<p data-start=\"281\" data-end=\"650\"><img fetchpriority=\"high\" decoding=\"async\" class=\"alignright wp-image-2217\" src=\"https:\/\/www.zmsh-semitech.com\/wp-content\/uploads\/2026\/04\/WDP-1240-Series-Dry-Polishing-Machine-for-300mm-Wafer-Stress-Relief-and-Backside-Processing-300x300.png\" alt=\"M\u00e1quina de pulido en seco de la serie WDP-1240 para el procesamiento de la cara posterior y el alivio de tensi\u00f3n de obleas de 300 mm\" width=\"290\" height=\"290\" srcset=\"https:\/\/www.zmsh-semitech.com\/wp-content\/uploads\/2026\/04\/WDP-1240-Series-Dry-Polishing-Machine-for-300mm-Wafer-Stress-Relief-and-Backside-Processing-300x300.png 300w, https:\/\/www.zmsh-semitech.com\/wp-content\/uploads\/2026\/04\/WDP-1240-Series-Dry-Polishing-Machine-for-300mm-Wafer-Stress-Relief-and-Backside-Processing-150x150.png 150w, https:\/\/www.zmsh-semitech.com\/wp-content\/uploads\/2026\/04\/WDP-1240-Series-Dry-Polishing-Machine-for-300mm-Wafer-Stress-Relief-and-Backside-Processing-768x768.png 768w, https:\/\/www.zmsh-semitech.com\/wp-content\/uploads\/2026\/04\/WDP-1240-Series-Dry-Polishing-Machine-for-300mm-Wafer-Stress-Relief-and-Backside-Processing-12x12.png 12w, https:\/\/www.zmsh-semitech.com\/wp-content\/uploads\/2026\/04\/WDP-1240-Series-Dry-Polishing-Machine-for-300mm-Wafer-Stress-Relief-and-Backside-Processing-600x600.png 600w, https:\/\/www.zmsh-semitech.com\/wp-content\/uploads\/2026\/04\/WDP-1240-Series-Dry-Polishing-Machine-for-300mm-Wafer-Stress-Relief-and-Backside-Processing-100x100.png 100w, https:\/\/www.zmsh-semitech.com\/wp-content\/uploads\/2026\/04\/WDP-1240-Series-Dry-Polishing-Machine-for-300mm-Wafer-Stress-Relief-and-Backside-Processing.png 1000w\" sizes=\"(max-width: 290px) 100vw, 290px\" \/>La m\u00e1quina de pulido en seco de la serie WDP-1240 es un avanzado sistema de precisi\u00f3n desarrollado para el alivio de tensiones en la cara posterior de las obleas y la eliminaci\u00f3n de capas da\u00f1adas en la fabricaci\u00f3n de semiconductores. Espec\u00edficamente dise\u00f1ado para el procesamiento de obleas de 300 mm, este equipo utiliza un proceso de pulido en seco para lograr un acabado superficial de alta calidad minimizando el impacto medioambiental.<\/p>\n<p data-start=\"652\" data-end=\"959\">Este sistema es especialmente adecuado para aplicaciones de envasado avanzadas, en las que el adelgazamiento de la oblea y el control de la tensi\u00f3n son fundamentales. Al eliminar eficazmente las capas da\u00f1adas subsuperficiales causadas durante los procesos de rectificado, el WDP-1240 ayuda a mejorar la integridad de la oblea, reducir el alabeo y aumentar la resistencia mec\u00e1nica.<\/p>\n<p data-start=\"961\" data-end=\"1182\">En comparaci\u00f3n con los sistemas tradicionales de pulido en h\u00famedo, el proceso en seco elimina la contaminaci\u00f3n relacionada con los lodos y reduce las necesidades de tratamiento de residuos, lo que lo convierte en una soluci\u00f3n m\u00e1s respetuosa con el medio ambiente y rentable.<\/p>\n<hr data-start=\"1184\" data-end=\"1187\" \/>\n<h2 data-section-id=\"m7ukan\" data-start=\"1189\" data-end=\"1232\">Principales caracter\u00edsticas y ventajas t\u00e9cnicas<\/h2>\n<h3 data-section-id=\"capa5r\" data-start=\"1234\" data-end=\"1295\">Tecnolog\u00eda de pulido en seco de bajo impacto ambiental<\/h3>\n<p data-start=\"1296\" data-end=\"1491\">La WDP-1240 adopta un proceso de pulido totalmente en seco, eliminando la necesidad de lodos qu\u00edmicos. Esto reduce significativamente la carga medioambiental, simplifica el mantenimiento y disminuye los costes operativos.<\/p>\n<h3 data-section-id=\"1awlizo\" data-start=\"1493\" data-end=\"1543\">Alivio eficaz del estr\u00e9s y eliminaci\u00f3n de da\u00f1os<\/h3>\n<p data-start=\"1544\" data-end=\"1722\">Dise\u00f1ado para eliminar la capa da\u00f1ada de la cara posterior tras el rectificado de la oblea, el sistema libera eficazmente la tensi\u00f3n interna, garantizando una mejor planitud y estabilidad estructural de la oblea.<\/p>\n<h3 data-section-id=\"90fwyd\" data-start=\"1724\" data-end=\"1762\">Mayor rendimiento de las obleas delgadas<\/h3>\n<p data-start=\"1763\" data-end=\"1827\">Al minimizar la concentraci\u00f3n de tensiones, la m\u00e1quina ayuda a prevenir:<\/p>\n<ul data-start=\"1828\" data-end=\"1876\">\n<li data-section-id=\"pus2hj\" data-start=\"1828\" data-end=\"1846\">Grietas en las obleas<\/li>\n<li data-section-id=\"wcbb49\" data-start=\"1847\" data-end=\"1864\">Astillado de bordes<\/li>\n<li data-section-id=\"bpnlvj\" data-start=\"1865\" data-end=\"1876\">Alabeo<\/li>\n<\/ul>\n<p data-start=\"1878\" data-end=\"1965\">De este modo se consigue un mayor rendimiento, especialmente en obleas de gran tama\u00f1o y ultrafinas.<\/p>\n<h3 data-section-id=\"98a0im\" data-start=\"1967\" data-end=\"2017\">Integraci\u00f3n perfecta con sistemas de adelgazamiento<\/h3>\n<p data-start=\"2018\" data-end=\"2217\">La WDP-1240 puede integrarse con equipos anteriores, como la rectificadora autom\u00e1tica de obleas WG1251, lo que permite l\u00edneas de producci\u00f3n totalmente automatizadas con transferencia segura y estable de obleas entre procesos.<\/p>\n<h3 data-section-id=\"1pvq7tz\" data-start=\"2219\" data-end=\"2265\">Estructura mec\u00e1nica estable y robusta<\/h3>\n<p data-start=\"2266\" data-end=\"2435\">El equipo cuenta con una configuraci\u00f3n de husillo \u00fanico, mandril \u00fanico y unidad de reavivado, lo que garantiza un rendimiento de pulido uniforme y una estabilidad operativa a largo plazo.<\/p>\n<hr data-start=\"2437\" data-end=\"2440\" \/>\n<h2 data-section-id=\"8lu2ky\" data-start=\"2442\" data-end=\"2472\">\u00a0Especificaciones t\u00e9cnicas<\/h2>\n<div class=\"TyagGW_tableContainer\">\n<div class=\"group TyagGW_tableWrapper flex flex-col-reverse w-fit\" tabindex=\"-1\">\n<table class=\"w-fit min-w-(--thread-content-width)\" data-start=\"2474\" data-end=\"2738\">\n<thead data-start=\"2474\" data-end=\"2498\">\n<tr data-start=\"2474\" data-end=\"2498\">\n<th class=\"\" data-start=\"2474\" data-end=\"2481\" data-col-size=\"sm\">Art\u00edculo<\/th>\n<th class=\"\" data-start=\"2481\" data-end=\"2498\" data-col-size=\"md\">Especificaci\u00f3n<\/th>\n<\/tr>\n<\/thead>\n<tbody data-start=\"2522\" data-end=\"2738\">\n<tr data-start=\"2522\" data-end=\"2583\">\n<td data-start=\"2522\" data-end=\"2534\" data-col-size=\"sm\">Estructura<\/td>\n<td data-start=\"2534\" data-end=\"2583\" data-col-size=\"md\">Husillo \u00d71 \/ Plato \u00d71 \/ Unidad de reavivado \u00d71<\/td>\n<\/tr>\n<tr data-start=\"2584\" data-end=\"2618\">\n<td data-start=\"2584\" data-end=\"2600\" data-col-size=\"sm\">Potencia del husillo<\/td>\n<td data-start=\"2600\" data-end=\"2618\" data-col-size=\"md\">7,5 kW \/ 11 kW<\/td>\n<\/tr>\n<tr data-start=\"2619\" data-end=\"2658\">\n<td data-start=\"2619\" data-end=\"2632\" data-col-size=\"sm\">Tama\u00f1o de la oblea<\/td>\n<td data-start=\"2632\" data-end=\"2658\" data-col-size=\"md\">Hasta 300 mm (12 pulgadas)<\/td>\n<\/tr>\n<tr data-start=\"2659\" data-end=\"2691\">\n<td data-start=\"2659\" data-end=\"2674\" data-col-size=\"sm\">Tipo de proceso<\/td>\n<td data-start=\"2674\" data-end=\"2691\" data-col-size=\"md\">Pulido en seco<\/td>\n<\/tr>\n<tr data-start=\"2692\" data-end=\"2738\">\n<td data-start=\"2692\" data-end=\"2713\" data-col-size=\"sm\">Dimensiones de la m\u00e1quina<\/td>\n<td data-start=\"2713\" data-end=\"2738\" data-col-size=\"md\">1450 \u00d7 3380 \u00d7 1900 mm<\/td>\n<\/tr>\n<\/tbody>\n<\/table>\n<\/div>\n<\/div>\n<hr data-start=\"2740\" data-end=\"2743\" \/>\n<h2 data-section-id=\"13yq5fc\" data-start=\"2745\" data-end=\"2768\">Principio de funcionamiento<\/h2>\n<p data-start=\"2812\" data-end=\"2954\">El WDP-1240 funciona aplicando un pulido mec\u00e1nico controlado a la parte posterior de la oblea mediante un husillo de alta velocidad y un sistema de mandril de precisi\u00f3n.<\/p>\n<p data-start=\"2956\" data-end=\"3193\">Tras el adelgazamiento de las obleas, suele quedar una capa da\u00f1ada bajo la superficie, que introduce tensiones internas. El proceso de pulido en seco elimina esta capa manteniendo un estricto control sobre la presi\u00f3n y la velocidad de eliminaci\u00f3n de material. El resultado es:<\/p>\n<ul data-start=\"3195\" data-end=\"3278\">\n<li data-section-id=\"1r1ex1w\" data-start=\"3195\" data-end=\"3222\">Calidad de superficie uniforme<\/li>\n<li data-section-id=\"bhqqr1\" data-start=\"3223\" data-end=\"3250\">Reducci\u00f3n de la tensi\u00f3n residual<\/li>\n<li data-section-id=\"1iz8bdx\" data-start=\"3251\" data-end=\"3278\">Mejora de la planitud de las obleas<\/li>\n<\/ul>\n<p data-start=\"3280\" data-end=\"3392\">La unidad de reavivado integrada garantiza que las herramientas de pulido mantengan un rendimiento constante durante todo el proceso.<\/p>\n<hr data-start=\"3394\" data-end=\"3397\" \/>\n<h2 data-section-id=\"1mpxdoq\" data-start=\"3399\" data-end=\"3422\"><img decoding=\"async\" class=\"size-medium wp-image-2171 alignright\" src=\"https:\/\/www.zmsh-semitech.com\/wp-content\/uploads\/2026\/04\/4inch_silicon_carbide_wafers-300x300.webp\" alt=\"\" width=\"300\" height=\"300\" srcset=\"https:\/\/www.zmsh-semitech.com\/wp-content\/uploads\/2026\/04\/4inch_silicon_carbide_wafers-300x300.webp 300w, https:\/\/www.zmsh-semitech.com\/wp-content\/uploads\/2026\/04\/4inch_silicon_carbide_wafers-150x150.webp 150w, https:\/\/www.zmsh-semitech.com\/wp-content\/uploads\/2026\/04\/4inch_silicon_carbide_wafers-768x768.webp 768w, https:\/\/www.zmsh-semitech.com\/wp-content\/uploads\/2026\/04\/4inch_silicon_carbide_wafers-12x12.webp 12w, https:\/\/www.zmsh-semitech.com\/wp-content\/uploads\/2026\/04\/4inch_silicon_carbide_wafers-600x600.webp 600w, https:\/\/www.zmsh-semitech.com\/wp-content\/uploads\/2026\/04\/4inch_silicon_carbide_wafers-100x100.webp 100w, https:\/\/www.zmsh-semitech.com\/wp-content\/uploads\/2026\/04\/4inch_silicon_carbide_wafers.webp 800w\" sizes=\"(max-width: 300px) 100vw, 300px\" \/>\u00c1mbito de aplicaci\u00f3n<\/h2>\n<p data-start=\"3424\" data-end=\"3462\">La serie WDP-1240 se utiliza ampliamente en:<\/p>\n<ul data-start=\"3464\" data-end=\"3675\">\n<li data-section-id=\"thioxr\" data-start=\"3464\" data-end=\"3507\">Procesado de la cara posterior de obleas semiconductoras<\/li>\n<li data-section-id=\"1b52adm\" data-start=\"3508\" data-end=\"3557\">Embalaje avanzado (WLCSP, fan-out packaging)<\/li>\n<li data-section-id=\"1lhtczs\" data-start=\"3558\" data-end=\"3590\">Pulido de obleas de silicio (Si)<\/li>\n<li data-section-id=\"zqmbwb\" data-start=\"3591\" data-end=\"3633\">Procesado de obleas de carburo de silicio (SiC)<\/li>\n<li data-section-id=\"1xtbjfg\" data-start=\"3634\" data-end=\"3675\">Aplicaciones de alivio de tensi\u00f3n en obleas delgadas<\/li>\n<\/ul>\n<p data-start=\"3677\" data-end=\"3828\">Admite obleas de 12 pulgadas o menos, lo que la hace adecuada tanto para la producci\u00f3n de semiconductores convencionales como para las tecnolog\u00edas de envasado avanzadas emergentes.<\/p>\n<hr data-start=\"3830\" data-end=\"3833\" \/>\n<h2 data-section-id=\"1116wfg\" data-start=\"3835\" data-end=\"3856\"><img decoding=\"async\" class=\"size-medium wp-image-2122 alignright\" src=\"https:\/\/www.zmsh-semitech.com\/wp-content\/uploads\/2026\/04\/Wafer-Back-Grinding-Machine-300x300.png\" alt=\"\" width=\"300\" height=\"300\" srcset=\"https:\/\/www.zmsh-semitech.com\/wp-content\/uploads\/2026\/04\/Wafer-Back-Grinding-Machine-300x300.png 300w, https:\/\/www.zmsh-semitech.com\/wp-content\/uploads\/2026\/04\/Wafer-Back-Grinding-Machine-150x150.png 150w, https:\/\/www.zmsh-semitech.com\/wp-content\/uploads\/2026\/04\/Wafer-Back-Grinding-Machine-768x768.png 768w, https:\/\/www.zmsh-semitech.com\/wp-content\/uploads\/2026\/04\/Wafer-Back-Grinding-Machine-12x12.png 12w, https:\/\/www.zmsh-semitech.com\/wp-content\/uploads\/2026\/04\/Wafer-Back-Grinding-Machine-600x600.png 600w, https:\/\/www.zmsh-semitech.com\/wp-content\/uploads\/2026\/04\/Wafer-Back-Grinding-Machine-100x100.png 100w, https:\/\/www.zmsh-semitech.com\/wp-content\/uploads\/2026\/04\/Wafer-Back-Grinding-Machine.png 1000w\" sizes=\"(max-width: 300px) 100vw, 300px\" \/>Principales ventajas<\/h2>\n<ul data-start=\"3858\" data-end=\"4293\">\n<li data-section-id=\"6czk3i\" data-start=\"3858\" data-end=\"3942\">Bajo impacto ambiental<br data-start=\"3888\" data-end=\"3891\" \/>El proceso en seco elimina los lodos y reduce los residuos<\/li>\n<li data-section-id=\"7ceake\" data-start=\"3944\" data-end=\"4024\">Mejora del alto rendimiento<br data-start=\"3972\" data-end=\"3975\" \/>Minimiza el agrietamiento y el alabeo en obleas finas<\/li>\n<li data-section-id=\"aztc7d\" data-start=\"4026\" data-end=\"4104\">Alta estabilidad del proceso<br data-start=\"4054\" data-end=\"4057\" \/>Una estructura s\u00f3lida garantiza resultados coherentes<\/li>\n<li data-section-id=\"1viz6br\" data-start=\"4106\" data-end=\"4194\">Integraci\u00f3n de la l\u00ednea de producci\u00f3n<br data-start=\"4139\" data-end=\"4142\" \/>Compatible con sistemas automatizados de adelgazamiento de obleas<\/li>\n<li data-section-id=\"vz1nvb\" data-start=\"4196\" data-end=\"4293\">Optimizado para envases avanzados<br data-start=\"4234\" data-end=\"4237\" \/>Dise\u00f1ado para los procesos de semiconductores de nueva generaci\u00f3n<\/li>\n<\/ul>\n<hr data-start=\"4295\" data-end=\"4298\" \/>\n<h2 data-section-id=\"w1cnyx\" data-start=\"4300\" data-end=\"4309\">PREGUNTAS FRECUENTES<\/h2>\n<p data-start=\"4311\" data-end=\"4563\">P1: \u00bfCu\u00e1l es la principal ventaja del pulido en seco frente al pulido en h\u00famedo?<br data-start=\"4389\" data-end=\"4392\" \/>R: El pulido en seco elimina el uso de lodos, lo que reduce el impacto medioambiental, simplifica el mantenimiento y disminuye los costes operativos, al tiempo que mantiene una alta calidad superficial.<\/p>\n<p data-start=\"4565\" data-end=\"4700\">P2: \u00bfQu\u00e9 tama\u00f1os de oblea son compatibles?<br data-start=\"4604\" data-end=\"4607\" \/>R: El WDP-1240 admite obleas de hasta 12 pulgadas (300 mm), incluidos materiales de Si y SiC.<\/p>\n<p data-start=\"4702\" data-end=\"4916\">P3: \u00bfSe puede integrar esta m\u00e1quina en una l\u00ednea de producci\u00f3n?<br data-start=\"4764\" data-end=\"4767\" \/>R: S\u00ed. Puede conectarse perfectamente con equipos de adelgazamiento de obleas como el WG1251, lo que permite la transferencia automatizada de obleas y el procesamiento continuo.<\/p>","protected":false},"excerpt":{"rendered":"<p>La m\u00e1quina de pulido en seco de la serie WDP-1240 es un avanzado sistema de precisi\u00f3n desarrollado para el alivio de tensiones en la cara posterior de las obleas y la eliminaci\u00f3n de capas da\u00f1adas en la fabricaci\u00f3n de semiconductores. Espec\u00edficamente dise\u00f1ado para el procesamiento de obleas de 300 mm, este equipo utiliza un proceso de pulido en seco para lograr un acabado superficial de alta calidad minimizando el impacto medioambiental.<\/p>","protected":false},"featured_media":2217,"comment_status":"open","ping_status":"closed","template":"","meta":{"site-sidebar-layout":"default","site-content-layout":"","ast-site-content-layout":"default","site-content-style":"default","site-sidebar-style":"default","ast-global-header-display":"","ast-banner-title-visibility":"","ast-main-header-display":"","ast-hfb-above-header-display":"","ast-hfb-below-header-display":"","ast-hfb-mobile-header-display":"","site-post-title":"","ast-breadcrumbs-content":"","ast-featured-img":"","footer-sml-layout":"","ast-disable-related-posts":"","theme-transparent-header-meta":"default","adv-header-id-meta":"","stick-header-meta":"default","header-above-stick-meta":"","header-main-stick-meta":"","header-below-stick-meta":"","astra-migrate-meta-layouts":"set","ast-page-background-enabled":"default","ast-page-background-meta":{"desktop":{"background-color":"var(--ast-global-color-4)","background-image":"","background-repeat":"repeat","background-position":"center center","background-size":"auto","background-attachment":"scroll","background-type":"","background-media":"","overlay-type":"","overlay-color":"","overlay-opacity":"","overlay-gradient":""},"tablet":{"background-color":"","background-image":"","background-repeat":"repeat","background-position":"center center","background-size":"auto","background-attachment":"scroll","background-type":"","background-media":"","overlay-type":"","overlay-color":"","overlay-opacity":"","overlay-gradient":""},"mobile":{"background-color":"","background-image":"","background-repeat":"repeat","background-position":"center center","background-size":"auto","background-attachment":"scroll","background-type":"","background-media":"","overlay-type":"","overlay-color":"","overlay-opacity":"","overlay-gradient":""}},"ast-content-background-meta":{"desktop":{"background-color":"var(--ast-global-color-5)","background-image":"","background-repeat":"repeat","background-position":"center center","background-size":"auto","background-attachment":"scroll","background-type":"","background-media":"","overlay-type":"","overlay-color":"","overlay-opacity":"","overlay-gradient":""},"tablet":{"background-color":"var(--ast-global-color-5)","background-image":"","background-repeat":"repeat","background-position":"center center","background-size":"auto","background-attachment":"scroll","background-type":"","background-media":"","overlay-type":"","overlay-color":"","overlay-opacity":"","overlay-gradient":""},"mobile":{"background-color":"var(--ast-global-color-5)","background-image":"","background-repeat":"repeat","background-position":"center center","background-size":"auto","background-attachment":"scroll","background-type":"","background-media":"","overlay-type":"","overlay-color":"","overlay-opacity":"","overlay-gradient":""}}},"product_brand":[],"product_cat":[725],"product_tag":[995,1000,993,1001,996,997,999,998,994,1002],"class_list":{"0":"post-2215","1":"product","2":"type-product","3":"status-publish","4":"has-post-thumbnail","6":"product_cat-polishing-machine","7":"product_tag-300mm-wafer-polishing","8":"product_tag-advanced-packaging-equipment","9":"product_tag-dry-polishing-machine","10":"product_tag-dry-wafer-processing","11":"product_tag-semiconductor-polishing-machine","12":"product_tag-sic-wafer-polishing","13":"product_tag-stress-relief-polishing-machine","14":"product_tag-wafer-backside-polishing","15":"product_tag-wafer-polishing-equipment","16":"product_tag-wafer-thinning-line-equipment","17":"desktop-align-left","18":"tablet-align-left","19":"mobile-align-left","20":"ast-product-gallery-layout-horizontal-slider","21":"ast-product-gallery-with-no-image","22":"ast-product-tabs-layout-horizontal","24":"first","25":"instock","26":"shipping-taxable","27":"product-type-simple"},"_links":{"self":[{"href":"https:\/\/www.zmsh-semitech.com\/es\/wp-json\/wp\/v2\/product\/2215","targetHints":{"allow":["GET"]}}],"collection":[{"href":"https:\/\/www.zmsh-semitech.com\/es\/wp-json\/wp\/v2\/product"}],"about":[{"href":"https:\/\/www.zmsh-semitech.com\/es\/wp-json\/wp\/v2\/types\/product"}],"replies":[{"embeddable":true,"href":"https:\/\/www.zmsh-semitech.com\/es\/wp-json\/wp\/v2\/comments?post=2215"}],"version-history":[{"count":3,"href":"https:\/\/www.zmsh-semitech.com\/es\/wp-json\/wp\/v2\/product\/2215\/revisions"}],"predecessor-version":[{"id":2219,"href":"https:\/\/www.zmsh-semitech.com\/es\/wp-json\/wp\/v2\/product\/2215\/revisions\/2219"}],"wp:featuredmedia":[{"embeddable":true,"href":"https:\/\/www.zmsh-semitech.com\/es\/wp-json\/wp\/v2\/media\/2217"}],"wp:attachment":[{"href":"https:\/\/www.zmsh-semitech.com\/es\/wp-json\/wp\/v2\/media?parent=2215"}],"wp:term":[{"taxonomy":"product_brand","embeddable":true,"href":"https:\/\/www.zmsh-semitech.com\/es\/wp-json\/wp\/v2\/product_brand?post=2215"},{"taxonomy":"product_cat","embeddable":true,"href":"https:\/\/www.zmsh-semitech.com\/es\/wp-json\/wp\/v2\/product_cat?post=2215"},{"taxonomy":"product_tag","embeddable":true,"href":"https:\/\/www.zmsh-semitech.com\/es\/wp-json\/wp\/v2\/product_tag?post=2215"}],"curies":[{"name":"wp","href":"https:\/\/api.w.org\/{rel}","templated":true}]}}