{"id":2203,"date":"2026-04-15T01:57:37","date_gmt":"2026-04-15T01:57:37","guid":{"rendered":"https:\/\/www.zmsh-semitech.com\/?post_type=product&#038;p=2203"},"modified":"2026-04-15T01:57:39","modified_gmt":"2026-04-15T01:57:39","slug":"cnc-robot-polishing-machine-for-large-optical-surfaces","status":"publish","type":"product","link":"https:\/\/www.zmsh-semitech.com\/es\/product\/cnc-robot-polishing-machine-for-large-optical-surfaces\/","title":{"rendered":"M\u00e1quina pulidora robotizada CNC para grandes superficies \u00f3pticas"},"content":{"rendered":"<p data-start=\"593\" data-end=\"978\"><img decoding=\"async\" class=\"alignright wp-image-2207\" src=\"https:\/\/www.zmsh-semitech.com\/wp-content\/uploads\/2026\/04\/robot_polishing_machine_for_large_and_complex_optical_surfaces-150x150.webp\" alt=\"\" width=\"179\" height=\"179\" srcset=\"https:\/\/www.zmsh-semitech.com\/wp-content\/uploads\/2026\/04\/robot_polishing_machine_for_large_and_complex_optical_surfaces-150x150.webp 150w, https:\/\/www.zmsh-semitech.com\/wp-content\/uploads\/2026\/04\/robot_polishing_machine_for_large_and_complex_optical_surfaces-300x300.webp 300w, https:\/\/www.zmsh-semitech.com\/wp-content\/uploads\/2026\/04\/robot_polishing_machine_for_large_and_complex_optical_surfaces-768x768.webp 768w, https:\/\/www.zmsh-semitech.com\/wp-content\/uploads\/2026\/04\/robot_polishing_machine_for_large_and_complex_optical_surfaces-12x12.webp 12w, https:\/\/www.zmsh-semitech.com\/wp-content\/uploads\/2026\/04\/robot_polishing_machine_for_large_and_complex_optical_surfaces-600x600.webp 600w, https:\/\/www.zmsh-semitech.com\/wp-content\/uploads\/2026\/04\/robot_polishing_machine_for_large_and_complex_optical_surfaces-100x100.webp 100w, https:\/\/www.zmsh-semitech.com\/wp-content\/uploads\/2026\/04\/robot_polishing_machine_for_large_and_complex_optical_surfaces.webp 800w\" sizes=\"(max-width: 179px) 100vw, 179px\" \/>La pulidora robotizada es un sistema automatizado de alta precisi\u00f3n dise\u00f1ado para pulir superficies \u00f3pticas complejas y de gran tama\u00f1o. Integra una plataforma rob\u00f3tica industrial de 6 ejes (como <span class=\"hover:entity-accent entity-underline inline cursor-pointer align-baseline\"><span class=\"whitespace-normal\">KUKA<\/span><\/span>, <span class=\"hover:entity-accent entity-underline inline cursor-pointer align-baseline\"><span class=\"whitespace-normal\">ABB<\/span><\/span>, o <span class=\"hover:entity-accent entity-underline inline cursor-pointer align-baseline\"><span class=\"whitespace-normal\">St\u00e4ubli<\/span><\/span>) con m\u00f3dulos de pulido avanzados y software de control inteligente.<\/p>\n<p data-start=\"980\" data-end=\"1301\">Este sistema permite la fabricaci\u00f3n \u00f3ptica totalmente digital, abarcando todo el flujo de trabajo, desde el modelado de superficies y la generaci\u00f3n de trayectorias de herramientas hasta el control de fuerzas en tiempo real y la supervisi\u00f3n del proceso. En comparaci\u00f3n con el pulido manual tradicional, ofrece una mayor consistencia, eficiencia y precisi\u00f3n superficial.<\/p>\n<h2 data-section-id=\"1rr2lw1\" data-start=\"1308\" data-end=\"1338\">Principales par\u00e1metros t\u00e9cnicos<\/h2>\n<div class=\"TyagGW_tableContainer\">\n<div class=\"group TyagGW_tableWrapper flex flex-col-reverse w-fit\" tabindex=\"-1\">\n<table class=\"w-fit min-w-(--thread-content-width)\" data-start=\"1340\" data-end=\"1713\">\n<thead data-start=\"1340\" data-end=\"1369\">\n<tr data-start=\"1340\" data-end=\"1369\">\n<th class=\"\" data-start=\"1340\" data-end=\"1352\" data-col-size=\"sm\">Par\u00e1metro<\/th>\n<th class=\"\" data-start=\"1352\" data-end=\"1369\" data-col-size=\"md\">Especificaci\u00f3n<\/th>\n<\/tr>\n<\/thead>\n<tbody data-start=\"1397\" data-end=\"1713\">\n<tr data-start=\"1397\" data-end=\"1461\">\n<td data-start=\"1397\" data-end=\"1427\" data-col-size=\"sm\">Precisi\u00f3n de posicionamiento de repetici\u00f3n<\/td>\n<td data-col-size=\"md\" data-start=\"1427\" data-end=\"1461\">\u00b10,04 mm \/ \u00b10,05 mm \/ \u00b10,10 mm<\/td>\n<\/tr>\n<tr data-start=\"1462\" data-end=\"1502\">\n<td data-start=\"1462\" data-end=\"1484\" data-col-size=\"sm\">Di\u00e1metro de procesamiento<\/td>\n<td data-col-size=\"md\" data-start=\"1484\" data-end=\"1502\">\u03a650 - \u03a62000 mm<\/td>\n<\/tr>\n<tr data-start=\"1503\" data-end=\"1563\">\n<td data-start=\"1503\" data-end=\"1526\" data-col-size=\"sm\">Tipos de cabezales de pulido<\/td>\n<td data-col-size=\"md\" data-start=\"1526\" data-end=\"1563\">Airbag \/ R\u00edgido \/ Rueda \/ Combinado<\/td>\n<\/tr>\n<tr data-start=\"1564\" data-end=\"1598\">\n<td data-start=\"1564\" data-end=\"1580\" data-col-size=\"sm\">Velocidad del cabezal<\/td>\n<td data-col-size=\"md\" data-start=\"1580\" data-end=\"1598\">Hasta 1500 rpm<\/td>\n<\/tr>\n<tr data-start=\"1599\" data-end=\"1636\">\n<td data-start=\"1599\" data-end=\"1622\" data-col-size=\"sm\">Funcionamiento continuo<\/td>\n<td data-col-size=\"md\" data-start=\"1622\" data-end=\"1636\">\u2265300 horas<\/td>\n<\/tr>\n<tr data-start=\"1637\" data-end=\"1713\">\n<td data-start=\"1637\" data-end=\"1657\" data-col-size=\"sm\">Caracter\u00edsticas opcionales<\/td>\n<td data-col-size=\"md\" data-start=\"1657\" data-end=\"1713\">Autocalibrado, supervisi\u00f3n en l\u00ednea, mesa giratoria NC<\/td>\n<\/tr>\n<\/tbody>\n<\/table>\n<\/div>\n<\/div>\n<h2 data-section-id=\"13yq5fc\" data-start=\"1720\" data-end=\"1743\">Principio de funcionamiento<\/h2>\n<p><img fetchpriority=\"high\" decoding=\"async\" class=\"alignleft wp-image-2206\" src=\"https:\/\/www.zmsh-semitech.com\/wp-content\/uploads\/2026\/04\/robot_polishing_machine_for_large_and_complex_optical_surfaces2-300x300.webp\" alt=\"\" width=\"350\" height=\"350\" srcset=\"https:\/\/www.zmsh-semitech.com\/wp-content\/uploads\/2026\/04\/robot_polishing_machine_for_large_and_complex_optical_surfaces2-300x300.webp 300w, https:\/\/www.zmsh-semitech.com\/wp-content\/uploads\/2026\/04\/robot_polishing_machine_for_large_and_complex_optical_surfaces2-150x150.webp 150w, https:\/\/www.zmsh-semitech.com\/wp-content\/uploads\/2026\/04\/robot_polishing_machine_for_large_and_complex_optical_surfaces2-768x768.webp 768w, https:\/\/www.zmsh-semitech.com\/wp-content\/uploads\/2026\/04\/robot_polishing_machine_for_large_and_complex_optical_surfaces2-12x12.webp 12w, https:\/\/www.zmsh-semitech.com\/wp-content\/uploads\/2026\/04\/robot_polishing_machine_for_large_and_complex_optical_surfaces2-600x600.webp 600w, https:\/\/www.zmsh-semitech.com\/wp-content\/uploads\/2026\/04\/robot_polishing_machine_for_large_and_complex_optical_surfaces2-100x100.webp 100w, https:\/\/www.zmsh-semitech.com\/wp-content\/uploads\/2026\/04\/robot_polishing_machine_for_large_and_complex_optical_surfaces2.webp 800w\" sizes=\"(max-width: 350px) 100vw, 350px\" \/><img decoding=\"async\" class=\"alignnone wp-image-2205\" src=\"https:\/\/www.zmsh-semitech.com\/wp-content\/uploads\/2026\/04\/robot_polishing_machine_for_large_and_complex_optical_surfaces3-300x300.webp\" alt=\"\" width=\"350\" height=\"350\" srcset=\"https:\/\/www.zmsh-semitech.com\/wp-content\/uploads\/2026\/04\/robot_polishing_machine_for_large_and_complex_optical_surfaces3-300x300.webp 300w, https:\/\/www.zmsh-semitech.com\/wp-content\/uploads\/2026\/04\/robot_polishing_machine_for_large_and_complex_optical_surfaces3-150x150.webp 150w, https:\/\/www.zmsh-semitech.com\/wp-content\/uploads\/2026\/04\/robot_polishing_machine_for_large_and_complex_optical_surfaces3-768x768.webp 768w, https:\/\/www.zmsh-semitech.com\/wp-content\/uploads\/2026\/04\/robot_polishing_machine_for_large_and_complex_optical_surfaces3-12x12.webp 12w, https:\/\/www.zmsh-semitech.com\/wp-content\/uploads\/2026\/04\/robot_polishing_machine_for_large_and_complex_optical_surfaces3-600x600.webp 600w, https:\/\/www.zmsh-semitech.com\/wp-content\/uploads\/2026\/04\/robot_polishing_machine_for_large_and_complex_optical_surfaces3-100x100.webp 100w, https:\/\/www.zmsh-semitech.com\/wp-content\/uploads\/2026\/04\/robot_polishing_machine_for_large_and_complex_optical_surfaces3.webp 800w\" sizes=\"(max-width: 350px) 100vw, 350px\" \/>\u00a0 \u00a0\u00a0 <img loading=\"lazy\" decoding=\"async\" class=\"alignnone wp-image-2204\" src=\"https:\/\/www.zmsh-semitech.com\/wp-content\/uploads\/2026\/04\/robot_polishing_machine_for_large_and_complex_optical_surfaces4-300x300.webp\" alt=\"\" width=\"350\" height=\"350\" srcset=\"https:\/\/www.zmsh-semitech.com\/wp-content\/uploads\/2026\/04\/robot_polishing_machine_for_large_and_complex_optical_surfaces4-300x300.webp 300w, https:\/\/www.zmsh-semitech.com\/wp-content\/uploads\/2026\/04\/robot_polishing_machine_for_large_and_complex_optical_surfaces4-150x150.webp 150w, https:\/\/www.zmsh-semitech.com\/wp-content\/uploads\/2026\/04\/robot_polishing_machine_for_large_and_complex_optical_surfaces4-768x768.webp 768w, https:\/\/www.zmsh-semitech.com\/wp-content\/uploads\/2026\/04\/robot_polishing_machine_for_large_and_complex_optical_surfaces4-12x12.webp 12w, https:\/\/www.zmsh-semitech.com\/wp-content\/uploads\/2026\/04\/robot_polishing_machine_for_large_and_complex_optical_surfaces4-600x600.webp 600w, https:\/\/www.zmsh-semitech.com\/wp-content\/uploads\/2026\/04\/robot_polishing_machine_for_large_and_complex_optical_surfaces4-100x100.webp 100w, https:\/\/www.zmsh-semitech.com\/wp-content\/uploads\/2026\/04\/robot_polishing_machine_for_large_and_complex_optical_surfaces4.webp 800w\" sizes=\"(max-width: 350px) 100vw, 350px\" \/><\/p>\n<h3 data-section-id=\"g5bn65\" data-start=\"1787\" data-end=\"1823\">1. Movimiento coordinado de seis ejes<\/h3>\n<p data-start=\"1824\" data-end=\"1968\">La m\u00e1quina utiliza un movimiento rob\u00f3tico completo de 6 ejes para lograr una cobertura uniforme de geometr\u00edas complejas, incluidas superficies de forma libre y fuera del eje.<\/p>\n<h3 data-section-id=\"p0vb8b\" data-start=\"1970\" data-end=\"2008\">2. Sistema de control de fuerza constante<\/h3>\n<p data-start=\"2009\" data-end=\"2145\">Un cilindro de presi\u00f3n electr\u00f3nico integrado garantiza una fuerza de pulido estable y adaptable, evitando el pulido excesivo o el deterioro de la superficie.<\/p>\n<h3 data-section-id=\"1jvzz5\" data-start=\"2147\" data-end=\"2176\">3. Eje rotatorio adaptable<\/h3>\n<p data-start=\"2177\" data-end=\"2321\">El husillo ajustable se alinea autom\u00e1ticamente con la curvatura de la superficie, lo que permite procesar con precisi\u00f3n esferas, asferas y \u00f3pticas de forma libre.<\/p>\n<h3 data-section-id=\"16qvuf4\" data-start=\"2323\" data-end=\"2359\">4. Retroalimentaci\u00f3n del sensor de bucle cerrado<\/h3>\n<p data-start=\"2360\" data-end=\"2464\">La supervisi\u00f3n en tiempo real mediante sensores de fuerza y posici\u00f3n garantiza la estabilidad y repetibilidad del proceso.<\/p>\n<h3 data-section-id=\"wz5e0w\" data-start=\"2466\" data-end=\"2503\">5. Integraci\u00f3n de software \u00f3ptico<\/h3>\n<p data-start=\"2504\" data-end=\"2648\">El software avanzado admite el modelado 3D, la simulaci\u00f3n, la optimizaci\u00f3n de trayectorias y el an\u00e1lisis de datos, formando una completa soluci\u00f3n de pulido inteligente.<\/p>\n<h2 data-section-id=\"y88pv7\" data-start=\"2655\" data-end=\"2674\">\u00a0Caracter\u00edsticas principales<\/h2>\n<ul data-start=\"2676\" data-end=\"3144\">\n<li data-section-id=\"1tubb3r\" data-start=\"2676\" data-end=\"2769\"><strong data-start=\"2678\" data-end=\"2704\">Control de alta precisi\u00f3n<\/strong><br data-start=\"2704\" data-end=\"2707\" \/>Consigue una precisi\u00f3n de superficie de grado \u00f3ptico con <strong data-start=\"2754\" data-end=\"2769\">RMS &lt; 10 nm<\/strong><\/li>\n<li data-section-id=\"1xnkmo0\" data-start=\"2771\" data-end=\"2867\"><strong data-start=\"2773\" data-end=\"2800\">Sistema de utillaje flexible<\/strong><br data-start=\"2800\" data-end=\"2803\" \/>Admite varios cabezales de pulido con capacidad de cambio r\u00e1pido<\/li>\n<li data-section-id=\"oi7kbz\" data-start=\"2869\" data-end=\"2971\"><strong data-start=\"2871\" data-end=\"2899\">Flujo de trabajo totalmente automatizado<\/strong><br data-start=\"2899\" data-end=\"2902\" \/>Desde el modelado hasta la inspecci\u00f3n, todos los procesos se integran digitalmente<\/li>\n<li data-section-id=\"1ioky9v\" data-start=\"2973\" data-end=\"3044\"><strong data-start=\"2975\" data-end=\"2998\">Estabilidad a largo plazo<\/strong><br data-start=\"2998\" data-end=\"3001\" \/>Funcionamiento continuo hasta <strong data-start=\"3030\" data-end=\"3044\">M\u00e1s de 300 horas<\/strong><\/li>\n<li data-section-id=\"fq6r64\" data-start=\"3046\" data-end=\"3144\"><strong data-start=\"3048\" data-end=\"3075\">Sistema de vigilancia inteligente<\/strong><br data-start=\"3075\" data-end=\"3078\" \/>El diagn\u00f3stico en tiempo real y el control adaptativo garantizan un funcionamiento seguro<\/li>\n<\/ul>\n<h2 data-section-id=\"a2tw4p\" data-start=\"3151\" data-end=\"3179\">Industrias de aplicaci\u00f3n<\/h2>\n<h3 data-section-id=\"wndtbo\" data-start=\"3223\" data-end=\"3235\">\u00d3ptica<\/h3>\n<ul data-start=\"3236\" data-end=\"3318\">\n<li data-section-id=\"nna2i8\" data-start=\"3236\" data-end=\"3257\">Espejos de telescopio<\/li>\n<li data-section-id=\"1wcjpov\" data-start=\"3258\" data-end=\"3285\">\u00d3ptica l\u00e1ser de alta potencia<\/li>\n<li data-section-id=\"1twd372\" data-start=\"3286\" data-end=\"3318\">Componentes \u00f3pticos de precisi\u00f3n<\/li>\n<\/ul>\n<h3 data-section-id=\"87pyt7\" data-start=\"3320\" data-end=\"3335\">Aeroespacial<\/h3>\n<ul data-start=\"3336\" data-end=\"3391\">\n<li data-section-id=\"qb512f\" data-start=\"3336\" data-end=\"3365\">Sistemas de im\u00e1genes por sat\u00e9lite<\/li>\n<li data-section-id=\"nec7at\" data-start=\"3366\" data-end=\"3391\">\u00d3ptica de teledetecci\u00f3n<\/li>\n<\/ul>\n<h3 data-section-id=\"1lwhl68\" data-start=\"3393\" data-end=\"3422\">Fabricaci\u00f3n de precisi\u00f3n<\/h3>\n<ul data-start=\"3423\" data-end=\"3485\">\n<li data-section-id=\"1765ksz\" data-start=\"3423\" data-end=\"3459\">Componentes \u00f3pticos semiconductores<\/li>\n<li data-section-id=\"1mkkqxg\" data-start=\"3460\" data-end=\"3485\">Moldes de ultraprecisi\u00f3n<\/li>\n<\/ul>\n<h3 data-section-id=\"103x7s5\" data-start=\"3487\" data-end=\"3503\">Automoci\u00f3n<\/h3>\n<ul data-start=\"3504\" data-end=\"3559\">\n<li data-section-id=\"15v6wa1\" data-start=\"3504\" data-end=\"3522\">Moldes de faros<\/li>\n<li data-section-id=\"rx4pur\" data-start=\"3523\" data-end=\"3559\">Componentes decorativos de alto brillo<\/li>\n<\/ul>\n<h2 data-section-id=\"24joy1\" data-start=\"3566\" data-end=\"3586\">Modelos t\u00edpicos<\/h2>\n<div class=\"TyagGW_tableContainer\">\n<div class=\"group TyagGW_tableWrapper flex flex-col-reverse w-fit\" tabindex=\"-1\">\n<table class=\"w-fit min-w-(--thread-content-width)\" data-start=\"3588\" data-end=\"3851\">\n<thead data-start=\"3588\" data-end=\"3638\">\n<tr data-start=\"3588\" data-end=\"3638\">\n<th class=\"\" data-start=\"3588\" data-end=\"3596\" data-col-size=\"sm\">Modelo<\/th>\n<th class=\"\" data-start=\"3596\" data-end=\"3609\" data-col-size=\"sm\">Base rob\u00f3tica<\/th>\n<th class=\"\" data-start=\"3609\" data-end=\"3620\" data-col-size=\"sm\">Precisi\u00f3n<\/th>\n<th class=\"\" data-start=\"3620\" data-end=\"3638\" data-col-size=\"sm\">Di\u00e1metro<\/th>\n<\/tr>\n<\/thead>\n<tbody data-start=\"3686\" data-end=\"3851\">\n<tr data-start=\"3686\" data-end=\"3740\">\n<td data-start=\"3686\" data-end=\"3696\" data-col-size=\"sm\">IRP500S<\/td>\n<td data-col-size=\"sm\" data-start=\"3696\" data-end=\"3714\">St\u00e4ubli TX2-90L<\/td>\n<td data-col-size=\"sm\" data-start=\"3714\" data-end=\"3725\">\u00b10,04 mm<\/td>\n<td data-col-size=\"sm\" data-start=\"3725\" data-end=\"3740\">\u03a650-\u03a6500 mm<\/td>\n<\/tr>\n<tr data-start=\"3741\" data-end=\"3797\">\n<td data-start=\"3741\" data-end=\"3752\" data-col-size=\"sm\">IRP1000S<\/td>\n<td data-col-size=\"sm\" data-start=\"3752\" data-end=\"3770\">St\u00e4ubli TX200\/L<\/td>\n<td data-col-size=\"sm\" data-start=\"3770\" data-end=\"3781\">\u00b10,05 mm<\/td>\n<td data-col-size=\"sm\" data-start=\"3781\" data-end=\"3797\">\u03a680-\u03a61000 mm<\/td>\n<\/tr>\n<tr data-start=\"3798\" data-end=\"3851\">\n<td data-start=\"3798\" data-end=\"3809\" data-col-size=\"sm\">IRP2000A<\/td>\n<td data-col-size=\"sm\" data-start=\"3809\" data-end=\"3823\">ABB IRB6700<\/td>\n<td data-col-size=\"sm\" data-start=\"3823\" data-end=\"3834\">\u00b10,10 mm<\/td>\n<td data-col-size=\"sm\" data-start=\"3834\" data-end=\"3851\">\u03a6200-\u03a62000 mm<\/td>\n<\/tr>\n<\/tbody>\n<\/table>\n<\/div>\n<\/div>\n<h2 data-section-id=\"5604o0\" data-start=\"3858\" data-end=\"3878\">Principales ventajas<\/h2>\n<ul data-start=\"3880\" data-end=\"4311\">\n<li data-section-id=\"jhcmsn\" data-start=\"3880\" data-end=\"3966\"><strong data-start=\"3882\" data-end=\"3912\">Calidad de superficie ultra alta<\/strong><br data-start=\"3912\" data-end=\"3915\" \/>Superficies \u00f3pticas con precisi\u00f3n nanom\u00e9trica<\/li>\n<li data-section-id=\"r1lpdh\" data-start=\"3968\" data-end=\"4066\"><strong data-start=\"3970\" data-end=\"4000\">Producci\u00f3n de alta eficacia<\/strong><br data-start=\"4000\" data-end=\"4003\" \/>La automatizaci\u00f3n multieje reduce significativamente el tiempo de procesamiento<\/li>\n<li data-section-id=\"1ljbgqb\" data-start=\"4068\" data-end=\"4152\"><strong data-start=\"4070\" data-end=\"4092\">Amplia compatibilidad<\/strong><br data-start=\"4092\" data-end=\"4095\" \/>Adecuado para diversos materiales y geometr\u00edas complejas<\/li>\n<li data-section-id=\"cwm8hl\" data-start=\"4154\" data-end=\"4233\"><strong data-start=\"4156\" data-end=\"4178\">Reducci\u00f3n de los costes laborales<\/strong><br data-start=\"4178\" data-end=\"4181\" \/>Sustituye el pulido manual por sistemas automatizados<\/li>\n<li data-section-id=\"1k2po7u\" data-start=\"4235\" data-end=\"4311\"><strong data-start=\"4237\" data-end=\"4263\">Fabricaci\u00f3n escalable<\/strong><br data-start=\"4263\" data-end=\"4266\" \/>Adecuado tanto para I+D como para producci\u00f3n en serie<\/li>\n<\/ul>\n<h2 data-section-id=\"w1cnyx\" data-start=\"4318\" data-end=\"4327\">PREGUNTAS FRECUENTES<\/h2>\n<p data-start=\"4329\" data-end=\"4455\"><strong data-start=\"4329\" data-end=\"4377\">P1: \u00bfQu\u00e9 tipos de superficies se pueden procesar?<\/strong><br data-start=\"4377\" data-end=\"4380\" \/>A: Superficies planas, esf\u00e9ricas, asf\u00e9ricas, asf\u00e9ricas fuera de eje y de forma libre.<\/p>\n<p data-start=\"4457\" data-end=\"4557\"><strong data-start=\"4457\" data-end=\"4503\">P2: \u00bfQu\u00e9 precisi\u00f3n de superficie puede alcanzarse?<\/strong><br data-start=\"4503\" data-end=\"4506\" \/>A: RMS &lt; 10 nm, cumple las normas \u00f3pticas de gama alta.<\/p>\n<p data-start=\"4559\" data-end=\"4658\"><strong data-start=\"4559\" data-end=\"4607\">P3: \u00bfEs adecuado el sistema para \u00f3pticas grandes?<\/strong><br data-start=\"4607\" data-end=\"4610\" \/>R: S\u00ed, admite di\u00e1metros de hasta <strong data-start=\"4646\" data-end=\"4657\">2000 mm<\/strong>.<\/p>\n<p data-start=\"4660\" data-end=\"4777\"><strong data-start=\"4660\" data-end=\"4710\">P4: \u00bfEs compatible con diferentes herramientas de pulido?<\/strong><br data-start=\"4710\" data-end=\"4713\" \/>R: S\u00ed, incluidos los cabezales de pulido con bolsa de aire, r\u00edgidos y de rueda.<\/p>\n<p data-start=\"4779\" data-end=\"4886\"><strong data-start=\"4779\" data-end=\"4817\">P5: \u00bfQu\u00e9 industrias se benefician m\u00e1s?<\/strong><br data-start=\"4817\" data-end=\"4820\" \/>R: \u00d3ptica, aeroespacial, fabricaci\u00f3n de semiconductores y automoci\u00f3n.<\/p>","protected":false},"excerpt":{"rendered":"<p>La pulidora robotizada es un sistema automatizado de alta precisi\u00f3n dise\u00f1ado para pulir superficies \u00f3pticas complejas y de gran tama\u00f1o. Integra una plataforma rob\u00f3tica industrial de 6 ejes (como <span class=\"hover:entity-accent entity-underline inline cursor-pointer align-baseline\"><span class=\"whitespace-normal\">KUKA<\/span><\/span>, <span class=\"hover:entity-accent entity-underline inline cursor-pointer align-baseline\"><span class=\"whitespace-normal\">ABB<\/span><\/span>, o <span class=\"hover:entity-accent entity-underline inline cursor-pointer align-baseline\"><span class=\"whitespace-normal\">St\u00e4ubli<\/span><\/span>) con m\u00f3dulos de pulido avanzados y software de control inteligente.<\/p>","protected":false},"featured_media":2207,"comment_status":"open","ping_status":"closed","template":"","meta":{"site-sidebar-layout":"default","site-content-layout":"","ast-site-content-layout":"default","site-content-style":"default","site-sidebar-style":"default","ast-global-header-display":"","ast-banner-title-visibility":"","ast-main-header-display":"","ast-hfb-above-header-display":"","ast-hfb-below-header-display":"","ast-hfb-mobile-header-display":"","site-post-title":"","ast-breadcrumbs-content":"","ast-featured-img":"","footer-sml-layout":"","ast-disable-related-posts":"","theme-transparent-header-meta":"default","adv-header-id-meta":"","stick-header-meta":"default","header-above-stick-meta":"","header-main-stick-meta":"","header-below-stick-meta":"","astra-migrate-meta-layouts":"set","ast-page-background-enabled":"default","ast-page-background-meta":{"desktop":{"background-color":"var(--ast-global-color-4)","background-image":"","background-repeat":"repeat","background-position":"center center","background-size":"auto","background-attachment":"scroll","background-type":"","background-media":"","overlay-type":"","overlay-color":"","overlay-opacity":"","overlay-gradient":""},"tablet":{"background-color":"","background-image":"","background-repeat":"repeat","background-position":"center center","background-size":"auto","background-attachment":"scroll","background-type":"","background-media":"","overlay-type":"","overlay-color":"","overlay-opacity":"","overlay-gradient":""},"mobile":{"background-color":"","background-image":"","background-repeat":"repeat","background-position":"center center","background-size":"auto","background-attachment":"scroll","background-type":"","background-media":"","overlay-type":"","overlay-color":"","overlay-opacity":"","overlay-gradient":""}},"ast-content-background-meta":{"desktop":{"background-color":"var(--ast-global-color-5)","background-image":"","background-repeat":"repeat","background-position":"center center","background-size":"auto","background-attachment":"scroll","background-type":"","background-media":"","overlay-type":"","overlay-color":"","overlay-opacity":"","overlay-gradient":""},"tablet":{"background-color":"var(--ast-global-color-5)","background-image":"","background-repeat":"repeat","background-position":"center center","background-size":"auto","background-attachment":"scroll","background-type":"","background-media":"","overlay-type":"","overlay-color":"","overlay-opacity":"","overlay-gradient":""},"mobile":{"background-color":"var(--ast-global-color-5)","background-image":"","background-repeat":"repeat","background-position":"center center","background-size":"auto","background-attachment":"scroll","background-type":"","background-media":"","overlay-type":"","overlay-color":"","overlay-opacity":"","overlay-gradient":""}}},"product_brand":[],"product_cat":[725],"product_tag":[977,979,983,976,980,981,975,978,982,974],"class_list":{"0":"post-2203","1":"product","2":"type-product","3":"status-publish","4":"has-post-thumbnail","6":"product_cat-polishing-machine","7":"product_tag-6-axis-robot-polishing","8":"product_tag-aspheric-polishing-machine","9":"product_tag-automated-polishing-machine","10":"product_tag-cnc-polishing-machine","11":"product_tag-freeform-optics-polishing","12":"product_tag-mirror-polishing-equipment","13":"product_tag-optical-polishing-system","14":"product_tag-optical-surface-finishing","15":"product_tag-precision-polishing-system","16":"product_tag-robot-polishing-machine","17":"desktop-align-left","18":"tablet-align-left","19":"mobile-align-left","20":"ast-product-gallery-layout-horizontal-slider","21":"ast-product-tabs-layout-horizontal","23":"first","24":"instock","25":"shipping-taxable","26":"product-type-simple"},"_links":{"self":[{"href":"https:\/\/www.zmsh-semitech.com\/es\/wp-json\/wp\/v2\/product\/2203","targetHints":{"allow":["GET"]}}],"collection":[{"href":"https:\/\/www.zmsh-semitech.com\/es\/wp-json\/wp\/v2\/product"}],"about":[{"href":"https:\/\/www.zmsh-semitech.com\/es\/wp-json\/wp\/v2\/types\/product"}],"replies":[{"embeddable":true,"href":"https:\/\/www.zmsh-semitech.com\/es\/wp-json\/wp\/v2\/comments?post=2203"}],"version-history":[{"count":2,"href":"https:\/\/www.zmsh-semitech.com\/es\/wp-json\/wp\/v2\/product\/2203\/revisions"}],"predecessor-version":[{"id":2210,"href":"https:\/\/www.zmsh-semitech.com\/es\/wp-json\/wp\/v2\/product\/2203\/revisions\/2210"}],"wp:featuredmedia":[{"embeddable":true,"href":"https:\/\/www.zmsh-semitech.com\/es\/wp-json\/wp\/v2\/media\/2207"}],"wp:attachment":[{"href":"https:\/\/www.zmsh-semitech.com\/es\/wp-json\/wp\/v2\/media?parent=2203"}],"wp:term":[{"taxonomy":"product_brand","embeddable":true,"href":"https:\/\/www.zmsh-semitech.com\/es\/wp-json\/wp\/v2\/product_brand?post=2203"},{"taxonomy":"product_cat","embeddable":true,"href":"https:\/\/www.zmsh-semitech.com\/es\/wp-json\/wp\/v2\/product_cat?post=2203"},{"taxonomy":"product_tag","embeddable":true,"href":"https:\/\/www.zmsh-semitech.com\/es\/wp-json\/wp\/v2\/product_tag?post=2203"}],"curies":[{"name":"wp","href":"https:\/\/api.w.org\/{rel}","templated":true}]}}