{"id":2196,"date":"2026-04-14T06:34:45","date_gmt":"2026-04-14T06:34:45","guid":{"rendered":"https:\/\/www.zmsh-semitech.com\/?post_type=product&#038;p=2196"},"modified":"2026-04-14T06:34:48","modified_gmt":"2026-04-14T06:34:48","slug":"2-inch-6h-n-silicon-carbide-wafer","status":"publish","type":"product","link":"https:\/\/www.zmsh-semitech.com\/es\/product\/2-inch-6h-n-silicon-carbide-wafer\/","title":{"rendered":"Oblea de carburo de silicio 6H-N de 2 pulgadas"},"content":{"rendered":"<p data-start=\"963\" data-end=\"1235\"><img fetchpriority=\"high\" decoding=\"async\" class=\"alignright wp-image-2200 size-medium\" src=\"https:\/\/www.zmsh-semitech.com\/wp-content\/uploads\/2026\/04\/2-Inch-6H-N-Silicon-Carbide-Wafer-4-300x300.jpg\" alt=\"Oblea de carburo de silicio 6H-N de 2 pulgadas\" width=\"300\" height=\"300\" srcset=\"https:\/\/www.zmsh-semitech.com\/wp-content\/uploads\/2026\/04\/2-Inch-6H-N-Silicon-Carbide-Wafer-4-300x300.jpg 300w, https:\/\/www.zmsh-semitech.com\/wp-content\/uploads\/2026\/04\/2-Inch-6H-N-Silicon-Carbide-Wafer-4-150x150.jpg 150w, https:\/\/www.zmsh-semitech.com\/wp-content\/uploads\/2026\/04\/2-Inch-6H-N-Silicon-Carbide-Wafer-4-12x12.jpg 12w, https:\/\/www.zmsh-semitech.com\/wp-content\/uploads\/2026\/04\/2-Inch-6H-N-Silicon-Carbide-Wafer-4-600x600.jpg 600w, https:\/\/www.zmsh-semitech.com\/wp-content\/uploads\/2026\/04\/2-Inch-6H-N-Silicon-Carbide-Wafer-4-100x100.jpg 100w, https:\/\/www.zmsh-semitech.com\/wp-content\/uploads\/2026\/04\/2-Inch-6H-N-Silicon-Carbide-Wafer-4.jpg 768w\" sizes=\"(max-width: 300px) 100vw, 300px\" \/>La oblea de carburo de silicio 6H-N de 2 pulgadas es un sustrato monocristalino dise\u00f1ado tanto para aplicaciones de investigaci\u00f3n como de dispositivos. El politipo 6H presenta una estructura cristalina hexagonal que proporciona una conductividad el\u00e9ctrica estable y un buen rendimiento t\u00e9rmico en condiciones exigentes.<\/p>\n<p data-start=\"1237\" data-end=\"1566\">Con un bandgap de aproximadamente 3,02 eV, el 6H-SiC permite el funcionamiento en entornos en los que los materiales de silicio tradicionales fallan, especialmente en condiciones de alta tensi\u00f3n, alta temperatura y alta frecuencia. Esto lo hace id\u00f3neo para la creaci\u00f3n de prototipos de dispositivos en fase inicial, el ensayo de materiales y la fabricaci\u00f3n de componentes electr\u00f3nicos especializados.<\/p>\n<p data-start=\"1568\" data-end=\"1831\">Las obleas de SiC ZMSH se fabrican utilizando t\u00e9cnicas de crecimiento controlado de cristales para garantizar una resistividad constante, una baja densidad de defectos y una alta calidad superficial. Estos par\u00e1metros son fundamentales para garantizar resultados experimentales reproducibles y un rendimiento estable de los dispositivos.<\/p>\n<h2 data-section-id=\"1ma7m6t\" data-start=\"1838\" data-end=\"1853\">Caracter\u00edsticas principales<\/h2>\n<h3 data-section-id=\"vnr6ly\" data-start=\"1855\" data-end=\"1886\">Estructura conductora de tipo N<\/h3>\n<p data-start=\"1887\" data-end=\"2053\">La oblea est\u00e1 dopada como tipo N, lo que proporciona v\u00edas estables de conducci\u00f3n de electrones adecuadas para la fabricaci\u00f3n de dispositivos semiconductores y experimentos de caracterizaci\u00f3n el\u00e9ctrica.<\/p>\n<h3 data-section-id=\"11p7cxy\" data-start=\"2055\" data-end=\"2094\">Material semiconductor de banda prohibida ancha<\/h3>\n<p data-start=\"2095\" data-end=\"2265\">Con un bandgap de ~3,02 eV, el SiC soporta una intensidad de campo el\u00e9ctrico significativamente mayor que el silicio, lo que permite un funcionamiento a alto voltaje y una mayor eficiencia del dispositivo.<\/p>\n<h3 data-section-id=\"e3yx30\" data-start=\"2267\" data-end=\"2296\">Alta conductividad t\u00e9rmica<\/h3>\n<p data-start=\"2297\" data-end=\"2499\">El SiC presenta una excelente conductividad t\u00e9rmica, lo que permite una disipaci\u00f3n eficaz del calor de las regiones activas del dispositivo. Esto mejora la fiabilidad del dispositivo y prolonga su vida \u00fatil en aplicaciones de alta potencia.<\/p>\n<h3 data-section-id=\"1wy3za\" data-start=\"2501\" data-end=\"2529\">Alta resistencia mec\u00e1nica<\/h3>\n<p data-start=\"2530\" data-end=\"2685\">Con una dureza Mohs de aproximadamente 9,2, las obleas de SiC ofrecen una gran resistencia a los da\u00f1os mec\u00e1nicos, al desgaste superficial y a las tensiones de procesamiento durante la fabricaci\u00f3n.<\/p>\n<h3 data-section-id=\"1q1cz8k\" data-start=\"2687\" data-end=\"2720\">Alto campo el\u00e9ctrico de ruptura<\/h3>\n<p data-start=\"2721\" data-end=\"2879\">La alta intensidad del campo de ruptura permite estructuras de dispositivos compactas manteniendo una alta tolerancia a la tensi\u00f3n, lo que hace que el SiC sea ideal para la electr\u00f3nica de potencia avanzada.<\/p>\n<h2 data-section-id=\"1cgu054\" data-start=\"2886\" data-end=\"2913\">Especificaciones t\u00e9cnicas<\/h2>\n<div class=\"TyagGW_tableContainer\">\n<div class=\"group TyagGW_tableWrapper flex flex-col-reverse w-fit\" tabindex=\"-1\">\n<table class=\"w-fit min-w-(--thread-content-width)\" data-start=\"2915\" data-end=\"3396\">\n<thead data-start=\"2915\" data-end=\"2944\">\n<tr data-start=\"2915\" data-end=\"2944\">\n<th class=\"\" data-start=\"2915\" data-end=\"2927\" data-col-size=\"sm\">Par\u00e1metro<\/th>\n<th class=\"\" data-start=\"2927\" data-end=\"2944\" data-col-size=\"sm\">Especificaci\u00f3n<\/th>\n<\/tr>\n<\/thead>\n<tbody data-start=\"2974\" data-end=\"3396\">\n<tr data-start=\"2974\" data-end=\"3019\">\n<td data-start=\"2974\" data-end=\"2985\" data-col-size=\"sm\">Material<\/td>\n<td data-start=\"2985\" data-end=\"3019\" data-col-size=\"sm\">Carburo de silicio monocristalino<\/td>\n<\/tr>\n<tr data-start=\"3020\" data-end=\"3036\">\n<td data-start=\"3020\" data-end=\"3028\" data-col-size=\"sm\">Marca<\/td>\n<td data-col-size=\"sm\" data-start=\"3028\" data-end=\"3036\">ZMSH<\/td>\n<\/tr>\n<tr data-start=\"3037\" data-end=\"3056\">\n<td data-start=\"3037\" data-end=\"3048\" data-col-size=\"sm\">Polytype<\/td>\n<td data-start=\"3048\" data-end=\"3056\" data-col-size=\"sm\">6H-N<\/td>\n<\/tr>\n<tr data-start=\"3057\" data-end=\"3088\">\n<td data-start=\"3057\" data-end=\"3068\" data-col-size=\"sm\">Di\u00e1metro<\/td>\n<td data-start=\"3068\" data-end=\"3088\" data-col-size=\"sm\">2 pulgadas (50,8 mm)<\/td>\n<\/tr>\n<tr data-start=\"3089\" data-end=\"3120\">\n<td data-start=\"3089\" data-end=\"3101\" data-col-size=\"sm\">Espesor<\/td>\n<td data-col-size=\"sm\" data-start=\"3101\" data-end=\"3120\">350 \u03bcm \/ 650 \u03bcm<\/td>\n<\/tr>\n<tr data-start=\"3121\" data-end=\"3151\">\n<td data-start=\"3121\" data-end=\"3141\" data-col-size=\"sm\">Tipo de conductividad<\/td>\n<td data-start=\"3141\" data-end=\"3151\" data-col-size=\"sm\">Tipo N<\/td>\n<\/tr>\n<tr data-start=\"3152\" data-end=\"3193\">\n<td data-start=\"3152\" data-end=\"3169\" data-col-size=\"sm\">Acabado superficial<\/td>\n<td data-start=\"3169\" data-end=\"3193\" data-col-size=\"sm\">CMP Cara Si pulida<\/td>\n<\/tr>\n<tr data-start=\"3194\" data-end=\"3236\">\n<td data-start=\"3194\" data-end=\"3213\" data-col-size=\"sm\">Tratamiento de la cara C<\/td>\n<td data-col-size=\"sm\" data-start=\"3213\" data-end=\"3236\">Pulido mec\u00e1nico<\/td>\n<\/tr>\n<tr data-start=\"3237\" data-end=\"3282\">\n<td data-start=\"3237\" data-end=\"3257\" data-col-size=\"sm\">Rugosidad superficial<\/td>\n<td data-start=\"3257\" data-end=\"3282\" data-col-size=\"sm\">Ra &lt; 0,2 nm (cara Si)<\/td>\n<\/tr>\n<tr data-start=\"3283\" data-end=\"3319\">\n<td data-start=\"3283\" data-end=\"3297\" data-col-size=\"sm\">Resistividad<\/td>\n<td data-start=\"3297\" data-end=\"3319\" data-col-size=\"sm\">0,015 - 0,028 \u03a9-cm<\/td>\n<\/tr>\n<tr data-start=\"3320\" data-end=\"3357\">\n<td data-start=\"3320\" data-end=\"3328\" data-col-size=\"sm\">Color<\/td>\n<td data-start=\"3328\" data-end=\"3357\" data-col-size=\"sm\">Transparente \/ Verde claro<\/td>\n<\/tr>\n<tr data-start=\"3358\" data-end=\"3396\">\n<td data-start=\"3358\" data-end=\"3370\" data-col-size=\"sm\">Embalaje<\/td>\n<td data-col-size=\"sm\" data-start=\"3370\" data-end=\"3396\">Contenedor de oblea individual<\/td>\n<\/tr>\n<\/tbody>\n<\/table>\n<\/div>\n<\/div>\n<h2 data-section-id=\"1n7fwp8\" data-start=\"3403\" data-end=\"3435\">Propiedades del material 6H-SiC<\/h2>\n<div class=\"TyagGW_tableContainer\">\n<div class=\"group TyagGW_tableWrapper flex flex-col-reverse w-fit\" tabindex=\"-1\">\n<table class=\"w-fit min-w-(--thread-content-width)\" data-start=\"3437\" data-end=\"3869\">\n<thead data-start=\"3437\" data-end=\"3457\">\n<tr data-start=\"3437\" data-end=\"3457\">\n<th class=\"\" data-start=\"3437\" data-end=\"3448\" data-col-size=\"sm\">Propiedad<\/th>\n<th class=\"\" data-start=\"3448\" data-end=\"3457\" data-col-size=\"sm\">Valor<\/th>\n<\/tr>\n<\/thead>\n<tbody data-start=\"3478\" data-end=\"3869\">\n<tr data-start=\"3478\" data-end=\"3528\">\n<td data-start=\"3478\" data-end=\"3499\" data-col-size=\"sm\">Par\u00e1metros de red<\/td>\n<td data-col-size=\"sm\" data-start=\"3499\" data-end=\"3528\">a = 3,073 \u00c5, c = 15,117 \u00c5<\/td>\n<\/tr>\n<tr data-start=\"3529\" data-end=\"3554\">\n<td data-start=\"3529\" data-end=\"3545\" data-col-size=\"sm\">Dureza Mohs<\/td>\n<td data-start=\"3545\" data-end=\"3554\" data-col-size=\"sm\">\u2248 9.2<\/td>\n<\/tr>\n<tr data-start=\"3555\" data-end=\"3579\">\n<td data-start=\"3555\" data-end=\"3565\" data-col-size=\"sm\">Densidad<\/td>\n<td data-start=\"3565\" data-end=\"3579\" data-col-size=\"sm\">3,21 g\/cm\u00b3<\/td>\n<\/tr>\n<tr data-start=\"3580\" data-end=\"3628\">\n<td data-start=\"3580\" data-end=\"3612\" data-col-size=\"sm\">Coeficiente de dilataci\u00f3n t\u00e9rmica<\/td>\n<td data-col-size=\"sm\" data-start=\"3612\" data-end=\"3628\">4-5 \u00d710-\u2076 \/K<\/td>\n<\/tr>\n<tr data-start=\"3629\" data-end=\"3681\">\n<td data-start=\"3629\" data-end=\"3657\" data-col-size=\"sm\">\u00cdndice de refracci\u00f3n (750 nm)<\/td>\n<td data-col-size=\"sm\" data-start=\"3657\" data-end=\"3681\">n\u2080 = 2,60, n\u2091 = 2,65<\/td>\n<\/tr>\n<tr data-start=\"3682\" data-end=\"3714\">\n<td data-start=\"3682\" data-end=\"3704\" data-col-size=\"sm\">Constante diel\u00e9ctrica<\/td>\n<td data-col-size=\"sm\" data-start=\"3704\" data-end=\"3714\">\u2248 9.66<\/td>\n<\/tr>\n<tr data-start=\"3715\" data-end=\"3757\">\n<td data-start=\"3715\" data-end=\"3738\" data-col-size=\"sm\">Conductividad t\u00e9rmica<\/td>\n<td data-col-size=\"sm\" data-start=\"3738\" data-end=\"3757\">~3,7-3,9 W\/cm-K<\/td>\n<\/tr>\n<tr data-start=\"3758\" data-end=\"3779\">\n<td data-start=\"3758\" data-end=\"3768\" data-col-size=\"sm\">Bandgap<\/td>\n<td data-col-size=\"sm\" data-start=\"3768\" data-end=\"3779\">3,02 eV<\/td>\n<\/tr>\n<tr data-start=\"3780\" data-end=\"3824\">\n<td data-start=\"3780\" data-end=\"3807\" data-col-size=\"sm\">Campo el\u00e9ctrico de ruptura<\/td>\n<td data-start=\"3807\" data-end=\"3824\" data-col-size=\"sm\">3-5 \u00d710\u2076 V\/cm<\/td>\n<\/tr>\n<tr data-start=\"3825\" data-end=\"3869\">\n<td data-start=\"3825\" data-end=\"3853\" data-col-size=\"sm\">Velocidad de deriva de saturaci\u00f3n<\/td>\n<td data-start=\"3853\" data-end=\"3869\" data-col-size=\"sm\">2,0 \u00d710\u2075 m\/s<\/td>\n<\/tr>\n<\/tbody>\n<\/table>\n<\/div>\n<\/div>\n<p data-start=\"3871\" data-end=\"4019\">Estas propiedades f\u00edsicas intr\u00ednsecas hacen que el 6H-SiC sea adecuado para aplicaciones que requieren un rendimiento estable en condiciones el\u00e9ctricas y t\u00e9rmicas extremas.<\/p>\n<h2 data-section-id=\"2gad1q\" data-start=\"4026\" data-end=\"4050\"><img decoding=\"async\" class=\"alignright wp-image-2199 size-medium\" src=\"https:\/\/www.zmsh-semitech.com\/wp-content\/uploads\/2026\/04\/2-Inch-6H-N-Silicon-Carbide-Wafer-3-300x300.jpg\" alt=\"Oblea de carburo de silicio 6H-N de 2 pulgadas\" width=\"300\" height=\"300\" srcset=\"https:\/\/www.zmsh-semitech.com\/wp-content\/uploads\/2026\/04\/2-Inch-6H-N-Silicon-Carbide-Wafer-3-300x300.jpg 300w, https:\/\/www.zmsh-semitech.com\/wp-content\/uploads\/2026\/04\/2-Inch-6H-N-Silicon-Carbide-Wafer-3-150x150.jpg 150w, https:\/\/www.zmsh-semitech.com\/wp-content\/uploads\/2026\/04\/2-Inch-6H-N-Silicon-Carbide-Wafer-3-12x12.jpg 12w, https:\/\/www.zmsh-semitech.com\/wp-content\/uploads\/2026\/04\/2-Inch-6H-N-Silicon-Carbide-Wafer-3-600x600.jpg 600w, https:\/\/www.zmsh-semitech.com\/wp-content\/uploads\/2026\/04\/2-Inch-6H-N-Silicon-Carbide-Wafer-3-100x100.jpg 100w, https:\/\/www.zmsh-semitech.com\/wp-content\/uploads\/2026\/04\/2-Inch-6H-N-Silicon-Carbide-Wafer-3.jpg 768w\" sizes=\"(max-width: 300px) 100vw, 300px\" \/>Proceso de fabricaci\u00f3n<\/h2>\n<p data-start=\"4052\" data-end=\"4228\">Las obleas monocristalinas de SiC se fabrican normalmente mediante el procedimiento <strong data-start=\"4111\" data-end=\"4152\">M\u00e9todo de transporte f\u00edsico de vapor (PVT)<\/strong>, un proceso industrial maduro para el crecimiento de cristales semiconductores de banda ancha.<\/p>\n<p data-start=\"4230\" data-end=\"4588\">En este proceso, el material fuente de SiC de gran pureza se sublima a temperaturas superiores a 2000\u00b0C. Las especies de vapor se transportan a trav\u00e9s de un gradiente t\u00e9rmico cuidadosamente controlado y se recristalizan en un cristal semilla, formando un lingote monocristalino (boule). Tras el crecimiento, el lingote se transforma en obleas mediante los pasos de corte, lapeado, pulido y limpieza.<\/p>\n<p data-start=\"4590\" data-end=\"4829\">Para aplicaciones de dispositivos, las obleas pueden someterse a <strong data-start=\"4645\" data-end=\"4697\">Crecimiento epitaxial por deposici\u00f3n qu\u00edmica en fase vapor (CVD)<\/strong>, que permite un control preciso de la concentraci\u00f3n de dopaje y del grosor de la capa. Este paso es esencial para la fabricaci\u00f3n de MOSFET y diodos.<\/p>\n<h2 data-section-id=\"mu966k\" data-start=\"4836\" data-end=\"4851\">Aplicaciones<\/h2>\n<h3 data-section-id=\"179s0bs\" data-start=\"4853\" data-end=\"4874\">Electr\u00f3nica de potencia<\/h3>\n<p data-start=\"4875\" data-end=\"5118\">Las obleas de SiC 6H-N de 2 pulgadas se utilizan en el desarrollo y la creaci\u00f3n de prototipos de dispositivos semiconductores de potencia, como diodos, estructuras MOSFET y m\u00f3dulos de potencia. Estos dispositivos son esenciales para los sistemas de conversi\u00f3n de energ\u00eda y los circuitos de gesti\u00f3n de potencia.<\/p>\n<h3 data-section-id=\"1nehkbc\" data-start=\"5120\" data-end=\"5152\">Electr\u00f3nica de alta temperatura<\/h3>\n<p data-start=\"5153\" data-end=\"5350\">Los materiales de SiC mantienen un rendimiento el\u00e9ctrico estable a temperaturas elevadas, lo que los hace adecuados para la electr\u00f3nica aeroespacial, los sistemas de control industrial y las aplicaciones de infraestructuras energ\u00e9ticas.<\/p>\n<h3 data-section-id=\"1a4n6oc\" data-start=\"5352\" data-end=\"5394\">Investigaci\u00f3n y desarrollo de semiconductores<\/h3>\n<p data-start=\"5395\" data-end=\"5606\">Debido a su disponibilidad y rentabilidad, las obleas de 2 pulgadas se utilizan ampliamente en laboratorios universitarios, institutos de investigaci\u00f3n y entornos de producci\u00f3n piloto para estudios de materiales y experimentaci\u00f3n de dispositivos.<\/p>\n<h3 data-section-id=\"ll3d0j\" data-start=\"5608\" data-end=\"5651\">Optoelectr\u00f3nica y aplicaciones especiales<\/h3>\n<p data-start=\"5652\" data-end=\"5803\">El SiC tambi\u00e9n presenta transparencia \u00f3ptica en determinados rangos de longitud de onda, lo que permite su uso en aplicaciones especializadas de investigaci\u00f3n fot\u00f3nica y optoelectr\u00f3nica.<\/p>\n<h2 data-section-id=\"1344z7h\" data-start=\"5810\" data-end=\"5823\">Ventajas<img decoding=\"async\" class=\"alignright wp-image-2198 size-medium\" src=\"https:\/\/www.zmsh-semitech.com\/wp-content\/uploads\/2026\/04\/2-Inch-6H-N-Silicon-Carbide-Wafer-2-300x300.jpg\" alt=\"Oblea de carburo de silicio 6H-N de 2 pulgadas\" width=\"300\" height=\"300\" srcset=\"https:\/\/www.zmsh-semitech.com\/wp-content\/uploads\/2026\/04\/2-Inch-6H-N-Silicon-Carbide-Wafer-2-300x300.jpg 300w, https:\/\/www.zmsh-semitech.com\/wp-content\/uploads\/2026\/04\/2-Inch-6H-N-Silicon-Carbide-Wafer-2-150x150.jpg 150w, https:\/\/www.zmsh-semitech.com\/wp-content\/uploads\/2026\/04\/2-Inch-6H-N-Silicon-Carbide-Wafer-2-12x12.jpg 12w, https:\/\/www.zmsh-semitech.com\/wp-content\/uploads\/2026\/04\/2-Inch-6H-N-Silicon-Carbide-Wafer-2-600x600.jpg 600w, https:\/\/www.zmsh-semitech.com\/wp-content\/uploads\/2026\/04\/2-Inch-6H-N-Silicon-Carbide-Wafer-2-100x100.jpg 100w, https:\/\/www.zmsh-semitech.com\/wp-content\/uploads\/2026\/04\/2-Inch-6H-N-Silicon-Carbide-Wafer-2.jpg 680w\" sizes=\"(max-width: 300px) 100vw, 300px\" \/><\/h2>\n<p data-start=\"5825\" data-end=\"5912\">La plataforma de obleas de SiC de 2 pulgadas ofrece varias ventajas para la investigaci\u00f3n y el desarrollo:<\/p>\n<ul data-start=\"5914\" data-end=\"6173\">\n<li data-section-id=\"1yf7wqu\" data-start=\"5914\" data-end=\"5959\">Menor coste en comparaci\u00f3n con obleas de mayor tama\u00f1o<\/li>\n<li data-section-id=\"11d9i41\" data-start=\"5960\" data-end=\"6012\">Manejo m\u00e1s sencillo para experimentos a escala de laboratorio<\/li>\n<li data-section-id=\"14o6up\" data-start=\"6013\" data-end=\"6067\">Adecuado para la creaci\u00f3n r\u00e1pida de prototipos y el ensayo de procesos<\/li>\n<li data-section-id=\"hisoip\" data-start=\"6068\" data-end=\"6119\">Calidad de cristal estable para resultados reproducibles<\/li>\n<li data-section-id=\"15p5ai3\" data-start=\"6120\" data-end=\"6173\">Opciones de personalizaci\u00f3n flexibles para las necesidades de investigaci\u00f3n<\/li>\n<\/ul>\n<h2 data-section-id=\"1hryhf7\" data-start=\"6180\" data-end=\"6186\">PREGUNTAS FRECUENTES<\/h2>\n<h3 data-section-id=\"15ecyhq\" data-start=\"6188\" data-end=\"6245\">P1: \u00bfCu\u00e1l es la diferencia entre 6H-SiC y 4H-SiC?<\/h3>\n<p data-start=\"6246\" data-end=\"6513\">El 6H-SiC y el 4H-SiC son diferentes tipos de cristal. El 4H-SiC ofrece generalmente una mayor movilidad de electrones y se utiliza ampliamente en dispositivos comerciales de potencia, mientras que el 6H-SiC ofrece un comportamiento el\u00e9ctrico estable y se utiliza habitualmente en investigaci\u00f3n y aplicaciones electr\u00f3nicas espec\u00edficas.<\/p>\n<h3 data-section-id=\"12y4qe9\" data-start=\"6515\" data-end=\"6570\">P2: \u00bfQu\u00e9 tratamiento superficial se aplica a la oblea?<\/h3>\n<p data-start=\"6571\" data-end=\"6773\">La cara de Si se pule mediante pulido mec\u00e1nico qu\u00edmico (CMP) para conseguir una calidad de superficie ultrasuave (Ra &lt; 0,2 nm). La cara C se pule mec\u00e1nicamente para satisfacer diferentes requisitos de procesamiento.<\/p>\n<h3 data-section-id=\"kxekf6\" data-start=\"6775\" data-end=\"6822\">P3: \u00bfSe pueden personalizar las especificaciones de las obleas?<\/h3>\n<p data-start=\"6823\" data-end=\"6985\">S\u00ed. ZMSH ofrece opciones de personalizaci\u00f3n que incluyen el grosor, la concentraci\u00f3n de dopaje, el rango de resistividad y la preparaci\u00f3n de la superficie seg\u00fan los requisitos del cliente.<\/p>","protected":false},"excerpt":{"rendered":"<p>ZMSH suministra obleas de carburo de silicio (SiC) 6H-N de 2 pulgadas de alta calidad dise\u00f1adas para la investigaci\u00f3n de semiconductores, el desarrollo de electr\u00f3nica de potencia y la fabricaci\u00f3n de dispositivos electr\u00f3nicos de alto rendimiento. El carburo de silicio es un material semiconductor de banda prohibida ancha que ofrece propiedades el\u00e9ctricas, t\u00e9rmicas y mec\u00e1nicas superiores a las de los sustratos de silicio (Si) convencionales.<\/p>","protected":false},"featured_media":2197,"comment_status":"open","ping_status":"closed","template":"","meta":{"site-sidebar-layout":"default","site-content-layout":"","ast-site-content-layout":"default","site-content-style":"default","site-sidebar-style":"default","ast-global-header-display":"","ast-banner-title-visibility":"","ast-main-header-display":"","ast-hfb-above-header-display":"","ast-hfb-below-header-display":"","ast-hfb-mobile-header-display":"","site-post-title":"","ast-breadcrumbs-content":"","ast-featured-img":"","footer-sml-layout":"","ast-disable-related-posts":"","theme-transparent-header-meta":"default","adv-header-id-meta":"","stick-header-meta":"default","header-above-stick-meta":"","header-main-stick-meta":"","header-below-stick-meta":"","astra-migrate-meta-layouts":"set","ast-page-background-enabled":"default","ast-page-background-meta":{"desktop":{"background-color":"var(--ast-global-color-4)","background-image":"","background-repeat":"repeat","background-position":"center center","background-size":"auto","background-attachment":"scroll","background-type":"","background-media":"","overlay-type":"","overlay-color":"","overlay-opacity":"","overlay-gradient":""},"tablet":{"background-color":"","background-image":"","background-repeat":"repeat","background-position":"center center","background-size":"auto","background-attachment":"scroll","background-type":"","background-media":"","overlay-type":"","overlay-color":"","overlay-opacity":"","overlay-gradient":""},"mobile":{"background-color":"","background-image":"","background-repeat":"repeat","background-position":"center center","background-size":"auto","background-attachment":"scroll","background-type":"","background-media":"","overlay-type":"","overlay-color":"","overlay-opacity":"","overlay-gradient":""}},"ast-content-background-meta":{"desktop":{"background-color":"var(--ast-global-color-5)","background-image":"","background-repeat":"repeat","background-position":"center center","background-size":"auto","background-attachment":"scroll","background-type":"","background-media":"","overlay-type":"","overlay-color":"","overlay-opacity":"","overlay-gradient":""},"tablet":{"background-color":"var(--ast-global-color-5)","background-image":"","background-repeat":"repeat","background-position":"center center","background-size":"auto","background-attachment":"scroll","background-type":"","background-media":"","overlay-type":"","overlay-color":"","overlay-opacity":"","overlay-gradient":""},"mobile":{"background-color":"var(--ast-global-color-5)","background-image":"","background-repeat":"repeat","background-position":"center center","background-size":"auto","background-attachment":"scroll","background-type":"","background-media":"","overlay-type":"","overlay-color":"","overlay-opacity":"","overlay-gradient":""}}},"product_brand":[],"product_cat":[729],"product_tag":[966,970,971,967,969,931,972,968,951,950,927,692,973],"class_list":{"0":"post-2196","1":"product","2":"type-product","3":"status-publish","4":"has-post-thumbnail","6":"product_cat-wafer","7":"product_tag-2-inch-sic-wafer","8":"product_tag-350m-sic-wafer","9":"product_tag-650m-sic-wafer","10":"product_tag-6h-n-sic-substrate","11":"product_tag-cmp-polished-sic-wafer","12":"product_tag-n-type-sic-wafer","13":"product_tag-power-electronics-substrate","14":"product_tag-sic-single-crystal-wafer","15":"product_tag-sic-wafer-manufacturer","16":"product_tag-sic-wafer-supplier","17":"product_tag-silicon-carbide-wafer","18":"product_tag-wide-bandgap-semiconductor","19":"product_tag-zmsh-sic-wafer","20":"desktop-align-left","21":"tablet-align-left","22":"mobile-align-left","23":"ast-product-gallery-layout-horizontal-slider","24":"ast-product-tabs-layout-horizontal","26":"first","27":"instock","28":"shipping-taxable","29":"product-type-simple"},"_links":{"self":[{"href":"https:\/\/www.zmsh-semitech.com\/es\/wp-json\/wp\/v2\/product\/2196","targetHints":{"allow":["GET"]}}],"collection":[{"href":"https:\/\/www.zmsh-semitech.com\/es\/wp-json\/wp\/v2\/product"}],"about":[{"href":"https:\/\/www.zmsh-semitech.com\/es\/wp-json\/wp\/v2\/types\/product"}],"replies":[{"embeddable":true,"href":"https:\/\/www.zmsh-semitech.com\/es\/wp-json\/wp\/v2\/comments?post=2196"}],"version-history":[{"count":2,"href":"https:\/\/www.zmsh-semitech.com\/es\/wp-json\/wp\/v2\/product\/2196\/revisions"}],"predecessor-version":[{"id":2202,"href":"https:\/\/www.zmsh-semitech.com\/es\/wp-json\/wp\/v2\/product\/2196\/revisions\/2202"}],"wp:featuredmedia":[{"embeddable":true,"href":"https:\/\/www.zmsh-semitech.com\/es\/wp-json\/wp\/v2\/media\/2197"}],"wp:attachment":[{"href":"https:\/\/www.zmsh-semitech.com\/es\/wp-json\/wp\/v2\/media?parent=2196"}],"wp:term":[{"taxonomy":"product_brand","embeddable":true,"href":"https:\/\/www.zmsh-semitech.com\/es\/wp-json\/wp\/v2\/product_brand?post=2196"},{"taxonomy":"product_cat","embeddable":true,"href":"https:\/\/www.zmsh-semitech.com\/es\/wp-json\/wp\/v2\/product_cat?post=2196"},{"taxonomy":"product_tag","embeddable":true,"href":"https:\/\/www.zmsh-semitech.com\/es\/wp-json\/wp\/v2\/product_tag?post=2196"}],"curies":[{"name":"wp","href":"https:\/\/api.w.org\/{rel}","templated":true}]}}