{"id":2183,"date":"2026-04-14T05:20:25","date_gmt":"2026-04-14T05:20:25","guid":{"rendered":"https:\/\/www.zmsh-semitech.com\/?post_type=product&#038;p=2183"},"modified":"2026-04-14T05:20:28","modified_gmt":"2026-04-14T05:20:28","slug":"8-inch-sic-epitaxial-wafer","status":"publish","type":"product","link":"https:\/\/www.zmsh-semitech.com\/es\/product\/8-inch-sic-epitaxial-wafer\/","title":{"rendered":"Oblea epitaxial de SiC de 8 pulgadas y 200 mm"},"content":{"rendered":"<p data-start=\"199\" data-end=\"476\"><img fetchpriority=\"high\" decoding=\"async\" class=\"alignright wp-image-2187 size-medium\" src=\"https:\/\/www.zmsh-semitech.com\/wp-content\/uploads\/2026\/04\/8_inch_sic_epitaxial_wafers_yield_and_efficiency_scalable_power_electronics-1-300x300.webp\" alt=\"Oblea epitaxial de SiC de 8 pulgadas y 200 mm\" width=\"300\" height=\"300\" srcset=\"https:\/\/www.zmsh-semitech.com\/wp-content\/uploads\/2026\/04\/8_inch_sic_epitaxial_wafers_yield_and_efficiency_scalable_power_electronics-1-300x300.webp 300w, https:\/\/www.zmsh-semitech.com\/wp-content\/uploads\/2026\/04\/8_inch_sic_epitaxial_wafers_yield_and_efficiency_scalable_power_electronics-1-150x150.webp 150w, https:\/\/www.zmsh-semitech.com\/wp-content\/uploads\/2026\/04\/8_inch_sic_epitaxial_wafers_yield_and_efficiency_scalable_power_electronics-1-12x12.webp 12w, https:\/\/www.zmsh-semitech.com\/wp-content\/uploads\/2026\/04\/8_inch_sic_epitaxial_wafers_yield_and_efficiency_scalable_power_electronics-1-100x100.webp 100w, https:\/\/www.zmsh-semitech.com\/wp-content\/uploads\/2026\/04\/8_inch_sic_epitaxial_wafers_yield_and_efficiency_scalable_power_electronics-1.webp 593w\" sizes=\"(max-width: 300px) 100vw, 300px\" \/>La oblea epitaxial de SiC de 8 pulgadas representa el \u00faltimo avance en tecnolog\u00eda de semiconductores de banda prohibida ancha. Construido sobre un sustrato de SiC de 200 mm con una capa epitaxial de alta calidad, este producto est\u00e1 dise\u00f1ado para soportar la fabricaci\u00f3n de dispositivos de potencia escalables y de alta eficiencia.<\/p>\n<p data-start=\"478\" data-end=\"759\">En comparaci\u00f3n con los tama\u00f1os de oblea m\u00e1s peque\u00f1os, las obleas de SiC de 8 pulgadas aumentan significativamente la superficie \u00fatil, lo que permite una mayor producci\u00f3n de dispositivos por oblea y reduce el coste por chip. Esto las convierte en una soluci\u00f3n fundamental para las industrias que est\u00e1n en transici\u00f3n hacia la producci\u00f3n a gran escala de dispositivos de potencia de carburo de silicio.<\/p>\n<p data-start=\"761\" data-end=\"1105\">Las obleas epitaxiales de SiC combinan las ventajas intr\u00ednsecas del carburo de silicio, como la amplia banda prohibida, el elevado campo el\u00e9ctrico de ruptura y la excelente conductividad t\u00e9rmica, con capas epitaxiales controladas con precisi\u00f3n y adaptadas a la fabricaci\u00f3n de dispositivos. Estas obleas se utilizan ampliamente en MOSFET de nueva generaci\u00f3n, diodos Schottky y m\u00f3dulos de potencia integrados.<\/p>\n<p data-start=\"761\" data-end=\"1105\">\n<h2 data-section-id=\"rkota4\" data-start=\"1112\" data-end=\"1133\">Especificaciones<\/h2>\n<div class=\"TyagGW_tableContainer\">\n<div class=\"group TyagGW_tableWrapper flex flex-col-reverse w-fit\" tabindex=\"-1\">\n<table class=\"w-fit min-w-(--thread-content-width)\" data-start=\"1135\" data-end=\"1545\">\n<thead data-start=\"1135\" data-end=\"1156\">\n<tr data-start=\"1135\" data-end=\"1156\">\n<th class=\"\" data-start=\"1135\" data-end=\"1147\" data-col-size=\"sm\">Par\u00e1metro<\/th>\n<th class=\"\" data-start=\"1147\" data-end=\"1156\" data-col-size=\"sm\">Valor<\/th>\n<\/tr>\n<\/thead>\n<tbody data-start=\"1177\" data-end=\"1545\">\n<tr data-start=\"1177\" data-end=\"1204\">\n<td data-start=\"1177\" data-end=\"1188\" data-col-size=\"sm\">Di\u00e1metro<\/td>\n<td data-col-size=\"sm\" data-start=\"1188\" data-end=\"1204\">200 \u00b1 0,5 mm<\/td>\n<\/tr>\n<tr data-start=\"1205\" data-end=\"1226\">\n<td data-start=\"1205\" data-end=\"1216\" data-col-size=\"sm\">Polytype<\/td>\n<td data-col-size=\"sm\" data-start=\"1216\" data-end=\"1226\">4H-SiC<\/td>\n<\/tr>\n<tr data-start=\"1227\" data-end=\"1257\">\n<td data-start=\"1227\" data-end=\"1247\" data-col-size=\"sm\">Tipo de conductividad<\/td>\n<td data-col-size=\"sm\" data-start=\"1247\" data-end=\"1257\">Tipo N<\/td>\n<\/tr>\n<tr data-start=\"1258\" data-end=\"1285\">\n<td data-start=\"1258\" data-end=\"1270\" data-col-size=\"sm\">Espesor<\/td>\n<td data-col-size=\"sm\" data-start=\"1270\" data-end=\"1285\">700 \u00b1 50 \u03bcm<\/td>\n<\/tr>\n<tr data-start=\"1286\" data-end=\"1331\">\n<td data-start=\"1286\" data-end=\"1303\" data-col-size=\"sm\">Acabado superficial<\/td>\n<td data-col-size=\"sm\" data-start=\"1303\" data-end=\"1331\">Doble cara CMP pulida<\/td>\n<\/tr>\n<tr data-start=\"1332\" data-end=\"1369\">\n<td data-start=\"1332\" data-end=\"1346\" data-col-size=\"sm\">Orientaci\u00f3n<\/td>\n<td data-col-size=\"sm\" data-start=\"1346\" data-end=\"1369\">4,0\u00b0 fuera del eje \u00b10,5<\/td>\n<\/tr>\n<tr data-start=\"1370\" data-end=\"1408\">\n<td data-start=\"1370\" data-end=\"1378\" data-col-size=\"sm\">Muesca<\/td>\n<td data-col-size=\"sm\" data-start=\"1378\" data-end=\"1408\">Orientaci\u00f3n est\u00e1ndar de la muesca<\/td>\n<\/tr>\n<tr data-start=\"1409\" data-end=\"1450\">\n<td data-start=\"1409\" data-end=\"1424\" data-col-size=\"sm\">Perfil del borde<\/td>\n<td data-col-size=\"sm\" data-start=\"1424\" data-end=\"1450\">Chafl\u00e1n \/ Canto redondeado<\/td>\n<\/tr>\n<tr data-start=\"1451\" data-end=\"1494\">\n<td data-start=\"1451\" data-end=\"1471\" data-col-size=\"sm\">Rugosidad superficial<\/td>\n<td data-col-size=\"sm\" data-start=\"1471\" data-end=\"1494\">Nivel subnanom\u00e9trico<\/td>\n<\/tr>\n<tr data-start=\"1495\" data-end=\"1545\">\n<td data-start=\"1495\" data-end=\"1507\" data-col-size=\"sm\">Embalaje<\/td>\n<td data-col-size=\"sm\" data-start=\"1507\" data-end=\"1545\">Cassette o contenedor de oblea individual<\/td>\n<\/tr>\n<\/tbody>\n<\/table>\n<\/div>\n<\/div>\n<p data-start=\"1547\" data-end=\"1567\">Resistividad t\u00edpica:<\/p>\n<ul data-start=\"1568\" data-end=\"1627\">\n<li data-section-id=\"c0wp38\" data-start=\"1568\" data-end=\"1596\">Tipo N: 0,015-0,028 \u03a9-cm<\/li>\n<li data-section-id=\"1a616df\" data-start=\"1597\" data-end=\"1627\">Semiaislante: \u22651E7 \u03a9-cm<\/li>\n<\/ul>\n<p data-start=\"1629\" data-end=\"1646\">Grados disponibles:<\/p>\n<ul data-start=\"1647\" data-end=\"1721\">\n<li data-section-id=\"1kj0dd2\" data-start=\"1647\" data-end=\"1665\">Grado MPD cero<\/li>\n<li data-section-id=\"e77vy6\" data-start=\"1666\" data-end=\"1686\">Grado de producci\u00f3n<\/li>\n<li data-section-id=\"7brco4\" data-start=\"1687\" data-end=\"1705\">Grado de investigaci\u00f3n<\/li>\n<li data-section-id=\"1czp2d1\" data-start=\"1706\" data-end=\"1721\">Grado ficticio<\/li>\n<\/ul>\n<h2 data-section-id=\"1c4zomd\" data-start=\"1728\" data-end=\"1759\"><img decoding=\"async\" class=\"alignright wp-image-2186 size-medium\" src=\"https:\/\/www.zmsh-semitech.com\/wp-content\/uploads\/2026\/04\/8_inch_sic_epitaxial_wafers_yield_and_efficiency_scalable_power_electronics2-300x300.webp\" alt=\"Oblea epitaxial de SiC de 8 pulgadas y 200 mm\" width=\"300\" height=\"300\" srcset=\"https:\/\/www.zmsh-semitech.com\/wp-content\/uploads\/2026\/04\/8_inch_sic_epitaxial_wafers_yield_and_efficiency_scalable_power_electronics2-300x300.webp 300w, https:\/\/www.zmsh-semitech.com\/wp-content\/uploads\/2026\/04\/8_inch_sic_epitaxial_wafers_yield_and_efficiency_scalable_power_electronics2-150x150.webp 150w, https:\/\/www.zmsh-semitech.com\/wp-content\/uploads\/2026\/04\/8_inch_sic_epitaxial_wafers_yield_and_efficiency_scalable_power_electronics2-768x768.webp 768w, https:\/\/www.zmsh-semitech.com\/wp-content\/uploads\/2026\/04\/8_inch_sic_epitaxial_wafers_yield_and_efficiency_scalable_power_electronics2-12x12.webp 12w, https:\/\/www.zmsh-semitech.com\/wp-content\/uploads\/2026\/04\/8_inch_sic_epitaxial_wafers_yield_and_efficiency_scalable_power_electronics2-600x600.webp 600w, https:\/\/www.zmsh-semitech.com\/wp-content\/uploads\/2026\/04\/8_inch_sic_epitaxial_wafers_yield_and_efficiency_scalable_power_electronics2-100x100.webp 100w, https:\/\/www.zmsh-semitech.com\/wp-content\/uploads\/2026\/04\/8_inch_sic_epitaxial_wafers_yield_and_efficiency_scalable_power_electronics2.webp 800w\" sizes=\"(max-width: 300px) 100vw, 300px\" \/>Capacidades de la capa epitaxial<\/h2>\n<p data-start=\"1761\" data-end=\"1925\">La capa epitaxial se cultiva mediante una avanzada tecnolog\u00eda de deposici\u00f3n qu\u00edmica en fase vapor (CVD) que permite controlar con precisi\u00f3n el grosor, la concentraci\u00f3n de dopaje y la uniformidad.<\/p>\n<p data-start=\"1927\" data-end=\"1960\">La personalizaci\u00f3n disponible incluye:<\/p>\n<ul data-start=\"1961\" data-end=\"2154\">\n<li data-section-id=\"1czjqdq\" data-start=\"1961\" data-end=\"1998\">Capas epitaxiales de tipo N o de tipo P<\/li>\n<li data-section-id=\"m2ekyd\" data-start=\"1999\" data-end=\"2059\">Grosor de epi ajustable para diferentes estructuras de dispositivos<\/li>\n<li data-section-id=\"1n6931\" data-start=\"2060\" data-end=\"2109\">Perfiles de dopaje uniformes en toda la oblea<\/li>\n<li data-section-id=\"14l0kap\" data-start=\"2110\" data-end=\"2154\">Baja densidad de defectos para un alto rendimiento del dispositivo<\/li>\n<\/ul>\n<p data-start=\"2156\" data-end=\"2277\">La epitaxia de alta calidad es esencial para lograr un rendimiento el\u00e9ctrico estable y una fiabilidad a largo plazo en los dispositivos de potencia.<\/p>\n<h2 data-section-id=\"2gad1q\" data-start=\"2284\" data-end=\"2308\"><img decoding=\"async\" class=\"alignright wp-image-2185 size-medium\" src=\"https:\/\/www.zmsh-semitech.com\/wp-content\/uploads\/2026\/04\/8_inch_sic_epitaxial_wafers_yield_and_efficiency_scalable_power_electronics3-300x300.webp\" alt=\"Oblea epitaxial de SiC de 8 pulgadas y 200 mm\" width=\"300\" height=\"300\" srcset=\"https:\/\/www.zmsh-semitech.com\/wp-content\/uploads\/2026\/04\/8_inch_sic_epitaxial_wafers_yield_and_efficiency_scalable_power_electronics3-300x300.webp 300w, https:\/\/www.zmsh-semitech.com\/wp-content\/uploads\/2026\/04\/8_inch_sic_epitaxial_wafers_yield_and_efficiency_scalable_power_electronics3-150x150.webp 150w, https:\/\/www.zmsh-semitech.com\/wp-content\/uploads\/2026\/04\/8_inch_sic_epitaxial_wafers_yield_and_efficiency_scalable_power_electronics3-768x768.webp 768w, https:\/\/www.zmsh-semitech.com\/wp-content\/uploads\/2026\/04\/8_inch_sic_epitaxial_wafers_yield_and_efficiency_scalable_power_electronics3-12x12.webp 12w, https:\/\/www.zmsh-semitech.com\/wp-content\/uploads\/2026\/04\/8_inch_sic_epitaxial_wafers_yield_and_efficiency_scalable_power_electronics3-600x600.webp 600w, https:\/\/www.zmsh-semitech.com\/wp-content\/uploads\/2026\/04\/8_inch_sic_epitaxial_wafers_yield_and_efficiency_scalable_power_electronics3-100x100.webp 100w, https:\/\/www.zmsh-semitech.com\/wp-content\/uploads\/2026\/04\/8_inch_sic_epitaxial_wafers_yield_and_efficiency_scalable_power_electronics3.webp 800w\" sizes=\"(max-width: 300px) 100vw, 300px\" \/>Proceso de fabricaci\u00f3n<\/h2>\n<p data-start=\"2310\" data-end=\"2484\"><strong data-start=\"2310\" data-end=\"2335\">Preparaci\u00f3n del sustrato<\/strong><br data-start=\"2335\" data-end=\"2338\" \/>Los sustratos de SiC monocristalino de gran pureza se fabrican mediante m\u00e9todos de crecimiento a alta temperatura y se pulen para conseguir una rugosidad superficial ultrabaja.<\/p>\n<p data-start=\"2486\" data-end=\"2667\"><strong data-start=\"2486\" data-end=\"2506\">Crecimiento epitaxial<\/strong><br data-start=\"2506\" data-end=\"2509\" \/>La capa epitaxial se deposita a alta temperatura mediante sistemas CVD, lo que garantiza un grosor uniforme y unas propiedades del material homog\u00e9neas en toda la oblea de 200 mm.<\/p>\n<p data-start=\"2669\" data-end=\"2799\"><strong data-start=\"2669\" data-end=\"2687\">Control antidopaje<\/strong><br data-start=\"2687\" data-end=\"2690\" \/>Durante el crecimiento epitaxial se aplica un dopaje preciso para satisfacer los requisitos de diferentes arquitecturas de dispositivos.<\/p>\n<p data-start=\"2801\" data-end=\"2981\"><strong data-start=\"2801\" data-end=\"2829\">Metrolog\u00eda e inspecci\u00f3n<\/strong><br data-start=\"2829\" data-end=\"2832\" \/>Cada oblea se somete a pruebas exhaustivas, como an\u00e1lisis de superficie, mapeo de defectos y caracterizaci\u00f3n el\u00e9ctrica, para garantizar una calidad constante.<\/p>\n<h2 data-section-id=\"1344z7h\" data-start=\"2988\" data-end=\"3001\">Ventajas<\/h2>\n<p data-start=\"3003\" data-end=\"3162\"><strong data-start=\"3003\" data-end=\"3029\">Fabricaci\u00f3n escalable<\/strong><br data-start=\"3029\" data-end=\"3032\" \/>El tama\u00f1o de oblea de 8 pulgadas aumenta significativamente la producci\u00f3n de chips por oblea, mejorando la eficiencia de la producci\u00f3n y reduciendo el coste por dispositivo.<\/p>\n<p data-start=\"3164\" data-end=\"3306\"><strong data-start=\"3164\" data-end=\"3195\">Alto rendimiento<\/strong><br data-start=\"3195\" data-end=\"3198\" \/>Las propiedades del material SiC permiten reducir las p\u00e9rdidas de conmutaci\u00f3n, aumentar la densidad de potencia y mejorar la eficiencia energ\u00e9tica.<\/p>\n<p data-start=\"3308\" data-end=\"3456\"><strong data-start=\"3308\" data-end=\"3340\">Excelente gesti\u00f3n t\u00e9rmica<\/strong><br data-start=\"3340\" data-end=\"3343\" \/>Su elevada conductividad t\u00e9rmica favorece un funcionamiento estable en condiciones de alta potencia y reduce las necesidades de refrigeraci\u00f3n.<\/p>\n<p data-start=\"3458\" data-end=\"3581\"><strong data-start=\"3458\" data-end=\"3480\">Baja densidad de defectos<\/strong><br data-start=\"3480\" data-end=\"3483\" \/>Los avanzados procesos de crecimiento cristalino y epitaxial garantizan un alto rendimiento y unas prestaciones fiables de los dispositivos.<\/p>\n<p data-start=\"3583\" data-end=\"3737\"><strong data-start=\"3583\" data-end=\"3608\">Plataforma preparada para el futuro<\/strong><br data-start=\"3608\" data-end=\"3611\" \/>Las obleas de SiC de 8 pulgadas se ajustan a la tendencia de la industria de semiconductores hacia formatos de oblea m\u00e1s grandes y la producci\u00f3n en masa automatizada.<\/p>\n<p data-start=\"3583\" data-end=\"3737\"><img loading=\"lazy\" decoding=\"async\" class=\"wp-image-2178 size-large aligncenter\" src=\"https:\/\/www.zmsh-semitech.com\/wp-content\/uploads\/2026\/04\/applications-1-1024x683.png\" alt=\"\" width=\"1024\" height=\"683\" srcset=\"https:\/\/www.zmsh-semitech.com\/wp-content\/uploads\/2026\/04\/applications-1-1024x683.png 1024w, https:\/\/www.zmsh-semitech.com\/wp-content\/uploads\/2026\/04\/applications-1-300x200.png 300w, https:\/\/www.zmsh-semitech.com\/wp-content\/uploads\/2026\/04\/applications-1-768x512.png 768w, https:\/\/www.zmsh-semitech.com\/wp-content\/uploads\/2026\/04\/applications-1-18x12.png 18w, https:\/\/www.zmsh-semitech.com\/wp-content\/uploads\/2026\/04\/applications-1-600x400.png 600w, https:\/\/www.zmsh-semitech.com\/wp-content\/uploads\/2026\/04\/applications-1.png 1536w\" sizes=\"(max-width: 1024px) 100vw, 1024px\" \/><\/p>\n<h2 data-section-id=\"mu966k\" data-start=\"3744\" data-end=\"3759\">Aplicaciones<\/h2>\n<p data-start=\"3761\" data-end=\"3946\"><strong data-start=\"3761\" data-end=\"3782\">Veh\u00edculos el\u00e9ctricos<\/strong><br data-start=\"3782\" data-end=\"3785\" \/>Se utiliza en inversores de tracci\u00f3n, cargadores de a bordo y convertidores CC-CC. El mayor tama\u00f1o de las obleas permite la producci\u00f3n en masa de dispositivos de alimentaci\u00f3n de alta eficiencia para plataformas de veh\u00edculos el\u00e9ctricos.<\/p>\n<p data-start=\"3948\" data-end=\"4103\"><strong data-start=\"3948\" data-end=\"3976\">Sistemas de energ\u00eda renovable<\/strong><br data-start=\"3976\" data-end=\"3979\" \/>Se aplica en inversores solares y convertidores e\u00f3licos, donde la eficiencia y la fiabilidad son fundamentales para un funcionamiento a largo plazo.<\/p>\n<p data-start=\"4105\" data-end=\"4257\"><strong data-start=\"4105\" data-end=\"4137\">Electr\u00f3nica de potencia industrial<\/strong><br data-start=\"4137\" data-end=\"4140\" \/>Admite accionamientos de motores, sistemas de automatizaci\u00f3n y equipos de alta potencia que requieren una conversi\u00f3n de energ\u00eda estable y eficiente.<\/p>\n<p data-start=\"4259\" data-end=\"4390\"><strong data-start=\"4259\" data-end=\"4287\">5G e infraestructura de radiofrecuencia<\/strong><br data-start=\"4287\" data-end=\"4290\" \/>Permite componentes de RF de alta frecuencia y potencia utilizados en sistemas de comunicaci\u00f3n y estaciones base.<\/p>\n<p data-start=\"4392\" data-end=\"4499\"><strong data-start=\"4392\" data-end=\"4422\">Electr\u00f3nica de consumo<\/strong><br data-start=\"4422\" data-end=\"4425\" \/>Se utiliza en fuentes de alimentaci\u00f3n compactas de alta eficiencia y en sistemas de carga r\u00e1pida.<\/p>\n<h2 data-section-id=\"1hryhf7\" data-start=\"4506\" data-end=\"4512\">PREGUNTAS FRECUENTES<\/h2>\n<p data-start=\"4514\" data-end=\"4720\">P1: \u00bfCu\u00e1l es la principal ventaja de las obleas de SiC de 8 pulgadas?<br data-start=\"4565\" data-end=\"4568\" \/>El mayor tama\u00f1o de las obleas aumenta el n\u00famero de chips por oblea, lo que reduce significativamente el coste de fabricaci\u00f3n por dispositivo y mejora la eficiencia de la producci\u00f3n.<\/p>\n<p data-start=\"4722\" data-end=\"4909\">P2: \u00bfEst\u00e1 madura la tecnolog\u00eda SiC de 8 pulgadas?<br data-start=\"4757\" data-end=\"4760\" \/>En la actualidad est\u00e1 pasando de la producci\u00f3n piloto a la producci\u00f3n en serie en fase inicial, con una adopci\u00f3n cada vez mayor en la fabricaci\u00f3n de semiconductores avanzados.<\/p>\n<p data-start=\"4911\" data-end=\"5060\">P3: \u00bfSe pueden personalizar las capas epitaxiales?<br data-start=\"4949\" data-end=\"4952\" \/>S\u00ed, el tipo de dopaje, el grosor y las propiedades el\u00e9ctricas pueden adaptarse a los requisitos espec\u00edficos de cada dispositivo.<\/p>\n<p data-start=\"5062\" data-end=\"5238\">P4: \u00bfSon compatibles las l\u00edneas de producci\u00f3n existentes con las obleas de 8 pulgadas?<br data-start=\"5125\" data-end=\"5128\" \/>Es posible que sea necesario actualizar algunos equipos, pero muchas f\u00e1bricas modernas ya se est\u00e1n preparando para procesar SiC de 200 mm.<\/p>","protected":false},"excerpt":{"rendered":"<p>La oblea epitaxial de SiC de 8 pulgadas representa el \u00faltimo avance en tecnolog\u00eda de semiconductores de banda prohibida ancha. Construido sobre un sustrato de SiC de 200 mm con una capa epitaxial de alta calidad, este producto est\u00e1 dise\u00f1ado para soportar la fabricaci\u00f3n de dispositivos de potencia escalables y de alta eficiencia.<\/p>","protected":false},"featured_media":2184,"comment_status":"open","ping_status":"closed","template":"","meta":{"site-sidebar-layout":"default","site-content-layout":"","ast-site-content-layout":"default","site-content-style":"default","site-sidebar-style":"default","ast-global-header-display":"","ast-banner-title-visibility":"","ast-main-header-display":"","ast-hfb-above-header-display":"","ast-hfb-below-header-display":"","ast-hfb-mobile-header-display":"","site-post-title":"","ast-breadcrumbs-content":"","ast-featured-img":"","footer-sml-layout":"","ast-disable-related-posts":"","theme-transparent-header-meta":"default","adv-header-id-meta":"","stick-header-meta":"default","header-above-stick-meta":"","header-main-stick-meta":"","header-below-stick-meta":"","astra-migrate-meta-layouts":"set","ast-page-background-enabled":"default","ast-page-background-meta":{"desktop":{"background-color":"var(--ast-global-color-4)","background-image":"","background-repeat":"repeat","background-position":"center center","background-size":"auto","background-attachment":"scroll","background-type":"","background-media":"","overlay-type":"","overlay-color":"","overlay-opacity":"","overlay-gradient":""},"tablet":{"background-color":"","background-image":"","background-repeat":"repeat","background-position":"center center","background-size":"auto","background-attachment":"scroll","background-type":"","background-media":"","overlay-type":"","overlay-color":"","overlay-opacity":"","overlay-gradient":""},"mobile":{"background-color":"","background-image":"","background-repeat":"repeat","background-position":"center center","background-size":"auto","background-attachment":"scroll","background-type":"","background-media":"","overlay-type":"","overlay-color":"","overlay-opacity":"","overlay-gradient":""}},"ast-content-background-meta":{"desktop":{"background-color":"var(--ast-global-color-5)","background-image":"","background-repeat":"repeat","background-position":"center center","background-size":"auto","background-attachment":"scroll","background-type":"","background-media":"","overlay-type":"","overlay-color":"","overlay-opacity":"","overlay-gradient":""},"tablet":{"background-color":"var(--ast-global-color-5)","background-image":"","background-repeat":"repeat","background-position":"center center","background-size":"auto","background-attachment":"scroll","background-type":"","background-media":"","overlay-type":"","overlay-color":"","overlay-opacity":"","overlay-gradient":""},"mobile":{"background-color":"var(--ast-global-color-5)","background-image":"","background-repeat":"repeat","background-position":"center center","background-size":"auto","background-attachment":"scroll","background-type":"","background-media":"","overlay-type":"","overlay-color":"","overlay-opacity":"","overlay-gradient":""}}},"product_brand":[],"product_cat":[729],"product_tag":[944,735,947,945,943,933,946,948,692],"class_list":{"0":"post-2183","1":"product","2":"type-product","3":"status-publish","4":"has-post-thumbnail","6":"product_cat-wafer","7":"product_tag-200mm-silicon-carbide-wafer","8":"product_tag-8-inch-sic-wafer","9":"product_tag-high-efficiency-power-electronics","10":"product_tag-sic-epi-wafer","11":"product_tag-sic-epitaxial-wafer","12":"product_tag-sic-mosfet-wafer","13":"product_tag-sic-power-device-substrate","14":"product_tag-silicon-carbide-epitaxy","15":"product_tag-wide-bandgap-semiconductor","16":"desktop-align-left","17":"tablet-align-left","18":"mobile-align-left","19":"ast-product-gallery-layout-horizontal-slider","20":"ast-product-tabs-layout-horizontal","22":"first","23":"instock","24":"shipping-taxable","25":"product-type-simple"},"_links":{"self":[{"href":"https:\/\/www.zmsh-semitech.com\/es\/wp-json\/wp\/v2\/product\/2183","targetHints":{"allow":["GET"]}}],"collection":[{"href":"https:\/\/www.zmsh-semitech.com\/es\/wp-json\/wp\/v2\/product"}],"about":[{"href":"https:\/\/www.zmsh-semitech.com\/es\/wp-json\/wp\/v2\/types\/product"}],"replies":[{"embeddable":true,"href":"https:\/\/www.zmsh-semitech.com\/es\/wp-json\/wp\/v2\/comments?post=2183"}],"version-history":[{"count":1,"href":"https:\/\/www.zmsh-semitech.com\/es\/wp-json\/wp\/v2\/product\/2183\/revisions"}],"predecessor-version":[{"id":2188,"href":"https:\/\/www.zmsh-semitech.com\/es\/wp-json\/wp\/v2\/product\/2183\/revisions\/2188"}],"wp:featuredmedia":[{"embeddable":true,"href":"https:\/\/www.zmsh-semitech.com\/es\/wp-json\/wp\/v2\/media\/2184"}],"wp:attachment":[{"href":"https:\/\/www.zmsh-semitech.com\/es\/wp-json\/wp\/v2\/media?parent=2183"}],"wp:term":[{"taxonomy":"product_brand","embeddable":true,"href":"https:\/\/www.zmsh-semitech.com\/es\/wp-json\/wp\/v2\/product_brand?post=2183"},{"taxonomy":"product_cat","embeddable":true,"href":"https:\/\/www.zmsh-semitech.com\/es\/wp-json\/wp\/v2\/product_cat?post=2183"},{"taxonomy":"product_tag","embeddable":true,"href":"https:\/\/www.zmsh-semitech.com\/es\/wp-json\/wp\/v2\/product_tag?post=2183"}],"curies":[{"name":"wp","href":"https:\/\/api.w.org\/{rel}","templated":true}]}}