{"id":2149,"date":"2026-04-09T07:24:36","date_gmt":"2026-04-09T07:24:36","guid":{"rendered":"https:\/\/www.zmsh-semitech.com\/?post_type=product&#038;p=2149"},"modified":"2026-04-09T07:24:37","modified_gmt":"2026-04-09T07:24:37","slug":"hp-1201-automatic-wafer-dicing-machine-for-large-format-precision-cutting","status":"publish","type":"product","link":"https:\/\/www.zmsh-semitech.com\/es\/product\/hp-1201-automatic-wafer-dicing-machine-for-large-format-precision-cutting\/","title":{"rendered":"Cortadora autom\u00e1tica de obleas HP-1201 para corte de precisi\u00f3n de gran formato"},"content":{"rendered":"<p data-start=\"317\" data-end=\"680\"><img fetchpriority=\"high\" decoding=\"async\" class=\"size-medium wp-image-2151 alignright\" src=\"https:\/\/www.zmsh-semitech.com\/wp-content\/uploads\/2026\/04\/HP-1201-Automatic-Wafer-Substrate-Dicing-Machine-for-Large-Format-Precision-Cutting-300x300.png\" alt=\"\" width=\"300\" height=\"300\" srcset=\"https:\/\/www.zmsh-semitech.com\/wp-content\/uploads\/2026\/04\/HP-1201-Automatic-Wafer-Substrate-Dicing-Machine-for-Large-Format-Precision-Cutting-300x300.png 300w, https:\/\/www.zmsh-semitech.com\/wp-content\/uploads\/2026\/04\/HP-1201-Automatic-Wafer-Substrate-Dicing-Machine-for-Large-Format-Precision-Cutting-150x150.png 150w, https:\/\/www.zmsh-semitech.com\/wp-content\/uploads\/2026\/04\/HP-1201-Automatic-Wafer-Substrate-Dicing-Machine-for-Large-Format-Precision-Cutting-768x768.png 768w, https:\/\/www.zmsh-semitech.com\/wp-content\/uploads\/2026\/04\/HP-1201-Automatic-Wafer-Substrate-Dicing-Machine-for-Large-Format-Precision-Cutting-12x12.png 12w, https:\/\/www.zmsh-semitech.com\/wp-content\/uploads\/2026\/04\/HP-1201-Automatic-Wafer-Substrate-Dicing-Machine-for-Large-Format-Precision-Cutting-600x600.png 600w, https:\/\/www.zmsh-semitech.com\/wp-content\/uploads\/2026\/04\/HP-1201-Automatic-Wafer-Substrate-Dicing-Machine-for-Large-Format-Precision-Cutting-100x100.png 100w, https:\/\/www.zmsh-semitech.com\/wp-content\/uploads\/2026\/04\/HP-1201-Automatic-Wafer-Substrate-Dicing-Machine-for-Large-Format-Precision-Cutting.png 1000w\" sizes=\"(max-width: 300px) 100vw, 300px\" \/>La cortadora autom\u00e1tica de dados HP-1201 es una soluci\u00f3n de alto rendimiento dise\u00f1ada espec\u00edficamente para sustratos de gran formato y aplicaciones de corte de varias piezas. Dise\u00f1ado para satisfacer las demandas cambiantes del envasado avanzado de semiconductores y el procesamiento de sustratos, el sistema admite tanto el corte de obleas (de hasta 12 pulgadas) como de piezas de gran superficie de hasta 400 \u00d7 400 mm.<\/p>\n<p data-start=\"682\" data-end=\"977\">Con su robusta estructura de p\u00f3rtico, su configuraci\u00f3n de doble husillo opuesto y su plataforma de trabajo personalizable, la HP-1201 ofrece una rigidez, una estabilidad y un rendimiento excepcionales. Est\u00e1 especialmente indicada para aplicaciones con materiales en tiras, paneles con varios troqueles y disposiciones complejas de piezas de trabajo.<\/p>\n<p data-start=\"979\" data-end=\"1181\">La m\u00e1quina integra funciones de alineaci\u00f3n de alta precisi\u00f3n, inspecci\u00f3n inteligente y procesamiento flexible, lo que la convierte en la opci\u00f3n ideal para los fabricantes que buscan tanto productividad como precisi\u00f3n de corte.<\/p>\n<h2 data-section-id=\"1j5qwet\" data-start=\"1188\" data-end=\"1207\"><span role=\"text\">Caracter\u00edsticas principales<\/span><\/h2>\n<h3 data-section-id=\"1lkyyr4\" data-start=\"1209\" data-end=\"1256\"><span role=\"text\">1. Dise\u00f1ado para sustratos de gran formato<\/span><\/h3>\n<p data-start=\"1257\" data-end=\"1364\">A diferencia de los sistemas de corte en dados convencionales, la HP-1201 est\u00e1 optimizada para piezas grandes y sustratos de embalaje:<\/p>\n<ul data-start=\"1365\" data-end=\"1528\">\n<li data-section-id=\"122wrc4\" data-start=\"1365\" data-end=\"1420\">Admite materiales cuadrados de hasta 400 mm \u00d7 400 mm<\/li>\n<li data-section-id=\"1w2sjk2\" data-start=\"1421\" data-end=\"1469\">Compatible con obleas de 12 pulgadas e inferiores<\/li>\n<li data-section-id=\"bo18rw\" data-start=\"1470\" data-end=\"1528\">Ideal para procesos de envasado a nivel de panel y avanzados<\/li>\n<\/ul>\n<p data-start=\"1530\" data-end=\"1619\">Esto la hace muy adaptable tanto a los semiconductores como a las nuevas tecnolog\u00edas de envasado.<\/p>\n<h3 data-section-id=\"1gerb2u\" data-start=\"1626\" data-end=\"1683\"><span role=\"text\">2. Capacidad de corte multipieza de alta eficiencia<\/span><\/h3>\n<p data-start=\"1684\" data-end=\"1751\">El sistema destaca en aplicaciones de varias tiras y procesamiento por lotes:<\/p>\n<ul data-start=\"1752\" data-end=\"1953\">\n<li data-section-id=\"12ne451\" data-start=\"1752\" data-end=\"1810\">Admite la colocaci\u00f3n simult\u00e1nea de varias piezas de trabajo<\/li>\n<li data-section-id=\"1ahonq2\" data-start=\"1811\" data-end=\"1889\">Ejemplo: se pueden procesar hasta 5 tiras (250 mm \u00d7 70 mm) en un ciclo<\/li>\n<li data-section-id=\"91yitt\" data-start=\"1890\" data-end=\"1953\">Mejora significativamente el rendimiento y reduce el tiempo de manipulaci\u00f3n<\/li>\n<\/ul>\n<p data-start=\"1955\" data-end=\"2034\">Esta capacidad es especialmente valiosa para entornos de producci\u00f3n de gran volumen.<\/p>\n<h3 data-section-id=\"pb7q73\" data-start=\"2041\" data-end=\"2096\"><span role=\"text\">3. Sistema de doble husillo opuesto para mayor productividad<\/span><\/h3>\n<p data-start=\"2097\" data-end=\"2177\">La HP-1201 presenta una estructura de doble husillo con una separaci\u00f3n entre husillos de \u2264 22 mm:<\/p>\n<ul data-start=\"2178\" data-end=\"2320\">\n<li data-section-id=\"126smyd\" data-start=\"2178\" data-end=\"2231\">Permite operaciones de corte paralelas o secuenciales<\/li>\n<li data-section-id=\"1phn8sk\" data-start=\"2232\" data-end=\"2264\">Reduce la distancia de desplazamiento en vac\u00edo<\/li>\n<li data-section-id=\"101lqcw\" data-start=\"2265\" data-end=\"2320\">Aumenta la eficacia del corte y el rendimiento general<\/li>\n<\/ul>\n<p data-start=\"2322\" data-end=\"2440\">Combinado con la alta velocidad de rotaci\u00f3n del husillo (hasta 60.000 rpm), el sistema garantiza una separaci\u00f3n r\u00e1pida y precisa del material.<\/p>\n<h3 data-section-id=\"w5e11x\" data-start=\"2447\" data-end=\"2497\"><span role=\"text\">4. Estructura de p\u00f3rtico para una estabilidad superior<\/span><\/h3>\n<p data-start=\"2498\" data-end=\"2547\">La m\u00e1quina adopta un dise\u00f1o de p\u00f3rtico de alta rigidez:<\/p>\n<ul data-start=\"2548\" data-end=\"2716\">\n<li data-section-id=\"fbik\" data-start=\"2548\" data-end=\"2609\">Mayor estabilidad estructural durante el funcionamiento a alta velocidad<\/li>\n<li data-section-id=\"qf4dsg\" data-start=\"2610\" data-end=\"2661\">Reducci\u00f3n de las vibraciones para mejorar la precisi\u00f3n de corte<\/li>\n<li data-section-id=\"8ypr2z\" data-start=\"2662\" data-end=\"2716\">Adecuado para el corte de precisi\u00f3n en dados de materiales quebradizos<\/li>\n<\/ul>\n<p data-start=\"2718\" data-end=\"2797\">Esto garantiza un rendimiento constante incluso en condiciones de procesamiento exigentes.<\/p>\n<h3 data-section-id=\"z6iv4c\" data-start=\"2804\" data-end=\"2855\"><span role=\"text\">5. Sistema avanzado de alineaci\u00f3n e inspecci\u00f3n<\/span><\/h3>\n<p data-start=\"2856\" data-end=\"2902\">Equipado con una configuraci\u00f3n de doble microscopio:<\/p>\n<ul data-start=\"2903\" data-end=\"3050\">\n<li data-section-id=\"1upg1xh\" data-start=\"2903\" data-end=\"2952\">Permite una alineaci\u00f3n autom\u00e1tica r\u00e1pida y precisa<\/li>\n<li data-section-id=\"7lt55p\" data-start=\"2953\" data-end=\"2997\">Admite inspecci\u00f3n de corte de alta resoluci\u00f3n<\/li>\n<li data-section-id=\"rql893\" data-start=\"2998\" data-end=\"3050\">Mejora la consistencia del corte y reduce los defectos<\/li>\n<\/ul>\n<p data-start=\"3052\" data-end=\"3133\">Esto es fundamental para mantener tolerancias estrictas en la fabricaci\u00f3n de semiconductores.<\/p>\n<h3 data-section-id=\"ft5041\" data-start=\"3140\" data-end=\"3190\"><span role=\"text\">6. Funci\u00f3n opcional de ap\u00f3sito de cuchillas sub-CT<\/span><\/h3>\n<p data-start=\"3191\" data-end=\"3283\">La funci\u00f3n opcional de reavivado de cuchillas asistido por Sub-CT ayuda a mantener un estado \u00f3ptimo de las cuchillas:<\/p>\n<ul data-start=\"3284\" data-end=\"3397\">\n<li data-section-id=\"1trj5ya\" data-start=\"3284\" data-end=\"3329\">Reduce el desconchado de los bordes y los defectos superficiales<\/li>\n<li data-section-id=\"2vyx60\" data-start=\"3330\" data-end=\"3360\">Prolonga la vida \u00fatil de las cuchillas<\/li>\n<li data-section-id=\"1wk3sdx\" data-start=\"3361\" data-end=\"3397\">Mejora la calidad general del corte<\/li>\n<\/ul>\n<h3 data-section-id=\"ngjugw\" data-start=\"3404\" data-end=\"3447\"><span role=\"text\">7. Sistema opcional de refrigeraci\u00f3n profunda<\/span><\/h3>\n<p data-start=\"3448\" data-end=\"3503\">Hay disponible un sistema opcional de agua de refrigeraci\u00f3n de corte profundo:<\/p>\n<ul data-start=\"3504\" data-end=\"3641\">\n<li data-section-id=\"wu3rr0\" data-start=\"3504\" data-end=\"3550\">Mejora la eficacia de la refrigeraci\u00f3n durante el corte<\/li>\n<li data-section-id=\"1e0lcc8\" data-start=\"3551\" data-end=\"3590\">Reduce el da\u00f1o t\u00e9rmico a los materiales<\/li>\n<li data-section-id=\"rjj9u\" data-start=\"3591\" data-end=\"3641\">Mejora la calidad de la superficie y la precisi\u00f3n del corte<\/li>\n<\/ul>\n<h2 data-section-id=\"id1bjs\" data-start=\"3648\" data-end=\"3679\"><span role=\"text\">Especificaciones t\u00e9cnicas<\/span><\/h2>\n<div class=\"TyagGW_tableContainer\">\n<div class=\"group TyagGW_tableWrapper flex flex-col-reverse w-fit\" tabindex=\"-1\">\n<table class=\"w-fit min-w-(--thread-content-width)\" data-start=\"3681\" data-end=\"4410\">\n<thead data-start=\"3681\" data-end=\"3718\">\n<tr data-start=\"3681\" data-end=\"3718\">\n<th class=\"\" data-start=\"3681\" data-end=\"3697\" data-col-size=\"sm\">Par\u00e1metro<\/th>\n<th class=\"\" data-start=\"3697\" data-end=\"3718\" data-col-size=\"sm\">Especificaci\u00f3n<\/th>\n<\/tr>\n<\/thead>\n<tbody data-start=\"3755\" data-end=\"4410\">\n<tr data-start=\"3755\" data-end=\"3781\">\n<td data-start=\"3755\" data-end=\"3771\" data-col-size=\"sm\">Potencia del husillo<\/td>\n<td data-start=\"3771\" data-end=\"3781\" data-col-size=\"sm\">1,8 kW<\/td>\n<\/tr>\n<tr data-start=\"3782\" data-end=\"3818\">\n<td data-start=\"3782\" data-end=\"3798\" data-col-size=\"sm\">Velocidad del cabezal<\/td>\n<td data-start=\"3798\" data-end=\"3818\" data-col-size=\"sm\">6000 - 60000 rpm<\/td>\n<\/tr>\n<tr data-start=\"3819\" data-end=\"3845\">\n<td data-start=\"3819\" data-end=\"3835\" data-col-size=\"sm\">Recorrido del eje X<\/td>\n<td data-start=\"3835\" data-end=\"3845\" data-col-size=\"sm\">420 mm<\/td>\n<\/tr>\n<tr data-start=\"3846\" data-end=\"3880\">\n<td data-start=\"3846\" data-end=\"3861\" data-col-size=\"sm\">Velocidad eje X<\/td>\n<td data-start=\"3861\" data-end=\"3880\" data-col-size=\"sm\">0,1 - 1000 mm\/s<\/td>\n<\/tr>\n<tr data-start=\"3881\" data-end=\"3913\">\n<td data-start=\"3881\" data-end=\"3901\" data-col-size=\"sm\">Resoluci\u00f3n del eje X<\/td>\n<td data-start=\"3901\" data-end=\"3913\" data-col-size=\"sm\">0,001 mm<\/td>\n<\/tr>\n<tr data-start=\"3914\" data-end=\"3939\">\n<td data-start=\"3914\" data-end=\"3929\" data-col-size=\"sm\">Viajes Y1\/Y2<\/td>\n<td data-start=\"3929\" data-end=\"3939\" data-col-size=\"sm\">420 mm<\/td>\n<\/tr>\n<tr data-start=\"3940\" data-end=\"3973\">\n<td data-start=\"3940\" data-end=\"3960\" data-col-size=\"sm\">Resoluci\u00f3n del eje Y<\/td>\n<td data-start=\"3960\" data-end=\"3973\" data-col-size=\"sm\">0,0001 mm<\/td>\n<\/tr>\n<tr data-start=\"3974\" data-end=\"4009\">\n<td data-start=\"3974\" data-end=\"3997\" data-col-size=\"sm\">Precisi\u00f3n de posicionamiento<\/td>\n<td data-start=\"3997\" data-end=\"4009\" data-col-size=\"sm\">0,002 mm<\/td>\n<\/tr>\n<tr data-start=\"4010\" data-end=\"4048\">\n<td data-start=\"4010\" data-end=\"4030\" data-col-size=\"sm\">Error acumulado<\/td>\n<td data-start=\"4030\" data-end=\"4048\" data-col-size=\"sm\">0,003 \/ 400 mm<\/td>\n<\/tr>\n<tr data-start=\"4049\" data-end=\"4073\">\n<td data-start=\"4049\" data-end=\"4064\" data-col-size=\"sm\">Viajes Z1\/Z2<\/td>\n<td data-start=\"4064\" data-end=\"4073\" data-col-size=\"sm\">13 mm<\/td>\n<\/tr>\n<tr data-start=\"4074\" data-end=\"4102\">\n<td data-start=\"4074\" data-end=\"4090\" data-col-size=\"sm\">Repetibilidad<\/td>\n<td data-start=\"4090\" data-end=\"4102\" data-col-size=\"sm\">0,001 mm<\/td>\n<\/tr>\n<tr data-start=\"4103\" data-end=\"4133\">\n<td data-start=\"4103\" data-end=\"4120\" data-col-size=\"sm\">Rotaci\u00f3n Theta<\/td>\n<td data-start=\"4120\" data-end=\"4133\" data-col-size=\"sm\">380\u00b0 \u00b1 5\u00b0<\/td>\n<\/tr>\n<tr data-start=\"4134\" data-end=\"4166\">\n<td data-start=\"4134\" data-end=\"4153\" data-col-size=\"sm\">Precisi\u00f3n angular<\/td>\n<td data-start=\"4153\" data-end=\"4166\" data-col-size=\"sm\">1 arco-segundo<\/td>\n<\/tr>\n<tr data-start=\"4167\" data-end=\"4220\">\n<td data-start=\"4167\" data-end=\"4194\" data-col-size=\"sm\">Aumento del microscopio<\/td>\n<td data-start=\"4194\" data-end=\"4220\" data-col-size=\"sm\">1,5\u00d7 (opcional) \/ 0,8\u00d7<\/td>\n<\/tr>\n<tr data-start=\"4221\" data-end=\"4262\">\n<td data-start=\"4221\" data-end=\"4232\" data-col-size=\"sm\">Iluminaci\u00f3n<\/td>\n<td data-start=\"4232\" data-end=\"4262\" data-col-size=\"sm\">Luz anular + Luz coaxial<\/td>\n<\/tr>\n<tr data-start=\"4263\" data-end=\"4298\">\n<td data-start=\"4263\" data-end=\"4287\" data-col-size=\"sm\">Pieza de trabajo m\u00e1x. (redonda)<\/td>\n<td data-start=\"4287\" data-end=\"4298\" data-col-size=\"sm\">\u00d8300 mm<\/td>\n<\/tr>\n<tr data-start=\"4299\" data-end=\"4340\">\n<td data-start=\"4299\" data-end=\"4324\" data-col-size=\"sm\">Pieza de trabajo m\u00e1x. (cuadrada)<\/td>\n<td data-start=\"4324\" data-end=\"4340\" data-col-size=\"sm\">400 \u00d7 400 mm<\/td>\n<\/tr>\n<tr data-start=\"4341\" data-end=\"4389\">\n<td data-start=\"4341\" data-end=\"4364\" data-col-size=\"sm\">Tama\u00f1o de la m\u00e1quina (An\u00d7P\u00d7Al)<\/td>\n<td data-start=\"4364\" data-end=\"4389\" data-col-size=\"sm\">1450 \u00d7 1250 \u00d7 1850 mm<\/td>\n<\/tr>\n<tr data-start=\"4390\" data-end=\"4410\">\n<td data-start=\"4390\" data-end=\"4399\" data-col-size=\"sm\">Peso<\/td>\n<td data-start=\"4399\" data-end=\"4410\" data-col-size=\"sm\">2000 kg<\/td>\n<\/tr>\n<\/tbody>\n<\/table>\n<\/div>\n<\/div>\n<h2 data-section-id=\"k0zlak\" data-start=\"4417\" data-end=\"4436\"><span role=\"text\">Aplicaciones<\/span><\/h2>\n<p data-start=\"4438\" data-end=\"4562\">La HP-1201 se utiliza ampliamente en campos de fabricaci\u00f3n avanzados que requieren un corte en dados de alta precisi\u00f3n de piezas grandes o m\u00faltiples:<\/p>\n<ul data-start=\"4564\" data-end=\"4795\">\n<li data-section-id=\"5cz68w\" data-start=\"4564\" data-end=\"4606\">Troceado de obleas semiconductoras (\u2264 12 pulgadas)<\/li>\n<li data-section-id=\"vc4r2z\" data-start=\"4607\" data-end=\"4640\">Sustratos de envasado avanzados<\/li>\n<li data-section-id=\"c44nr\" data-start=\"4641\" data-end=\"4672\">Embalaje a nivel de panel (PLP)<\/li>\n<li data-section-id=\"ar9gw\" data-start=\"4673\" data-end=\"4709\">LED y materiales optoelectr\u00f3nicos<\/li>\n<li data-section-id=\"1cw4nvq\" data-start=\"4710\" data-end=\"4748\">Cer\u00e1mica y materiales duros y quebradizos<\/li>\n<li data-section-id=\"nh0qnc\" data-start=\"4749\" data-end=\"4795\">Aplicaciones de corte de tiras m\u00faltiples y por lotes<\/li>\n<\/ul>\n<p><img decoding=\"async\" class=\"wp-image-2150 size-large aligncenter\" src=\"https:\/\/www.zmsh-semitech.com\/wp-content\/uploads\/2026\/04\/APPLICATION2-1024x683.png\" alt=\"\" width=\"1024\" height=\"683\" srcset=\"https:\/\/www.zmsh-semitech.com\/wp-content\/uploads\/2026\/04\/APPLICATION2-1024x683.png 1024w, https:\/\/www.zmsh-semitech.com\/wp-content\/uploads\/2026\/04\/APPLICATION2-300x200.png 300w, https:\/\/www.zmsh-semitech.com\/wp-content\/uploads\/2026\/04\/APPLICATION2-768x512.png 768w, https:\/\/www.zmsh-semitech.com\/wp-content\/uploads\/2026\/04\/APPLICATION2-18x12.png 18w, https:\/\/www.zmsh-semitech.com\/wp-content\/uploads\/2026\/04\/APPLICATION2-600x400.png 600w, https:\/\/www.zmsh-semitech.com\/wp-content\/uploads\/2026\/04\/APPLICATION2.png 1536w\" sizes=\"(max-width: 1024px) 100vw, 1024px\" \/><\/p>\n<h2 data-section-id=\"p8uldy\" data-start=\"4802\" data-end=\"4824\"><span role=\"text\">Principales ventajas<\/span><\/h2>\n<h3 data-section-id=\"jjig1u\" data-start=\"4826\" data-end=\"4849\"><span role=\"text\">Alto rendimiento<\/span><\/h3>\n<p data-start=\"4850\" data-end=\"4933\">El procesamiento de varias piezas y el dise\u00f1o de doble husillo aumentan considerablemente la productividad.<\/p>\n<h3 data-section-id=\"1lkz33s\" data-start=\"4935\" data-end=\"4962\"><span role=\"text\">Tratamiento flexible<\/span><\/h3>\n<p data-start=\"4963\" data-end=\"5038\">La mesa de trabajo personalizable permite procesar diversas formas y disposiciones.<\/p>\n<h3 data-section-id=\"1s6s45v\" data-start=\"5040\" data-end=\"5069\"><span role=\"text\">Precisi\u00f3n y estabilidad<\/span><\/h3>\n<p data-start=\"5070\" data-end=\"5156\">La estructura de p\u00f3rtico y el avanzado sistema de alineaci\u00f3n garantizan una gran precisi\u00f3n y repetibilidad.<\/p>\n<h3 data-section-id=\"kl9wyi\" data-start=\"5158\" data-end=\"5181\"><span role=\"text\">Eficiencia de costes<\/span><\/h3>\n<p data-start=\"5182\" data-end=\"5262\">La reducci\u00f3n del tiempo de procesamiento y la mejora de la vida \u00fatil de las cuchillas reducen los costes operativos generales.<\/p>\n<h2 data-section-id=\"1nqqsko\" data-start=\"63\" data-end=\"102\"><span role=\"text\">Preguntas m\u00e1s frecuentes (FAQ)<\/span><\/h2>\n<h3 data-section-id=\"1204f8i\" data-start=\"104\" data-end=\"177\"><span role=\"text\">1. \u00bfCu\u00e1l es el tama\u00f1o m\u00e1ximo de pieza de trabajo que admite la HP-1201?<\/span><\/h3>\n<p data-start=\"178\" data-end=\"431\">La HP-1201 admite tanto obleas como sustratos de gran formato. Puede procesar obleas redondas de hasta 12 pulgadas (\u00d8300 mm) y piezas cuadradas de hasta 400 \u00d7 400 mm. Esto la hace especialmente adecuada para aplicaciones avanzadas de envasado y paneles.<\/p>\n<h3 data-section-id=\"xmgpor\" data-start=\"438\" data-end=\"521\"><span role=\"text\">2. \u00bfEs la HP-1201 adecuada para aplicaciones de corte de varias piezas o tiras?<\/span><\/h3>\n<p data-start=\"522\" data-end=\"792\">S\u00ed. La HP-1201 est\u00e1 optimizada espec\u00edficamente para el corte de m\u00faltiples piezas y tiras. Puede procesar varias tiras en un solo ciclo, por ejemplo, hasta 5 piezas de tiras de 250 mm \u00d7 70 mm, lo que mejora significativamente el rendimiento y reduce el tiempo de manipulaci\u00f3n en la producci\u00f3n por lotes.<\/p>\n<h3 data-section-id=\"afviui\" data-start=\"799\" data-end=\"871\"><span role=\"text\">3. \u00bfC\u00f3mo garantiza la m\u00e1quina la precisi\u00f3n y estabilidad del corte?<\/span><\/h3>\n<p data-start=\"872\" data-end=\"932\">La HP-1201 garantiza una alta precisi\u00f3n mediante una combinaci\u00f3n de:<\/p>\n<ul data-start=\"933\" data-end=\"1195\">\n<li data-section-id=\"333d9b\" data-start=\"933\" data-end=\"992\">Estructura de p\u00f3rtico de alta rigidez para un funcionamiento estable<\/li>\n<li data-section-id=\"933urv\" data-start=\"993\" data-end=\"1061\">Sistema de doble microscopio para una alineaci\u00f3n e inspecci\u00f3n precisas<\/li>\n<li data-section-id=\"119muuq\" data-start=\"1062\" data-end=\"1129\">Control de movimiento de alta resoluci\u00f3n (hasta 0,0001 mm de resoluci\u00f3n)<\/li>\n<li data-section-id=\"1kcuul9\" data-start=\"1130\" data-end=\"1195\">Configuraci\u00f3n de doble husillo para un corte equilibrado y eficaz<\/li>\n<\/ul>\n<p data-start=\"1197\" data-end=\"1334\">Estas caracter\u00edsticas se combinan para ofrecer una calidad de corte constante, un astillado m\u00ednimo y un rendimiento fiable en aplicaciones exigentes.<\/p>","protected":false},"excerpt":{"rendered":"<p>La cortadora autom\u00e1tica de dados HP-1201 es una soluci\u00f3n de alto rendimiento dise\u00f1ada espec\u00edficamente para sustratos de gran formato y aplicaciones de corte de varias piezas. Dise\u00f1ado para satisfacer las demandas cambiantes del envasado avanzado de semiconductores y el procesamiento de sustratos, el sistema admite tanto el corte de obleas (de hasta 12 pulgadas) como de piezas de gran superficie de hasta 400 \u00d7 400 mm.<\/p>","protected":false},"featured_media":2151,"comment_status":"open","ping_status":"closed","template":"","meta":{"site-sidebar-layout":"default","site-content-layout":"","ast-site-content-layout":"default","site-content-style":"default","site-sidebar-style":"default","ast-global-header-display":"","ast-banner-title-visibility":"","ast-main-header-display":"","ast-hfb-above-header-display":"","ast-hfb-below-header-display":"","ast-hfb-mobile-header-display":"","site-post-title":"","ast-breadcrumbs-content":"","ast-featured-img":"","footer-sml-layout":"","ast-disable-related-posts":"","theme-transparent-header-meta":"default","adv-header-id-meta":"","stick-header-meta":"default","header-above-stick-meta":"","header-main-stick-meta":"","header-below-stick-meta":"","astra-migrate-meta-layouts":"set","ast-page-background-enabled":"default","ast-page-background-meta":{"desktop":{"background-color":"var(--ast-global-color-4)","background-image":"","background-repeat":"repeat","background-position":"center center","background-size":"auto","background-attachment":"scroll","background-type":"","background-media":"","overlay-type":"","overlay-color":"","overlay-opacity":"","overlay-gradient":""},"tablet":{"background-color":"","background-image":"","background-repeat":"repeat","background-position":"center center","background-size":"auto","background-attachment":"scroll","background-type":"","background-media":"","overlay-type":"","overlay-color":"","overlay-opacity":"","overlay-gradient":""},"mobile":{"background-color":"","background-image":"","background-repeat":"repeat","background-position":"center center","background-size":"auto","background-attachment":"scroll","background-type":"","background-media":"","overlay-type":"","overlay-color":"","overlay-opacity":"","overlay-gradient":""}},"ast-content-background-meta":{"desktop":{"background-color":"var(--ast-global-color-5)","background-image":"","background-repeat":"repeat","background-position":"center center","background-size":"auto","background-attachment":"scroll","background-type":"","background-media":"","overlay-type":"","overlay-color":"","overlay-opacity":"","overlay-gradient":""},"tablet":{"background-color":"var(--ast-global-color-5)","background-image":"","background-repeat":"repeat","background-position":"center center","background-size":"auto","background-attachment":"scroll","background-type":"","background-media":"","overlay-type":"","overlay-color":"","overlay-opacity":"","overlay-gradient":""},"mobile":{"background-color":"var(--ast-global-color-5)","background-image":"","background-repeat":"repeat","background-position":"center center","background-size":"auto","background-attachment":"scroll","background-type":"","background-media":"","overlay-type":"","overlay-color":"","overlay-opacity":"","overlay-gradient":""}}},"product_brand":[],"product_cat":[878],"product_tag":[897,898,891,896,895,894,893,694,475,890,892,889],"class_list":{"0":"post-2149","1":"product","2":"type-product","3":"status-publish","4":"has-post-thumbnail","6":"product_cat-dicing-equipment","7":"product_tag-ceramic-substrate-machining","8":"product_tag-dual-spindle-dicing","9":"product_tag-ic-chip-singulation","10":"product_tag-led-chip-processing","11":"product_tag-mems-fabrication","12":"product_tag-multi-strip-cutting","13":"product_tag-panel-level-packaging","14":"product_tag-precision-microfabrication","15":"product_tag-semiconductor-manufacturing","16":"product_tag-silicon-wafer-processing","17":"product_tag-substrate-cutting","18":"product_tag-wafer-dicing","19":"desktop-align-left","20":"tablet-align-left","21":"mobile-align-left","22":"ast-product-gallery-layout-horizontal-slider","23":"ast-product-gallery-with-no-image","24":"ast-product-tabs-layout-horizontal","26":"first","27":"instock","28":"shipping-taxable","29":"product-type-simple"},"_links":{"self":[{"href":"https:\/\/www.zmsh-semitech.com\/es\/wp-json\/wp\/v2\/product\/2149","targetHints":{"allow":["GET"]}}],"collection":[{"href":"https:\/\/www.zmsh-semitech.com\/es\/wp-json\/wp\/v2\/product"}],"about":[{"href":"https:\/\/www.zmsh-semitech.com\/es\/wp-json\/wp\/v2\/types\/product"}],"replies":[{"embeddable":true,"href":"https:\/\/www.zmsh-semitech.com\/es\/wp-json\/wp\/v2\/comments?post=2149"}],"version-history":[{"count":2,"href":"https:\/\/www.zmsh-semitech.com\/es\/wp-json\/wp\/v2\/product\/2149\/revisions"}],"predecessor-version":[{"id":2153,"href":"https:\/\/www.zmsh-semitech.com\/es\/wp-json\/wp\/v2\/product\/2149\/revisions\/2153"}],"wp:featuredmedia":[{"embeddable":true,"href":"https:\/\/www.zmsh-semitech.com\/es\/wp-json\/wp\/v2\/media\/2151"}],"wp:attachment":[{"href":"https:\/\/www.zmsh-semitech.com\/es\/wp-json\/wp\/v2\/media?parent=2149"}],"wp:term":[{"taxonomy":"product_brand","embeddable":true,"href":"https:\/\/www.zmsh-semitech.com\/es\/wp-json\/wp\/v2\/product_brand?post=2149"},{"taxonomy":"product_cat","embeddable":true,"href":"https:\/\/www.zmsh-semitech.com\/es\/wp-json\/wp\/v2\/product_cat?post=2149"},{"taxonomy":"product_tag","embeddable":true,"href":"https:\/\/www.zmsh-semitech.com\/es\/wp-json\/wp\/v2\/product_tag?post=2149"}],"curies":[{"name":"wp","href":"https:\/\/api.w.org\/{rel}","templated":true}]}}