{"id":2021,"date":"2026-03-27T01:46:43","date_gmt":"2026-03-27T01:46:43","guid":{"rendered":"https:\/\/www.zmsh-semitech.com\/?post_type=product&#038;p=2021"},"modified":"2026-03-27T01:46:45","modified_gmt":"2026-03-27T01:46:45","slug":"high-precision-wafer-bonding-equipment-for-si-si-sic-sic-heterogeneous-integration","status":"publish","type":"product","link":"https:\/\/www.zmsh-semitech.com\/es\/product\/high-precision-wafer-bonding-equipment-for-si-si-sic-sic-heterogeneous-integration\/","title":{"rendered":"Equipos de uni\u00f3n de obleas de alta precisi\u00f3n para Si-Si, SiC-SiC e integraci\u00f3n heterog\u00e9nea"},"content":{"rendered":"<p data-start=\"288\" data-end=\"699\">El equipo de uni\u00f3n de obleas es un sistema de alto rendimiento dise\u00f1ado para el envasado avanzado de semiconductores, la fabricaci\u00f3n de MEMS y la integraci\u00f3n de semiconductores de tercera generaci\u00f3n. Admite obleas de 2 a 12 pulgadas y permite la uni\u00f3n directa a temperatura ambiente y la uni\u00f3n hidrof\u00edlica, por lo que resulta especialmente adecuado para la uni\u00f3n de Si-Si, SiC-SiC y materiales heterog\u00e9neos (Si-SiC, GaN, zafiro, etc.).<\/p>\n<p data-start=\"288\" data-end=\"699\"><img fetchpriority=\"high\" decoding=\"async\" class=\"wp-image-2025 size-full aligncenter\" src=\"https:\/\/www.zmsh-semitech.com\/wp-content\/uploads\/2026\/03\/High-Precision-Wafer-Bonding-Equipment-for-Si-Si-SiC-SiC-Heterogeneous-Integration33.png\" alt=\"\" width=\"680\" height=\"310\" srcset=\"https:\/\/www.zmsh-semitech.com\/wp-content\/uploads\/2026\/03\/High-Precision-Wafer-Bonding-Equipment-for-Si-Si-SiC-SiC-Heterogeneous-Integration33.png 680w, https:\/\/www.zmsh-semitech.com\/wp-content\/uploads\/2026\/03\/High-Precision-Wafer-Bonding-Equipment-for-Si-Si-SiC-SiC-Heterogeneous-Integration33-300x137.png 300w, https:\/\/www.zmsh-semitech.com\/wp-content\/uploads\/2026\/03\/High-Precision-Wafer-Bonding-Equipment-for-Si-Si-SiC-SiC-Heterogeneous-Integration33-18x8.png 18w, https:\/\/www.zmsh-semitech.com\/wp-content\/uploads\/2026\/03\/High-Precision-Wafer-Bonding-Equipment-for-Si-Si-SiC-SiC-Heterogeneous-Integration33-600x274.png 600w\" sizes=\"(max-width: 680px) 100vw, 680px\" \/><\/p>\n<p data-start=\"701\" data-end=\"1001\">Dise\u00f1ado tanto para entornos de I+D como para producci\u00f3n en serie, el sistema integra alineaci\u00f3n de ultraprecisi\u00f3n, control de presi\u00f3n y temperatura en bucle cerrado y condiciones de uni\u00f3n en vac\u00edo ultraalto, lo que garantiza una alta resistencia de uni\u00f3n, una excelente uniformidad de la interfaz y una baja densidad de defectos.<\/p>\n<h1 data-section-id=\"5wwv7v\" data-start=\"1008\" data-end=\"1032\"><span role=\"text\">Caracter\u00edsticas principales<\/span><\/h1>\n<h3 data-section-id=\"1moc4qg\" data-start=\"1034\" data-end=\"1089\"><span role=\"text\"><img decoding=\"async\" class=\"size-medium wp-image-2027 alignright\" src=\"https:\/\/www.zmsh-semitech.com\/wp-content\/uploads\/2026\/03\/High-Precision-Wafer-Bonding-Equipment-for-Si-Si-SiC-SiC-Heterogeneous-Integration11-300x205.png\" alt=\"\" width=\"300\" height=\"205\" srcset=\"https:\/\/www.zmsh-semitech.com\/wp-content\/uploads\/2026\/03\/High-Precision-Wafer-Bonding-Equipment-for-Si-Si-SiC-SiC-Heterogeneous-Integration11-300x205.png 300w, https:\/\/www.zmsh-semitech.com\/wp-content\/uploads\/2026\/03\/High-Precision-Wafer-Bonding-Equipment-for-Si-Si-SiC-SiC-Heterogeneous-Integration11-18x12.png 18w, https:\/\/www.zmsh-semitech.com\/wp-content\/uploads\/2026\/03\/High-Precision-Wafer-Bonding-Equipment-for-Si-Si-SiC-SiC-Heterogeneous-Integration11-600x409.png 600w, https:\/\/www.zmsh-semitech.com\/wp-content\/uploads\/2026\/03\/High-Precision-Wafer-Bonding-Equipment-for-Si-Si-SiC-SiC-Heterogeneous-Integration11.png 680w\" sizes=\"(max-width: 300px) 100vw, 300px\" \/>1. Tecnolog\u00eda avanzada de uni\u00f3n a temperatura ambiente<\/span><\/h3>\n<ul data-start=\"1090\" data-end=\"1275\">\n<li data-section-id=\"1mm29lt\" data-start=\"1090\" data-end=\"1137\">Elimina el estr\u00e9s t\u00e9rmico y el alabeo de la oblea<\/li>\n<li data-section-id=\"ln8v6d\" data-start=\"1138\" data-end=\"1211\">Permite unir materiales sensibles a la temperatura y dis\u00edmiles<\/li>\n<li data-section-id=\"1bb2rki\" data-start=\"1212\" data-end=\"1275\">Favorece la adhesi\u00f3n hidr\u00f3fila y la adhesi\u00f3n activada por plasma<\/li>\n<\/ul>\n<h3 data-section-id=\"mvg0ku\" data-start=\"1277\" data-end=\"1318\"><span role=\"text\">2. Alineaci\u00f3n de alta precisi\u00f3n<\/span><\/h3>\n<ul data-start=\"1319\" data-end=\"1452\">\n<li data-section-id=\"nib7cj\" data-start=\"1319\" data-end=\"1359\">Precisi\u00f3n de alineaci\u00f3n de la marca: \u2264 \u00b12 \u03bcm<\/li>\n<li data-section-id=\"3dmnqq\" data-start=\"1360\" data-end=\"1401\">Precisi\u00f3n de alineaci\u00f3n de bordes: \u2264 \u00b150 \u03bcm<\/li>\n<li data-section-id=\"skx64n\" data-start=\"1402\" data-end=\"1452\">Actualizaci\u00f3n opcional al sistema de alineaci\u00f3n submicr\u00f3nica<\/li>\n<\/ul>\n<h3 data-section-id=\"zhuyd5\" data-start=\"1454\" data-end=\"1506\"><span role=\"text\">3. Alta resistencia de adhesi\u00f3n y calidad de la interfaz<\/span><\/h3>\n<ul data-start=\"1507\" data-end=\"1678\">\n<li data-section-id=\"1g876j\" data-start=\"1507\" data-end=\"1568\">\u2265 2,0 J\/m\u00b2 (uni\u00f3n directa Si-Si a temperatura ambiente)<\/li>\n<li data-section-id=\"11zitz1\" data-start=\"1569\" data-end=\"1621\">Hasta \u22655 J\/m\u00b2 con activaci\u00f3n de la superficie del plasma<\/li>\n<li data-section-id=\"4r7u1t\" data-start=\"1622\" data-end=\"1678\">Excelente limpieza de la interfaz en condiciones UHV<\/li>\n<\/ul>\n<h3 data-section-id=\"1p6le9y\" data-start=\"1680\" data-end=\"1718\"><span role=\"text\">4. Amplia compatibilidad de materiales<\/span><\/h3>\n<p data-start=\"1719\" data-end=\"1739\">Admite la uni\u00f3n de:<\/p>\n<ul data-start=\"1740\" data-end=\"1864\">\n<li data-section-id=\"aojy5e\" data-start=\"1740\" data-end=\"1783\">Semiconductores: Si, SiC, GaN, GaAs, InP<\/li>\n<li data-section-id=\"f2gy5g\" data-start=\"1784\" data-end=\"1822\">Materiales \u00f3pticos: Zafiro, Cristal<\/li>\n<li data-section-id=\"v9y58o\" data-start=\"1823\" data-end=\"1864\">Materiales funcionales: LiNbO\u2083, Diamante<\/li>\n<\/ul>\n<h3 data-section-id=\"zfgn77\" data-start=\"1866\" data-end=\"1904\"><span role=\"text\">5. Capacidad de proceso flexible<\/span><\/h3>\n<ul data-start=\"1905\" data-end=\"2043\">\n<li data-section-id=\"1y6punm\" data-start=\"1905\" data-end=\"1933\">Tama\u00f1o de la oblea: 2\u2033 - 12\u2033.<\/li>\n<li data-section-id=\"qz7nz2\" data-start=\"1934\" data-end=\"1982\">Compatible con muestras de forma irregular<\/li>\n<li data-section-id=\"v2ier\" data-start=\"1983\" data-end=\"2043\">M\u00f3dulos opcionales: precalentamiento \/ recocido (RT-500\u00b0C)<\/li>\n<\/ul>\n<h1 data-section-id=\"m12c1z\" data-start=\"2050\" data-end=\"2086\"><span role=\"text\">Especificaciones t\u00e9cnicas<\/span><\/h1>\n<div class=\"TyagGW_tableContainer\">\n<div class=\"group TyagGW_tableWrapper flex flex-col-reverse w-fit\" tabindex=\"-1\">\n<table class=\"w-fit min-w-(--thread-content-width)\" data-start=\"2088\" data-end=\"2479\">\n<thead data-start=\"2088\" data-end=\"2117\">\n<tr data-start=\"2088\" data-end=\"2117\">\n<th class=\"\" data-start=\"2088\" data-end=\"2100\" data-col-size=\"sm\">Par\u00e1metro<\/th>\n<th class=\"\" data-start=\"2100\" data-end=\"2117\" data-col-size=\"md\">Especificaci\u00f3n<\/th>\n<\/tr>\n<\/thead>\n<tbody data-start=\"2145\" data-end=\"2479\">\n<tr data-start=\"2145\" data-end=\"2208\">\n<td data-start=\"2145\" data-end=\"2163\" data-col-size=\"sm\">M\u00e9todos de adhesi\u00f3n<\/td>\n<td data-col-size=\"md\" data-start=\"2163\" data-end=\"2208\">Adhesi\u00f3n directa \/ adhesi\u00f3n activada por plasma<\/td>\n<\/tr>\n<tr data-start=\"2209\" data-end=\"2234\">\n<td data-start=\"2209\" data-end=\"2222\" data-col-size=\"sm\">Tama\u00f1o de la oblea<\/td>\n<td data-col-size=\"md\" data-start=\"2222\" data-end=\"2234\">2\u2033 - 12\u2033<\/td>\n<\/tr>\n<tr data-start=\"2235\" data-end=\"2266\">\n<td data-start=\"2235\" data-end=\"2252\" data-col-size=\"sm\">Rango de presi\u00f3n<\/td>\n<td data-col-size=\"md\" data-start=\"2252\" data-end=\"2266\">0 - 10 MPa<\/td>\n<\/tr>\n<tr data-start=\"2267\" data-end=\"2289\">\n<td data-start=\"2267\" data-end=\"2279\" data-col-size=\"sm\">Fuerza m\u00e1xima<\/td>\n<td data-col-size=\"md\" data-start=\"2279\" data-end=\"2289\">100 kN<\/td>\n<\/tr>\n<tr data-start=\"2290\" data-end=\"2342\">\n<td data-start=\"2290\" data-end=\"2310\" data-col-size=\"sm\">Temperatura<\/td>\n<td data-col-size=\"md\" data-start=\"2310\" data-end=\"2342\">Temperatura ambiente - 500\u00b0C (opcional)<\/td>\n<\/tr>\n<tr data-start=\"2343\" data-end=\"2377\">\n<td data-start=\"2343\" data-end=\"2358\" data-col-size=\"sm\">Nivel de vac\u00edo<\/td>\n<td data-col-size=\"md\" data-start=\"2358\" data-end=\"2377\">\u2264 5 \u00d7 10-\u2076 Torr<\/td>\n<\/tr>\n<tr data-start=\"2378\" data-end=\"2434\">\n<td data-start=\"2378\" data-end=\"2399\" data-col-size=\"sm\">Precisi\u00f3n de alineaci\u00f3n<\/td>\n<td data-col-size=\"md\" data-start=\"2399\" data-end=\"2434\">\u2264 \u00b12 \u03bcm (Marca), \u2264 \u00b150 \u03bcm (Borde)<\/td>\n<\/tr>\n<tr data-start=\"2435\" data-end=\"2479\">\n<td data-start=\"2435\" data-end=\"2454\" data-col-size=\"sm\">Fuerza de adhesi\u00f3n<\/td>\n<td data-col-size=\"md\" data-start=\"2454\" data-end=\"2479\">\u2265 2,0 J\/m\u00b2 (RT Si-Si)<\/td>\n<\/tr>\n<\/tbody>\n<\/table>\n<\/div>\n<\/div>\n<h1 data-section-id=\"zfv5ao\" data-start=\"2486\" data-end=\"2526\"><span role=\"text\"><img decoding=\"async\" class=\"size-medium wp-image-2026 alignright\" src=\"https:\/\/www.zmsh-semitech.com\/wp-content\/uploads\/2026\/03\/High-Precision-Wafer-Bonding-Equipment-for-Si-Si-SiC-SiC-Heterogeneous-Integration22-300x300.jpg\" alt=\"\" width=\"300\" height=\"300\" srcset=\"https:\/\/www.zmsh-semitech.com\/wp-content\/uploads\/2026\/03\/High-Precision-Wafer-Bonding-Equipment-for-Si-Si-SiC-SiC-Heterogeneous-Integration22-300x300.jpg 300w, https:\/\/www.zmsh-semitech.com\/wp-content\/uploads\/2026\/03\/High-Precision-Wafer-Bonding-Equipment-for-Si-Si-SiC-SiC-Heterogeneous-Integration22-150x150.jpg 150w, https:\/\/www.zmsh-semitech.com\/wp-content\/uploads\/2026\/03\/High-Precision-Wafer-Bonding-Equipment-for-Si-Si-SiC-SiC-Heterogeneous-Integration22-12x12.jpg 12w, https:\/\/www.zmsh-semitech.com\/wp-content\/uploads\/2026\/03\/High-Precision-Wafer-Bonding-Equipment-for-Si-Si-SiC-SiC-Heterogeneous-Integration22-600x600.jpg 600w, https:\/\/www.zmsh-semitech.com\/wp-content\/uploads\/2026\/03\/High-Precision-Wafer-Bonding-Equipment-for-Si-Si-SiC-SiC-Heterogeneous-Integration22-100x100.jpg 100w, https:\/\/www.zmsh-semitech.com\/wp-content\/uploads\/2026\/03\/High-Precision-Wafer-Bonding-Equipment-for-Si-Si-SiC-SiC-Heterogeneous-Integration22.jpg 680w\" sizes=\"(max-width: 300px) 100vw, 300px\" \/>Sistema de control inteligente<\/span><\/h1>\n<ul data-start=\"2528\" data-end=\"2714\">\n<li data-section-id=\"14izt1u\" data-start=\"2528\" data-end=\"2564\">Pantalla t\u00e1ctil industrial HMI<\/li>\n<li data-section-id=\"1uxdjyr\" data-start=\"2565\" data-end=\"2609\">Admite el almacenamiento de m\u00e1s de 50 recetas de procesos<\/li>\n<li data-section-id=\"1rxz05m\" data-start=\"2610\" data-end=\"2668\">Control en bucle cerrado de presi\u00f3n-temperatura en tiempo real<\/li>\n<li data-section-id=\"1ozy6m8\" data-start=\"2669\" data-end=\"2714\">Rendimiento estable y repetible del proceso<\/li>\n<\/ul>\n<h1 data-section-id=\"18ww9ca\" data-start=\"2721\" data-end=\"2755\"><span role=\"text\">Seguridad y fiabilidad<\/span><\/h1>\n<ul data-start=\"2757\" data-end=\"2903\">\n<li data-section-id=\"10d2f0j\" data-start=\"2757\" data-end=\"2822\">Triple protecci\u00f3n de enclavamiento (presi\u00f3n \/ temperatura \/ vac\u00edo)<\/li>\n<li data-section-id=\"dhf3uk\" data-start=\"2823\" data-end=\"2848\">Sistema de parada de emergencia<\/li>\n<li data-section-id=\"whub1n\" data-start=\"2849\" data-end=\"2903\">Dise\u00f1ado para ser compatible con salas blancas de clase 100<\/li>\n<\/ul>\n<h1 data-section-id=\"mn9rfz\" data-start=\"2910\" data-end=\"2945\"><span role=\"text\">Configuraciones opcionales<\/span><\/h1>\n<ul data-start=\"2947\" data-end=\"3105\">\n<li data-section-id=\"12zom6j\" data-start=\"2947\" data-end=\"2980\">Sistema robotizado de manipulaci\u00f3n de obleas<\/li>\n<li data-section-id=\"1cj0mfu\" data-start=\"2981\" data-end=\"3041\">Interfaz de comunicaci\u00f3n SECS\/GEM (lista para la integraci\u00f3n en f\u00e1brica)<\/li>\n<li data-section-id=\"p5iwlh\" data-start=\"3042\" data-end=\"3070\">M\u00f3dulo de inspecci\u00f3n en l\u00ednea<\/li>\n<li data-section-id=\"16mmjf1\" data-start=\"3071\" data-end=\"3105\">Unidad de activaci\u00f3n de la superficie de plasma<\/li>\n<\/ul>\n<h1 data-section-id=\"18cso9d\" data-start=\"3112\" data-end=\"3144\"><span role=\"text\">Aplicaciones t\u00edpicas<\/span><\/h1>\n<h3 data-section-id=\"jeqpgw\" data-start=\"3146\" data-end=\"3171\"><span role=\"text\">1. Embalaje de MEMS<\/span><\/h3>\n<p data-start=\"3172\" data-end=\"3240\">Sellado herm\u00e9tico para sensores como aceler\u00f3metros y giroscopios<\/p>\n<h3 data-section-id=\"1hvce9l\" data-start=\"3242\" data-end=\"3270\"><span role=\"text\">2. Integraci\u00f3n de CI en 3D<\/span><\/h3>\n<p data-start=\"3271\" data-end=\"3318\">Apilado de obleas para TSV y envasado avanzado<\/p>\n<h3 data-section-id=\"r6vanu\" data-start=\"3320\" data-end=\"3361\"><span role=\"text\">3. Dispositivos semiconductores compuestos<\/span><\/h3>\n<p data-start=\"3362\" data-end=\"3413\">Uni\u00f3n de dispositivos de potencia GaN \/ SiC y transferencia de capas<\/p>\n<h3 data-section-id=\"ssea6s\" data-start=\"3415\" data-end=\"3450\"><span role=\"text\">4. Sensores de imagen CMOS (CIS)<\/span><\/h3>\n<p data-start=\"3451\" data-end=\"3514\">Uni\u00f3n a baja temperatura de obleas CMOS y sustratos \u00f3pticos<\/p>\n<h3 data-section-id=\"1y9q4j3\" data-start=\"3516\" data-end=\"3551\"><span role=\"text\">5. Biochips y microfluidos<\/span><\/h3>\n<p data-start=\"3552\" data-end=\"3594\">Uni\u00f3n fiable para dispositivos lab-on-chip<\/p>\n<h1 data-section-id=\"3cguag\" data-start=\"3601\" data-end=\"3628\"><span role=\"text\">Ejemplo de proceso<\/span><\/h1>\n<p data-start=\"3630\" data-end=\"3681\">Uni\u00f3n de obleas de LiNbO\u2083 - SiC (temperatura ambiente)<\/p>\n<ul data-start=\"3682\" data-end=\"3843\">\n<li data-section-id=\"1o8nths\" data-start=\"3682\" data-end=\"3731\">Consigue una interfaz de uni\u00f3n fuerte y uniforme<\/li>\n<li data-section-id=\"1xut4n0\" data-start=\"3732\" data-end=\"3779\">Verificado mediante im\u00e1genes TEM transversales<\/li>\n<li data-section-id=\"8apvvl\" data-start=\"3780\" data-end=\"3843\">Adecuado para aplicaciones de alta frecuencia y optoelectr\u00f3nicas<\/li>\n<\/ul>\n<h1 data-section-id=\"ou04n2\" data-start=\"3850\" data-end=\"3865\"><span role=\"text\">PREGUNTAS Y RESPUESTAS<\/span><\/h1>\n<h3 data-section-id=\"1fr6ndv\" data-start=\"3867\" data-end=\"3950\"><span role=\"text\">P1: \u00bfPor qu\u00e9 elegir el pegado de obleas a temperatura ambiente en lugar del pegado t\u00e9rmico?<\/span><\/h3>\n<p data-start=\"3951\" data-end=\"4102\">La uni\u00f3n a temperatura ambiente evita desajustes t\u00e9rmicos y tensiones, por lo que es ideal para materiales heterog\u00e9neos y mejora el rendimiento en envases avanzados.<\/p>\n<h3 data-section-id=\"xty3bz\" data-start=\"4104\" data-end=\"4147\"><span role=\"text\">P2: \u00bfQu\u00e9 materiales pueden adherirse?<\/span><\/h3>\n<p data-start=\"4148\" data-end=\"4206\">El sistema admite una amplia gama de materiales:<\/p>\n<ul data-start=\"4207\" data-end=\"4283\">\n<li data-section-id=\"xp1h29\" data-start=\"4207\" data-end=\"4239\">Semiconductores: Si, SiC, GaN<\/li>\n<li data-section-id=\"19cjnz4\" data-start=\"4240\" data-end=\"4264\">\u00d3xidos: SiO\u2082, LiNbO\u2083<\/li>\n<li data-section-id=\"1el5xj2\" data-start=\"4265\" data-end=\"4283\">Metales: Cu, Au<\/li>\n<\/ul>\n<h1 data-section-id=\"ge900y\" data-start=\"4290\" data-end=\"4330\"><span role=\"text\">Por qu\u00e9 elegir este sistema<\/span><\/h1>\n<ul data-start=\"4332\" data-end=\"4607\">\n<li data-section-id=\"kavyah\" data-start=\"4332\" data-end=\"4392\">Rendimiento demostrado en la fabricaci\u00f3n de dispositivos de potencia de SiC<\/li>\n<li data-section-id=\"1sbvzor\" data-start=\"4393\" data-end=\"4463\">Resistencia de adhesi\u00f3n verificada mediante pruebas de laboratorio y an\u00e1lisis TEM.<\/li>\n<li data-section-id=\"1qqgx94\" data-start=\"4464\" data-end=\"4529\">Dise\u00f1ado tanto para institutos de investigaci\u00f3n como para f\u00e1bricas industriales<\/li>\n<li data-section-id=\"13zv0if\" data-start=\"4530\" data-end=\"4607\">La arquitectura modular garantiza la escalabilidad y capacidad de actualizaci\u00f3n a largo plazo<\/li>\n<\/ul>","protected":false},"excerpt":{"rendered":"<p>El equipo de uni\u00f3n de obleas es un sistema de alto rendimiento dise\u00f1ado para el empaquetado avanzado de semiconductores, la fabricaci\u00f3n de MEMS y la integraci\u00f3n de semiconductores de tercera generaci\u00f3n.<\/p>","protected":false},"featured_media":2024,"comment_status":"open","ping_status":"closed","template":"","meta":{"site-sidebar-layout":"default","site-content-layout":"","ast-site-content-layout":"default","site-content-style":"default","site-sidebar-style":"default","ast-global-header-display":"","ast-banner-title-visibility":"","ast-main-header-display":"","ast-hfb-above-header-display":"","ast-hfb-below-header-display":"","ast-hfb-mobile-header-display":"","site-post-title":"","ast-breadcrumbs-content":"","ast-featured-img":"","footer-sml-layout":"","ast-disable-related-posts":"","theme-transparent-header-meta":"default","adv-header-id-meta":"","stick-header-meta":"default","header-above-stick-meta":"","header-main-stick-meta":"","header-below-stick-meta":"","astra-migrate-meta-layouts":"set","ast-page-background-enabled":"default","ast-page-background-meta":{"desktop":{"background-color":"var(--ast-global-color-4)","background-image":"","background-repeat":"repeat","background-position":"center center","background-size":"auto","background-attachment":"scroll","background-type":"","background-media":"","overlay-type":"","overlay-color":"","overlay-opacity":"","overlay-gradient":""},"tablet":{"background-color":"","background-image":"","background-repeat":"repeat","background-position":"center center","background-size":"auto","background-attachment":"scroll","background-type":"","background-media":"","overlay-type":"","overlay-color":"","overlay-opacity":"","overlay-gradient":""},"mobile":{"background-color":"","background-image":"","background-repeat":"repeat","background-position":"center center","background-size":"auto","background-attachment":"scroll","background-type":"","background-media":"","overlay-type":"","overlay-color":"","overlay-opacity":"","overlay-gradient":""}},"ast-content-background-meta":{"desktop":{"background-color":"var(--ast-global-color-5)","background-image":"","background-repeat":"repeat","background-position":"center center","background-size":"auto","background-attachment":"scroll","background-type":"","background-media":"","overlay-type":"","overlay-color":"","overlay-opacity":"","overlay-gradient":""},"tablet":{"background-color":"var(--ast-global-color-5)","background-image":"","background-repeat":"repeat","background-position":"center center","background-size":"auto","background-attachment":"scroll","background-type":"","background-media":"","overlay-type":"","overlay-color":"","overlay-opacity":"","overlay-gradient":""},"mobile":{"background-color":"var(--ast-global-color-5)","background-image":"","background-repeat":"repeat","background-position":"center center","background-size":"auto","background-attachment":"scroll","background-type":"","background-media":"","overlay-type":"","overlay-color":"","overlay-opacity":"","overlay-gradient":""}}},"product_brand":[],"product_cat":[23],"product_tag":[599,601,610,604,596,608,593,606,600,597,592,605,598,609,594,603,595,602,607,591],"class_list":{"0":"post-2021","1":"product","2":"type-product","3":"status-publish","4":"has-post-thumbnail","6":"product_cat-bonding-machine","7":"product_tag-2-12-inch-wafer-bonding","8":"product_tag-3d-ic-integration","9":"product_tag-advanced-wafer-bonding-technology","10":"product_tag-gan-wafer-bonding","11":"product_tag-heterogeneous-wafer-bonding","12":"product_tag-high-precision-alignment-wafer-bonding","13":"product_tag-hydrophilic-bonding","14":"product_tag-linbo3-bonding","15":"product_tag-mems-wafer-bonding","16":"product_tag-plasma-activated-bonding","17":"product_tag-room-temperature-wafer-bonding","18":"product_tag-sapphire-wafer-bonding","19":"product_tag-semiconductor-bonding-system","20":"product_tag-semiconductor-packaging-equipment","21":"product_tag-si-si-bonding","22":"product_tag-sic-power-devices","23":"product_tag-sic-sic-bonding","24":"product_tag-tsv-bonding","25":"product_tag-ultra-high-vacuum-bonding","26":"product_tag-wafer-bonding-equipment","27":"desktop-align-left","28":"tablet-align-left","29":"mobile-align-left","30":"ast-product-gallery-layout-horizontal-slider","31":"ast-product-tabs-layout-horizontal","33":"first","34":"instock","35":"shipping-taxable","36":"product-type-simple"},"_links":{"self":[{"href":"https:\/\/www.zmsh-semitech.com\/es\/wp-json\/wp\/v2\/product\/2021","targetHints":{"allow":["GET"]}}],"collection":[{"href":"https:\/\/www.zmsh-semitech.com\/es\/wp-json\/wp\/v2\/product"}],"about":[{"href":"https:\/\/www.zmsh-semitech.com\/es\/wp-json\/wp\/v2\/types\/product"}],"replies":[{"embeddable":true,"href":"https:\/\/www.zmsh-semitech.com\/es\/wp-json\/wp\/v2\/comments?post=2021"}],"version-history":[{"count":2,"href":"https:\/\/www.zmsh-semitech.com\/es\/wp-json\/wp\/v2\/product\/2021\/revisions"}],"predecessor-version":[{"id":2029,"href":"https:\/\/www.zmsh-semitech.com\/es\/wp-json\/wp\/v2\/product\/2021\/revisions\/2029"}],"wp:featuredmedia":[{"embeddable":true,"href":"https:\/\/www.zmsh-semitech.com\/es\/wp-json\/wp\/v2\/media\/2024"}],"wp:attachment":[{"href":"https:\/\/www.zmsh-semitech.com\/es\/wp-json\/wp\/v2\/media?parent=2021"}],"wp:term":[{"taxonomy":"product_brand","embeddable":true,"href":"https:\/\/www.zmsh-semitech.com\/es\/wp-json\/wp\/v2\/product_brand?post=2021"},{"taxonomy":"product_cat","embeddable":true,"href":"https:\/\/www.zmsh-semitech.com\/es\/wp-json\/wp\/v2\/product_cat?post=2021"},{"taxonomy":"product_tag","embeddable":true,"href":"https:\/\/www.zmsh-semitech.com\/es\/wp-json\/wp\/v2\/product_tag?post=2021"}],"curies":[{"name":"wp","href":"https:\/\/api.w.org\/{rel}","templated":true}]}}