{"id":1981,"date":"2026-03-23T06:13:43","date_gmt":"2026-03-23T06:13:43","guid":{"rendered":"https:\/\/www.zmsh-semitech.com\/?post_type=product&#038;p=1981"},"modified":"2026-03-23T06:18:04","modified_gmt":"2026-03-23T06:18:04","slug":"sic-raw-material-synthesis-furnace","status":"publish","type":"product","link":"https:\/\/www.zmsh-semitech.com\/es\/product\/sic-raw-material-synthesis-furnace\/","title":{"rendered":"Horno de s\u00edntesis de materias primas de SiC de 50 kg Preparaci\u00f3n de cristales de carburo de silicio de gran pureza"},"content":{"rendered":"<p data-start=\"240\" data-end=\"569\"><img fetchpriority=\"high\" decoding=\"async\" class=\"size-medium wp-image-1989 alignleft\" src=\"https:\/\/www.zmsh-semitech.com\/wp-content\/uploads\/2026\/03\/Sic-raw-material-synthesis-furnace5-300x220.jpg\" alt=\"\" width=\"300\" height=\"220\" srcset=\"https:\/\/www.zmsh-semitech.com\/wp-content\/uploads\/2026\/03\/Sic-raw-material-synthesis-furnace5-300x220.jpg 300w, https:\/\/www.zmsh-semitech.com\/wp-content\/uploads\/2026\/03\/Sic-raw-material-synthesis-furnace5-16x12.jpg 16w, https:\/\/www.zmsh-semitech.com\/wp-content\/uploads\/2026\/03\/Sic-raw-material-synthesis-furnace5-600x439.jpg 600w, https:\/\/www.zmsh-semitech.com\/wp-content\/uploads\/2026\/03\/Sic-raw-material-synthesis-furnace5.jpg 680w\" sizes=\"(max-width: 300px) 100vw, 300px\" \/>El horno de s\u00edntesis de materias primas de SiC de 50 kg es un horno especializado de alta temperatura dise\u00f1ado para producir materias primas de carburo de silicio (SiC) de gran pureza. Como semiconductor cr\u00edtico y material cer\u00e1mico, el SiC se aplica ampliamente i<span style=\"font-size: 16px;\">n electr\u00f3nica de potencia, dispositivos de alta temperatura, materiales resistentes al desgaste y componentes \u00f3pticos.<\/span><\/p>\n<p data-start=\"571\" data-end=\"987\">Este horno convierte materias primas de silicio (Si) y carbono (C) en SiC mediante una reacci\u00f3n qu\u00edmica controlada a alta temperatura, lo que lo convierte en un equipo esencial en la cadena de producci\u00f3n del carburo de silicio. Su dise\u00f1o garantiza una gran pureza, un funcionamiento estable y un rendimiento constante, lo que permite a los fabricantes cumplir los estrictos requisitos de las aplicaciones de semiconductores avanzados y cer\u00e1mica de alto rendimiento.<\/p>\n<h2 data-section-id=\"52xoay\" data-start=\"994\" data-end=\"1017\"><span role=\"text\"><strong data-start=\"997\" data-end=\"1015\">Principales ventajas<\/strong><\/span><\/h2>\n<ul data-start=\"1018\" data-end=\"1891\">\n<li data-section-id=\"wafd1l\" data-start=\"1018\" data-end=\"1134\"><strong data-start=\"1020\" data-end=\"1050\">Capacidad para altas temperaturas:<\/strong> Proporciona temperaturas de horno de hasta 2400\u00b0C, adecuadas para una s\u00edntesis eficaz del SiC.<\/li>\n<li data-section-id=\"qvgm69\" data-start=\"1135\" data-end=\"1250\"><strong data-start=\"1137\" data-end=\"1160\">Salida de alta pureza:<\/strong> Utiliza materias primas de gran pureza y un control de la atm\u00f3sfera inerte para producir SiC ultrapuro.<\/li>\n<li data-section-id=\"11v9t45\" data-start=\"1251\" data-end=\"1360\"><strong data-start=\"1253\" data-end=\"1276\">Rendimiento estable:<\/strong> Su robusta estructura garantiza un funcionamiento fiable para una producci\u00f3n continua a largo plazo.<\/li>\n<li data-section-id=\"caa80i\" data-start=\"1361\" data-end=\"1457\"><strong data-start=\"1363\" data-end=\"1385\">Baja contaminaci\u00f3n:<\/strong> La atm\u00f3sfera inerte y los materiales limpios minimizan la incorporaci\u00f3n de impurezas.<\/li>\n<li data-section-id=\"ka169f\" data-start=\"1458\" data-end=\"1599\"><strong data-start=\"1460\" data-end=\"1487\">Gran capacidad de carga:<\/strong> Admite hasta 50 kg de materia prima, lo que mejora la productividad y la compatibilidad con varios hornos de cristal.<\/li>\n<li data-section-id=\"1afhg2w\" data-start=\"1600\" data-end=\"1765\"><strong data-start=\"1602\" data-end=\"1624\">Control de precisi\u00f3n:<\/strong> Regulaci\u00f3n avanzada de la temperatura y la presi\u00f3n, con doble medici\u00f3n opcional de la temperatura y control por infrarrojos para optimizar el proceso.<\/li>\n<li data-section-id=\"i89isr\" data-start=\"1766\" data-end=\"1891\"><strong data-start=\"1768\" data-end=\"1795\">Configuraci\u00f3n flexible:<\/strong> El dise\u00f1o modular permite la instalaci\u00f3n lado a lado para ahorrar espacio y optimizar la utilizaci\u00f3n de la planta.<\/li>\n<\/ul>\n<h2 data-section-id=\"10oaxfc\" data-start=\"1898\" data-end=\"1931\"><span role=\"text\"><strong data-start=\"1901\" data-end=\"1929\">Especificaciones t\u00e9cnicas<\/strong><\/span><\/h2>\n<div class=\"TyagGW_tableContainer\">\n<div class=\"group TyagGW_tableWrapper flex flex-col-reverse w-fit\" tabindex=\"-1\">\n<table class=\"w-fit min-w-(--thread-content-width)\" data-start=\"1933\" data-end=\"2723\">\n<thead data-start=\"1933\" data-end=\"1960\">\n<tr data-start=\"1933\" data-end=\"1960\">\n<th class=\"\" data-start=\"1933\" data-end=\"1943\" data-col-size=\"sm\">Caracter\u00edstica<\/th>\n<th class=\"\" data-start=\"1943\" data-end=\"1960\" data-col-size=\"md\">Especificaci\u00f3n<\/th>\n<\/tr>\n<\/thead>\n<tbody data-start=\"1989\" data-end=\"2723\">\n<tr data-start=\"1989\" data-end=\"2046\">\n<td data-start=\"1989\" data-end=\"2010\" data-col-size=\"sm\">Dimensiones (L\u00d7A\u00d7H)<\/td>\n<td data-col-size=\"md\" data-start=\"2010\" data-end=\"2046\">4000\u00d73400\u00d74300 mm (personalizable)<\/td>\n<\/tr>\n<tr data-start=\"2047\" data-end=\"2085\">\n<td data-start=\"2047\" data-end=\"2074\" data-col-size=\"sm\">Di\u00e1metro de la c\u00e1mara del horno<\/td>\n<td data-col-size=\"md\" data-start=\"2074\" data-end=\"2085\">1100 mm<\/td>\n<\/tr>\n<tr data-start=\"2086\" data-end=\"2114\">\n<td data-start=\"2086\" data-end=\"2105\" data-col-size=\"sm\">Capacidad de carga<\/td>\n<td data-col-size=\"md\" data-start=\"2105\" data-end=\"2114\">50 kg<\/td>\n<\/tr>\n<tr data-start=\"2115\" data-end=\"2183\">\n<td data-start=\"2115\" data-end=\"2133\" data-col-size=\"sm\">Vac\u00edo definitivo<\/td>\n<td data-col-size=\"md\" data-start=\"2133\" data-end=\"2183\">10-\u00b2 Pa (2 horas despu\u00e9s del arranque de la bomba molecular)<\/td>\n<\/tr>\n<tr data-start=\"2184\" data-end=\"2244\">\n<td data-start=\"2184\" data-end=\"2213\" data-col-size=\"sm\">Tasa de aumento de la presi\u00f3n de la c\u00e1mara<\/td>\n<td data-col-size=\"md\" data-start=\"2213\" data-end=\"2244\">\u226410 Pa\/h (post-calcinaci\u00f3n)<\/td>\n<\/tr>\n<tr data-start=\"2245\" data-end=\"2285\">\n<td data-start=\"2245\" data-end=\"2274\" data-col-size=\"sm\">Recorrido inferior de la tapa del horno<\/td>\n<td data-col-size=\"md\" data-start=\"2274\" data-end=\"2285\">1500 mm<\/td>\n<\/tr>\n<tr data-start=\"2286\" data-end=\"2324\">\n<td data-start=\"2286\" data-end=\"2303\" data-col-size=\"sm\">M\u00e9todo de calentamiento<\/td>\n<td data-start=\"2303\" data-end=\"2324\" data-col-size=\"md\">Calentamiento por inducci\u00f3n<\/td>\n<\/tr>\n<tr data-start=\"2325\" data-end=\"2357\">\n<td data-start=\"2325\" data-end=\"2347\" data-col-size=\"sm\">Temperatura m\u00e1xima<\/td>\n<td data-start=\"2347\" data-end=\"2357\" data-col-size=\"md\">2400\u00b0C<\/td>\n<\/tr>\n<tr data-start=\"2358\" data-end=\"2392\">\n<td data-start=\"2358\" data-end=\"2381\" data-col-size=\"sm\">Calefacci\u00f3n Fuente de alimentaci\u00f3n<\/td>\n<td data-start=\"2381\" data-end=\"2392\" data-col-size=\"md\">2\u00d740 kW<\/td>\n<\/tr>\n<tr data-start=\"2393\" data-end=\"2454\">\n<td data-start=\"2393\" data-end=\"2419\" data-col-size=\"sm\">Medici\u00f3n de la temperatura<\/td>\n<td data-col-size=\"md\" data-start=\"2419\" data-end=\"2454\">Term\u00f3metro de infrarrojos de dos colores<\/td>\n<\/tr>\n<tr data-start=\"2455\" data-end=\"2489\">\n<td data-start=\"2455\" data-end=\"2475\" data-col-size=\"sm\">Temperatura<\/td>\n<td data-col-size=\"md\" data-start=\"2475\" data-end=\"2489\">900-3000\u00b0C<\/td>\n<\/tr>\n<tr data-start=\"2490\" data-end=\"2529\">\n<td data-start=\"2490\" data-end=\"2521\" data-col-size=\"sm\">Precisi\u00f3n del control de temperatura<\/td>\n<td data-col-size=\"md\" data-start=\"2521\" data-end=\"2529\">\u00b11\u00b0C<\/td>\n<\/tr>\n<tr data-start=\"2530\" data-end=\"2569\">\n<td data-start=\"2530\" data-end=\"2555\" data-col-size=\"sm\">Rango de control de presi\u00f3n<\/td>\n<td data-col-size=\"md\" data-start=\"2555\" data-end=\"2569\">1-700 mbar<\/td>\n<\/tr>\n<tr data-start=\"2570\" data-end=\"2631\">\n<td data-start=\"2570\" data-end=\"2598\" data-col-size=\"sm\">Precisi\u00f3n del control de presi\u00f3n<\/td>\n<td data-col-size=\"md\" data-start=\"2598\" data-end=\"2631\">1-5 mbar (seg\u00fan la gama)<\/td>\n<\/tr>\n<tr data-start=\"2632\" data-end=\"2723\">\n<td data-start=\"2632\" data-end=\"2649\" data-col-size=\"sm\">M\u00e9todo de carga<\/td>\n<td data-col-size=\"md\" data-start=\"2649\" data-end=\"2723\">Carga inferior; carretilla de descarga opcional y puntos de temperatura dobles<\/td>\n<\/tr>\n<\/tbody>\n<\/table>\n<\/div>\n<\/div>\n<h2 data-section-id=\"13tlhcf\" data-start=\"2730\" data-end=\"2756\"><span role=\"text\"><strong data-start=\"2733\" data-end=\"2754\">Ventajas del dise\u00f1o<\/strong><\/span><\/h2>\n<ol data-start=\"2757\" data-end=\"3517\">\n<li data-section-id=\"7ymlfh\" data-start=\"2757\" data-end=\"2882\">La carga de alta capacidad permite que un solo horno alimente varios hornos de cristal largo, lo que mejora la eficacia de la producci\u00f3n.<\/li>\n<li data-section-id=\"y3ubiu\" data-start=\"2883\" data-end=\"2982\">La doble fuente de alimentaci\u00f3n con id\u00e9ntica frecuencia garantiza un control preciso del gradiente de temperatura axial.<\/li>\n<li data-section-id=\"7q7579\" data-start=\"2983\" data-end=\"3103\">La medici\u00f3n de temperatura por infrarrojos superior e inferior facilita la supervisi\u00f3n de la temperatura en tiempo real y la depuraci\u00f3n del proceso.<\/li>\n<li data-section-id=\"3k74b3\" data-start=\"3104\" data-end=\"3219\">La alta precisi\u00f3n del vac\u00edo, la presi\u00f3n y el control de la temperatura garantizan la s\u00edntesis de materias primas de SiC ultrapuras.<\/li>\n<li data-section-id=\"1voekay\" data-start=\"3220\" data-end=\"3316\">Sistema de carga\/descarga seguro y fiable, equipado opcionalmente con una carretilla elevadora de descarga.<\/li>\n<li data-section-id=\"p45f8k\" data-start=\"3317\" data-end=\"3417\">Las v\u00e1lvulas de mariposa de alta precisi\u00f3n y los controladores de caudal m\u00e1sico mantienen estable la atm\u00f3sfera del proceso.<\/li>\n<li data-section-id=\"4p07o1\" data-start=\"3418\" data-end=\"3517\">El dise\u00f1o modular permite la disposici\u00f3n lado a lado, optimizando el espacio y la utilizaci\u00f3n de la planta.<\/li>\n<\/ol>\n<p><img decoding=\"async\" class=\"wp-image-1991 size-full aligncenter\" src=\"https:\/\/www.zmsh-semitech.com\/wp-content\/uploads\/2026\/03\/Sic-raw-material-synthesis-furnace6.png\" alt=\"\" width=\"680\" height=\"352\" srcset=\"https:\/\/www.zmsh-semitech.com\/wp-content\/uploads\/2026\/03\/Sic-raw-material-synthesis-furnace6.png 680w, https:\/\/www.zmsh-semitech.com\/wp-content\/uploads\/2026\/03\/Sic-raw-material-synthesis-furnace6-300x155.png 300w, https:\/\/www.zmsh-semitech.com\/wp-content\/uploads\/2026\/03\/Sic-raw-material-synthesis-furnace6-18x9.png 18w, https:\/\/www.zmsh-semitech.com\/wp-content\/uploads\/2026\/03\/Sic-raw-material-synthesis-furnace6-600x311.png 600w\" sizes=\"(max-width: 680px) 100vw, 680px\" \/><\/p>\n<h2 data-section-id=\"1imsgo3\" data-start=\"3524\" data-end=\"3558\"><span role=\"text\"><strong data-start=\"3527\" data-end=\"3556\">Aplicaciones y ventajas<\/strong><\/span><\/h2>\n<p data-start=\"3559\" data-end=\"3737\">El horno de s\u00edntesis de materia prima de SiC produce eficazmente carburo de silicio de alta pureza, alcanzando purezas de 99,999% o superiores. La materia prima de SiC sintetizada es ideal para:<\/p>\n<ul data-start=\"3738\" data-end=\"4228\">\n<li data-section-id=\"1fodfy7\" data-start=\"3738\" data-end=\"3850\"><strong data-start=\"3740\" data-end=\"3766\">Crecimiento monocristalino:<\/strong> Producci\u00f3n de cristales de SiC de alta calidad para dispositivos de potencia como MOSFET y diodos.<\/li>\n<li data-section-id=\"be6ua8\" data-start=\"3851\" data-end=\"3955\"><strong data-start=\"3853\" data-end=\"3875\">Electr\u00f3nica de potencia:<\/strong> Dispositivos de alto voltaje, bajas p\u00e9rdidas y alta frecuencia.<\/li>\n<li data-section-id=\"2a320o\" data-start=\"3956\" data-end=\"4083\"><strong data-start=\"3958\" data-end=\"3994\">Automoci\u00f3n y energ\u00edas renovables:<\/strong> Mejora de veh\u00edculos el\u00e9ctricos, inversores solares y otras aplicaciones de alto rendimiento.<\/li>\n<li data-section-id=\"1kgacmz\" data-start=\"4084\" data-end=\"4228\"><strong data-start=\"4086\" data-end=\"4128\">Cer\u00e1mica avanzada y dispositivos \u00f3pticos:<\/strong> Ampliaci\u00f3n de las aplicaciones del SiC m\u00e1s all\u00e1 de los semiconductores, hacia la cer\u00e1mica industrial y los componentes \u00f3pticos.<\/li>\n<\/ul>\n<h2 data-section-id=\"tdegxz\" data-start=\"4235\" data-end=\"4257\"><span role=\"text\"><strong data-start=\"4238\" data-end=\"4255\">Servicios ZMSH<\/strong><\/span><\/h2>\n<p data-start=\"4258\" data-end=\"4725\">ZMSH ofrece apoyo completo al proceso, desde el dise\u00f1o y la fabricaci\u00f3n del horno hasta el servicio posventa. Esto incluye la personalizaci\u00f3n del equipo, la optimizaci\u00f3n del proceso y la formaci\u00f3n t\u00e9cnica. Con tecnolog\u00eda avanzada y una amplia experiencia en la industria, ZMSH garantiza una alta eficiencia, un funcionamiento estable con bajo consumo de energ\u00eda y ofrece soporte t\u00e9cnico r\u00e1pido las 24 horas del d\u00eda para ayudar a los clientes a lograr la producci\u00f3n a gran escala de materias primas de carburo de silicio de alta pureza.<\/p>\n<h2 data-section-id=\"1uqg4yw\" data-start=\"4732\" data-end=\"4773\"><span role=\"text\"><strong data-start=\"4735\" data-end=\"4771\">Preguntas m\u00e1s frecuentes (FAQ)<\/strong><\/span><\/h2>\n<p data-start=\"4774\" data-end=\"5024\"><strong data-start=\"4774\" data-end=\"4842\">P1: \u00bfPara qu\u00e9 sirve un horno de s\u00edntesis de materias primas de SiC?<\/strong><br data-start=\"4842\" data-end=\"4845\" \/>R: Se utiliza para producir materias primas de carburo de silicio (SiC) de gran pureza mediante reacciones qu\u00edmicas a alta temperatura, esenciales para semiconductores, cer\u00e1micas y componentes \u00f3pticos.<\/p>\n<p data-start=\"5026\" data-end=\"5265\"><strong data-start=\"5026\" data-end=\"5104\">P2: \u00bfPor qu\u00e9 es importante un horno de s\u00edntesis de SiC para la producci\u00f3n de semiconductores?<\/strong><br data-start=\"5104\" data-end=\"5107\" \/>R: Permite la producci\u00f3n de SiC ultrapuro, que es crucial para cultivar cristales de SiC de alta calidad utilizados en electr\u00f3nica de potencia y dispositivos de alta frecuencia.<\/p>\n<p data-start=\"5267\" data-end=\"5449\"><strong data-start=\"5267\" data-end=\"5327\">P3: \u00bfCu\u00e1l es la capacidad m\u00e1xima de carga del horno?<\/strong><br data-start=\"5327\" data-end=\"5330\" \/>R: La capacidad de carga est\u00e1ndar es de 50 kg, lo que permite la producci\u00f3n a gran escala y la alimentaci\u00f3n de varios hornos de cristal.<\/p>\n<p data-start=\"5451\" data-end=\"5708\"><strong data-start=\"5451\" data-end=\"5526\">P4: \u00bfCu\u00e1les son las precisiones de control de temperatura y presi\u00f3n del horno?<\/strong><br data-start=\"5526\" data-end=\"5529\" \/>R: La precisi\u00f3n del control de temperatura es de \u00b11\u00b0C. La precisi\u00f3n del control de la presi\u00f3n oscila entre \u00b10,1 mbar y \u00b10,5 mbar en funci\u00f3n del rango de presi\u00f3n, lo que garantiza una s\u00edntesis estable de SiC de gran pureza.<\/p>","protected":false},"excerpt":{"rendered":"<p>El horno de s\u00edntesis de materias primas de SiC de 50 kg es un horno especializado de alta temperatura dise\u00f1ado para producir materias primas de carburo de silicio (SiC) de gran pureza. Como semiconductor cr\u00edtico y material cer\u00e1mico, el SiC se aplica ampliamente en electr\u00f3nica de potencia, dispositivos de alta temperatura, materiales resistentes al desgaste y componentes \u00f3pticos.<\/p>","protected":false},"featured_media":1984,"comment_status":"open","ping_status":"closed","template":"","meta":{"site-sidebar-layout":"default","site-content-layout":"","ast-site-content-layout":"default","site-content-style":"default","site-sidebar-style":"default","ast-global-header-display":"","ast-banner-title-visibility":"","ast-main-header-display":"","ast-hfb-above-header-display":"","ast-hfb-below-header-display":"","ast-hfb-mobile-header-display":"","site-post-title":"","ast-breadcrumbs-content":"","ast-featured-img":"","footer-sml-layout":"","ast-disable-related-posts":"","theme-transparent-header-meta":"default","adv-header-id-meta":"","stick-header-meta":"default","header-above-stick-meta":"","header-main-stick-meta":"","header-below-stick-meta":"","astra-migrate-meta-layouts":"set","ast-page-background-enabled":"default","ast-page-background-meta":{"desktop":{"background-color":"var(--ast-global-color-4)","background-image":"","background-repeat":"repeat","background-position":"center center","background-size":"auto","background-attachment":"scroll","background-type":"","background-media":"","overlay-type":"","overlay-color":"","overlay-opacity":"","overlay-gradient":""},"tablet":{"background-color":"","background-image":"","background-repeat":"repeat","background-position":"center center","background-size":"auto","background-attachment":"scroll","background-type":"","background-media":"","overlay-type":"","overlay-color":"","overlay-opacity":"","overlay-gradient":""},"mobile":{"background-color":"","background-image":"","background-repeat":"repeat","background-position":"center center","background-size":"auto","background-attachment":"scroll","background-type":"","background-media":"","overlay-type":"","overlay-color":"","overlay-opacity":"","overlay-gradient":""}},"ast-content-background-meta":{"desktop":{"background-color":"var(--ast-global-color-5)","background-image":"","background-repeat":"repeat","background-position":"center center","background-size":"auto","background-attachment":"scroll","background-type":"","background-media":"","overlay-type":"","overlay-color":"","overlay-opacity":"","overlay-gradient":""},"tablet":{"background-color":"var(--ast-global-color-5)","background-image":"","background-repeat":"repeat","background-position":"center center","background-size":"auto","background-attachment":"scroll","background-type":"","background-media":"","overlay-type":"","overlay-color":"","overlay-opacity":"","overlay-gradient":""},"mobile":{"background-color":"var(--ast-global-color-5)","background-image":"","background-repeat":"repeat","background-position":"center center","background-size":"auto","background-attachment":"scroll","background-type":"","background-media":"","overlay-type":"","overlay-color":"","overlay-opacity":"","overlay-gradient":""}}},"product_brand":[],"product_cat":[15],"product_tag":[489,504,506,492,496,500,499,505,498,495,507,494,493,501,490,503,491,486,502,497,508],"class_list":{"0":"post-1981","1":"product","2":"type-product","3":"status-publish","4":"has-post-thumbnail","6":"product_cat-crystal-growth-furnace","7":"product_tag-50kg-sic-raw-material-synthesis-furnace","8":"product_tag-crystal-growth","9":"product_tag-furnace-automation","10":"product_tag-high-purity-sic","11":"product_tag-high-temperature-devices","12":"product_tag-high-temperature-furnace","13":"product_tag-induction-heating-furnace","14":"product_tag-industrial-sic-production","15":"product_tag-optical-devices","16":"product_tag-power-electronics","17":"product_tag-pressure-control","18":"product_tag-semiconductor-materials","19":"product_tag-sic-crystal-preparation","20":"product_tag-sic-powder-production","21":"product_tag-sic-raw-material-furnace","22":"product_tag-sic-single-crystal","23":"product_tag-silicon-carbide-synthesis-furnace","24":"product_tag-temperature-control","25":"product_tag-ultra-pure-sic","26":"product_tag-wear-resistant-materials","27":"product_tag-zmsh-equipment","28":"desktop-align-left","29":"tablet-align-left","30":"mobile-align-left","31":"ast-product-gallery-layout-horizontal-slider","32":"ast-product-tabs-layout-horizontal","34":"first","35":"instock","36":"shipping-taxable","37":"product-type-simple"},"_links":{"self":[{"href":"https:\/\/www.zmsh-semitech.com\/es\/wp-json\/wp\/v2\/product\/1981","targetHints":{"allow":["GET"]}}],"collection":[{"href":"https:\/\/www.zmsh-semitech.com\/es\/wp-json\/wp\/v2\/product"}],"about":[{"href":"https:\/\/www.zmsh-semitech.com\/es\/wp-json\/wp\/v2\/types\/product"}],"replies":[{"embeddable":true,"href":"https:\/\/www.zmsh-semitech.com\/es\/wp-json\/wp\/v2\/comments?post=1981"}],"version-history":[{"count":3,"href":"https:\/\/www.zmsh-semitech.com\/es\/wp-json\/wp\/v2\/product\/1981\/revisions"}],"predecessor-version":[{"id":1992,"href":"https:\/\/www.zmsh-semitech.com\/es\/wp-json\/wp\/v2\/product\/1981\/revisions\/1992"}],"wp:featuredmedia":[{"embeddable":true,"href":"https:\/\/www.zmsh-semitech.com\/es\/wp-json\/wp\/v2\/media\/1984"}],"wp:attachment":[{"href":"https:\/\/www.zmsh-semitech.com\/es\/wp-json\/wp\/v2\/media?parent=1981"}],"wp:term":[{"taxonomy":"product_brand","embeddable":true,"href":"https:\/\/www.zmsh-semitech.com\/es\/wp-json\/wp\/v2\/product_brand?post=1981"},{"taxonomy":"product_cat","embeddable":true,"href":"https:\/\/www.zmsh-semitech.com\/es\/wp-json\/wp\/v2\/product_cat?post=1981"},{"taxonomy":"product_tag","embeddable":true,"href":"https:\/\/www.zmsh-semitech.com\/es\/wp-json\/wp\/v2\/product_tag?post=1981"}],"curies":[{"name":"wp","href":"https:\/\/api.w.org\/{rel}","templated":true}]}}