{"id":1948,"date":"2026-03-17T07:21:48","date_gmt":"2026-03-17T07:21:48","guid":{"rendered":"https:\/\/www.zmsh-semitech.com\/?post_type=product&#038;p=1948"},"modified":"2026-03-20T07:22:42","modified_gmt":"2026-03-20T07:22:42","slug":"sic-crystal-growth-furnace-pvt-lpe-ht-cvd-for-high-quality-silicon-carbide-single-crystal-production","status":"publish","type":"product","link":"https:\/\/www.zmsh-semitech.com\/es\/product\/sic-crystal-growth-furnace-pvt-lpe-ht-cvd-for-high-quality-silicon-carbide-single-crystal-production\/","title":{"rendered":"Horno de crecimiento de cristales de SiC (PVT \/ LPE \/ HT-CVD) para la producci\u00f3n de monocristales de carburo de silicio de alta calidad"},"content":{"rendered":"<p data-start=\"204\" data-end=\"416\"><img fetchpriority=\"high\" decoding=\"async\" class=\"size-medium wp-image-1950 alignright\" src=\"https:\/\/www.zmsh-semitech.com\/wp-content\/uploads\/2026\/03\/sic_crystal_growth_furnace_pvt_lpe_ht_cvd_high_quality_sic_single_crystal_growth_method-300x259.webp\" alt=\"\" width=\"300\" height=\"259\" srcset=\"https:\/\/www.zmsh-semitech.com\/wp-content\/uploads\/2026\/03\/sic_crystal_growth_furnace_pvt_lpe_ht_cvd_high_quality_sic_single_crystal_growth_method-300x259.webp 300w, https:\/\/www.zmsh-semitech.com\/wp-content\/uploads\/2026\/03\/sic_crystal_growth_furnace_pvt_lpe_ht_cvd_high_quality_sic_single_crystal_growth_method-14x12.webp 14w, https:\/\/www.zmsh-semitech.com\/wp-content\/uploads\/2026\/03\/sic_crystal_growth_furnace_pvt_lpe_ht_cvd_high_quality_sic_single_crystal_growth_method-600x518.webp 600w, https:\/\/www.zmsh-semitech.com\/wp-content\/uploads\/2026\/03\/sic_crystal_growth_furnace_pvt_lpe_ht_cvd_high_quality_sic_single_crystal_growth_method.webp 750w\" sizes=\"(max-width: 300px) 100vw, 300px\" \/>El horno de crecimiento de cristales de carburo de silicio (SiC) es un equipo fundamental para la producci\u00f3n de monocristales de carburo de silicio (SiC) de alta calidad utilizados en electr\u00f3nica de potencia, dispositivos de radiofrecuencia y aplicaciones de semiconductores avanzados.<\/p>\n<p data-start=\"418\" data-end=\"489\">Nuestros sistemas admiten m\u00faltiples tecnolog\u00edas de crecimiento dominantes, entre ellas:<\/p>\n<ul data-start=\"491\" data-end=\"612\">\n<li data-section-id=\"12iy5p3\" data-start=\"491\" data-end=\"525\">\n<p data-start=\"493\" data-end=\"525\">Transporte f\u00edsico de vapor (PVT)<\/p>\n<\/li>\n<li data-section-id=\"yxgf5n\" data-start=\"526\" data-end=\"556\">\n<p data-start=\"528\" data-end=\"556\">Epitaxia en fase l\u00edquida (LPE)<\/p>\n<\/li>\n<li data-section-id=\"ch2v4w\" data-start=\"557\" data-end=\"612\">\n<p data-start=\"559\" data-end=\"612\">Deposici\u00f3n qu\u00edmica en fase vapor a alta temperatura (HT-CVD)<\/p>\n<\/li>\n<\/ul>\n<p data-start=\"614\" data-end=\"833\">Con un control preciso de la alta temperatura, el vac\u00edo y el flujo de gas, el horno permite una producci\u00f3n estable de cristales de SiC de alta pureza y bajos defectos en tama\u00f1os de 4 a 6 pulgadas, con posibilidad de personalizaci\u00f3n para di\u00e1metros mayores.<\/p>\n<h2 data-section-id=\"z1sk7h\" data-start=\"840\" data-end=\"883\"><span role=\"text\">M\u00e9todos de crecimiento de cristales de SiC soportados<\/span><\/h2>\n<h3 data-section-id=\"kspzpi\" data-start=\"885\" data-end=\"926\"><span role=\"text\">1. Transporte f\u00edsico de vapor (PVT)<\/span><\/h3>\n<p data-start=\"928\" data-end=\"1108\">Principio de proceso:<br data-start=\"950\" data-end=\"953\" \/><img decoding=\"async\" class=\"size-medium wp-image-1953 alignright\" src=\"https:\/\/www.zmsh-semitech.com\/wp-content\/uploads\/2026\/03\/Sic-Crystal-Growth-Furnace-PVT-LPE-HT-CVD-High-Quality-Sic-Single-Crystal-Growth-Method5-300x130.jpg\" alt=\"\" width=\"300\" height=\"130\" srcset=\"https:\/\/www.zmsh-semitech.com\/wp-content\/uploads\/2026\/03\/Sic-Crystal-Growth-Furnace-PVT-LPE-HT-CVD-High-Quality-Sic-Single-Crystal-Growth-Method5-300x130.jpg 300w, https:\/\/www.zmsh-semitech.com\/wp-content\/uploads\/2026\/03\/Sic-Crystal-Growth-Furnace-PVT-LPE-HT-CVD-High-Quality-Sic-Single-Crystal-Growth-Method5-18x8.jpg 18w, https:\/\/www.zmsh-semitech.com\/wp-content\/uploads\/2026\/03\/Sic-Crystal-Growth-Furnace-PVT-LPE-HT-CVD-High-Quality-Sic-Single-Crystal-Growth-Method5-600x261.jpg 600w, https:\/\/www.zmsh-semitech.com\/wp-content\/uploads\/2026\/03\/Sic-Crystal-Growth-Furnace-PVT-LPE-HT-CVD-High-Quality-Sic-Single-Crystal-Growth-Method5.jpg 679w\" sizes=\"(max-width: 300px) 100vw, 300px\" \/>El polvo de SiC se sublima a temperaturas superiores a 2000\u00b0C. Las especies de vapor se transportan a lo largo de un gradiente de temperatura y recristalizan en un cristal semilla.<\/p>\n<p data-start=\"1110\" data-end=\"1127\">Caracter\u00edsticas principales:<\/p>\n<ul data-start=\"1128\" data-end=\"1374\">\n<li data-section-id=\"1m5h759\" data-start=\"1128\" data-end=\"1177\">\n<p data-start=\"1130\" data-end=\"1177\">Crisol de grafito de gran pureza y soporte para semillas<\/p>\n<\/li>\n<li data-section-id=\"obcs2k\" data-start=\"1178\" data-end=\"1239\">\n<p data-start=\"1180\" data-end=\"1239\">Termopar integrado + control de temperatura por infrarrojos<\/p>\n<\/li>\n<li data-section-id=\"1ahok9n\" data-start=\"1240\" data-end=\"1284\">\n<p data-start=\"1242\" data-end=\"1284\">Sistema de control de flujo de vac\u00edo y gas inerte<\/p>\n<\/li>\n<li data-section-id=\"ltafbu\" data-start=\"1285\" data-end=\"1324\">\n<p data-start=\"1287\" data-end=\"1324\">Control autom\u00e1tico de procesos basado en PLC<\/p>\n<\/li>\n<li data-section-id=\"1ubyld1\" data-start=\"1325\" data-end=\"1374\">\n<p data-start=\"1327\" data-end=\"1374\">Integraci\u00f3n de refrigeraci\u00f3n y tratamiento de gases de escape<\/p>\n<\/li>\n<\/ul>\n<p data-start=\"1376\" data-end=\"1391\">Ventajas:<\/p>\n<ul data-start=\"1392\" data-end=\"1507\">\n<li data-section-id=\"1skc6sa\" data-start=\"1392\" data-end=\"1432\">\n<p data-start=\"1394\" data-end=\"1432\">Tecnolog\u00eda madura y ampliamente adoptada<\/p>\n<\/li>\n<li data-section-id=\"696hi4\" data-start=\"1433\" data-end=\"1466\">\n<p data-start=\"1435\" data-end=\"1466\">Coste de equipamiento relativamente bajo<\/p>\n<\/li>\n<li data-section-id=\"4ihzdk\" data-start=\"1467\" data-end=\"1507\">\n<p data-start=\"1469\" data-end=\"1507\">Adecuado para el crecimiento de cristales de SiC a granel<\/p>\n<\/li>\n<\/ul>\n<p data-start=\"1509\" data-end=\"1526\">Aplicaciones:<\/p>\n<ul data-start=\"1527\" data-end=\"1590\">\n<li data-section-id=\"16plruj\" data-start=\"1527\" data-end=\"1590\">\n<p data-start=\"1529\" data-end=\"1590\">Producci\u00f3n de sustratos de SiC semiaislantes y conductores<\/p>\n<\/li>\n<\/ul>\n<h3 data-section-id=\"1lkfnea\" data-start=\"1597\" data-end=\"1659\"><span role=\"text\">2. Deposici\u00f3n qu\u00edmica en fase vapor a alta temperatura (HT-CVD)<\/span><\/h3>\n<p data-start=\"1661\" data-end=\"1794\"><img decoding=\"async\" class=\"size-medium wp-image-1954 alignright\" src=\"https:\/\/www.zmsh-semitech.com\/wp-content\/uploads\/2026\/03\/Sic-Crystal-Growth-Furnace-PVT-LPE-HT-CVD-High-Quality-Sic-Single-Crystal-Growth-Method6-300x96.jpg\" alt=\"\" width=\"300\" height=\"96\" srcset=\"https:\/\/www.zmsh-semitech.com\/wp-content\/uploads\/2026\/03\/Sic-Crystal-Growth-Furnace-PVT-LPE-HT-CVD-High-Quality-Sic-Single-Crystal-Growth-Method6-300x96.jpg 300w, https:\/\/www.zmsh-semitech.com\/wp-content\/uploads\/2026\/03\/Sic-Crystal-Growth-Furnace-PVT-LPE-HT-CVD-High-Quality-Sic-Single-Crystal-Growth-Method6-18x6.jpg 18w, https:\/\/www.zmsh-semitech.com\/wp-content\/uploads\/2026\/03\/Sic-Crystal-Growth-Furnace-PVT-LPE-HT-CVD-High-Quality-Sic-Single-Crystal-Growth-Method6-600x192.jpg 600w, https:\/\/www.zmsh-semitech.com\/wp-content\/uploads\/2026\/03\/Sic-Crystal-Growth-Furnace-PVT-LPE-HT-CVD-High-Quality-Sic-Single-Crystal-Growth-Method6.jpg 669w\" sizes=\"(max-width: 300px) 100vw, 300px\" \/>Principio de proceso:<br data-start=\"1683\" data-end=\"1686\" \/>Los gases de alta pureza (por ejemplo, SiH\u2084 + C\u2082H\u2084 \/ C\u2083H\u2088) se descomponen a 1800-2300\u00b0C y depositan SiC sobre el cristal semilla.<\/p>\n<p data-start=\"1796\" data-end=\"1813\">Caracter\u00edsticas principales:<\/p>\n<ul data-start=\"1814\" data-end=\"2010\">\n<li data-section-id=\"136qfh6\" data-start=\"1814\" data-end=\"1864\">\n<p data-start=\"1816\" data-end=\"1864\">Calentamiento por inducci\u00f3n mediante acoplamiento electromagn\u00e9tico<\/p>\n<\/li>\n<li data-section-id=\"a59yxr\" data-start=\"1865\" data-end=\"1919\">\n<p data-start=\"1867\" data-end=\"1919\">Sistema de suministro de gas estable (gases portadores He \/ H\u2082).<\/p>\n<\/li>\n<li data-section-id=\"1cbw0ya\" data-start=\"1920\" data-end=\"1980\">\n<p data-start=\"1922\" data-end=\"1980\">Gradiente de temperatura controlado para la condensaci\u00f3n de cristales<\/p>\n<\/li>\n<li data-section-id=\"xx40zc\" data-start=\"1981\" data-end=\"2010\">\n<p data-start=\"1983\" data-end=\"2010\">Capacidad de dopaje precisa<\/p>\n<\/li>\n<\/ul>\n<p data-start=\"2012\" data-end=\"2027\">Ventajas:<\/p>\n<ul data-start=\"2028\" data-end=\"2102\">\n<li data-section-id=\"xejhn5\" data-start=\"2028\" data-end=\"2050\">\n<p data-start=\"2030\" data-end=\"2050\">Baja densidad de defectos<\/p>\n<\/li>\n<li data-section-id=\"126pemv\" data-start=\"2051\" data-end=\"2074\">\n<p data-start=\"2053\" data-end=\"2074\">Alta pureza cristalina<\/p>\n<\/li>\n<li data-section-id=\"u0lupt\" data-start=\"2075\" data-end=\"2102\">\n<p data-start=\"2077\" data-end=\"2102\">Control antidopaje flexible<\/p>\n<\/li>\n<\/ul>\n<p data-start=\"2104\" data-end=\"2121\">Aplicaciones:<\/p>\n<ul data-start=\"2122\" data-end=\"2185\">\n<li data-section-id=\"1b8jolu\" data-start=\"2122\" data-end=\"2185\">\n<p data-start=\"2124\" data-end=\"2185\">Obleas de SiC de alto rendimiento para dispositivos electr\u00f3nicos avanzados<\/p>\n<\/li>\n<\/ul>\n<h3 data-section-id=\"1gxz1d4\" data-start=\"2192\" data-end=\"2229\"><span role=\"text\">3. Epitaxia en fase l\u00edquida (LPE)<\/span><\/h3>\n<p data-start=\"2231\" data-end=\"2390\"><img loading=\"lazy\" decoding=\"async\" class=\"size-medium wp-image-1955 alignright\" src=\"https:\/\/www.zmsh-semitech.com\/wp-content\/uploads\/2026\/03\/Sic-Crystal-Growth-Furnace-PVT-LPE-HT-CVD-High-Quality-Sic-Single-Crystal-Growth-Method7-300x133.jpg\" alt=\"\" width=\"300\" height=\"133\" srcset=\"https:\/\/www.zmsh-semitech.com\/wp-content\/uploads\/2026\/03\/Sic-Crystal-Growth-Furnace-PVT-LPE-HT-CVD-High-Quality-Sic-Single-Crystal-Growth-Method7-300x133.jpg 300w, https:\/\/www.zmsh-semitech.com\/wp-content\/uploads\/2026\/03\/Sic-Crystal-Growth-Furnace-PVT-LPE-HT-CVD-High-Quality-Sic-Single-Crystal-Growth-Method7-18x8.jpg 18w, https:\/\/www.zmsh-semitech.com\/wp-content\/uploads\/2026\/03\/Sic-Crystal-Growth-Furnace-PVT-LPE-HT-CVD-High-Quality-Sic-Single-Crystal-Growth-Method7-600x266.jpg 600w, https:\/\/www.zmsh-semitech.com\/wp-content\/uploads\/2026\/03\/Sic-Crystal-Growth-Furnace-PVT-LPE-HT-CVD-High-Quality-Sic-Single-Crystal-Growth-Method7.jpg 680w\" sizes=\"(max-width: 300px) 100vw, 300px\" \/>Principio de proceso:<br data-start=\"2253\" data-end=\"2256\" \/>El Si y el C se disuelven en una soluci\u00f3n a alta temperatura (~1800\u00b0C), y el SiC cristaliza a partir de una masa fundida sobresaturada durante un enfriamiento controlado.<\/p>\n<p data-start=\"2392\" data-end=\"2409\">Caracter\u00edsticas principales:<\/p>\n<ul data-start=\"2410\" data-end=\"2570\">\n<li data-section-id=\"1l354m9\" data-start=\"2410\" data-end=\"2449\">\n<p data-start=\"2412\" data-end=\"2449\">Crecimiento de capas epitaxiales de alta calidad<\/p>\n<\/li>\n<li data-section-id=\"1f5uz6v\" data-start=\"2450\" data-end=\"2488\">\n<p data-start=\"2452\" data-end=\"2488\">Baja densidad de defectos y alta pureza<\/p>\n<\/li>\n<li data-section-id=\"1da15oj\" data-start=\"2489\" data-end=\"2531\">\n<p data-start=\"2491\" data-end=\"2531\">Requisitos de equipamiento relativamente reducidos<\/p>\n<\/li>\n<li data-section-id=\"apgmow\" data-start=\"2532\" data-end=\"2570\">\n<p data-start=\"2534\" data-end=\"2570\">Escalable para la producci\u00f3n industrial<\/p>\n<\/li>\n<\/ul>\n<p data-start=\"2572\" data-end=\"2587\">Ventajas:<\/p>\n<ul data-start=\"2588\" data-end=\"2646\">\n<li data-section-id=\"1lh17wx\" data-start=\"2588\" data-end=\"2609\">\n<p data-start=\"2590\" data-end=\"2609\">Menor coste de crecimiento<\/p>\n<\/li>\n<li data-section-id=\"7sa3sd\" data-start=\"2610\" data-end=\"2646\">\n<p data-start=\"2612\" data-end=\"2646\">Mejora de la calidad de la capa epitaxial<\/p>\n<\/li>\n<\/ul>\n<p data-start=\"2648\" data-end=\"2665\">Aplicaciones:<\/p>\n<ul data-start=\"2666\" data-end=\"2761\">\n<li data-section-id=\"u4ixfp\" data-start=\"2666\" data-end=\"2710\">\n<p data-start=\"2668\" data-end=\"2710\">Crecimiento de capas epitaxiales en sustratos de SiC<\/p>\n<\/li>\n<li data-section-id=\"5zhtvl\" data-start=\"2711\" data-end=\"2761\">\n<p data-start=\"2713\" data-end=\"2761\">Fabricaci\u00f3n de dispositivos de potencia de alta eficiencia<\/p>\n<\/li>\n<\/ul>\n<h2 data-section-id=\"1ttn0lq\" data-start=\"2768\" data-end=\"2795\"><span role=\"text\">Ventajas t\u00e9cnicas<\/span><\/h2>\n<ul data-start=\"2797\" data-end=\"3035\">\n<li data-section-id=\"js25p8\" data-start=\"2797\" data-end=\"2837\">\n<p data-start=\"2799\" data-end=\"2837\">Funcionamiento a altas temperaturas (&gt;2000\u00b0C)<\/p>\n<\/li>\n<li data-section-id=\"1jqlm2f\" data-start=\"2838\" data-end=\"2876\">\n<p data-start=\"2840\" data-end=\"2876\">Control estable del vac\u00edo y del flujo de gas<\/p>\n<\/li>\n<li data-section-id=\"gf25zn\" data-start=\"2877\" data-end=\"2911\">\n<p data-start=\"2879\" data-end=\"2911\">Sistema de automatizaci\u00f3n PLC avanzado<\/p>\n<\/li>\n<li data-section-id=\"1oe212f\" data-start=\"2912\" data-end=\"2974\">\n<p data-start=\"2914\" data-end=\"2974\">Dise\u00f1o de horno personalizable (tama\u00f1o, configuraci\u00f3n, proceso)<\/p>\n<\/li>\n<li data-section-id=\"1qtodg6\" data-start=\"2975\" data-end=\"3035\">\n<p data-start=\"2977\" data-end=\"3035\">Compatible con crecimiento de cristal SiC de 4-6 pulgadas (ampliable)<\/p>\n<\/li>\n<\/ul>\n<h2 data-section-id=\"i1urdn\" data-start=\"3042\" data-end=\"3065\"><span role=\"text\">Nuestras capacidades<\/span><\/h2>\n<h3 data-section-id=\"1euwnkw\" data-start=\"3067\" data-end=\"3094\"><span role=\"text\">1. Suministro de equipos<\/span><\/h3>\n<p data-start=\"3095\" data-end=\"3164\">Ofrecemos hornos de crecimiento de cristales de SiC totalmente dise\u00f1ados para:<\/p>\n<ul data-start=\"3165\" data-end=\"3275\">\n<li data-section-id=\"o9p6qu\" data-start=\"3165\" data-end=\"3200\">\n<p data-start=\"3167\" data-end=\"3200\">SiC semiaislante de gran pureza<\/p>\n<\/li>\n<li data-section-id=\"11vwiq6\" data-start=\"3201\" data-end=\"3238\">\n<p data-start=\"3203\" data-end=\"3238\">Producci\u00f3n de cristales de SiC conductores<\/p>\n<\/li>\n<li data-section-id=\"10vy7s\" data-start=\"3239\" data-end=\"3275\">\n<p data-start=\"3241\" data-end=\"3275\">Requisitos para la fabricaci\u00f3n de lotes<\/p>\n<\/li>\n<\/ul>\n<h3 data-section-id=\"phctqp\" data-start=\"3282\" data-end=\"3323\"><span role=\"text\">2. Materias primas y suministro de cristal<\/span><\/h3>\n<p data-start=\"3324\" data-end=\"3334\">Suministramos:<\/p>\n<ul data-start=\"3335\" data-end=\"3401\">\n<li data-section-id=\"1ggi3jo\" data-start=\"3335\" data-end=\"3359\">\n<p data-start=\"3337\" data-end=\"3359\">Materiales b\u00e1sicos de SiC<\/p>\n<\/li>\n<li data-section-id=\"h3kpam\" data-start=\"3360\" data-end=\"3377\">\n<p data-start=\"3362\" data-end=\"3377\">Cristales de semillas<\/p>\n<\/li>\n<li data-section-id=\"1rb4g8j\" data-start=\"3378\" data-end=\"3401\">\n<p data-start=\"3380\" data-end=\"3401\">Consumibles de proceso<\/p>\n<\/li>\n<\/ul>\n<p data-start=\"3403\" data-end=\"3479\">Todos los materiales se someten a estrictos controles de calidad para garantizar la estabilidad del proceso.<\/p>\n<h3 data-section-id=\"lzu290\" data-start=\"3486\" data-end=\"3531\"><span role=\"text\">3. Desarrollo y optimizaci\u00f3n de procesos<\/span><\/h3>\n<p data-start=\"3532\" data-end=\"3562\">Nuestro equipo de ingenieros presta apoyo:<\/p>\n<ul data-start=\"3563\" data-end=\"3669\">\n<li data-section-id=\"1hou4gz\" data-start=\"3563\" data-end=\"3593\">\n<p data-start=\"3565\" data-end=\"3593\">Desarrollo de procesos personalizados<\/p>\n<\/li>\n<li data-section-id=\"1t2cez5\" data-start=\"3594\" data-end=\"3627\">\n<p data-start=\"3596\" data-end=\"3627\">Optimizaci\u00f3n de los par\u00e1metros de crecimiento<\/p>\n<\/li>\n<li data-section-id=\"1bd6gqh\" data-start=\"3628\" data-end=\"3669\">\n<p data-start=\"3630\" data-end=\"3669\">Mejora del rendimiento y de la calidad del cristal<\/p>\n<\/li>\n<\/ul>\n<h3 data-section-id=\"sd0tuu\" data-start=\"3676\" data-end=\"3715\"><span role=\"text\">4. Formaci\u00f3n y asistencia t\u00e9cnica<\/span><\/h3>\n<p data-start=\"3716\" data-end=\"3725\">Ofrecemos:<\/p>\n<ul data-start=\"3726\" data-end=\"3832\">\n<li data-section-id=\"8xwlms\" data-start=\"3726\" data-end=\"3755\">\n<p data-start=\"3728\" data-end=\"3755\">Formaci\u00f3n in situ \/ a distancia<\/p>\n<\/li>\n<li data-section-id=\"113ldb5\" data-start=\"3756\" data-end=\"3788\">\n<p data-start=\"3758\" data-end=\"3788\">Gu\u00eda de funcionamiento del equipo<\/p>\n<\/li>\n<li data-section-id=\"19iv12h\" data-start=\"3789\" data-end=\"3832\">\n<p data-start=\"3791\" data-end=\"3832\">Asistencia para el mantenimiento y la resoluci\u00f3n de problemas<\/p>\n<\/li>\n<\/ul>\n<h2 data-section-id=\"elc90z\" data-start=\"3839\" data-end=\"3849\"><span role=\"text\">PREGUNTAS FRECUENTES<\/span><\/h2>\n<p data-start=\"3851\" data-end=\"4022\">P1: \u00bfCu\u00e1les son los principales m\u00e9todos de crecimiento del cristal de SiC?<br data-start=\"3904\" data-end=\"3907\" \/>R: Los m\u00e9todos principales incluyen PVT, HT-CVD y LPE, cada uno adecuado para diferentes aplicaciones y objetivos de producci\u00f3n.<\/p>\n<p data-start=\"4024\" data-end=\"4230\">P2: \u00bfQu\u00e9 es la epitaxia en fase l\u00edquida (LPE)?<br data-start=\"4067\" data-end=\"4070\" \/>R: El LPE es un m\u00e9todo de crecimiento basado en soluciones en el que una masa fundida saturada se enfr\u00eda lentamente para impulsar el crecimiento de cristales sobre un sustrato, lo que permite obtener capas epitaxiales de alta calidad.<\/p>\n<h2 data-section-id=\"1wz3rnt\" data-start=\"4237\" data-end=\"4278\"><span role=\"text\">\u00bfPor qu\u00e9 elegir nuestro horno de crecimiento SiC?<\/span><\/h2>\n<ul data-start=\"4280\" data-end=\"4496\">\n<li data-section-id=\"1nz5fyj\" data-start=\"4280\" data-end=\"4330\">\n<p data-start=\"4282\" data-end=\"4330\">Experiencia demostrada en ingenier\u00eda de equipos SiC<\/p>\n<\/li>\n<li data-section-id=\"dw2cfr\" data-start=\"4331\" data-end=\"4382\">\n<p data-start=\"4333\" data-end=\"4382\">Compatibilidad multim\u00e9todo (PVT \/ HT-CVD \/ LPE)<\/p>\n<\/li>\n<li data-section-id=\"xciqsn\" data-start=\"4383\" data-end=\"4435\">\n<p data-start=\"4385\" data-end=\"4435\">Soluciones personalizadas para diferentes escalas de producci\u00f3n<\/p>\n<\/li>\n<li data-section-id=\"s3dika\" data-start=\"4436\" data-end=\"4496\">\n<p data-start=\"4438\" data-end=\"4496\">Asistencia durante todo el ciclo de vida (equipos + materiales + procesos)<\/p>\n<\/li>\n<\/ul>","protected":false},"excerpt":{"rendered":"<p data-start=\"204\" data-end=\"416\">El horno de crecimiento de cristales de carburo de silicio (SiC) es un equipo fundamental para la producci\u00f3n de monocristales de carburo de silicio (SiC) de alta calidad utilizados en electr\u00f3nica de potencia, dispositivos de radiofrecuencia y aplicaciones de semiconductores avanzados.<\/p>\n<p data-start=\"418\" data-end=\"489\">Nuestros sistemas admiten m\u00faltiples tecnolog\u00edas de crecimiento dominantes, entre ellas:<\/p>","protected":false},"featured_media":1949,"comment_status":"open","ping_status":"closed","template":"","meta":{"site-sidebar-layout":"default","site-content-layout":"","ast-site-content-layout":"default","site-content-style":"default","site-sidebar-style":"default","ast-global-header-display":"","ast-banner-title-visibility":"","ast-main-header-display":"","ast-hfb-above-header-display":"","ast-hfb-below-header-display":"","ast-hfb-mobile-header-display":"","site-post-title":"","ast-breadcrumbs-content":"","ast-featured-img":"","footer-sml-layout":"","ast-disable-related-posts":"","theme-transparent-header-meta":"default","adv-header-id-meta":"","stick-header-meta":"default","header-above-stick-meta":"","header-main-stick-meta":"","header-below-stick-meta":"","astra-migrate-meta-layouts":"set","ast-page-background-enabled":"default","ast-page-background-meta":{"desktop":{"background-color":"var(--ast-global-color-4)","background-image":"","background-repeat":"repeat","background-position":"center center","background-size":"auto","background-attachment":"scroll","background-type":"","background-media":"","overlay-type":"","overlay-color":"","overlay-opacity":"","overlay-gradient":""},"tablet":{"background-color":"","background-image":"","background-repeat":"repeat","background-position":"center center","background-size":"auto","background-attachment":"scroll","background-type":"","background-media":"","overlay-type":"","overlay-color":"","overlay-opacity":"","overlay-gradient":""},"mobile":{"background-color":"","background-image":"","background-repeat":"repeat","background-position":"center center","background-size":"auto","background-attachment":"scroll","background-type":"","background-media":"","overlay-type":"","overlay-color":"","overlay-opacity":"","overlay-gradient":""}},"ast-content-background-meta":{"desktop":{"background-color":"var(--ast-global-color-5)","background-image":"","background-repeat":"repeat","background-position":"center center","background-size":"auto","background-attachment":"scroll","background-type":"","background-media":"","overlay-type":"","overlay-color":"","overlay-opacity":"","overlay-gradient":""},"tablet":{"background-color":"var(--ast-global-color-5)","background-image":"","background-repeat":"repeat","background-position":"center center","background-size":"auto","background-attachment":"scroll","background-type":"","background-media":"","overlay-type":"","overlay-color":"","overlay-opacity":"","overlay-gradient":""},"mobile":{"background-color":"var(--ast-global-color-5)","background-image":"","background-repeat":"repeat","background-position":"center center","background-size":"auto","background-attachment":"scroll","background-type":"","background-media":"","overlay-type":"","overlay-color":"","overlay-opacity":"","overlay-gradient":""}}},"product_brand":[],"product_cat":[15],"product_tag":[454,455,453,110,451,459,457,456,452,458],"class_list":{"0":"post-1948","1":"product","2":"type-product","3":"status-publish","4":"has-post-thumbnail","6":"product_cat-crystal-growth-furnace","7":"product_tag-ht-cvd-sic","8":"product_tag-lpe-epitaxy-sic","9":"product_tag-pvt-sic-growth","10":"product_tag-semiconductor-equipment","11":"product_tag-sic-crystal-growth-furnace","12":"product_tag-sic-epitaxy-growth","13":"product_tag-sic-single-crystal-growth","14":"product_tag-sic-wafer-production","15":"product_tag-silicon-carbide-furnace","16":"product_tag-silicon-carbide-substrate","17":"desktop-align-left","18":"tablet-align-left","19":"mobile-align-left","20":"ast-product-gallery-layout-horizontal-slider","21":"ast-product-tabs-layout-horizontal","23":"first","24":"instock","25":"shipping-taxable","26":"product-type-simple"},"_links":{"self":[{"href":"https:\/\/www.zmsh-semitech.com\/es\/wp-json\/wp\/v2\/product\/1948","targetHints":{"allow":["GET"]}}],"collection":[{"href":"https:\/\/www.zmsh-semitech.com\/es\/wp-json\/wp\/v2\/product"}],"about":[{"href":"https:\/\/www.zmsh-semitech.com\/es\/wp-json\/wp\/v2\/types\/product"}],"replies":[{"embeddable":true,"href":"https:\/\/www.zmsh-semitech.com\/es\/wp-json\/wp\/v2\/comments?post=1948"}],"version-history":[{"count":2,"href":"https:\/\/www.zmsh-semitech.com\/es\/wp-json\/wp\/v2\/product\/1948\/revisions"}],"predecessor-version":[{"id":1957,"href":"https:\/\/www.zmsh-semitech.com\/es\/wp-json\/wp\/v2\/product\/1948\/revisions\/1957"}],"wp:featuredmedia":[{"embeddable":true,"href":"https:\/\/www.zmsh-semitech.com\/es\/wp-json\/wp\/v2\/media\/1949"}],"wp:attachment":[{"href":"https:\/\/www.zmsh-semitech.com\/es\/wp-json\/wp\/v2\/media?parent=1948"}],"wp:term":[{"taxonomy":"product_brand","embeddable":true,"href":"https:\/\/www.zmsh-semitech.com\/es\/wp-json\/wp\/v2\/product_brand?post=1948"},{"taxonomy":"product_cat","embeddable":true,"href":"https:\/\/www.zmsh-semitech.com\/es\/wp-json\/wp\/v2\/product_cat?post=1948"},{"taxonomy":"product_tag","embeddable":true,"href":"https:\/\/www.zmsh-semitech.com\/es\/wp-json\/wp\/v2\/product_tag?post=1948"}],"curies":[{"name":"wp","href":"https:\/\/api.w.org\/{rel}","templated":true}]}}