{"id":1933,"date":"2026-03-20T05:58:05","date_gmt":"2026-03-20T05:58:05","guid":{"rendered":"https:\/\/www.zmsh-semitech.com\/?post_type=product&#038;p=1933"},"modified":"2026-04-03T05:18:06","modified_gmt":"2026-04-03T05:18:06","slug":"diamond-wire-single-multi-wire-dual-station-cutting-machine-for-sapphire-sic-material-processing","status":"publish","type":"product","link":"https:\/\/www.zmsh-semitech.com\/es\/product\/diamond-wire-single-multi-wire-dual-station-cutting-machine-for-sapphire-sic-material-processing\/","title":{"rendered":"Diamond Wire Multi-Wire Dual-Station Cutting Machine for Sapphire \/ SiC Material Processing"},"content":{"rendered":"<p data-start=\"224\" data-end=\"588\"><img fetchpriority=\"high\" decoding=\"async\" class=\"size-medium wp-image-1934 alignright\" src=\"https:\/\/www.zmsh-semitech.com\/wp-content\/uploads\/2026\/03\/diamond_wire_single_multi_wire_dual_station_cutting_machine_for_sapphire_sic_material_processing-300x300.webp\" alt=\"\" width=\"300\" height=\"300\" srcset=\"https:\/\/www.zmsh-semitech.com\/wp-content\/uploads\/2026\/03\/diamond_wire_single_multi_wire_dual_station_cutting_machine_for_sapphire_sic_material_processing-300x300.webp 300w, https:\/\/www.zmsh-semitech.com\/wp-content\/uploads\/2026\/03\/diamond_wire_single_multi_wire_dual_station_cutting_machine_for_sapphire_sic_material_processing-150x150.webp 150w, https:\/\/www.zmsh-semitech.com\/wp-content\/uploads\/2026\/03\/diamond_wire_single_multi_wire_dual_station_cutting_machine_for_sapphire_sic_material_processing-12x12.webp 12w, https:\/\/www.zmsh-semitech.com\/wp-content\/uploads\/2026\/03\/diamond_wire_single_multi_wire_dual_station_cutting_machine_for_sapphire_sic_material_processing-600x600.webp 600w, https:\/\/www.zmsh-semitech.com\/wp-content\/uploads\/2026\/03\/diamond_wire_single_multi_wire_dual_station_cutting_machine_for_sapphire_sic_material_processing-100x100.webp 100w, https:\/\/www.zmsh-semitech.com\/wp-content\/uploads\/2026\/03\/diamond_wire_single_multi_wire_dual_station_cutting_machine_for_sapphire_sic_material_processing.webp 750w\" sizes=\"(max-width: 300px) 100vw, 300px\" \/>The diamond wire multi-wire dual-station cutting machine is a core equipment for precision processing of brittle materials. By using the high-speed reciprocating motion of diamond wire (steel wire coated with silicon carbide or aluminum oxide particles) and relative abrasion with the workpiece, it achieves accurate cutting of hard materials.<\/p>\n<p data-start=\"590\" data-end=\"936\">El dise\u00f1o de doble estaci\u00f3n admite dos dispositivos de fijaci\u00f3n de piezas de trabajo simult\u00e1neamente (u operaciones alternas), lo que mejora significativamente la eficacia de la producci\u00f3n. Se utiliza ampliamente para el escuadrado, corte y conformado de precisi\u00f3n de materiales como obleas semiconductoras, zafiro, carburo de silicio (SiC), cer\u00e1mica, cuarzo y metales preciosos.<\/p>\n<p data-start=\"938\" data-end=\"1192\">Esta m\u00e1quina integra sistemas de servocontrol, regulaci\u00f3n de tensi\u00f3n y tecnolog\u00edas de corte oscilante, equilibrando eficiencia y precisi\u00f3n, y es una herramienta fundamental en industrias como la fotovoltaica, la de semiconductores y la de fabricaci\u00f3n avanzada.<\/p>\n<h3 data-section-id=\"1880me3\" data-start=\"1199\" data-end=\"1233\"><span role=\"text\">Especificaciones t\u00e9cnicas<\/span><\/h3>\n<div class=\"TyagGW_tableContainer\">\n<div class=\"group TyagGW_tableWrapper flex flex-col-reverse w-fit\" tabindex=\"-1\">\n<table class=\"w-fit min-w-(--thread-content-width)\" data-start=\"1235\" data-end=\"2401\">\n<thead data-start=\"1235\" data-end=\"1264\">\n<tr data-start=\"1235\" data-end=\"1264\">\n<th class=\"\" data-start=\"1235\" data-end=\"1247\" data-col-size=\"md\">Par\u00e1metro<\/th>\n<th class=\"\" data-start=\"1247\" data-end=\"1264\" data-col-size=\"md\">Especificaci\u00f3n<\/th>\n<\/tr>\n<\/thead>\n<tbody data-start=\"1295\" data-end=\"2401\">\n<tr data-start=\"1295\" data-end=\"1330\">\n<td data-start=\"1295\" data-end=\"1303\" data-col-size=\"md\">Modelo<\/td>\n<td data-start=\"1303\" data-end=\"1330\" data-col-size=\"md\">Multi-Wire Saw<\/td>\n<\/tr>\n<tr data-start=\"1331\" data-end=\"1370\">\n<td data-start=\"1331\" data-end=\"1356\" data-col-size=\"md\">Tama\u00f1o m\u00e1ximo de la pieza<\/td>\n<td data-col-size=\"md\" data-start=\"1356\" data-end=\"1370\">\u00f8320\u00d7430mm<\/td>\n<\/tr>\n<tr data-start=\"1371\" data-end=\"1433\">\n<td data-start=\"1371\" data-end=\"1402\" data-col-size=\"md\">Di\u00e1metro del revestimiento del rodillo principal<\/td>\n<td data-col-size=\"md\" data-start=\"1402\" data-end=\"1433\">\u00f8210\u00d7450mm (5 rodillos principales)<\/td>\n<\/tr>\n<tr data-start=\"1434\" data-end=\"1475\">\n<td data-start=\"1434\" data-end=\"1455\" data-col-size=\"md\">Velocidad del cable<\/td>\n<td data-col-size=\"md\" data-start=\"1455\" data-end=\"1475\">1000 (MEZCLA) m\/min<\/td>\n<\/tr>\n<tr data-start=\"1476\" data-end=\"1514\">\n<td data-start=\"1476\" data-end=\"1500\" data-col-size=\"md\">Di\u00e1metro del hilo de diamante<\/td>\n<td data-col-size=\"md\" data-start=\"1500\" data-end=\"1514\">0,2-0,37 mm<\/td>\n<\/tr>\n<tr data-start=\"1515\" data-end=\"1586\">\n<td data-start=\"1515\" data-end=\"1554\" data-col-size=\"md\">Capacidad de almacenamiento de la l\u00ednea (rueda de suministro)<\/td>\n<td data-col-size=\"md\" data-start=\"1554\" data-end=\"1586\">20 km (0,25 mm de di\u00e1metro de cable)<\/td>\n<\/tr>\n<tr data-start=\"1587\" data-end=\"1625\">\n<td data-start=\"1587\" data-end=\"1613\" data-col-size=\"md\">Gama de espesores de corte<\/td>\n<td data-col-size=\"md\" data-start=\"1613\" data-end=\"1625\">1,5-80 mm<\/td>\n<\/tr>\n<tr data-start=\"1626\" data-end=\"1656\">\n<td data-start=\"1626\" data-end=\"1645\" data-col-size=\"md\">Precisi\u00f3n de corte<\/td>\n<td data-col-size=\"md\" data-start=\"1645\" data-end=\"1656\">\u00b10,01 mm<\/td>\n<\/tr>\n<tr data-start=\"1657\" data-end=\"1707\">\n<td data-start=\"1657\" data-end=\"1698\" data-col-size=\"md\">Carrera de elevaci\u00f3n vertical de la estaci\u00f3n de trabajo<\/td>\n<td data-col-size=\"md\" data-start=\"1698\" data-end=\"1707\">350 mm<\/td>\n<\/tr>\n<tr data-start=\"1708\" data-end=\"1778\">\n<td data-start=\"1708\" data-end=\"1725\" data-col-size=\"md\">M\u00e9todo de corte<\/td>\n<td data-col-size=\"md\" data-start=\"1725\" data-end=\"1778\">El banco de trabajo oscila; el hilo de diamante permanece fijo<\/td>\n<\/tr>\n<tr data-start=\"1779\" data-end=\"1817\">\n<td data-start=\"1779\" data-end=\"1800\" data-col-size=\"md\">Velocidad de avance de corte<\/td>\n<td data-col-size=\"md\" data-start=\"1800\" data-end=\"1817\">0,01-10 mm\/min<\/td>\n<\/tr>\n<tr data-start=\"1818\" data-end=\"1839\">\n<td data-start=\"1818\" data-end=\"1831\" data-col-size=\"md\">Dep\u00f3sito de agua<\/td>\n<td data-col-size=\"md\" data-start=\"1831\" data-end=\"1839\">300L<\/td>\n<\/tr>\n<tr data-start=\"1840\" data-end=\"1899\">\n<td data-start=\"1840\" data-end=\"1856\" data-col-size=\"md\">Fluido de corte<\/td>\n<td data-col-size=\"md\" data-start=\"1856\" data-end=\"1899\">Fluido de corte antioxidante de alto rendimiento<\/td>\n<\/tr>\n<tr data-start=\"1900\" data-end=\"1921\">\n<td data-start=\"1900\" data-end=\"1914\" data-col-size=\"md\">\u00c1ngulo de giro<\/td>\n<td data-col-size=\"md\" data-start=\"1914\" data-end=\"1921\">\u00b18\u00b0<\/td>\n<\/tr>\n<tr data-start=\"1922\" data-end=\"1947\">\n<td data-start=\"1922\" data-end=\"1936\" data-col-size=\"md\">Velocidad de oscilaci\u00f3n<\/td>\n<td data-col-size=\"md\" data-start=\"1936\" data-end=\"1947\">0.83\u00b0\/s<\/td>\n<\/tr>\n<tr data-start=\"1948\" data-end=\"2002\">\n<td data-start=\"1948\" data-end=\"1974\" data-col-size=\"md\">Tensi\u00f3n m\u00e1xima de corte<\/td>\n<td data-col-size=\"md\" data-start=\"1974\" data-end=\"2002\">100N (unidad m\u00ednima 0,1N)<\/td>\n<\/tr>\n<tr data-start=\"2003\" data-end=\"2028\">\n<td data-start=\"2003\" data-end=\"2019\" data-col-size=\"md\">Profundidad de corte<\/td>\n<td data-col-size=\"md\" data-start=\"2019\" data-end=\"2028\">430 mm<\/td>\n<\/tr>\n<tr data-start=\"2029\" data-end=\"2049\">\n<td data-start=\"2029\" data-end=\"2044\" data-col-size=\"md\">Puestos de trabajo<\/td>\n<td data-col-size=\"md\" data-start=\"2044\" data-end=\"2049\">2<\/td>\n<\/tr>\n<tr data-start=\"2050\" data-end=\"2102\">\n<td data-start=\"2050\" data-end=\"2065\" data-col-size=\"md\">Fuente de alimentaci\u00f3n<\/td>\n<td data-col-size=\"md\" data-start=\"2065\" data-end=\"2102\">Trif\u00e1sico de cinco hilos AC380V\/50Hz<\/td>\n<\/tr>\n<tr data-start=\"2103\" data-end=\"2134\">\n<td data-start=\"2103\" data-end=\"2125\" data-col-size=\"md\">Potencia total de la m\u00e1quina<\/td>\n<td data-col-size=\"md\" data-start=\"2125\" data-end=\"2134\">\u226452kW<\/td>\n<\/tr>\n<tr data-start=\"2135\" data-end=\"2159\">\n<td data-start=\"2135\" data-end=\"2148\" data-col-size=\"md\">Motor principal<\/td>\n<td data-col-size=\"md\" data-start=\"2148\" data-end=\"2159\">7,5\u00d73 kW<\/td>\n<\/tr>\n<tr data-start=\"2160\" data-end=\"2187\">\n<td data-start=\"2160\" data-end=\"2175\" data-col-size=\"md\">Cableado Motor<\/td>\n<td data-start=\"2175\" data-end=\"2187\" data-col-size=\"md\">0,75\u00d72kW<\/td>\n<\/tr>\n<tr data-start=\"2188\" data-end=\"2223\">\n<td data-start=\"2188\" data-end=\"2212\" data-col-size=\"md\">Motor de giro del banco de trabajo<\/td>\n<td data-col-size=\"md\" data-start=\"2212\" data-end=\"2223\">1,3\u00d72 kW<\/td>\n<\/tr>\n<tr data-start=\"2224\" data-end=\"2259\">\n<td data-start=\"2224\" data-end=\"2248\" data-col-size=\"md\">Motor de control de tensi\u00f3n<\/td>\n<td data-start=\"2248\" data-end=\"2259\" data-col-size=\"md\">4,4\u00d72 kW<\/td>\n<\/tr>\n<tr data-start=\"2260\" data-end=\"2305\">\n<td data-start=\"2260\" data-end=\"2294\" data-col-size=\"md\">Motor de liberaci\u00f3n y recogida de cables<\/td>\n<td data-start=\"2294\" data-end=\"2305\" data-col-size=\"md\">5,5\u00d72 kW<\/td>\n<\/tr>\n<tr data-start=\"2306\" data-end=\"2373\">\n<td data-start=\"2306\" data-end=\"2353\" data-col-size=\"md\">Dimensiones exteriores (sin caja de balancines)<\/td>\n<td data-start=\"2353\" data-end=\"2373\" data-col-size=\"md\">2310\u00d72660\u00d72893mm<\/td>\n<\/tr>\n<tr data-start=\"2374\" data-end=\"2401\">\n<td data-start=\"2374\" data-end=\"2391\" data-col-size=\"md\">Peso de la m\u00e1quina<\/td>\n<td data-start=\"2391\" data-end=\"2401\" data-col-size=\"md\">6000kg<\/td>\n<\/tr>\n<\/tbody>\n<\/table>\n<\/div>\n<\/div>\n<h3 data-section-id=\"2jkvf5\" data-start=\"2408\" data-end=\"2435\"><span role=\"text\">Principio de funcionamiento<\/span><\/h3>\n<p data-start=\"2436\" data-end=\"2513\">El funcionamiento de la m\u00e1quina se basa en \u201cabrasi\u00f3n del hilo de diamante + avance de la pieza\u201d:<\/p>\n<ol data-start=\"2515\" data-end=\"3361\">\n<li data-section-id=\"8g8sq1\" data-start=\"2515\" data-end=\"2766\">\n<p data-start=\"2518\" data-end=\"2544\">Ciclismo con hilo de diamante<\/p>\n<ul data-start=\"2548\" data-end=\"2766\">\n<li data-section-id=\"1wzwuw2\" data-start=\"2548\" data-end=\"2662\">\n<p data-start=\"2550\" data-end=\"2662\">Un cabrestante giratorio de alta velocidad impulsa el hilo de diamante en movimiento alternativo (o c\u00edclico unidireccional).<\/p>\n<\/li>\n<li data-section-id=\"f6lbqh\" data-start=\"2666\" data-end=\"2766\">\n<p data-start=\"2668\" data-end=\"2766\">La tensi\u00f3n del hilo se mantiene mediante ruedas tensoras de resorte o neum\u00e1ticas para un corte estable.<\/p>\n<\/li>\n<\/ul>\n<\/li>\n<li data-section-id=\"10d9jao\" data-start=\"2768\" data-end=\"2944\">\n<p data-start=\"2771\" data-end=\"2791\">Avance de la pieza<\/p>\n<ul data-start=\"2795\" data-end=\"2944\">\n<li data-section-id=\"18dix1b\" data-start=\"2795\" data-end=\"2944\">\n<p data-start=\"2797\" data-end=\"2944\">Los servomotores controlan la fijaci\u00f3n de la pieza de trabajo para que se mueva hacia el hilo de diamante a una velocidad constante, generando una abrasi\u00f3n relativa para el corte.<\/p>\n<\/li>\n<\/ul>\n<\/li>\n<li data-section-id=\"1k9qku3\" data-start=\"2946\" data-end=\"3116\">\n<p data-start=\"2949\" data-end=\"2977\">Conmutaci\u00f3n de doble estaci\u00f3n<\/p>\n<ul data-start=\"2981\" data-end=\"3116\">\n<li data-section-id=\"4bb19x\" data-start=\"2981\" data-end=\"3116\">\n<p data-start=\"2983\" data-end=\"3116\">Despu\u00e9s de cortar una pieza, la m\u00e1quina cambia autom\u00e1ticamente a la otra fijaci\u00f3n para un funcionamiento continuo sin tiempos de inactividad.<\/p>\n<\/li>\n<\/ul>\n<\/li>\n<li data-section-id=\"15gtvqk\" data-start=\"3118\" data-end=\"3361\">\n<p data-start=\"3121\" data-end=\"3143\">Tecnolog\u00edas clave<\/p>\n<ul data-start=\"3147\" data-end=\"3361\">\n<li data-section-id=\"5smzx8\" data-start=\"3147\" data-end=\"3261\">\n<p data-start=\"3149\" data-end=\"3261\">Corte oscilante: la mesa de trabajo oscilante de \u00b18\u00b0 garantiza un contacto uniforme del hilo y una mayor planitud de la superficie.<\/p>\n<\/li>\n<li data-section-id=\"1numag\" data-start=\"3265\" data-end=\"3361\">\n<p data-start=\"3267\" data-end=\"3361\">Control de tensi\u00f3n: Los sensores controlan la tensi\u00f3n del cable en tiempo real para evitar deslizamientos o roturas.<\/p>\n<\/li>\n<\/ul>\n<\/li>\n<\/ol>\n<h3 data-section-id=\"1uq8gka\" data-start=\"3368\" data-end=\"3391\"><span role=\"text\">Caracter\u00edsticas principales<\/span><\/h3>\n<div class=\"TyagGW_tableContainer\">\n<div class=\"group TyagGW_tableWrapper flex flex-col-reverse w-fit\" tabindex=\"-1\">\n<table class=\"w-fit min-w-(--thread-content-width)\" data-start=\"3393\" data-end=\"3938\">\n<thead data-start=\"3393\" data-end=\"3418\">\n<tr data-start=\"3393\" data-end=\"3418\">\n<th class=\"\" data-start=\"3393\" data-end=\"3403\" data-col-size=\"sm\">Caracter\u00edstica<\/th>\n<th class=\"\" data-start=\"3403\" data-end=\"3418\" data-col-size=\"md\">Descripci\u00f3n<\/th>\n<\/tr>\n<\/thead>\n<tbody data-start=\"3445\" data-end=\"3938\">\n<tr data-start=\"3445\" data-end=\"3553\">\n<td data-start=\"3445\" data-end=\"3463\" data-col-size=\"sm\">Alta eficacia<\/td>\n<td data-start=\"3463\" data-end=\"3553\" data-col-size=\"md\">El dise\u00f1o de doble estaci\u00f3n duplica la capacidad de producci\u00f3n; las altas velocidades del hilo reducen el tiempo de corte.<\/td>\n<\/tr>\n<tr data-start=\"3554\" data-end=\"3668\">\n<td data-start=\"3554\" data-end=\"3571\" data-col-size=\"sm\">Alta precisi\u00f3n<\/td>\n<td data-col-size=\"md\" data-start=\"3571\" data-end=\"3668\">Los servomotores + husillos de bolas garantizan una precisi\u00f3n de \u00b10,01 mm; el modo oscilante minimiza las rebabas superficiales.<\/td>\n<\/tr>\n<tr data-start=\"3669\" data-end=\"3767\">\n<td data-start=\"3669\" data-end=\"3683\" data-col-size=\"sm\">Flexibilidad<\/td>\n<td data-col-size=\"md\" data-start=\"3683\" data-end=\"3767\">Admite la conmutaci\u00f3n de uno o varios hilos y velocidades de avance ajustables (0,01-10 mm\/min).<\/td>\n<\/tr>\n<tr data-start=\"3768\" data-end=\"3836\">\n<td data-start=\"3768\" data-end=\"3783\" data-col-size=\"sm\">Ecol\u00f3gico<\/td>\n<td data-start=\"3783\" data-end=\"3836\" data-col-size=\"md\">Los fluidos de corte a base de agua reducen el polvo y el ruido.<\/td>\n<\/tr>\n<tr data-start=\"3837\" data-end=\"3938\">\n<td data-start=\"3837\" data-end=\"3849\" data-col-size=\"sm\">Estabilidad<\/td>\n<td data-col-size=\"md\" data-start=\"3849\" data-end=\"3938\">Los bastidores de fundici\u00f3n mejoran la rigidez; la funci\u00f3n de rotura y reanudaci\u00f3n evita el rechazo de piezas.<\/td>\n<\/tr>\n<\/tbody>\n<\/table>\n<\/div>\n<\/div>\n<h3 data-section-id=\"xdxar3\" data-start=\"3945\" data-end=\"3967\"><span role=\"text\">Aplicaciones<\/span><\/h3>\n<ol data-start=\"3969\" data-end=\"4689\">\n<li data-section-id=\"e2ca1e\" data-start=\"3969\" data-end=\"4145\">\n<p data-start=\"3972\" data-end=\"4008\">Semiconductores y energ\u00eda fotovoltaica<\/p>\n<ul data-start=\"4012\" data-end=\"4145\">\n<li data-section-id=\"c6f6qr\" data-start=\"4012\" data-end=\"4086\">\n<p data-start=\"4014\" data-end=\"4086\">Corte de obleas para c\u00e9lulas solares de silicio (mono\/policristalino) y PERC<\/p>\n<\/li>\n<li data-section-id=\"5ocxwg\" data-start=\"4090\" data-end=\"4145\">\n<p data-start=\"4092\" data-end=\"4145\">Perfilado de bordes para sustratos LED y m\u00f3dulos solares<\/p>\n<\/li>\n<\/ul>\n<\/li>\n<li data-section-id=\"6hrn80\" data-start=\"4147\" data-end=\"4330\">\n<p data-start=\"4150\" data-end=\"4171\">Cer\u00e1mica y gemas<\/p>\n<ul data-start=\"4175\" data-end=\"4330\">\n<li data-section-id=\"5acdkn\" data-start=\"4175\" data-end=\"4235\">\n<p data-start=\"4177\" data-end=\"4235\">Corte de zafiro para pantallas LED y de tel\u00e9fonos inteligentes<\/p>\n<\/li>\n<li data-section-id=\"1buqiv9\" data-start=\"4239\" data-end=\"4330\">\n<p data-start=\"4241\" data-end=\"4330\">Corte de precisi\u00f3n de carburo de silicio (SiC) para dispositivos de alimentaci\u00f3n de veh\u00edculos el\u00e9ctricos, minimizando el desperdicio de material<\/p>\n<\/li>\n<\/ul>\n<\/li>\n<li data-section-id=\"10scz4s\" data-start=\"4332\" data-end=\"4517\">\n<p data-start=\"4335\" data-end=\"4363\">Cuarzo y vidrio \u00f3ptico<\/p>\n<ul data-start=\"4367\" data-end=\"4517\">\n<li data-section-id=\"6ctgdt\" data-start=\"4367\" data-end=\"4438\">\n<p data-start=\"4369\" data-end=\"4438\">Osciladores de cristal: corte de alta precisi\u00f3n para sensores y telecomunicaciones<\/p>\n<\/li>\n<li data-section-id=\"w69aek\" data-start=\"4442\" data-end=\"4517\">\n<p data-start=\"4444\" data-end=\"4517\">Componentes \u00f3pticos: corte de lentes y prismas con defectos superficiales m\u00ednimos<\/p>\n<\/li>\n<\/ul>\n<\/li>\n<li data-section-id=\"165zv1\" data-start=\"4519\" data-end=\"4689\">\n<p data-start=\"4522\" data-end=\"4548\">Metales y tierras raras<\/p>\n<ul data-start=\"4552\" data-end=\"4689\">\n<li data-section-id=\"10dxe48\" data-start=\"4552\" data-end=\"4624\">\n<p data-start=\"4554\" data-end=\"4624\">Corte de metales preciosos (oro, platino) para joyer\u00eda, reducci\u00f3n de la chatarra<\/p>\n<\/li>\n<li data-section-id=\"19im383\" data-start=\"4628\" data-end=\"4689\">\n<p data-start=\"4630\" data-end=\"4689\">Corte de imanes de tierras raras (NdFeB) para motores y sensores<\/p>\n<\/li>\n<\/ul>\n<\/li>\n<\/ol>\n<p><img decoding=\"async\" class=\"wp-image-2099 size-large aligncenter\" src=\"https:\/\/www.zmsh-semitech.com\/wp-content\/uploads\/2026\/03\/35194b37-522c-4034-8dae-1e2b7974059b-1024x248.jpg\" alt=\"\" width=\"1024\" height=\"248\" srcset=\"https:\/\/www.zmsh-semitech.com\/wp-content\/uploads\/2026\/03\/35194b37-522c-4034-8dae-1e2b7974059b-1024x248.jpg 1024w, https:\/\/www.zmsh-semitech.com\/wp-content\/uploads\/2026\/03\/35194b37-522c-4034-8dae-1e2b7974059b-300x73.jpg 300w, https:\/\/www.zmsh-semitech.com\/wp-content\/uploads\/2026\/03\/35194b37-522c-4034-8dae-1e2b7974059b-768x186.jpg 768w, https:\/\/www.zmsh-semitech.com\/wp-content\/uploads\/2026\/03\/35194b37-522c-4034-8dae-1e2b7974059b-18x4.jpg 18w, https:\/\/www.zmsh-semitech.com\/wp-content\/uploads\/2026\/03\/35194b37-522c-4034-8dae-1e2b7974059b-600x145.jpg 600w, https:\/\/www.zmsh-semitech.com\/wp-content\/uploads\/2026\/03\/35194b37-522c-4034-8dae-1e2b7974059b.jpg 1139w\" sizes=\"(max-width: 1024px) 100vw, 1024px\" \/><\/p>\n<h3 data-section-id=\"cr3je8\" data-start=\"4696\" data-end=\"4709\"><span role=\"text\">PREGUNTAS FRECUENTES<\/span><\/h3>\n<p data-start=\"4711\" data-end=\"4941\">P: \u00bfC\u00f3mo funciona una cortadora de hilo de diamante de doble estaci\u00f3n?<br data-start=\"4776\" data-end=\"4779\" \/>R: Utiliza un ciclo de hilo de diamante (movimiento alternativo) y un dise\u00f1o de doble estaci\u00f3n para el corte continuo y el cambio de material, lo que minimiza el tiempo de inactividad.<\/p>\n<p data-start=\"4943\" data-end=\"5191\">P: \u00bfCu\u00e1les son las principales ventajas de las m\u00e1quinas de corte de doble estaci\u00f3n con hilo de diamante?<br data-start=\"5024\" data-end=\"5027\" \/>A: Alta eficacia (procesamiento en paralelo de doble estaci\u00f3n) y precisi\u00f3n (\u00b10,01 mm de exactitud) para cortar materiales fr\u00e1giles como obleas de silicio y cer\u00e1mica.<\/p>","protected":false},"excerpt":{"rendered":"<p>La m\u00e1quina de corte de doble estaci\u00f3n de hilo de diamante simple\/multihilo es un equipo b\u00e1sico para el procesamiento de precisi\u00f3n de materiales quebradizos. Utilizando el movimiento alternativo de alta velocidad del hilo de diamante (hilo de acero recubierto de part\u00edculas de carburo de silicio u \u00f3xido de aluminio) y la abrasi\u00f3n relativa con la pieza de trabajo, consigue un corte preciso de materiales duros.<\/p>","protected":false},"featured_media":1934,"comment_status":"open","ping_status":"closed","template":"","meta":{"site-sidebar-layout":"default","site-content-layout":"","ast-site-content-layout":"default","site-content-style":"default","site-sidebar-style":"default","ast-global-header-display":"","ast-banner-title-visibility":"","ast-main-header-display":"","ast-hfb-above-header-display":"","ast-hfb-below-header-display":"","ast-hfb-mobile-header-display":"","site-post-title":"","ast-breadcrumbs-content":"","ast-featured-img":"","footer-sml-layout":"","ast-disable-related-posts":"","theme-transparent-header-meta":"default","adv-header-id-meta":"","stick-header-meta":"default","header-above-stick-meta":"","header-main-stick-meta":"","header-below-stick-meta":"","astra-migrate-meta-layouts":"set","ast-page-background-enabled":"default","ast-page-background-meta":{"desktop":{"background-color":"var(--ast-global-color-4)","background-image":"","background-repeat":"repeat","background-position":"center center","background-size":"auto","background-attachment":"scroll","background-type":"","background-media":"","overlay-type":"","overlay-color":"","overlay-opacity":"","overlay-gradient":""},"tablet":{"background-color":"","background-image":"","background-repeat":"repeat","background-position":"center center","background-size":"auto","background-attachment":"scroll","background-type":"","background-media":"","overlay-type":"","overlay-color":"","overlay-opacity":"","overlay-gradient":""},"mobile":{"background-color":"","background-image":"","background-repeat":"repeat","background-position":"center center","background-size":"auto","background-attachment":"scroll","background-type":"","background-media":"","overlay-type":"","overlay-color":"","overlay-opacity":"","overlay-gradient":""}},"ast-content-background-meta":{"desktop":{"background-color":"var(--ast-global-color-5)","background-image":"","background-repeat":"repeat","background-position":"center center","background-size":"auto","background-attachment":"scroll","background-type":"","background-media":"","overlay-type":"","overlay-color":"","overlay-opacity":"","overlay-gradient":""},"tablet":{"background-color":"var(--ast-global-color-5)","background-image":"","background-repeat":"repeat","background-position":"center center","background-size":"auto","background-attachment":"scroll","background-type":"","background-media":"","overlay-type":"","overlay-color":"","overlay-opacity":"","overlay-gradient":""},"mobile":{"background-color":"var(--ast-global-color-5)","background-image":"","background-repeat":"repeat","background-position":"center center","background-size":"auto","background-attachment":"scroll","background-type":"","background-media":"","overlay-type":"","overlay-color":"","overlay-opacity":"","overlay-gradient":""}}},"product_brand":[],"product_cat":[22],"product_tag":[434,424,425,415,418,433,429,416,431,427,432,428,430,423,426,419,422,420,421,417],"class_list":{"0":"post-1933","1":"product","2":"type-product","3":"status-publish","4":"has-post-thumbnail","6":"product_cat-wire-saw-machine","7":"product_tag-advanced-manufacturing-equipment","8":"product_tag-brittle-material-processing","9":"product_tag-ceramic-cutting","10":"product_tag-diamond-wire-saw","11":"product_tag-dual-station-cutting-machine","12":"product_tag-high-precision-saw","13":"product_tag-led-substrate-slicing","14":"product_tag-multi-wire-cutting-machine","15":"product_tag-ndfeb-magnet-slicing","16":"product_tag-optical-glass-cutting","17":"product_tag-oscillating-cutting","18":"product_tag-photovoltaic-wafer-cutting","19":"product_tag-precious-metal-cutting","20":"product_tag-precision-cutting","21":"product_tag-quartz-cutting","22":"product_tag-sapphire-cutting","23":"product_tag-semiconductor-wafer-slicing","24":"product_tag-sic-cutting","25":"product_tag-silicon-carbide-saw","26":"product_tag-single-wire-saw","27":"desktop-align-left","28":"tablet-align-left","29":"mobile-align-left","30":"ast-product-gallery-layout-horizontal-slider","31":"ast-product-tabs-layout-horizontal","33":"first","34":"instock","35":"shipping-taxable","36":"product-type-simple"},"_links":{"self":[{"href":"https:\/\/www.zmsh-semitech.com\/es\/wp-json\/wp\/v2\/product\/1933","targetHints":{"allow":["GET"]}}],"collection":[{"href":"https:\/\/www.zmsh-semitech.com\/es\/wp-json\/wp\/v2\/product"}],"about":[{"href":"https:\/\/www.zmsh-semitech.com\/es\/wp-json\/wp\/v2\/types\/product"}],"replies":[{"embeddable":true,"href":"https:\/\/www.zmsh-semitech.com\/es\/wp-json\/wp\/v2\/comments?post=1933"}],"version-history":[{"count":3,"href":"https:\/\/www.zmsh-semitech.com\/es\/wp-json\/wp\/v2\/product\/1933\/revisions"}],"predecessor-version":[{"id":2101,"href":"https:\/\/www.zmsh-semitech.com\/es\/wp-json\/wp\/v2\/product\/1933\/revisions\/2101"}],"wp:featuredmedia":[{"embeddable":true,"href":"https:\/\/www.zmsh-semitech.com\/es\/wp-json\/wp\/v2\/media\/1934"}],"wp:attachment":[{"href":"https:\/\/www.zmsh-semitech.com\/es\/wp-json\/wp\/v2\/media?parent=1933"}],"wp:term":[{"taxonomy":"product_brand","embeddable":true,"href":"https:\/\/www.zmsh-semitech.com\/es\/wp-json\/wp\/v2\/product_brand?post=1933"},{"taxonomy":"product_cat","embeddable":true,"href":"https:\/\/www.zmsh-semitech.com\/es\/wp-json\/wp\/v2\/product_cat?post=1933"},{"taxonomy":"product_tag","embeddable":true,"href":"https:\/\/www.zmsh-semitech.com\/es\/wp-json\/wp\/v2\/product_tag?post=1933"}],"curies":[{"name":"wp","href":"https:\/\/api.w.org\/{rel}","templated":true}]}}