{"id":1753,"date":"2026-01-23T02:18:28","date_gmt":"2026-01-23T02:18:28","guid":{"rendered":"https:\/\/www.zmsh-semitech.com\/?post_type=product&#038;p=1753"},"modified":"2026-01-23T02:18:28","modified_gmt":"2026-01-23T02:18:28","slug":"sapphire-crystal-growth-furnace-for-80-400-kg-crystals-using-the-kyropoulos-ky-method","status":"publish","type":"product","link":"https:\/\/www.zmsh-semitech.com\/es\/product\/sapphire-crystal-growth-furnace-for-80-400-kg-crystals-using-the-kyropoulos-ky-method\/","title":{"rendered":"Horno de crecimiento de cristales de zafiro para cristales de 80-400 kg por el m\u00e9todo Kyropoulos (KY)"},"content":{"rendered":"<h2 data-start=\"286\" data-end=\"309\">Productos<img fetchpriority=\"high\" decoding=\"async\" class=\"size-medium wp-image-1757 alignright\" src=\"https:\/\/www.zmsh-semitech.com\/wp-content\/uploads\/2026\/01\/pl203679978-sapphire_crystal_growth_furnace_80_400kg_by_the_kyropoulos_method_ky5-300x300.jpg\" alt=\"\" width=\"300\" height=\"300\" srcset=\"https:\/\/www.zmsh-semitech.com\/wp-content\/uploads\/2026\/01\/pl203679978-sapphire_crystal_growth_furnace_80_400kg_by_the_kyropoulos_method_ky5-300x300.jpg 300w, https:\/\/www.zmsh-semitech.com\/wp-content\/uploads\/2026\/01\/pl203679978-sapphire_crystal_growth_furnace_80_400kg_by_the_kyropoulos_method_ky5-150x150.jpg 150w, https:\/\/www.zmsh-semitech.com\/wp-content\/uploads\/2026\/01\/pl203679978-sapphire_crystal_growth_furnace_80_400kg_by_the_kyropoulos_method_ky5-100x100.jpg 100w, https:\/\/www.zmsh-semitech.com\/wp-content\/uploads\/2026\/01\/pl203679978-sapphire_crystal_growth_furnace_80_400kg_by_the_kyropoulos_method_ky5.jpg 540w\" sizes=\"(max-width: 300px) 100vw, 300px\" \/><\/h2>\n<p data-start=\"311\" data-end=\"563\">El horno de crecimiento de cristales de zafiro ZMSH KY es un sistema de crecimiento de cristales a alta temperatura dise\u00f1ado para la producci\u00f3n de monocristales de zafiro de gran tama\u00f1o, que admite pesos de cristal de 80 kg a 400 kg utilizando el m\u00e9todo de crecimiento Kyropoulos (KY).<\/p>\n<p data-start=\"565\" data-end=\"963\">El horno est\u00e1 optimizado para la solidificaci\u00f3n controlada de zafiro en condiciones de bajo estr\u00e9s t\u00e9rmico. Gracias a la combinaci\u00f3n de un dise\u00f1o de campo t\u00e9rmico estable, una regulaci\u00f3n precisa de la temperatura y un control del vac\u00edo ultraalto y de la atm\u00f3sfera de gas, el sistema permite el crecimiento de monocristales de zafiro de alta calidad y con pocos defectos, aptos para aplicaciones de semiconductores, \u00f3pticas e industriales avanzadas.<\/p>\n<p data-start=\"965\" data-end=\"1187\">En comparaci\u00f3n con los sistemas convencionales de crecimiento Czochralski (CZ), el m\u00e9todo KY reduce significativamente la tensi\u00f3n interna y la densidad de dislocaciones, lo que lo hace m\u00e1s adecuado para la producci\u00f3n de cristales de zafiro de gran di\u00e1metro y grosor.<\/p>\n<h2 data-start=\"1194\" data-end=\"1229\">Tecnolog\u00eda de crecimiento Kyropoulos<\/h2>\n<p data-start=\"1231\" data-end=\"1402\">El m\u00e9todo Kyropoulos permite que los cristales de zafiro crezcan lentamente dentro de la masa fundida con una tracci\u00f3n mec\u00e1nica m\u00ednima. El cristal permanece en gran medida sostenido por la flotabilidad, lo que permite:<\/p>\n<ul data-start=\"1404\" data-end=\"1504\">\n<li data-start=\"1404\" data-end=\"1431\">\n<p data-start=\"1406\" data-end=\"1431\">Gradientes t\u00e9rmicos m\u00e1s bajos<\/p>\n<\/li>\n<li data-start=\"1432\" data-end=\"1461\">\n<p data-start=\"1434\" data-end=\"1461\">Reducci\u00f3n de la tensi\u00f3n mec\u00e1nica<\/p>\n<\/li>\n<li data-start=\"1462\" data-end=\"1504\">\n<p data-start=\"1464\" data-end=\"1504\">Mejora de la uniformidad estructural de los cristales<\/p>\n<\/li>\n<\/ul>\n<p data-start=\"1506\" data-end=\"1646\">Este m\u00e9todo de crecimiento es especialmente eficaz para producir bolas de zafiro grandes y gruesas con propiedades \u00f3pticas y mec\u00e1nicas estables.<\/p>\n<h2 data-start=\"1653\" data-end=\"1685\">Capacidad de crecimiento de los cristales<\/h2>\n<ul data-start=\"1687\" data-end=\"1836\">\n<li data-start=\"1687\" data-end=\"1724\">\n<p data-start=\"1689\" data-end=\"1724\">Rango de peso del cristal: 80-400 kg<\/p>\n<\/li>\n<li data-start=\"1725\" data-end=\"1758\">\n<p data-start=\"1727\" data-end=\"1758\">Di\u00e1metro del cristal: 10-500 mm<\/p>\n<\/li>\n<li data-start=\"1759\" data-end=\"1793\">\n<p data-start=\"1761\" data-end=\"1793\">Grosor del cristal: 50-300 mm<\/p>\n<\/li>\n<li data-start=\"1794\" data-end=\"1836\">\n<p data-start=\"1796\" data-end=\"1836\">Velocidad de crecimiento: 0,1-5 mm\/h (ajustable)<\/p>\n<\/li>\n<\/ul>\n<p data-start=\"1838\" data-end=\"1968\">La configuraci\u00f3n del horno puede personalizarse para adaptarse a los objetivos espec\u00edficos de tama\u00f1o de cristal y a los requisitos de las obleas o componentes.<\/p>\n<h2 data-start=\"1975\" data-end=\"2006\">Principales ventajas t\u00e9cnicas<\/h2>\n<h3 data-start=\"2008\" data-end=\"2044\">Control estable del campo t\u00e9rmico<\/h3>\n<p data-start=\"2045\" data-end=\"2272\"><img decoding=\"async\" class=\"size-medium wp-image-1756 alignleft\" src=\"https:\/\/www.zmsh-semitech.com\/wp-content\/uploads\/2026\/01\/pl203679971-sapphire_crystal_growth_furnace_80_400kg_by_the_kyropoulos_method_ky4-300x300.jpg\" alt=\"\" width=\"300\" height=\"300\" srcset=\"https:\/\/www.zmsh-semitech.com\/wp-content\/uploads\/2026\/01\/pl203679971-sapphire_crystal_growth_furnace_80_400kg_by_the_kyropoulos_method_ky4-300x300.jpg 300w, https:\/\/www.zmsh-semitech.com\/wp-content\/uploads\/2026\/01\/pl203679971-sapphire_crystal_growth_furnace_80_400kg_by_the_kyropoulos_method_ky4-150x150.jpg 150w, https:\/\/www.zmsh-semitech.com\/wp-content\/uploads\/2026\/01\/pl203679971-sapphire_crystal_growth_furnace_80_400kg_by_the_kyropoulos_method_ky4-100x100.jpg 100w, https:\/\/www.zmsh-semitech.com\/wp-content\/uploads\/2026\/01\/pl203679971-sapphire_crystal_growth_furnace_80_400kg_by_the_kyropoulos_method_ky4.jpg 540w\" sizes=\"(max-width: 300px) 100vw, 300px\" \/>El horno emplea un dise\u00f1o de campo t\u00e9rmico bien equilibrado con regulaci\u00f3n de temperatura de alta precisi\u00f3n. La estabilidad de la temperatura dentro de la zona de crecimiento ayuda a suprimir el estr\u00e9s t\u00e9rmico, minimizar el riesgo de grietas y mejorar el rendimiento de los cristales.<\/p>\n<h3 data-start=\"2274\" data-end=\"2312\">Entorno de crecimiento de gran pureza<\/h3>\n<p data-start=\"2313\" data-end=\"2505\">El funcionamiento en vac\u00edo ultraalto (\u22641\u00d710-\u2076 Pa) y la atm\u00f3sfera controlada de gas arg\u00f3n \/ hidr\u00f3geno garantizan bajos niveles de contaminaci\u00f3n y condiciones de fusi\u00f3n estables a lo largo de ciclos de crecimiento prolongados.<\/p>\n<h3 data-start=\"2507\" data-end=\"2549\">Proceso de crecimiento de cristales sin contacto<\/h3>\n<p data-start=\"2550\" data-end=\"2700\">El m\u00e9todo KY minimiza la interacci\u00f3n mec\u00e1nica entre el cristal semilla y el sistema de tracci\u00f3n, reduciendo el riesgo de contaminaci\u00f3n y defectos estructurales.<\/p>\n<h3 data-start=\"2702\" data-end=\"2736\">Dise\u00f1o industrial escalable<\/h3>\n<p data-start=\"2737\" data-end=\"2900\">El sistema admite el crecimiento de cristales de zafiro tanto a mediana como a gran escala y puede adaptarse a distintos tama\u00f1os de cristal mediante una configuraci\u00f3n modular del horno.<\/p>\n<h2 data-start=\"2907\" data-end=\"2934\">Aplicaciones t\u00edpicas<\/h2>\n<ul data-start=\"2936\" data-end=\"3162\">\n<li data-start=\"2936\" data-end=\"2988\">\n<p data-start=\"2938\" data-end=\"2988\">Sustratos de zafiro para el procesamiento de semiconductores<\/p>\n<\/li>\n<li data-start=\"2989\" data-end=\"3029\">\n<p data-start=\"2991\" data-end=\"3029\">Ventanas \u00f3pticas y componentes l\u00e1ser<\/p>\n<\/li>\n<li data-start=\"3030\" data-end=\"3066\">\n<p data-start=\"3032\" data-end=\"3066\">LED y materiales optoelectr\u00f3nicos<\/p>\n<\/li>\n<li data-start=\"3067\" data-end=\"3116\">\n<p data-start=\"3069\" data-end=\"3116\">Sistemas \u00f3pticos infrarrojos y de alta temperatura<\/p>\n<\/li>\n<li data-start=\"3117\" data-end=\"3162\">\n<p data-start=\"3119\" data-end=\"3162\">Ventanas protectoras para entornos dif\u00edciles<\/p>\n<\/li>\n<\/ul>\n<h2 data-start=\"3169\" data-end=\"3200\">Especificaciones t\u00e9cnicas<\/h2>\n<h3 data-start=\"3202\" data-end=\"3236\">Par\u00e1metros generales del horno<\/h3>\n<div class=\"TyagGW_tableContainer\">\n<div class=\"group TyagGW_tableWrapper flex flex-col-reverse w-fit\" tabindex=\"-1\">\n<table class=\"w-fit min-w-(--thread-content-width)\" data-start=\"3238\" data-end=\"3788\">\n<thead data-start=\"3238\" data-end=\"3262\">\n<tr data-start=\"3238\" data-end=\"3262\">\n<th data-start=\"3238\" data-end=\"3245\" data-col-size=\"sm\">Art\u00edculo<\/th>\n<th data-start=\"3245\" data-end=\"3262\" data-col-size=\"sm\">Especificaci\u00f3n<\/th>\n<\/tr>\n<\/thead>\n<tbody data-start=\"3288\" data-end=\"3788\">\n<tr data-start=\"3288\" data-end=\"3323\">\n<td data-start=\"3288\" data-end=\"3304\" data-col-size=\"sm\">M\u00e9todo de crecimiento<\/td>\n<td data-start=\"3304\" data-end=\"3323\" data-col-size=\"sm\">Kyropoulos (KY)<\/td>\n<\/tr>\n<tr data-start=\"3324\" data-end=\"3360\">\n<td data-start=\"3324\" data-end=\"3347\" data-col-size=\"sm\">Gama de pesos de los cristales<\/td>\n<td data-start=\"3347\" data-end=\"3360\" data-col-size=\"sm\">80-400 kg<\/td>\n<\/tr>\n<tr data-start=\"3361\" data-end=\"3399\">\n<td data-start=\"3361\" data-end=\"3386\" data-col-size=\"sm\">Gama de di\u00e1metros de cristal<\/td>\n<td data-start=\"3386\" data-end=\"3399\" data-col-size=\"sm\">10-500 mm<\/td>\n<\/tr>\n<tr data-start=\"3400\" data-end=\"3439\">\n<td data-start=\"3400\" data-end=\"3426\" data-col-size=\"sm\">Gama de espesores de cristal<\/td>\n<td data-start=\"3426\" data-end=\"3439\" data-col-size=\"sm\">50-300 mm<\/td>\n<\/tr>\n<tr data-start=\"3440\" data-end=\"3468\">\n<td data-start=\"3440\" data-end=\"3454\" data-col-size=\"sm\">Tasa de crecimiento<\/td>\n<td data-start=\"3454\" data-end=\"3468\" data-col-size=\"sm\">0,1-5 mm\/h<\/td>\n<\/tr>\n<tr data-start=\"3469\" data-end=\"3512\">\n<td data-start=\"3469\" data-end=\"3497\" data-col-size=\"sm\">Temperatura de calentamiento<\/td>\n<td data-start=\"3497\" data-end=\"3512\" data-col-size=\"sm\">2000-2200\u00b0C<\/td>\n<\/tr>\n<tr data-start=\"3513\" data-end=\"3569\">\n<td data-start=\"3513\" data-end=\"3530\" data-col-size=\"sm\">Sistema de calefacci\u00f3n<\/td>\n<td data-start=\"3530\" data-end=\"3569\" data-col-size=\"sm\">Calentamiento por resistencia a alta temperatura<\/td>\n<\/tr>\n<tr data-start=\"3570\" data-end=\"3605\">\n<td data-start=\"3570\" data-end=\"3586\" data-col-size=\"sm\">Tipo de crisol<\/td>\n<td data-start=\"3586\" data-end=\"3605\" data-col-size=\"sm\">Crisol de cuarzo<\/td>\n<\/tr>\n<tr data-start=\"3606\" data-end=\"3651\">\n<td data-start=\"3606\" data-end=\"3623\" data-col-size=\"sm\">Atm\u00f3sfera gaseosa<\/td>\n<td data-start=\"3623\" data-end=\"3651\" data-col-size=\"sm\">Mezcla de arg\u00f3n e hidr\u00f3geno<\/td>\n<\/tr>\n<tr data-start=\"3652\" data-end=\"3683\">\n<td data-start=\"3652\" data-end=\"3667\" data-col-size=\"sm\">Nivel de vac\u00edo<\/td>\n<td data-start=\"3667\" data-end=\"3683\" data-col-size=\"sm\">\u22641 \u00d7 10-\u2076 Pa<\/td>\n<\/tr>\n<tr data-start=\"3684\" data-end=\"3737\">\n<td data-start=\"3684\" data-end=\"3705\" data-col-size=\"sm\">Dimensiones del horno<\/td>\n<td data-start=\"3705\" data-end=\"3737\" data-col-size=\"sm\">Aprox. 1200 \u00d7 800 \u00d7 1500 mm<\/td>\n<\/tr>\n<tr data-start=\"3738\" data-end=\"3788\">\n<td data-start=\"3738\" data-end=\"3753\" data-col-size=\"sm\">Fuente de alimentaci\u00f3n<\/td>\n<td data-start=\"3753\" data-end=\"3788\" data-col-size=\"sm\">Sistema industrial de CA de alta potencia<\/td>\n<\/tr>\n<\/tbody>\n<\/table>\n<\/div>\n<\/div>\n<h2 data-start=\"3795\" data-end=\"3842\">Calidad de los cristales y rendimiento de los materiales<\/h2>\n<p data-start=\"3844\" data-end=\"3906\">Los cristales de zafiro cultivados utilizando el horno ZMSH KY presentan:<\/p>\n<ul data-start=\"3908\" data-end=\"4080\">\n<li data-start=\"3908\" data-end=\"3966\">\n<p data-start=\"3910\" data-end=\"3966\">Alta transparencia \u00f3ptica en una amplia gama espectral<\/p>\n<\/li>\n<li data-start=\"3967\" data-end=\"4024\">\n<p data-start=\"3969\" data-end=\"4024\">Baja densidad de dislocaciones y estructura cristalina uniforme<\/p>\n<\/li>\n<li data-start=\"4025\" data-end=\"4080\">\n<p data-start=\"4027\" data-end=\"4080\">Excelente estabilidad t\u00e9rmica y resistencia mec\u00e1nica<\/p>\n<\/li>\n<\/ul>\n<p data-start=\"4082\" data-end=\"4215\">Estas propiedades hacen que los cristales sean adecuados para aplicaciones \u00f3pticas y electr\u00f3nicas de alto rendimiento que requieren fiabilidad a largo plazo.<\/p>\n<h2 data-start=\"4222\" data-end=\"4251\">Fiabilidad industrial<\/h2>\n<p data-start=\"4253\" data-end=\"4502\">El horno est\u00e1 dise\u00f1ado para ciclos de crecimiento de larga duraci\u00f3n y un funcionamiento industrial continuo. Su robusta estructura mec\u00e1nica, sus estables sistemas de control y su fiable manejo del vac\u00edo y los gases garantizan un rendimiento constante en m\u00faltiples series de producci\u00f3n.<\/p>\n<h2 data-start=\"4509\" data-end=\"4541\">Servicios de ingenier\u00eda ZMSH<\/h2>\n<p data-start=\"4543\" data-end=\"4600\">ZMSH proporciona asistencia t\u00e9cnica completa, que incluye:<\/p>\n<ul data-start=\"4602\" data-end=\"4820\">\n<li data-start=\"4602\" data-end=\"4684\">\n<p data-start=\"4604\" data-end=\"4684\">Configuraci\u00f3n personalizada del horno en funci\u00f3n del tama\u00f1o del cristal y la capacidad de producci\u00f3n<\/p>\n<\/li>\n<li data-start=\"4685\" data-end=\"4727\">\n<p data-start=\"4687\" data-end=\"4727\">Instalaci\u00f3n y puesta en marcha in situ<\/p>\n<\/li>\n<li data-start=\"4728\" data-end=\"4770\">\n<p data-start=\"4730\" data-end=\"4770\">Formaci\u00f3n de operadores y orientaci\u00f3n sobre procesos<\/p>\n<\/li>\n<li data-start=\"4771\" data-end=\"4820\">\n<p data-start=\"4773\" data-end=\"4820\">Mantenimiento a largo plazo y servicio posventa<\/p>\n<\/li>\n<\/ul>\n<p data-start=\"4822\" data-end=\"4963\">Nuestro equipo de ingenieros trabaja en estrecha colaboraci\u00f3n con los clientes para optimizar los procesos de crecimiento del zafiro y garantizar un rendimiento de producci\u00f3n estable y repetible.<\/p>\n<h2 data-start=\"4970\" data-end=\"4980\">PREGUNTAS FRECUENTES<img decoding=\"async\" class=\"size-medium wp-image-1755 alignright\" src=\"https:\/\/www.zmsh-semitech.com\/wp-content\/uploads\/2026\/01\/pl203679970-sapphire_crystal_growth_furnace_80_400kg_by_the_kyropoulos_method_ky-300x300.jpg\" alt=\"\" width=\"300\" height=\"300\" srcset=\"https:\/\/www.zmsh-semitech.com\/wp-content\/uploads\/2026\/01\/pl203679970-sapphire_crystal_growth_furnace_80_400kg_by_the_kyropoulos_method_ky-300x300.jpg 300w, https:\/\/www.zmsh-semitech.com\/wp-content\/uploads\/2026\/01\/pl203679970-sapphire_crystal_growth_furnace_80_400kg_by_the_kyropoulos_method_ky-150x150.jpg 150w, https:\/\/www.zmsh-semitech.com\/wp-content\/uploads\/2026\/01\/pl203679970-sapphire_crystal_growth_furnace_80_400kg_by_the_kyropoulos_method_ky-100x100.jpg 100w, https:\/\/www.zmsh-semitech.com\/wp-content\/uploads\/2026\/01\/pl203679970-sapphire_crystal_growth_furnace_80_400kg_by_the_kyropoulos_method_ky.jpg 540w\" sizes=\"(max-width: 300px) 100vw, 300px\" \/><\/h2>\n<p data-start=\"4982\" data-end=\"5259\">P1: \u00bfQu\u00e9 ventajas ofrece el m\u00e9todo KY en comparaci\u00f3n con el m\u00e9todo CZ?<br data-start=\"5059\" data-end=\"5062\" \/>R: El m\u00e9todo KY produce una menor tensi\u00f3n t\u00e9rmica y una menor densidad de dislocaciones, lo que lo hace m\u00e1s adecuado para el crecimiento de cristales de zafiro gruesos y de gran di\u00e1metro en comparaci\u00f3n con los procesos CZ convencionales.<\/p>\n<p data-start=\"5266\" data-end=\"5487\">P2: \u00bfQu\u00e9 tama\u00f1os de cristal se pueden producir con este horno?<br data-start=\"5327\" data-end=\"5330\" \/>R: El sistema admite el crecimiento de cristales de zafiro de 80 kg a 400 kg, con di\u00e1metros de hasta 500 mm y espesores de hasta 300 mm, dependiendo de la configuraci\u00f3n.<\/p>\n<p data-start=\"5494\" data-end=\"5746\">P3: \u00bfEs adecuado el horno para la producci\u00f3n de zafiro a escala industrial?<br data-start=\"5567\" data-end=\"5570\" \/>R: S\u00ed. El horno est\u00e1 dise\u00f1ado para un funcionamiento industrial con un control t\u00e9rmico estable, sistemas de vac\u00edo y gas fiables y una calidad de cristal constante a lo largo de ciclos de crecimiento prolongados.<\/p>","protected":false},"excerpt":{"rendered":"<p>Horno de crecimiento de cristales de zafiro dise\u00f1ado para la producci\u00f3n de bolas de gran di\u00e1metro con control t\u00e9rmico estable para cristales de zafiro \u00f3pticos y de grado LED.<\/p>","protected":false},"featured_media":1754,"comment_status":"open","ping_status":"closed","template":"","meta":{"site-sidebar-layout":"default","site-content-layout":"","ast-site-content-layout":"default","site-content-style":"default","site-sidebar-style":"default","ast-global-header-display":"","ast-banner-title-visibility":"","ast-main-header-display":"","ast-hfb-above-header-display":"","ast-hfb-below-header-display":"","ast-hfb-mobile-header-display":"","site-post-title":"","ast-breadcrumbs-content":"","ast-featured-img":"","footer-sml-layout":"","ast-disable-related-posts":"","theme-transparent-header-meta":"default","adv-header-id-meta":"","stick-header-meta":"default","header-above-stick-meta":"","header-main-stick-meta":"","header-below-stick-meta":"","astra-migrate-meta-layouts":"set","ast-page-background-enabled":"default","ast-page-background-meta":{"desktop":{"background-color":"var(--ast-global-color-4)","background-image":"","background-repeat":"repeat","background-position":"center center","background-size":"auto","background-attachment":"scroll","background-type":"","background-media":"","overlay-type":"","overlay-color":"","overlay-opacity":"","overlay-gradient":""},"tablet":{"background-color":"","background-image":"","background-repeat":"repeat","background-position":"center center","background-size":"auto","background-attachment":"scroll","background-type":"","background-media":"","overlay-type":"","overlay-color":"","overlay-opacity":"","overlay-gradient":""},"mobile":{"background-color":"","background-image":"","background-repeat":"repeat","background-position":"center center","background-size":"auto","background-attachment":"scroll","background-type":"","background-media":"","overlay-type":"","overlay-color":"","overlay-opacity":"","overlay-gradient":""}},"ast-content-background-meta":{"desktop":{"background-color":"var(--ast-global-color-5)","background-image":"","background-repeat":"repeat","background-position":"center center","background-size":"auto","background-attachment":"scroll","background-type":"","background-media":"","overlay-type":"","overlay-color":"","overlay-opacity":"","overlay-gradient":""},"tablet":{"background-color":"var(--ast-global-color-5)","background-image":"","background-repeat":"repeat","background-position":"center center","background-size":"auto","background-attachment":"scroll","background-type":"","background-media":"","overlay-type":"","overlay-color":"","overlay-opacity":"","overlay-gradient":""},"mobile":{"background-color":"var(--ast-global-color-5)","background-image":"","background-repeat":"repeat","background-position":"center center","background-size":"auto","background-attachment":"scroll","background-type":"","background-media":"","overlay-type":"","overlay-color":"","overlay-opacity":"","overlay-gradient":""}}},"product_brand":[],"product_cat":[15],"product_tag":[149,150,152,154,153,151],"class_list":{"0":"post-1753","1":"product","2":"type-product","3":"status-publish","4":"has-post-thumbnail","6":"product_cat-crystal-growth-furnace","7":"product_tag-ky-sapphire-growth-furnace","8":"product_tag-kyropoulos-sapphire-furnace","9":"product_tag-large-diameter-sapphire-crystal-furnace","10":"product_tag-optical-grade-sapphire-growth","11":"product_tag-sapphire-boule-growth-furnace","12":"product_tag-sapphire-crystal-growth-equipment","13":"desktop-align-left","14":"tablet-align-left","15":"mobile-align-left","16":"ast-product-gallery-layout-horizontal-slider","17":"ast-product-tabs-layout-horizontal","19":"first","20":"instock","21":"shipping-taxable","22":"product-type-simple"},"_links":{"self":[{"href":"https:\/\/www.zmsh-semitech.com\/es\/wp-json\/wp\/v2\/product\/1753","targetHints":{"allow":["GET"]}}],"collection":[{"href":"https:\/\/www.zmsh-semitech.com\/es\/wp-json\/wp\/v2\/product"}],"about":[{"href":"https:\/\/www.zmsh-semitech.com\/es\/wp-json\/wp\/v2\/types\/product"}],"replies":[{"embeddable":true,"href":"https:\/\/www.zmsh-semitech.com\/es\/wp-json\/wp\/v2\/comments?post=1753"}],"version-history":[{"count":2,"href":"https:\/\/www.zmsh-semitech.com\/es\/wp-json\/wp\/v2\/product\/1753\/revisions"}],"predecessor-version":[{"id":1759,"href":"https:\/\/www.zmsh-semitech.com\/es\/wp-json\/wp\/v2\/product\/1753\/revisions\/1759"}],"wp:featuredmedia":[{"embeddable":true,"href":"https:\/\/www.zmsh-semitech.com\/es\/wp-json\/wp\/v2\/media\/1754"}],"wp:attachment":[{"href":"https:\/\/www.zmsh-semitech.com\/es\/wp-json\/wp\/v2\/media?parent=1753"}],"wp:term":[{"taxonomy":"product_brand","embeddable":true,"href":"https:\/\/www.zmsh-semitech.com\/es\/wp-json\/wp\/v2\/product_brand?post=1753"},{"taxonomy":"product_cat","embeddable":true,"href":"https:\/\/www.zmsh-semitech.com\/es\/wp-json\/wp\/v2\/product_cat?post=1753"},{"taxonomy":"product_tag","embeddable":true,"href":"https:\/\/www.zmsh-semitech.com\/es\/wp-json\/wp\/v2\/product_tag?post=1753"}],"curies":[{"name":"wp","href":"https:\/\/api.w.org\/{rel}","templated":true}]}}