{"id":1737,"date":"2026-01-23T01:45:47","date_gmt":"2026-01-23T01:45:47","guid":{"rendered":"https:\/\/www.zmsh-semitech.com\/?post_type=product&#038;p=1737"},"modified":"2026-01-23T01:47:36","modified_gmt":"2026-01-23T01:47:36","slug":"sic-single-crystal-resistance-heating-growth-furnace-for-6-inch-8-inch-and-12-inch-wafer-production-pvt-method","status":"publish","type":"product","link":"https:\/\/www.zmsh-semitech.com\/es\/product\/sic-single-crystal-resistance-heating-growth-furnace-for-6-inch-8-inch-and-12-inch-wafer-production-pvt-method\/","title":{"rendered":"Horno de crecimiento por calentamiento por resistencia de monocristales de SiC para la producci\u00f3n de obleas de 6, 8 y 12 pulgadas (m\u00e9todo PVT)"},"content":{"rendered":"<h2 data-start=\"477\" data-end=\"500\">Productos<\/h2>\n<p>&nbsp;<\/p>\n<p data-start=\"502\" data-end=\"769\">El horno de crecimiento de monocristales de carburo de silicio ZMSH es un sistema de crecimiento de cristales a alta temperatura dise\u00f1ado espec\u00edficamente para la producci\u00f3n de monocristales de carburo de silicio de gran di\u00e1metro, que admite la fabricaci\u00f3n de obleas de carburo de silicio de 6, 8 y 12 pulgadas.<\/p>\n<p><img fetchpriority=\"high\" decoding=\"async\" class=\"size-medium wp-image-1741 alignright\" src=\"https:\/\/www.zmsh-semitech.com\/wp-content\/uploads\/2026\/01\/pl204262693-sic_single_crystal_resistance_heating_crystal_growth_furnace_for_6inch_8inch_12inch_sic_wafers_manufacture-300x199.webp\" alt=\"\" width=\"300\" height=\"199\" srcset=\"https:\/\/www.zmsh-semitech.com\/wp-content\/uploads\/2026\/01\/pl204262693-sic_single_crystal_resistance_heating_crystal_growth_furnace_for_6inch_8inch_12inch_sic_wafers_manufacture-300x199.webp 300w, https:\/\/www.zmsh-semitech.com\/wp-content\/uploads\/2026\/01\/pl204262693-sic_single_crystal_resistance_heating_crystal_growth_furnace_for_6inch_8inch_12inch_sic_wafers_manufacture.webp 590w\" sizes=\"(max-width: 300px) 100vw, 300px\" \/><\/p>\n<p data-start=\"502\" data-end=\"769\">uring.<\/p>\n<p data-start=\"771\" data-end=\"1198\">El horno se ha dise\u00f1ado bas\u00e1ndose en el principio de crecimiento de cristales por transporte f\u00edsico de vapor (PVT), integrando un control preciso del calentamiento por resistencia, una distribuci\u00f3n estable del campo t\u00e9rmico, una gesti\u00f3n del entorno de alto vac\u00edo y una regulaci\u00f3n precisa de la presi\u00f3n.<br data-start=\"1021\" data-end=\"1024\" \/>Esta configuraci\u00f3n permite el crecimiento de monocristales de SiC de alta pureza y baja densidad de defectos adecuados para aplicaciones avanzadas de semiconductores de potencia y dispositivos electr\u00f3nicos.<\/p>\n<p data-start=\"1200\" data-end=\"1400\">El sistema se ha desarrollado para cumplir los requisitos de la producci\u00f3n industrial, garantizando la estabilidad del proceso, la repetibilidad y la fiabilidad operativa a largo plazo en entornos de crecimiento de cristales de SiC a gran escala.<\/p>\n<p data-start=\"1200\" data-end=\"1400\">\n<h2 data-start=\"1407\" data-end=\"1441\">Capacidades t\u00e9cnicas b\u00e1sicas<\/h2>\n<p>&nbsp;<\/p>\n<h3 data-start=\"1443\" data-end=\"1491\">Sistema de calentamiento por resistencia de alta estabilidad<\/h3>\n<p data-start=\"1492\" data-end=\"1742\">El horno adopta una estructura de calentamiento por resistencia multizona para lograr una distribuci\u00f3n axial y radial uniforme de la temperatura. Esto minimiza los gradientes t\u00e9rmicos, reduce la tensi\u00f3n interna y mejora la integridad estructural del cristal durante el proceso de crecimiento.<\/p>\n<h3 data-start=\"1744\" data-end=\"1790\">Control t\u00e9rmico y de presi\u00f3n de precisi\u00f3n<\/h3>\n<ul data-start=\"1791\" data-end=\"1929\">\n<li data-start=\"1791\" data-end=\"1839\">\n<p data-start=\"1793\" data-end=\"1839\">Temperatura m\u00e1xima de funcionamiento hasta 2500\u00b0C<\/p>\n<\/li>\n<li data-start=\"1840\" data-end=\"1880\">\n<p data-start=\"1842\" data-end=\"1880\">Precisi\u00f3n del control de temperatura: \u00b11\u00b0C<\/p>\n<\/li>\n<li data-start=\"1881\" data-end=\"1929\">\n<p data-start=\"1883\" data-end=\"1929\">Amplio rango de regulaci\u00f3n de presi\u00f3n: 1-700 mbar<\/p>\n<\/li>\n<\/ul>\n<p data-start=\"1931\" data-end=\"2090\">Estos par\u00e1metros proporcionan un entorno termodin\u00e1mico estable esencial para la sublimaci\u00f3n controlada, el transporte de vapor y la recristalizaci\u00f3n de cristales en el crecimiento del SiC.<\/p>\n<h3 data-start=\"2092\" data-end=\"2138\">Capacidad de crecimiento de cristales de gran di\u00e1metro<\/h3>\n<p data-start=\"2139\" data-end=\"2348\">Con un di\u00e1metro de crisol de 900 mm, el sistema admite el crecimiento de lingotes de SiC de 8 y 12 pulgadas de nueva generaci\u00f3n, lo que permite a los fabricantes escalar la producci\u00f3n al tiempo que mejoran el rendimiento y la consistencia de las obleas.<\/p>\n<h3 data-start=\"2350\" data-end=\"2388\">Entorno de crecimiento de alto vac\u00edo<\/h3>\n<p data-start=\"2389\" data-end=\"2551\">El horno mantiene una c\u00e1mara de crecimiento de bajo nivel de fugas y alto vac\u00edo, lo que garantiza un menor riesgo de contaminaci\u00f3n, una mayor pureza de los cristales y un funcionamiento estable de larga duraci\u00f3n.<\/p>\n<h2 data-start=\"2558\" data-end=\"2588\"><\/h2>\n<h2 data-start=\"2558\" data-end=\"2588\">Aplicaciones industriales<img decoding=\"async\" class=\"size-medium wp-image-1739 alignright\" src=\"https:\/\/www.zmsh-semitech.com\/wp-content\/uploads\/2026\/01\/pl204262670-sic_single_crystal_resistance_heating_crystal_growth_furnace_for_6inch_8inch_12inch_sic_wafers_manufacture-300x300.webp\" alt=\"\" width=\"300\" height=\"300\" srcset=\"https:\/\/www.zmsh-semitech.com\/wp-content\/uploads\/2026\/01\/pl204262670-sic_single_crystal_resistance_heating_crystal_growth_furnace_for_6inch_8inch_12inch_sic_wafers_manufacture-300x300.webp 300w, https:\/\/www.zmsh-semitech.com\/wp-content\/uploads\/2026\/01\/pl204262670-sic_single_crystal_resistance_heating_crystal_growth_furnace_for_6inch_8inch_12inch_sic_wafers_manufacture-150x150.webp 150w, https:\/\/www.zmsh-semitech.com\/wp-content\/uploads\/2026\/01\/pl204262670-sic_single_crystal_resistance_heating_crystal_growth_furnace_for_6inch_8inch_12inch_sic_wafers_manufacture-600x600.webp 600w, https:\/\/www.zmsh-semitech.com\/wp-content\/uploads\/2026\/01\/pl204262670-sic_single_crystal_resistance_heating_crystal_growth_furnace_for_6inch_8inch_12inch_sic_wafers_manufacture-100x100.webp 100w, https:\/\/www.zmsh-semitech.com\/wp-content\/uploads\/2026\/01\/pl204262670-sic_single_crystal_resistance_heating_crystal_growth_furnace_for_6inch_8inch_12inch_sic_wafers_manufacture.webp 607w\" sizes=\"(max-width: 300px) 100vw, 300px\" \/><\/h2>\n<p>&nbsp;<\/p>\n<ul data-start=\"2590\" data-end=\"2828\">\n<li data-start=\"2590\" data-end=\"2624\">\n<p data-start=\"2592\" data-end=\"2624\">Sustratos semiconductores de potencia<\/p>\n<\/li>\n<li data-start=\"2625\" data-end=\"2659\">\n<p data-start=\"2627\" data-end=\"2659\">M\u00f3dulos de potencia para veh\u00edculos el\u00e9ctricos<\/p>\n<\/li>\n<li data-start=\"2660\" data-end=\"2701\">\n<p data-start=\"2662\" data-end=\"2701\">Dispositivos MOSFET y diodos de alta tensi\u00f3n<\/p>\n<\/li>\n<li data-start=\"2702\" data-end=\"2747\">\n<p data-start=\"2704\" data-end=\"2747\">Sistemas de conversi\u00f3n de energ\u00eda renovable<\/p>\n<\/li>\n<li data-start=\"2748\" data-end=\"2795\">\n<p data-start=\"2750\" data-end=\"2795\">Componentes electr\u00f3nicos de alta frecuencia y RF<\/p>\n<\/li>\n<li data-start=\"2796\" data-end=\"2828\">\n<p data-start=\"2798\" data-end=\"2828\">Electr\u00f3nica de potencia industrial<\/p>\n<\/li>\n<\/ul>\n<p>&nbsp;<\/p>\n<h2 data-start=\"2835\" data-end=\"2866\">Especificaciones t\u00e9cnicas<\/h2>\n<p>&nbsp;<\/p>\n<div class=\"TyagGW_tableContainer\">\n<div class=\"group TyagGW_tableWrapper flex flex-col-reverse w-fit\" tabindex=\"-1\">\n<table class=\"w-fit min-w-(--thread-content-width)\" data-start=\"2868\" data-end=\"3773\">\n<thead data-start=\"2868\" data-end=\"2901\">\n<tr data-start=\"2868\" data-end=\"2901\">\n<th data-start=\"2868\" data-end=\"2874\" data-col-size=\"sm\">No.<\/th>\n<th data-start=\"2874\" data-end=\"2890\" data-col-size=\"sm\">Especificaci\u00f3n<\/th>\n<th data-start=\"2890\" data-end=\"2901\" data-col-size=\"md\">Detalles<\/th>\n<\/tr>\n<\/thead>\n<tbody data-start=\"2936\" data-end=\"3773\">\n<tr data-start=\"2936\" data-end=\"2961\">\n<td data-start=\"2936\" data-end=\"2940\" data-col-size=\"sm\">1<\/td>\n<td data-start=\"2940\" data-end=\"2948\" data-col-size=\"sm\">Modelo<\/td>\n<td data-start=\"2948\" data-end=\"2961\" data-col-size=\"md\">PVT-RS-40<\/td>\n<\/tr>\n<tr data-start=\"2962\" data-end=\"3024\">\n<td data-start=\"2962\" data-end=\"2966\" data-col-size=\"sm\">2<\/td>\n<td data-start=\"2966\" data-end=\"2999\" data-col-size=\"sm\">Dimensiones del horno (L \u00d7 A \u00d7 A)<\/td>\n<td data-start=\"2999\" data-end=\"3024\" data-col-size=\"md\">2500 \u00d7 2400 \u00d7 3456 mm<\/td>\n<\/tr>\n<tr data-start=\"3025\" data-end=\"3059\">\n<td data-start=\"3025\" data-end=\"3029\" data-col-size=\"sm\">3<\/td>\n<td data-start=\"3029\" data-end=\"3049\" data-col-size=\"sm\">Di\u00e1metro del crisol<\/td>\n<td data-start=\"3049\" data-end=\"3059\" data-col-size=\"md\">900 mm<\/td>\n<\/tr>\n<tr data-start=\"3060\" data-end=\"3127\">\n<td data-start=\"3060\" data-end=\"3064\" data-col-size=\"sm\">4<\/td>\n<td data-start=\"3064\" data-end=\"3091\" data-col-size=\"sm\">Presi\u00f3n de vac\u00edo m\u00e1xima<\/td>\n<td data-start=\"3091\" data-end=\"3127\" data-col-size=\"md\">6 \u00d7 10-\u2074 Pa (tras 1,5 h de vac\u00edo)<\/td>\n<\/tr>\n<tr data-start=\"3128\" data-end=\"3174\">\n<td data-start=\"3128\" data-end=\"3132\" data-col-size=\"sm\">5<\/td>\n<td data-start=\"3132\" data-end=\"3147\" data-col-size=\"sm\">Tasa de fuga<\/td>\n<td data-start=\"3147\" data-end=\"3174\" data-col-size=\"md\">\u22645 Pa \/ 12 h (horneado)<\/td>\n<\/tr>\n<tr data-start=\"3175\" data-end=\"3214\">\n<td data-start=\"3175\" data-end=\"3179\" data-col-size=\"sm\">6<\/td>\n<td data-start=\"3179\" data-end=\"3205\" data-col-size=\"sm\">Di\u00e1metro del eje de rotaci\u00f3n<\/td>\n<td data-start=\"3205\" data-end=\"3214\" data-col-size=\"md\">50 mm<\/td>\n<\/tr>\n<tr data-start=\"3215\" data-end=\"3249\">\n<td data-start=\"3215\" data-end=\"3219\" data-col-size=\"sm\">7<\/td>\n<td data-start=\"3219\" data-end=\"3236\" data-col-size=\"sm\">Velocidad de rotaci\u00f3n<\/td>\n<td data-start=\"3236\" data-end=\"3249\" data-col-size=\"md\">0,5-5 rpm<\/td>\n<\/tr>\n<tr data-start=\"3250\" data-end=\"3302\">\n<td data-start=\"3250\" data-end=\"3254\" data-col-size=\"sm\">8<\/td>\n<td data-start=\"3254\" data-end=\"3271\" data-col-size=\"sm\">M\u00e9todo de calentamiento<\/td>\n<td data-start=\"3271\" data-end=\"3302\" data-col-size=\"md\">Calefacci\u00f3n por resistencia el\u00e9ctrica<\/td>\n<\/tr>\n<tr data-start=\"3303\" data-end=\"3347\">\n<td data-start=\"3303\" data-end=\"3307\" data-col-size=\"sm\">9<\/td>\n<td data-start=\"3307\" data-end=\"3337\" data-col-size=\"sm\">Temperatura m\u00e1xima del horno<\/td>\n<td data-start=\"3337\" data-end=\"3347\" data-col-size=\"md\">2500\u00b0C<\/td>\n<\/tr>\n<tr data-start=\"3348\" data-end=\"3389\">\n<td data-start=\"3348\" data-end=\"3352\" data-col-size=\"sm\">10<\/td>\n<td data-start=\"3352\" data-end=\"3368\" data-col-size=\"sm\">Potencia calor\u00edfica<\/td>\n<td data-start=\"3368\" data-end=\"3389\" data-col-size=\"md\">40 kW \u00d7 2 + 20 kW<\/td>\n<\/tr>\n<tr data-start=\"3390\" data-end=\"3453\">\n<td data-start=\"3390\" data-end=\"3394\" data-col-size=\"sm\">11<\/td>\n<td data-start=\"3394\" data-end=\"3420\" data-col-size=\"sm\">Medici\u00f3n de la temperatura<\/td>\n<td data-start=\"3420\" data-end=\"3453\" data-col-size=\"md\">Pir\u00f3metro de infrarrojos de dos colores<\/td>\n<\/tr>\n<tr data-start=\"3454\" data-end=\"3492\">\n<td data-start=\"3454\" data-end=\"3458\" data-col-size=\"sm\">12<\/td>\n<td data-start=\"3458\" data-end=\"3478\" data-col-size=\"sm\">Temperatura<\/td>\n<td data-start=\"3478\" data-end=\"3492\" data-col-size=\"md\">900-3000\u00b0C<\/td>\n<\/tr>\n<tr data-start=\"3493\" data-end=\"3528\">\n<td data-start=\"3493\" data-end=\"3497\" data-col-size=\"sm\">13<\/td>\n<td data-start=\"3497\" data-end=\"3520\" data-col-size=\"sm\">Precisi\u00f3n de temperatura<\/td>\n<td data-start=\"3520\" data-end=\"3528\" data-col-size=\"md\">\u00b11\u00b0C<\/td>\n<\/tr>\n<tr data-start=\"3529\" data-end=\"3564\">\n<td data-start=\"3529\" data-end=\"3533\" data-col-size=\"sm\">14<\/td>\n<td data-start=\"3533\" data-end=\"3550\" data-col-size=\"sm\">Rango de presi\u00f3n<\/td>\n<td data-start=\"3550\" data-end=\"3564\" data-col-size=\"md\">1-700 mbar<\/td>\n<\/tr>\n<tr data-start=\"3565\" data-end=\"3617\">\n<td data-start=\"3565\" data-end=\"3569\" data-col-size=\"sm\">15<\/td>\n<td data-start=\"3569\" data-end=\"3597\" data-col-size=\"sm\">Precisi\u00f3n del control de presi\u00f3n<\/td>\n<td data-start=\"3597\" data-end=\"3617\" data-col-size=\"md\">\u00b10,5% escala completa<\/td>\n<\/tr>\n<tr data-start=\"3618\" data-end=\"3691\">\n<td data-start=\"3618\" data-end=\"3622\" data-col-size=\"sm\">16<\/td>\n<td data-start=\"3622\" data-end=\"3639\" data-col-size=\"sm\">Tipo de operaci\u00f3n<\/td>\n<td data-start=\"3639\" data-end=\"3691\" data-col-size=\"md\">Carga inferior, modos de seguridad manual o autom\u00e1tico<\/td>\n<\/tr>\n<tr data-start=\"3692\" data-end=\"3773\">\n<td data-start=\"3692\" data-end=\"3696\" data-col-size=\"sm\">17<\/td>\n<td data-start=\"3696\" data-end=\"3722\" data-col-size=\"sm\">Configuraciones opcionales<\/td>\n<td data-start=\"3722\" data-end=\"3773\" data-col-size=\"md\">Calefacci\u00f3n multizona, doble control de temperatura<\/td>\n<\/tr>\n<\/tbody>\n<\/table>\n<\/div>\n<\/div>\n<h2 data-start=\"3780\" data-end=\"3813\"><\/h2>\n<h2 data-start=\"3780\" data-end=\"3813\">Crecimiento de los cristales<\/h2>\n<p>&nbsp;<\/p>\n<p data-start=\"3815\" data-end=\"3894\">El sistema permite la producci\u00f3n de monocristales de SiC de alta calidad con:<\/p>\n<ul data-start=\"3896\" data-end=\"4036\">\n<li data-start=\"3896\" data-end=\"3923\">\n<p data-start=\"3898\" data-end=\"3923\">Baja densidad de dislocaci\u00f3n<\/p>\n<\/li>\n<li data-start=\"3924\" data-end=\"3954\">\n<p data-start=\"3926\" data-end=\"3954\">Gran uniformidad estructural<\/p>\n<\/li>\n<li data-start=\"3955\" data-end=\"3987\">\n<p data-start=\"3957\" data-end=\"3987\">Propiedades el\u00e9ctricas estables<\/p>\n<\/li>\n<li data-start=\"3988\" data-end=\"4036\">\n<p data-start=\"3990\" data-end=\"4036\">Excelentes prestaciones t\u00e9rmicas y mec\u00e1nicas<\/p>\n<\/li>\n<\/ul>\n<p data-start=\"4038\" data-end=\"4178\">Estas caracter\u00edsticas son cr\u00edticas para las obleas semiconductoras utilizadas en la fabricaci\u00f3n de dispositivos de alta potencia, alto voltaje y alta frecuencia.<\/p>\n<p data-start=\"4038\" data-end=\"4178\">\n<h2 data-start=\"4185\" data-end=\"4217\">Servicios de ingenier\u00eda ZMSH<\/h2>\n<p>&nbsp;<\/p>\n<h3 data-start=\"4219\" data-end=\"4254\">Configuraci\u00f3n personalizada del sistema<\/h3>\n<p data-start=\"4255\" data-end=\"4405\">La estructura del horno, las zonas de calentamiento, los sistemas de control y las dimensiones de la c\u00e1mara pueden personalizarse en funci\u00f3n de la escala de producci\u00f3n y los requisitos de tama\u00f1o de las obleas.<\/p>\n<h3 data-start=\"4407\" data-end=\"4445\">Instalaci\u00f3n y puesta en marcha<\/h3>\n<p data-start=\"4446\" data-end=\"4564\">Los equipos de ingenieros profesionales se encargan de la instalaci\u00f3n, calibraci\u00f3n y verificaci\u00f3n del funcionamiento del sistema in situ.<\/p>\n<h3 data-start=\"4566\" data-end=\"4592\">Formaci\u00f3n t\u00e9cnica<\/h3>\n<p data-start=\"4593\" data-end=\"4699\">Los programas de formaci\u00f3n de operarios incluyen el funcionamiento de los equipos, el control de procesos, el mantenimiento y el diagn\u00f3stico de aver\u00edas.<\/p>\n<h3 data-start=\"4701\" data-end=\"4726\">Ayuda a largo plazo<\/h3>\n<p data-start=\"4727\" data-end=\"4835\">La asistencia t\u00e9cnica durante el ciclo de vida, los servicios de mantenimiento y el suministro de piezas de repuesto garantizan un funcionamiento estable a largo plazo.<\/p>\n<h2 data-start=\"4842\" data-end=\"4852\"><\/h2>\n<h2 data-start=\"4842\" data-end=\"4852\">PREGUNTAS FRECUENTES<\/h2>\n<p>&nbsp;<\/p>\n<p data-start=\"4854\" data-end=\"5148\">P1: \u00bfQu\u00e9 m\u00e9todo de crecimiento de cristales utiliza este horno?<br data-start=\"4911\" data-end=\"4914\" \/>R: El horno funciona seg\u00fan el m\u00e9todo de transporte f\u00edsico de vapor (PVT), que permite la sublimaci\u00f3n y recristalizaci\u00f3n controladas de carburo de silicio a altas temperaturas, lo que lo hace adecuado para el crecimiento de monocristales de alta calidad.<\/p>\n<p data-start=\"5150\" data-end=\"5371\">P2: \u00bfQu\u00e9 tama\u00f1os de oblea admite el horno?<br data-start=\"5199\" data-end=\"5202\" \/>R: El sistema est\u00e1 dise\u00f1ado para el crecimiento de monocristales de carburo de silicio de 6, 8 y 12 pulgadas, cumpliendo los requisitos de fabricaci\u00f3n de obleas actuales y de pr\u00f3xima generaci\u00f3n.<\/p>\n<p data-start=\"5373\" data-end=\"5637\">P3: \u00bfEs adecuado el horno para la producci\u00f3n a escala industrial?<br data-start=\"5437\" data-end=\"5440\" \/>R: S\u00ed. El sistema est\u00e1 dise\u00f1ado para un funcionamiento industrial continuo y ofrece una gran estabilidad t\u00e9rmica, repetibilidad del proceso y fiabilidad a largo plazo para l\u00edneas de producci\u00f3n de cristales de SiC a gran escala.<\/p>","protected":false},"excerpt":{"rendered":"<p>Horno de crecimiento por calentamiento por resistencia de monocristales de SiC a alta temperatura para la fabricaci\u00f3n de obleas de 6, 8 y 12 pulgadas. Dise\u00f1ado para el crecimiento estable de cristales PVT y la producci\u00f3n industrial.<\/p>","protected":false},"featured_media":1738,"comment_status":"open","ping_status":"closed","template":"","meta":{"site-sidebar-layout":"default","site-content-layout":"","ast-site-content-layout":"default","site-content-style":"default","site-sidebar-style":"default","ast-global-header-display":"","ast-banner-title-visibility":"","ast-main-header-display":"","ast-hfb-above-header-display":"","ast-hfb-below-header-display":"","ast-hfb-mobile-header-display":"","site-post-title":"","ast-breadcrumbs-content":"","ast-featured-img":"","footer-sml-layout":"","ast-disable-related-posts":"","theme-transparent-header-meta":"default","adv-header-id-meta":"","stick-header-meta":"default","header-above-stick-meta":"","header-main-stick-meta":"","header-below-stick-meta":"","astra-migrate-meta-layouts":"set","ast-page-background-enabled":"default","ast-page-background-meta":{"desktop":{"background-color":"var(--ast-global-color-4)","background-image":"","background-repeat":"repeat","background-position":"center center","background-size":"auto","background-attachment":"scroll","background-type":"","background-media":"","overlay-type":"","overlay-color":"","overlay-opacity":"","overlay-gradient":""},"tablet":{"background-color":"","background-image":"","background-repeat":"repeat","background-position":"center center","background-size":"auto","background-attachment":"scroll","background-type":"","background-media":"","overlay-type":"","overlay-color":"","overlay-opacity":"","overlay-gradient":""},"mobile":{"background-color":"","background-image":"","background-repeat":"repeat","background-position":"center center","background-size":"auto","background-attachment":"scroll","background-type":"","background-media":"","overlay-type":"","overlay-color":"","overlay-opacity":"","overlay-gradient":""}},"ast-content-background-meta":{"desktop":{"background-color":"var(--ast-global-color-5)","background-image":"","background-repeat":"repeat","background-position":"center center","background-size":"auto","background-attachment":"scroll","background-type":"","background-media":"","overlay-type":"","overlay-color":"","overlay-opacity":"","overlay-gradient":""},"tablet":{"background-color":"var(--ast-global-color-5)","background-image":"","background-repeat":"repeat","background-position":"center center","background-size":"auto","background-attachment":"scroll","background-type":"","background-media":"","overlay-type":"","overlay-color":"","overlay-opacity":"","overlay-gradient":""},"mobile":{"background-color":"var(--ast-global-color-5)","background-image":"","background-repeat":"repeat","background-position":"center center","background-size":"auto","background-attachment":"scroll","background-type":"","background-media":"","overlay-type":"","overlay-color":"","overlay-opacity":"","overlay-gradient":""}}},"product_brand":[],"product_cat":[15],"product_tag":[141,142,143,139,137,140,138],"class_list":{"0":"post-1737","1":"product","2":"type-product","3":"status-publish","4":"has-post-thumbnail","6":"product_cat-crystal-growth-furnace","7":"product_tag-12-inch-sic-growth-furnace","8":"product_tag-8-inch-sic-crystal-furnace","9":"product_tag-resistance-heating-crystal-growth-furnace","10":"product_tag-sic-pvt-growth-furnace","11":"product_tag-sic-single-crystal-growth-furnace","12":"product_tag-sic-wafer-manufacturing-equipment","13":"product_tag-silicon-carbide-crystal-growth-furnace","14":"desktop-align-left","15":"tablet-align-left","16":"mobile-align-left","17":"ast-product-gallery-layout-horizontal-slider","18":"ast-product-tabs-layout-horizontal","20":"first","21":"instock","22":"shipping-taxable","23":"product-type-simple"},"_links":{"self":[{"href":"https:\/\/www.zmsh-semitech.com\/es\/wp-json\/wp\/v2\/product\/1737","targetHints":{"allow":["GET"]}}],"collection":[{"href":"https:\/\/www.zmsh-semitech.com\/es\/wp-json\/wp\/v2\/product"}],"about":[{"href":"https:\/\/www.zmsh-semitech.com\/es\/wp-json\/wp\/v2\/types\/product"}],"replies":[{"embeddable":true,"href":"https:\/\/www.zmsh-semitech.com\/es\/wp-json\/wp\/v2\/comments?post=1737"}],"version-history":[{"count":3,"href":"https:\/\/www.zmsh-semitech.com\/es\/wp-json\/wp\/v2\/product\/1737\/revisions"}],"predecessor-version":[{"id":1744,"href":"https:\/\/www.zmsh-semitech.com\/es\/wp-json\/wp\/v2\/product\/1737\/revisions\/1744"}],"wp:featuredmedia":[{"embeddable":true,"href":"https:\/\/www.zmsh-semitech.com\/es\/wp-json\/wp\/v2\/media\/1738"}],"wp:attachment":[{"href":"https:\/\/www.zmsh-semitech.com\/es\/wp-json\/wp\/v2\/media?parent=1737"}],"wp:term":[{"taxonomy":"product_brand","embeddable":true,"href":"https:\/\/www.zmsh-semitech.com\/es\/wp-json\/wp\/v2\/product_brand?post=1737"},{"taxonomy":"product_cat","embeddable":true,"href":"https:\/\/www.zmsh-semitech.com\/es\/wp-json\/wp\/v2\/product_cat?post=1737"},{"taxonomy":"product_tag","embeddable":true,"href":"https:\/\/www.zmsh-semitech.com\/es\/wp-json\/wp\/v2\/product_tag?post=1737"}],"curies":[{"name":"wp","href":"https:\/\/api.w.org\/{rel}","templated":true}]}}