{"id":1636,"date":"2026-03-17T07:52:18","date_gmt":"2026-03-17T07:52:18","guid":{"rendered":"https:\/\/www.zmsh-semitech.com\/?post_type=product&#038;p=1636"},"modified":"2026-03-20T07:39:36","modified_gmt":"2026-03-20T07:39:36","slug":"6-8-inch-silicon-sic-wafer-quad-polishing-automation-line-with-cleaning-and-re-mounting-loop","status":"publish","type":"product","link":"https:\/\/www.zmsh-semitech.com\/es\/product\/6-8-inch-silicon-sic-wafer-quad-polishing-automation-line-with-cleaning-and-re-mounting-loop\/","title":{"rendered":"L\u00ednea de automatizaci\u00f3n de pulido cu\u00e1druple de obleas de silicio y SiC de 6-8 pulgadas con bucle de limpieza y remontaje"},"content":{"rendered":"<h2 data-start=\"323\" data-end=\"346\">Productos<\/h2>\n<p data-start=\"348\" data-end=\"597\">La l\u00ednea de automatizaci\u00f3n de pulido cu\u00e1druple de obleas de silicio y carburo de silicio de 6-8 pulgadas con bucle de limpieza y remontaje es una plataforma de proceso de pospulido totalmente integrada dise\u00f1ada para soportar la fabricaci\u00f3n de grandes vol\u00famenes de obleas de silicio y carburo de silicio.<\/p>\n<p data-start=\"599\" data-end=\"886\">El sistema conecta el pulido de cuatro cabezales, el desmontaje autom\u00e1tico de obleas, la manipulaci\u00f3n de soportes cer\u00e1micos, la limpieza de soportes y el remontaje de precisi\u00f3n de obleas en un flujo continuo de bucle cerrado, lo que elimina la manipulaci\u00f3n manual y garantiza la m\u00e1xima estabilidad, repetibilidad y rendimiento del proceso.<\/p>\n<p data-start=\"888\" data-end=\"1066\">Est\u00e1 optimizado para obleas de semiconductores de potencia, sustratos de SiC y aplicaciones de envasado avanzadas en las que la planitud, la integridad de la superficie y el control de la contaminaci\u00f3n son fundamentales.<\/p>\n<p data-start=\"888\" data-end=\"1066\"><img fetchpriority=\"high\" decoding=\"async\" class=\"aligncenter wp-image-1646 size-full\" src=\"https:\/\/www.zmsh-semitech.com\/wp-content\/uploads\/2026\/01\/1572413524100.jpg\" alt=\"\" width=\"800\" height=\"515\" srcset=\"https:\/\/www.zmsh-semitech.com\/wp-content\/uploads\/2026\/01\/1572413524100.jpg 800w, https:\/\/www.zmsh-semitech.com\/wp-content\/uploads\/2026\/01\/1572413524100-300x193.jpg 300w, https:\/\/www.zmsh-semitech.com\/wp-content\/uploads\/2026\/01\/1572413524100-768x494.jpg 768w, https:\/\/www.zmsh-semitech.com\/wp-content\/uploads\/2026\/01\/1572413524100-600x386.jpg 600w\" sizes=\"(max-width: 800px) 100vw, 800px\" \/><\/p>\n<h2 data-start=\"1073\" data-end=\"1107\">Concepto de proceso en bucle cerrado<\/h2>\n<p data-start=\"1109\" data-end=\"1218\">A diferencia de las l\u00edneas de pulido semimanuales tradicionales, este sistema funciona como un aut\u00e9ntico ciclo portador de bucle cerrado:<\/p>\n<p data-start=\"1220\" data-end=\"1292\">Pulido \u2192 Desmontaje \u2192 Limpieza del soporte \u2192 Nuevo montaje \u2192 Pulido.<\/p>\n<p data-start=\"1294\" data-end=\"1508\">Los soportes cer\u00e1micos circulan autom\u00e1ticamente por el interior del sistema, mientras que las obleas se retiran y se vuelven a montar con precisi\u00f3n en condiciones estrictamente controladas.<br data-start=\"1440\" data-end=\"1443\" \/>Esta arquitectura garantiza que cada ciclo de pulido comience con:<\/p>\n<ul data-start=\"1509\" data-end=\"1622\">\n<li data-start=\"1509\" data-end=\"1538\">\n<p data-start=\"1511\" data-end=\"1538\">Una superficie de soporte limpia<\/p>\n<\/li>\n<li data-start=\"1539\" data-end=\"1573\">\n<p data-start=\"1541\" data-end=\"1573\">Una oblea colocada con precisi\u00f3n<\/p>\n<\/li>\n<li data-start=\"1574\" data-end=\"1622\">\n<p data-start=\"1576\" data-end=\"1622\">Una interfaz de montaje estable y repetible<\/p>\n<\/li>\n<\/ul>\n<p data-start=\"1624\" data-end=\"1733\">El resultado es una menor rotura de las obleas, una mayor uniformidad del grosor y una mayor consistencia entre lotes.<\/p>\n<p data-start=\"1624\" data-end=\"1733\"><img decoding=\"async\" class=\"aligncenter wp-image-1647 size-large\" src=\"https:\/\/www.zmsh-semitech.com\/wp-content\/uploads\/2026\/01\/6-8-Inch-Silicon-SiC-Wafer-Quad-Polishing-Automation-Line-with-Cleaning-and-Re-Mounting-Loop-1024x1024.jpg\" alt=\"\" width=\"1024\" height=\"1024\" srcset=\"\" sizes=\"(max-width: 1024px) 100vw, 1024px\" data-srcset=\"\" \/><\/p>\n<h2 data-start=\"1740\" data-end=\"1782\">Dise\u00f1o de ingenier\u00eda de procesos cr\u00edticos<\/h2>\n<h3 data-start=\"1784\" data-end=\"1817\">Manipulaci\u00f3n de obleas con baja tensi\u00f3n<\/h3>\n<p data-start=\"1818\" data-end=\"1951\">Se utilizan perfiles de movimiento especiales y trayectorias de desmontaje para controlar la aceleraci\u00f3n, la fuerza de contacto y el \u00e1ngulo de separaci\u00f3n, reduciendo:<\/p>\n<ul data-start=\"1952\" data-end=\"2019\">\n<li data-start=\"1952\" data-end=\"1969\">\n<p data-start=\"1954\" data-end=\"1969\">Astillado de bordes<\/p>\n<\/li>\n<li data-start=\"1970\" data-end=\"1986\">\n<p data-start=\"1972\" data-end=\"1986\">Microfisuras<\/p>\n<\/li>\n<li data-start=\"1987\" data-end=\"2019\">\n<p data-start=\"1989\" data-end=\"2019\">Alabeo de la oblea inducido por la tensi\u00f3n<\/p>\n<\/li>\n<\/ul>\n<p data-start=\"2021\" data-end=\"2136\">Esto es especialmente importante en el caso de las obleas de SiC, que son duras, quebradizas y muy sensibles a los golpes mec\u00e1nicos.<\/p>\n<h3 data-start=\"2143\" data-end=\"2185\">Reacondicionamiento Ultra-Clean Carrier<\/h3>\n<p data-start=\"2186\" data-end=\"2365\">Antes de cada ciclo de remontaje, los soportes cer\u00e1micos se restauran a un estado de superficie listo para el proceso mediante la eliminaci\u00f3n de residuos de lechada, part\u00edculas finas y pel\u00edculas qu\u00edmicas.<br data-start=\"2348\" data-end=\"2351\" \/>Esto lo impide:<\/p>\n<ul data-start=\"2366\" data-end=\"2458\">\n<li data-start=\"2366\" data-end=\"2396\">\n<p data-start=\"2368\" data-end=\"2396\">Ara\u00f1azos inducidos por part\u00edculas<\/p>\n<\/li>\n<li data-start=\"2397\" data-end=\"2431\">\n<p data-start=\"2399\" data-end=\"2431\">Falta de uniformidad del pulido local<\/p>\n<\/li>\n<li data-start=\"2432\" data-end=\"2458\">\n<p data-start=\"2434\" data-end=\"2458\">Defectos superficiales aleatorios<\/p>\n<\/li>\n<\/ul>\n<p data-start=\"2460\" data-end=\"2527\">que son los principales asesinos del rendimiento en las operaciones de pulido CMP y cu\u00e1druple.<\/p>\n<h3 data-start=\"2534\" data-end=\"2585\">Remontaje de precisi\u00f3n para un pulido uniforme<\/h3>\n<p data-start=\"2586\" data-end=\"2616\">La unidad de remontaje controla:<\/p>\n<ul data-start=\"2617\" data-end=\"2697\">\n<li data-start=\"2617\" data-end=\"2638\">\n<p data-start=\"2619\" data-end=\"2638\">Presi\u00f3n de montaje<\/p>\n<\/li>\n<li data-start=\"2639\" data-end=\"2658\">\n<p data-start=\"2641\" data-end=\"2658\">Alineaci\u00f3n de obleas<\/p>\n<\/li>\n<li data-start=\"2659\" data-end=\"2697\">\n<p data-start=\"2661\" data-end=\"2697\">Planitud en todo el soporte<\/p>\n<\/li>\n<\/ul>\n<p data-start=\"2699\" data-end=\"2822\">Esto garantiza que todas las obleas experimenten una presi\u00f3n de pulido uniforme durante el siguiente ciclo de pulido cu\u00e1druple, lo que conduce a:<\/p>\n<ul data-start=\"2823\" data-end=\"2926\">\n<li data-start=\"2823\" data-end=\"2867\">\n<p data-start=\"2825\" data-end=\"2867\">Mejora de la TTV (variaci\u00f3n total del grosor)<\/p>\n<\/li>\n<li data-start=\"2868\" data-end=\"2896\">\n<p data-start=\"2870\" data-end=\"2896\">Mejor rugosidad superficial<\/p>\n<\/li>\n<li data-start=\"2897\" data-end=\"2926\">\n<p data-start=\"2899\" data-end=\"2926\">Mayor rendimiento de obleas utilizables<\/p>\n<\/li>\n<\/ul>\n<h2 data-start=\"2933\" data-end=\"2962\">Flexibilidad de producci\u00f3n<\/h2>\n<p data-start=\"2964\" data-end=\"3062\">El sistema admite m\u00faltiples configuraciones de obleas y soportes, lo que permite a las f\u00e1bricas ajustar la l\u00ednea para:<\/p>\n<ul data-start=\"3063\" data-end=\"3163\">\n<li data-start=\"3063\" data-end=\"3089\">\n<p data-start=\"3065\" data-end=\"3089\">Rendimiento m\u00e1ximo<\/p>\n<\/li>\n<li data-start=\"3090\" data-end=\"3122\">\n<p data-start=\"3092\" data-end=\"3122\">M\u00e1ximo control de la planitud<\/p>\n<\/li>\n<li data-start=\"3123\" data-end=\"3163\">\n<p data-start=\"3125\" data-end=\"3163\">Producci\u00f3n mixta de 6 y 8 pulgadas<\/p>\n<\/li>\n<\/ul>\n<p data-start=\"3165\" data-end=\"3203\">Esto hace que la l\u00ednea sea adecuada para ambos:<\/p>\n<ul data-start=\"3204\" data-end=\"3283\">\n<li data-start=\"3204\" data-end=\"3243\">\n<p data-start=\"3206\" data-end=\"3243\">Producci\u00f3n de gran volumen de dispositivos de potencia<\/p>\n<\/li>\n<li data-start=\"3244\" data-end=\"3283\">\n<p data-start=\"3246\" data-end=\"3283\">Procesado de sustratos de SiC de alto valor<\/p>\n<\/li>\n<\/ul>\n<h2 data-start=\"3290\" data-end=\"3317\">Aplicaciones t\u00edpicas<\/h2>\n<ul data-start=\"3319\" data-end=\"3498\">\n<li data-start=\"3319\" data-end=\"3385\">\n<p data-start=\"3321\" data-end=\"3385\">Obleas de semiconductores de potencia de Si y SiC (MOSFET, IGBT, diodos)<\/p>\n<\/li>\n<li data-start=\"3386\" data-end=\"3425\">\n<p data-start=\"3388\" data-end=\"3425\">Sustratos de SiC y obleas epitaxiales<\/p>\n<\/li>\n<li data-start=\"3426\" data-end=\"3455\">\n<p data-start=\"3428\" data-end=\"3455\">Obleas para envasado avanzado<\/p>\n<\/li>\n<li data-start=\"3456\" data-end=\"3498\">\n<p data-start=\"3458\" data-end=\"3498\">Obleas de silicio pulido de alta precisi\u00f3n<\/p>\n<\/li>\n<\/ul>\n<h3 data-start=\"58\" data-end=\"102\"><strong data-start=\"62\" data-end=\"102\">FAQ - Preguntas t\u00e9cnicas adicionales<\/strong><\/h3>\n<p data-start=\"104\" data-end=\"461\"><strong>P1: \u00bfC\u00f3mo minimiza el sistema la rotura de obleas de SiC quebradizas?<\/strong><br data-start=\"179\" data-end=\"182\" \/>La l\u00ednea utiliza algoritmos de desmontaje de bajo esfuerzo y perfiles de movimiento controlados, gestionando cuidadosamente la aceleraci\u00f3n, el \u00e1ngulo de separaci\u00f3n y la fuerza de contacto. De este modo, se evitan las astillas en los bordes, las microgrietas y el alabeo de las obleas inducido por la tensi\u00f3n, problemas habituales en los sustratos de SiC.<\/p>\n<p data-start=\"468\" data-end=\"792\"><strong>P2: \u00bfPuede el bucle de limpieza y remontaje manejar m\u00faltiples especificaciones de portadores?<\/strong><br data-start=\"553\" data-end=\"556\" \/>S\u00ed, los m\u00f3dulos de tamp\u00f3n y limpieza de soportes admiten m\u00faltiples di\u00e1metros de soportes cer\u00e1micos (por ejemplo, 485 mm y 576 mm) y recuentos de obleas por soporte. Esto permite la producci\u00f3n de obleas de tama\u00f1os mixtos de 6 y 8 pulgadas sin interrupci\u00f3n de la l\u00ednea.<\/p>\n<p data-start=\"799\" data-end=\"1201\"><strong>P3: \u00bfC\u00f3mo garantiza el sistema una calidad de pulido repetible en todos los lotes?<\/strong><br data-start=\"878\" data-end=\"881\" \/>Gracias a la combinaci\u00f3n de superficies portadoras ultralimpias, alineaci\u00f3n precisa de las obleas y control de la planitud, cada oblea se monta en condiciones id\u00e9nticas. Esto garantiza una presi\u00f3n de pulido constante, una eliminaci\u00f3n uniforme del material y una TTV m\u00ednima, lo que se traduce en un rendimiento y una calidad de superficie estables en todos los lotes de producci\u00f3n.<\/p>","protected":false},"excerpt":{"rendered":"<p>La l\u00ednea de automatizaci\u00f3n de pulido cu\u00e1druple de obleas de silicio y carburo de silicio de 6-8 pulgadas con bucle de limpieza y remontaje es una plataforma de proceso de pospulido totalmente integrada dise\u00f1ada para soportar la fabricaci\u00f3n de grandes vol\u00famenes de obleas de silicio y carburo de silicio.<\/p>","protected":false},"featured_media":1642,"comment_status":"open","ping_status":"closed","template":"","meta":{"site-sidebar-layout":"default","site-content-layout":"","ast-site-content-layout":"default","site-content-style":"default","site-sidebar-style":"default","ast-global-header-display":"","ast-banner-title-visibility":"","ast-main-header-display":"","ast-hfb-above-header-display":"","ast-hfb-below-header-display":"","ast-hfb-mobile-header-display":"","site-post-title":"","ast-breadcrumbs-content":"","ast-featured-img":"","footer-sml-layout":"","ast-disable-related-posts":"","theme-transparent-header-meta":"default","adv-header-id-meta":"","stick-header-meta":"default","header-above-stick-meta":"","header-main-stick-meta":"","header-below-stick-meta":"","astra-migrate-meta-layouts":"set","ast-page-background-enabled":"default","ast-page-background-meta":{"desktop":{"background-color":"var(--ast-global-color-4)","background-image":"","background-repeat":"repeat","background-position":"center center","background-size":"auto","background-attachment":"scroll","background-type":"","background-media":"","overlay-type":"","overlay-color":"","overlay-opacity":"","overlay-gradient":""},"tablet":{"background-color":"","background-image":"","background-repeat":"repeat","background-position":"center center","background-size":"auto","background-attachment":"scroll","background-type":"","background-media":"","overlay-type":"","overlay-color":"","overlay-opacity":"","overlay-gradient":""},"mobile":{"background-color":"","background-image":"","background-repeat":"repeat","background-position":"center center","background-size":"auto","background-attachment":"scroll","background-type":"","background-media":"","overlay-type":"","overlay-color":"","overlay-opacity":"","overlay-gradient":""}},"ast-content-background-meta":{"desktop":{"background-color":"var(--ast-global-color-5)","background-image":"","background-repeat":"repeat","background-position":"center center","background-size":"auto","background-attachment":"scroll","background-type":"","background-media":"","overlay-type":"","overlay-color":"","overlay-opacity":"","overlay-gradient":""},"tablet":{"background-color":"var(--ast-global-color-5)","background-image":"","background-repeat":"repeat","background-position":"center center","background-size":"auto","background-attachment":"scroll","background-type":"","background-media":"","overlay-type":"","overlay-color":"","overlay-opacity":"","overlay-gradient":""},"mobile":{"background-color":"var(--ast-global-color-5)","background-image":"","background-repeat":"repeat","background-position":"center center","background-size":"auto","background-attachment":"scroll","background-type":"","background-media":"","overlay-type":"","overlay-color":"","overlay-opacity":"","overlay-gradient":""}}},"product_brand":[],"product_cat":[15],"product_tag":[100,105,104,107,106,109,103,108,110,102,101],"class_list":{"0":"post-1636","1":"product","2":"type-product","3":"status-publish","4":"has-post-thumbnail","6":"product_cat-crystal-growth-furnace","7":"product_tag-6-8-inch","8":"product_tag-automatic-de-mounting","9":"product_tag-automation-line","10":"product_tag-carrier-cleaning","11":"product_tag-ceramic-carrier","12":"product_tag-closed-loop-system","13":"product_tag-quad-polishing","14":"product_tag-re-mounting","15":"product_tag-semiconductor-equipment","16":"product_tag-sic-wafer","17":"product_tag-silicon-wafer","18":"desktop-align-left","19":"tablet-align-left","20":"mobile-align-left","21":"ast-product-gallery-layout-horizontal-slider","22":"ast-product-tabs-layout-horizontal","24":"first","25":"instock","26":"shipping-taxable","27":"product-type-simple"},"_links":{"self":[{"href":"https:\/\/www.zmsh-semitech.com\/es\/wp-json\/wp\/v2\/product\/1636","targetHints":{"allow":["GET"]}}],"collection":[{"href":"https:\/\/www.zmsh-semitech.com\/es\/wp-json\/wp\/v2\/product"}],"about":[{"href":"https:\/\/www.zmsh-semitech.com\/es\/wp-json\/wp\/v2\/types\/product"}],"replies":[{"embeddable":true,"href":"https:\/\/www.zmsh-semitech.com\/es\/wp-json\/wp\/v2\/comments?post=1636"}],"version-history":[{"count":2,"href":"https:\/\/www.zmsh-semitech.com\/es\/wp-json\/wp\/v2\/product\/1636\/revisions"}],"predecessor-version":[{"id":1967,"href":"https:\/\/www.zmsh-semitech.com\/es\/wp-json\/wp\/v2\/product\/1636\/revisions\/1967"}],"wp:featuredmedia":[{"embeddable":true,"href":"https:\/\/www.zmsh-semitech.com\/es\/wp-json\/wp\/v2\/media\/1642"}],"wp:attachment":[{"href":"https:\/\/www.zmsh-semitech.com\/es\/wp-json\/wp\/v2\/media?parent=1636"}],"wp:term":[{"taxonomy":"product_brand","embeddable":true,"href":"https:\/\/www.zmsh-semitech.com\/es\/wp-json\/wp\/v2\/product_brand?post=1636"},{"taxonomy":"product_cat","embeddable":true,"href":"https:\/\/www.zmsh-semitech.com\/es\/wp-json\/wp\/v2\/product_cat?post=1636"},{"taxonomy":"product_tag","embeddable":true,"href":"https:\/\/www.zmsh-semitech.com\/es\/wp-json\/wp\/v2\/product_tag?post=1636"}],"curies":[{"name":"wp","href":"https:\/\/api.w.org\/{rel}","templated":true}]}}