{"id":1534,"date":"2025-12-26T05:59:04","date_gmt":"2025-12-26T05:59:04","guid":{"rendered":"https:\/\/www.zmsh-semitech.com\/?post_type=product&#038;p=1534"},"modified":"2025-12-26T06:11:05","modified_gmt":"2025-12-26T06:11:05","slug":"compact-high-precision-laser-micro-drilling-machine-for-ultra-fine-holes-and-multi-material-compatibility","status":"publish","type":"product","link":"https:\/\/www.zmsh-semitech.com\/es\/product\/compact-high-precision-laser-micro-drilling-machine-for-ultra-fine-holes-and-multi-material-compatibility\/","title":{"rendered":"Microperforadora l\u00e1ser compacta de alta precisi\u00f3n para agujeros ultrafinos y compatibilidad multimaterial"},"content":{"rendered":"<p data-start=\"257\" data-end=\"610\">La microperforadora l\u00e1ser compacta de alta precisi\u00f3n est\u00e1 dise\u00f1ada para entornos con espacio limitado y ofrece una precisi\u00f3n excepcional y un funcionamiento sencillo. Ideal para taladrar orificios ultrafinos de hasta 0,005 mm, este sistema compacto garantiza un rendimiento fiable con un impacto t\u00e9rmico m\u00ednimo, lo que se traduce en unos bordes de orificio limpios y una oxidaci\u00f3n reducida.<\/p>\n<p data-start=\"612\" data-end=\"862\">Esta vers\u00e1til m\u00e1quina admite fuentes l\u00e1ser intercambiables para adaptarse a distintos materiales, lo que mejora la compatibilidad y la eficacia. Su intuitiva interfaz de software facilita el manejo tanto a operadores experimentados como a principiantes.<\/p>\n<p data-start=\"612\" data-end=\"862\"><img fetchpriority=\"high\" decoding=\"async\" class=\"wp-image-1536 aligncenter\" src=\"https:\/\/www.zmsh-semitech.com\/wp-content\/uploads\/2025\/12\/22.png\" alt=\"\" width=\"400\" height=\"581\" \/><\/p>\n<h3 data-start=\"869\" data-end=\"892\"><strong data-start=\"873\" data-end=\"890\">Caracter\u00edsticas principales:<\/strong><\/h3>\n<ul data-start=\"893\" data-end=\"1260\">\n<li data-start=\"893\" data-end=\"974\">\n<p data-start=\"895\" data-end=\"974\"><strong data-start=\"895\" data-end=\"914\">Dise\u00f1o compacto:<\/strong> Perfecto para espacios reducidos sin comprometer el rendimiento<\/p>\n<\/li>\n<li data-start=\"975\" data-end=\"1033\">\n<p data-start=\"977\" data-end=\"1033\"><strong data-start=\"977\" data-end=\"996\">Alta precisi\u00f3n:<\/strong> Realiza orificios de tan s\u00f3lo 0,005 mm<\/p>\n<\/li>\n<li data-start=\"1034\" data-end=\"1099\">\n<p data-start=\"1036\" data-end=\"1099\"><strong data-start=\"1036\" data-end=\"1052\">Facilidad de uso:<\/strong> Interfaz f\u00e1cil de usar para un manejo sencillo<\/p>\n<\/li>\n<li data-start=\"1100\" data-end=\"1189\">\n<p data-start=\"1102\" data-end=\"1189\"><strong data-start=\"1102\" data-end=\"1135\">Compatibilidad multimaterial:<\/strong> Fuentes l\u00e1ser intercambiables para distintos materiales<\/p>\n<\/li>\n<li data-start=\"1190\" data-end=\"1260\">\n<p data-start=\"1192\" data-end=\"1260\"><strong data-start=\"1192\" data-end=\"1219\">Impacto t\u00e9rmico m\u00ednimo:<\/strong> Reducci\u00f3n de la oxidaci\u00f3n alrededor de los orificios perforados<\/p>\n<\/li>\n<\/ul>\n<h3 data-start=\"1267\" data-end=\"1298\"><strong data-start=\"1271\" data-end=\"1296\">Materiales aplicables:<\/strong><\/h3>\n<p data-start=\"1299\" data-end=\"1351\">Adecuado para una amplia gama de materiales, incluidos:<\/p>\n<ul data-start=\"1352\" data-end=\"1487\">\n<li data-start=\"1352\" data-end=\"1412\">\n<p data-start=\"1354\" data-end=\"1412\">Metales como acero inoxidable, acero al carbono y aleaciones<\/p>\n<\/li>\n<li data-start=\"1413\" data-end=\"1450\">\n<p data-start=\"1415\" data-end=\"1450\">Cer\u00e1mica y materiales ultraduros<\/p>\n<\/li>\n<li data-start=\"1451\" data-end=\"1487\">\n<p data-start=\"1453\" data-end=\"1487\">Piedras preciosas como el zafiro<\/p>\n<\/li>\n<\/ul>\n<h3 data-start=\"1494\" data-end=\"1525\"><strong data-start=\"1498\" data-end=\"1523\">Ejemplos de aplicaci\u00f3n:<\/strong><\/h3>\n<ol data-start=\"1527\" data-end=\"2374\">\n<li data-start=\"1527\" data-end=\"1679\">\n<p data-start=\"1530\" data-end=\"1679\"><strong data-start=\"1530\" data-end=\"1563\">Taladrado de acero inoxidable T301<\/strong><br data-start=\"1563\" data-end=\"1566\" \/>Microagujeros de precisi\u00f3n taladrados en componentes de acero inoxidable T301 para aplicaciones industriales y mec\u00e1nicas.<\/p>\n<\/li>\n<li data-start=\"1681\" data-end=\"1817\">\n<p data-start=\"1684\" data-end=\"1817\"><strong data-start=\"1684\" data-end=\"1711\">Perforaci\u00f3n de l\u00e1minas de zafiro<\/strong><br data-start=\"1711\" data-end=\"1714\" \/>Taladrado ultrafino en l\u00e1minas de zafiro, adecuado para usos \u00f3pticos, electr\u00f3nicos y semiconductores.<\/p>\n<\/li>\n<li data-start=\"1819\" data-end=\"1956\">\n<p data-start=\"1822\" data-end=\"1956\"><strong data-start=\"1822\" data-end=\"1852\">Taladrado de la boquilla dispensadora<\/strong><br data-start=\"1852\" data-end=\"1855\" \/>Microagujeros de alta precisi\u00f3n para boquillas dosificadoras de cola o fluidos, que garantizan un control preciso del flujo.<\/p>\n<\/li>\n<li data-start=\"1958\" data-end=\"2092\">\n<p data-start=\"1961\" data-end=\"2092\"><strong data-start=\"1961\" data-end=\"1993\">Perforaci\u00f3n de agujeros ciegos con zafiro<\/strong><br data-start=\"1993\" data-end=\"1996\" \/>Taladrado de agujeros ciegos en zafiro, ideal para piezas de precisi\u00f3n en las que el control de la profundidad es fundamental.<\/p>\n<\/li>\n<li data-start=\"2094\" data-end=\"2247\">\n<p data-start=\"2097\" data-end=\"2247\"><strong data-start=\"2097\" data-end=\"2139\">Taladrado de agujeros en T de acero inoxidable<\/strong><br data-start=\"2139\" data-end=\"2142\" \/>Taladrado especializado de orificios en forma de T en acero inoxidable para ensamblaje mec\u00e1nico y componentes personalizados.<\/p>\n<\/li>\n<li data-start=\"2249\" data-end=\"2374\">\n<p data-start=\"2252\" data-end=\"2374\"><strong data-start=\"2252\" data-end=\"2276\">Corte de chapa de cobre<\/strong><br data-start=\"2276\" data-end=\"2279\" \/>Corte de precisi\u00f3n de l\u00e1minas de cobre para aplicaciones electr\u00f3nicas, PCB y microcomponentes.<\/p>\n<\/li>\n<\/ol>\n<p><img decoding=\"async\" class=\"wp-image-1538 size-full aligncenter\" src=\"https:\/\/www.zmsh-semitech.com\/wp-content\/uploads\/2025\/12\/drilling-case3.png\" alt=\"\" width=\"800\" height=\"600\" srcset=\"https:\/\/www.zmsh-semitech.com\/wp-content\/uploads\/2025\/12\/drilling-case3.png 800w, https:\/\/www.zmsh-semitech.com\/wp-content\/uploads\/2025\/12\/drilling-case3-300x225.png 300w, https:\/\/www.zmsh-semitech.com\/wp-content\/uploads\/2025\/12\/drilling-case3-768x576.png 768w, https:\/\/www.zmsh-semitech.com\/wp-content\/uploads\/2025\/12\/drilling-case3-600x450.png 600w\" sizes=\"(max-width: 800px) 100vw, 800px\" \/><\/p>","protected":false},"excerpt":{"rendered":"<p>La microperforadora l\u00e1ser compacta de alta precisi\u00f3n est\u00e1 dise\u00f1ada para entornos con espacio limitado y ofrece una precisi\u00f3n excepcional y un funcionamiento sencillo. Ideal para taladrar orificios ultrafinos de hasta 0,005 mm, este sistema compacto garantiza un rendimiento fiable con un impacto t\u00e9rmico m\u00ednimo, lo que se traduce en unos bordes de orificio limpios y una oxidaci\u00f3n reducida.<\/p>","protected":false},"featured_media":1535,"comment_status":"open","ping_status":"closed","template":"","meta":{"site-sidebar-layout":"default","site-content-layout":"","ast-site-content-layout":"default","site-content-style":"default","site-sidebar-style":"default","ast-global-header-display":"","ast-banner-title-visibility":"","ast-main-header-display":"","ast-hfb-above-header-display":"","ast-hfb-below-header-display":"","ast-hfb-mobile-header-display":"","site-post-title":"","ast-breadcrumbs-content":"","ast-featured-img":"","footer-sml-layout":"","ast-disable-related-posts":"","theme-transparent-header-meta":"default","adv-header-id-meta":"","stick-header-meta":"default","header-above-stick-meta":"","header-main-stick-meta":"","header-below-stick-meta":"","astra-migrate-meta-layouts":"set","ast-page-background-enabled":"default","ast-page-background-meta":{"desktop":{"background-color":"var(--ast-global-color-4)","background-image":"","background-repeat":"repeat","background-position":"center center","background-size":"auto","background-attachment":"scroll","background-type":"","background-media":"","overlay-type":"","overlay-color":"","overlay-opacity":"","overlay-gradient":""},"tablet":{"background-color":"","background-image":"","background-repeat":"repeat","background-position":"center center","background-size":"auto","background-attachment":"scroll","background-type":"","background-media":"","overlay-type":"","overlay-color":"","overlay-opacity":"","overlay-gradient":""},"mobile":{"background-color":"","background-image":"","background-repeat":"repeat","background-position":"center center","background-size":"auto","background-attachment":"scroll","background-type":"","background-media":"","overlay-type":"","overlay-color":"","overlay-opacity":"","overlay-gradient":""}},"ast-content-background-meta":{"desktop":{"background-color":"var(--ast-global-color-5)","background-image":"","background-repeat":"repeat","background-position":"center center","background-size":"auto","background-attachment":"scroll","background-type":"","background-media":"","overlay-type":"","overlay-color":"","overlay-opacity":"","overlay-gradient":""},"tablet":{"background-color":"var(--ast-global-color-5)","background-image":"","background-repeat":"repeat","background-position":"center center","background-size":"auto","background-attachment":"scroll","background-type":"","background-media":"","overlay-type":"","overlay-color":"","overlay-opacity":"","overlay-gradient":""},"mobile":{"background-color":"var(--ast-global-color-5)","background-image":"","background-repeat":"repeat","background-position":"center center","background-size":"auto","background-attachment":"scroll","background-type":"","background-media":"","overlay-type":"","overlay-color":"","overlay-opacity":"","overlay-gradient":""}}},"product_brand":[],"product_cat":[20],"product_tag":[53,54,49,48,55,46,47,56],"class_list":{"0":"post-1534","1":"product","2":"type-product","3":"status-publish","4":"has-post-thumbnail","6":"product_cat-laser-drilling-machine","7":"product_tag-compact-design","8":"product_tag-high-precision","9":"product_tag-laser-cutting","10":"product_tag-laser-micro-drilling","11":"product_tag-multi-material-compatibility","12":"product_tag-picosecond-laser","13":"product_tag-precision-laser-drilling","14":"product_tag-sapphire-drilling","15":"desktop-align-left","16":"tablet-align-left","17":"mobile-align-left","18":"ast-product-gallery-layout-horizontal-slider","19":"ast-product-gallery-with-no-image","20":"ast-product-tabs-layout-horizontal","22":"first","23":"instock","24":"shipping-taxable","25":"product-type-simple"},"_links":{"self":[{"href":"https:\/\/www.zmsh-semitech.com\/es\/wp-json\/wp\/v2\/product\/1534","targetHints":{"allow":["GET"]}}],"collection":[{"href":"https:\/\/www.zmsh-semitech.com\/es\/wp-json\/wp\/v2\/product"}],"about":[{"href":"https:\/\/www.zmsh-semitech.com\/es\/wp-json\/wp\/v2\/types\/product"}],"replies":[{"embeddable":true,"href":"https:\/\/www.zmsh-semitech.com\/es\/wp-json\/wp\/v2\/comments?post=1534"}],"version-history":[{"count":1,"href":"https:\/\/www.zmsh-semitech.com\/es\/wp-json\/wp\/v2\/product\/1534\/revisions"}],"predecessor-version":[{"id":1539,"href":"https:\/\/www.zmsh-semitech.com\/es\/wp-json\/wp\/v2\/product\/1534\/revisions\/1539"}],"wp:featuredmedia":[{"embeddable":true,"href":"https:\/\/www.zmsh-semitech.com\/es\/wp-json\/wp\/v2\/media\/1535"}],"wp:attachment":[{"href":"https:\/\/www.zmsh-semitech.com\/es\/wp-json\/wp\/v2\/media?parent=1534"}],"wp:term":[{"taxonomy":"product_brand","embeddable":true,"href":"https:\/\/www.zmsh-semitech.com\/es\/wp-json\/wp\/v2\/product_brand?post=1534"},{"taxonomy":"product_cat","embeddable":true,"href":"https:\/\/www.zmsh-semitech.com\/es\/wp-json\/wp\/v2\/product_cat?post=1534"},{"taxonomy":"product_tag","embeddable":true,"href":"https:\/\/www.zmsh-semitech.com\/es\/wp-json\/wp\/v2\/product_tag?post=1534"}],"curies":[{"name":"wp","href":"https:\/\/api.w.org\/{rel}","templated":true}]}}