{"id":2411,"date":"2026-04-24T06:30:17","date_gmt":"2026-04-24T06:30:17","guid":{"rendered":"https:\/\/www.zmsh-semitech.com\/?post_type=product&#038;p=2411"},"modified":"2026-04-24T06:30:19","modified_gmt":"2026-04-24T06:30:19","slug":"cvd-silicon-carbide-sic-electrode-for-semiconductor-plasma-systems","status":"publish","type":"product","link":"https:\/\/www.zmsh-semitech.com\/de\/product\/cvd-silicon-carbide-sic-electrode-for-semiconductor-plasma-systems\/","title":{"rendered":"CVD-Siliziumkarbid (SiC)-Elektrode f\u00fcr Halbleiter-Plasmaanlagen"},"content":{"rendered":"<p data-start=\"231\" data-end=\"634\">Die SiC-Elektrode (Siliziumkarbid-Elektrode) ist eine Hochleistungskomponente, die f\u00fcr moderne Halbleiter-Plasmabearbeitungssysteme, einschlie\u00dflich \u00c4tz-, Abscheidungs- und Oberfl\u00e4chenbehandlungsanlagen, entwickelt wurde. Im Vergleich zu herk\u00f6mmlichen Siliziumelektroden sind SiC-Elektroden o<img fetchpriority=\"high\" decoding=\"async\" class=\"alignright wp-image-2414 size-medium\" src=\"https:\/\/www.zmsh-semitech.com\/wp-content\/uploads\/2026\/04\/CVD-Silicon-Carbide-SiC-Electrode-for-Semiconductor-Plasma-Systems-1-300x300.png\" alt=\"CVD-Siliziumkarbid (SiC)-Elektrode f\u00fcr Halbleiter-Plasmaanlagen\" width=\"300\" height=\"300\" srcset=\"https:\/\/www.zmsh-semitech.com\/wp-content\/uploads\/2026\/04\/CVD-Silicon-Carbide-SiC-Electrode-for-Semiconductor-Plasma-Systems-1-300x300.png 300w, https:\/\/www.zmsh-semitech.com\/wp-content\/uploads\/2026\/04\/CVD-Silicon-Carbide-SiC-Electrode-for-Semiconductor-Plasma-Systems-1-150x150.png 150w, https:\/\/www.zmsh-semitech.com\/wp-content\/uploads\/2026\/04\/CVD-Silicon-Carbide-SiC-Electrode-for-Semiconductor-Plasma-Systems-1-768x768.png 768w, https:\/\/www.zmsh-semitech.com\/wp-content\/uploads\/2026\/04\/CVD-Silicon-Carbide-SiC-Electrode-for-Semiconductor-Plasma-Systems-1-12x12.png 12w, https:\/\/www.zmsh-semitech.com\/wp-content\/uploads\/2026\/04\/CVD-Silicon-Carbide-SiC-Electrode-for-Semiconductor-Plasma-Systems-1-600x600.png 600w, https:\/\/www.zmsh-semitech.com\/wp-content\/uploads\/2026\/04\/CVD-Silicon-Carbide-SiC-Electrode-for-Semiconductor-Plasma-Systems-1-100x100.png 100w, https:\/\/www.zmsh-semitech.com\/wp-content\/uploads\/2026\/04\/CVD-Silicon-Carbide-SiC-Electrode-for-Semiconductor-Plasma-Systems-1.png 1000w\" sizes=\"(max-width: 300px) 100vw, 300px\" \/>Sie bieten eine deutlich verbesserte Haltbarkeit, eine h\u00f6here Plasmabest\u00e4ndigkeit und eine l\u00e4ngere Lebensdauer unter extremen Verarbeitungsbedingungen.<\/p>\n<p data-start=\"636\" data-end=\"980\">Die aus CVD-Siliziumkarbid (Chemical Vapor Deposition) hergestellte Elektrode weist eine dichte, hochreine Struktur mit hervorragender W\u00e4rmeleitf\u00e4higkeit und chemischer Stabilit\u00e4t auf. Dadurch eignet sie sich besonders f\u00fcr Umgebungen mit hochenergetischem Plasma, aggressiven Gasen wie CF\u2084, SF\u2086, NF\u2083 und Cl\u2082 sowie hohen Temperaturen.<\/p>\n<p data-start=\"982\" data-end=\"1287\">In Plasmakammern spielen Elektroden eine entscheidende Rolle bei der Steuerung der elektrischen Felder, der Plasmadichte und der Prozessgleichm\u00e4\u00dfigkeit. SiC-Elektroden sorgen f\u00fcr stabile elektrische Eigenschaften \u00fcber l\u00e4ngere Zeitr\u00e4ume, reduzieren die Drift, minimieren die Partikelkontamination und gew\u00e4hrleisten gleichbleibende Ergebnisse bei der Waferverarbeitung.<\/p>\n<p data-start=\"1289\" data-end=\"1521\">Aufgrund ihrer Langlebigkeit und Leistung werden SiC-Elektroden als kritische Halbleiter-Verbrauchsmaterialien (langlebige Verschlei\u00dfteile) eingestuft und in fortschrittlichen Halbleiterknoten und Produktionsumgebungen mit hohem Durchsatz weit verbreitet eingesetzt.<\/p>\n<hr data-start=\"1523\" data-end=\"1526\" \/>\n<h2 data-section-id=\"1wht24f\" data-start=\"1528\" data-end=\"1548\">Wesentliche Merkmale<\/h2>\n<p><strong style=\"font-size: 16px; font-style: normal;\" data-start=\"1639\" data-end=\"1669\"><img decoding=\"async\" class=\"alignright wp-image-2412 size-medium\" style=\"font-weight: 400;\" src=\"https:\/\/www.zmsh-semitech.com\/wp-content\/uploads\/2026\/04\/CVD-Silicon-Carbide-SiC-Electrode-for-Semiconductor-Plasma-Systems-2-300x300.png\" alt=\"CVD-Siliziumkarbid (SiC)-Elektrode f\u00fcr Halbleiter-Plasmaanlagen\" width=\"300\" height=\"300\" srcset=\"https:\/\/www.zmsh-semitech.com\/wp-content\/uploads\/2026\/04\/CVD-Silicon-Carbide-SiC-Electrode-for-Semiconductor-Plasma-Systems-2-300x300.png 300w, https:\/\/www.zmsh-semitech.com\/wp-content\/uploads\/2026\/04\/CVD-Silicon-Carbide-SiC-Electrode-for-Semiconductor-Plasma-Systems-2-150x150.png 150w, https:\/\/www.zmsh-semitech.com\/wp-content\/uploads\/2026\/04\/CVD-Silicon-Carbide-SiC-Electrode-for-Semiconductor-Plasma-Systems-2-768x768.png 768w, https:\/\/www.zmsh-semitech.com\/wp-content\/uploads\/2026\/04\/CVD-Silicon-Carbide-SiC-Electrode-for-Semiconductor-Plasma-Systems-2-12x12.png 12w, https:\/\/www.zmsh-semitech.com\/wp-content\/uploads\/2026\/04\/CVD-Silicon-Carbide-SiC-Electrode-for-Semiconductor-Plasma-Systems-2-600x600.png 600w, https:\/\/www.zmsh-semitech.com\/wp-content\/uploads\/2026\/04\/CVD-Silicon-Carbide-SiC-Electrode-for-Semiconductor-Plasma-Systems-2-100x100.png 100w, https:\/\/www.zmsh-semitech.com\/wp-content\/uploads\/2026\/04\/CVD-Silicon-Carbide-SiC-Electrode-for-Semiconductor-Plasma-Systems-2.png 1000w\" sizes=\"(max-width: 300px) 100vw, 300px\" \/><\/strong><\/p>\n<ul data-start=\"1549\" data-end=\"2244\">\n<li data-section-id=\"9sfaj1\" data-start=\"1549\" data-end=\"1636\"><strong data-start=\"1551\" data-end=\"1583\">Hochreines CVD-SiC-Material<\/strong>: Dichte Struktur mit ausgezeichneter chemischer Inertheit<\/li>\n<li data-section-id=\"qsf5dr\" data-start=\"1637\" data-end=\"1741\"><strong data-start=\"1639\" data-end=\"1669\">\u00dcberlegene Plasmabest\u00e4ndigkeit<\/strong>: Hervorragende Leistung in fluor- und chlorhaltigen Umgebungen<\/li>\n<li data-section-id=\"1rcxb8u\" data-start=\"1742\" data-end=\"1821\"><strong data-start=\"1744\" data-end=\"1771\">Ultra-lange Nutzungsdauer<\/strong>: In der Regel 3-10x l\u00e4nger als Siliziumelektroden<\/li>\n<li data-section-id=\"pe85cr\" data-start=\"1822\" data-end=\"1900\"><strong data-start=\"1824\" data-end=\"1851\">Geringe Partikelerzeugung<\/strong>: Verbessert den Ertrag und verringert das Kontaminationsrisiko<\/li>\n<li data-section-id=\"1eryen9\" data-start=\"1901\" data-end=\"1983\"><strong data-start=\"1903\" data-end=\"1932\">Hohe W\u00e4rmeleitf\u00e4higkeit<\/strong>: Verbessert die W\u00e4rmeableitung und Prozessstabilit\u00e4t<\/li>\n<li data-section-id=\"12bf6b0\" data-start=\"1984\" data-end=\"2071\"><strong data-start=\"1986\" data-end=\"2018\">Stabile elektrische Eigenschaften<\/strong>: Gleichbleibende Widerstandsf\u00e4higkeit \u00fcber lange Zyklen<\/li>\n<li data-section-id=\"183ojww\" data-start=\"2072\" data-end=\"2161\"><strong data-start=\"2074\" data-end=\"2097\">Feinmechanische Bearbeitung<\/strong>: Enge Toleranz (&lt;10 \u03bcm) f\u00fcr Integration in Halbleiterqualit\u00e4t<\/li>\n<li data-section-id=\"1116895\" data-start=\"2162\" data-end=\"2244\"><strong data-start=\"2164\" data-end=\"2198\">Kundenspezifisches Design der Gasverteilung<\/strong>: Optimierte Lochmuster f\u00fcr gleichm\u00e4\u00dfiges Plasma<\/li>\n<\/ul>\n<hr data-start=\"2246\" data-end=\"2249\" \/>\n<h2 data-section-id=\"1vgwxle\" data-start=\"2251\" data-end=\"2283\">Technische Daten<\/h2>\n<div class=\"TyagGW_tableContainer\">\n<div class=\"group TyagGW_tableWrapper flex flex-col-reverse w-fit\" tabindex=\"-1\">\n<table class=\"w-fit min-w-(--thread-content-width)\" data-start=\"2285\" data-end=\"3017\">\n<thead data-start=\"2285\" data-end=\"2314\">\n<tr data-start=\"2285\" data-end=\"2314\">\n<th class=\"\" data-start=\"2285\" data-end=\"2297\" data-col-size=\"sm\">Parameter<\/th>\n<th class=\"\" data-start=\"2297\" data-end=\"2314\" data-col-size=\"sm\">Spezifikation<\/th>\n<\/tr>\n<\/thead>\n<tbody data-start=\"2342\" data-end=\"3017\">\n<tr data-start=\"2342\" data-end=\"2382\">\n<td data-start=\"2342\" data-end=\"2353\" data-col-size=\"sm\">Material<\/td>\n<td data-col-size=\"sm\" data-start=\"2353\" data-end=\"2382\">CVD-Siliziumkarbid (SiC)<\/td>\n<\/tr>\n<tr data-start=\"2383\" data-end=\"2403\">\n<td data-start=\"2383\" data-end=\"2392\" data-col-size=\"sm\">Reinheit<\/td>\n<td data-col-size=\"sm\" data-start=\"2392\" data-end=\"2403\">\u2265 99.9%<\/td>\n<\/tr>\n<tr data-start=\"2404\" data-end=\"2429\">\n<td data-start=\"2404\" data-end=\"2414\" data-col-size=\"sm\">Dichte<\/td>\n<td data-col-size=\"sm\" data-start=\"2414\" data-end=\"2429\">\u2265 3,1 g\/cm\u00b3<\/td>\n<\/tr>\n<tr data-start=\"2430\" data-end=\"2463\">\n<td data-start=\"2430\" data-end=\"2447\" data-col-size=\"sm\">Durchmesser (Max)<\/td>\n<td data-col-size=\"sm\" data-start=\"2447\" data-end=\"2463\">bis zu 330 mm<\/td>\n<\/tr>\n<tr data-start=\"2464\" data-end=\"2506\">\n<td data-start=\"2464\" data-end=\"2476\" data-col-size=\"sm\">Dicke<\/td>\n<td data-col-size=\"sm\" data-start=\"2476\" data-end=\"2506\">Kundenspezifisch (typischerweise 5-50 mm)<\/td>\n<\/tr>\n<tr data-start=\"2507\" data-end=\"2542\">\n<td data-start=\"2507\" data-end=\"2527\" data-col-size=\"sm\">Widerstandsf\u00e4higkeit (niedrig)<\/td>\n<td data-start=\"2527\" data-end=\"2542\" data-col-size=\"sm\">&lt; 0,02 \u03a9-cm<\/td>\n<\/tr>\n<tr data-start=\"2543\" data-end=\"2583\">\n<td data-start=\"2543\" data-end=\"2566\" data-col-size=\"sm\">Spezifischer Widerstand (Medium)<\/td>\n<td data-start=\"2566\" data-end=\"2583\" data-col-size=\"sm\">0,2 - 25 \u03a9-cm<\/td>\n<\/tr>\n<tr data-start=\"2584\" data-end=\"2619\">\n<td data-start=\"2584\" data-end=\"2605\" data-col-size=\"sm\">Widerstandsf\u00e4higkeit (hoch)<\/td>\n<td data-start=\"2605\" data-end=\"2619\" data-col-size=\"sm\">&gt; 100 \u03a9-cm<\/td>\n<\/tr>\n<tr data-start=\"2620\" data-end=\"2659\">\n<td data-start=\"2620\" data-end=\"2651\" data-col-size=\"sm\">Gleichm\u00e4\u00dfigkeit des Widerstands (RRG)<\/td>\n<td data-start=\"2651\" data-end=\"2659\" data-col-size=\"sm\">&lt; 5%<\/td>\n<\/tr>\n<tr data-start=\"2660\" data-end=\"2711\">\n<td data-start=\"2660\" data-end=\"2680\" data-col-size=\"sm\">Durchmesser der Gasbohrung<\/td>\n<td data-start=\"2680\" data-end=\"2711\" data-col-size=\"sm\">0,2 - 0,8 mm (anpassbar)<\/td>\n<\/tr>\n<tr data-start=\"2712\" data-end=\"2762\">\n<td data-start=\"2712\" data-end=\"2732\" data-col-size=\"sm\">Zustand der Oberfl\u00e4che<\/td>\n<td data-start=\"2732\" data-end=\"2762\" data-col-size=\"sm\">Geschliffen (optional poliert)<\/td>\n<\/tr>\n<tr data-start=\"2763\" data-end=\"2800\">\n<td data-start=\"2763\" data-end=\"2788\" data-col-size=\"sm\">Oberfl\u00e4chenrauhigkeit (Ra)<\/td>\n<td data-start=\"2788\" data-end=\"2800\" data-col-size=\"sm\">\u2264 1,6 \u03bcm<\/td>\n<\/tr>\n<tr data-start=\"2801\" data-end=\"2834\">\n<td data-start=\"2801\" data-end=\"2823\" data-col-size=\"sm\">Pr\u00e4zision in der Bearbeitung<\/td>\n<td data-start=\"2823\" data-end=\"2834\" data-col-size=\"sm\">&lt; 10 \u03bcm<\/td>\n<\/tr>\n<tr data-start=\"2835\" data-end=\"2877\">\n<td data-start=\"2835\" data-end=\"2858\" data-col-size=\"sm\">W\u00e4rmeleitf\u00e4higkeit<\/td>\n<td data-start=\"2858\" data-end=\"2877\" data-col-size=\"sm\">120 - 200 W\/m-K<\/td>\n<\/tr>\n<tr data-start=\"2878\" data-end=\"2902\">\n<td data-start=\"2878\" data-end=\"2889\" data-col-size=\"sm\">H\u00e4rte<\/td>\n<td data-start=\"2889\" data-end=\"2902\" data-col-size=\"sm\">~9,2 Mohs<\/td>\n<\/tr>\n<tr data-start=\"2903\" data-end=\"2963\">\n<td data-start=\"2903\" data-end=\"2931\" data-col-size=\"sm\">Maximale Betriebstemperatur<\/td>\n<td data-start=\"2931\" data-end=\"2963\" data-col-size=\"sm\">&gt; 1000\u00b0C (prozessabh\u00e4ngig)<\/td>\n<\/tr>\n<tr data-start=\"2964\" data-end=\"3017\">\n<td data-start=\"2964\" data-end=\"2982\" data-col-size=\"sm\">Qualit\u00e4tskontrolle<\/td>\n<td data-start=\"2982\" data-end=\"3017\" data-col-size=\"sm\">Keine Risse, Chips, Verunreinigungen<\/td>\n<\/tr>\n<\/tbody>\n<\/table>\n<\/div>\n<\/div>\n<hr data-start=\"3019\" data-end=\"3022\" \/>\n<h2 data-section-id=\"1gggyhy\" data-start=\"3024\" data-end=\"3044\">Anwendungen<\/h2>\n<p>&nbsp;<\/p>\n<p data-start=\"3045\" data-end=\"3157\">SiC-Elektroden sind in der Halbleiterindustrie weit verbreitet und erfordern eine hohe Haltbarkeit und Stabilit\u00e4t:<\/p>\n<ul data-start=\"3159\" data-end=\"3352\">\n<li data-section-id=\"qzqq98\" data-start=\"3159\" data-end=\"3197\">Plasma-\u00c4tzsysteme (ICP \/ RIE)\n<p style=\"font-size: 16px; font-style: normal; font-weight: 400;\"><img decoding=\"async\" class=\"size-medium wp-image-2405 alignright\" src=\"https:\/\/www.zmsh-semitech.com\/wp-content\/uploads\/2026\/04\/KYQhvr8H6fiJzv0Gyv0QBbnTGAn0D-jgL0afJ2QhVSsVzaDSfEEx4D1Qc9Qg9IxXDOCUhnYHl82TwzfZ-OQMZzQa5u3KF6R1mE3QPYDfCW4ltwvgZ5uecKGM7VBlj-f5ppfWrANQSR4kHdIoBW-vOxmtu56kJnlmCndnFjtFqasApRq1EpNs3nKzmFQFM9WF-300x225.jpg\" alt=\"\" width=\"300\" height=\"225\" srcset=\"https:\/\/www.zmsh-semitech.com\/wp-content\/uploads\/2026\/04\/KYQhvr8H6fiJzv0Gyv0QBbnTGAn0D-jgL0afJ2QhVSsVzaDSfEEx4D1Qc9Qg9IxXDOCUhnYHl82TwzfZ-OQMZzQa5u3KF6R1mE3QPYDfCW4ltwvgZ5uecKGM7VBlj-f5ppfWrANQSR4kHdIoBW-vOxmtu56kJnlmCndnFjtFqasApRq1EpNs3nKzmFQFM9WF-300x225.jpg 300w, https:\/\/www.zmsh-semitech.com\/wp-content\/uploads\/2026\/04\/KYQhvr8H6fiJzv0Gyv0QBbnTGAn0D-jgL0afJ2QhVSsVzaDSfEEx4D1Qc9Qg9IxXDOCUhnYHl82TwzfZ-OQMZzQa5u3KF6R1mE3QPYDfCW4ltwvgZ5uecKGM7VBlj-f5ppfWrANQSR4kHdIoBW-vOxmtu56kJnlmCndnFjtFqasApRq1EpNs3nKzmFQFM9WF-16x12.jpg 16w, https:\/\/www.zmsh-semitech.com\/wp-content\/uploads\/2026\/04\/KYQhvr8H6fiJzv0Gyv0QBbnTGAn0D-jgL0afJ2QhVSsVzaDSfEEx4D1Qc9Qg9IxXDOCUhnYHl82TwzfZ-OQMZzQa5u3KF6R1mE3QPYDfCW4ltwvgZ5uecKGM7VBlj-f5ppfWrANQSR4kHdIoBW-vOxmtu56kJnlmCndnFjtFqasApRq1EpNs3nKzmFQFM9WF.jpg 600w\" sizes=\"(max-width: 300px) 100vw, 300px\" \/><\/p>\n<\/li>\n<li data-section-id=\"x5dp28\" data-start=\"3198\" data-end=\"3234\">CVD\/PECVD-Beschichtungsanlagen<\/li>\n<li data-section-id=\"i266u8\" data-start=\"3235\" data-end=\"3264\">Hochleistungsplasmasysteme<\/li>\n<li data-section-id=\"12l2f4p\" data-start=\"3265\" data-end=\"3305\">Verfahren zur Oberfl\u00e4chenmodifikation von Wafern<\/li>\n<li data-section-id=\"1aetczy\" data-start=\"3306\" data-end=\"3352\">Moderne Halbleiterfertigungsknoten<\/li>\n<\/ul>\n<p data-start=\"3354\" data-end=\"3517\">Sie sind besonders geeignet f\u00fcr <strong data-start=\"3389\" data-end=\"3443\">harte Plasmabedingungen und lange Produktionszyklen<\/strong>, in denen herk\u00f6mmliche Siliziumelektroden die Anforderungen an die Lebensdauer nicht erf\u00fcllen k\u00f6nnen.<\/p>\n<hr data-start=\"3519\" data-end=\"3522\" \/>\n<h2 data-section-id=\"ey806o\" data-start=\"3524\" data-end=\"3566\">Vorteile gegen\u00fcber Siliziumelektroden<\/h2>\n<p data-start=\"3567\" data-end=\"3673\">Im Vergleich zu herk\u00f6mmlichen Siliziumelektroden bieten SiC-Elektroden erhebliche Leistungsverbesserungen:<\/p>\n<ul data-start=\"3675\" data-end=\"4062\">\n<li data-section-id=\"c0wgoq\" data-start=\"3675\" data-end=\"3754\"><strong data-start=\"3677\" data-end=\"3698\">Verl\u00e4ngerte Lebensdauer<\/strong>: 3-10 Mal l\u00e4nger unter aggressiven Plasmabedingungen<\/li>\n<li data-section-id=\"vh54cx\" data-start=\"3755\" data-end=\"3832\"><strong data-start=\"3757\" data-end=\"3790\">Hervorragende Korrosionsbest\u00e4ndigkeit<\/strong>: Widersteht Fluor- und Chlorgas<\/li>\n<li data-section-id=\"1f80iwa\" data-start=\"3833\" data-end=\"3909\"><strong data-start=\"3835\" data-end=\"3867\">Geringere Partikelkontamination<\/strong>: Verbessert den Ertrag und die Sauberkeit des Prozesses<\/li>\n<li data-section-id=\"bvfjdw\" data-start=\"3910\" data-end=\"3989\"><strong data-start=\"3912\" data-end=\"3942\">Verbesserte Prozessstabilit\u00e4t<\/strong>: Bewahrt konsistente Plasmaleigenschaften<\/li>\n<li data-section-id=\"wemy35\" data-start=\"3990\" data-end=\"4062\"><strong data-start=\"3992\" data-end=\"4020\">Reduzierte Wartungskosten<\/strong>: Weniger h\u00e4ufiger Austausch und Ausfallzeiten<\/li>\n<\/ul>\n<p data-start=\"4064\" data-end=\"4199\">Obwohl die Anschaffungskosten h\u00f6her sind, bieten SiC-Elektroden bei High-End-Halbleiteranwendungen niedrigere Gesamtbetriebskosten (TCO).<\/p>\n<p data-start=\"4064\" data-end=\"4199\"><img loading=\"lazy\" decoding=\"async\" class=\"wp-image-2383 size-large aligncenter\" src=\"https:\/\/www.zmsh-semitech.com\/wp-content\/uploads\/2026\/04\/\u5fae\u4fe1\u56fe\u7247_20260423181006_366_381-1024x486.png\" alt=\"\" width=\"1024\" height=\"486\" srcset=\"\" sizes=\"(max-width: 1024px) 100vw, 1024px\" data-srcset=\"\" \/><\/p>\n<hr data-start=\"4201\" data-end=\"4204\" \/>\n<h2 data-section-id=\"cpu4ih\" data-start=\"4206\" data-end=\"4217\">FAQ<\/h2>\n<p data-start=\"4219\" data-end=\"4384\"><strong data-start=\"4219\" data-end=\"4266\">Q1: Ist die SiC-Elektrode ein Verschlei\u00dfteil?<\/strong><br data-start=\"4266\" data-end=\"4269\" \/>Ja, es handelt sich um ein kritisches Halbleiter-Verbrauchsmaterial, das jedoch im Vergleich zu Siliziumelektroden eine viel l\u00e4ngere Lebensdauer aufweist.<\/p>\n<p data-start=\"4386\" data-end=\"4570\"><strong data-start=\"4386\" data-end=\"4432\">F2: Warum SiC statt Siliziumelektrode?<\/strong><br data-start=\"4432\" data-end=\"4435\" \/>SiC bietet eine bessere Plasmabest\u00e4ndigkeit, eine l\u00e4ngere Lebensdauer und eine geringere Partikelbildung und ist damit ideal f\u00fcr raue Verarbeitungsumgebungen.<\/p>\n<p data-start=\"4572\" data-end=\"4739\"><strong data-start=\"4572\" data-end=\"4612\">F3: Kann die Elektrode individuell angepasst werden?<\/strong><br data-start=\"4612\" data-end=\"4615\" \/>Ja. Gr\u00f6\u00dfe, Dicke, Widerstand, Gaslochdesign und Oberfl\u00e4chenbeschaffenheit k\u00f6nnen entsprechend Ihren Anforderungen angepasst werden.<\/p>\n<p data-start=\"4741\" data-end=\"4878\"><strong data-start=\"4741\" data-end=\"4784\">F4: Welche Branchen verwenden SiC-Elektroden?<\/strong><br data-start=\"4784\" data-end=\"4787\" \/>In erster Linie Halbleiterherstellung, insbesondere in Plasma\u00e4tz- und Abscheidungssystemen.<\/p>","protected":false},"excerpt":{"rendered":"<p>Die SiC-Elektrode (Siliziumkarbid-Elektrode) ist eine Hochleistungskomponente f\u00fcr moderne Halbleiter-Plasmabearbeitungssysteme, einschlie\u00dflich \u00c4tz-, Abscheidungs- und Oberfl\u00e4chenbehandlungsanlagen. Im Vergleich zu herk\u00f6mmlichen Siliziumelektroden bieten SiC-Elektroden eine deutlich verbesserte Haltbarkeit, eine \u00fcberlegene Plasmabest\u00e4ndigkeit und eine l\u00e4ngere Lebensdauer unter extremen Verarbeitungsbedingungen. Die Elektrode wird unter Verwendung von CVD-Siliziumkarbid hergestellt und zeichnet sich durch eine dichte, hochreine Struktur mit hervorragender W\u00e4rmeleitf\u00e4higkeit und chemischer Stabilit\u00e4t aus.<\/p>","protected":false},"featured_media":2414,"comment_status":"open","ping_status":"closed","template":"","meta":{"site-sidebar-layout":"default","site-content-layout":"","ast-site-content-layout":"default","site-content-style":"default","site-sidebar-style":"default","ast-global-header-display":"","ast-banner-title-visibility":"","ast-main-header-display":"","ast-hfb-above-header-display":"","ast-hfb-below-header-display":"","ast-hfb-mobile-header-display":"","site-post-title":"","ast-breadcrumbs-content":"","ast-featured-img":"","footer-sml-layout":"","ast-disable-related-posts":"","theme-transparent-header-meta":"default","adv-header-id-meta":"","stick-header-meta":"default","header-above-stick-meta":"","header-main-stick-meta":"","header-below-stick-meta":"","astra-migrate-meta-layouts":"set","ast-page-background-enabled":"default","ast-page-background-meta":{"desktop":{"background-color":"var(--ast-global-color-4)","background-image":"","background-repeat":"repeat","background-position":"center center","background-size":"auto","background-attachment":"scroll","background-type":"","background-media":"","overlay-type":"","overlay-color":"","overlay-opacity":"","overlay-gradient":""},"tablet":{"background-color":"","background-image":"","background-repeat":"repeat","background-position":"center center","background-size":"auto","background-attachment":"scroll","background-type":"","background-media":"","overlay-type":"","overlay-color":"","overlay-opacity":"","overlay-gradient":""},"mobile":{"background-color":"","background-image":"","background-repeat":"repeat","background-position":"center center","background-size":"auto","background-attachment":"scroll","background-type":"","background-media":"","overlay-type":"","overlay-color":"","overlay-opacity":"","overlay-gradient":""}},"ast-content-background-meta":{"desktop":{"background-color":"var(--ast-global-color-5)","background-image":"","background-repeat":"repeat","background-position":"center center","background-size":"auto","background-attachment":"scroll","background-type":"","background-media":"","overlay-type":"","overlay-color":"","overlay-opacity":"","overlay-gradient":""},"tablet":{"background-color":"var(--ast-global-color-5)","background-image":"","background-repeat":"repeat","background-position":"center center","background-size":"auto","background-attachment":"scroll","background-type":"","background-media":"","overlay-type":"","overlay-color":"","overlay-opacity":"","overlay-gradient":""},"mobile":{"background-color":"var(--ast-global-color-5)","background-image":"","background-repeat":"repeat","background-position":"center center","background-size":"auto","background-attachment":"scroll","background-type":"","background-media":"","overlay-type":"","overlay-color":"","overlay-opacity":"","overlay-gradient":""}}},"product_brand":[],"product_cat":[1212],"product_tag":[],"class_list":{"0":"post-2411","1":"product","2":"type-product","3":"status-publish","4":"has-post-thumbnail","6":"product_cat-semiconductor-consumables","7":"desktop-align-left","8":"tablet-align-left","9":"mobile-align-left","10":"ast-product-gallery-layout-horizontal-slider","11":"ast-product-tabs-layout-horizontal","13":"first","14":"instock","15":"shipping-taxable","16":"product-type-simple"},"_links":{"self":[{"href":"https:\/\/www.zmsh-semitech.com\/de\/wp-json\/wp\/v2\/product\/2411","targetHints":{"allow":["GET"]}}],"collection":[{"href":"https:\/\/www.zmsh-semitech.com\/de\/wp-json\/wp\/v2\/product"}],"about":[{"href":"https:\/\/www.zmsh-semitech.com\/de\/wp-json\/wp\/v2\/types\/product"}],"replies":[{"embeddable":true,"href":"https:\/\/www.zmsh-semitech.com\/de\/wp-json\/wp\/v2\/comments?post=2411"}],"version-history":[{"count":2,"href":"https:\/\/www.zmsh-semitech.com\/de\/wp-json\/wp\/v2\/product\/2411\/revisions"}],"predecessor-version":[{"id":2416,"href":"https:\/\/www.zmsh-semitech.com\/de\/wp-json\/wp\/v2\/product\/2411\/revisions\/2416"}],"wp:featuredmedia":[{"embeddable":true,"href":"https:\/\/www.zmsh-semitech.com\/de\/wp-json\/wp\/v2\/media\/2414"}],"wp:attachment":[{"href":"https:\/\/www.zmsh-semitech.com\/de\/wp-json\/wp\/v2\/media?parent=2411"}],"wp:term":[{"taxonomy":"product_brand","embeddable":true,"href":"https:\/\/www.zmsh-semitech.com\/de\/wp-json\/wp\/v2\/product_brand?post=2411"},{"taxonomy":"product_cat","embeddable":true,"href":"https:\/\/www.zmsh-semitech.com\/de\/wp-json\/wp\/v2\/product_cat?post=2411"},{"taxonomy":"product_tag","embeddable":true,"href":"https:\/\/www.zmsh-semitech.com\/de\/wp-json\/wp\/v2\/product_tag?post=2411"}],"curies":[{"name":"wp","href":"https:\/\/api.w.org\/{rel}","templated":true}]}}