{"id":2360,"date":"2026-04-22T07:08:49","date_gmt":"2026-04-22T07:08:49","guid":{"rendered":"https:\/\/www.zmsh-semitech.com\/?post_type=product&#038;p=2360"},"modified":"2026-04-22T07:13:29","modified_gmt":"2026-04-22T07:13:29","slug":"ai350ht-medium-beam-high-temperature-ion-implantation-system-for-6-8-inch-sic-and-silicon-wafer-processing","status":"publish","type":"product","link":"https:\/\/www.zmsh-semitech.com\/de\/product\/ai350ht-medium-beam-high-temperature-ion-implantation-system-for-6-8-inch-sic-and-silicon-wafer-processing\/","title":{"rendered":"Ai350HT Mittelstrahl-Hochtemperatur-Ionenimplantationssystem f\u00fcr die Bearbeitung von 6\/8-Zoll-SiC- und Siliziumwafern"},"content":{"rendered":"<p data-start=\"193\" data-end=\"519\"><img fetchpriority=\"high\" decoding=\"async\" class=\"alignright wp-image-2361 size-medium\" src=\"https:\/\/www.zmsh-semitech.com\/wp-content\/uploads\/2026\/04\/AI350t-300x300.png\" alt=\"Ai350HT Mittelstrahl-Hochtemperatur-Ionenimplantationssystem f\u00fcr die Bearbeitung von 6\/8-Zoll-SiC- und Siliziumwafern\" width=\"300\" height=\"300\" srcset=\"https:\/\/www.zmsh-semitech.com\/wp-content\/uploads\/2026\/04\/AI350t-300x300.png 300w, https:\/\/www.zmsh-semitech.com\/wp-content\/uploads\/2026\/04\/AI350t-150x150.png 150w, https:\/\/www.zmsh-semitech.com\/wp-content\/uploads\/2026\/04\/AI350t-768x768.png 768w, https:\/\/www.zmsh-semitech.com\/wp-content\/uploads\/2026\/04\/AI350t-12x12.png 12w, https:\/\/www.zmsh-semitech.com\/wp-content\/uploads\/2026\/04\/AI350t-600x600.png 600w, https:\/\/www.zmsh-semitech.com\/wp-content\/uploads\/2026\/04\/AI350t-100x100.png 100w, https:\/\/www.zmsh-semitech.com\/wp-content\/uploads\/2026\/04\/AI350t.png 1000w\" sizes=\"(max-width: 300px) 100vw, 300px\" \/>Das Hochtemperatur-Ionenimplantationssystem Ai350HT (Medium Beam) ist f\u00fcr Halbleiterfertigungslinien f\u00fcr 6- und 8-Zoll-Siliziumwafer sowie f\u00fcr SiC-Prozessanwendungen konzipiert. Es handelt sich um einen Mittelstrom-Ionenimplantator, der f\u00fcr Hochenergie- und Hochtemperatur-Dotierungsprozesse in der modernen Halbleiterfertigung entwickelt wurde.<\/p>\n<p data-start=\"521\" data-end=\"969\">Das System unterst\u00fctzt einen Energiebereich von 5 keV bis 350 keV und erm\u00f6glicht sowohl flache als auch tiefe Implantationsprozesse. Es ist mit einem elektrostatischen Hochtemperatur-Chuck ausgestattet, der bis zu 500\u00b0C arbeiten kann und eine verbesserte Dotierstoffaktivierung und geringere Gittersch\u00e4den w\u00e4hrend der Implantation erm\u00f6glicht. In Verbindung mit einer stabilen Strahlleistung und einer hochpr\u00e4zisen Steuerung eignet sich das System sowohl f\u00fcr die Herstellung von Halbleitern auf Siliziumbasis als auch f\u00fcr solche mit gro\u00dfem Bandabstand.<\/p>\n<hr data-start=\"971\" data-end=\"974\" \/>\n<h2 data-section-id=\"1d7mrtu\" data-start=\"976\" data-end=\"987\">Eigenschaften<\/h2>\n<h3 data-section-id=\"1b6a5ze\" data-start=\"989\" data-end=\"1033\">F\u00e4higkeit zur Hochtemperatur-Implantation<\/h3>\n<p data-start=\"1034\" data-end=\"1198\">Ausgestattet mit einem elektrostatischen Hochtemperatur-Chuck, der bis zu 500\u00b0C unterst\u00fctzt und eine verbesserte Implantationseffizienz und Dotierstoffaktivierung f\u00fcr fortschrittliche Prozesse erm\u00f6glicht.<\/p>\n<h3 data-section-id=\"ox5pwk\" data-start=\"1200\" data-end=\"1221\">Breiter Energiebereich<\/h3>\n<p data-start=\"1222\" data-end=\"1355\">Der Energiebereich von 5-350 keV unterst\u00fctzt flexible Implantationsanforderungen von der Bildung flacher \u00dcberg\u00e4nge bis zu tiefen Implantationsprozessen.<\/p>\n<h3 data-section-id=\"1czdwpe\" data-start=\"1357\" data-end=\"1388\">Hochpr\u00e4zise Strahlsteuerung<\/h3>\n<p data-start=\"1389\" data-end=\"1529\">Bietet pr\u00e4zise Implantationsleistung mit Winkelgenauigkeit \u2264 0,2\u00b0, Strahlparallelit\u00e4t \u2264 0,2\u00b0, Gleichm\u00e4\u00dfigkeit \u2264 0,5% und Wiederholbarkeit \u2264 0,5%.<\/p>\n<h3 data-section-id=\"173z83c\" data-start=\"1531\" data-end=\"1558\">Stabile Strahlleistung<\/h3>\n<p data-start=\"1559\" data-end=\"1675\">Die Strahlstabilit\u00e4t wird innerhalb von 10% pro Stunde kontrolliert, was eine gleichbleibende Prozessqualit\u00e4t bei langen Produktionszyklen gew\u00e4hrleistet.<\/p>\n<h3 data-section-id=\"199k9bm\" data-start=\"1677\" data-end=\"1701\">Langlebige Ionenquelle<\/h3>\n<p data-start=\"1702\" data-end=\"1825\">Ausgestattet mit einer Metall-Al-Ionenquelle mit einer Lebensdauer von \u2265150 Stunden, wodurch die Wartungsh\u00e4ufigkeit reduziert und die Betriebszeit verbessert wird.<\/p>\n<h3 data-section-id=\"8aw6q\" data-start=\"1827\" data-end=\"1857\">Hohe Durchsatzleistung<\/h3>\n<p data-start=\"1858\" data-end=\"1955\">Unterst\u00fctzt einen Durchsatz von \u2265 200 Wafern pro Stunde, geeignet f\u00fcr Halbleiterproduktionsumgebungen.<\/p>\n<h3 data-section-id=\"1alost9\" data-start=\"1957\" data-end=\"1991\">Erweiterte Prozesskompatibilit\u00e4t<\/h3>\n<p data-start=\"1992\" data-end=\"2081\">Kompatibel mit SiC-Prozessen und konventioneller Halbleiterfertigung auf Siliziumbasis.<\/p>\n<p data-start=\"1992\" data-end=\"2081\"><img decoding=\"async\" class=\"alignnone size-medium wp-image-2365 alignleft\" src=\"https:\/\/www.zmsh-semitech.com\/wp-content\/uploads\/2026\/04\/Quadrant-Implantation-291x300.webp\" alt=\"\" width=\"291\" height=\"300\" srcset=\"https:\/\/www.zmsh-semitech.com\/wp-content\/uploads\/2026\/04\/Quadrant-Implantation-291x300.webp 291w, https:\/\/www.zmsh-semitech.com\/wp-content\/uploads\/2026\/04\/Quadrant-Implantation-12x12.webp 12w, https:\/\/www.zmsh-semitech.com\/wp-content\/uploads\/2026\/04\/Quadrant-Implantation.webp 499w\" sizes=\"(max-width: 291px) 100vw, 291px\" \/><img decoding=\"async\" class=\"alignnone size-medium wp-image-2364 alignleft\" src=\"https:\/\/www.zmsh-semitech.com\/wp-content\/uploads\/2026\/04\/Annular-Implantation-267x300.webp\" alt=\"\" width=\"267\" height=\"300\" srcset=\"https:\/\/www.zmsh-semitech.com\/wp-content\/uploads\/2026\/04\/Annular-Implantation-267x300.webp 267w, https:\/\/www.zmsh-semitech.com\/wp-content\/uploads\/2026\/04\/Annular-Implantation-11x12.webp 11w, https:\/\/www.zmsh-semitech.com\/wp-content\/uploads\/2026\/04\/Annular-Implantation.webp 462w\" sizes=\"(max-width: 267px) 100vw, 267px\" \/><\/p>\n<hr data-start=\"2083\" data-end=\"2086\" \/>\n<h2 data-section-id=\"rkota4\" data-start=\"2088\" data-end=\"2109\">Wichtige Spezifikationen<\/h2>\n<h3 data-section-id=\"rc5knr\" data-start=\"2111\" data-end=\"2133\">Prozess-Parameter<\/h3>\n<div class=\"TyagGW_tableContainer\">\n<div class=\"group TyagGW_tableWrapper flex flex-col-reverse w-fit\" tabindex=\"-1\">\n<table class=\"w-fit min-w-(--thread-content-width)\" data-start=\"2135\" data-end=\"2322\">\n<thead data-start=\"2135\" data-end=\"2159\">\n<tr data-start=\"2135\" data-end=\"2159\">\n<th class=\"\" data-start=\"2135\" data-end=\"2142\" data-col-size=\"sm\">Artikel<\/th>\n<th class=\"\" data-start=\"2142\" data-end=\"2159\" data-col-size=\"sm\">Spezifikation<\/th>\n<\/tr>\n<\/thead>\n<tbody data-start=\"2184\" data-end=\"2322\">\n<tr data-start=\"2184\" data-end=\"2209\">\n<td data-start=\"2184\" data-end=\"2197\" data-col-size=\"sm\">Wafer Gr\u00f6\u00dfe<\/td>\n<td data-col-size=\"sm\" data-start=\"2197\" data-end=\"2209\">6-8 Zoll<\/td>\n<\/tr>\n<tr data-start=\"2210\" data-end=\"2238\">\n<td data-start=\"2210\" data-end=\"2225\" data-col-size=\"sm\">Energiebereich<\/td>\n<td data-col-size=\"sm\" data-start=\"2225\" data-end=\"2238\">5-350 keV<\/td>\n<\/tr>\n<tr data-start=\"2239\" data-end=\"2286\">\n<td data-start=\"2239\" data-end=\"2260\" data-col-size=\"sm\">Implantierte Elemente<\/td>\n<td data-col-size=\"sm\" data-start=\"2260\" data-end=\"2286\">C, Al, B, P, N, He, Ar<\/td>\n<\/tr>\n<tr data-start=\"2287\" data-end=\"2322\">\n<td data-start=\"2287\" data-end=\"2300\" data-col-size=\"sm\">Dosisbereich<\/td>\n<td data-start=\"2300\" data-end=\"2322\" data-col-size=\"sm\">1E11-1E17 Ionen\/cm\u00b2<\/td>\n<\/tr>\n<\/tbody>\n<\/table>\n<\/div>\n<\/div>\n<h3 data-section-id=\"h0mtjp\" data-start=\"2329\" data-end=\"2349\">Strahlenleistung<\/h3>\n<div class=\"TyagGW_tableContainer\">\n<div class=\"group TyagGW_tableWrapper flex flex-col-reverse w-fit\" tabindex=\"-1\">\n<table class=\"w-fit min-w-(--thread-content-width)\" data-start=\"2351\" data-end=\"2505\">\n<thead data-start=\"2351\" data-end=\"2375\">\n<tr data-start=\"2351\" data-end=\"2375\">\n<th class=\"\" data-start=\"2351\" data-end=\"2358\" data-col-size=\"sm\">Artikel<\/th>\n<th class=\"\" data-start=\"2358\" data-end=\"2375\" data-col-size=\"md\">Spezifikation<\/th>\n<\/tr>\n<\/thead>\n<tbody data-start=\"2400\" data-end=\"2505\">\n<tr data-start=\"2400\" data-end=\"2475\">\n<td data-start=\"2400\" data-end=\"2417\" data-col-size=\"sm\">Balkenstabilit\u00e4t<\/td>\n<td data-col-size=\"md\" data-start=\"2417\" data-end=\"2475\">\u2264 10% \/ Stunde (\u22641 Strahlunterbrechung oder Lichtbogenbildung pro Stunde)<\/td>\n<\/tr>\n<tr data-start=\"2476\" data-end=\"2505\">\n<td data-start=\"2476\" data-end=\"2495\" data-col-size=\"sm\">Parallelit\u00e4t der Strahlen<\/td>\n<td data-col-size=\"md\" data-start=\"2495\" data-end=\"2505\">\u2264 0.2\u00b0<\/td>\n<\/tr>\n<\/tbody>\n<\/table>\n<\/div>\n<\/div>\n<h3 data-section-id=\"ieoahx\" data-start=\"2512\" data-end=\"2537\">Implantationsgenauigkeit<\/h3>\n<div class=\"TyagGW_tableContainer\">\n<div class=\"group TyagGW_tableWrapper flex flex-col-reverse w-fit\" tabindex=\"-1\">\n<table class=\"w-fit min-w-(--thread-content-width)\" data-start=\"2539\" data-end=\"2729\">\n<thead data-start=\"2539\" data-end=\"2563\">\n<tr data-start=\"2539\" data-end=\"2563\">\n<th class=\"\" data-start=\"2539\" data-end=\"2546\" data-col-size=\"sm\">Artikel<\/th>\n<th class=\"\" data-start=\"2546\" data-end=\"2563\" data-col-size=\"sm\">Spezifikation<\/th>\n<\/tr>\n<\/thead>\n<tbody data-start=\"2588\" data-end=\"2729\">\n<tr data-start=\"2588\" data-end=\"2620\">\n<td data-start=\"2588\" data-end=\"2610\" data-col-size=\"sm\">Implantat-Winkelbereich<\/td>\n<td data-col-size=\"sm\" data-start=\"2610\" data-end=\"2620\">0\u00b0-45\u00b0<\/td>\n<\/tr>\n<tr data-start=\"2621\" data-end=\"2648\">\n<td data-start=\"2621\" data-end=\"2638\" data-col-size=\"sm\">Winkel-Genauigkeit<\/td>\n<td data-col-size=\"sm\" data-start=\"2638\" data-end=\"2648\">\u2264 0.2\u00b0<\/td>\n<\/tr>\n<tr data-start=\"2649\" data-end=\"2697\">\n<td data-start=\"2649\" data-end=\"2667\" data-col-size=\"sm\">Gleichm\u00e4\u00dfigkeit (1\u03c3)<\/td>\n<td data-col-size=\"sm\" data-start=\"2667\" data-end=\"2697\">\u2264 0,5% (P+, 1E14, 100 keV)<\/td>\n<\/tr>\n<tr data-start=\"2698\" data-end=\"2729\">\n<td data-start=\"2698\" data-end=\"2719\" data-col-size=\"sm\">Reproduzierbarkeit (1\u03c3)<\/td>\n<td data-col-size=\"sm\" data-start=\"2719\" data-end=\"2729\">\u2264 0,5%<\/td>\n<\/tr>\n<\/tbody>\n<\/table>\n<\/div>\n<\/div>\n<h3 data-section-id=\"1i84h7f\" data-start=\"2736\" data-end=\"2758\">Systemleistung<\/h3>\n<div class=\"TyagGW_tableContainer\">\n<div class=\"group TyagGW_tableWrapper flex flex-col-reverse w-fit\" tabindex=\"-1\">\n<table class=\"w-fit min-w-(--thread-content-width)\" data-start=\"2760\" data-end=\"3074\">\n<thead data-start=\"2760\" data-end=\"2784\">\n<tr data-start=\"2760\" data-end=\"2784\">\n<th class=\"\" data-start=\"2760\" data-end=\"2767\" data-col-size=\"sm\">Artikel<\/th>\n<th class=\"\" data-start=\"2767\" data-end=\"2784\" data-col-size=\"md\">Spezifikation<\/th>\n<\/tr>\n<\/thead>\n<tbody data-start=\"2809\" data-end=\"3074\">\n<tr data-start=\"2809\" data-end=\"2847\">\n<td data-start=\"2809\" data-end=\"2822\" data-col-size=\"sm\">Durchsatz<\/td>\n<td data-col-size=\"md\" data-start=\"2822\" data-end=\"2847\">\u2265 200 Wafer pro Stunde<\/td>\n<\/tr>\n<tr data-start=\"2848\" data-end=\"2885\">\n<td data-start=\"2848\" data-end=\"2876\" data-col-size=\"sm\">Maximale Futtertemperatur<\/td>\n<td data-col-size=\"md\" data-start=\"2876\" data-end=\"2885\">500\u00b0C<\/td>\n<\/tr>\n<tr data-start=\"2886\" data-end=\"2928\">\n<td data-start=\"2886\" data-end=\"2903\" data-col-size=\"sm\">Ausr\u00fcstung Gr\u00f6\u00dfe<\/td>\n<td data-col-size=\"md\" data-start=\"2903\" data-end=\"2928\">6270 \u00d7 3500 \u00d7 3000 mm<\/td>\n<\/tr>\n<tr data-start=\"2929\" data-end=\"2957\">\n<td data-start=\"2929\" data-end=\"2944\" data-col-size=\"sm\">Vakuum Niveau<\/td>\n<td data-col-size=\"md\" data-start=\"2944\" data-end=\"2957\">5E-7 Torr<\/td>\n<\/tr>\n<tr data-start=\"2958\" data-end=\"2989\">\n<td data-start=\"2958\" data-end=\"2974\" data-col-size=\"sm\">R\u00f6ntgenstrahlung Leckage<\/td>\n<td data-col-size=\"md\" data-start=\"2974\" data-end=\"2989\">\u2264 0,3 \u03bcSv\/h<\/td>\n<\/tr>\n<tr data-start=\"2990\" data-end=\"3074\">\n<td data-start=\"2990\" data-end=\"3006\" data-col-size=\"sm\">Modus \"Scannen<\/td>\n<td data-col-size=\"md\" data-start=\"3006\" data-end=\"3074\">Horizontale elektrostatische Abtastung + vertikale mechanische Abtastung<\/td>\n<\/tr>\n<\/tbody>\n<\/table>\n<\/div>\n<\/div>\n<hr data-start=\"3076\" data-end=\"3079\" \/>\n<h2 data-section-id=\"1nd7jny\" data-start=\"3081\" data-end=\"3102\">Anwendungsbereiche<\/h2>\n<h3 data-section-id=\"gije38\" data-start=\"3104\" data-end=\"3141\">SiC-Halbleiterherstellung<\/h3>\n<p data-start=\"3142\" data-end=\"3239\">Wird bei der Herstellung von Siliziumkarbid-Bauteilen verwendet, die Hochtemperatur-Ionenimplantationsverfahren erfordern.<\/p>\n<h3 data-section-id=\"k65407\" data-start=\"3241\" data-end=\"3285\">Halbleiterverarbeitung auf Siliziumbasis<\/h3>\n<p data-start=\"3286\" data-end=\"3370\">Anwendbar f\u00fcr die Herstellung von CMOS und integrierten Schaltungen auf 6- und 8-Zoll-Wafern.<\/p>\n<h3 data-section-id=\"rry3qf\" data-start=\"3372\" data-end=\"3417\">Hochtemperatur-Implantationsverfahren<\/h3>\n<p data-start=\"3418\" data-end=\"3527\">Geeignet f\u00fcr Prozesse, die eine erh\u00f6hte Temperatur erfordern, um Kristallsch\u00e4den zu verringern und die Aktivierung von Dotierstoffen zu verbessern.<\/p>\n<h3 data-section-id=\"454qrl\" data-start=\"3529\" data-end=\"3559\">Herstellung von Leistungsger\u00e4ten<\/h3>\n<p data-start=\"3560\" data-end=\"3650\">Wird in Leistungshalbleiterger\u00e4ten verwendet, die eine tiefe Implantation und Hochenergieprozesse erfordern.<\/p>\n<h3 data-section-id=\"amjxl6\" data-start=\"3652\" data-end=\"3687\">Fortgeschrittene Werkstofftechnik<\/h3>\n<p data-start=\"3688\" data-end=\"3787\">Unterst\u00fctzt die Ionenimplantation in modernen Halbleitermaterialien und Prozessentwicklungsumgebungen.<\/p>\n<hr data-start=\"3789\" data-end=\"3792\" \/>\n<h2 data-section-id=\"1r8frcv\" data-start=\"3794\" data-end=\"3823\">H\u00e4ufig gestellte Fragen<\/h2>\n<h3 data-section-id=\"v0ng97\" data-start=\"3825\" data-end=\"3875\">1. Welche Wafergr\u00f6\u00dfen unterst\u00fctzt der Ai350HT?<\/h3>\n<p data-start=\"3876\" data-end=\"4002\">Das System unterst\u00fctzt 6-Zoll- und 8-Zoll-Wafer und eignet sich sowohl f\u00fcr Silizium- als auch f\u00fcr SiC-Halbleiterproduktionslinien.<\/p>\n<h3 data-section-id=\"1fcyssk\" data-start=\"4004\" data-end=\"4074\">2. Welche Temperatur ist w\u00e4hrend der Implantation maximal zul\u00e4ssig?<\/h3>\n<p data-start=\"4075\" data-end=\"4197\">Das System unterst\u00fctzt die Hochtemperatur-Implantation bei bis zu 500\u00b0C unter Verwendung eines beheizten elektrostatischen Spannfutters mit mechanischer Klemmung.<\/p>\n<h3 data-section-id=\"1pcs3bs\" data-start=\"4199\" data-end=\"4269\">3. Was sind die Hauptvorteile dieses Systems f\u00fcr SiC-Prozesse?<\/h3>\n<p data-start=\"4270\" data-end=\"4445\">Das System kombiniert Hochtemperaturf\u00e4higkeit, stabile Strahlleistung und Kompatibilit\u00e4t mit SiC-Prozessen, wodurch es sich f\u00fcr Halbleiteranwendungen mit gro\u00dfem Bandabstand eignet.<\/p>","protected":false},"excerpt":{"rendered":"<p>Das Hochtemperatur-Ionenimplantationssystem Ai350HT (Medium Beam) ist f\u00fcr Halbleiterfertigungslinien f\u00fcr 6- und 8-Zoll-Siliziumwafer sowie f\u00fcr SiC-Prozessanwendungen konzipiert. Es handelt sich um einen Mittelstrom-Ionenimplantator, der f\u00fcr Hochenergie- und Hochtemperatur-Dotierungsprozesse in der modernen Halbleiterfertigung entwickelt wurde.<\/p>","protected":false},"featured_media":2361,"comment_status":"open","ping_status":"closed","template":"","meta":{"site-sidebar-layout":"default","site-content-layout":"","ast-site-content-layout":"default","site-content-style":"default","site-sidebar-style":"default","ast-global-header-display":"","ast-banner-title-visibility":"","ast-main-header-display":"","ast-hfb-above-header-display":"","ast-hfb-below-header-display":"","ast-hfb-mobile-header-display":"","site-post-title":"","ast-breadcrumbs-content":"","ast-featured-img":"","footer-sml-layout":"","ast-disable-related-posts":"","theme-transparent-header-meta":"default","adv-header-id-meta":"","stick-header-meta":"default","header-above-stick-meta":"","header-main-stick-meta":"","header-below-stick-meta":"","astra-migrate-meta-layouts":"set","ast-page-background-enabled":"default","ast-page-background-meta":{"desktop":{"background-color":"var(--ast-global-color-4)","background-image":"","background-repeat":"repeat","background-position":"center center","background-size":"auto","background-attachment":"scroll","background-type":"","background-media":"","overlay-type":"","overlay-color":"","overlay-opacity":"","overlay-gradient":""},"tablet":{"background-color":"","background-image":"","background-repeat":"repeat","background-position":"center center","background-size":"auto","background-attachment":"scroll","background-type":"","background-media":"","overlay-type":"","overlay-color":"","overlay-opacity":"","overlay-gradient":""},"mobile":{"background-color":"","background-image":"","background-repeat":"repeat","background-position":"center center","background-size":"auto","background-attachment":"scroll","background-type":"","background-media":"","overlay-type":"","overlay-color":"","overlay-opacity":"","overlay-gradient":""}},"ast-content-background-meta":{"desktop":{"background-color":"var(--ast-global-color-5)","background-image":"","background-repeat":"repeat","background-position":"center center","background-size":"auto","background-attachment":"scroll","background-type":"","background-media":"","overlay-type":"","overlay-color":"","overlay-opacity":"","overlay-gradient":""},"tablet":{"background-color":"var(--ast-global-color-5)","background-image":"","background-repeat":"repeat","background-position":"center center","background-size":"auto","background-attachment":"scroll","background-type":"","background-media":"","overlay-type":"","overlay-color":"","overlay-opacity":"","overlay-gradient":""},"mobile":{"background-color":"var(--ast-global-color-5)","background-image":"","background-repeat":"repeat","background-position":"center center","background-size":"auto","background-attachment":"scroll","background-type":"","background-media":"","overlay-type":"","overlay-color":"","overlay-opacity":"","overlay-gradient":""}}},"product_brand":[],"product_cat":[1177],"product_tag":[1189,1190,1194,1178,1181,1186,1199,1196,1195,1198],"class_list":{"0":"post-2360","1":"product","2":"type-product","3":"status-publish","4":"has-post-thumbnail","6":"product_cat-ion-implantation-equipment","7":"product_tag-6-inch-wafer-equipment","8":"product_tag-8-inch-wafer-processing","9":"product_tag-high-temperature-ion-implantation","10":"product_tag-ion-implantation-system","11":"product_tag-lsi-manufacturing-equipment","12":"product_tag-medium-beam-ion-implanter","13":"product_tag-power-device-fabrication-equipment","14":"product_tag-semiconductor-doping-machine","15":"product_tag-sic-implantation-equipment","16":"product_tag-wide-bandgap-semiconductor-equipment","17":"desktop-align-left","18":"tablet-align-left","19":"mobile-align-left","20":"ast-product-gallery-layout-horizontal-slider","21":"ast-product-gallery-with-no-image","22":"ast-product-tabs-layout-horizontal","24":"first","25":"instock","26":"shipping-taxable","27":"product-type-simple"},"_links":{"self":[{"href":"https:\/\/www.zmsh-semitech.com\/de\/wp-json\/wp\/v2\/product\/2360","targetHints":{"allow":["GET"]}}],"collection":[{"href":"https:\/\/www.zmsh-semitech.com\/de\/wp-json\/wp\/v2\/product"}],"about":[{"href":"https:\/\/www.zmsh-semitech.com\/de\/wp-json\/wp\/v2\/types\/product"}],"replies":[{"embeddable":true,"href":"https:\/\/www.zmsh-semitech.com\/de\/wp-json\/wp\/v2\/comments?post=2360"}],"version-history":[{"count":4,"href":"https:\/\/www.zmsh-semitech.com\/de\/wp-json\/wp\/v2\/product\/2360\/revisions"}],"predecessor-version":[{"id":2367,"href":"https:\/\/www.zmsh-semitech.com\/de\/wp-json\/wp\/v2\/product\/2360\/revisions\/2367"}],"wp:featuredmedia":[{"embeddable":true,"href":"https:\/\/www.zmsh-semitech.com\/de\/wp-json\/wp\/v2\/media\/2361"}],"wp:attachment":[{"href":"https:\/\/www.zmsh-semitech.com\/de\/wp-json\/wp\/v2\/media?parent=2360"}],"wp:term":[{"taxonomy":"product_brand","embeddable":true,"href":"https:\/\/www.zmsh-semitech.com\/de\/wp-json\/wp\/v2\/product_brand?post=2360"},{"taxonomy":"product_cat","embeddable":true,"href":"https:\/\/www.zmsh-semitech.com\/de\/wp-json\/wp\/v2\/product_cat?post=2360"},{"taxonomy":"product_tag","embeddable":true,"href":"https:\/\/www.zmsh-semitech.com\/de\/wp-json\/wp\/v2\/product_tag?post=2360"}],"curies":[{"name":"wp","href":"https:\/\/api.w.org\/{rel}","templated":true}]}}