{"id":2346,"date":"2026-04-22T05:56:29","date_gmt":"2026-04-22T05:56:29","guid":{"rendered":"https:\/\/www.zmsh-semitech.com\/?post_type=product&#038;p=2346"},"modified":"2026-04-22T07:25:08","modified_gmt":"2026-04-22T07:25:08","slug":"ai250-medium-beam-room-temperature-ion-implantation-system-for-6-8-inch-silicon-wafer-processing","status":"publish","type":"product","link":"https:\/\/www.zmsh-semitech.com\/de\/product\/ai250-medium-beam-room-temperature-ion-implantation-system-for-6-8-inch-silicon-wafer-processing\/","title":{"rendered":"Ai250 (Medium Beam) Raumtemperatur-Ionenimplantationssystem f\u00fcr die Bearbeitung von 6-8-Zoll-Siliziumwafern"},"content":{"rendered":"<p data-start=\"190\" data-end=\"506\"><img decoding=\"async\" class=\"wp-image-2347 alignright\" src=\"https:\/\/www.zmsh-semitech.com\/wp-content\/uploads\/2026\/04\/Ai250-Medium-Beam-Room-Temperature-Ion-Implantation-System-for-6-8-Inch-Silicon-Wafer-Processing-300x300.png\" alt=\"\" width=\"217\" height=\"217\" srcset=\"\" sizes=\"(max-width: 217px) 100vw, 217px\" data-srcset=\"\" \/>Das Ionenimplantationssystem Ai250 (Medium Beam) ist f\u00fcr Halbleiterfertigungslinien f\u00fcr 6- und 8-Zoll-Siliziumwafer konzipiert. Es handelt sich um einen Mittelstrom-Ionenimplantator, der in fortschrittlichen Herstellungsverfahren f\u00fcr integrierte Schaltkreise eingesetzt wird und eine stabile Strahlleistung, hohe Implantationsgenauigkeit und eine zuverl\u00e4ssige Dosissteuerung bietet.<\/p>\n<p data-start=\"508\" data-end=\"755\">Das System unterst\u00fctzt einen Energiebereich von 5 keV bis 250 keV und erm\u00f6glicht sowohl flache als auch tiefe Ionenimplantationsanwendungen. Es eignet sich f\u00fcr eine breite Palette von Halbleiterdotierungsverfahren und ist vollst\u00e4ndig kompatibel mit den Anforderungen der LSI-Fertigung.<\/p>\n<hr data-start=\"757\" data-end=\"760\" \/>\n<h2 data-section-id=\"1d7mrtu\" data-start=\"762\" data-end=\"773\">Eigenschaften<\/h2>\n<h3 data-section-id=\"cu05id\" data-start=\"775\" data-end=\"809\">Stabile Mittelleistung<\/h3>\n<p data-start=\"810\" data-end=\"927\">Gew\u00e4hrleistet eine stabile Ionenstrahlleistung w\u00e4hrend langer Produktionszyklen, verbessert die Prozesskonsistenz und verringert die Variabilit\u00e4t.<\/p>\n<h3 data-section-id=\"14z8c7o\" data-start=\"929\" data-end=\"961\">Breiter Energiebereich m\u00f6glich<\/h3>\n<p data-start=\"962\" data-end=\"1082\">Der Energiebereich von 5-250 keV unterst\u00fctzt flexible Implantationsanforderungen f\u00fcr unterschiedliche Bauelementstrukturen und Prozessknoten.<\/p>\n<h3 data-section-id=\"1hi8i36\" data-start=\"1084\" data-end=\"1118\">Hochpr\u00e4zise Prozesskontrolle<\/h3>\n<p data-start=\"1119\" data-end=\"1264\">Bietet hochpr\u00e4zise Implantationsleistung mit Winkelgenauigkeit \u2264 0,2\u00b0, Strahlparallelit\u00e4t \u2264 0,2\u00b0, Gleichm\u00e4\u00dfigkeit \u2264 0,5% und Wiederholbarkeit \u2264 0,5%.<\/p>\n<h3 data-section-id=\"8aw6q\" data-start=\"1266\" data-end=\"1296\">Hohe Durchsatzleistung<\/h3>\n<p data-start=\"1297\" data-end=\"1389\">Unterst\u00fctzt \u2265 200 Wafer pro Stunde, geeignet f\u00fcr mittlere bis hohe St\u00fcckzahlen in der Halbleiterproduktion.<\/p>\n<h3 data-section-id=\"oms7zj\" data-start=\"1391\" data-end=\"1419\">Funktion des Musterimplantats<\/h3>\n<p data-start=\"1420\" data-end=\"1545\">Unterst\u00fctzt Multizonen- und Quadranten-Implantation auf einem einzigen Wafer, was die Prozessflexibilit\u00e4t erh\u00f6ht und die Entwicklungskosten senkt.<\/p>\n<h3 data-section-id=\"1bq068l\" data-start=\"1547\" data-end=\"1576\">LSI-Prozess-Kompatibilit\u00e4t<\/h3>\n<p data-start=\"1577\" data-end=\"1641\">Vollst\u00e4ndig kompatibel mit LSI-Halbleiterherstellungsprozessen.<\/p>\n<p data-start=\"1577\" data-end=\"1641\"><img fetchpriority=\"high\" decoding=\"async\" class=\"wp-image-2371 size-large aligncenter\" src=\"https:\/\/www.zmsh-semitech.com\/wp-content\/uploads\/2026\/04\/rs-1024x388.png\" alt=\"\" width=\"1024\" height=\"388\" srcset=\"https:\/\/www.zmsh-semitech.com\/wp-content\/uploads\/2026\/04\/rs-1024x388.png 1024w, https:\/\/www.zmsh-semitech.com\/wp-content\/uploads\/2026\/04\/rs-300x114.png 300w, https:\/\/www.zmsh-semitech.com\/wp-content\/uploads\/2026\/04\/rs-768x291.png 768w, https:\/\/www.zmsh-semitech.com\/wp-content\/uploads\/2026\/04\/rs-18x7.png 18w, https:\/\/www.zmsh-semitech.com\/wp-content\/uploads\/2026\/04\/rs-600x227.png 600w, https:\/\/www.zmsh-semitech.com\/wp-content\/uploads\/2026\/04\/rs.png 1216w\" sizes=\"(max-width: 1024px) 100vw, 1024px\" \/><\/p>\n<hr data-start=\"1643\" data-end=\"1646\" \/>\n<h2 data-section-id=\"rkota4\" data-start=\"1648\" data-end=\"1669\">Wichtige Spezifikationen<\/h2>\n<h3 data-section-id=\"rc5knr\" data-start=\"1671\" data-end=\"1693\">Prozess-Parameter<\/h3>\n<div class=\"TyagGW_tableContainer\">\n<div class=\"group TyagGW_tableWrapper flex flex-col-reverse w-fit\" tabindex=\"-1\">\n<table class=\"w-fit min-w-(--thread-content-width)\" data-start=\"1695\" data-end=\"1899\">\n<thead data-start=\"1695\" data-end=\"1719\">\n<tr data-start=\"1695\" data-end=\"1719\">\n<th class=\"\" data-start=\"1695\" data-end=\"1702\" data-col-size=\"sm\">Artikel<\/th>\n<th class=\"\" data-start=\"1702\" data-end=\"1719\" data-col-size=\"sm\">Spezifikation<\/th>\n<\/tr>\n<\/thead>\n<tbody data-start=\"1744\" data-end=\"1899\">\n<tr data-start=\"1744\" data-end=\"1784\">\n<td data-start=\"1744\" data-end=\"1757\" data-col-size=\"sm\">Wafer Gr\u00f6\u00dfe<\/td>\n<td data-col-size=\"sm\" data-start=\"1757\" data-end=\"1784\">6-8-Zoll-Silizium-Wafer<\/td>\n<\/tr>\n<tr data-start=\"1785\" data-end=\"1813\">\n<td data-start=\"1785\" data-end=\"1800\" data-col-size=\"sm\">Energiebereich<\/td>\n<td data-col-size=\"sm\" data-start=\"1800\" data-end=\"1813\">5-250 keV<\/td>\n<\/tr>\n<tr data-start=\"1814\" data-end=\"1863\">\n<td data-start=\"1814\" data-end=\"1835\" data-col-size=\"sm\">Implantierte Elemente<\/td>\n<td data-col-size=\"sm\" data-start=\"1835\" data-end=\"1863\">B+, P+, As+, Ar+, N+, H+<\/td>\n<\/tr>\n<tr data-start=\"1864\" data-end=\"1899\">\n<td data-start=\"1864\" data-end=\"1877\" data-col-size=\"sm\">Dosisbereich<\/td>\n<td data-col-size=\"sm\" data-start=\"1877\" data-end=\"1899\">5E11-1E16 Ionen\/cm\u00b2<\/td>\n<\/tr>\n<\/tbody>\n<\/table>\n<\/div>\n<\/div>\n<h3 data-section-id=\"h0mtjp\" data-start=\"1901\" data-end=\"1921\">Strahlenleistung<\/h3>\n<div class=\"TyagGW_tableContainer\">\n<div class=\"group TyagGW_tableWrapper flex flex-col-reverse w-fit\" tabindex=\"-1\">\n<table class=\"w-fit min-w-(--thread-content-width)\" data-start=\"1923\" data-end=\"2217\">\n<thead data-start=\"1923\" data-end=\"1947\">\n<tr data-start=\"1923\" data-end=\"1947\">\n<th class=\"\" data-start=\"1923\" data-end=\"1930\" data-col-size=\"sm\">Artikel<\/th>\n<th class=\"\" data-start=\"1930\" data-end=\"1947\" data-col-size=\"md\">Spezifikation<\/th>\n<\/tr>\n<\/thead>\n<tbody data-start=\"1972\" data-end=\"2217\">\n<tr data-start=\"1972\" data-end=\"2104\">\n<td data-start=\"1972\" data-end=\"1995\" data-col-size=\"sm\">Maximaler Strahlstrom<\/td>\n<td data-col-size=\"md\" data-start=\"1995\" data-end=\"2104\">Ar+ \u2265 1300 \u03bcA @ \u2265220 keV<br \/>\nB+ \u2265 1000 \u03bcA @ \u2265220 keV<br \/>\nP+ \u2265 1300 \u03bcA @ \u2265220 keV<br \/>\nN+ \u2265 1000 \u03bcA @ \u2265220 keV<\/td>\n<\/tr>\n<tr data-start=\"2105\" data-end=\"2187\">\n<td data-start=\"2105\" data-end=\"2122\" data-col-size=\"sm\">Balkenstabilit\u00e4t<\/td>\n<td data-col-size=\"md\" data-start=\"2122\" data-end=\"2187\">\u2264 15% \/ Stunde (Strahlunterbrechung und Lichtbogenbildung \u2264 1 Mal pro Stunde)<\/td>\n<\/tr>\n<tr data-start=\"2188\" data-end=\"2217\">\n<td data-start=\"2188\" data-end=\"2207\" data-col-size=\"sm\">Parallelit\u00e4t der Strahlen<\/td>\n<td data-col-size=\"md\" data-start=\"2207\" data-end=\"2217\">\u2264 0.2\u00b0<\/td>\n<\/tr>\n<\/tbody>\n<\/table>\n<\/div>\n<\/div>\n<h3 data-section-id=\"ieoahx\" data-start=\"2219\" data-end=\"2244\">Implantationsgenauigkeit<\/h3>\n<div class=\"TyagGW_tableContainer\">\n<div class=\"group TyagGW_tableWrapper flex flex-col-reverse w-fit\" tabindex=\"-1\">\n<table class=\"w-fit min-w-(--thread-content-width)\" data-start=\"2246\" data-end=\"2436\">\n<thead data-start=\"2246\" data-end=\"2270\">\n<tr data-start=\"2246\" data-end=\"2270\">\n<th class=\"\" data-start=\"2246\" data-end=\"2253\" data-col-size=\"sm\">Artikel<\/th>\n<th class=\"\" data-start=\"2253\" data-end=\"2270\" data-col-size=\"sm\">Spezifikation<\/th>\n<\/tr>\n<\/thead>\n<tbody data-start=\"2295\" data-end=\"2436\">\n<tr data-start=\"2295\" data-end=\"2327\">\n<td data-start=\"2295\" data-end=\"2317\" data-col-size=\"sm\">Implantat-Winkelbereich<\/td>\n<td data-col-size=\"sm\" data-start=\"2317\" data-end=\"2327\">0\u00b0-45\u00b0<\/td>\n<\/tr>\n<tr data-start=\"2328\" data-end=\"2355\">\n<td data-start=\"2328\" data-end=\"2345\" data-col-size=\"sm\">Winkel-Genauigkeit<\/td>\n<td data-col-size=\"sm\" data-start=\"2345\" data-end=\"2355\">\u2264 0.2\u00b0<\/td>\n<\/tr>\n<tr data-start=\"2356\" data-end=\"2404\">\n<td data-start=\"2356\" data-end=\"2374\" data-col-size=\"sm\">Gleichm\u00e4\u00dfigkeit (1\u03c3)<\/td>\n<td data-col-size=\"sm\" data-start=\"2374\" data-end=\"2404\">\u2264 0,5% (B+, 2E14, 150 keV)<\/td>\n<\/tr>\n<tr data-start=\"2405\" data-end=\"2436\">\n<td data-start=\"2405\" data-end=\"2426\" data-col-size=\"sm\">Reproduzierbarkeit (1\u03c3)<\/td>\n<td data-col-size=\"sm\" data-start=\"2426\" data-end=\"2436\">\u2264 0,5%<\/td>\n<\/tr>\n<\/tbody>\n<\/table>\n<\/div>\n<\/div>\n<h3 data-section-id=\"1i84h7f\" data-start=\"2438\" data-end=\"2460\">Systemleistung<\/h3>\n<div class=\"TyagGW_tableContainer\">\n<div class=\"group TyagGW_tableWrapper flex flex-col-reverse w-fit\" tabindex=\"-1\">\n<table class=\"w-fit min-w-(--thread-content-width)\" data-start=\"2462\" data-end=\"2740\">\n<thead data-start=\"2462\" data-end=\"2486\">\n<tr data-start=\"2462\" data-end=\"2486\">\n<th class=\"\" data-start=\"2462\" data-end=\"2469\" data-col-size=\"sm\">Artikel<\/th>\n<th class=\"\" data-start=\"2469\" data-end=\"2486\" data-col-size=\"md\">Spezifikation<\/th>\n<\/tr>\n<\/thead>\n<tbody data-start=\"2511\" data-end=\"2740\">\n<tr data-start=\"2511\" data-end=\"2549\">\n<td data-start=\"2511\" data-end=\"2524\" data-col-size=\"sm\">Durchsatz<\/td>\n<td data-col-size=\"md\" data-start=\"2524\" data-end=\"2549\">\u2265 200 Wafer pro Stunde<\/td>\n<\/tr>\n<tr data-start=\"2550\" data-end=\"2580\">\n<td data-start=\"2550\" data-end=\"2565\" data-col-size=\"sm\">Vakuum Niveau<\/td>\n<td data-col-size=\"md\" data-start=\"2565\" data-end=\"2580\">&lt; 5E-7 Torr<\/td>\n<\/tr>\n<tr data-start=\"2581\" data-end=\"2612\">\n<td data-start=\"2581\" data-end=\"2597\" data-col-size=\"sm\">R\u00f6ntgenstrahlung Leckage<\/td>\n<td data-col-size=\"md\" data-start=\"2597\" data-end=\"2612\">\u2264 0,6 \u03bcSv\/h<\/td>\n<\/tr>\n<tr data-start=\"2613\" data-end=\"2697\">\n<td data-start=\"2613\" data-end=\"2629\" data-col-size=\"sm\">Modus \"Scannen<\/td>\n<td data-col-size=\"md\" data-start=\"2629\" data-end=\"2697\">Horizontale elektrostatische Abtastung + vertikale mechanische Abtastung<\/td>\n<\/tr>\n<tr data-start=\"2698\" data-end=\"2740\">\n<td data-start=\"2698\" data-end=\"2715\" data-col-size=\"sm\">Ausr\u00fcstung Gr\u00f6\u00dfe<\/td>\n<td data-col-size=\"md\" data-start=\"2715\" data-end=\"2740\">5600 \u00d7 3300 \u00d7 2600 mm<\/td>\n<\/tr>\n<\/tbody>\n<\/table>\n<\/div>\n<\/div>\n<hr data-start=\"2742\" data-end=\"2745\" \/>\n<h2 data-section-id=\"1nd7jny\" data-start=\"2747\" data-end=\"2768\">Anwendungsbereiche<\/h2>\n<h3 data-section-id=\"y2e8l1\" data-start=\"2770\" data-end=\"2808\">Herstellung von Halbleiterbauelementen<\/h3>\n<p data-start=\"2809\" data-end=\"2910\">Wird bei der Herstellung von CMOS-Logikbauteilen verwendet und erm\u00f6glicht eine pr\u00e4zise Dotierstoffimplantation f\u00fcr die Transistorbildung.<\/p>\n<h3 data-section-id=\"184zlsy\" data-start=\"2912\" data-end=\"2946\">Herstellung von integrierten Schaltkreisen<\/h3>\n<p data-start=\"2947\" data-end=\"3042\">Anwendung in LSI- und fortgeschrittenen IC-Herstellungsprozessen, die eine hochpr\u00e4zise Dotierungskontrolle erfordern.<\/p>\n<h3 data-section-id=\"l748la\" data-start=\"3044\" data-end=\"3083\">Shallow und Deep Junction Formation<\/h3>\n<p data-start=\"3084\" data-end=\"3172\">Unterst\u00fctzt Implantationsprozesse f\u00fcr das Source\/Drain-Engineering und die Kontrolle der \u00dcbergangstiefe.<\/p>\n<h3 data-section-id=\"oja97j\" data-start=\"3174\" data-end=\"3196\">Dotierungstechnik<\/h3>\n<p data-start=\"3197\" data-end=\"3292\">Wird zur Kontrolle der elektrischen Eigenschaften von Siliziumwafern durch pr\u00e4zise Ionenimplantation verwendet.<\/p>\n<h3 data-section-id=\"dpf9id\" data-start=\"3294\" data-end=\"3325\">Prozessentwicklung und F&amp;E<\/h3>\n<p data-start=\"3326\" data-end=\"3428\">Geeignet f\u00fcr die Entwicklung von Halbleiterprozessen, die Pilotproduktion und die experimentelle Herstellung von Bauteilen.<\/p>\n<hr data-start=\"3430\" data-end=\"3433\" \/>\n<h2 data-section-id=\"1r8frcv\" data-start=\"3435\" data-end=\"3464\">H\u00e4ufig gestellte Fragen<\/h2>\n<h3 data-section-id=\"kw7yja\" data-start=\"3466\" data-end=\"3512\">1. Welche Wafergr\u00f6\u00dfen unterst\u00fctzt das Ai250?<\/h3>\n<p data-start=\"3513\" data-end=\"3631\">Das System unterst\u00fctzt 6-Zoll- und 8-Zoll-Siliziumwafer und eignet sich f\u00fcr g\u00e4ngige Halbleiterfertigungslinien.<\/p>\n<h3 data-section-id=\"1ufru2j\" data-start=\"3633\" data-end=\"3678\">2. Was ist der Energiebereich des Systems?<\/h3>\n<p data-start=\"3679\" data-end=\"3810\">Der Energiebereich reicht von 5 keV bis 250 keV und unterst\u00fctzt sowohl flache als auch tiefe Implantationsprozesse f\u00fcr die Herstellung von Halbleiterbauelementen.<\/p>\n<h3 data-section-id=\"ce5nbe\" data-start=\"3812\" data-end=\"3873\">3. Welchen Grad an Prozessgenauigkeit bietet das System?<\/h3>\n<p data-start=\"3874\" data-end=\"4052\">Das System bietet eine Winkelgenauigkeit von 0,2\u00b0, eine Strahlparallelit\u00e4t von 0,2\u00b0 sowie eine Gleichm\u00e4\u00dfigkeit und Wiederholbarkeit von 0,5% und gew\u00e4hrleistet damit eine stabile und ertragreiche Produktionsleistung.<\/p>","protected":false},"excerpt":{"rendered":"<p>Das Ionenimplantationssystem Ai250 (Medium Beam) ist f\u00fcr Halbleiterfertigungslinien f\u00fcr 6- und 8-Zoll-Siliziumwafer konzipiert. Es handelt sich um einen Mittelstrom-Ionenimplantator, der in fortschrittlichen Herstellungsverfahren f\u00fcr integrierte Schaltkreise eingesetzt wird und eine stabile Strahlleistung, hohe Implantationsgenauigkeit und eine zuverl\u00e4ssige Dosissteuerung bietet.<\/p>","protected":false},"featured_media":2347,"comment_status":"open","ping_status":"closed","template":"","meta":{"site-sidebar-layout":"default","site-content-layout":"","ast-site-content-layout":"default","site-content-style":"default","site-sidebar-style":"default","ast-global-header-display":"","ast-banner-title-visibility":"","ast-main-header-display":"","ast-hfb-above-header-display":"","ast-hfb-below-header-display":"","ast-hfb-mobile-header-display":"","site-post-title":"","ast-breadcrumbs-content":"","ast-featured-img":"","footer-sml-layout":"","ast-disable-related-posts":"","theme-transparent-header-meta":"default","adv-header-id-meta":"","stick-header-meta":"default","header-above-stick-meta":"","header-main-stick-meta":"","header-below-stick-meta":"","astra-migrate-meta-layouts":"set","ast-page-background-enabled":"default","ast-page-background-meta":{"desktop":{"background-color":"var(--ast-global-color-4)","background-image":"","background-repeat":"repeat","background-position":"center center","background-size":"auto","background-attachment":"scroll","background-type":"","background-media":"","overlay-type":"","overlay-color":"","overlay-opacity":"","overlay-gradient":""},"tablet":{"background-color":"","background-image":"","background-repeat":"repeat","background-position":"center center","background-size":"auto","background-attachment":"scroll","background-type":"","background-media":"","overlay-type":"","overlay-color":"","overlay-opacity":"","overlay-gradient":""},"mobile":{"background-color":"","background-image":"","background-repeat":"repeat","background-position":"center center","background-size":"auto","background-attachment":"scroll","background-type":"","background-media":"","overlay-type":"","overlay-color":"","overlay-opacity":"","overlay-gradient":""}},"ast-content-background-meta":{"desktop":{"background-color":"var(--ast-global-color-5)","background-image":"","background-repeat":"repeat","background-position":"center center","background-size":"auto","background-attachment":"scroll","background-type":"","background-media":"","overlay-type":"","overlay-color":"","overlay-opacity":"","overlay-gradient":""},"tablet":{"background-color":"var(--ast-global-color-5)","background-image":"","background-repeat":"repeat","background-position":"center center","background-size":"auto","background-attachment":"scroll","background-type":"","background-media":"","overlay-type":"","overlay-color":"","overlay-opacity":"","overlay-gradient":""},"mobile":{"background-color":"var(--ast-global-color-5)","background-image":"","background-repeat":"repeat","background-position":"center center","background-size":"auto","background-attachment":"scroll","background-type":"","background-media":"","overlay-type":"","overlay-color":"","overlay-opacity":"","overlay-gradient":""}}},"product_brand":[],"product_cat":[1177],"product_tag":[1189,1190,1191,1193,1178,1192,1186,1185,1188,1187],"class_list":{"0":"post-2346","1":"product","2":"type-product","3":"status-publish","4":"has-post-thumbnail","6":"product_cat-ion-implantation-equipment","7":"product_tag-6-inch-wafer-equipment","8":"product_tag-8-inch-wafer-processing","9":"product_tag-cmos-manufacturing-equipment","10":"product_tag-high-current-ion-implantation","11":"product_tag-ion-implantation-system","12":"product_tag-lsi-process-equipment","13":"product_tag-medium-beam-ion-implanter","14":"product_tag-semiconductor-fabrication-equipment","15":"product_tag-semiconductor-implantation-machine","16":"product_tag-silicon-wafer-doping-equipment","17":"desktop-align-left","18":"tablet-align-left","19":"mobile-align-left","20":"ast-product-gallery-layout-horizontal-slider","21":"ast-product-gallery-with-no-image","22":"ast-product-tabs-layout-horizontal","24":"first","25":"instock","26":"shipping-taxable","27":"product-type-simple"},"_links":{"self":[{"href":"https:\/\/www.zmsh-semitech.com\/de\/wp-json\/wp\/v2\/product\/2346","targetHints":{"allow":["GET"]}}],"collection":[{"href":"https:\/\/www.zmsh-semitech.com\/de\/wp-json\/wp\/v2\/product"}],"about":[{"href":"https:\/\/www.zmsh-semitech.com\/de\/wp-json\/wp\/v2\/types\/product"}],"replies":[{"embeddable":true,"href":"https:\/\/www.zmsh-semitech.com\/de\/wp-json\/wp\/v2\/comments?post=2346"}],"version-history":[{"count":2,"href":"https:\/\/www.zmsh-semitech.com\/de\/wp-json\/wp\/v2\/product\/2346\/revisions"}],"predecessor-version":[{"id":2374,"href":"https:\/\/www.zmsh-semitech.com\/de\/wp-json\/wp\/v2\/product\/2346\/revisions\/2374"}],"wp:featuredmedia":[{"embeddable":true,"href":"https:\/\/www.zmsh-semitech.com\/de\/wp-json\/wp\/v2\/media\/2347"}],"wp:attachment":[{"href":"https:\/\/www.zmsh-semitech.com\/de\/wp-json\/wp\/v2\/media?parent=2346"}],"wp:term":[{"taxonomy":"product_brand","embeddable":true,"href":"https:\/\/www.zmsh-semitech.com\/de\/wp-json\/wp\/v2\/product_brand?post=2346"},{"taxonomy":"product_cat","embeddable":true,"href":"https:\/\/www.zmsh-semitech.com\/de\/wp-json\/wp\/v2\/product_cat?post=2346"},{"taxonomy":"product_tag","embeddable":true,"href":"https:\/\/www.zmsh-semitech.com\/de\/wp-json\/wp\/v2\/product_tag?post=2346"}],"curies":[{"name":"wp","href":"https:\/\/api.w.org\/{rel}","templated":true}]}}