{"id":2342,"date":"2026-04-22T05:35:46","date_gmt":"2026-04-22T05:35:46","guid":{"rendered":"https:\/\/www.zmsh-semitech.com\/?post_type=product&#038;p=2342"},"modified":"2026-04-22T07:27:32","modified_gmt":"2026-04-22T07:27:32","slug":"high-efficiency-ai80hchigh-beam-ion-implantation-equipment-for-advanced-silicon-wafer-doping","status":"publish","type":"product","link":"https:\/\/www.zmsh-semitech.com\/de\/product\/high-efficiency-ai80hchigh-beam-ion-implantation-equipment-for-advanced-silicon-wafer-doping\/","title":{"rendered":"Hocheffiziente Ai80HC(High Beam) Ionenimplantationsanlage f\u00fcr die Dotierung moderner Siliziumwafer"},"content":{"rendered":"<p data-start=\"153\" data-end=\"528\"><img fetchpriority=\"high\" decoding=\"async\" class=\"alignright wp-image-2343 size-medium\" src=\"https:\/\/www.zmsh-semitech.com\/wp-content\/uploads\/2026\/04\/AI80HC-300x300.png\" alt=\"Hocheffiziente Ai80HC(High Beam) Ionenimplantationsanlage f\u00fcr die Dotierung moderner Siliziumwafer\" width=\"300\" height=\"300\" srcset=\"https:\/\/www.zmsh-semitech.com\/wp-content\/uploads\/2026\/04\/AI80HC-300x300.png 300w, https:\/\/www.zmsh-semitech.com\/wp-content\/uploads\/2026\/04\/AI80HC-150x150.png 150w, https:\/\/www.zmsh-semitech.com\/wp-content\/uploads\/2026\/04\/AI80HC-768x768.png 768w, https:\/\/www.zmsh-semitech.com\/wp-content\/uploads\/2026\/04\/AI80HC-12x12.png 12w, https:\/\/www.zmsh-semitech.com\/wp-content\/uploads\/2026\/04\/AI80HC-600x600.png 600w, https:\/\/www.zmsh-semitech.com\/wp-content\/uploads\/2026\/04\/AI80HC-100x100.png 100w, https:\/\/www.zmsh-semitech.com\/wp-content\/uploads\/2026\/04\/AI80HC.png 1000w\" sizes=\"(max-width: 300px) 100vw, 300px\" \/>Das Ai80HC (High Beam) Ionenimplantationsger\u00e4t ist ein Hochstrom-Ionenimplanter, der speziell f\u00fcr 12-Zoll-Siliziumwafer-Halbleiterproduktionslinien entwickelt wurde. Er wurde f\u00fcr fortschrittliche Pr\u00e4zisionsdotierungsprozesse in der modernen Fertigung integrierter Schaltkreise entwickelt und bietet eine stabile Strahlleistung, eine hohe Prozesswiederholbarkeit und eine hervorragende Genauigkeit bei der Dosissteuerung.<\/p>\n<p data-start=\"530\" data-end=\"891\">Das System arbeitet in einem weiten Energiebereich von 0,5 keV bis 80 keV und erm\u00f6glicht flexible Implantationsbedingungen sowohl f\u00fcr die Herstellung von flachen als auch mitteltiefen \u00dcberg\u00e4ngen. Es unterst\u00fctzt mehrere Implantationsspezies, darunter \u00b9\u00b9B\u207a, \u2074\u2079BF\u2082\u207a, \u00b3\u00b9P\u207a, \u2077\u2075As\u207a, \u00b9\u2074N\u207a und \u00b9H\u207a, und eignet sich damit f\u00fcr eine breite Palette von CMOS- und fortschrittlichen Logikbauelement-Fertigungsprozessen.<\/p>\n<p data-start=\"893\" data-end=\"1243\">Mit einem Implantationswinkelbereich von 0\u00b0 bis 45\u00b0 und einer hohen Winkelgenauigkeit von \u2264 0,1\u00b0 gew\u00e4hrleistet das System eine pr\u00e4zise Steuerung der Dotierstoffverteilung und der \u00dcbergangsprofilgestaltung. In Kombination mit einer Strahlparallelit\u00e4t von \u2264 0,3\u00b0 und einer Gleichm\u00e4\u00dfigkeit von \u2264 1% (1\u03c3) bietet die Ai80HC (High Beam) eine konsistente Prozessstabilit\u00e4t von Wafer zu Wafer und innerhalb eines Wafers.<\/p>\n<p data-start=\"1245\" data-end=\"1496\">Das System wurde f\u00fcr hocheffiziente Produktionsumgebungen entwickelt und erreicht einen Durchsatz von \u2265 200 Wafern pro Stunde (WPH) bei strikter Prozessstabilit\u00e4t, wodurch es sich f\u00fcr LSI-kompatible moderne Halbleiterfertigungslinien eignet.<\/p>\n<h2 data-section-id=\"12rj9ab\" data-start=\"1101\" data-end=\"1126\">Systemarchitektur<\/h2>\n<p data-start=\"1128\" data-end=\"1199\">Das Ai80HC verf\u00fcgt \u00fcber ein ausgereiftes und zuverl\u00e4ssiges Strahldesign, bestehend aus:<\/p>\n<ul data-start=\"1201\" data-end=\"1436\">\n<li data-section-id=\"1kfcth9\" data-start=\"1201\" data-end=\"1215\">Ionenquelle<\/li>\n<li data-section-id=\"1r1hm7c\" data-start=\"1216\" data-end=\"1237\">Extraktionssystem<\/li>\n<li data-section-id=\"1twz66q\" data-start=\"1238\" data-end=\"1255\">Masse-Analysator<\/li>\n<li data-section-id=\"ywuuxz\" data-start=\"1256\" data-end=\"1280\">Magnetisches Linsensystem<\/li>\n<li data-section-id=\"1s57tik\" data-start=\"1281\" data-end=\"1302\">Beschleunigungsrohr<\/li>\n<li data-section-id=\"pg1cgy\" data-start=\"1303\" data-end=\"1336\">Elektrostatisches Abtastsystem<\/li>\n<li data-section-id=\"1iwk7km\" data-start=\"1337\" data-end=\"1367\">Parallele Strahlformungslinse<\/li>\n<li data-section-id=\"1cur4hx\" data-start=\"1368\" data-end=\"1401\">Prozesskammer (Endstation)<\/li>\n<li data-section-id=\"qtlnqu\" data-start=\"1402\" data-end=\"1436\">Waferkassetten-\/Ladesystem<\/li>\n<\/ul>\n<p data-start=\"1438\" data-end=\"1458\">Es ist ausgestattet mit:<\/p>\n<ul data-start=\"1459\" data-end=\"1572\">\n<li data-section-id=\"1jzaueb\" data-start=\"1459\" data-end=\"1494\">Elektrostatische Wafer Chuck B\u00fchne<\/li>\n<li data-section-id=\"1s8wavu\" data-start=\"1495\" data-end=\"1530\">Langlebige Ionenquellentechnologie<\/li>\n<li data-section-id=\"6mih95\" data-start=\"1531\" data-end=\"1572\">Vollautomatisches Wafer-Handling-System<\/li>\n<\/ul>\n<p data-start=\"1574\" data-end=\"1686\">Diese Architektur gew\u00e4hrleistet eine hohe Strahlenstabilit\u00e4t, reduzierte Wartungsausfallzeiten und eine verbesserte Prozesswiederholbarkeit.<\/p>\n<p data-start=\"1574\" data-end=\"1686\"><img decoding=\"async\" class=\"aligncenter wp-image-2371 size-large\" src=\"https:\/\/www.zmsh-semitech.com\/wp-content\/uploads\/2026\/04\/rs-1024x388.png\" alt=\"\" width=\"1024\" height=\"388\" srcset=\"https:\/\/www.zmsh-semitech.com\/wp-content\/uploads\/2026\/04\/rs-1024x388.png 1024w, https:\/\/www.zmsh-semitech.com\/wp-content\/uploads\/2026\/04\/rs-300x114.png 300w, https:\/\/www.zmsh-semitech.com\/wp-content\/uploads\/2026\/04\/rs-768x291.png 768w, https:\/\/www.zmsh-semitech.com\/wp-content\/uploads\/2026\/04\/rs-18x7.png 18w, https:\/\/www.zmsh-semitech.com\/wp-content\/uploads\/2026\/04\/rs-600x227.png 600w, https:\/\/www.zmsh-semitech.com\/wp-content\/uploads\/2026\/04\/rs.png 1216w\" sizes=\"(max-width: 1024px) 100vw, 1024px\" \/><\/p>\n<h2 data-section-id=\"106914\" data-start=\"1693\" data-end=\"1727\">Wichtige technische Spezifikationen<\/h2>\n<table>\n<thead>\n<tr>\n<th>Artikel<\/th>\n<th>Spezifikation<\/th>\n<\/tr>\n<\/thead>\n<tbody>\n<tr>\n<td>Wafer Gr\u00f6\u00dfe<\/td>\n<td>12 Zoll<\/td>\n<\/tr>\n<tr>\n<td>Energiebereich<\/td>\n<td>0,5 - 80 keV<\/td>\n<\/tr>\n<tr>\n<td>Implantierte Elemente<\/td>\n<td>\u00b9\u00b9B\u207a, \u2074\u2079BF\u2082\u207a, \u00b3\u00b9P\u207a, \u2077\u2075As\u207a, \u00b9\u2074N\u207a, \u00b9H\u207a<\/td>\n<\/tr>\n<tr>\n<td>Implantat-Winkel<\/td>\n<td>0\u00b0 - 45\u00b0<\/td>\n<\/tr>\n<tr>\n<td>Winkel-Genauigkeit<\/td>\n<td>\u2264 0.1\u00b0<\/td>\n<\/tr>\n<tr>\n<td>Dosisbereich<\/td>\n<td>5E11 - 1E17 Ionen\/cm\u00b2<\/td>\n<\/tr>\n<tr>\n<td>Balkenstabilit\u00e4t<\/td>\n<td>\u2264 10% \/ Stunde (innerhalb von 60 Minuten; Strahlunterbrechung und Lichtbogenbildung \u2264 1 Mal)<\/td>\n<\/tr>\n<tr>\n<td>Parallelit\u00e4t der Strahlen<\/td>\n<td>\u2264 0.3\u00b0<\/td>\n<\/tr>\n<tr>\n<td>Durchsatz (WPH)<\/td>\n<td>\u2265 200 Wafer\/Stunde<\/td>\n<\/tr>\n<tr>\n<td>Gleichm\u00e4\u00dfigkeit (1\u03c3)<\/td>\n<td>\u2264 1%<\/td>\n<\/tr>\n<tr>\n<td>Reproduzierbarkeit (1\u03c3)<\/td>\n<td>\u2264 1%<\/td>\n<\/tr>\n<tr>\n<td>Prozess-Kompatibilit\u00e4t<\/td>\n<td>Kompatibel mit LSI-Verfahren<\/td>\n<\/tr>\n<\/tbody>\n<\/table>\n<h2 data-section-id=\"yb78ly\" data-start=\"2475\" data-end=\"2506\">Hauptmerkmale und Vorteile<\/h2>\n<h3 data-section-id=\"13hha2k\" data-start=\"2508\" data-end=\"2541\">1. Intelligentes Kontrollsystem<\/h3>\n<p data-start=\"2542\" data-end=\"2706\">Ausgestattet mit einer visualisierten und intelligenten Softwareplattform, die eine vereinfachte Bedienung, eine schnelle Fehlerdiagnose und eine hohe Systemstabilit\u00e4t w\u00e4hrend der Produktion erm\u00f6glicht.<\/p>\n<h3 data-section-id=\"1cy4f9q\" data-start=\"2713\" data-end=\"2740\">2. Langlebige Ionenquelle<\/h3>\n<p data-start=\"2741\" data-end=\"2863\">Modernes Design der Ionenquelle mit einer Lebensdauer von \u2265500 Stunden, wodurch Ausfallzeiten und Wartungskosten erheblich reduziert werden.<\/p>\n<h3 data-section-id=\"4euk5j\" data-start=\"2870\" data-end=\"2903\">3. F\u00e4higkeit zur Strahldiagnose<\/h3>\n<p data-start=\"2904\" data-end=\"2988\">Integriertes 2D-Strahlprofilmesssystem, das eine genaue \u00dcberwachung erm\u00f6glicht:<\/p>\n<ul data-start=\"2989\" data-end=\"3019\">\n<li data-section-id=\"1ct5xfp\" data-start=\"2989\" data-end=\"3003\">Breite des Strahls<\/li>\n<li data-section-id=\"1vm2uvw\" data-start=\"3004\" data-end=\"3019\">H\u00f6he des Balkens<\/li>\n<\/ul>\n<p data-start=\"3021\" data-end=\"3092\">Dies verbessert die Implantationsgenauigkeit und erh\u00f6ht die Wiederholbarkeit des Prozesses.<\/p>\n<h3 data-section-id=\"qq9ajq\" data-start=\"3099\" data-end=\"3132\">4. Hohe Produktionseffizienz<\/h3>\n<p data-start=\"3133\" data-end=\"3310\">Der Ai80HC bietet eine um mehr als das 1,5fache h\u00f6here Durchsatzleistung als herk\u00f6mmliche Systeme und eignet sich damit f\u00fcr die Halbleiterfertigung in gro\u00dfen St\u00fcckzahlen.<\/p>\n<h3 data-section-id=\"1h2ge5m\" data-start=\"3317\" data-end=\"3357\">5. Erweiterte Musterimplantatfunktion<\/h3>\n<p data-start=\"3358\" data-end=\"3429\">Unterst\u00fctzt gemusterte Ionenimplantation und erm\u00f6glicht Dosisverteilung in:<\/p>\n<ul data-start=\"3430\" data-end=\"3488\">\n<li data-section-id=\"fqh2r6\" data-start=\"3430\" data-end=\"3450\">Kreisf\u00f6rmige Regionen<\/li>\n<li data-section-id=\"1aoby05\" data-start=\"3451\" data-end=\"3488\">Quadrantenbasierte Wafer-Segmentierung<\/li>\n<\/ul>\n<p data-start=\"3490\" data-end=\"3502\">Dies erm\u00f6glicht:<\/p>\n<ul data-start=\"3503\" data-end=\"3617\">\n<li data-section-id=\"chxy3y\" data-start=\"3503\" data-end=\"3552\">Mehrere Prozessbedingungen auf einem einzigen Wafer<\/li>\n<li data-section-id=\"z1xkzj\" data-start=\"3553\" data-end=\"3589\">Geringere Prozessentwicklungskosten<\/li>\n<li data-section-id=\"15uh0gh\" data-start=\"3590\" data-end=\"3617\">Verbesserte F&amp;E-Effizienz<\/li>\n<\/ul>\n<p data-start=\"3619\" data-end=\"3780\">Beispiel: Ein einzelner Wafer kann gleichzeitig vier verschiedene Implantationsbedingungen in vier Quadranten erhalten, was die Prozessoptimierung erheblich beschleunigt.<\/p>\n<h2 data-section-id=\"18zz1hm\" data-start=\"3787\" data-end=\"3810\">Anmeldung<\/h2>\n<ul data-start=\"3812\" data-end=\"4005\">\n<li data-section-id=\"16inq9u\" data-start=\"3812\" data-end=\"3839\">Herstellung von CMOS-Bauelementen<\/li>\n<li data-section-id=\"xjegvm\" data-start=\"3840\" data-end=\"3875\">Fortschrittliche Logik-IC-Fertigung<\/li>\n<li data-section-id=\"1xlm3tz\" data-start=\"3876\" data-end=\"3906\">Dotierung von Leistungshalbleitern<\/li>\n<li data-section-id=\"1ursyu4\" data-start=\"3907\" data-end=\"3959\">Forschung &amp; Entwicklung Halbleiter-Pilotanlagen<\/li>\n<li data-section-id=\"1k6v1m6\" data-start=\"3960\" data-end=\"4005\">Herstellung integrierter Schaltungen auf Siliziumbasis<\/li>\n<\/ul>\n<h2 data-section-id=\"1idaiwr\" data-start=\"58\" data-end=\"95\">H\u00e4ufig gestellte Fragen (FAQ)<\/h2>\n<h3 data-section-id=\"squ7m7\" data-start=\"97\" data-end=\"166\">1. F\u00fcr welche Wafergr\u00f6\u00dfe ist das Ai80HC (High Beam) System ausgelegt?<\/h3>\n<p data-start=\"167\" data-end=\"381\">Das Ionenimplantationssystem Ai80HC (High Beam) ist f\u00fcr 12-Zoll-Siliziumwafer-Produktionslinien ausgelegt und eignet sich daher f\u00fcr die moderne Halbleiterfertigung und die Herstellung integrierter Schaltkreise in hohen St\u00fcckzahlen.<\/p>\n<h3 data-section-id=\"foelcb\" data-start=\"388\" data-end=\"458\">2. Wie gro\u00df ist der Energiebereich und die Prozessf\u00e4higkeit dieses Systems?<\/h3>\n<p data-start=\"459\" data-end=\"716\">Das System arbeitet in einem Energiebereich von 0,5 keV bis 80 keV und unterst\u00fctzt sowohl flache als auch mitteltiefe Implantation. Es ist kompatibel mit LSI-Prozessen, einschlie\u00dflich der Bildung von flachen \u00dcberg\u00e4ngen und der Source\/Drain-Entwicklung in fortschrittlichen Bauelementstrukturen.<\/p>\n<h3 data-section-id=\"jluc3f\" data-start=\"723\" data-end=\"792\">3. Welchen Grad an Pr\u00e4zision und Stabilit\u00e4t bietet das System?<\/h3>\n<p data-start=\"793\" data-end=\"850\">Ai80HC (High Beam) sorgt f\u00fcr eine hohe Prozesskonsistenz mit:<\/p>\n<ul data-start=\"851\" data-end=\"965\">\n<li data-section-id=\"8ldlzj\" data-start=\"851\" data-end=\"878\">Winkelgenauigkeit \u2264 0,1\u00b0<\/li>\n<li data-section-id=\"nyztaj\" data-start=\"879\" data-end=\"905\">Gleichm\u00e4\u00dfigkeit (1\u03c3) \u2264 1%<\/li>\n<li data-section-id=\"ai4v3y\" data-start=\"906\" data-end=\"935\">Wiederholbarkeit (1\u03c3) \u2264 1%<\/li>\n<li data-section-id=\"1hjdqzq\" data-start=\"936\" data-end=\"965\">Strahlparallelit\u00e4t \u2264 0,3\u00b0<\/li>\n<\/ul>\n<p data-start=\"967\" data-end=\"1069\">Diese Spezifikationen gew\u00e4hrleisten eine stabile Wafer-to-Wafer-Leistung und eine ertragreiche Halbleiterproduktion.<\/p>","protected":false},"excerpt":{"rendered":"<p>Das Ionenimplantationssystem der Serie Ai80HC (High Beam) ist ein Hochstrom-Ionenimplanter, der speziell f\u00fcr 12-Zoll-Siliziumwafer-Halbleiterproduktionslinien entwickelt wurde. Es wurde f\u00fcr fortschrittliche Pr\u00e4zisionsdotierungsprozesse in der modernen Fertigung integrierter Schaltkreise entwickelt und bietet eine stabile Strahlleistung, eine hohe Prozesswiederholbarkeit und eine hervorragende Genauigkeit bei der Dosissteuerung.<\/p>","protected":false},"featured_media":2343,"comment_status":"open","ping_status":"closed","template":"","meta":{"site-sidebar-layout":"default","site-content-layout":"","ast-site-content-layout":"default","site-content-style":"default","site-sidebar-style":"default","ast-global-header-display":"","ast-banner-title-visibility":"","ast-main-header-display":"","ast-hfb-above-header-display":"","ast-hfb-below-header-display":"","ast-hfb-mobile-header-display":"","site-post-title":"","ast-breadcrumbs-content":"","ast-featured-img":"","footer-sml-layout":"","ast-disable-related-posts":"","theme-transparent-header-meta":"default","adv-header-id-meta":"","stick-header-meta":"default","header-above-stick-meta":"","header-main-stick-meta":"","header-below-stick-meta":"","astra-migrate-meta-layouts":"set","ast-page-background-enabled":"default","ast-page-background-meta":{"desktop":{"background-color":"var(--ast-global-color-4)","background-image":"","background-repeat":"repeat","background-position":"center center","background-size":"auto","background-attachment":"scroll","background-type":"","background-media":"","overlay-type":"","overlay-color":"","overlay-opacity":"","overlay-gradient":""},"tablet":{"background-color":"","background-image":"","background-repeat":"repeat","background-position":"center center","background-size":"auto","background-attachment":"scroll","background-type":"","background-media":"","overlay-type":"","overlay-color":"","overlay-opacity":"","overlay-gradient":""},"mobile":{"background-color":"","background-image":"","background-repeat":"repeat","background-position":"center center","background-size":"auto","background-attachment":"scroll","background-type":"","background-media":"","overlay-type":"","overlay-color":"","overlay-opacity":"","overlay-gradient":""}},"ast-content-background-meta":{"desktop":{"background-color":"var(--ast-global-color-5)","background-image":"","background-repeat":"repeat","background-position":"center center","background-size":"auto","background-attachment":"scroll","background-type":"","background-media":"","overlay-type":"","overlay-color":"","overlay-opacity":"","overlay-gradient":""},"tablet":{"background-color":"var(--ast-global-color-5)","background-image":"","background-repeat":"repeat","background-position":"center center","background-size":"auto","background-attachment":"scroll","background-type":"","background-media":"","overlay-type":"","overlay-color":"","overlay-opacity":"","overlay-gradient":""},"mobile":{"background-color":"var(--ast-global-color-5)","background-image":"","background-repeat":"repeat","background-position":"center center","background-size":"auto","background-attachment":"scroll","background-type":"","background-media":"","overlay-type":"","overlay-color":"","overlay-opacity":"","overlay-gradient":""}}},"product_brand":[],"product_cat":[1177],"product_tag":[1160,1183,1179,1182,1178,1181,1180,1185,1184,890],"class_list":{"0":"post-2342","1":"product","2":"type-product","3":"status-publish","4":"has-post-thumbnail","6":"product_cat-ion-implantation-equipment","7":"product_tag-12-inch-wafer-equipment","8":"product_tag-cmos-process-equipment","9":"product_tag-high-current-ion-implanter","10":"product_tag-ion-implantation-machine","11":"product_tag-ion-implantation-system","12":"product_tag-lsi-manufacturing-equipment","13":"product_tag-semiconductor-doping-equipment","14":"product_tag-semiconductor-fabrication-equipment","15":"product_tag-shallow-junction-implantation","16":"product_tag-silicon-wafer-processing","17":"desktop-align-left","18":"tablet-align-left","19":"mobile-align-left","20":"ast-product-gallery-layout-horizontal-slider","21":"ast-product-gallery-with-no-image","22":"ast-product-tabs-layout-horizontal","24":"first","25":"instock","26":"shipping-taxable","27":"product-type-simple"},"_links":{"self":[{"href":"https:\/\/www.zmsh-semitech.com\/de\/wp-json\/wp\/v2\/product\/2342","targetHints":{"allow":["GET"]}}],"collection":[{"href":"https:\/\/www.zmsh-semitech.com\/de\/wp-json\/wp\/v2\/product"}],"about":[{"href":"https:\/\/www.zmsh-semitech.com\/de\/wp-json\/wp\/v2\/types\/product"}],"replies":[{"embeddable":true,"href":"https:\/\/www.zmsh-semitech.com\/de\/wp-json\/wp\/v2\/comments?post=2342"}],"version-history":[{"count":4,"href":"https:\/\/www.zmsh-semitech.com\/de\/wp-json\/wp\/v2\/product\/2342\/revisions"}],"predecessor-version":[{"id":2376,"href":"https:\/\/www.zmsh-semitech.com\/de\/wp-json\/wp\/v2\/product\/2342\/revisions\/2376"}],"wp:featuredmedia":[{"embeddable":true,"href":"https:\/\/www.zmsh-semitech.com\/de\/wp-json\/wp\/v2\/media\/2343"}],"wp:attachment":[{"href":"https:\/\/www.zmsh-semitech.com\/de\/wp-json\/wp\/v2\/media?parent=2342"}],"wp:term":[{"taxonomy":"product_brand","embeddable":true,"href":"https:\/\/www.zmsh-semitech.com\/de\/wp-json\/wp\/v2\/product_brand?post=2342"},{"taxonomy":"product_cat","embeddable":true,"href":"https:\/\/www.zmsh-semitech.com\/de\/wp-json\/wp\/v2\/product_cat?post=2342"},{"taxonomy":"product_tag","embeddable":true,"href":"https:\/\/www.zmsh-semitech.com\/de\/wp-json\/wp\/v2\/product_tag?post=2342"}],"curies":[{"name":"wp","href":"https:\/\/api.w.org\/{rel}","templated":true}]}}