{"id":2234,"date":"2026-04-15T05:17:06","date_gmt":"2026-04-15T05:17:06","guid":{"rendered":"https:\/\/www.zmsh-semitech.com\/?post_type=product&#038;p=2234"},"modified":"2026-04-15T05:19:03","modified_gmt":"2026-04-15T05:19:03","slug":"sapphire-wafer-blanks-high-purity-raw-sapphire-substrate-for-precision-processing","status":"publish","type":"product","link":"https:\/\/www.zmsh-semitech.com\/de\/product\/sapphire-wafer-blanks-high-purity-raw-sapphire-substrate-for-precision-processing\/","title":{"rendered":"Saphir-Wafer-Rohlinge - Hochreines Saphir-Rohsubstrat f\u00fcr die Pr\u00e4zisionsbearbeitung"},"content":{"rendered":"<p data-start=\"379\" data-end=\"773\"><img fetchpriority=\"high\" decoding=\"async\" class=\"alignright wp-image-2238 size-medium\" src=\"https:\/\/www.zmsh-semitech.com\/wp-content\/uploads\/2026\/04\/sapphire_wafer_blank_high_purity_raw_sapphire_substrate_for_processing1-300x300.webp\" alt=\"Saphir-Wafer-Rohlinge - Hochreines Saphir-Rohsubstrat f\u00fcr die Pr\u00e4zisionsbearbeitung\" width=\"300\" height=\"300\" srcset=\"https:\/\/www.zmsh-semitech.com\/wp-content\/uploads\/2026\/04\/sapphire_wafer_blank_high_purity_raw_sapphire_substrate_for_processing1-300x300.webp 300w, https:\/\/www.zmsh-semitech.com\/wp-content\/uploads\/2026\/04\/sapphire_wafer_blank_high_purity_raw_sapphire_substrate_for_processing1-150x150.webp 150w, https:\/\/www.zmsh-semitech.com\/wp-content\/uploads\/2026\/04\/sapphire_wafer_blank_high_purity_raw_sapphire_substrate_for_processing1-768x768.webp 768w, https:\/\/www.zmsh-semitech.com\/wp-content\/uploads\/2026\/04\/sapphire_wafer_blank_high_purity_raw_sapphire_substrate_for_processing1-12x12.webp 12w, https:\/\/www.zmsh-semitech.com\/wp-content\/uploads\/2026\/04\/sapphire_wafer_blank_high_purity_raw_sapphire_substrate_for_processing1-600x600.webp 600w, https:\/\/www.zmsh-semitech.com\/wp-content\/uploads\/2026\/04\/sapphire_wafer_blank_high_purity_raw_sapphire_substrate_for_processing1-100x100.webp 100w, https:\/\/www.zmsh-semitech.com\/wp-content\/uploads\/2026\/04\/sapphire_wafer_blank_high_purity_raw_sapphire_substrate_for_processing1.webp 800w\" sizes=\"(max-width: 300px) 100vw, 300px\" \/>Saphir-Wafer-Rohlinge sind hochreine, ungeschnittene einkristalline Aluminiumoxid-(Al\u2082O\u2083)-Substrate, die direkt aus Saphir-Boullets mit Hilfe fortschrittlicher Drahts\u00e4getechnik gewonnen werden. Im Gegensatz zu fertigen Wafern werden diese Substrate in ihrem rohen und unbearbeiteten Zustand geliefert, d. h. die Oberfl\u00e4che weist noch S\u00e4gespuren auf und wurde nicht gel\u00e4ppt, poliert oder chemisch-mechanisch planarisiert (CMP).<\/p>\n<p data-start=\"817\" data-end=\"1087\">Diese Form von Saphir wird h\u00e4ufig als Ausgangsmaterial in der Halbleiter-, Optik- und Hochtemperaturindustrie verwendet, wo die nachgeschalteten Anwender eine vollst\u00e4ndige Kontrolle \u00fcber die Oberfl\u00e4chenbearbeitung, die kristallografische Ausrichtung und die Pr\u00e4zision der Dicke ben\u00f6tigen.<\/p>\n<p data-start=\"1089\" data-end=\"1527\">Saphir (\u03b1-Al\u2082O\u2083) ist eines der h\u00e4rtesten bekannten technischen Materialien, das auf der Mohs-H\u00e4rteskala den Wert 9 erreicht und damit nur von Diamant \u00fcbertroffen wird. Er weist eine hervorragende Best\u00e4ndigkeit gegen Abrieb, Temperaturschock und chemische Korrosion auf und ist daher f\u00fcr extreme Verarbeitungsbedingungen bestens geeignet. Dank dieser Eigenschaften k\u00f6nnen Saphir-Waferrohlinge als stabiles Basismaterial sowohl in industriellen Produktionslinien als auch in fortschrittlichen Forschungslabors eingesetzt werden.<\/p>\n<hr data-start=\"1529\" data-end=\"1532\" \/>\n<h2 data-section-id=\"ojepy8\" data-start=\"1534\" data-end=\"1565\"><span role=\"text\"><img decoding=\"async\" class=\"alignright wp-image-2237 size-medium\" src=\"https:\/\/www.zmsh-semitech.com\/wp-content\/uploads\/2026\/04\/sapphire_wafer_blank_high_purity_raw_sapphire_substrate_for_processing2-300x300.webp\" alt=\"Saphir-Wafer-Rohlinge - Hochreines Saphir-Rohsubstrat f\u00fcr die Pr\u00e4zisionsbearbeitung\" width=\"300\" height=\"300\" srcset=\"https:\/\/www.zmsh-semitech.com\/wp-content\/uploads\/2026\/04\/sapphire_wafer_blank_high_purity_raw_sapphire_substrate_for_processing2-300x300.webp 300w, https:\/\/www.zmsh-semitech.com\/wp-content\/uploads\/2026\/04\/sapphire_wafer_blank_high_purity_raw_sapphire_substrate_for_processing2-150x150.webp 150w, https:\/\/www.zmsh-semitech.com\/wp-content\/uploads\/2026\/04\/sapphire_wafer_blank_high_purity_raw_sapphire_substrate_for_processing2-768x768.webp 768w, https:\/\/www.zmsh-semitech.com\/wp-content\/uploads\/2026\/04\/sapphire_wafer_blank_high_purity_raw_sapphire_substrate_for_processing2-12x12.webp 12w, https:\/\/www.zmsh-semitech.com\/wp-content\/uploads\/2026\/04\/sapphire_wafer_blank_high_purity_raw_sapphire_substrate_for_processing2-600x600.webp 600w, https:\/\/www.zmsh-semitech.com\/wp-content\/uploads\/2026\/04\/sapphire_wafer_blank_high_purity_raw_sapphire_substrate_for_processing2-100x100.webp 100w, https:\/\/www.zmsh-semitech.com\/wp-content\/uploads\/2026\/04\/sapphire_wafer_blank_high_purity_raw_sapphire_substrate_for_processing2.webp 800w\" sizes=\"(max-width: 300px) 100vw, 300px\" \/>Materialeigenschaften<\/span><\/h2>\n<p data-start=\"1567\" data-end=\"1829\">Saphir-Waferrohlinge bestehen aus einkristallinem Aluminiumoxid mit einer Reinheit von \u2265 99,99%, was eine hohe strukturelle Konsistenz und minimale, durch Verunreinigungen verursachte Gitterdefekte gew\u00e4hrleistet. Dies ist entscheidend f\u00fcr Anwendungen, die epitaktisches Wachstum oder optische \u00dcbertragung erfordern.<\/p>\n<p data-start=\"1831\" data-end=\"1863\">Zu den wichtigsten Materialeigenschaften geh\u00f6ren:<\/p>\n<ul data-start=\"1865\" data-end=\"2170\">\n<li data-section-id=\"1h84phi\" data-start=\"1865\" data-end=\"1905\">Hohe H\u00e4rte und Kratzfestigkeit<\/li>\n<li data-section-id=\"dzbd9u\" data-start=\"1906\" data-end=\"1975\">Ausgezeichnete W\u00e4rmeleitf\u00e4higkeit und Stabilit\u00e4t bei hohen Temperaturen<\/li>\n<li data-section-id=\"1biq2rl\" data-start=\"1976\" data-end=\"2040\">Hohe Best\u00e4ndigkeit gegen S\u00e4uren, Laugen und Plasma-Umgebungen<\/li>\n<li data-section-id=\"1m8mtf9\" data-start=\"2041\" data-end=\"2103\">Breiter optischer \u00dcbertragungsbereich (UV bis IR nach dem Polieren)<\/li>\n<li data-section-id=\"1u7e7u1\" data-start=\"2104\" data-end=\"2170\">Hohe mechanische Festigkeit unter Stress- und Vibrationsbedingungen<\/li>\n<\/ul>\n<p data-start=\"2172\" data-end=\"2342\">Diese Eigenschaften machen Saphir-Waferrohlinge besonders wertvoll in Umgebungen, in denen Silizium- oder Glassubstrate unter Stress oder Temperaturbeschr\u00e4nkungen versagen.<\/p>\n<hr data-start=\"2344\" data-end=\"2347\" \/>\n<h2 data-section-id=\"1alkwpa\" data-start=\"2349\" data-end=\"2377\"><span role=\"text\"><img decoding=\"async\" class=\"size-medium wp-image-2239 alignright\" src=\"https:\/\/www.zmsh-semitech.com\/wp-content\/uploads\/2026\/04\/20240819154539_19680-300x300.jpg\" alt=\"\" width=\"300\" height=\"300\" srcset=\"https:\/\/www.zmsh-semitech.com\/wp-content\/uploads\/2026\/04\/20240819154539_19680-300x300.jpg 300w, https:\/\/www.zmsh-semitech.com\/wp-content\/uploads\/2026\/04\/20240819154539_19680-150x150.jpg 150w, https:\/\/www.zmsh-semitech.com\/wp-content\/uploads\/2026\/04\/20240819154539_19680-12x12.jpg 12w, https:\/\/www.zmsh-semitech.com\/wp-content\/uploads\/2026\/04\/20240819154539_19680-600x600.jpg 600w, https:\/\/www.zmsh-semitech.com\/wp-content\/uploads\/2026\/04\/20240819154539_19680-100x100.jpg 100w, https:\/\/www.zmsh-semitech.com\/wp-content\/uploads\/2026\/04\/20240819154539_19680.jpg 680w\" sizes=\"(max-width: 300px) 100vw, 300px\" \/>Herstellungsprozess<\/span><\/h2>\n<p data-start=\"2421\" data-end=\"2496\">Saphir-Wafer-Rohlinge werden in einem kontrollierten industriellen Verfahren hergestellt:<\/p>\n<ol data-start=\"2498\" data-end=\"3060\">\n<li data-section-id=\"dne7b4\" data-start=\"2498\" data-end=\"2680\">Kristallz\u00fcchtung - Saphirbl\u00f6cke werden mit Methoden wie Kyropoulos oder W\u00e4rmeaustauschverfahren gez\u00fcchtet, die gro\u00dfe Einkristallbl\u00f6cke mit kontrollierter Defektdichte gew\u00e4hrleisten.<\/li>\n<li data-section-id=\"72bozn\" data-start=\"2681\" data-end=\"2815\">Orientierungsschneiden - Die Kugeln werden pr\u00e4zise nach den kristallographischen Ebenen (C-Ebene, A-Ebene, R-Ebene, M-Ebene) ausgerichtet.<\/li>\n<li data-section-id=\"da5a28\" data-start=\"2816\" data-end=\"2943\">Drahts\u00e4gen - Der Ingot wird mit Diamantdrahts\u00e4gen in waffelf\u00f6rmige Rohlinge geschnitten, so dass die Oberfl\u00e4chen wie geschnitten sind.<\/li>\n<li data-section-id=\"1d6frix\" data-start=\"2944\" data-end=\"3060\">Reinigung und Inspektion - Jeder Wafer-Rohling wird auf Risse, Kantenintegrit\u00e4t und gleichm\u00e4\u00dfige Dicke gepr\u00fcft.<\/li>\n<\/ol>\n<p data-start=\"3062\" data-end=\"3201\">In diesem Stadium wird das Produkt absichtlich ungeschliffen belassen, um als flexibles Rohmaterial f\u00fcr nachgelagerte Fertigungsprozesse zu dienen.<\/p>\n<hr data-start=\"3203\" data-end=\"3206\" \/>\n<h2 data-section-id=\"1j5qwet\" data-start=\"3208\" data-end=\"3227\"><span role=\"text\">Wesentliche Merkmale<\/span><\/h2>\n<ul data-start=\"3229\" data-end=\"3708\">\n<li data-section-id=\"bp44jf\" data-start=\"3229\" data-end=\"3290\">Ultrahochreiner einkristalliner Saphir (\u226599,99% Al\u2082O\u2083)<\/li>\n<li data-section-id=\"n4zrbf\" data-start=\"3291\" data-end=\"3362\">Erh\u00e4ltlich in Standard-Halbleiterwafergr\u00f6\u00dfen: 2\u201d, 3\u201d, 4\u201d, 6\u201d, 8\u201d<\/li>\n<li data-section-id=\"sd0rj\" data-start=\"3363\" data-end=\"3421\">Kundenspezifische St\u00e4rken von 0,5 mm bis 3,0 mm oder mehr<\/li>\n<li data-section-id=\"yovwq5\" data-start=\"3422\" data-end=\"3505\">Mehrere Kristallorientierungen f\u00fcr verschiedene optische und elektronische Anwendungen<\/li>\n<li data-section-id=\"1vn9hfs\" data-start=\"3506\" data-end=\"3575\">Rohe, drahtges\u00e4gte Oberfl\u00e4che, ideal f\u00fcr kundenspezifisches L\u00e4ppen und CMP-Bearbeitung<\/li>\n<li data-section-id=\"1g6tkst\" data-start=\"3576\" data-end=\"3641\">Hohe strukturelle Stabilit\u00e4t bei mechanischer und thermischer Belastung<\/li>\n<li data-section-id=\"19xgigt\" data-start=\"3642\" data-end=\"3708\">Gleichbleibende Qualit\u00e4t, geeignet f\u00fcr die industrielle Fertigung<\/li>\n<\/ul>\n<hr data-start=\"3710\" data-end=\"3713\" \/>\n<h2 data-section-id=\"k0zlak\" data-start=\"3715\" data-end=\"3734\"><span role=\"text\">Anwendungen<\/span><\/h2>\n<p data-start=\"3736\" data-end=\"3857\">Saphir-Waferrohlinge werden aufgrund ihrer mechanischen Festigkeit und chemischen Stabilit\u00e4t in einer Vielzahl von fortschrittlichen Industrien eingesetzt.<\/p>\n<h3 data-section-id=\"vh2vip\" data-start=\"3859\" data-end=\"3897\"><span role=\"text\">Halbleiter- und LED-Industrie<\/span><\/h3>\n<p data-start=\"3898\" data-end=\"4125\">Saphir-Wafer-Rohlinge werden \u00fcblicherweise als Substrate f\u00fcr das Epitaxiewachstum von LEDs auf GaN-Basis verwendet. Nach dem Polieren bieten sie eine \u00e4u\u00dferst stabile Plattform f\u00fcr die Herstellung hocheffizienter optoelektronischer Ger\u00e4te wie blaue und UV-LEDs.<\/p>\n<h3 data-section-id=\"1evn3pb\" data-start=\"4127\" data-end=\"4163\"><span role=\"text\">Optische und photonische Systeme<\/span><\/h3>\n<p data-start=\"4164\" data-end=\"4354\">Nach der Pr\u00e4zisionsbearbeitung wird Saphir in optischen Fenstern, Laserhohlr\u00e4umen, Infrarot-Bildgebungssystemen und Sensorabdeckungen verwendet, wo hohe Transparenz und Kratzfestigkeit erforderlich sind.<\/p>\n<h3 data-section-id=\"1maeluv\" data-start=\"4356\" data-end=\"4388\"><span role=\"text\">Forschung und Entwicklung<\/span><\/h3>\n<p data-start=\"4389\" data-end=\"4556\">Universit\u00e4ten und materialwissenschaftliche Labors verwenden Saphir-Wafer-Rohlinge f\u00fcr die Entwicklung von CMP-Prozessen, f\u00fcr Studien zur Oberfl\u00e4chentechnik und zur Analyse von Kristalldefekten.<\/p>\n<h3 data-section-id=\"mrlekr\" data-start=\"4558\" data-end=\"4586\"><span role=\"text\">D\u00fcnnschichtabscheidung<\/span><\/h3>\n<p data-start=\"4587\" data-end=\"4764\">Das Material wird h\u00e4ufig als Basissubstrat f\u00fcr ALD-, PVD- und CVD-Beschichtungsexperimente verwendet, vor allem in fr\u00fchen Forschungsphasen, in denen die Oberfl\u00e4chenrauheit noch nicht entscheidend ist.<\/p>\n<h3 data-section-id=\"2enbwe\" data-start=\"4766\" data-end=\"4811\"><span role=\"text\">Anwendungen in Industrie und Luft- und Raumfahrt<\/span><\/h3>\n<p data-start=\"4812\" data-end=\"4982\">Durch zus\u00e4tzliche Bearbeitung k\u00f6nnen Saphirwafer zu Hochtemperatur-Strukturbauteilen, Sensorschutzabdeckungen und pr\u00e4zisen mechanischen Abstandshaltern verarbeitet werden.<\/p>\n<hr data-start=\"4984\" data-end=\"4987\" \/>\n<h2 data-section-id=\"id1bjs\" data-start=\"4989\" data-end=\"5020\"><span role=\"text\">Technische Daten<\/span><\/h2>\n<div class=\"TyagGW_tableContainer\">\n<div class=\"group TyagGW_tableWrapper flex flex-col-reverse w-fit\" tabindex=\"-1\">\n<table class=\"w-fit min-w-(--thread-content-width)\" data-start=\"5022\" data-end=\"5500\">\n<thead data-start=\"5022\" data-end=\"5051\">\n<tr data-start=\"5022\" data-end=\"5051\">\n<th class=\"\" data-start=\"5022\" data-end=\"5034\" data-col-size=\"sm\">Parameter<\/th>\n<th class=\"\" data-start=\"5034\" data-end=\"5051\" data-col-size=\"md\">Spezifikation<\/th>\n<\/tr>\n<\/thead>\n<tbody data-start=\"5080\" data-end=\"5500\">\n<tr data-start=\"5080\" data-end=\"5126\">\n<td data-start=\"5080\" data-end=\"5091\" data-col-size=\"sm\">Material<\/td>\n<td data-col-size=\"md\" data-start=\"5091\" data-end=\"5126\">Einkristalliner Saphir (Al\u2082O\u2083)<\/td>\n<\/tr>\n<tr data-start=\"5127\" data-end=\"5148\">\n<td data-start=\"5127\" data-end=\"5136\" data-col-size=\"sm\">Reinheit<\/td>\n<td data-start=\"5136\" data-end=\"5148\" data-col-size=\"md\">\u2265 99.99%<\/td>\n<\/tr>\n<tr data-start=\"5149\" data-end=\"5193\">\n<td data-start=\"5149\" data-end=\"5169\" data-col-size=\"sm\">Kristallstruktur<\/td>\n<td data-col-size=\"md\" data-start=\"5169\" data-end=\"5193\">Alpha-Phasen-Saphir<\/td>\n<\/tr>\n<tr data-start=\"5194\" data-end=\"5226\">\n<td data-start=\"5194\" data-end=\"5202\" data-col-size=\"sm\">Form<\/td>\n<td data-col-size=\"md\" data-start=\"5202\" data-end=\"5226\">Runder Wafer-Rohling<\/td>\n<\/tr>\n<tr data-start=\"5227\" data-end=\"5279\">\n<td data-start=\"5227\" data-end=\"5238\" data-col-size=\"sm\">Durchmesser<\/td>\n<td data-col-size=\"md\" data-start=\"5238\" data-end=\"5279\">2\u201d, 3\u201d, 4\u201d, 6\u201d, 8\u201d (kundenspezifisch erh\u00e4ltlich)<\/td>\n<\/tr>\n<tr data-start=\"5280\" data-end=\"5323\">\n<td data-start=\"5280\" data-end=\"5292\" data-col-size=\"sm\">Dicke<\/td>\n<td data-start=\"5292\" data-end=\"5323\" data-col-size=\"md\">0,5 - 3,0 mm (anpassbar)<\/td>\n<\/tr>\n<tr data-start=\"5324\" data-end=\"5383\">\n<td data-start=\"5324\" data-end=\"5338\" data-col-size=\"sm\">Orientierung<\/td>\n<td data-start=\"5338\" data-end=\"5383\" data-col-size=\"md\">C-Ebene (0001), A-Ebene, R-Ebene, M-Ebene<\/td>\n<\/tr>\n<tr data-start=\"5384\" data-end=\"5439\">\n<td data-start=\"5384\" data-end=\"5404\" data-col-size=\"sm\">Zustand der Oberfl\u00e4che<\/td>\n<td data-start=\"5404\" data-end=\"5439\" data-col-size=\"md\">Ungeschnitten \/ drahtges\u00e4gt (unpoliert)<\/td>\n<\/tr>\n<tr data-start=\"5440\" data-end=\"5500\">\n<td data-start=\"5440\" data-end=\"5457\" data-col-size=\"sm\">Randbedingung<\/td>\n<td data-start=\"5457\" data-end=\"5500\" data-col-size=\"md\">Grobe Kante (Standard), Fase optional<\/td>\n<\/tr>\n<\/tbody>\n<\/table>\n<\/div>\n<\/div>\n<hr data-start=\"5502\" data-end=\"5505\" \/>\n<h2 data-section-id=\"d8omv1\" data-start=\"5507\" data-end=\"5524\"><span role=\"text\">Vorteile<\/span><\/h2>\n<p data-start=\"5526\" data-end=\"5618\">Saphir-Wafer-Rohlinge bieten mehrere strategische Vorteile im Vergleich zu vollst\u00e4ndig prozessierten Wafern:<\/p>\n<p data-start=\"5620\" data-end=\"5904\">Erstens bieten sie eine kosteneffiziente Rohmateriall\u00f6sung, die die Materialkosten f\u00fcr Hersteller reduziert, die eine interne Endbearbeitung bevorzugen. Zweitens erm\u00f6glichen sie vollst\u00e4ndige Flexibilit\u00e4t bei der Festlegung der endg\u00fcltigen Wafereigenschaften, einschlie\u00dflich Dickentoleranz, Oberfl\u00e4chenrauheit und Ebenheit.<\/p>\n<p data-start=\"5948\" data-end=\"6250\">Drittens sind sie ideal f\u00fcr die Prozessentwicklung und Pilotproduktionslinien, wo Experimente und iterative Optimierung erforderlich sind. Und schlie\u00dflich beh\u00e4lt Saphir seine mechanische Festigkeit und thermische Belastbarkeit auch im Rohzustand bei, was die Zuverl\u00e4ssigkeit bei der Weiterverarbeitung gew\u00e4hrleistet.<\/p>\n<hr data-start=\"6252\" data-end=\"6255\" \/>\n<h2 data-section-id=\"21fx5a\" data-start=\"6257\" data-end=\"6305\"><span role=\"text\">Industriekontext und Qualit\u00e4ts\u00fcberlegungen<\/span><\/h2>\n<p data-start=\"6307\" data-end=\"6586\">In der Halbleiterfertigung wird die Qualit\u00e4t des fertigen Wafers stark von der Qualit\u00e4t des Ausgangskristalls und der Schnittpr\u00e4zision beeinflusst. Saphir-Waferrohlinge bieten eine stabile Grundlage f\u00fcr ein ertragreiches epitaktisches Wachstum, wenn sie unter kontrollierten CMP-Bedingungen bearbeitet werden.<\/p>\n<p data-start=\"6588\" data-end=\"6643\">Die Industriestandards verlangen in der Regel eine strenge Kontrolle der:<\/p>\n<ul data-start=\"6644\" data-end=\"6846\">\n<li data-section-id=\"19nzevg\" data-start=\"6644\" data-end=\"6680\">Ebenheit der Oberfl\u00e4che nach dem Polieren<\/li>\n<li data-section-id=\"12yxpam\" data-start=\"6681\" data-end=\"6722\">Tiefe der Besch\u00e4digung des Untergrunds nach dem Aufschneiden<\/li>\n<li data-section-id=\"hzjk4a\" data-start=\"6723\" data-end=\"6787\">Kristallorientierungsgenauigkeit innerhalb enger Winkeltoleranzen<\/li>\n<li data-section-id=\"135u3te\" data-start=\"6788\" data-end=\"6846\">Defektdichte f\u00fcr optische und elektronische Anwendungen<\/li>\n<\/ul>\n<p data-start=\"6848\" data-end=\"6953\">Wenn die Hersteller von einem hochwertigen Waferrohling ausgehen, k\u00f6nnen sie diese nachgelagerten Variablen besser kontrollieren.<\/p>\n<hr data-start=\"6955\" data-end=\"6958\" \/>\n<h2 data-section-id=\"elc90z\" data-start=\"6960\" data-end=\"6970\"><span role=\"text\">FAQ<\/span><\/h2>\n<p data-start=\"6972\" data-end=\"7137\">Q1: Wof\u00fcr wird ein Saphir-Wafer-Rohling verwendet?<br data-start=\"7020\" data-end=\"7023\" \/>Es wird nach der Weiterverarbeitung als Rohsubstrat f\u00fcr Halbleiter-, LED-, Optik- und Forschungsanwendungen verwendet.<\/p>\n<p data-start=\"7139\" data-end=\"7321\">F2: Was ist der Unterschied zu einem polierten Saphir-Wafer?<br data-start=\"7198\" data-end=\"7201\" \/>Ein Wafer-Rohling ist ungeschliffen und hat ges\u00e4gte Oberfl\u00e4chen, w\u00e4hrend ein polierter Wafer f\u00fcr die direkte Herstellung von Bauelementen geeignet ist.<\/p>\n<p data-start=\"7323\" data-end=\"7479\">F3: K\u00f6nnen die Abmessungen angepasst werden?<br data-start=\"7360\" data-end=\"7363\" \/>Ja, Durchmesser, Dicke, Ausrichtung und Kantenbearbeitung k\u00f6nnen je nach den technischen Anforderungen angepasst werden.<\/p>\n<p data-start=\"7481\" data-end=\"7618\">Q4: Ist es f\u00fcr die direkte LED-Produktion geeignet?<br data-start=\"7530\" data-end=\"7533\" \/>Nein. Es muss gel\u00e4ppt und poliert werden, bevor es f\u00fcr das epitaktische LED-Wachstum verwendet werden kann.<\/p>\n<p data-start=\"7620\" data-end=\"7816\">F5: Was macht Saphir besser als Glas oder Quarz?<br data-start=\"7676\" data-end=\"7679\" \/>Saphir bietet im Vergleich zu herk\u00f6mmlichen optischen Materialien eine deutlich h\u00f6here H\u00e4rte, Temperaturbest\u00e4ndigkeit und chemische Stabilit\u00e4t.<\/p>\n<p data-start=\"7842\" data-end=\"8166\">","protected":false},"excerpt":{"rendered":"<p>Saphir-Waferrohlinge sind ein entscheidendes Material in fortschrittlichen Produktionsketten, das eine pr\u00e4zise Kontrolle der endg\u00fcltigen Waferleistung erm\u00f6glicht. Ihre Kombination aus hoher Reinheit, mechanischer Haltbarkeit und Verarbeitungsflexibilit\u00e4t macht sie f\u00fcr Halbleiter-, Optik- und Forschungsanwendungen unverzichtbar.<\/p>","protected":false},"featured_media":2235,"comment_status":"open","ping_status":"closed","template":"","meta":{"site-sidebar-layout":"default","site-content-layout":"","ast-site-content-layout":"default","site-content-style":"default","site-sidebar-style":"default","ast-global-header-display":"","ast-banner-title-visibility":"","ast-main-header-display":"","ast-hfb-above-header-display":"","ast-hfb-below-header-display":"","ast-hfb-mobile-header-display":"","site-post-title":"","ast-breadcrumbs-content":"","ast-featured-img":"","footer-sml-layout":"","ast-disable-related-posts":"","theme-transparent-header-meta":"default","adv-header-id-meta":"","stick-header-meta":"default","header-above-stick-meta":"","header-main-stick-meta":"","header-below-stick-meta":"","astra-migrate-meta-layouts":"set","ast-page-background-enabled":"default","ast-page-background-meta":{"desktop":{"background-color":"var(--ast-global-color-4)","background-image":"","background-repeat":"repeat","background-position":"center center","background-size":"auto","background-attachment":"scroll","background-type":"","background-media":"","overlay-type":"","overlay-color":"","overlay-opacity":"","overlay-gradient":""},"tablet":{"background-color":"","background-image":"","background-repeat":"repeat","background-position":"center center","background-size":"auto","background-attachment":"scroll","background-type":"","background-media":"","overlay-type":"","overlay-color":"","overlay-opacity":"","overlay-gradient":""},"mobile":{"background-color":"","background-image":"","background-repeat":"repeat","background-position":"center center","background-size":"auto","background-attachment":"scroll","background-type":"","background-media":"","overlay-type":"","overlay-color":"","overlay-opacity":"","overlay-gradient":""}},"ast-content-background-meta":{"desktop":{"background-color":"var(--ast-global-color-5)","background-image":"","background-repeat":"repeat","background-position":"center center","background-size":"auto","background-attachment":"scroll","background-type":"","background-media":"","overlay-type":"","overlay-color":"","overlay-opacity":"","overlay-gradient":""},"tablet":{"background-color":"var(--ast-global-color-5)","background-image":"","background-repeat":"repeat","background-position":"center center","background-size":"auto","background-attachment":"scroll","background-type":"","background-media":"","overlay-type":"","overlay-color":"","overlay-opacity":"","overlay-gradient":""},"mobile":{"background-color":"var(--ast-global-color-5)","background-image":"","background-repeat":"repeat","background-position":"center center","background-size":"auto","background-attachment":"scroll","background-type":"","background-media":"","overlay-type":"","overlay-color":"","overlay-opacity":"","overlay-gradient":""}}},"product_brand":[],"product_cat":[729],"product_tag":[1028,1031,1030,1034,1025,1027,1022,1033,1035,1024,1021,1032,1026,1023,1029],"class_list":{"0":"post-2234","1":"product","2":"type-product","3":"status-publish","4":"has-post-thumbnail","6":"product_cat-wafer","7":"product_tag-cmp-sapphire-processing","8":"product_tag-custom-sapphire-wafer","9":"product_tag-high-purity-sapphire-crystal","10":"product_tag-industrial-sapphire-wafer","11":"product_tag-led-sapphire-wafer","12":"product_tag-optical-sapphire-window-material","13":"product_tag-raw-sapphire-substrate","14":"product_tag-sapphire-crystal-substrate","15":"product_tag-sapphire-optical-material","16":"product_tag-sapphire-substrate-material","17":"product_tag-sapphire-wafer-blank","18":"product_tag-sapphire-wafer-for-epitaxy","19":"product_tag-semiconductor-substrate","20":"product_tag-single-crystal-al2o3-wafer","21":"product_tag-wire-sawn-sapphire-wafer","22":"desktop-align-left","23":"tablet-align-left","24":"mobile-align-left","25":"ast-product-gallery-layout-horizontal-slider","26":"ast-product-tabs-layout-horizontal","28":"first","29":"instock","30":"shipping-taxable","31":"product-type-simple"},"_links":{"self":[{"href":"https:\/\/www.zmsh-semitech.com\/de\/wp-json\/wp\/v2\/product\/2234","targetHints":{"allow":["GET"]}}],"collection":[{"href":"https:\/\/www.zmsh-semitech.com\/de\/wp-json\/wp\/v2\/product"}],"about":[{"href":"https:\/\/www.zmsh-semitech.com\/de\/wp-json\/wp\/v2\/types\/product"}],"replies":[{"embeddable":true,"href":"https:\/\/www.zmsh-semitech.com\/de\/wp-json\/wp\/v2\/comments?post=2234"}],"version-history":[{"count":3,"href":"https:\/\/www.zmsh-semitech.com\/de\/wp-json\/wp\/v2\/product\/2234\/revisions"}],"predecessor-version":[{"id":2242,"href":"https:\/\/www.zmsh-semitech.com\/de\/wp-json\/wp\/v2\/product\/2234\/revisions\/2242"}],"wp:featuredmedia":[{"embeddable":true,"href":"https:\/\/www.zmsh-semitech.com\/de\/wp-json\/wp\/v2\/media\/2235"}],"wp:attachment":[{"href":"https:\/\/www.zmsh-semitech.com\/de\/wp-json\/wp\/v2\/media?parent=2234"}],"wp:term":[{"taxonomy":"product_brand","embeddable":true,"href":"https:\/\/www.zmsh-semitech.com\/de\/wp-json\/wp\/v2\/product_brand?post=2234"},{"taxonomy":"product_cat","embeddable":true,"href":"https:\/\/www.zmsh-semitech.com\/de\/wp-json\/wp\/v2\/product_cat?post=2234"},{"taxonomy":"product_tag","embeddable":true,"href":"https:\/\/www.zmsh-semitech.com\/de\/wp-json\/wp\/v2\/product_tag?post=2234"}],"curies":[{"name":"wp","href":"https:\/\/api.w.org\/{rel}","templated":true}]}}