{"id":2226,"date":"2026-04-15T03:41:10","date_gmt":"2026-04-15T03:41:10","guid":{"rendered":"https:\/\/www.zmsh-semitech.com\/?post_type=product&#038;p=2226"},"modified":"2026-04-15T04:01:00","modified_gmt":"2026-04-15T04:01:00","slug":"wp-301d-double-side-wafer-grinding-machine-for-6-inch-semiconductor-materials-and-precision-lapping","status":"publish","type":"product","link":"https:\/\/www.zmsh-semitech.com\/de\/product\/wp-301d-double-side-wafer-grinding-machine-for-6-inch-semiconductor-materials-and-precision-lapping\/","title":{"rendered":"WP-301D Doppelseitige Wafer-Schleifmaschine f\u00fcr 6-Zoll-Halbleitermaterialien und Pr\u00e4zisionsl\u00e4ppen"},"content":{"rendered":"<p data-start=\"284\" data-end=\"683\"><img fetchpriority=\"high\" decoding=\"async\" class=\"alignright wp-image-2229\" src=\"https:\/\/www.zmsh-semitech.com\/wp-content\/uploads\/2026\/04\/WP-301D-Double-Side-Wafer-Grinding-Machine-for-6-Inch-Semiconductor-Materials-and-Precision-Lapping-1-300x300.png\" alt=\"WP-301D Doppelseitige Wafer-Schleifmaschine f\u00fcr 6-Zoll-Halbleitermaterialien und Pr\u00e4zisionsl\u00e4ppen\" width=\"283\" height=\"283\" srcset=\"https:\/\/www.zmsh-semitech.com\/wp-content\/uploads\/2026\/04\/WP-301D-Double-Side-Wafer-Grinding-Machine-for-6-Inch-Semiconductor-Materials-and-Precision-Lapping-1-300x300.png 300w, https:\/\/www.zmsh-semitech.com\/wp-content\/uploads\/2026\/04\/WP-301D-Double-Side-Wafer-Grinding-Machine-for-6-Inch-Semiconductor-Materials-and-Precision-Lapping-1-150x150.png 150w, https:\/\/www.zmsh-semitech.com\/wp-content\/uploads\/2026\/04\/WP-301D-Double-Side-Wafer-Grinding-Machine-for-6-Inch-Semiconductor-Materials-and-Precision-Lapping-1-768x768.png 768w, https:\/\/www.zmsh-semitech.com\/wp-content\/uploads\/2026\/04\/WP-301D-Double-Side-Wafer-Grinding-Machine-for-6-Inch-Semiconductor-Materials-and-Precision-Lapping-1-12x12.png 12w, https:\/\/www.zmsh-semitech.com\/wp-content\/uploads\/2026\/04\/WP-301D-Double-Side-Wafer-Grinding-Machine-for-6-Inch-Semiconductor-Materials-and-Precision-Lapping-1-600x600.png 600w, https:\/\/www.zmsh-semitech.com\/wp-content\/uploads\/2026\/04\/WP-301D-Double-Side-Wafer-Grinding-Machine-for-6-Inch-Semiconductor-Materials-and-Precision-Lapping-1-100x100.png 100w, https:\/\/www.zmsh-semitech.com\/wp-content\/uploads\/2026\/04\/WP-301D-Double-Side-Wafer-Grinding-Machine-for-6-Inch-Semiconductor-Materials-and-Precision-Lapping-1.png 1000w\" sizes=\"(max-width: 283px) 100vw, 283px\" \/>Die WP-301D Doppelseiten-Wafer-Schleifmaschine ist ein Hochpr\u00e4zisionssystem, das f\u00fcr das gleichzeitige doppelseitige Schleifen und Polieren von Halbleiterwafern und empfindlichen Materialien entwickelt wurde. Durch den Einsatz eines fortschrittlichen Planetengetriebesystems erm\u00f6glicht die Maschine einen gleichm\u00e4\u00dfigen Materialabtrag sowohl auf der Ober- als auch auf der Unterseite des Wafers, wodurch Ebenheit und Parallelit\u00e4t deutlich verbessert werden.<\/p>\n<p data-start=\"685\" data-end=\"996\">Die WP-301D wurde f\u00fcr 6-Zoll-Wafer (150 mm) und darunter entwickelt und wird h\u00e4ufig f\u00fcr die Bearbeitung von Verbindungshalbleitermaterialien wie CdZnTe (CZT), HgCdTe (MCT), GaAs, InP und InSb eingesetzt. Diese Materialien sind von entscheidender Bedeutung f\u00fcr Anwendungen wie Infraroterkennung, Optoelektronik und Hochfrequenzger\u00e4te.<\/p>\n<p data-start=\"998\" data-end=\"1200\">Mit ihrer robusten mechanischen Struktur, der Pr\u00e4zisionssteuerung und dem optimierten Spindeldesign gew\u00e4hrleistet die WP-301D eine hohe Effizienz, eine hervorragende Oberfl\u00e4chenqualit\u00e4t und eine stabile Leistung bei der Stapelverarbeitung.<\/p>\n<hr data-start=\"1202\" data-end=\"1205\" \/>\n<h2 data-section-id=\"m7ukan\" data-start=\"1207\" data-end=\"1250\">Hauptmerkmale und technische Vorteile<\/h2>\n<h3 data-section-id=\"1ggl47b\" data-start=\"1252\" data-end=\"1296\">Beidseitige, gleichzeitige Verarbeitung<\/h3>\n<p data-start=\"1297\" data-end=\"1372\">Die Maschine bearbeitet beide Seiten des Wafers gleichzeitig und stellt damit sicher:<\/p>\n<ul data-start=\"1373\" data-end=\"1463\">\n<li data-section-id=\"1i7ktds\" data-start=\"1373\" data-end=\"1406\">Verbesserte Gleichm\u00e4\u00dfigkeit der Dicke<\/li>\n<li data-section-id=\"1da8f9g\" data-start=\"1407\" data-end=\"1429\">Bessere Parallelit\u00e4t<\/li>\n<li data-section-id=\"12e74mo\" data-start=\"1430\" data-end=\"1463\">Verk\u00fcrzte Gesamtbearbeitungszeit<\/li>\n<\/ul>\n<h3 data-section-id=\"2t7dsg\" data-start=\"1465\" data-end=\"1501\">Planetengetriebe Bewegungssystem<\/h3>\n<p data-start=\"1502\" data-end=\"1689\">Das integrierte Sonnenrad- und Hohlradsystem kann entweder synchron oder unabh\u00e4ngig voneinander arbeiten, was eine flexible Prozesssteuerung und optimierte Schleifwege f\u00fcr unterschiedliche Materialien erm\u00f6glicht.<\/p>\n<h3 data-section-id=\"dbg2ti\" data-start=\"1691\" data-end=\"1728\">Hochpr\u00e4zises Spindelsystem<\/h3>\n<p data-start=\"1729\" data-end=\"1901\">Die WP-301D ist mit einer eingebetteten Hochpr\u00e4zisionsspindel ausgestattet, die eine stabile Rotation und minimale Vibrationen gew\u00e4hrleistet, was f\u00fcr eine gleichbleibende Oberfl\u00e4chenqualit\u00e4t unerl\u00e4sslich ist.<\/p>\n<h3 data-section-id=\"bbwmxj\" data-start=\"1903\" data-end=\"1944\">Real-Time Druckkontrollsystem<\/h3>\n<p data-start=\"1945\" data-end=\"2030\">Die Maschine verf\u00fcgt \u00fcber ein fortschrittliches Druckkontrollsystem mit geschlossenem Regelkreis, das es erm\u00f6glicht:<\/p>\n<ul data-start=\"2031\" data-end=\"2200\">\n<li data-section-id=\"5pkops\" data-start=\"2031\" data-end=\"2077\">Genaue Druckeinstellung (0,1 - 50 kg)<\/li>\n<li data-section-id=\"18clroc\" data-start=\"2078\" data-end=\"2200\">\u00dcberwachung in Echtzeit und automatische Korrektur<br data-start=\"2125\" data-end=\"2128\" \/>Dies garantiert einen gleichm\u00e4\u00dfigen Materialabtrag und verhindert ein \u00dcberpolieren.<\/li>\n<\/ul>\n<h3 data-section-id=\"mqy6u6\" data-start=\"2202\" data-end=\"2237\">Schwimmendes Design der oberen Platte<\/h3>\n<p data-start=\"2238\" data-end=\"2440\">Die obere Platte verf\u00fcgt \u00fcber eine schwimmende Verbindungsstruktur, die sicherstellt, dass sie w\u00e4hrend der Bearbeitung parallel zur unteren Platte bleibt. Dadurch wird die Ebenheit des Wafers erheblich verbessert und Dickenschwankungen werden reduziert.<\/p>\n<h2 data-section-id=\"8lu2ky\" data-start=\"2447\" data-end=\"2477\">Technische Daten<\/h2>\n<div class=\"TyagGW_tableContainer\">\n<div class=\"group TyagGW_tableWrapper flex flex-col-reverse w-fit\" tabindex=\"-1\">\n<table class=\"w-fit min-w-(--thread-content-width)\" data-start=\"2479\" data-end=\"2829\">\n<thead data-start=\"2479\" data-end=\"2503\">\n<tr data-start=\"2479\" data-end=\"2503\">\n<th class=\"\" data-start=\"2479\" data-end=\"2486\" data-col-size=\"sm\">Artikel<\/th>\n<th class=\"\" data-start=\"2486\" data-end=\"2503\" data-col-size=\"sm\">Spezifikation<\/th>\n<\/tr>\n<\/thead>\n<tbody data-start=\"2527\" data-end=\"2829\">\n<tr data-start=\"2527\" data-end=\"2570\">\n<td data-start=\"2527\" data-end=\"2544\" data-col-size=\"sm\">Gr\u00f6\u00dfe des Werkst\u00fccks<\/td>\n<td data-start=\"2544\" data-end=\"2570\" data-col-size=\"sm\">Bis zu \u00d8150 mm (6 Zoll)<\/td>\n<\/tr>\n<tr data-start=\"2571\" data-end=\"2605\">\n<td data-start=\"2571\" data-end=\"2591\" data-col-size=\"sm\">Untere Plattengeschwindigkeit<\/td>\n<td data-start=\"2591\" data-end=\"2605\" data-col-size=\"sm\">0 - 30 U\/min<\/td>\n<\/tr>\n<tr data-start=\"2606\" data-end=\"2658\">\n<td data-start=\"2606\" data-end=\"2624\" data-col-size=\"sm\">Verfahren zum Schleifen<\/td>\n<td data-start=\"2624\" data-end=\"2658\" data-col-size=\"sm\">Doppelseitiges Planetenschleifen<\/td>\n<\/tr>\n<tr data-start=\"2659\" data-end=\"2683\">\n<td data-start=\"2659\" data-end=\"2678\" data-col-size=\"sm\">Tr\u00e4ger Menge<\/td>\n<td data-start=\"2678\" data-end=\"2683\" data-col-size=\"sm\">5<\/td>\n<\/tr>\n<tr data-start=\"2684\" data-end=\"2716\">\n<td data-start=\"2684\" data-end=\"2701\" data-col-size=\"sm\">Druckbereich<\/td>\n<td data-start=\"2701\" data-end=\"2716\" data-col-size=\"sm\">0,1 - 50 kg<\/td>\n<\/tr>\n<tr data-start=\"2717\" data-end=\"2753\">\n<td data-start=\"2717\" data-end=\"2734\" data-col-size=\"sm\">Material der Platte<\/td>\n<td data-start=\"2734\" data-end=\"2753\" data-col-size=\"sm\">Glas\/Keramik<\/td>\n<\/tr>\n<tr data-start=\"2754\" data-end=\"2800\">\n<td data-start=\"2754\" data-end=\"2775\" data-col-size=\"sm\">Abmessungen der Maschine<\/td>\n<td data-start=\"2775\" data-end=\"2800\" data-col-size=\"sm\">1572 \u00d7 1053 \u00d7 2533 mm<\/td>\n<\/tr>\n<tr data-start=\"2801\" data-end=\"2829\">\n<td data-start=\"2801\" data-end=\"2810\" data-col-size=\"sm\">Gewicht<\/td>\n<td data-start=\"2810\" data-end=\"2829\" data-col-size=\"sm\">Ca. 2300 kg<\/td>\n<\/tr>\n<\/tbody>\n<\/table>\n<\/div>\n<\/div>\n<hr data-start=\"2831\" data-end=\"2834\" \/>\n<h2 data-section-id=\"13yq5fc\" data-start=\"2836\" data-end=\"2859\">Arbeitsprinzip<\/h2>\n<p data-start=\"2903\" data-end=\"3050\">Die WP-301D arbeitet mit einem Planetenbewegungsmechanismus, bei dem die Wafer in Tr\u00e4gern platziert werden, die sich zwischen der oberen und unteren Platte befinden.<\/p>\n<p data-start=\"3052\" data-end=\"3069\">W\u00e4hrend des Betriebs:<\/p>\n<ul data-start=\"3071\" data-end=\"3205\">\n<li data-section-id=\"307xpo\" data-start=\"3071\" data-end=\"3115\">Die untere Platte dreht sich kontinuierlich<\/li>\n<li data-section-id=\"155dzsx\" data-start=\"3116\" data-end=\"3156\">Das Sonnenrad treibt die Tr\u00e4ger an<\/li>\n<li data-section-id=\"1h7nv9d\" data-start=\"3157\" data-end=\"3205\">Das Hohlrad steuert die Drehbewegung<\/li>\n<\/ul>\n<p data-start=\"3207\" data-end=\"3357\">Diese Kombination erzeugt eine komplexe Relativbewegung zwischen dem Wafer und den Polierplatten, die einen gleichm\u00e4\u00dfigen Materialabtrag auf beiden Oberfl\u00e4chen gew\u00e4hrleistet.<\/p>\n<p data-start=\"3359\" data-end=\"3527\">Gleichzeitig h\u00e4lt das Druckkontrollsystem die Kraft konstant, w\u00e4hrend sich die schwimmende obere Platte dynamisch anpasst, um den parallelen Kontakt aufrechtzuerhalten. Das Ergebnis ist:<\/p>\n<ul data-start=\"3529\" data-end=\"3598\">\n<li data-section-id=\"5m7g9e\" data-start=\"3529\" data-end=\"3546\">Hohe Ebenheit<\/li>\n<li data-section-id=\"1uescvu\" data-start=\"3547\" data-end=\"3568\">Gleichm\u00e4\u00dfige Dicke<\/li>\n<li data-section-id=\"19qiivl\" data-start=\"3569\" data-end=\"3598\">Minimale Besch\u00e4digung des Untergrunds<\/li>\n<\/ul>\n<hr data-start=\"3600\" data-end=\"3603\" \/>\n<h2 data-section-id=\"4t5b8m\" data-start=\"3605\" data-end=\"3623\"><img decoding=\"async\" class=\"size-medium wp-image-2176 alignright\" src=\"https:\/\/www.zmsh-semitech.com\/wp-content\/uploads\/2026\/04\/silicon_carbide_wafer_4inch_hpsi_350um_widely_used_for_ar_glasses3-300x300.webp\" alt=\"\" width=\"300\" height=\"300\" srcset=\"https:\/\/www.zmsh-semitech.com\/wp-content\/uploads\/2026\/04\/silicon_carbide_wafer_4inch_hpsi_350um_widely_used_for_ar_glasses3-300x300.webp 300w, https:\/\/www.zmsh-semitech.com\/wp-content\/uploads\/2026\/04\/silicon_carbide_wafer_4inch_hpsi_350um_widely_used_for_ar_glasses3-150x150.webp 150w, https:\/\/www.zmsh-semitech.com\/wp-content\/uploads\/2026\/04\/silicon_carbide_wafer_4inch_hpsi_350um_widely_used_for_ar_glasses3-768x768.webp 768w, https:\/\/www.zmsh-semitech.com\/wp-content\/uploads\/2026\/04\/silicon_carbide_wafer_4inch_hpsi_350um_widely_used_for_ar_glasses3-12x12.webp 12w, https:\/\/www.zmsh-semitech.com\/wp-content\/uploads\/2026\/04\/silicon_carbide_wafer_4inch_hpsi_350um_widely_used_for_ar_glasses3-600x600.webp 600w, https:\/\/www.zmsh-semitech.com\/wp-content\/uploads\/2026\/04\/silicon_carbide_wafer_4inch_hpsi_350um_widely_used_for_ar_glasses3-100x100.webp 100w, https:\/\/www.zmsh-semitech.com\/wp-content\/uploads\/2026\/04\/silicon_carbide_wafer_4inch_hpsi_350um_widely_used_for_ar_glasses3.webp 800w\" sizes=\"(max-width: 300px) 100vw, 300px\" \/>Anwendungen<\/h2>\n<p data-start=\"3625\" data-end=\"3684\">Die WP-301D Doppelseitenschleifmaschine ist weit verbreitet in:<\/p>\n<ul data-start=\"3686\" data-end=\"3896\">\n<li data-section-id=\"lsdmsu\" data-start=\"3686\" data-end=\"3729\">Verarbeitung von Verbindungshalbleiter-Wafern<\/li>\n<li data-section-id=\"1re9cdn\" data-start=\"3730\" data-end=\"3763\">Infrarot-Materialien (CZT, MCT)<\/li>\n<li data-section-id=\"1kwz9qu\" data-start=\"3764\" data-end=\"3801\">III-V-Materialien (GaAs, InP, InSb)<\/li>\n<li data-section-id=\"qagg2f\" data-start=\"3802\" data-end=\"3849\">Optische Substrate und Pr\u00e4zisionskomponenten<\/li>\n<li data-section-id=\"ir3gdc\" data-start=\"3850\" data-end=\"3896\">Forschungslaboratorien und Serienproduktion<\/li>\n<\/ul>\n<p data-start=\"3898\" data-end=\"4021\">Es eignet sich besonders f\u00fcr zerbrechliche Materialien bis zu 6 Zoll, bei denen Pr\u00e4zision und Oberfl\u00e4chenintegrit\u00e4t entscheidend sind.<\/p>\n<hr data-start=\"4023\" data-end=\"4026\" \/>\n<h2 data-section-id=\"1116wfg\" data-start=\"4028\" data-end=\"4049\"><img decoding=\"async\" class=\"size-medium wp-image-2122 alignright\" src=\"https:\/\/www.zmsh-semitech.com\/wp-content\/uploads\/2026\/04\/Wafer-Back-Grinding-Machine-300x300.png\" alt=\"\" width=\"300\" height=\"300\" srcset=\"https:\/\/www.zmsh-semitech.com\/wp-content\/uploads\/2026\/04\/Wafer-Back-Grinding-Machine-300x300.png 300w, https:\/\/www.zmsh-semitech.com\/wp-content\/uploads\/2026\/04\/Wafer-Back-Grinding-Machine-150x150.png 150w, https:\/\/www.zmsh-semitech.com\/wp-content\/uploads\/2026\/04\/Wafer-Back-Grinding-Machine-768x768.png 768w, https:\/\/www.zmsh-semitech.com\/wp-content\/uploads\/2026\/04\/Wafer-Back-Grinding-Machine-12x12.png 12w, https:\/\/www.zmsh-semitech.com\/wp-content\/uploads\/2026\/04\/Wafer-Back-Grinding-Machine-600x600.png 600w, https:\/\/www.zmsh-semitech.com\/wp-content\/uploads\/2026\/04\/Wafer-Back-Grinding-Machine-100x100.png 100w, https:\/\/www.zmsh-semitech.com\/wp-content\/uploads\/2026\/04\/Wafer-Back-Grinding-Machine.png 1000w\" sizes=\"(max-width: 300px) 100vw, 300px\" \/>Wesentliche Vorteile<\/h2>\n<ul data-start=\"4051\" data-end=\"4440\">\n<li data-section-id=\"1ar7oz7\" data-start=\"4051\" data-end=\"4131\">Hoher Wirkungsgrad<br data-start=\"4072\" data-end=\"4075\" \/>Doppelseitige Bearbeitung reduziert die Gesamtbearbeitungszeit<\/li>\n<li data-section-id=\"1wr2j5g\" data-start=\"4133\" data-end=\"4202\">Hohe Pr\u00e4zision<br data-start=\"4153\" data-end=\"4156\" \/>Gew\u00e4hrleistet hervorragende Ebenheit und Parallelit\u00e4t<\/li>\n<li data-section-id=\"esn72i\" data-start=\"4204\" data-end=\"4283\">Prozess-Stabilit\u00e4t<br data-start=\"4227\" data-end=\"4230\" \/>Geschlossener Druckregelkreis verbessert die Konsistenz<\/li>\n<li data-section-id=\"1crbhdt\" data-start=\"4285\" data-end=\"4356\">Flexibler Betrieb<br data-start=\"4309\" data-end=\"4312\" \/>Unabh\u00e4ngige oder synchronisierte Getriebesteuerung<\/li>\n<li data-section-id=\"1hbjrp7\" data-start=\"4358\" data-end=\"4440\">Optimiert f\u00fcr zerbrechliche Materialien<br data-start=\"4395\" data-end=\"4398\" \/>Minimiert Spannungen und verhindert Rissbildung<\/li>\n<\/ul>\n<hr data-start=\"4442\" data-end=\"4445\" \/>\n<h2 data-section-id=\"w1cnyx\" data-start=\"4447\" data-end=\"4456\">FAQ<\/h2>\n<p data-start=\"4458\" data-end=\"4662\">Q1: Was ist der Hauptvorteil des doppelseitigen Schleifens?<br data-start=\"4517\" data-end=\"4520\" \/>A: Es erm\u00f6glicht die gleichzeitige Bearbeitung beider Waferoberfl\u00e4chen und verbessert die Ebenheit, Parallelit\u00e4t und Effizienz im Vergleich zum einseitigen Schleifen.<\/p>\n<p data-start=\"4664\" data-end=\"4820\">F2: Welche Materialien k\u00f6nnen verarbeitet werden?<br data-start=\"4704\" data-end=\"4707\" \/>A: Die Maschine ist geeignet f\u00fcr CZT, MCT, GaAs, InP, InSb und andere weiche und spr\u00f6de Halbleitermaterialien.<\/p>\n<p data-start=\"4822\" data-end=\"4924\">F3: Welche Wafergr\u00f6\u00dfe unterst\u00fctzt das WP-301D?<br data-start=\"4871\" data-end=\"4874\" \/>A: Er unterst\u00fctzt Wafer bis zu 150 mm (6 Zoll).<\/p>","protected":false},"excerpt":{"rendered":"<p>Die WP-301D Doppelseiten-Wafer-Schleifmaschine ist ein Hochpr\u00e4zisionssystem, das f\u00fcr das gleichzeitige doppelseitige Schleifen und Polieren von Halbleiterwafern und empfindlichen Materialien entwickelt wurde. Durch den Einsatz eines fortschrittlichen Planetengetriebesystems erm\u00f6glicht die Maschine einen gleichm\u00e4\u00dfigen Materialabtrag sowohl auf der Ober- als auch auf der Unterseite des Wafers, wodurch Ebenheit und Parallelit\u00e4t deutlich verbessert werden.<\/p>","protected":false},"featured_media":2229,"comment_status":"open","ping_status":"closed","template":"","meta":{"site-sidebar-layout":"default","site-content-layout":"","ast-site-content-layout":"default","site-content-style":"default","site-sidebar-style":"default","ast-global-header-display":"","ast-banner-title-visibility":"","ast-main-header-display":"","ast-hfb-above-header-display":"","ast-hfb-below-header-display":"","ast-hfb-mobile-header-display":"","site-post-title":"","ast-breadcrumbs-content":"","ast-featured-img":"","footer-sml-layout":"","ast-disable-related-posts":"","theme-transparent-header-meta":"default","adv-header-id-meta":"","stick-header-meta":"default","header-above-stick-meta":"","header-main-stick-meta":"","header-below-stick-meta":"","astra-migrate-meta-layouts":"set","ast-page-background-enabled":"default","ast-page-background-meta":{"desktop":{"background-color":"var(--ast-global-color-4)","background-image":"","background-repeat":"repeat","background-position":"center center","background-size":"auto","background-attachment":"scroll","background-type":"","background-media":"","overlay-type":"","overlay-color":"","overlay-opacity":"","overlay-gradient":""},"tablet":{"background-color":"","background-image":"","background-repeat":"repeat","background-position":"center center","background-size":"auto","background-attachment":"scroll","background-type":"","background-media":"","overlay-type":"","overlay-color":"","overlay-opacity":"","overlay-gradient":""},"mobile":{"background-color":"","background-image":"","background-repeat":"repeat","background-position":"center center","background-size":"auto","background-attachment":"scroll","background-type":"","background-media":"","overlay-type":"","overlay-color":"","overlay-opacity":"","overlay-gradient":""}},"ast-content-background-meta":{"desktop":{"background-color":"var(--ast-global-color-5)","background-image":"","background-repeat":"repeat","background-position":"center center","background-size":"auto","background-attachment":"scroll","background-type":"","background-media":"","overlay-type":"","overlay-color":"","overlay-opacity":"","overlay-gradient":""},"tablet":{"background-color":"var(--ast-global-color-5)","background-image":"","background-repeat":"repeat","background-position":"center center","background-size":"auto","background-attachment":"scroll","background-type":"","background-media":"","overlay-type":"","overlay-color":"","overlay-opacity":"","overlay-gradient":""},"mobile":{"background-color":"var(--ast-global-color-5)","background-image":"","background-repeat":"repeat","background-position":"center center","background-size":"auto","background-attachment":"scroll","background-type":"","background-media":"","overlay-type":"","overlay-color":"","overlay-opacity":"","overlay-gradient":""}}},"product_brand":[],"product_cat":[724],"product_tag":[1005,1017,1015,1012,1018,1016,1019,1014,1020,1013],"class_list":{"0":"post-2226","1":"product","2":"type-product","3":"status-publish","4":"has-post-thumbnail","6":"product_cat-grinding-machine","7":"product_tag-6-inch-wafer-grinding","8":"product_tag-czt-grinding-machine","9":"product_tag-double-side-polishing-machine","10":"product_tag-double-side-wafer-grinding-machine","11":"product_tag-gaas-wafer-polishing","12":"product_tag-planetary-lapping-system","13":"product_tag-precision-wafer-lapping","14":"product_tag-semiconductor-grinding-equipment","15":"product_tag-semiconductor-surface-grinding","16":"product_tag-wafer-lapping-machine","17":"desktop-align-left","18":"tablet-align-left","19":"mobile-align-left","20":"ast-product-gallery-layout-horizontal-slider","21":"ast-product-tabs-layout-horizontal","23":"first","24":"instock","25":"shipping-taxable","26":"product-type-simple"},"_links":{"self":[{"href":"https:\/\/www.zmsh-semitech.com\/de\/wp-json\/wp\/v2\/product\/2226","targetHints":{"allow":["GET"]}}],"collection":[{"href":"https:\/\/www.zmsh-semitech.com\/de\/wp-json\/wp\/v2\/product"}],"about":[{"href":"https:\/\/www.zmsh-semitech.com\/de\/wp-json\/wp\/v2\/types\/product"}],"replies":[{"embeddable":true,"href":"https:\/\/www.zmsh-semitech.com\/de\/wp-json\/wp\/v2\/comments?post=2226"}],"version-history":[{"count":5,"href":"https:\/\/www.zmsh-semitech.com\/de\/wp-json\/wp\/v2\/product\/2226\/revisions"}],"predecessor-version":[{"id":2233,"href":"https:\/\/www.zmsh-semitech.com\/de\/wp-json\/wp\/v2\/product\/2226\/revisions\/2233"}],"wp:featuredmedia":[{"embeddable":true,"href":"https:\/\/www.zmsh-semitech.com\/de\/wp-json\/wp\/v2\/media\/2229"}],"wp:attachment":[{"href":"https:\/\/www.zmsh-semitech.com\/de\/wp-json\/wp\/v2\/media?parent=2226"}],"wp:term":[{"taxonomy":"product_brand","embeddable":true,"href":"https:\/\/www.zmsh-semitech.com\/de\/wp-json\/wp\/v2\/product_brand?post=2226"},{"taxonomy":"product_cat","embeddable":true,"href":"https:\/\/www.zmsh-semitech.com\/de\/wp-json\/wp\/v2\/product_cat?post=2226"},{"taxonomy":"product_tag","embeddable":true,"href":"https:\/\/www.zmsh-semitech.com\/de\/wp-json\/wp\/v2\/product_tag?post=2226"}],"curies":[{"name":"wp","href":"https:\/\/api.w.org\/{rel}","templated":true}]}}