{"id":2215,"date":"2026-04-15T02:54:20","date_gmt":"2026-04-15T02:54:20","guid":{"rendered":"https:\/\/www.zmsh-semitech.com\/?post_type=product&#038;p=2215"},"modified":"2026-04-15T02:57:45","modified_gmt":"2026-04-15T02:57:45","slug":"wdp-1240-series-dry-polishing-machine","status":"publish","type":"product","link":"https:\/\/www.zmsh-semitech.com\/de\/product\/wdp-1240-series-dry-polishing-machine\/","title":{"rendered":"WDP-1240 Serie Trockenpoliermaschine f\u00fcr 300mm Wafer Stress Relief und R\u00fcckseitenbearbeitung"},"content":{"rendered":"<p data-start=\"281\" data-end=\"650\"><img fetchpriority=\"high\" decoding=\"async\" class=\"alignright wp-image-2217\" src=\"https:\/\/www.zmsh-semitech.com\/wp-content\/uploads\/2026\/04\/WDP-1240-Series-Dry-Polishing-Machine-for-300mm-Wafer-Stress-Relief-and-Backside-Processing-300x300.png\" alt=\"WDP-1240 Serie Trockenpoliermaschine f\u00fcr 300mm Wafer Stress Relief und R\u00fcckseitenbearbeitung\" width=\"290\" height=\"290\" srcset=\"https:\/\/www.zmsh-semitech.com\/wp-content\/uploads\/2026\/04\/WDP-1240-Series-Dry-Polishing-Machine-for-300mm-Wafer-Stress-Relief-and-Backside-Processing-300x300.png 300w, https:\/\/www.zmsh-semitech.com\/wp-content\/uploads\/2026\/04\/WDP-1240-Series-Dry-Polishing-Machine-for-300mm-Wafer-Stress-Relief-and-Backside-Processing-150x150.png 150w, https:\/\/www.zmsh-semitech.com\/wp-content\/uploads\/2026\/04\/WDP-1240-Series-Dry-Polishing-Machine-for-300mm-Wafer-Stress-Relief-and-Backside-Processing-768x768.png 768w, https:\/\/www.zmsh-semitech.com\/wp-content\/uploads\/2026\/04\/WDP-1240-Series-Dry-Polishing-Machine-for-300mm-Wafer-Stress-Relief-and-Backside-Processing-12x12.png 12w, https:\/\/www.zmsh-semitech.com\/wp-content\/uploads\/2026\/04\/WDP-1240-Series-Dry-Polishing-Machine-for-300mm-Wafer-Stress-Relief-and-Backside-Processing-600x600.png 600w, https:\/\/www.zmsh-semitech.com\/wp-content\/uploads\/2026\/04\/WDP-1240-Series-Dry-Polishing-Machine-for-300mm-Wafer-Stress-Relief-and-Backside-Processing-100x100.png 100w, https:\/\/www.zmsh-semitech.com\/wp-content\/uploads\/2026\/04\/WDP-1240-Series-Dry-Polishing-Machine-for-300mm-Wafer-Stress-Relief-and-Backside-Processing.png 1000w\" sizes=\"(max-width: 290px) 100vw, 290px\" \/>Die Trockenpoliermaschine der Serie WDP-1240 ist ein hochentwickeltes Pr\u00e4zisionssystem, das f\u00fcr die Spannungsentlastung der Waferr\u00fcckseite und die Entfernung von besch\u00e4digten Schichten in der Halbleiterfertigung entwickelt wurde. Diese speziell f\u00fcr die Bearbeitung von 300-mm-Wafern konzipierte Anlage nutzt ein Trockenpolierverfahren, um eine hochwertige Oberfl\u00e4chenbearbeitung zu erzielen und gleichzeitig die Umweltbelastung zu minimieren.<\/p>\n<p data-start=\"652\" data-end=\"959\">Dieses System eignet sich besonders f\u00fcr fortschrittliche Verpackungsanwendungen, bei denen die Ausd\u00fcnnung der Wafer und die Kontrolle der Spannungen entscheidend sind. Durch die effektive Entfernung von unter der Oberfl\u00e4che liegenden, durch Schleifprozesse verursachten Schadensschichten tr\u00e4gt das WDP-1240 zur Verbesserung der Waferintegrit\u00e4t, zur Verringerung des Verzugs und zur Erh\u00f6hung der mechanischen Festigkeit bei.<\/p>\n<p data-start=\"961\" data-end=\"1182\">Im Vergleich zu herk\u00f6mmlichen Nasspoliersystemen verhindert das Trockenverfahren die Verunreinigung durch Schl\u00e4mme und reduziert die Anforderungen an die Abfallbehandlung, was es zu einer umweltfreundlicheren und kosteneffizienteren L\u00f6sung macht.<\/p>\n<hr data-start=\"1184\" data-end=\"1187\" \/>\n<h2 data-section-id=\"m7ukan\" data-start=\"1189\" data-end=\"1232\">Hauptmerkmale und technische Vorteile<\/h2>\n<h3 data-section-id=\"capa5r\" data-start=\"1234\" data-end=\"1295\">Trockenpoliertechnik f\u00fcr geringe Umweltbelastung<\/h3>\n<p data-start=\"1296\" data-end=\"1491\">Die WDP-1240 arbeitet mit einem vollst\u00e4ndig trockenen Polierverfahren, so dass keine chemische Aufschl\u00e4mmung erforderlich ist. Dies reduziert die Umweltbelastung erheblich, vereinfacht die Wartung und senkt die Betriebskosten.<\/p>\n<h3 data-section-id=\"1awlizo\" data-start=\"1493\" data-end=\"1543\">Effizienter Stressabbau und Beseitigung von Sch\u00e4den<\/h3>\n<p data-start=\"1544\" data-end=\"1722\">Das System wurde entwickelt, um die Besch\u00e4digungsschicht auf der R\u00fcckseite nach dem Schleifen des Wafers zu entfernen und interne Spannungen abzubauen, wodurch die Ebenheit und strukturelle Stabilit\u00e4t des Wafers verbessert wird.<\/p>\n<h3 data-section-id=\"90fwyd\" data-start=\"1724\" data-end=\"1762\">Erh\u00f6hte Ausbeute f\u00fcr d\u00fcnne Wafer<\/h3>\n<p data-start=\"1763\" data-end=\"1827\">Durch die Minimierung der Spannungskonzentration hilft die Maschine zu verhindern:<\/p>\n<ul data-start=\"1828\" data-end=\"1876\">\n<li data-section-id=\"pus2hj\" data-start=\"1828\" data-end=\"1846\">Wafer-Rissbildung<\/li>\n<li data-section-id=\"wcbb49\" data-start=\"1847\" data-end=\"1864\">Kantenabsplitterung<\/li>\n<li data-section-id=\"bpnlvj\" data-start=\"1865\" data-end=\"1876\">Verzug<\/li>\n<\/ul>\n<p data-start=\"1878\" data-end=\"1965\">Dies f\u00fchrt zu einer h\u00f6heren Ausbeute, insbesondere bei gro\u00dfformatigen und ultrad\u00fcnnen Wafern.<\/p>\n<h3 data-section-id=\"98a0im\" data-start=\"1967\" data-end=\"2017\">Nahtlose Integration mit Durchforstungssystemen<\/h3>\n<p data-start=\"2018\" data-end=\"2217\">Die WDP-1240 kann in vorgelagerte Anlagen wie die automatische Waferschleifmaschine WG1251 integriert werden und erm\u00f6glicht so vollautomatische Produktionslinien mit sicherem und stabilem Wafertransfer zwischen den Prozessen.<\/p>\n<h3 data-section-id=\"1pvq7tz\" data-start=\"2219\" data-end=\"2265\">Stabile und robuste mechanische Struktur<\/h3>\n<p data-start=\"2266\" data-end=\"2435\">Das Ger\u00e4t ist mit einer einzigen Spindel, einem einzigen Spannfutter und einer Abrichteinheit ausgestattet, was eine konstante Polierleistung und langfristige Betriebsstabilit\u00e4t gew\u00e4hrleistet.<\/p>\n<hr data-start=\"2437\" data-end=\"2440\" \/>\n<h2 data-section-id=\"8lu2ky\" data-start=\"2442\" data-end=\"2472\">\u00a0Technische Daten<\/h2>\n<div class=\"TyagGW_tableContainer\">\n<div class=\"group TyagGW_tableWrapper flex flex-col-reverse w-fit\" tabindex=\"-1\">\n<table class=\"w-fit min-w-(--thread-content-width)\" data-start=\"2474\" data-end=\"2738\">\n<thead data-start=\"2474\" data-end=\"2498\">\n<tr data-start=\"2474\" data-end=\"2498\">\n<th class=\"\" data-start=\"2474\" data-end=\"2481\" data-col-size=\"sm\">Artikel<\/th>\n<th class=\"\" data-start=\"2481\" data-end=\"2498\" data-col-size=\"md\">Spezifikation<\/th>\n<\/tr>\n<\/thead>\n<tbody data-start=\"2522\" data-end=\"2738\">\n<tr data-start=\"2522\" data-end=\"2583\">\n<td data-start=\"2522\" data-end=\"2534\" data-col-size=\"sm\">Struktur<\/td>\n<td data-start=\"2534\" data-end=\"2583\" data-col-size=\"md\">Spindel \u00d71 \/ Futtertisch \u00d71 \/ Dressereinheit \u00d71<\/td>\n<\/tr>\n<tr data-start=\"2584\" data-end=\"2618\">\n<td data-start=\"2584\" data-end=\"2600\" data-col-size=\"sm\">Spindel Leistung<\/td>\n<td data-start=\"2600\" data-end=\"2618\" data-col-size=\"md\">7,5 kW \/ 11 kW<\/td>\n<\/tr>\n<tr data-start=\"2619\" data-end=\"2658\">\n<td data-start=\"2619\" data-end=\"2632\" data-col-size=\"sm\">Wafer Gr\u00f6\u00dfe<\/td>\n<td data-start=\"2632\" data-end=\"2658\" data-col-size=\"md\">Bis zu 12 Zoll (300 mm)<\/td>\n<\/tr>\n<tr data-start=\"2659\" data-end=\"2691\">\n<td data-start=\"2659\" data-end=\"2674\" data-col-size=\"sm\">Prozess-Typ<\/td>\n<td data-start=\"2674\" data-end=\"2691\" data-col-size=\"md\">Trockenes Polieren<\/td>\n<\/tr>\n<tr data-start=\"2692\" data-end=\"2738\">\n<td data-start=\"2692\" data-end=\"2713\" data-col-size=\"sm\">Abmessungen der Maschine<\/td>\n<td data-start=\"2713\" data-end=\"2738\" data-col-size=\"md\">1450 \u00d7 3380 \u00d7 1900 mm<\/td>\n<\/tr>\n<\/tbody>\n<\/table>\n<\/div>\n<\/div>\n<hr data-start=\"2740\" data-end=\"2743\" \/>\n<h2 data-section-id=\"13yq5fc\" data-start=\"2745\" data-end=\"2768\">Arbeitsprinzip<\/h2>\n<p data-start=\"2812\" data-end=\"2954\">Die WDP-1240 arbeitet durch kontrolliertes mechanisches Polieren der Waferr\u00fcckseite mit Hilfe einer Hochgeschwindigkeitsspindel und eines Pr\u00e4zisionsspannfuttersystems.<\/p>\n<p data-start=\"2956\" data-end=\"3193\">Nach dem Ausd\u00fcnnen der Wafer verbleibt oft eine besch\u00e4digte Schicht unter der Oberfl\u00e4che, die innere Spannungen verursacht. Beim Trockenpolieren wird diese Schicht entfernt, wobei der Druck und die Materialabtragungsrate streng kontrolliert werden. Das Ergebnis ist:<\/p>\n<ul data-start=\"3195\" data-end=\"3278\">\n<li data-section-id=\"1r1ex1w\" data-start=\"3195\" data-end=\"3222\">Gleichm\u00e4\u00dfige Oberfl\u00e4chenqualit\u00e4t<\/li>\n<li data-section-id=\"bhqqr1\" data-start=\"3223\" data-end=\"3250\">Reduzierte Eigenspannung<\/li>\n<li data-section-id=\"1iz8bdx\" data-start=\"3251\" data-end=\"3278\">Verbesserte Ebenheit der Wafer<\/li>\n<\/ul>\n<p data-start=\"3280\" data-end=\"3392\">Die integrierte Abrichteinheit sorgt daf\u00fcr, dass die Polierwerkzeuge w\u00e4hrend des gesamten Prozesses eine gleichbleibende Leistung erbringen.<\/p>\n<hr data-start=\"3394\" data-end=\"3397\" \/>\n<h2 data-section-id=\"1mpxdoq\" data-start=\"3399\" data-end=\"3422\"><img decoding=\"async\" class=\"size-medium wp-image-2171 alignright\" src=\"https:\/\/www.zmsh-semitech.com\/wp-content\/uploads\/2026\/04\/4inch_silicon_carbide_wafers-300x300.webp\" alt=\"\" width=\"300\" height=\"300\" srcset=\"https:\/\/www.zmsh-semitech.com\/wp-content\/uploads\/2026\/04\/4inch_silicon_carbide_wafers-300x300.webp 300w, https:\/\/www.zmsh-semitech.com\/wp-content\/uploads\/2026\/04\/4inch_silicon_carbide_wafers-150x150.webp 150w, https:\/\/www.zmsh-semitech.com\/wp-content\/uploads\/2026\/04\/4inch_silicon_carbide_wafers-768x768.webp 768w, https:\/\/www.zmsh-semitech.com\/wp-content\/uploads\/2026\/04\/4inch_silicon_carbide_wafers-12x12.webp 12w, https:\/\/www.zmsh-semitech.com\/wp-content\/uploads\/2026\/04\/4inch_silicon_carbide_wafers-600x600.webp 600w, https:\/\/www.zmsh-semitech.com\/wp-content\/uploads\/2026\/04\/4inch_silicon_carbide_wafers-100x100.webp 100w, https:\/\/www.zmsh-semitech.com\/wp-content\/uploads\/2026\/04\/4inch_silicon_carbide_wafers.webp 800w\" sizes=\"(max-width: 300px) 100vw, 300px\" \/>Anwendungsbereich<\/h2>\n<p data-start=\"3424\" data-end=\"3462\">Die WDP-1240-Serie ist weit verbreitet in:<\/p>\n<ul data-start=\"3464\" data-end=\"3675\">\n<li data-section-id=\"thioxr\" data-start=\"3464\" data-end=\"3507\">R\u00fcckseitenbearbeitung von Halbleiterwafern<\/li>\n<li data-section-id=\"1b52adm\" data-start=\"3508\" data-end=\"3557\">Fortschrittliche Geh\u00e4use (WLCSP, Fan-out-Geh\u00e4use)<\/li>\n<li data-section-id=\"1lhtczs\" data-start=\"3558\" data-end=\"3590\">Polieren von Silizium (Si)-Wafern<\/li>\n<li data-section-id=\"zqmbwb\" data-start=\"3591\" data-end=\"3633\">Verarbeitung von Siliziumkarbid (SiC)-Wafern<\/li>\n<li data-section-id=\"1xtbjfg\" data-start=\"3634\" data-end=\"3675\">Anwendungen zur Spannungsentlastung d\u00fcnner Wafer<\/li>\n<\/ul>\n<p data-start=\"3677\" data-end=\"3828\">Er unterst\u00fctzt Wafer mit einer Gr\u00f6\u00dfe von 12 Zoll und darunter und eignet sich damit sowohl f\u00fcr die Mainstream-Halbleiterproduktion als auch f\u00fcr neue fortschrittliche Verpackungstechnologien.<\/p>\n<hr data-start=\"3830\" data-end=\"3833\" \/>\n<h2 data-section-id=\"1116wfg\" data-start=\"3835\" data-end=\"3856\"><img decoding=\"async\" class=\"size-medium wp-image-2122 alignright\" src=\"https:\/\/www.zmsh-semitech.com\/wp-content\/uploads\/2026\/04\/Wafer-Back-Grinding-Machine-300x300.png\" alt=\"\" width=\"300\" height=\"300\" srcset=\"https:\/\/www.zmsh-semitech.com\/wp-content\/uploads\/2026\/04\/Wafer-Back-Grinding-Machine-300x300.png 300w, https:\/\/www.zmsh-semitech.com\/wp-content\/uploads\/2026\/04\/Wafer-Back-Grinding-Machine-150x150.png 150w, https:\/\/www.zmsh-semitech.com\/wp-content\/uploads\/2026\/04\/Wafer-Back-Grinding-Machine-768x768.png 768w, https:\/\/www.zmsh-semitech.com\/wp-content\/uploads\/2026\/04\/Wafer-Back-Grinding-Machine-12x12.png 12w, https:\/\/www.zmsh-semitech.com\/wp-content\/uploads\/2026\/04\/Wafer-Back-Grinding-Machine-600x600.png 600w, https:\/\/www.zmsh-semitech.com\/wp-content\/uploads\/2026\/04\/Wafer-Back-Grinding-Machine-100x100.png 100w, https:\/\/www.zmsh-semitech.com\/wp-content\/uploads\/2026\/04\/Wafer-Back-Grinding-Machine.png 1000w\" sizes=\"(max-width: 300px) 100vw, 300px\" \/>Wesentliche Vorteile<\/h2>\n<ul data-start=\"3858\" data-end=\"4293\">\n<li data-section-id=\"6czk3i\" data-start=\"3858\" data-end=\"3942\">Geringe Umweltbelastung<br data-start=\"3888\" data-end=\"3891\" \/>Trockenes Verfahren vermeidet Schlamm und reduziert Abfall<\/li>\n<li data-section-id=\"7ceake\" data-start=\"3944\" data-end=\"4024\">Hohe Renditeverbesserung<br data-start=\"3972\" data-end=\"3975\" \/>Minimiert die Rissbildung und den Verzug bei d\u00fcnnen Wafern<\/li>\n<li data-section-id=\"aztc7d\" data-start=\"4026\" data-end=\"4104\">Hohe Prozessstabilit\u00e4t<br data-start=\"4054\" data-end=\"4057\" \/>Robuste Struktur gew\u00e4hrleistet konsistente Ergebnisse<\/li>\n<li data-section-id=\"1viz6br\" data-start=\"4106\" data-end=\"4194\">Integration von Produktionslinien<br data-start=\"4139\" data-end=\"4142\" \/>Kompatibel mit automatischen Wafer-D\u00fcnnungssystemen<\/li>\n<li data-section-id=\"vz1nvb\" data-start=\"4196\" data-end=\"4293\">Optimiert f\u00fcr fortschrittliche Verpackungen<br data-start=\"4234\" data-end=\"4237\" \/>Entwickelt f\u00fcr Halbleiterprozesse der n\u00e4chsten Generation<\/li>\n<\/ul>\n<hr data-start=\"4295\" data-end=\"4298\" \/>\n<h2 data-section-id=\"w1cnyx\" data-start=\"4300\" data-end=\"4309\">FAQ<\/h2>\n<p data-start=\"4311\" data-end=\"4563\">F1: Was ist der Hauptvorteil des Trockenpolierens im Vergleich zum Nasspolieren?<br data-start=\"4389\" data-end=\"4392\" \/>A: Beim Trockenpolieren wird kein Schlamm mehr verwendet, was die Umweltbelastung verringert, die Wartung vereinfacht und die Betriebskosten bei gleichbleibend hoher Oberfl\u00e4chenqualit\u00e4t senkt.<\/p>\n<p data-start=\"4565\" data-end=\"4700\">F2: Welche Wafergr\u00f6\u00dfen werden unterst\u00fctzt?<br data-start=\"4604\" data-end=\"4607\" \/>A: Das WDP-1240 unterst\u00fctzt Wafer bis zu 12 Zoll (300 mm), einschlie\u00dflich Si- und SiC-Materialien.<\/p>\n<p data-start=\"4702\" data-end=\"4916\">F3: Kann diese Maschine in eine Produktionslinie integriert werden?<br data-start=\"4764\" data-end=\"4767\" \/>A: Ja. Es kann nahtlos mit Wafer-D\u00fcnnungsanlagen wie dem WG1251 verbunden werden, was einen automatisierten Wafertransfer und eine kontinuierliche Verarbeitung erm\u00f6glicht.<\/p>","protected":false},"excerpt":{"rendered":"<p>Die Trockenpoliermaschine der Serie WDP-1240 ist ein hochentwickeltes Pr\u00e4zisionssystem, das f\u00fcr die Spannungsentlastung der Waferr\u00fcckseite und die Entfernung von besch\u00e4digten Schichten in der Halbleiterfertigung entwickelt wurde. Diese speziell f\u00fcr die Bearbeitung von 300-mm-Wafern konzipierte Anlage nutzt ein Trockenpolierverfahren, um eine hochwertige Oberfl\u00e4chenbearbeitung zu erzielen und gleichzeitig die Umweltbelastung zu minimieren.<\/p>","protected":false},"featured_media":2217,"comment_status":"open","ping_status":"closed","template":"","meta":{"site-sidebar-layout":"default","site-content-layout":"","ast-site-content-layout":"default","site-content-style":"default","site-sidebar-style":"default","ast-global-header-display":"","ast-banner-title-visibility":"","ast-main-header-display":"","ast-hfb-above-header-display":"","ast-hfb-below-header-display":"","ast-hfb-mobile-header-display":"","site-post-title":"","ast-breadcrumbs-content":"","ast-featured-img":"","footer-sml-layout":"","ast-disable-related-posts":"","theme-transparent-header-meta":"default","adv-header-id-meta":"","stick-header-meta":"default","header-above-stick-meta":"","header-main-stick-meta":"","header-below-stick-meta":"","astra-migrate-meta-layouts":"set","ast-page-background-enabled":"default","ast-page-background-meta":{"desktop":{"background-color":"var(--ast-global-color-4)","background-image":"","background-repeat":"repeat","background-position":"center center","background-size":"auto","background-attachment":"scroll","background-type":"","background-media":"","overlay-type":"","overlay-color":"","overlay-opacity":"","overlay-gradient":""},"tablet":{"background-color":"","background-image":"","background-repeat":"repeat","background-position":"center center","background-size":"auto","background-attachment":"scroll","background-type":"","background-media":"","overlay-type":"","overlay-color":"","overlay-opacity":"","overlay-gradient":""},"mobile":{"background-color":"","background-image":"","background-repeat":"repeat","background-position":"center center","background-size":"auto","background-attachment":"scroll","background-type":"","background-media":"","overlay-type":"","overlay-color":"","overlay-opacity":"","overlay-gradient":""}},"ast-content-background-meta":{"desktop":{"background-color":"var(--ast-global-color-5)","background-image":"","background-repeat":"repeat","background-position":"center center","background-size":"auto","background-attachment":"scroll","background-type":"","background-media":"","overlay-type":"","overlay-color":"","overlay-opacity":"","overlay-gradient":""},"tablet":{"background-color":"var(--ast-global-color-5)","background-image":"","background-repeat":"repeat","background-position":"center center","background-size":"auto","background-attachment":"scroll","background-type":"","background-media":"","overlay-type":"","overlay-color":"","overlay-opacity":"","overlay-gradient":""},"mobile":{"background-color":"var(--ast-global-color-5)","background-image":"","background-repeat":"repeat","background-position":"center center","background-size":"auto","background-attachment":"scroll","background-type":"","background-media":"","overlay-type":"","overlay-color":"","overlay-opacity":"","overlay-gradient":""}}},"product_brand":[],"product_cat":[725],"product_tag":[995,1000,993,1001,996,997,999,998,994,1002],"class_list":{"0":"post-2215","1":"product","2":"type-product","3":"status-publish","4":"has-post-thumbnail","6":"product_cat-polishing-machine","7":"product_tag-300mm-wafer-polishing","8":"product_tag-advanced-packaging-equipment","9":"product_tag-dry-polishing-machine","10":"product_tag-dry-wafer-processing","11":"product_tag-semiconductor-polishing-machine","12":"product_tag-sic-wafer-polishing","13":"product_tag-stress-relief-polishing-machine","14":"product_tag-wafer-backside-polishing","15":"product_tag-wafer-polishing-equipment","16":"product_tag-wafer-thinning-line-equipment","17":"desktop-align-left","18":"tablet-align-left","19":"mobile-align-left","20":"ast-product-gallery-layout-horizontal-slider","21":"ast-product-gallery-with-no-image","22":"ast-product-tabs-layout-horizontal","24":"first","25":"instock","26":"shipping-taxable","27":"product-type-simple"},"_links":{"self":[{"href":"https:\/\/www.zmsh-semitech.com\/de\/wp-json\/wp\/v2\/product\/2215","targetHints":{"allow":["GET"]}}],"collection":[{"href":"https:\/\/www.zmsh-semitech.com\/de\/wp-json\/wp\/v2\/product"}],"about":[{"href":"https:\/\/www.zmsh-semitech.com\/de\/wp-json\/wp\/v2\/types\/product"}],"replies":[{"embeddable":true,"href":"https:\/\/www.zmsh-semitech.com\/de\/wp-json\/wp\/v2\/comments?post=2215"}],"version-history":[{"count":3,"href":"https:\/\/www.zmsh-semitech.com\/de\/wp-json\/wp\/v2\/product\/2215\/revisions"}],"predecessor-version":[{"id":2219,"href":"https:\/\/www.zmsh-semitech.com\/de\/wp-json\/wp\/v2\/product\/2215\/revisions\/2219"}],"wp:featuredmedia":[{"embeddable":true,"href":"https:\/\/www.zmsh-semitech.com\/de\/wp-json\/wp\/v2\/media\/2217"}],"wp:attachment":[{"href":"https:\/\/www.zmsh-semitech.com\/de\/wp-json\/wp\/v2\/media?parent=2215"}],"wp:term":[{"taxonomy":"product_brand","embeddable":true,"href":"https:\/\/www.zmsh-semitech.com\/de\/wp-json\/wp\/v2\/product_brand?post=2215"},{"taxonomy":"product_cat","embeddable":true,"href":"https:\/\/www.zmsh-semitech.com\/de\/wp-json\/wp\/v2\/product_cat?post=2215"},{"taxonomy":"product_tag","embeddable":true,"href":"https:\/\/www.zmsh-semitech.com\/de\/wp-json\/wp\/v2\/product_tag?post=2215"}],"curies":[{"name":"wp","href":"https:\/\/api.w.org\/{rel}","templated":true}]}}