{"id":2183,"date":"2026-04-14T05:20:25","date_gmt":"2026-04-14T05:20:25","guid":{"rendered":"https:\/\/www.zmsh-semitech.com\/?post_type=product&#038;p=2183"},"modified":"2026-04-14T05:20:28","modified_gmt":"2026-04-14T05:20:28","slug":"8-inch-sic-epitaxial-wafer","status":"publish","type":"product","link":"https:\/\/www.zmsh-semitech.com\/de\/product\/8-inch-sic-epitaxial-wafer\/","title":{"rendered":"8 Zoll 200mm SiC-Epitaxie-Wafer"},"content":{"rendered":"<p data-start=\"199\" data-end=\"476\"><img fetchpriority=\"high\" decoding=\"async\" class=\"alignright wp-image-2187 size-medium\" src=\"https:\/\/www.zmsh-semitech.com\/wp-content\/uploads\/2026\/04\/8_inch_sic_epitaxial_wafers_yield_and_efficiency_scalable_power_electronics-1-300x300.webp\" alt=\"8 Zoll 200mm SiC-Epitaxie-Wafer\" width=\"300\" height=\"300\" srcset=\"https:\/\/www.zmsh-semitech.com\/wp-content\/uploads\/2026\/04\/8_inch_sic_epitaxial_wafers_yield_and_efficiency_scalable_power_electronics-1-300x300.webp 300w, https:\/\/www.zmsh-semitech.com\/wp-content\/uploads\/2026\/04\/8_inch_sic_epitaxial_wafers_yield_and_efficiency_scalable_power_electronics-1-150x150.webp 150w, https:\/\/www.zmsh-semitech.com\/wp-content\/uploads\/2026\/04\/8_inch_sic_epitaxial_wafers_yield_and_efficiency_scalable_power_electronics-1-12x12.webp 12w, https:\/\/www.zmsh-semitech.com\/wp-content\/uploads\/2026\/04\/8_inch_sic_epitaxial_wafers_yield_and_efficiency_scalable_power_electronics-1-100x100.webp 100w, https:\/\/www.zmsh-semitech.com\/wp-content\/uploads\/2026\/04\/8_inch_sic_epitaxial_wafers_yield_and_efficiency_scalable_power_electronics-1.webp 593w\" sizes=\"(max-width: 300px) 100vw, 300px\" \/>Der 8-Zoll-SiC-Epitaxiewafer stellt den neuesten Fortschritt in der Halbleitertechnologie mit breiter Bandl\u00fccke dar. Aufgebaut auf einem 200-mm-SiC-Substrat mit einer hochwertigen Epitaxieschicht, ist dieses Produkt f\u00fcr die skalierbare, hocheffiziente Herstellung von Leistungsbauelementen konzipiert.<\/p>\n<p data-start=\"478\" data-end=\"759\">Im Vergleich zu kleineren Wafergr\u00f6\u00dfen bieten 8-Zoll-SiC-Wafer eine deutlich gr\u00f6\u00dfere Nutzfl\u00e4che, was eine h\u00f6here Bauelementleistung pro Wafer erm\u00f6glicht und die Kosten pro Chip senkt. Dies macht sie zu einer entscheidenden L\u00f6sung f\u00fcr Branchen, die auf eine gro\u00df angelegte Produktion von Siliziumkarbid-Leistungsbauelementen umstellen.<\/p>\n<p data-start=\"761\" data-end=\"1105\">SiC-Epitaxiewafer vereinen die Vorteile von Siliziumkarbid, wie z. B. die gro\u00dfe Bandl\u00fccke, das hohe elektrische Durchbruchsfeld und die hervorragende W\u00e4rmeleitf\u00e4higkeit, mit pr\u00e4zise kontrollierten Epitaxieschichten, die auf die Herstellung von Bauelementen zugeschnitten sind. Diese Wafer werden h\u00e4ufig in MOSFETs der n\u00e4chsten Generation, Schottky-Dioden und integrierten Leistungsmodulen eingesetzt.<\/p>\n<p data-start=\"761\" data-end=\"1105\">\n<h2 data-section-id=\"rkota4\" data-start=\"1112\" data-end=\"1133\">Wichtige Spezifikationen<\/h2>\n<div class=\"TyagGW_tableContainer\">\n<div class=\"group TyagGW_tableWrapper flex flex-col-reverse w-fit\" tabindex=\"-1\">\n<table class=\"w-fit min-w-(--thread-content-width)\" data-start=\"1135\" data-end=\"1545\">\n<thead data-start=\"1135\" data-end=\"1156\">\n<tr data-start=\"1135\" data-end=\"1156\">\n<th class=\"\" data-start=\"1135\" data-end=\"1147\" data-col-size=\"sm\">Parameter<\/th>\n<th class=\"\" data-start=\"1147\" data-end=\"1156\" data-col-size=\"sm\">Wert<\/th>\n<\/tr>\n<\/thead>\n<tbody data-start=\"1177\" data-end=\"1545\">\n<tr data-start=\"1177\" data-end=\"1204\">\n<td data-start=\"1177\" data-end=\"1188\" data-col-size=\"sm\">Durchmesser<\/td>\n<td data-col-size=\"sm\" data-start=\"1188\" data-end=\"1204\">200 \u00b1 0,5 mm<\/td>\n<\/tr>\n<tr data-start=\"1205\" data-end=\"1226\">\n<td data-start=\"1205\" data-end=\"1216\" data-col-size=\"sm\">Polytype<\/td>\n<td data-col-size=\"sm\" data-start=\"1216\" data-end=\"1226\">4H-SiC<\/td>\n<\/tr>\n<tr data-start=\"1227\" data-end=\"1257\">\n<td data-start=\"1227\" data-end=\"1247\" data-col-size=\"sm\">Leitf\u00e4higkeit Typ<\/td>\n<td data-col-size=\"sm\" data-start=\"1247\" data-end=\"1257\">N-Typ<\/td>\n<\/tr>\n<tr data-start=\"1258\" data-end=\"1285\">\n<td data-start=\"1258\" data-end=\"1270\" data-col-size=\"sm\">Dicke<\/td>\n<td data-col-size=\"sm\" data-start=\"1270\" data-end=\"1285\">700 \u00b1 50 \u03bcm<\/td>\n<\/tr>\n<tr data-start=\"1286\" data-end=\"1331\">\n<td data-start=\"1286\" data-end=\"1303\" data-col-size=\"sm\">Oberfl\u00e4che<\/td>\n<td data-col-size=\"sm\" data-start=\"1303\" data-end=\"1331\">CMP beidseitig poliert<\/td>\n<\/tr>\n<tr data-start=\"1332\" data-end=\"1369\">\n<td data-start=\"1332\" data-end=\"1346\" data-col-size=\"sm\">Orientierung<\/td>\n<td data-col-size=\"sm\" data-start=\"1346\" data-end=\"1369\">4,0\u00b0 au\u00dfermittig \u00b10,5\u00b0<\/td>\n<\/tr>\n<tr data-start=\"1370\" data-end=\"1408\">\n<td data-start=\"1370\" data-end=\"1378\" data-col-size=\"sm\">Kerbe<\/td>\n<td data-col-size=\"sm\" data-start=\"1378\" data-end=\"1408\">Standardausrichtung der Kerbe<\/td>\n<\/tr>\n<tr data-start=\"1409\" data-end=\"1450\">\n<td data-start=\"1409\" data-end=\"1424\" data-col-size=\"sm\">Kantenprofil<\/td>\n<td data-col-size=\"sm\" data-start=\"1424\" data-end=\"1450\">Fase \/ Abgerundete Kante<\/td>\n<\/tr>\n<tr data-start=\"1451\" data-end=\"1494\">\n<td data-start=\"1451\" data-end=\"1471\" data-col-size=\"sm\">Oberfl\u00e4chenrauhigkeit<\/td>\n<td data-col-size=\"sm\" data-start=\"1471\" data-end=\"1494\">Sub-Nanometer-Ebene<\/td>\n<\/tr>\n<tr data-start=\"1495\" data-end=\"1545\">\n<td data-start=\"1495\" data-end=\"1507\" data-col-size=\"sm\">Verpackung<\/td>\n<td data-col-size=\"sm\" data-start=\"1507\" data-end=\"1545\">Kassette oder Einzelwaffelbeh\u00e4lter<\/td>\n<\/tr>\n<\/tbody>\n<\/table>\n<\/div>\n<\/div>\n<p data-start=\"1547\" data-end=\"1567\">Typischer spezifischer Widerstand:<\/p>\n<ul data-start=\"1568\" data-end=\"1627\">\n<li data-section-id=\"c0wp38\" data-start=\"1568\" data-end=\"1596\">N-Typ: 0,015-0,028 \u03a9-cm<\/li>\n<li data-section-id=\"1a616df\" data-start=\"1597\" data-end=\"1627\">Halbisolierend: \u22651E7 \u03a9-cm<\/li>\n<\/ul>\n<p data-start=\"1629\" data-end=\"1646\">Verf\u00fcgbare Klassenstufen:<\/p>\n<ul data-start=\"1647\" data-end=\"1721\">\n<li data-section-id=\"1kj0dd2\" data-start=\"1647\" data-end=\"1665\">MPD-Nullnote<\/li>\n<li data-section-id=\"e77vy6\" data-start=\"1666\" data-end=\"1686\">Produktionsqualit\u00e4t<\/li>\n<li data-section-id=\"7brco4\" data-start=\"1687\" data-end=\"1705\">Forschungsnote<\/li>\n<li data-section-id=\"1czp2d1\" data-start=\"1706\" data-end=\"1721\">Dummy-Bewertung<\/li>\n<\/ul>\n<h2 data-section-id=\"1c4zomd\" data-start=\"1728\" data-end=\"1759\"><img decoding=\"async\" class=\"alignright wp-image-2186 size-medium\" src=\"https:\/\/www.zmsh-semitech.com\/wp-content\/uploads\/2026\/04\/8_inch_sic_epitaxial_wafers_yield_and_efficiency_scalable_power_electronics2-300x300.webp\" alt=\"8 Zoll 200mm SiC-Epitaxie-Wafer\" width=\"300\" height=\"300\" srcset=\"https:\/\/www.zmsh-semitech.com\/wp-content\/uploads\/2026\/04\/8_inch_sic_epitaxial_wafers_yield_and_efficiency_scalable_power_electronics2-300x300.webp 300w, https:\/\/www.zmsh-semitech.com\/wp-content\/uploads\/2026\/04\/8_inch_sic_epitaxial_wafers_yield_and_efficiency_scalable_power_electronics2-150x150.webp 150w, https:\/\/www.zmsh-semitech.com\/wp-content\/uploads\/2026\/04\/8_inch_sic_epitaxial_wafers_yield_and_efficiency_scalable_power_electronics2-768x768.webp 768w, https:\/\/www.zmsh-semitech.com\/wp-content\/uploads\/2026\/04\/8_inch_sic_epitaxial_wafers_yield_and_efficiency_scalable_power_electronics2-12x12.webp 12w, https:\/\/www.zmsh-semitech.com\/wp-content\/uploads\/2026\/04\/8_inch_sic_epitaxial_wafers_yield_and_efficiency_scalable_power_electronics2-600x600.webp 600w, https:\/\/www.zmsh-semitech.com\/wp-content\/uploads\/2026\/04\/8_inch_sic_epitaxial_wafers_yield_and_efficiency_scalable_power_electronics2-100x100.webp 100w, https:\/\/www.zmsh-semitech.com\/wp-content\/uploads\/2026\/04\/8_inch_sic_epitaxial_wafers_yield_and_efficiency_scalable_power_electronics2.webp 800w\" sizes=\"(max-width: 300px) 100vw, 300px\" \/>Epitaxieschicht-F\u00e4higkeiten<\/h2>\n<p data-start=\"1761\" data-end=\"1925\">Die Epitaxieschicht wird mittels fortschrittlicher chemischer Gasphasenabscheidung (CVD) erzeugt, was eine pr\u00e4zise Kontrolle der Dicke, der Dotierungskonzentration und der Gleichm\u00e4\u00dfigkeit erm\u00f6glicht.<\/p>\n<p data-start=\"1927\" data-end=\"1960\">Die verf\u00fcgbaren Anpassungen umfassen:<\/p>\n<ul data-start=\"1961\" data-end=\"2154\">\n<li data-section-id=\"1czjqdq\" data-start=\"1961\" data-end=\"1998\">N-Typ oder P-Typ Epitaxieschichten<\/li>\n<li data-section-id=\"m2ekyd\" data-start=\"1999\" data-end=\"2059\">Einstellbare Epi-Dicke f\u00fcr unterschiedliche Ger\u00e4testrukturen<\/li>\n<li data-section-id=\"1n6931\" data-start=\"2060\" data-end=\"2109\">Gleichm\u00e4\u00dfige Dotierungsprofile auf dem gesamten Wafer<\/li>\n<li data-section-id=\"14l0kap\" data-start=\"2110\" data-end=\"2154\">Geringe Defektdichte f\u00fcr hohe Ausbeute<\/li>\n<\/ul>\n<p data-start=\"2156\" data-end=\"2277\">Qualitativ hochwertige Epitaxie ist eine wesentliche Voraussetzung f\u00fcr eine stabile elektrische Leistung und langfristige Zuverl\u00e4ssigkeit von Leistungsbauelementen.<\/p>\n<h2 data-section-id=\"2gad1q\" data-start=\"2284\" data-end=\"2308\"><img decoding=\"async\" class=\"alignright wp-image-2185 size-medium\" src=\"https:\/\/www.zmsh-semitech.com\/wp-content\/uploads\/2026\/04\/8_inch_sic_epitaxial_wafers_yield_and_efficiency_scalable_power_electronics3-300x300.webp\" alt=\"8 Zoll 200mm SiC-Epitaxie-Wafer\" width=\"300\" height=\"300\" srcset=\"https:\/\/www.zmsh-semitech.com\/wp-content\/uploads\/2026\/04\/8_inch_sic_epitaxial_wafers_yield_and_efficiency_scalable_power_electronics3-300x300.webp 300w, https:\/\/www.zmsh-semitech.com\/wp-content\/uploads\/2026\/04\/8_inch_sic_epitaxial_wafers_yield_and_efficiency_scalable_power_electronics3-150x150.webp 150w, https:\/\/www.zmsh-semitech.com\/wp-content\/uploads\/2026\/04\/8_inch_sic_epitaxial_wafers_yield_and_efficiency_scalable_power_electronics3-768x768.webp 768w, https:\/\/www.zmsh-semitech.com\/wp-content\/uploads\/2026\/04\/8_inch_sic_epitaxial_wafers_yield_and_efficiency_scalable_power_electronics3-12x12.webp 12w, https:\/\/www.zmsh-semitech.com\/wp-content\/uploads\/2026\/04\/8_inch_sic_epitaxial_wafers_yield_and_efficiency_scalable_power_electronics3-600x600.webp 600w, https:\/\/www.zmsh-semitech.com\/wp-content\/uploads\/2026\/04\/8_inch_sic_epitaxial_wafers_yield_and_efficiency_scalable_power_electronics3-100x100.webp 100w, https:\/\/www.zmsh-semitech.com\/wp-content\/uploads\/2026\/04\/8_inch_sic_epitaxial_wafers_yield_and_efficiency_scalable_power_electronics3.webp 800w\" sizes=\"(max-width: 300px) 100vw, 300px\" \/>Herstellungsprozess<\/h2>\n<p data-start=\"2310\" data-end=\"2484\"><strong data-start=\"2310\" data-end=\"2335\">Vorbereitung des Substrats<\/strong><br data-start=\"2335\" data-end=\"2338\" \/>Hochreine monokristalline SiC-Substrate werden mit Hilfe von Hochtemperatur-Wachstumsmethoden hergestellt und poliert, um eine sehr geringe Oberfl\u00e4chenrauheit zu erzielen.<\/p>\n<p data-start=\"2486\" data-end=\"2667\"><strong data-start=\"2486\" data-end=\"2506\">Epitaxiales Wachstum<\/strong><br data-start=\"2506\" data-end=\"2509\" \/>Die Epitaxieschicht wird bei hoher Temperatur mit CVD-Anlagen abgeschieden, wodurch eine gleichm\u00e4\u00dfige Dicke und konsistente Materialeigenschaften auf dem 200-mm-Wafer gew\u00e4hrleistet werden.<\/p>\n<p data-start=\"2669\" data-end=\"2799\"><strong data-start=\"2669\" data-end=\"2687\">Dopingkontrolle<\/strong><br data-start=\"2687\" data-end=\"2690\" \/>W\u00e4hrend des Epitaxiewachstums wird eine pr\u00e4zise Dotierung vorgenommen, um die Anforderungen verschiedener Bauelementearchitekturen zu erf\u00fcllen.<\/p>\n<p data-start=\"2801\" data-end=\"2981\"><strong data-start=\"2801\" data-end=\"2829\">Metrologie und Inspektion<\/strong><br data-start=\"2829\" data-end=\"2832\" \/>Jeder Wafer wird umfassenden Tests unterzogen, einschlie\u00dflich Oberfl\u00e4chenanalyse, Defektkartierung und elektrischer Charakterisierung, um eine gleichbleibende Qualit\u00e4t zu gew\u00e4hrleisten.<\/p>\n<h2 data-section-id=\"1344z7h\" data-start=\"2988\" data-end=\"3001\">Vorteile<\/h2>\n<p data-start=\"3003\" data-end=\"3162\"><strong data-start=\"3003\" data-end=\"3029\">Skalierbare Fertigung<\/strong><br data-start=\"3029\" data-end=\"3032\" \/>Die 8-Zoll-Wafergr\u00f6\u00dfe erh\u00f6ht den Chipaussto\u00df pro Wafer erheblich, verbessert die Produktionseffizienz und senkt die Kosten pro Ger\u00e4t.<\/p>\n<p data-start=\"3164\" data-end=\"3306\"><strong data-start=\"3164\" data-end=\"3195\">Hocheffiziente Leistung<\/strong><br data-start=\"3195\" data-end=\"3198\" \/>Die Materialeigenschaften von SiC erm\u00f6glichen geringere Schaltverluste, eine h\u00f6here Leistungsdichte und eine verbesserte Energieeffizienz.<\/p>\n<p data-start=\"3308\" data-end=\"3456\"><strong data-start=\"3308\" data-end=\"3340\">Ausgezeichnetes W\u00e4rmemanagement<\/strong><br data-start=\"3340\" data-end=\"3343\" \/>Die hohe W\u00e4rmeleitf\u00e4higkeit unterst\u00fctzt den stabilen Betrieb unter hohen Leistungsbedingungen und reduziert den K\u00fchlungsbedarf.<\/p>\n<p data-start=\"3458\" data-end=\"3581\"><strong data-start=\"3458\" data-end=\"3480\">Geringe Defektdichte<\/strong><br data-start=\"3480\" data-end=\"3483\" \/>Fortschrittliche Kristallz\u00fcchtungs- und Epitaxieverfahren gew\u00e4hrleisten eine hohe Ausbeute und eine zuverl\u00e4ssige Leistung der Bauelemente.<\/p>\n<p data-start=\"3583\" data-end=\"3737\"><strong data-start=\"3583\" data-end=\"3608\">Zukunftssichere Plattform<\/strong><br data-start=\"3608\" data-end=\"3611\" \/>8-Zoll-SiC-Wafer entsprechen dem Trend der Halbleiterindustrie zu gr\u00f6\u00dferen Waferformaten und automatisierter Massenproduktion.<\/p>\n<p data-start=\"3583\" data-end=\"3737\"><img loading=\"lazy\" decoding=\"async\" class=\"wp-image-2178 size-large aligncenter\" src=\"https:\/\/www.zmsh-semitech.com\/wp-content\/uploads\/2026\/04\/applications-1-1024x683.png\" alt=\"\" width=\"1024\" height=\"683\" srcset=\"https:\/\/www.zmsh-semitech.com\/wp-content\/uploads\/2026\/04\/applications-1-1024x683.png 1024w, https:\/\/www.zmsh-semitech.com\/wp-content\/uploads\/2026\/04\/applications-1-300x200.png 300w, https:\/\/www.zmsh-semitech.com\/wp-content\/uploads\/2026\/04\/applications-1-768x512.png 768w, https:\/\/www.zmsh-semitech.com\/wp-content\/uploads\/2026\/04\/applications-1-18x12.png 18w, https:\/\/www.zmsh-semitech.com\/wp-content\/uploads\/2026\/04\/applications-1-600x400.png 600w, https:\/\/www.zmsh-semitech.com\/wp-content\/uploads\/2026\/04\/applications-1.png 1536w\" sizes=\"(max-width: 1024px) 100vw, 1024px\" \/><\/p>\n<h2 data-section-id=\"mu966k\" data-start=\"3744\" data-end=\"3759\">Anwendungen<\/h2>\n<p data-start=\"3761\" data-end=\"3946\"><strong data-start=\"3761\" data-end=\"3782\">Elektrisch betriebene Fahrzeuge<\/strong><br data-start=\"3782\" data-end=\"3785\" \/>Einsatz in Antriebswechselrichtern, Onboard-Ladeger\u00e4ten und DC-DC-Wandlern. Die gr\u00f6\u00dfere Wafergr\u00f6\u00dfe unterst\u00fctzt die Massenproduktion von hocheffizienten Stromversorgungsger\u00e4ten f\u00fcr EV-Plattformen.<\/p>\n<p data-start=\"3948\" data-end=\"4103\"><strong data-start=\"3948\" data-end=\"3976\">Erneuerbare Energiesysteme<\/strong><br data-start=\"3976\" data-end=\"3979\" \/>Wird in Solarwechselrichtern und Windkraftanlagen eingesetzt, wo Effizienz und Zuverl\u00e4ssigkeit f\u00fcr den langfristigen Betrieb entscheidend sind.<\/p>\n<p data-start=\"4105\" data-end=\"4257\"><strong data-start=\"4105\" data-end=\"4137\">Industrielle Leistungselektronik<\/strong><br data-start=\"4137\" data-end=\"4140\" \/>Unterst\u00fctzt Motorantriebe, Automatisierungssysteme und Hochleistungsger\u00e4te, die eine stabile und effiziente Energieumwandlung erfordern.<\/p>\n<p data-start=\"4259\" data-end=\"4390\"><strong data-start=\"4259\" data-end=\"4287\">5G und RF-Infrastruktur<\/strong><br data-start=\"4287\" data-end=\"4290\" \/>Erm\u00f6glicht Hochfrequenz- und Hochleistungs-HF-Komponenten, die in Kommunikationssystemen und Basisstationen eingesetzt werden.<\/p>\n<p data-start=\"4392\" data-end=\"4499\"><strong data-start=\"4392\" data-end=\"4422\">Leistungselektronik f\u00fcr Verbraucher<\/strong><br data-start=\"4422\" data-end=\"4425\" \/>Verwendung in kompakten, hocheffizienten Stromversorgungen und Schnellladesystemen.<\/p>\n<h2 data-section-id=\"1hryhf7\" data-start=\"4506\" data-end=\"4512\">FAQ<\/h2>\n<p data-start=\"4514\" data-end=\"4720\">Q1: Was ist der Hauptvorteil von 8-Zoll-SiC-Wafern?<br data-start=\"4565\" data-end=\"4568\" \/>Durch die gr\u00f6\u00dfere Wafergr\u00f6\u00dfe erh\u00f6ht sich die Anzahl der Chips pro Wafer, was die Herstellungskosten pro Ger\u00e4t erheblich senkt und die Produktionseffizienz verbessert.<\/p>\n<p data-start=\"4722\" data-end=\"4909\">F2: Ist die 8-Zoll-SiC-Technologie ausgereift?<br data-start=\"4757\" data-end=\"4760\" \/>Sie befindet sich derzeit in der \u00dcbergangsphase von der Pilotproduktion zur Massenproduktion und wird zunehmend in der modernen Halbleiterfertigung eingesetzt.<\/p>\n<p data-start=\"4911\" data-end=\"5060\">F3: K\u00f6nnen Epitaxieschichten individuell angepasst werden?<br data-start=\"4949\" data-end=\"4952\" \/>Ja, die Art der Dotierung, die Dicke und die elektrischen Eigenschaften k\u00f6nnen auf die spezifischen Anforderungen der Ger\u00e4te zugeschnitten werden.<\/p>\n<p data-start=\"5062\" data-end=\"5238\">F4: Sind die bestehenden Produktionslinien mit 8-Zoll-Wafern kompatibel?<br data-start=\"5125\" data-end=\"5128\" \/>M\u00f6glicherweise m\u00fcssen einige Anlagen aufger\u00fcstet werden, aber viele moderne Fabriken bereiten sich bereits auf die 200-mm-SiC-Verarbeitung vor.<\/p>","protected":false},"excerpt":{"rendered":"<p>Der 8-Zoll-SiC-Epitaxiewafer stellt den neuesten Fortschritt in der Halbleitertechnologie mit breiter Bandl\u00fccke dar. Aufgebaut auf einem 200-mm-SiC-Substrat mit einer hochwertigen Epitaxieschicht, ist dieses Produkt f\u00fcr die skalierbare, hocheffiziente Herstellung von Leistungsbauelementen konzipiert.<\/p>","protected":false},"featured_media":2184,"comment_status":"open","ping_status":"closed","template":"","meta":{"site-sidebar-layout":"default","site-content-layout":"","ast-site-content-layout":"default","site-content-style":"default","site-sidebar-style":"default","ast-global-header-display":"","ast-banner-title-visibility":"","ast-main-header-display":"","ast-hfb-above-header-display":"","ast-hfb-below-header-display":"","ast-hfb-mobile-header-display":"","site-post-title":"","ast-breadcrumbs-content":"","ast-featured-img":"","footer-sml-layout":"","ast-disable-related-posts":"","theme-transparent-header-meta":"default","adv-header-id-meta":"","stick-header-meta":"default","header-above-stick-meta":"","header-main-stick-meta":"","header-below-stick-meta":"","astra-migrate-meta-layouts":"set","ast-page-background-enabled":"default","ast-page-background-meta":{"desktop":{"background-color":"var(--ast-global-color-4)","background-image":"","background-repeat":"repeat","background-position":"center center","background-size":"auto","background-attachment":"scroll","background-type":"","background-media":"","overlay-type":"","overlay-color":"","overlay-opacity":"","overlay-gradient":""},"tablet":{"background-color":"","background-image":"","background-repeat":"repeat","background-position":"center center","background-size":"auto","background-attachment":"scroll","background-type":"","background-media":"","overlay-type":"","overlay-color":"","overlay-opacity":"","overlay-gradient":""},"mobile":{"background-color":"","background-image":"","background-repeat":"repeat","background-position":"center center","background-size":"auto","background-attachment":"scroll","background-type":"","background-media":"","overlay-type":"","overlay-color":"","overlay-opacity":"","overlay-gradient":""}},"ast-content-background-meta":{"desktop":{"background-color":"var(--ast-global-color-5)","background-image":"","background-repeat":"repeat","background-position":"center center","background-size":"auto","background-attachment":"scroll","background-type":"","background-media":"","overlay-type":"","overlay-color":"","overlay-opacity":"","overlay-gradient":""},"tablet":{"background-color":"var(--ast-global-color-5)","background-image":"","background-repeat":"repeat","background-position":"center center","background-size":"auto","background-attachment":"scroll","background-type":"","background-media":"","overlay-type":"","overlay-color":"","overlay-opacity":"","overlay-gradient":""},"mobile":{"background-color":"var(--ast-global-color-5)","background-image":"","background-repeat":"repeat","background-position":"center center","background-size":"auto","background-attachment":"scroll","background-type":"","background-media":"","overlay-type":"","overlay-color":"","overlay-opacity":"","overlay-gradient":""}}},"product_brand":[],"product_cat":[729],"product_tag":[944,735,947,945,943,933,946,948,692],"class_list":{"0":"post-2183","1":"product","2":"type-product","3":"status-publish","4":"has-post-thumbnail","6":"product_cat-wafer","7":"product_tag-200mm-silicon-carbide-wafer","8":"product_tag-8-inch-sic-wafer","9":"product_tag-high-efficiency-power-electronics","10":"product_tag-sic-epi-wafer","11":"product_tag-sic-epitaxial-wafer","12":"product_tag-sic-mosfet-wafer","13":"product_tag-sic-power-device-substrate","14":"product_tag-silicon-carbide-epitaxy","15":"product_tag-wide-bandgap-semiconductor","16":"desktop-align-left","17":"tablet-align-left","18":"mobile-align-left","19":"ast-product-gallery-layout-horizontal-slider","20":"ast-product-tabs-layout-horizontal","22":"first","23":"instock","24":"shipping-taxable","25":"product-type-simple"},"_links":{"self":[{"href":"https:\/\/www.zmsh-semitech.com\/de\/wp-json\/wp\/v2\/product\/2183","targetHints":{"allow":["GET"]}}],"collection":[{"href":"https:\/\/www.zmsh-semitech.com\/de\/wp-json\/wp\/v2\/product"}],"about":[{"href":"https:\/\/www.zmsh-semitech.com\/de\/wp-json\/wp\/v2\/types\/product"}],"replies":[{"embeddable":true,"href":"https:\/\/www.zmsh-semitech.com\/de\/wp-json\/wp\/v2\/comments?post=2183"}],"version-history":[{"count":1,"href":"https:\/\/www.zmsh-semitech.com\/de\/wp-json\/wp\/v2\/product\/2183\/revisions"}],"predecessor-version":[{"id":2188,"href":"https:\/\/www.zmsh-semitech.com\/de\/wp-json\/wp\/v2\/product\/2183\/revisions\/2188"}],"wp:featuredmedia":[{"embeddable":true,"href":"https:\/\/www.zmsh-semitech.com\/de\/wp-json\/wp\/v2\/media\/2184"}],"wp:attachment":[{"href":"https:\/\/www.zmsh-semitech.com\/de\/wp-json\/wp\/v2\/media?parent=2183"}],"wp:term":[{"taxonomy":"product_brand","embeddable":true,"href":"https:\/\/www.zmsh-semitech.com\/de\/wp-json\/wp\/v2\/product_brand?post=2183"},{"taxonomy":"product_cat","embeddable":true,"href":"https:\/\/www.zmsh-semitech.com\/de\/wp-json\/wp\/v2\/product_cat?post=2183"},{"taxonomy":"product_tag","embeddable":true,"href":"https:\/\/www.zmsh-semitech.com\/de\/wp-json\/wp\/v2\/product_tag?post=2183"}],"curies":[{"name":"wp","href":"https:\/\/api.w.org\/{rel}","templated":true}]}}