{"id":2173,"date":"2026-04-14T03:08:56","date_gmt":"2026-04-14T03:08:56","guid":{"rendered":"https:\/\/www.zmsh-semitech.com\/?post_type=product&#038;p=2173"},"modified":"2026-04-14T03:08:59","modified_gmt":"2026-04-14T03:08:59","slug":"4-inch-100mm-hpsi-silicon-carbide-wafer","status":"publish","type":"product","link":"https:\/\/www.zmsh-semitech.com\/de\/product\/4-inch-100mm-hpsi-silicon-carbide-wafer\/","title":{"rendered":"4 Zoll 100mm HPSI Siliziumkarbid-Wafer"},"content":{"rendered":"<p data-start=\"202\" data-end=\"487\"><img fetchpriority=\"high\" decoding=\"async\" class=\"alignright wp-image-2177 size-medium\" src=\"https:\/\/www.zmsh-semitech.com\/wp-content\/uploads\/2026\/04\/silicon_carbide_wafer_4inch_hpsi_350um_widely_used_for_ar_glasses2-300x300.webp\" alt=\"4 Zoll 100mm HPSI Siliziumkarbid-Wafer\" width=\"300\" height=\"300\" srcset=\"https:\/\/www.zmsh-semitech.com\/wp-content\/uploads\/2026\/04\/silicon_carbide_wafer_4inch_hpsi_350um_widely_used_for_ar_glasses2-300x300.webp 300w, https:\/\/www.zmsh-semitech.com\/wp-content\/uploads\/2026\/04\/silicon_carbide_wafer_4inch_hpsi_350um_widely_used_for_ar_glasses2-150x150.webp 150w, https:\/\/www.zmsh-semitech.com\/wp-content\/uploads\/2026\/04\/silicon_carbide_wafer_4inch_hpsi_350um_widely_used_for_ar_glasses2-768x768.webp 768w, https:\/\/www.zmsh-semitech.com\/wp-content\/uploads\/2026\/04\/silicon_carbide_wafer_4inch_hpsi_350um_widely_used_for_ar_glasses2-12x12.webp 12w, https:\/\/www.zmsh-semitech.com\/wp-content\/uploads\/2026\/04\/silicon_carbide_wafer_4inch_hpsi_350um_widely_used_for_ar_glasses2-600x600.webp 600w, https:\/\/www.zmsh-semitech.com\/wp-content\/uploads\/2026\/04\/silicon_carbide_wafer_4inch_hpsi_350um_widely_used_for_ar_glasses2-100x100.webp 100w, https:\/\/www.zmsh-semitech.com\/wp-content\/uploads\/2026\/04\/silicon_carbide_wafer_4inch_hpsi_350um_widely_used_for_ar_glasses2.webp 800w\" sizes=\"(max-width: 300px) 100vw, 300px\" \/>Der 4-Zoll-HPSI-Siliziumkarbid-Wafer ist ein hochreines halbisolierendes Substrat, das f\u00fcr fortschrittliche RF-, Mikrowellen- und optoelektronische Anwendungen entwickelt wurde. HPSI steht f\u00fcr hochreines halbisolierendes Material, das sich durch einen extrem hohen spezifischen Widerstand und eine hervorragende elektrische Isolierung auszeichnet.<\/p>\n<p data-start=\"489\" data-end=\"899\">Siliziumkarbid ist ein Halbleiter mit breiter Bandl\u00fccke, der aus Silizium und Kohlenstoff besteht. Im Vergleich zu herk\u00f6mmlichen Siliziumwafern bietet es eine bessere W\u00e4rmeleitf\u00e4higkeit, ein h\u00f6heres elektrisches Durchbruchsfeld und eine bessere Leistung unter extremen Betriebsbedingungen. In halbisolierender Form reduziert SiC die parasit\u00e4re Leitung erheblich, was es zu einer idealen Plattform f\u00fcr elektronische Ger\u00e4te mit hoher Frequenz und hoher Leistung macht.<\/p>\n<p data-start=\"901\" data-end=\"1198\">Dieses 4-Zoll-Waferformat wird aufgrund seines ausgewogenen Verh\u00e4ltnisses zwischen Kosten, Reifegrad und Prozesskompatibilit\u00e4t sowohl in der Forschung als auch in der industriellen Produktion h\u00e4ufig eingesetzt. Es eignet sich besonders f\u00fcr HF-Ger\u00e4te, 5G-Kommunikationssysteme, Radarmodule und neue optische Technologien wie AR-Wellenleiterkomponenten.<\/p>\n<h2 data-section-id=\"1a3ueyz\" data-start=\"1205\" data-end=\"1222\">Spezifikationen<\/h2>\n<div class=\"TyagGW_tableContainer\">\n<div class=\"group TyagGW_tableWrapper flex flex-col-reverse w-fit\" tabindex=\"-1\">\n<table class=\"w-fit min-w-(--thread-content-width)\" data-start=\"1224\" data-end=\"1626\">\n<thead data-start=\"1224\" data-end=\"1245\">\n<tr data-start=\"1224\" data-end=\"1245\">\n<th class=\"\" data-start=\"1224\" data-end=\"1236\" data-col-size=\"sm\">Parameter<\/th>\n<th class=\"\" data-start=\"1236\" data-end=\"1245\" data-col-size=\"sm\">Wert<\/th>\n<\/tr>\n<\/thead>\n<tbody data-start=\"1266\" data-end=\"1626\">\n<tr data-start=\"1266\" data-end=\"1293\">\n<td data-start=\"1266\" data-end=\"1277\" data-col-size=\"sm\">Durchmesser<\/td>\n<td data-col-size=\"sm\" data-start=\"1277\" data-end=\"1293\">100 \u00b1 0,5 mm<\/td>\n<\/tr>\n<tr data-start=\"1294\" data-end=\"1316\">\n<td data-start=\"1294\" data-end=\"1306\" data-col-size=\"sm\">Dicke<\/td>\n<td data-col-size=\"sm\" data-start=\"1306\" data-end=\"1316\">350 \u03bcm<\/td>\n<\/tr>\n<tr data-start=\"1317\" data-end=\"1350\">\n<td data-start=\"1317\" data-end=\"1328\" data-col-size=\"sm\">Material<\/td>\n<td data-col-size=\"sm\" data-start=\"1328\" data-end=\"1350\">SiC-Einkristall<\/td>\n<\/tr>\n<tr data-start=\"1351\" data-end=\"1384\">\n<td data-start=\"1351\" data-end=\"1358\" data-col-size=\"sm\">Typ<\/td>\n<td data-col-size=\"sm\" data-start=\"1358\" data-end=\"1384\">HPSI (halb-isolierend)<\/td>\n<\/tr>\n<tr data-start=\"1385\" data-end=\"1423\">\n<td data-start=\"1385\" data-end=\"1399\" data-col-size=\"sm\">Widerstandsf\u00e4higkeit<\/td>\n<td data-col-size=\"sm\" data-start=\"1399\" data-end=\"1423\">\u22651E5 bis \u22651E10 Ohm-cm<\/td>\n<\/tr>\n<tr data-start=\"1424\" data-end=\"1463\">\n<td data-start=\"1424\" data-end=\"1444\" data-col-size=\"sm\">Oberfl\u00e4chenrauhigkeit<\/td>\n<td data-col-size=\"sm\" data-start=\"1444\" data-end=\"1463\">CMP Ra \u2264 0,2 nm<\/td>\n<\/tr>\n<tr data-start=\"1464\" data-end=\"1481\">\n<td data-start=\"1464\" data-end=\"1470\" data-col-size=\"sm\">TTV<\/td>\n<td data-col-size=\"sm\" data-start=\"1470\" data-end=\"1481\">\u2264 10 \u03bcm<\/td>\n<\/tr>\n<tr data-start=\"1482\" data-end=\"1500\">\n<td data-start=\"1482\" data-end=\"1489\" data-col-size=\"sm\">Warp<\/td>\n<td data-start=\"1489\" data-end=\"1500\" data-col-size=\"sm\">\u2264 30 \u03bcm<\/td>\n<\/tr>\n<tr data-start=\"1501\" data-end=\"1553\">\n<td data-start=\"1501\" data-end=\"1515\" data-col-size=\"sm\">Orientierung<\/td>\n<td data-col-size=\"sm\" data-start=\"1515\" data-end=\"1553\">Optionen f\u00fcr die Achse  oder f\u00fcr den Off-Axis-Bereich<\/td>\n<\/tr>\n<tr data-start=\"1554\" data-end=\"1584\">\n<td data-start=\"1554\" data-end=\"1561\" data-col-size=\"sm\">Kante<\/td>\n<td data-col-size=\"sm\" data-start=\"1561\" data-end=\"1584\">Standard SEMI-Fase<\/td>\n<\/tr>\n<tr data-start=\"1585\" data-end=\"1626\">\n<td data-start=\"1585\" data-end=\"1593\" data-col-size=\"sm\">Klasse<\/td>\n<td data-start=\"1593\" data-end=\"1626\" data-col-size=\"sm\">Produktion \/ Forschung \/ Dummy<\/td>\n<\/tr>\n<\/tbody>\n<\/table>\n<\/div>\n<\/div>\n<p data-start=\"1628\" data-end=\"1790\">Diese Parameter gew\u00e4hrleisten eine hohe Oberfl\u00e4chenqualit\u00e4t, eine geringe Defektdichte und stabile mechanische Eigenschaften, die f\u00fcr das Epitaxiewachstum und die Herstellung von Pr\u00e4zisionsbauteilen erforderlich sind.<\/p>\n<h2 data-section-id=\"1p4die8\" data-start=\"1797\" data-end=\"1824\">Materialeigenschaften<img decoding=\"async\" class=\"size-medium wp-image-2176 alignright\" src=\"https:\/\/www.zmsh-semitech.com\/wp-content\/uploads\/2026\/04\/silicon_carbide_wafer_4inch_hpsi_350um_widely_used_for_ar_glasses3-300x300.webp\" alt=\"\" width=\"300\" height=\"300\" srcset=\"https:\/\/www.zmsh-semitech.com\/wp-content\/uploads\/2026\/04\/silicon_carbide_wafer_4inch_hpsi_350um_widely_used_for_ar_glasses3-300x300.webp 300w, https:\/\/www.zmsh-semitech.com\/wp-content\/uploads\/2026\/04\/silicon_carbide_wafer_4inch_hpsi_350um_widely_used_for_ar_glasses3-150x150.webp 150w, https:\/\/www.zmsh-semitech.com\/wp-content\/uploads\/2026\/04\/silicon_carbide_wafer_4inch_hpsi_350um_widely_used_for_ar_glasses3-768x768.webp 768w, https:\/\/www.zmsh-semitech.com\/wp-content\/uploads\/2026\/04\/silicon_carbide_wafer_4inch_hpsi_350um_widely_used_for_ar_glasses3-12x12.webp 12w, https:\/\/www.zmsh-semitech.com\/wp-content\/uploads\/2026\/04\/silicon_carbide_wafer_4inch_hpsi_350um_widely_used_for_ar_glasses3-600x600.webp 600w, https:\/\/www.zmsh-semitech.com\/wp-content\/uploads\/2026\/04\/silicon_carbide_wafer_4inch_hpsi_350um_widely_used_for_ar_glasses3-100x100.webp 100w, https:\/\/www.zmsh-semitech.com\/wp-content\/uploads\/2026\/04\/silicon_carbide_wafer_4inch_hpsi_350um_widely_used_for_ar_glasses3.webp 800w\" sizes=\"(max-width: 300px) 100vw, 300px\" \/><\/h2>\n<p data-start=\"1826\" data-end=\"2024\">Siliziumkarbid ist eines der wichtigsten Halbleitermaterialien der dritten Generation. Seine gro\u00dfe Bandl\u00fccke erm\u00f6glicht den Betrieb von Ger\u00e4ten bei h\u00f6heren Spannungen und geringeren Leckstr\u00f6men als bei Silizium.<\/p>\n<p data-start=\"2026\" data-end=\"2253\">HPSI-Wafer zeichnen sich durch einen extrem hohen spezifischen Widerstand aus. Diese Eigenschaft minimiert den unerw\u00fcnschten Stromfluss innerhalb des Substrats, was f\u00fcr die Aufrechterhaltung der Signalintegrit\u00e4t bei HF- und Mikrowellenanwendungen entscheidend ist.<\/p>\n<p data-start=\"2255\" data-end=\"2478\">Die W\u00e4rmeleitf\u00e4higkeit ist deutlich h\u00f6her als bei herk\u00f6mmlichen Halbleitermaterialien, was eine effiziente W\u00e4rmeableitung im Hochleistungsbetrieb erm\u00f6glicht. Dies verringert die thermische Belastung und verbessert die langfristige Zuverl\u00e4ssigkeit.<\/p>\n<p data-start=\"2480\" data-end=\"2761\">SiC weist auch ein hohes elektrisches Durchbruchsfeld auf, so dass die Ger\u00e4te hohe Spannungen verarbeiten k\u00f6nnen, ohne gr\u00f6\u00dfer zu werden. Dar\u00fcber hinaus bleibt das Material auch bei hohen Temperaturen, hohen Frequenzen und Strahlung stabil und eignet sich daher f\u00fcr anspruchsvolle Umgebungen.<\/p>\n<h2 data-section-id=\"mu966k\" data-start=\"2768\" data-end=\"2783\">Anwendungen<\/h2>\n<p data-start=\"2785\" data-end=\"3075\"><strong data-start=\"2785\" data-end=\"2813\">RF- und Mikrowellenger\u00e4te<\/strong><br data-start=\"2813\" data-end=\"2816\" \/>HPSI-Siliciumcarbid-Wafer werden h\u00e4ufig als Substrate f\u00fcr HF-Verst\u00e4rker und Hochfrequenzschaltungen verwendet. Ihr hoher spezifischer Widerstand verringert die parasit\u00e4ren Verluste und verbessert die Effizienz der Signal\u00fcbertragung, was sie f\u00fcr die moderne Kommunikationselektronik unverzichtbar macht.<\/p>\n<p data-start=\"3077\" data-end=\"3378\"><strong data-start=\"3077\" data-end=\"3112\">5G-Kommunikationsinfrastruktur<\/strong><br data-start=\"3112\" data-end=\"3115\" \/>In 5G-Systemen arbeiten die Ger\u00e4te mit h\u00f6heren Frequenzen und erfordern Materialien mit hervorragender elektrischer Isolierung. HPSI-SiC-Wafer unterst\u00fctzen eine stabile Leistung in Basisstationen und drahtlosen Modulen und erm\u00f6glichen eine h\u00f6here Daten\u00fcbertragungseffizienz und einen geringeren Energieverlust.<\/p>\n<p data-start=\"3380\" data-end=\"3668\"><strong data-start=\"3380\" data-end=\"3414\">AR-Brillen und optische Systeme<\/strong><br data-start=\"3414\" data-end=\"3417\" \/>In Ger\u00e4ten der erweiterten Realit\u00e4t werden SiC-Wafer in optischen und wellenleiterbezogenen Komponenten verwendet. Ihre strukturelle Stabilit\u00e4t und Kompatibilit\u00e4t mit Pr\u00e4zisionsverarbeitungstechnologien unterst\u00fctzen die Entwicklung kompakter und leistungsstarker optischer Systeme.<\/p>\n<p data-start=\"3670\" data-end=\"3939\"><strong data-start=\"3670\" data-end=\"3699\">Radar und Verteidigungssysteme<\/strong><br data-start=\"3699\" data-end=\"3702\" \/>HPSI-SiC-Substrate eignen sich f\u00fcr Radar- und Verteidigungselektronik, die hohe Leistung, hohe Frequenzen und Zuverl\u00e4ssigkeit erfordert. Sie gew\u00e4hrleisten einen stabilen Betrieb unter extremen Umweltbedingungen, einschlie\u00dflich hoher Temperaturen und Strahlung.<\/p>\n<p data-start=\"3941\" data-end=\"4136\"><strong data-start=\"3941\" data-end=\"3967\">Optoelektronische Ger\u00e4te<\/strong><br data-start=\"3967\" data-end=\"3970\" \/>Diese Wafer werden auch in optoelektronischen und photonischen Ger\u00e4ten verwendet, bei denen die elektrische Isolierung und die thermische Leistung f\u00fcr die Effizienz und Stabilit\u00e4t der Ger\u00e4te entscheidend sind.<\/p>\n<p data-start=\"3941\" data-end=\"4136\"><img decoding=\"async\" class=\"wp-image-2178 size-large aligncenter\" src=\"https:\/\/www.zmsh-semitech.com\/wp-content\/uploads\/2026\/04\/applications-1-1024x683.png\" alt=\"\" width=\"1024\" height=\"683\" srcset=\"https:\/\/www.zmsh-semitech.com\/wp-content\/uploads\/2026\/04\/applications-1-1024x683.png 1024w, https:\/\/www.zmsh-semitech.com\/wp-content\/uploads\/2026\/04\/applications-1-300x200.png 300w, https:\/\/www.zmsh-semitech.com\/wp-content\/uploads\/2026\/04\/applications-1-768x512.png 768w, https:\/\/www.zmsh-semitech.com\/wp-content\/uploads\/2026\/04\/applications-1-18x12.png 18w, https:\/\/www.zmsh-semitech.com\/wp-content\/uploads\/2026\/04\/applications-1-600x400.png 600w, https:\/\/www.zmsh-semitech.com\/wp-content\/uploads\/2026\/04\/applications-1.png 1536w\" sizes=\"(max-width: 1024px) 100vw, 1024px\" \/><\/p>\n<h2 data-section-id=\"105f916\" data-start=\"4143\" data-end=\"4162\">Verf\u00fcgbare Klassen<\/h2>\n<p data-start=\"4164\" data-end=\"4275\">Produktionsqualit\u00e4t<br data-start=\"4180\" data-end=\"4183\" \/>F\u00fcr die kommerzielle Herstellung von Ger\u00e4ten mit strenger Qualit\u00e4tskontrolle und geringer Fehlerdichte.<\/p>\n<p data-start=\"4277\" data-end=\"4365\">Forschungsnote<br data-start=\"4291\" data-end=\"4294\" \/>Geeignet f\u00fcr Laborentwicklung, Tests und Prozessoptimierung.<\/p>\n<p data-start=\"4367\" data-end=\"4455\">Dummy-Bewertung<br data-start=\"4378\" data-end=\"4381\" \/>Angewandt bei der Kalibrierung von Ger\u00e4ten, bei Prozesstests und bei nicht-funktionalen Anwendungen.<\/p>\n<h2 data-section-id=\"19b7k0q\" data-start=\"4462\" data-end=\"4485\">Si vs. SiC Vergleich<\/h2>\n<div class=\"TyagGW_tableContainer\">\n<div class=\"group TyagGW_tableWrapper flex flex-col-reverse w-fit\" tabindex=\"-1\">\n<table class=\"w-fit min-w-(--thread-content-width)\" data-start=\"4487\" data-end=\"4792\">\n<thead data-start=\"4487\" data-end=\"4527\">\n<tr data-start=\"4487\" data-end=\"4527\">\n<th class=\"\" data-start=\"4487\" data-end=\"4498\" data-col-size=\"sm\">Eigentum<\/th>\n<th class=\"\" data-start=\"4498\" data-end=\"4508\" data-col-size=\"sm\">Silizium<\/th>\n<th class=\"\" data-start=\"4508\" data-end=\"4527\" data-col-size=\"sm\">Siliziumkarbid<\/th>\n<\/tr>\n<\/thead>\n<tbody data-start=\"4568\" data-end=\"4792\">\n<tr data-start=\"4568\" data-end=\"4600\">\n<td data-start=\"4568\" data-end=\"4578\" data-col-size=\"sm\">Bandl\u00fccke<\/td>\n<td data-col-size=\"sm\" data-start=\"4578\" data-end=\"4588\">1,12 eV<\/td>\n<td data-col-size=\"sm\" data-start=\"4588\" data-end=\"4600\">~3,26 eV<\/td>\n<\/tr>\n<tr data-start=\"4601\" data-end=\"4641\">\n<td data-start=\"4601\" data-end=\"4615\" data-col-size=\"sm\">Widerstandsf\u00e4higkeit<\/td>\n<td data-col-size=\"sm\" data-start=\"4615\" data-end=\"4621\">Niedrig<\/td>\n<td data-col-size=\"sm\" data-start=\"4621\" data-end=\"4641\">Sehr hoch (HPSI)<\/td>\n<\/tr>\n<tr data-start=\"4642\" data-end=\"4684\">\n<td data-start=\"4642\" data-end=\"4665\" data-col-size=\"sm\">W\u00e4rmeleitf\u00e4higkeit<\/td>\n<td data-col-size=\"sm\" data-start=\"4665\" data-end=\"4676\">M\u00e4\u00dfig<\/td>\n<td data-col-size=\"sm\" data-start=\"4676\" data-end=\"4684\">Hoch<\/td>\n<\/tr>\n<tr data-start=\"4685\" data-end=\"4731\">\n<td data-start=\"4685\" data-end=\"4708\" data-col-size=\"sm\">Frequenzf\u00e4higkeit<\/td>\n<td data-col-size=\"sm\" data-start=\"4708\" data-end=\"4718\">Begrenzt<\/td>\n<td data-col-size=\"sm\" data-start=\"4718\" data-end=\"4731\">Ausgezeichnet<\/td>\n<\/tr>\n<tr data-start=\"4732\" data-end=\"4792\">\n<td data-start=\"4732\" data-end=\"4752\" data-col-size=\"sm\">Anwendungsschwerpunkt<\/td>\n<td data-col-size=\"sm\" data-start=\"4752\" data-end=\"4767\">Logik und IC<\/td>\n<td data-col-size=\"sm\" data-start=\"4767\" data-end=\"4792\">RF und Hochfrequenz<\/td>\n<\/tr>\n<\/tbody>\n<\/table>\n<\/div>\n<\/div>\n<p data-start=\"4794\" data-end=\"4938\">In der konventionellen Elektronik dominiert nach wie vor Silizium, w\u00e4hrend in Hochfrequenz- und Hochleistungssystemen zunehmend Siliziumkarbid eingesetzt wird.<\/p>\n<h2 data-section-id=\"1hryhf7\" data-start=\"4945\" data-end=\"4951\">FAQ<\/h2>\n<p data-start=\"4953\" data-end=\"5169\">F: Was ist ein HPSI-Siliziumkarbid-Wafer?<br data-start=\"4994\" data-end=\"4997\" \/>Ein HPSI-Wafer ist ein hochreines, halbisolierendes Siliziumkarbid-Substrat mit einem sehr hohen elektrischen Widerstand, das f\u00fcr HF-, Mikrowellen- und optoelektronische Anwendungen entwickelt wurde.<\/p>\n<p data-start=\"5171\" data-end=\"5374\">F: Warum ist ein hoher spezifischer Widerstand wichtig?<br data-start=\"5208\" data-end=\"5211\" \/>Ein hoher spezifischer Widerstand reduziert die parasit\u00e4re Leitung und Signalst\u00f6rungen, was f\u00fcr die Aufrechterhaltung der Effizienz und Signalintegrit\u00e4t in Hochfrequenzger\u00e4ten von entscheidender Bedeutung ist.<\/p>\n<p data-start=\"5376\" data-end=\"5596\">F: Ist Siliziumkarbid f\u00fcr optische Anwendungen geeignet?<br data-start=\"5432\" data-end=\"5435\" \/>Ja, Siliziumkarbid kann aufgrund seiner thermischen Stabilit\u00e4t und seiner Kompatibilit\u00e4t mit fortschrittlichen Herstellungsverfahren in bestimmten optischen und photonischen Anwendungen eingesetzt werden.<\/p>","protected":false},"excerpt":{"rendered":"<p>Der 4-Zoll-HPSI-Siliziumkarbid-Wafer ist ein Schl\u00fcsselmaterial f\u00fcr Hochfrequenz- und elektronische Systeme der n\u00e4chsten Generation. Seine Kombination aus hohem spezifischen Widerstand, thermischer Leistung und struktureller Stabilit\u00e4t macht es zu einer idealen Wahl f\u00fcr HF-Ger\u00e4te, Kommunikationsinfrastrukturen und neue optische Technologien. Da die Nachfrage nach Hochleistungs- und Hochfrequenzsystemen weiter steigt, gewinnen HPSI-SiC-Substrate in modernen Halbleiteranwendungen zunehmend an Bedeutung.<\/p>","protected":false},"featured_media":2174,"comment_status":"open","ping_status":"closed","template":"","meta":{"site-sidebar-layout":"default","site-content-layout":"","ast-site-content-layout":"default","site-content-style":"default","site-sidebar-style":"default","ast-global-header-display":"","ast-banner-title-visibility":"","ast-main-header-display":"","ast-hfb-above-header-display":"","ast-hfb-below-header-display":"","ast-hfb-mobile-header-display":"","site-post-title":"","ast-breadcrumbs-content":"","ast-featured-img":"","footer-sml-layout":"","ast-disable-related-posts":"","theme-transparent-header-meta":"default","adv-header-id-meta":"","stick-header-meta":"default","header-above-stick-meta":"","header-main-stick-meta":"","header-below-stick-meta":"","astra-migrate-meta-layouts":"set","ast-page-background-enabled":"default","ast-page-background-meta":{"desktop":{"background-color":"var(--ast-global-color-4)","background-image":"","background-repeat":"repeat","background-position":"center center","background-size":"auto","background-attachment":"scroll","background-type":"","background-media":"","overlay-type":"","overlay-color":"","overlay-opacity":"","overlay-gradient":""},"tablet":{"background-color":"","background-image":"","background-repeat":"repeat","background-position":"center center","background-size":"auto","background-attachment":"scroll","background-type":"","background-media":"","overlay-type":"","overlay-color":"","overlay-opacity":"","overlay-gradient":""},"mobile":{"background-color":"","background-image":"","background-repeat":"repeat","background-position":"center center","background-size":"auto","background-attachment":"scroll","background-type":"","background-media":"","overlay-type":"","overlay-color":"","overlay-opacity":"","overlay-gradient":""}},"ast-content-background-meta":{"desktop":{"background-color":"var(--ast-global-color-5)","background-image":"","background-repeat":"repeat","background-position":"center center","background-size":"auto","background-attachment":"scroll","background-type":"","background-media":"","overlay-type":"","overlay-color":"","overlay-opacity":"","overlay-gradient":""},"tablet":{"background-color":"var(--ast-global-color-5)","background-image":"","background-repeat":"repeat","background-position":"center center","background-size":"auto","background-attachment":"scroll","background-type":"","background-media":"","overlay-type":"","overlay-color":"","overlay-opacity":"","overlay-gradient":""},"mobile":{"background-color":"var(--ast-global-color-5)","background-image":"","background-repeat":"repeat","background-position":"center center","background-size":"auto","background-attachment":"scroll","background-type":"","background-media":"","overlay-type":"","overlay-color":"","overlay-opacity":"","overlay-gradient":""}}},"product_brand":[],"product_cat":[729],"product_tag":[930,938,936,937,940,941,942,939,927,692],"class_list":{"0":"post-2173","1":"product","2":"type-product","3":"status-publish","4":"has-post-thumbnail","6":"product_cat-wafer","7":"product_tag-4-inch-sic-wafer","8":"product_tag-high-resistivity-sic","9":"product_tag-hpsi-silicon-carbide-wafer","10":"product_tag-semi-insulating-sic","11":"product_tag-sic-for-5g","12":"product_tag-sic-for-ar-glasses","13":"product_tag-sic-optical-substrate","14":"product_tag-sic-rf-substrate","15":"product_tag-silicon-carbide-wafer","16":"product_tag-wide-bandgap-semiconductor","17":"desktop-align-left","18":"tablet-align-left","19":"mobile-align-left","20":"ast-product-gallery-layout-horizontal-slider","21":"ast-product-tabs-layout-horizontal","23":"first","24":"instock","25":"shipping-taxable","26":"product-type-simple"},"_links":{"self":[{"href":"https:\/\/www.zmsh-semitech.com\/de\/wp-json\/wp\/v2\/product\/2173","targetHints":{"allow":["GET"]}}],"collection":[{"href":"https:\/\/www.zmsh-semitech.com\/de\/wp-json\/wp\/v2\/product"}],"about":[{"href":"https:\/\/www.zmsh-semitech.com\/de\/wp-json\/wp\/v2\/types\/product"}],"replies":[{"embeddable":true,"href":"https:\/\/www.zmsh-semitech.com\/de\/wp-json\/wp\/v2\/comments?post=2173"}],"version-history":[{"count":1,"href":"https:\/\/www.zmsh-semitech.com\/de\/wp-json\/wp\/v2\/product\/2173\/revisions"}],"predecessor-version":[{"id":2179,"href":"https:\/\/www.zmsh-semitech.com\/de\/wp-json\/wp\/v2\/product\/2173\/revisions\/2179"}],"wp:featuredmedia":[{"embeddable":true,"href":"https:\/\/www.zmsh-semitech.com\/de\/wp-json\/wp\/v2\/media\/2174"}],"wp:attachment":[{"href":"https:\/\/www.zmsh-semitech.com\/de\/wp-json\/wp\/v2\/media?parent=2173"}],"wp:term":[{"taxonomy":"product_brand","embeddable":true,"href":"https:\/\/www.zmsh-semitech.com\/de\/wp-json\/wp\/v2\/product_brand?post=2173"},{"taxonomy":"product_cat","embeddable":true,"href":"https:\/\/www.zmsh-semitech.com\/de\/wp-json\/wp\/v2\/product_cat?post=2173"},{"taxonomy":"product_tag","embeddable":true,"href":"https:\/\/www.zmsh-semitech.com\/de\/wp-json\/wp\/v2\/product_tag?post=2173"}],"curies":[{"name":"wp","href":"https:\/\/api.w.org\/{rel}","templated":true}]}}