{"id":2167,"date":"2026-04-14T02:28:42","date_gmt":"2026-04-14T02:28:42","guid":{"rendered":"https:\/\/www.zmsh-semitech.com\/?post_type=product&#038;p=2167"},"modified":"2026-04-14T02:28:45","modified_gmt":"2026-04-14T02:28:45","slug":"4-inch-4h-n-silicon-carbide-wafer","status":"publish","type":"product","link":"https:\/\/www.zmsh-semitech.com\/de\/product\/4-inch-4h-n-silicon-carbide-wafer\/","title":{"rendered":"4 Zoll 100mm 4H-N Siliziumkarbid-Wafer"},"content":{"rendered":"<p data-start=\"161\" data-end=\"420\"><img fetchpriority=\"high\" decoding=\"async\" class=\"alignright wp-image-2171 size-medium\" src=\"https:\/\/www.zmsh-semitech.com\/wp-content\/uploads\/2026\/04\/4inch_silicon_carbide_wafers-300x300.webp\" alt=\"Siliziumkarbid-Wafer\" width=\"300\" height=\"300\" srcset=\"https:\/\/www.zmsh-semitech.com\/wp-content\/uploads\/2026\/04\/4inch_silicon_carbide_wafers-300x300.webp 300w, https:\/\/www.zmsh-semitech.com\/wp-content\/uploads\/2026\/04\/4inch_silicon_carbide_wafers-150x150.webp 150w, https:\/\/www.zmsh-semitech.com\/wp-content\/uploads\/2026\/04\/4inch_silicon_carbide_wafers-768x768.webp 768w, https:\/\/www.zmsh-semitech.com\/wp-content\/uploads\/2026\/04\/4inch_silicon_carbide_wafers-12x12.webp 12w, https:\/\/www.zmsh-semitech.com\/wp-content\/uploads\/2026\/04\/4inch_silicon_carbide_wafers-600x600.webp 600w, https:\/\/www.zmsh-semitech.com\/wp-content\/uploads\/2026\/04\/4inch_silicon_carbide_wafers-100x100.webp 100w, https:\/\/www.zmsh-semitech.com\/wp-content\/uploads\/2026\/04\/4inch_silicon_carbide_wafers.webp 800w\" sizes=\"(max-width: 300px) 100vw, 300px\" \/>Der 4 Zoll 4H-N Siliziumkarbid-Wafer ist ein leitf\u00e4higes SiC-Substrat, das f\u00fcr moderne Leistungshalbleiteranwendungen entwickelt wurde. Er basiert auf dem 4H-Kristallpolytyp, der in der Branche f\u00fcr seine hervorragende elektrische und thermische Leistung weithin anerkannt ist.<\/p>\n<p data-start=\"422\" data-end=\"752\">Siliziumkarbid geh\u00f6rt zu den Halbleitermaterialien der dritten Generation und bietet gegen\u00fcber dem herk\u00f6mmlichen Silizium erhebliche Vorteile. Seine gro\u00dfe Bandl\u00fccke, sein hohes elektrisches Durchbruchsfeld und seine hervorragende W\u00e4rmeleitf\u00e4higkeit machen es besonders geeignet f\u00fcr Ger\u00e4te, die unter Hochspannung, Hochfrequenz und hohen Temperaturen arbeiten.<\/p>\n<p data-start=\"754\" data-end=\"1163\">Diese Wafer werden in der Regel f\u00fcr die Herstellung von Leistungsbauelementen wie MOSFETs, Schottky-Barrier-Dioden, JFETs und IGBTs verwendet. Diese Bauelemente sind kritische Komponenten in modernen Energiesystemen, bei denen Effizienz, Zuverl\u00e4ssigkeit und kompaktes Design entscheidend sind. Das 4-Zoll-Format bietet ein ausgewogenes Verh\u00e4ltnis zwischen Kosteneffizienz und Bauteilausbeute, so dass es sowohl in der Forschung als auch in der industriellen Produktion weit verbreitet ist.<\/p>\n<h2 data-section-id=\"1a3ueyz\" data-start=\"1170\" data-end=\"1187\">Spezifikationen<\/h2>\n<div class=\"TyagGW_tableContainer\">\n<div class=\"group TyagGW_tableWrapper flex flex-col-reverse w-fit\" tabindex=\"-1\">\n<table class=\"w-fit min-w-(--thread-content-width)\" data-start=\"1189\" data-end=\"1522\">\n<thead data-start=\"1189\" data-end=\"1210\">\n<tr data-start=\"1189\" data-end=\"1210\">\n<th class=\"\" data-start=\"1189\" data-end=\"1201\" data-col-size=\"sm\">Parameter<\/th>\n<th class=\"\" data-start=\"1201\" data-end=\"1210\" data-col-size=\"sm\">Wert<\/th>\n<\/tr>\n<\/thead>\n<tbody data-start=\"1231\" data-end=\"1522\">\n<tr data-start=\"1231\" data-end=\"1258\">\n<td data-start=\"1231\" data-end=\"1242\" data-col-size=\"sm\">Durchmesser<\/td>\n<td data-col-size=\"sm\" data-start=\"1242\" data-end=\"1258\">100 \u00b1 0,5 mm<\/td>\n<\/tr>\n<tr data-start=\"1259\" data-end=\"1286\">\n<td data-start=\"1259\" data-end=\"1271\" data-col-size=\"sm\">Dicke<\/td>\n<td data-col-size=\"sm\" data-start=\"1271\" data-end=\"1286\">350 \u00b1 25 \u03bcm<\/td>\n<\/tr>\n<tr data-start=\"1287\" data-end=\"1304\">\n<td data-start=\"1287\" data-end=\"1298\" data-col-size=\"sm\">Polytype<\/td>\n<td data-col-size=\"sm\" data-start=\"1298\" data-end=\"1304\">4H<\/td>\n<\/tr>\n<tr data-start=\"1305\" data-end=\"1335\">\n<td data-start=\"1305\" data-end=\"1325\" data-col-size=\"sm\">Leitf\u00e4higkeit Typ<\/td>\n<td data-col-size=\"sm\" data-start=\"1325\" data-end=\"1335\">N-Typ<\/td>\n<\/tr>\n<tr data-start=\"1336\" data-end=\"1371\">\n<td data-start=\"1336\" data-end=\"1356\" data-col-size=\"sm\">Oberfl\u00e4chenrauhigkeit<\/td>\n<td data-col-size=\"sm\" data-start=\"1356\" data-end=\"1371\">Ra \u2264 0,2 nm<\/td>\n<\/tr>\n<tr data-start=\"1372\" data-end=\"1389\">\n<td data-start=\"1372\" data-end=\"1378\" data-col-size=\"sm\">TTV<\/td>\n<td data-col-size=\"sm\" data-start=\"1378\" data-end=\"1389\">\u2264 10 \u03bcm<\/td>\n<\/tr>\n<tr data-start=\"1390\" data-end=\"1408\">\n<td data-start=\"1390\" data-end=\"1397\" data-col-size=\"sm\">Warp<\/td>\n<td data-start=\"1397\" data-end=\"1408\" data-col-size=\"sm\">\u2264 30 \u03bcm<\/td>\n<\/tr>\n<tr data-start=\"1409\" data-end=\"1444\">\n<td data-start=\"1409\" data-end=\"1426\" data-col-size=\"sm\">Defekt-Dichte<\/td>\n<td data-col-size=\"sm\" data-start=\"1426\" data-end=\"1444\">MPD &lt; 1 ea\/cm\u00b2<\/td>\n<\/tr>\n<tr data-start=\"1445\" data-end=\"1480\">\n<td data-start=\"1445\" data-end=\"1452\" data-col-size=\"sm\">Kante<\/td>\n<td data-start=\"1452\" data-end=\"1480\" data-col-size=\"sm\">45\u00b0-Fase, SEMI-Norm<\/td>\n<\/tr>\n<tr data-start=\"1481\" data-end=\"1522\">\n<td data-start=\"1481\" data-end=\"1489\" data-col-size=\"sm\">Klasse<\/td>\n<td data-col-size=\"sm\" data-start=\"1489\" data-end=\"1522\">Produktion \/ Forschung \/ Dummy<\/td>\n<\/tr>\n<\/tbody>\n<\/table>\n<\/div>\n<\/div>\n<p data-start=\"1524\" data-end=\"1670\">Diese Parameter gew\u00e4hrleisten eine hohe Oberfl\u00e4chenqualit\u00e4t und Dimensionsstabilit\u00e4t, die f\u00fcr das Epitaxiewachstum und die Herstellung von Bauelementen unerl\u00e4sslich sind.<\/p>\n<h2 data-section-id=\"1p4die8\" data-start=\"1677\" data-end=\"1704\">Materialeigenschaften<\/h2>\n<p data-start=\"1706\" data-end=\"1943\">Siliziumkarbid weist eine breite Bandl\u00fccke von ca. 3,26 eV auf, so dass die Bauelemente im Vergleich zu Silizium mit wesentlich h\u00f6heren Spannungen arbeiten k\u00f6nnen. Dies f\u00fchrt zu einer verbesserten Leistungsaufnahme und geringeren Leitungsverlusten.<img decoding=\"async\" class=\"size-medium wp-image-2170 alignright\" src=\"https:\/\/www.zmsh-semitech.com\/wp-content\/uploads\/2026\/04\/4inch_silicon_carbide_wafers2-300x300.webp\" alt=\"\" width=\"300\" height=\"300\" srcset=\"https:\/\/www.zmsh-semitech.com\/wp-content\/uploads\/2026\/04\/4inch_silicon_carbide_wafers2-300x300.webp 300w, https:\/\/www.zmsh-semitech.com\/wp-content\/uploads\/2026\/04\/4inch_silicon_carbide_wafers2-150x150.webp 150w, https:\/\/www.zmsh-semitech.com\/wp-content\/uploads\/2026\/04\/4inch_silicon_carbide_wafers2-768x768.webp 768w, https:\/\/www.zmsh-semitech.com\/wp-content\/uploads\/2026\/04\/4inch_silicon_carbide_wafers2-12x12.webp 12w, https:\/\/www.zmsh-semitech.com\/wp-content\/uploads\/2026\/04\/4inch_silicon_carbide_wafers2-600x600.webp 600w, https:\/\/www.zmsh-semitech.com\/wp-content\/uploads\/2026\/04\/4inch_silicon_carbide_wafers2-100x100.webp 100w, https:\/\/www.zmsh-semitech.com\/wp-content\/uploads\/2026\/04\/4inch_silicon_carbide_wafers2.webp 800w\" sizes=\"(max-width: 300px) 100vw, 300px\" \/><\/p>\n<p data-start=\"1945\" data-end=\"2159\">Eine weitere wichtige Eigenschaft ist sein hohes elektrisches Durchbruchsfeld, das fast zehnmal gr\u00f6\u00dfer sein kann als das von Silizium. Dies erm\u00f6glicht d\u00fcnnere Ger\u00e4testrukturen und einen h\u00f6heren Wirkungsgrad in Energieumwandlungssystemen.<\/p>\n<p data-start=\"2161\" data-end=\"2440\">Auch die W\u00e4rmeleitf\u00e4higkeit ist ein entscheidender Vorteil. SiC leitet W\u00e4rme etwa dreimal effektiver als Silizium, so dass die Ger\u00e4te auch bei hoher Belastung eine stabile Leistung erbringen. Dadurch wird der Bedarf an komplexen K\u00fchlsystemen verringert und die Zuverl\u00e4ssigkeit des Systems insgesamt verbessert.<\/p>\n<p data-start=\"2442\" data-end=\"2702\">Dar\u00fcber hinaus beh\u00e4lt Siliziumkarbid seine stabilen elektrischen Eigenschaften bei Temperaturen von \u00fcber 600 \u00b0C bei. Dadurch eignet es sich besonders f\u00fcr Anwendungen in rauen Umgebungen, z. B. in Stromversorgungssystemen f\u00fcr Kraftfahrzeuge, industriellen Antrieben und in der Luft- und Raumfahrt.<\/p>\n<p data-start=\"2704\" data-end=\"2856\">Das Material bietet au\u00dferdem eine hohe Elektronenbeweglichkeit und einen niedrigen On-Widerstand, was zu schnelleren Schaltgeschwindigkeiten und geringeren Energieverlusten in Leistungsger\u00e4ten beitr\u00e4gt.<\/p>\n<h2 data-section-id=\"1m1028d\" data-start=\"2863\" data-end=\"2887\">Verf\u00fcgbare Wafergr\u00f6\u00dfen<\/h2>\n<p data-start=\"2889\" data-end=\"2984\">Siliziumkarbid-Wafer sind in verschiedenen Durchmessern erh\u00e4ltlich, um unterschiedlichen Anwendungsanforderungen gerecht zu werden:<\/p>\n<div class=\"TyagGW_tableContainer\">\n<div class=\"group TyagGW_tableWrapper flex flex-col-reverse w-fit\" tabindex=\"-1\">\n<table class=\"w-fit min-w-(--thread-content-width)\" data-start=\"2986\" data-end=\"3227\">\n<thead data-start=\"2986\" data-end=\"3023\">\n<tr data-start=\"2986\" data-end=\"3023\">\n<th class=\"\" data-start=\"2986\" data-end=\"2993\" data-col-size=\"sm\">Gr\u00f6\u00dfe<\/th>\n<th class=\"\" data-start=\"2993\" data-end=\"3004\" data-col-size=\"sm\">Durchmesser<\/th>\n<th class=\"\" data-start=\"3004\" data-end=\"3023\" data-col-size=\"sm\">Dickenbereich<\/th>\n<\/tr>\n<\/thead>\n<tbody data-start=\"3061\" data-end=\"3227\">\n<tr data-start=\"3061\" data-end=\"3094\">\n<td data-start=\"3061\" data-end=\"3070\" data-col-size=\"sm\">2 Zoll<\/td>\n<td data-col-size=\"sm\" data-start=\"3070\" data-end=\"3080\">50,8 mm<\/td>\n<td data-col-size=\"sm\" data-start=\"3080\" data-end=\"3094\">330-350 \u03bcm<\/td>\n<\/tr>\n<tr data-start=\"3095\" data-end=\"3128\">\n<td data-start=\"3095\" data-end=\"3104\" data-col-size=\"sm\">3 Zoll<\/td>\n<td data-col-size=\"sm\" data-start=\"3104\" data-end=\"3114\">76,2 mm<\/td>\n<td data-col-size=\"sm\" data-start=\"3114\" data-end=\"3128\">350-500 \u03bcm<\/td>\n<\/tr>\n<tr data-start=\"3129\" data-end=\"3161\">\n<td data-start=\"3129\" data-end=\"3138\" data-col-size=\"sm\">4 Zoll<\/td>\n<td data-col-size=\"sm\" data-start=\"3138\" data-end=\"3147\">100 mm<\/td>\n<td data-col-size=\"sm\" data-start=\"3147\" data-end=\"3161\">350-500 \u03bcm<\/td>\n<\/tr>\n<tr data-start=\"3162\" data-end=\"3194\">\n<td data-start=\"3162\" data-end=\"3171\" data-col-size=\"sm\">6 Zoll<\/td>\n<td data-col-size=\"sm\" data-start=\"3171\" data-end=\"3180\">150 mm<\/td>\n<td data-col-size=\"sm\" data-start=\"3180\" data-end=\"3194\">350-500 \u03bcm<\/td>\n<\/tr>\n<tr data-start=\"3195\" data-end=\"3227\">\n<td data-start=\"3195\" data-end=\"3204\" data-col-size=\"sm\">8 Zoll<\/td>\n<td data-col-size=\"sm\" data-start=\"3204\" data-end=\"3213\">200 mm<\/td>\n<td data-col-size=\"sm\" data-start=\"3213\" data-end=\"3227\">350-500 \u03bcm<\/td>\n<\/tr>\n<\/tbody>\n<\/table>\n<\/div>\n<\/div>\n<p data-start=\"3229\" data-end=\"3350\">Zu den g\u00e4ngigen Typen geh\u00f6ren das leitf\u00e4hige 4H-N, das halbisolierende HPSI und andere spezielle Varianten f\u00fcr HF- und Leistungsanwendungen.<\/p>\n<h2 data-section-id=\"mu966k\" data-start=\"3357\" data-end=\"3372\">Anwendungen<\/h2>\n<p data-start=\"3374\" data-end=\"3574\">In Elektrofahrzeugen werden SiC-Wafer in Traktionswechselrichtern, Onboard-Ladeger\u00e4ten und Gleichspannungswandlern eingesetzt. Sie verbessern die Energieeffizienz, verringern die W\u00e4rmeentwicklung und erm\u00f6glichen kompaktere Systemdesigns.<img decoding=\"async\" class=\"size-medium wp-image-2169 alignright\" src=\"https:\/\/www.zmsh-semitech.com\/wp-content\/uploads\/2026\/04\/4inch_silicon_carbide_wafers4-300x300.webp\" alt=\"\" width=\"300\" height=\"300\" srcset=\"https:\/\/www.zmsh-semitech.com\/wp-content\/uploads\/2026\/04\/4inch_silicon_carbide_wafers4-300x300.webp 300w, https:\/\/www.zmsh-semitech.com\/wp-content\/uploads\/2026\/04\/4inch_silicon_carbide_wafers4-150x150.webp 150w, https:\/\/www.zmsh-semitech.com\/wp-content\/uploads\/2026\/04\/4inch_silicon_carbide_wafers4-768x768.webp 768w, https:\/\/www.zmsh-semitech.com\/wp-content\/uploads\/2026\/04\/4inch_silicon_carbide_wafers4-12x12.webp 12w, https:\/\/www.zmsh-semitech.com\/wp-content\/uploads\/2026\/04\/4inch_silicon_carbide_wafers4-600x600.webp 600w, https:\/\/www.zmsh-semitech.com\/wp-content\/uploads\/2026\/04\/4inch_silicon_carbide_wafers4-100x100.webp 100w, https:\/\/www.zmsh-semitech.com\/wp-content\/uploads\/2026\/04\/4inch_silicon_carbide_wafers4.webp 800w\" sizes=\"(max-width: 300px) 100vw, 300px\" \/><\/p>\n<p data-start=\"3576\" data-end=\"3764\">In erneuerbaren Energiesystemen werden SiC-Bauelemente in Solarwechselrichtern und Windkraftanlagen eingesetzt. Ihr hoher Wirkungsgrad tr\u00e4gt zur Verringerung der Energieverluste und zur Verbesserung der Systemleistung bei.<\/p>\n<p data-start=\"3766\" data-end=\"3928\">Auch industrielle Systeme profitieren von der SiC-Technologie, insbesondere bei Hochleistungsmotoren und Automatisierungsger\u00e4ten, bei denen Zuverl\u00e4ssigkeit und Langlebigkeit entscheidend sind.<\/p>\n<p data-start=\"3930\" data-end=\"4111\">In der Stromnetzinfrastruktur wird Siliziumkarbid in intelligenten Netzsystemen und Hochspannungs\u00fcbertragungsanlagen eingesetzt, um die Effizienz der Energieumwandlung zu verbessern und Systemverluste zu verringern.<\/p>\n<p data-start=\"4113\" data-end=\"4266\">In der Luft- und Raumfahrt sowie im Verteidigungsbereich wird SiC f\u00fcr hochzuverl\u00e4ssige Elektronik eingesetzt, die unter extremen Temperatur- und Umweltbedingungen arbeiten muss.<\/p>\n<h2 data-section-id=\"19b7k0q\" data-start=\"4273\" data-end=\"4296\">Si vs. SiC Vergleich<\/h2>\n<div class=\"TyagGW_tableContainer\">\n<div class=\"group TyagGW_tableWrapper flex flex-col-reverse w-fit\" tabindex=\"-1\">\n<table class=\"w-fit min-w-(--thread-content-width)\" data-start=\"4298\" data-end=\"4557\">\n<thead data-start=\"4298\" data-end=\"4338\">\n<tr data-start=\"4298\" data-end=\"4338\">\n<th class=\"\" data-start=\"4298\" data-end=\"4309\" data-col-size=\"sm\">Eigentum<\/th>\n<th class=\"\" data-start=\"4309\" data-end=\"4319\" data-col-size=\"sm\">Silizium<\/th>\n<th class=\"\" data-start=\"4319\" data-end=\"4338\" data-col-size=\"sm\">Siliziumkarbid<\/th>\n<\/tr>\n<\/thead>\n<tbody data-start=\"4379\" data-end=\"4557\">\n<tr data-start=\"4379\" data-end=\"4410\">\n<td data-start=\"4379\" data-end=\"4389\" data-col-size=\"sm\">Bandl\u00fccke<\/td>\n<td data-col-size=\"sm\" data-start=\"4389\" data-end=\"4399\">1,12 eV<\/td>\n<td data-col-size=\"sm\" data-start=\"4399\" data-end=\"4410\">3,26 eV<\/td>\n<\/tr>\n<tr data-start=\"4411\" data-end=\"4443\">\n<td data-start=\"4411\" data-end=\"4429\" data-col-size=\"sm\">Aufschl\u00fcsselung Feld<\/td>\n<td data-col-size=\"sm\" data-start=\"4429\" data-end=\"4435\">Niedrig<\/td>\n<td data-col-size=\"sm\" data-start=\"4435\" data-end=\"4443\">Hoch<\/td>\n<\/tr>\n<tr data-start=\"4444\" data-end=\"4486\">\n<td data-start=\"4444\" data-end=\"4467\" data-col-size=\"sm\">W\u00e4rmeleitf\u00e4higkeit<\/td>\n<td data-col-size=\"sm\" data-start=\"4467\" data-end=\"4478\">M\u00e4\u00dfig<\/td>\n<td data-col-size=\"sm\" data-start=\"4478\" data-end=\"4486\">Hoch<\/td>\n<\/tr>\n<tr data-start=\"4487\" data-end=\"4524\">\n<td data-start=\"4487\" data-end=\"4505\" data-col-size=\"sm\">Maximale Temperatur<\/td>\n<td data-col-size=\"sm\" data-start=\"4505\" data-end=\"4514\">~150\u00b0C<\/td>\n<td data-col-size=\"sm\" data-start=\"4514\" data-end=\"4524\">&gt;600\u00b0C<\/td>\n<\/tr>\n<tr data-start=\"4525\" data-end=\"4557\">\n<td data-start=\"4525\" data-end=\"4538\" data-col-size=\"sm\">Wirkungsgrad<\/td>\n<td data-col-size=\"sm\" data-start=\"4538\" data-end=\"4549\">Standard<\/td>\n<td data-col-size=\"sm\" data-start=\"4549\" data-end=\"4557\">Hoch<\/td>\n<\/tr>\n<\/tbody>\n<\/table>\n<\/div>\n<\/div>\n<p data-start=\"4559\" data-end=\"4716\">Silizium eignet sich nach wie vor f\u00fcr Elektronik mit geringem Stromverbrauch und konventionelle Elektronik, w\u00e4hrend Siliziumkarbid zunehmend f\u00fcr Hochleistungssysteme mit hohem Wirkungsgrad bevorzugt wird.<\/p>\n<h2 data-section-id=\"1hryhf7\" data-start=\"4723\" data-end=\"4729\">FAQ<\/h2>\n<p data-start=\"4731\" data-end=\"5020\"><strong>F: Was ist der Unterschied zwischen Silizium- und Siliziumkarbidwafern?<\/strong><br data-start=\"4800\" data-end=\"4803\" \/>Siliziumwafer sind in integrierten Schaltungen und elektronischen Standardger\u00e4ten weit verbreitet. Siliziumkarbid-Wafer sind f\u00fcr die Leistungselektronik bestimmt, wo hohe Spannungen, hohe Temperaturen und ein hoher Wirkungsgrad erforderlich sind.<\/p>\n<p data-start=\"5022\" data-end=\"5286\"><strong>F: Wie schneidet SiC im Vergleich zu GaN ab?<\/strong><br data-start=\"5055\" data-end=\"5058\" \/>SiC wird in der Regel in Hochspannungs- und Hochleistungsanwendungen wie Elektrofahrzeugen und Stromnetzen eingesetzt. GaN eignet sich besser f\u00fcr Hochfrequenz- und Niederspannungsanwendungen, einschlie\u00dflich HF-Systeme und Schnellladeger\u00e4te.<\/p>\n<p data-start=\"5288\" data-end=\"5529\"><strong>F: Ist Siliciumcarbid eine Keramik oder ein Halbleiter?<\/strong><br data-start=\"5339\" data-end=\"5342\" \/>Siliziumkarbid ist sowohl eine Keramik als auch ein Halbleiter. Es verbindet hohe mechanische Festigkeit mit hervorragenden elektrischen Eigenschaften und eignet sich daher f\u00fcr anspruchsvolle elektronische Anwendungen.<\/p>\n<p data-start=\"5551\" data-end=\"5953\">","protected":false},"excerpt":{"rendered":"<p>Der 4-Zoll-4H-N-Siliciumcarbid-Wafer ist ein Schl\u00fcsselmaterial f\u00fcr die moderne Leistungselektronik. Seine Kombination aus elektrischer Effizienz, thermischer Leistung und Zuverl\u00e4ssigkeit macht ihn zu einem unverzichtbaren Substrat f\u00fcr Ger\u00e4te der n\u00e4chsten Generation. Da die Industrie weiterhin eine h\u00f6here Energieeffizienz und Systemleistung fordert, werden SiC-Wafer sowohl in kommerziellen als auch in industriellen Anwendungen immer wichtiger.<\/p>","protected":false},"featured_media":2168,"comment_status":"open","ping_status":"closed","template":"","meta":{"site-sidebar-layout":"default","site-content-layout":"","ast-site-content-layout":"default","site-content-style":"default","site-sidebar-style":"default","ast-global-header-display":"","ast-banner-title-visibility":"","ast-main-header-display":"","ast-hfb-above-header-display":"","ast-hfb-below-header-display":"","ast-hfb-mobile-header-display":"","site-post-title":"","ast-breadcrumbs-content":"","ast-featured-img":"","footer-sml-layout":"","ast-disable-related-posts":"","theme-transparent-header-meta":"default","adv-header-id-meta":"","stick-header-meta":"default","header-above-stick-meta":"","header-main-stick-meta":"","header-below-stick-meta":"","astra-migrate-meta-layouts":"set","ast-page-background-enabled":"default","ast-page-background-meta":{"desktop":{"background-color":"var(--ast-global-color-4)","background-image":"","background-repeat":"repeat","background-position":"center center","background-size":"auto","background-attachment":"scroll","background-type":"","background-media":"","overlay-type":"","overlay-color":"","overlay-opacity":"","overlay-gradient":""},"tablet":{"background-color":"","background-image":"","background-repeat":"repeat","background-position":"center center","background-size":"auto","background-attachment":"scroll","background-type":"","background-media":"","overlay-type":"","overlay-color":"","overlay-opacity":"","overlay-gradient":""},"mobile":{"background-color":"","background-image":"","background-repeat":"repeat","background-position":"center center","background-size":"auto","background-attachment":"scroll","background-type":"","background-media":"","overlay-type":"","overlay-color":"","overlay-opacity":"","overlay-gradient":""}},"ast-content-background-meta":{"desktop":{"background-color":"var(--ast-global-color-5)","background-image":"","background-repeat":"repeat","background-position":"center center","background-size":"auto","background-attachment":"scroll","background-type":"","background-media":"","overlay-type":"","overlay-color":"","overlay-opacity":"","overlay-gradient":""},"tablet":{"background-color":"var(--ast-global-color-5)","background-image":"","background-repeat":"repeat","background-position":"center center","background-size":"auto","background-attachment":"scroll","background-type":"","background-media":"","overlay-type":"","overlay-color":"","overlay-opacity":"","overlay-gradient":""},"mobile":{"background-color":"var(--ast-global-color-5)","background-image":"","background-repeat":"repeat","background-position":"center center","background-size":"auto","background-attachment":"scroll","background-type":"","background-media":"","overlay-type":"","overlay-color":"","overlay-opacity":"","overlay-gradient":""}}},"product_brand":[],"product_cat":[729],"product_tag":[930,929,935,931,932,934,933,928,927,692],"class_list":{"0":"post-2167","1":"product","2":"type-product","3":"status-publish","4":"has-post-thumbnail","6":"product_cat-wafer","7":"product_tag-4-inch-sic-wafer","8":"product_tag-4h-n-sic","9":"product_tag-ev-power-electronics-material","10":"product_tag-n-type-sic-wafer","11":"product_tag-power-semiconductor-material","12":"product_tag-schottky-diode-substrate","13":"product_tag-sic-mosfet-wafer","14":"product_tag-sic-substrate","15":"product_tag-silicon-carbide-wafer","16":"product_tag-wide-bandgap-semiconductor","17":"desktop-align-left","18":"tablet-align-left","19":"mobile-align-left","20":"ast-product-gallery-layout-horizontal-slider","21":"ast-product-tabs-layout-horizontal","23":"first","24":"instock","25":"shipping-taxable","26":"product-type-simple"},"_links":{"self":[{"href":"https:\/\/www.zmsh-semitech.com\/de\/wp-json\/wp\/v2\/product\/2167","targetHints":{"allow":["GET"]}}],"collection":[{"href":"https:\/\/www.zmsh-semitech.com\/de\/wp-json\/wp\/v2\/product"}],"about":[{"href":"https:\/\/www.zmsh-semitech.com\/de\/wp-json\/wp\/v2\/types\/product"}],"replies":[{"embeddable":true,"href":"https:\/\/www.zmsh-semitech.com\/de\/wp-json\/wp\/v2\/comments?post=2167"}],"version-history":[{"count":1,"href":"https:\/\/www.zmsh-semitech.com\/de\/wp-json\/wp\/v2\/product\/2167\/revisions"}],"predecessor-version":[{"id":2172,"href":"https:\/\/www.zmsh-semitech.com\/de\/wp-json\/wp\/v2\/product\/2167\/revisions\/2172"}],"wp:featuredmedia":[{"embeddable":true,"href":"https:\/\/www.zmsh-semitech.com\/de\/wp-json\/wp\/v2\/media\/2168"}],"wp:attachment":[{"href":"https:\/\/www.zmsh-semitech.com\/de\/wp-json\/wp\/v2\/media?parent=2167"}],"wp:term":[{"taxonomy":"product_brand","embeddable":true,"href":"https:\/\/www.zmsh-semitech.com\/de\/wp-json\/wp\/v2\/product_brand?post=2167"},{"taxonomy":"product_cat","embeddable":true,"href":"https:\/\/www.zmsh-semitech.com\/de\/wp-json\/wp\/v2\/product_cat?post=2167"},{"taxonomy":"product_tag","embeddable":true,"href":"https:\/\/www.zmsh-semitech.com\/de\/wp-json\/wp\/v2\/product_tag?post=2167"}],"curies":[{"name":"wp","href":"https:\/\/api.w.org\/{rel}","templated":true}]}}