{"id":2149,"date":"2026-04-09T07:24:36","date_gmt":"2026-04-09T07:24:36","guid":{"rendered":"https:\/\/www.zmsh-semitech.com\/?post_type=product&#038;p=2149"},"modified":"2026-04-09T07:24:37","modified_gmt":"2026-04-09T07:24:37","slug":"hp-1201-automatic-wafer-dicing-machine-for-large-format-precision-cutting","status":"publish","type":"product","link":"https:\/\/www.zmsh-semitech.com\/de\/product\/hp-1201-automatic-wafer-dicing-machine-for-large-format-precision-cutting\/","title":{"rendered":"HP-1201 Automatische Waferschneidemaschine f\u00fcr gro\u00dfformatige Pr\u00e4zisionsschnitte"},"content":{"rendered":"<p data-start=\"317\" data-end=\"680\"><img fetchpriority=\"high\" decoding=\"async\" class=\"size-medium wp-image-2151 alignright\" src=\"https:\/\/www.zmsh-semitech.com\/wp-content\/uploads\/2026\/04\/HP-1201-Automatic-Wafer-Substrate-Dicing-Machine-for-Large-Format-Precision-Cutting-300x300.png\" alt=\"\" width=\"300\" height=\"300\" srcset=\"https:\/\/www.zmsh-semitech.com\/wp-content\/uploads\/2026\/04\/HP-1201-Automatic-Wafer-Substrate-Dicing-Machine-for-Large-Format-Precision-Cutting-300x300.png 300w, https:\/\/www.zmsh-semitech.com\/wp-content\/uploads\/2026\/04\/HP-1201-Automatic-Wafer-Substrate-Dicing-Machine-for-Large-Format-Precision-Cutting-150x150.png 150w, https:\/\/www.zmsh-semitech.com\/wp-content\/uploads\/2026\/04\/HP-1201-Automatic-Wafer-Substrate-Dicing-Machine-for-Large-Format-Precision-Cutting-768x768.png 768w, https:\/\/www.zmsh-semitech.com\/wp-content\/uploads\/2026\/04\/HP-1201-Automatic-Wafer-Substrate-Dicing-Machine-for-Large-Format-Precision-Cutting-12x12.png 12w, https:\/\/www.zmsh-semitech.com\/wp-content\/uploads\/2026\/04\/HP-1201-Automatic-Wafer-Substrate-Dicing-Machine-for-Large-Format-Precision-Cutting-600x600.png 600w, https:\/\/www.zmsh-semitech.com\/wp-content\/uploads\/2026\/04\/HP-1201-Automatic-Wafer-Substrate-Dicing-Machine-for-Large-Format-Precision-Cutting-100x100.png 100w, https:\/\/www.zmsh-semitech.com\/wp-content\/uploads\/2026\/04\/HP-1201-Automatic-Wafer-Substrate-Dicing-Machine-for-Large-Format-Precision-Cutting.png 1000w\" sizes=\"(max-width: 300px) 100vw, 300px\" \/>Die automatische W\u00fcrfelschneidemaschine HP-1201 ist eine Hochleistungsl\u00f6sung, die speziell f\u00fcr gro\u00dfformatige Substrate und mehrteilige Schneidanwendungen entwickelt wurde. Das System wurde entwickelt, um den wachsenden Anforderungen des modernen Halbleiter-Packaging und der Substratverarbeitung gerecht zu werden. Es unterst\u00fctzt sowohl das Trennen von Wafern (bis zu 12 Zoll) als auch gro\u00dffl\u00e4chige Werkst\u00fccke bis zu 400 \u00d7 400 mm.<\/p>\n<p data-start=\"682\" data-end=\"977\">Mit ihrer robusten Gantry-Struktur, der gegen\u00fcberliegenden Doppelspindelkonfiguration und der anpassbaren Arbeitsplattform bietet die HP-1201 eine au\u00dfergew\u00f6hnliche Steifigkeit, Stabilit\u00e4t und Durchsatzleistung. Sie eignet sich besonders f\u00fcr Anwendungen mit Bandmaterialien, Mehrfachplatten und komplexen Werkst\u00fccklayouts.<\/p>\n<p data-start=\"979\" data-end=\"1181\">Die Maschine integriert hochpr\u00e4zise Ausrichtung, intelligente Inspektion und flexible Bearbeitungsm\u00f6glichkeiten und ist damit die ideale Wahl f\u00fcr Hersteller, die sowohl Produktivit\u00e4t als auch Schnittgenauigkeit suchen.<\/p>\n<h2 data-section-id=\"1j5qwet\" data-start=\"1188\" data-end=\"1207\"><span role=\"text\">Wesentliche Merkmale<\/span><\/h2>\n<h3 data-section-id=\"1lkyyr4\" data-start=\"1209\" data-end=\"1256\"><span role=\"text\">1. Konzipiert f\u00fcr gro\u00dfformatige Substrate<\/span><\/h3>\n<p data-start=\"1257\" data-end=\"1364\">Im Gegensatz zu herk\u00f6mmlichen W\u00fcrfelsystemen ist das HP-1201 f\u00fcr gro\u00dfe Werkst\u00fccke und Verpackungssubstrate optimiert:<\/p>\n<ul data-start=\"1365\" data-end=\"1528\">\n<li data-section-id=\"122wrc4\" data-start=\"1365\" data-end=\"1420\">Geeignet f\u00fcr quadratische Materialien bis zu 400 mm \u00d7 400 mm<\/li>\n<li data-section-id=\"1w2sjk2\" data-start=\"1421\" data-end=\"1469\">Kompatibel mit 12-Zoll-Wafern und darunter<\/li>\n<li data-section-id=\"bo18rw\" data-start=\"1470\" data-end=\"1528\">Ideal f\u00fcr Panel-Level und fortschrittliche Verpackungsprozesse<\/li>\n<\/ul>\n<p data-start=\"1530\" data-end=\"1619\">Dadurch ist es sowohl f\u00fcr Halbleiter als auch f\u00fcr neue Verpackungstechnologien bestens geeignet.<\/p>\n<h3 data-section-id=\"1gerb2u\" data-start=\"1626\" data-end=\"1683\"><span role=\"text\">2. Hocheffizientes Schneiden in mehreren Teilen<\/span><\/h3>\n<p data-start=\"1684\" data-end=\"1751\">Das System eignet sich hervorragend f\u00fcr Mehrstreifen- und Stapelverarbeitungsanwendungen:<\/p>\n<ul data-start=\"1752\" data-end=\"1953\">\n<li data-section-id=\"12ne451\" data-start=\"1752\" data-end=\"1810\">Unterst\u00fctzt die gleichzeitige Platzierung von mehreren Werkst\u00fccken<\/li>\n<li data-section-id=\"1ahonq2\" data-start=\"1811\" data-end=\"1889\">Beispiel: bis zu 5 Streifen (250 mm \u00d7 70 mm) k\u00f6nnen in einem Zyklus verarbeitet werden<\/li>\n<li data-section-id=\"91yitt\" data-start=\"1890\" data-end=\"1953\">Erhebliche Verbesserung des Durchsatzes und Reduzierung der Bearbeitungszeit<\/li>\n<\/ul>\n<p data-start=\"1955\" data-end=\"2034\">Diese F\u00e4higkeit ist besonders wertvoll f\u00fcr hochvolumige Produktionsumgebungen.<\/p>\n<h3 data-section-id=\"pb7q73\" data-start=\"2041\" data-end=\"2096\"><span role=\"text\">3. Gegen\u00fcberliegendes Doppelspindelsystem f\u00fcr mehr Produktivit\u00e4t<\/span><\/h3>\n<p data-start=\"2097\" data-end=\"2177\">Das HP-1201 verf\u00fcgt \u00fcber eine Doppelspindelstruktur mit einem Spindelabstand von \u2264 22 mm:<\/p>\n<ul data-start=\"2178\" data-end=\"2320\">\n<li data-section-id=\"126smyd\" data-start=\"2178\" data-end=\"2231\">Erm\u00f6glicht parallele oder sequentielle Schneidvorg\u00e4nge<\/li>\n<li data-section-id=\"1phn8sk\" data-start=\"2232\" data-end=\"2264\">Reduziert den Leerlaufweg<\/li>\n<li data-section-id=\"101lqcw\" data-start=\"2265\" data-end=\"2320\">Erh\u00f6ht die Schneideleistung und den Gesamtdurchsatz<\/li>\n<\/ul>\n<p data-start=\"2322\" data-end=\"2440\">In Verbindung mit der hohen Drehzahl der Spindel (bis zu 60.000 U\/min) gew\u00e4hrleistet das System eine schnelle und pr\u00e4zise Materialtrennung.<\/p>\n<h3 data-section-id=\"w5e11x\" data-start=\"2447\" data-end=\"2497\"><span role=\"text\">4. Gantry-Struktur f\u00fcr \u00fcberlegene Stabilit\u00e4t<\/span><\/h3>\n<p data-start=\"2498\" data-end=\"2547\">Die Maschine ist mit einem hochsteifen Portal ausgestattet:<\/p>\n<ul data-start=\"2548\" data-end=\"2716\">\n<li data-section-id=\"fbik\" data-start=\"2548\" data-end=\"2609\">Verbesserte strukturelle Stabilit\u00e4t im Hochgeschwindigkeitsbetrieb<\/li>\n<li data-section-id=\"qf4dsg\" data-start=\"2610\" data-end=\"2661\">Reduzierte Vibration f\u00fcr verbesserte Schnittgenauigkeit<\/li>\n<li data-section-id=\"8ypr2z\" data-start=\"2662\" data-end=\"2716\">Geeignet zum pr\u00e4zisen Schneiden von spr\u00f6den Materialien<\/li>\n<\/ul>\n<p data-start=\"2718\" data-end=\"2797\">Dies gew\u00e4hrleistet eine konstante Leistung auch unter anspruchsvollen Verarbeitungsbedingungen.<\/p>\n<h3 data-section-id=\"z6iv4c\" data-start=\"2804\" data-end=\"2855\"><span role=\"text\">5. Fortschrittliches Ausrichtungs- und Inspektionssystem<\/span><\/h3>\n<p data-start=\"2856\" data-end=\"2902\">Ausgestattet mit einer Doppelmikroskop-Konfiguration:<\/p>\n<ul data-start=\"2903\" data-end=\"3050\">\n<li data-section-id=\"1upg1xh\" data-start=\"2903\" data-end=\"2952\">Erm\u00f6glicht eine schnelle und genaue automatische Ausrichtung<\/li>\n<li data-section-id=\"7lt55p\" data-start=\"2953\" data-end=\"2997\">Unterst\u00fctzt hochaufl\u00f6sende Schnittspaltinspektion<\/li>\n<li data-section-id=\"rql893\" data-start=\"2998\" data-end=\"3050\">Verbessert die Schnittkonsistenz und reduziert Fehler<\/li>\n<\/ul>\n<p data-start=\"3052\" data-end=\"3133\">Dies ist entscheidend f\u00fcr die Einhaltung enger Toleranzen in der Halbleiterfertigung.<\/p>\n<h3 data-section-id=\"ft5041\" data-start=\"3140\" data-end=\"3190\"><span role=\"text\">6. Optionale Sub-CT-Klingenabrichtfunktion<\/span><\/h3>\n<p data-start=\"3191\" data-end=\"3283\">Die optionale Abrichtfunktion Sub-CT hilft, den optimalen Zustand der Klinge zu erhalten:<\/p>\n<ul data-start=\"3284\" data-end=\"3397\">\n<li data-section-id=\"1trj5ya\" data-start=\"3284\" data-end=\"3329\">Verringert Kantenabplatzungen und Oberfl\u00e4chenfehler<\/li>\n<li data-section-id=\"2vyx60\" data-start=\"3330\" data-end=\"3360\">Verl\u00e4ngert die Lebensdauer der Klinge<\/li>\n<li data-section-id=\"1wk3sdx\" data-start=\"3361\" data-end=\"3397\">Verbessert die allgemeine Schnittqualit\u00e4t<\/li>\n<\/ul>\n<h3 data-section-id=\"ngjugw\" data-start=\"3404\" data-end=\"3447\"><span role=\"text\">7. Optionales Deep-Cut-K\u00fchlsystem<\/span><\/h3>\n<p data-start=\"3448\" data-end=\"3503\">Optional ist ein K\u00fchlwassersystem mit tiefem Einschnitt erh\u00e4ltlich:<\/p>\n<ul data-start=\"3504\" data-end=\"3641\">\n<li data-section-id=\"wu3rr0\" data-start=\"3504\" data-end=\"3550\">Verbessert die K\u00fchlleistung beim Schneiden<\/li>\n<li data-section-id=\"1e0lcc8\" data-start=\"3551\" data-end=\"3590\">Verringert thermische Sch\u00e4den an Materialien<\/li>\n<li data-section-id=\"rjj9u\" data-start=\"3591\" data-end=\"3641\">Verbessert Oberfl\u00e4chenqualit\u00e4t und Schnittpr\u00e4zision<\/li>\n<\/ul>\n<h2 data-section-id=\"id1bjs\" data-start=\"3648\" data-end=\"3679\"><span role=\"text\">Technische Daten<\/span><\/h2>\n<div class=\"TyagGW_tableContainer\">\n<div class=\"group TyagGW_tableWrapper flex flex-col-reverse w-fit\" tabindex=\"-1\">\n<table class=\"w-fit min-w-(--thread-content-width)\" data-start=\"3681\" data-end=\"4410\">\n<thead data-start=\"3681\" data-end=\"3718\">\n<tr data-start=\"3681\" data-end=\"3718\">\n<th class=\"\" data-start=\"3681\" data-end=\"3697\" data-col-size=\"sm\">Parameter<\/th>\n<th class=\"\" data-start=\"3697\" data-end=\"3718\" data-col-size=\"sm\">Spezifikation<\/th>\n<\/tr>\n<\/thead>\n<tbody data-start=\"3755\" data-end=\"4410\">\n<tr data-start=\"3755\" data-end=\"3781\">\n<td data-start=\"3755\" data-end=\"3771\" data-col-size=\"sm\">Spindel Leistung<\/td>\n<td data-start=\"3771\" data-end=\"3781\" data-col-size=\"sm\">1,8 kW<\/td>\n<\/tr>\n<tr data-start=\"3782\" data-end=\"3818\">\n<td data-start=\"3782\" data-end=\"3798\" data-col-size=\"sm\">Spindeldrehzahl<\/td>\n<td data-start=\"3798\" data-end=\"3818\" data-col-size=\"sm\">6000 - 60000 U\/min<\/td>\n<\/tr>\n<tr data-start=\"3819\" data-end=\"3845\">\n<td data-start=\"3819\" data-end=\"3835\" data-col-size=\"sm\">X-Achse Verfahrweg<\/td>\n<td data-start=\"3835\" data-end=\"3845\" data-col-size=\"sm\">420 mm<\/td>\n<\/tr>\n<tr data-start=\"3846\" data-end=\"3880\">\n<td data-start=\"3846\" data-end=\"3861\" data-col-size=\"sm\">X-Achse Geschwindigkeit<\/td>\n<td data-start=\"3861\" data-end=\"3880\" data-col-size=\"sm\">0,1 - 1000 mm\/s<\/td>\n<\/tr>\n<tr data-start=\"3881\" data-end=\"3913\">\n<td data-start=\"3881\" data-end=\"3901\" data-col-size=\"sm\">X-Achse Aufl\u00f6sung<\/td>\n<td data-start=\"3901\" data-end=\"3913\" data-col-size=\"sm\">0,001 mm<\/td>\n<\/tr>\n<tr data-start=\"3914\" data-end=\"3939\">\n<td data-start=\"3914\" data-end=\"3929\" data-col-size=\"sm\">Y1\/Y2 Reisen<\/td>\n<td data-start=\"3929\" data-end=\"3939\" data-col-size=\"sm\">420 mm<\/td>\n<\/tr>\n<tr data-start=\"3940\" data-end=\"3973\">\n<td data-start=\"3940\" data-end=\"3960\" data-col-size=\"sm\">Y-Achse Aufl\u00f6sung<\/td>\n<td data-start=\"3960\" data-end=\"3973\" data-col-size=\"sm\">0,0001 mm<\/td>\n<\/tr>\n<tr data-start=\"3974\" data-end=\"4009\">\n<td data-start=\"3974\" data-end=\"3997\" data-col-size=\"sm\">Positionierungsgenauigkeit<\/td>\n<td data-start=\"3997\" data-end=\"4009\" data-col-size=\"sm\">0,002 mm<\/td>\n<\/tr>\n<tr data-start=\"4010\" data-end=\"4048\">\n<td data-start=\"4010\" data-end=\"4030\" data-col-size=\"sm\">Kumulierter Fehler<\/td>\n<td data-start=\"4030\" data-end=\"4048\" data-col-size=\"sm\">0,003 \/ 400 mm<\/td>\n<\/tr>\n<tr data-start=\"4049\" data-end=\"4073\">\n<td data-start=\"4049\" data-end=\"4064\" data-col-size=\"sm\">Z1\/Z2 Reisen<\/td>\n<td data-start=\"4064\" data-end=\"4073\" data-col-size=\"sm\">13 mm<\/td>\n<\/tr>\n<tr data-start=\"4074\" data-end=\"4102\">\n<td data-start=\"4074\" data-end=\"4090\" data-col-size=\"sm\">Reproduzierbarkeit<\/td>\n<td data-start=\"4090\" data-end=\"4102\" data-col-size=\"sm\">0,001 mm<\/td>\n<\/tr>\n<tr data-start=\"4103\" data-end=\"4133\">\n<td data-start=\"4103\" data-end=\"4120\" data-col-size=\"sm\">Theta-Drehung<\/td>\n<td data-start=\"4120\" data-end=\"4133\" data-col-size=\"sm\">380\u00b0 \u00b1 5\u00b0<\/td>\n<\/tr>\n<tr data-start=\"4134\" data-end=\"4166\">\n<td data-start=\"4134\" data-end=\"4153\" data-col-size=\"sm\">Winkelgenauigkeit<\/td>\n<td data-start=\"4153\" data-end=\"4166\" data-col-size=\"sm\">1 Bogensekunde<\/td>\n<\/tr>\n<tr data-start=\"4167\" data-end=\"4220\">\n<td data-start=\"4167\" data-end=\"4194\" data-col-size=\"sm\">Mikroskopische Vergr\u00f6\u00dferung<\/td>\n<td data-start=\"4194\" data-end=\"4220\" data-col-size=\"sm\">1,5\u00d7 (optional) \/ 0,8\u00d7<\/td>\n<\/tr>\n<tr data-start=\"4221\" data-end=\"4262\">\n<td data-start=\"4221\" data-end=\"4232\" data-col-size=\"sm\">Beleuchtung<\/td>\n<td data-start=\"4232\" data-end=\"4262\" data-col-size=\"sm\">Ringlicht + Koaxiallicht<\/td>\n<\/tr>\n<tr data-start=\"4263\" data-end=\"4298\">\n<td data-start=\"4263\" data-end=\"4287\" data-col-size=\"sm\">Max Werkst\u00fcck (rund)<\/td>\n<td data-start=\"4287\" data-end=\"4298\" data-col-size=\"sm\">\u00d8300 mm<\/td>\n<\/tr>\n<tr data-start=\"4299\" data-end=\"4340\">\n<td data-start=\"4299\" data-end=\"4324\" data-col-size=\"sm\">Max Werkst\u00fcck (quadratisch)<\/td>\n<td data-start=\"4324\" data-end=\"4340\" data-col-size=\"sm\">400 \u00d7 400 mm<\/td>\n<\/tr>\n<tr data-start=\"4341\" data-end=\"4389\">\n<td data-start=\"4341\" data-end=\"4364\" data-col-size=\"sm\">Gr\u00f6\u00dfe der Maschine (B\u00d7T\u00d7H)<\/td>\n<td data-start=\"4364\" data-end=\"4389\" data-col-size=\"sm\">1450 \u00d7 1250 \u00d7 1850 mm<\/td>\n<\/tr>\n<tr data-start=\"4390\" data-end=\"4410\">\n<td data-start=\"4390\" data-end=\"4399\" data-col-size=\"sm\">Gewicht<\/td>\n<td data-start=\"4399\" data-end=\"4410\" data-col-size=\"sm\">2000 kg<\/td>\n<\/tr>\n<\/tbody>\n<\/table>\n<\/div>\n<\/div>\n<h2 data-section-id=\"k0zlak\" data-start=\"4417\" data-end=\"4436\"><span role=\"text\">Anwendungen<\/span><\/h2>\n<p data-start=\"4438\" data-end=\"4562\">Die HP-1201 wird h\u00e4ufig in fortschrittlichen Fertigungsbereichen eingesetzt, die eine hochpr\u00e4zise Zerlegung von gro\u00dfen oder mehreren Werkst\u00fccken erfordern:<\/p>\n<ul data-start=\"4564\" data-end=\"4795\">\n<li data-section-id=\"5cz68w\" data-start=\"4564\" data-end=\"4606\">Zerteilen von Halbleiterwafern (\u2264 12 Zoll)<\/li>\n<li data-section-id=\"vc4r2z\" data-start=\"4607\" data-end=\"4640\">Moderne Verpackungssubstrate<\/li>\n<li data-section-id=\"c44nr\" data-start=\"4641\" data-end=\"4672\">Verpackung auf Paneelebene (PLP)<\/li>\n<li data-section-id=\"ar9gw\" data-start=\"4673\" data-end=\"4709\">LED und optoelektronische Materialien<\/li>\n<li data-section-id=\"1cw4nvq\" data-start=\"4710\" data-end=\"4748\">Keramische und hart-spr\u00f6de Materialien<\/li>\n<li data-section-id=\"nh0qnc\" data-start=\"4749\" data-end=\"4795\">Mehrstreifen- und Stapelschneidanwendungen<\/li>\n<\/ul>\n<p><img decoding=\"async\" class=\"wp-image-2150 size-large aligncenter\" src=\"https:\/\/www.zmsh-semitech.com\/wp-content\/uploads\/2026\/04\/APPLICATION2-1024x683.png\" alt=\"\" width=\"1024\" height=\"683\" srcset=\"https:\/\/www.zmsh-semitech.com\/wp-content\/uploads\/2026\/04\/APPLICATION2-1024x683.png 1024w, https:\/\/www.zmsh-semitech.com\/wp-content\/uploads\/2026\/04\/APPLICATION2-300x200.png 300w, https:\/\/www.zmsh-semitech.com\/wp-content\/uploads\/2026\/04\/APPLICATION2-768x512.png 768w, https:\/\/www.zmsh-semitech.com\/wp-content\/uploads\/2026\/04\/APPLICATION2-18x12.png 18w, https:\/\/www.zmsh-semitech.com\/wp-content\/uploads\/2026\/04\/APPLICATION2-600x400.png 600w, https:\/\/www.zmsh-semitech.com\/wp-content\/uploads\/2026\/04\/APPLICATION2.png 1536w\" sizes=\"(max-width: 1024px) 100vw, 1024px\" \/><\/p>\n<h2 data-section-id=\"p8uldy\" data-start=\"4802\" data-end=\"4824\"><span role=\"text\">Wesentliche Vorteile<\/span><\/h2>\n<h3 data-section-id=\"jjig1u\" data-start=\"4826\" data-end=\"4849\"><span role=\"text\">Hoher Durchsatz<\/span><\/h3>\n<p data-start=\"4850\" data-end=\"4933\">Mehrteilige Bearbeitung und zweispindlige Ausf\u00fchrung erh\u00f6hen die Produktivit\u00e4t erheblich.<\/p>\n<h3 data-section-id=\"1lkz33s\" data-start=\"4935\" data-end=\"4962\"><span role=\"text\">Flexible Verarbeitung<\/span><\/h3>\n<p data-start=\"4963\" data-end=\"5038\">Der anpassbare Arbeitstisch erm\u00f6glicht die Bearbeitung verschiedener Formen und Layouts.<\/p>\n<h3 data-section-id=\"1s6s45v\" data-start=\"5040\" data-end=\"5069\"><span role=\"text\">Pr\u00e4zision und Stabilit\u00e4t<\/span><\/h3>\n<p data-start=\"5070\" data-end=\"5156\">Die Gantry-Struktur und das fortschrittliche Ausrichtungssystem gew\u00e4hrleisten hohe Genauigkeit und Wiederholbarkeit.<\/p>\n<h3 data-section-id=\"kl9wyi\" data-start=\"5158\" data-end=\"5181\"><span role=\"text\">Kosteneffizienz<\/span><\/h3>\n<p data-start=\"5182\" data-end=\"5262\">Geringere Bearbeitungszeiten und eine l\u00e4ngere Lebensdauer der Klingen senken die Gesamtbetriebskosten.<\/p>\n<h2 data-section-id=\"1nqqsko\" data-start=\"63\" data-end=\"102\"><span role=\"text\">H\u00e4ufig gestellte Fragen (FAQ)<\/span><\/h2>\n<h3 data-section-id=\"1204f8i\" data-start=\"104\" data-end=\"177\"><span role=\"text\">1. Welches ist die maximale Werkst\u00fcckgr\u00f6\u00dfe, die das HP-1201 unterst\u00fctzt?<\/span><\/h3>\n<p data-start=\"178\" data-end=\"431\">Der HP-1201 unterst\u00fctzt sowohl Wafer als auch gro\u00dfformatige Substrate. Er kann runde Wafer bis zu 12 Zoll (\u00d8300 mm) und quadratische Werkst\u00fccke bis zu 400 \u00d7 400 mm verarbeiten. Damit eignet er sich besonders f\u00fcr fortschrittliche Verpackungs- und Panel-Anwendungen.<\/p>\n<h3 data-section-id=\"xmgpor\" data-start=\"438\" data-end=\"521\"><span role=\"text\">2. Ist das HP-1201 f\u00fcr das Schneiden von mehreren Teilen oder Streifen geeignet?<\/span><\/h3>\n<p data-start=\"522\" data-end=\"792\">Ja. Der HP-1201 ist speziell f\u00fcr das Schneiden von mehreren St\u00fccken und Streifen optimiert. Sie kann mehrere Streifen in einem einzigen Zyklus verarbeiten - zum Beispiel bis zu 5 St\u00fcck 250 mm \u00d7 70 mm gro\u00dfe Streifen -, was den Durchsatz deutlich erh\u00f6ht und die Bearbeitungszeit in der Serienproduktion reduziert.<\/p>\n<h3 data-section-id=\"afviui\" data-start=\"799\" data-end=\"871\"><span role=\"text\">3. Wie gew\u00e4hrleistet die Maschine Schnittgenauigkeit und Stabilit\u00e4t?<\/span><\/h3>\n<p data-start=\"872\" data-end=\"932\">Der HP-1201 gew\u00e4hrleistet hohe Pr\u00e4zision durch eine Kombination aus:<\/p>\n<ul data-start=\"933\" data-end=\"1195\">\n<li data-section-id=\"333d9b\" data-start=\"933\" data-end=\"992\">Hochstabile Portalkonstruktion f\u00fcr stabilen Betrieb<\/li>\n<li data-section-id=\"933urv\" data-start=\"993\" data-end=\"1061\">Doppelmikroskopsystem f\u00fcr genaue Ausrichtung und Pr\u00fcfung<\/li>\n<li data-section-id=\"119muuq\" data-start=\"1062\" data-end=\"1129\">Hochaufl\u00f6sende Bewegungssteuerung (bis zu 0,0001 mm Aufl\u00f6sung)<\/li>\n<li data-section-id=\"1kcuul9\" data-start=\"1130\" data-end=\"1195\">Zweispindelkonfiguration f\u00fcr ausgewogenes und effizientes Schneiden<\/li>\n<\/ul>\n<p data-start=\"1197\" data-end=\"1334\">Diese Merkmale sorgen gemeinsam f\u00fcr eine gleichbleibende Schnittqualit\u00e4t, minimale Ausbr\u00fcche und zuverl\u00e4ssige Leistung bei anspruchsvollen Anwendungen.<\/p>","protected":false},"excerpt":{"rendered":"<p>Die automatische W\u00fcrfelschneidemaschine HP-1201 ist eine Hochleistungsl\u00f6sung, die speziell f\u00fcr gro\u00dfformatige Substrate und mehrteilige Schneidanwendungen entwickelt wurde. Das System wurde entwickelt, um den wachsenden Anforderungen des modernen Halbleiter-Packaging und der Substratverarbeitung gerecht zu werden. Es unterst\u00fctzt sowohl das Trennen von Wafern (bis zu 12 Zoll) als auch gro\u00dffl\u00e4chige Werkst\u00fccke bis zu 400 \u00d7 400 mm.<\/p>","protected":false},"featured_media":2151,"comment_status":"open","ping_status":"closed","template":"","meta":{"site-sidebar-layout":"default","site-content-layout":"","ast-site-content-layout":"default","site-content-style":"default","site-sidebar-style":"default","ast-global-header-display":"","ast-banner-title-visibility":"","ast-main-header-display":"","ast-hfb-above-header-display":"","ast-hfb-below-header-display":"","ast-hfb-mobile-header-display":"","site-post-title":"","ast-breadcrumbs-content":"","ast-featured-img":"","footer-sml-layout":"","ast-disable-related-posts":"","theme-transparent-header-meta":"default","adv-header-id-meta":"","stick-header-meta":"default","header-above-stick-meta":"","header-main-stick-meta":"","header-below-stick-meta":"","astra-migrate-meta-layouts":"set","ast-page-background-enabled":"default","ast-page-background-meta":{"desktop":{"background-color":"var(--ast-global-color-4)","background-image":"","background-repeat":"repeat","background-position":"center center","background-size":"auto","background-attachment":"scroll","background-type":"","background-media":"","overlay-type":"","overlay-color":"","overlay-opacity":"","overlay-gradient":""},"tablet":{"background-color":"","background-image":"","background-repeat":"repeat","background-position":"center center","background-size":"auto","background-attachment":"scroll","background-type":"","background-media":"","overlay-type":"","overlay-color":"","overlay-opacity":"","overlay-gradient":""},"mobile":{"background-color":"","background-image":"","background-repeat":"repeat","background-position":"center center","background-size":"auto","background-attachment":"scroll","background-type":"","background-media":"","overlay-type":"","overlay-color":"","overlay-opacity":"","overlay-gradient":""}},"ast-content-background-meta":{"desktop":{"background-color":"var(--ast-global-color-5)","background-image":"","background-repeat":"repeat","background-position":"center center","background-size":"auto","background-attachment":"scroll","background-type":"","background-media":"","overlay-type":"","overlay-color":"","overlay-opacity":"","overlay-gradient":""},"tablet":{"background-color":"var(--ast-global-color-5)","background-image":"","background-repeat":"repeat","background-position":"center center","background-size":"auto","background-attachment":"scroll","background-type":"","background-media":"","overlay-type":"","overlay-color":"","overlay-opacity":"","overlay-gradient":""},"mobile":{"background-color":"var(--ast-global-color-5)","background-image":"","background-repeat":"repeat","background-position":"center center","background-size":"auto","background-attachment":"scroll","background-type":"","background-media":"","overlay-type":"","overlay-color":"","overlay-opacity":"","overlay-gradient":""}}},"product_brand":[],"product_cat":[878],"product_tag":[897,898,891,896,895,894,893,694,475,890,892,889],"class_list":{"0":"post-2149","1":"product","2":"type-product","3":"status-publish","4":"has-post-thumbnail","6":"product_cat-dicing-equipment","7":"product_tag-ceramic-substrate-machining","8":"product_tag-dual-spindle-dicing","9":"product_tag-ic-chip-singulation","10":"product_tag-led-chip-processing","11":"product_tag-mems-fabrication","12":"product_tag-multi-strip-cutting","13":"product_tag-panel-level-packaging","14":"product_tag-precision-microfabrication","15":"product_tag-semiconductor-manufacturing","16":"product_tag-silicon-wafer-processing","17":"product_tag-substrate-cutting","18":"product_tag-wafer-dicing","19":"desktop-align-left","20":"tablet-align-left","21":"mobile-align-left","22":"ast-product-gallery-layout-horizontal-slider","23":"ast-product-gallery-with-no-image","24":"ast-product-tabs-layout-horizontal","26":"first","27":"instock","28":"shipping-taxable","29":"product-type-simple"},"_links":{"self":[{"href":"https:\/\/www.zmsh-semitech.com\/de\/wp-json\/wp\/v2\/product\/2149","targetHints":{"allow":["GET"]}}],"collection":[{"href":"https:\/\/www.zmsh-semitech.com\/de\/wp-json\/wp\/v2\/product"}],"about":[{"href":"https:\/\/www.zmsh-semitech.com\/de\/wp-json\/wp\/v2\/types\/product"}],"replies":[{"embeddable":true,"href":"https:\/\/www.zmsh-semitech.com\/de\/wp-json\/wp\/v2\/comments?post=2149"}],"version-history":[{"count":2,"href":"https:\/\/www.zmsh-semitech.com\/de\/wp-json\/wp\/v2\/product\/2149\/revisions"}],"predecessor-version":[{"id":2153,"href":"https:\/\/www.zmsh-semitech.com\/de\/wp-json\/wp\/v2\/product\/2149\/revisions\/2153"}],"wp:featuredmedia":[{"embeddable":true,"href":"https:\/\/www.zmsh-semitech.com\/de\/wp-json\/wp\/v2\/media\/2151"}],"wp:attachment":[{"href":"https:\/\/www.zmsh-semitech.com\/de\/wp-json\/wp\/v2\/media?parent=2149"}],"wp:term":[{"taxonomy":"product_brand","embeddable":true,"href":"https:\/\/www.zmsh-semitech.com\/de\/wp-json\/wp\/v2\/product_brand?post=2149"},{"taxonomy":"product_cat","embeddable":true,"href":"https:\/\/www.zmsh-semitech.com\/de\/wp-json\/wp\/v2\/product_cat?post=2149"},{"taxonomy":"product_tag","embeddable":true,"href":"https:\/\/www.zmsh-semitech.com\/de\/wp-json\/wp\/v2\/product_tag?post=2149"}],"curies":[{"name":"wp","href":"https:\/\/api.w.org\/{rel}","templated":true}]}}