{"id":2143,"date":"2026-04-09T07:00:47","date_gmt":"2026-04-09T07:00:47","guid":{"rendered":"https:\/\/www.zmsh-semitech.com\/?post_type=product&#038;p=2143"},"modified":"2026-04-09T07:03:21","modified_gmt":"2026-04-09T07:03:21","slug":"high-precision-12-inch-wafer-dicing-solution-for-advanced-semiconductor-processing","status":"publish","type":"product","link":"https:\/\/www.zmsh-semitech.com\/de\/product\/high-precision-12-inch-wafer-dicing-solution-for-advanced-semiconductor-processing\/","title":{"rendered":"Hochpr\u00e4zise 12-Zoll-Wafer-Dicing-L\u00f6sung f\u00fcr die moderne Halbleiterverarbeitung"},"content":{"rendered":"<p data-start=\"245\" data-end=\"627\"><img fetchpriority=\"high\" decoding=\"async\" class=\"size-medium wp-image-2144 alignright\" src=\"https:\/\/www.zmsh-semitech.com\/wp-content\/uploads\/2026\/04\/High-Precision-12-inch-Wafer-Dicing-Solution-for-Advanced-Semiconductor-Processing2-300x300.png\" alt=\"\" width=\"300\" height=\"300\" srcset=\"https:\/\/www.zmsh-semitech.com\/wp-content\/uploads\/2026\/04\/High-Precision-12-inch-Wafer-Dicing-Solution-for-Advanced-Semiconductor-Processing2-300x300.png 300w, https:\/\/www.zmsh-semitech.com\/wp-content\/uploads\/2026\/04\/High-Precision-12-inch-Wafer-Dicing-Solution-for-Advanced-Semiconductor-Processing2-150x150.png 150w, https:\/\/www.zmsh-semitech.com\/wp-content\/uploads\/2026\/04\/High-Precision-12-inch-Wafer-Dicing-Solution-for-Advanced-Semiconductor-Processing2-768x768.png 768w, https:\/\/www.zmsh-semitech.com\/wp-content\/uploads\/2026\/04\/High-Precision-12-inch-Wafer-Dicing-Solution-for-Advanced-Semiconductor-Processing2-12x12.png 12w, https:\/\/www.zmsh-semitech.com\/wp-content\/uploads\/2026\/04\/High-Precision-12-inch-Wafer-Dicing-Solution-for-Advanced-Semiconductor-Processing2-600x600.png 600w, https:\/\/www.zmsh-semitech.com\/wp-content\/uploads\/2026\/04\/High-Precision-12-inch-Wafer-Dicing-Solution-for-Advanced-Semiconductor-Processing2-100x100.png 100w, https:\/\/www.zmsh-semitech.com\/wp-content\/uploads\/2026\/04\/High-Precision-12-inch-Wafer-Dicing-Solution-for-Advanced-Semiconductor-Processing2.png 1000w\" sizes=\"(max-width: 300px) 100vw, 300px\" \/>Die vollautomatische HP-1221 Wafer Dicing Machine ist eine hocheffiziente, pr\u00e4zisionsgefertigte L\u00f6sung f\u00fcr die Vereinzelung von Halbleiterwafern. Dieses System unterst\u00fctzt Wafer bis zu 12 Zoll (300 mm) und integriert fortschrittliche Automatisierung, Zweispindel-Schneidtechnologie und intelligente Ausrichtsysteme, um \u00fcberragende Schneidgenauigkeit, Durchsatz und Konsistenz zu gew\u00e4hrleisten.<\/p>\n<p data-start=\"629\" data-end=\"943\">Der HP-1221 wurde f\u00fcr moderne Halbleiterfertigungsumgebungen entwickelt und erm\u00f6glicht einen vollautomatischen Arbeitsablauf - vom Laden und Ausrichten der Wafer bis hin zum pr\u00e4zisen Schneiden, gefolgt von integrierter Reinigung und Trocknung. Dies reduziert manuelle Eingriffe erheblich, verbessert die Ausbeute und sorgt f\u00fcr wiederholbare Prozessstabilit\u00e4t.<\/p>\n<p data-start=\"945\" data-end=\"1134\">Mit seiner kompakten Grundfl\u00e4che und seiner robusten Bauweise eignet sich der HP-1221 sowohl f\u00fcr Produktionslinien mit hohen St\u00fcckzahlen als auch f\u00fcr spezielle Anwendungen, die hohe Pr\u00e4zision und Zuverl\u00e4ssigkeit erfordern.<\/p>\n<h2 data-section-id=\"1j5qwet\" data-start=\"1141\" data-end=\"1160\"><span role=\"text\">Wesentliche Merkmale<\/span><\/h2>\n<h3 data-section-id=\"9cqnah\" data-start=\"1162\" data-end=\"1223\"><span role=\"text\">1. Zwei Spindeln mit gegen\u00fcberliegender Struktur f\u00fcr hohen Wirkungsgrad<\/span><\/h3>\n<p data-start=\"1224\" data-end=\"1549\">Die Maschine verf\u00fcgt \u00fcber eine fortschrittliche, gegenl\u00e4ufige Zweispindelkonfiguration. Durch die Verringerung des Abstands zwischen den beiden Spindeln minimiert das System die Leerlaufbewegung und verbessert die Schneideffizienz erheblich. Diese Konstruktion erm\u00f6glicht einen kontinuierlichen Betrieb und reduziert die Zykluszeit, was sie ideal f\u00fcr Produktionsumgebungen mit hohem Durchsatz macht.<\/p>\n<h3 data-section-id=\"eul68q\" data-start=\"1551\" data-end=\"1596\"><span role=\"text\">2. Vollst\u00e4ndig automatisierter integrierter Prozess<\/span><\/h3>\n<p data-start=\"1597\" data-end=\"1658\">Der HP-1221 unterst\u00fctzt einen vollst\u00e4ndig automatisierten Prozess, einschlie\u00dflich:<\/p>\n<ul data-start=\"1659\" data-end=\"1796\">\n<li data-section-id=\"aswsbm\" data-start=\"1659\" data-end=\"1700\">Automatisches Laden und Entladen von Wafern<\/li>\n<li data-section-id=\"pbe6aq\" data-start=\"1701\" data-end=\"1729\">Hochpr\u00e4zise Ausrichtung<\/li>\n<li data-section-id=\"1mrcdix\" data-start=\"1730\" data-end=\"1761\">Kontrollierter W\u00fcrfelvorgang<\/li>\n<li data-section-id=\"n3oef2\" data-start=\"1762\" data-end=\"1796\">Integrierte Reinigung und Trocknung<\/li>\n<\/ul>\n<p data-start=\"1798\" data-end=\"1916\">Dieser Automatisierungsgrad steigert nicht nur die Produktivit\u00e4t, sondern verringert auch die Abh\u00e4ngigkeit vom Bediener und die durch ihn verursachten Fehler.<\/p>\n<h3 data-section-id=\"lxacqp\" data-start=\"1918\" data-end=\"1975\"><span role=\"text\">3. Hochpr\u00e4zises Ausrichtungs- und Inspektionssystem<\/span><\/h3>\n<p data-start=\"1976\" data-end=\"2071\">Das System ist mit einer Doppelmikroskop-Konfiguration (hohe und niedrige Vergr\u00f6\u00dferung) ausgestattet und gew\u00e4hrleistet:<\/p>\n<ul data-start=\"2072\" data-end=\"2185\">\n<li data-section-id=\"9rivzh\" data-start=\"2072\" data-end=\"2109\">Schnelle und genaue Ausrichtung der Wafer<\/li>\n<li data-section-id=\"1dbri94\" data-start=\"2110\" data-end=\"2149\">Verifizierung des Schneidwegs in Echtzeit<\/li>\n<li data-section-id=\"pu471d\" data-start=\"2150\" data-end=\"2185\">Hochaufl\u00f6sende Schnittfugeninspektion<\/li>\n<\/ul>\n<p data-start=\"2187\" data-end=\"2332\">Diese Eigenschaft ist entscheidend f\u00fcr die Einhaltung enger Toleranzen und die Gew\u00e4hrleistung einer gleichbleibenden Schnittqualit\u00e4t, insbesondere bei modernen Halbleiterbauteilen.<\/p>\n<h3 data-section-id=\"6vpx24\" data-start=\"2334\" data-end=\"2385\"><span role=\"text\">4. Sub-C\/T Assisted Blade Dressing Funktion<\/span><\/h3>\n<p data-start=\"2386\" data-end=\"2506\">Die integrierte Sub-C\/T Klingenabrichtfunktion hilft, die optimale Klingensch\u00e4rfe w\u00e4hrend des Betriebs zu erhalten. Das Ergebnis ist:<\/p>\n<ul data-start=\"2507\" data-end=\"2605\">\n<li data-section-id=\"sjm708\" data-start=\"2507\" data-end=\"2543\">Verbesserte Schnittfl\u00e4chenqualit\u00e4t<\/li>\n<li data-section-id=\"1iinss9\" data-start=\"2544\" data-end=\"2581\">Geringere Abplatzungen und Mikrorisse<\/li>\n<li data-section-id=\"yt2sjr\" data-start=\"2582\" data-end=\"2605\">Verl\u00e4ngerte Lebensdauer der Klinge<\/li>\n<\/ul>\n<p data-start=\"2607\" data-end=\"2688\">Letztlich tr\u00e4gt dies zu niedrigeren Betriebskosten und einer h\u00f6heren Produktausbeute bei.<\/p>\n<h3 data-section-id=\"ga4x9p\" data-start=\"2690\" data-end=\"2735\"><span role=\"text\">5. Optionale Zwei-Fluid-Reinigungsd\u00fcse<\/span><\/h3>\n<p data-start=\"2736\" data-end=\"2999\">Eine optionale Luft-Wasser-Doppelfl\u00fcssigkeitsd\u00fcse kann im Schneidbereich installiert werden, um die Reinigungsleistung nach dem Schneiden zu verbessern. Dies gew\u00e4hrleistet eine effektive Entfernung von Ablagerungen und Partikeln, verbessert die Sauberkeit der Wafer und verringert das Kontaminationsrisiko in nachgelagerten Prozessen.<\/p>\n<h2 data-section-id=\"id1bjs\" data-start=\"3006\" data-end=\"3037\"><span role=\"text\">Technische Daten<\/span><\/h2>\n<div class=\"TyagGW_tableContainer\">\n<div class=\"group TyagGW_tableWrapper flex flex-col-reverse w-fit\" tabindex=\"-1\">\n<table class=\"w-fit min-w-(--thread-content-width)\" data-start=\"3039\" data-end=\"3439\">\n<thead data-start=\"3039\" data-end=\"3076\">\n<tr data-start=\"3039\" data-end=\"3076\">\n<th class=\"\" data-start=\"3039\" data-end=\"3055\" data-col-size=\"sm\">Parameter<\/th>\n<th class=\"\" data-start=\"3055\" data-end=\"3076\" data-col-size=\"md\">Spezifikation<\/th>\n<\/tr>\n<\/thead>\n<tbody data-start=\"3113\" data-end=\"3439\">\n<tr data-start=\"3113\" data-end=\"3183\">\n<td data-start=\"3113\" data-end=\"3137\" data-col-size=\"sm\">Spindelleistung \/ Drehzahl<\/td>\n<td data-col-size=\"md\" data-start=\"3137\" data-end=\"3183\">1,8 kW \/ 2,2 kW (optional), 6000-60000 U\/min<\/td>\n<\/tr>\n<tr data-start=\"3184\" data-end=\"3210\">\n<td data-start=\"3184\" data-end=\"3198\" data-col-size=\"sm\">Flansch Gr\u00f6\u00dfe<\/td>\n<td data-start=\"3198\" data-end=\"3210\" data-col-size=\"md\">2 Zoll<\/td>\n<\/tr>\n<tr data-start=\"3211\" data-end=\"3280\">\n<td data-start=\"3211\" data-end=\"3236\" data-col-size=\"sm\">Maximale Werkst\u00fcckgr\u00f6\u00dfe<\/td>\n<td data-col-size=\"md\" data-start=\"3236\" data-end=\"3280\">Rund: \u00d8300 mm \/ Quadratisch: 254 mm \u00d7 254 mm<\/td>\n<\/tr>\n<tr data-start=\"3281\" data-end=\"3374\">\n<td data-start=\"3281\" data-end=\"3308\" data-col-size=\"sm\">Mikroskop-Konfiguration<\/td>\n<td data-col-size=\"md\" data-start=\"3308\" data-end=\"3374\">Hohe Vergr\u00f6\u00dferung: 7,5\u00d7 \/ Niedrige Vergr\u00f6\u00dferung: 0,75\u00d7 (optional)<\/td>\n<\/tr>\n<tr data-start=\"3375\" data-end=\"3439\">\n<td data-start=\"3375\" data-end=\"3408\" data-col-size=\"sm\">Abmessungen der Maschine (B \u00d7 T \u00d7 H)<\/td>\n<td data-col-size=\"md\" data-start=\"3408\" data-end=\"3439\">1285 mm \u00d7 1590 mm \u00d7 1860 mm<\/td>\n<\/tr>\n<\/tbody>\n<\/table>\n<\/div>\n<\/div>\n<h2 data-section-id=\"k0zlak\" data-start=\"3446\" data-end=\"3465\"><span role=\"text\">Anwendungen<\/span><\/h2>\n<p data-start=\"3467\" data-end=\"3597\">Das HP-1221 wurde entwickelt, um die anspruchsvollen Anforderungen verschiedener Anwendungen in der Halbleiterindustrie und bei hochentwickelten Materialien zu erf\u00fcllen, darunter:<\/p>\n<ul data-start=\"3599\" data-end=\"3832\">\n<li data-section-id=\"18mr094\" data-start=\"3599\" data-end=\"3653\">W\u00fcrfeln von Siliziumwafern f\u00fcr integrierte Schaltungen (ICs)<\/li>\n<li data-section-id=\"dejbgx\" data-start=\"3654\" data-end=\"3704\">Bearbeitung von Wafern f\u00fcr Leistungsbauelemente (z. B. SiC, GaN)<\/li>\n<li data-section-id=\"haep52\" data-start=\"3705\" data-end=\"3732\">Herstellung von MEMS-Bauteilen<\/li>\n<li data-section-id=\"3caph5\" data-start=\"3733\" data-end=\"3773\">Schneiden von LED- und optoelektronischen Wafern<\/li>\n<li data-section-id=\"d7piqk\" data-start=\"3774\" data-end=\"3832\">Fortgeschrittene Packaging- und Wafer-Level-Packaging-Prozesse<\/li>\n<\/ul>\n<p data-start=\"3834\" data-end=\"3945\">Dank seiner Kompatibilit\u00e4t mit Wafern bis zu 12 Zoll eignet es sich sowohl f\u00fcr ausgereifte als auch f\u00fcr fortgeschrittene Fertigungsknoten.<\/p>\n<p data-start=\"3834\" data-end=\"3945\"><img decoding=\"async\" class=\"wp-image-2146 size-large aligncenter\" src=\"https:\/\/www.zmsh-semitech.com\/wp-content\/uploads\/2026\/04\/applications-1024x683.png\" alt=\"\" width=\"1024\" height=\"683\" srcset=\"https:\/\/www.zmsh-semitech.com\/wp-content\/uploads\/2026\/04\/applications-1024x683.png 1024w, https:\/\/www.zmsh-semitech.com\/wp-content\/uploads\/2026\/04\/applications-300x200.png 300w, https:\/\/www.zmsh-semitech.com\/wp-content\/uploads\/2026\/04\/applications-768x512.png 768w, https:\/\/www.zmsh-semitech.com\/wp-content\/uploads\/2026\/04\/applications-18x12.png 18w, https:\/\/www.zmsh-semitech.com\/wp-content\/uploads\/2026\/04\/applications-600x400.png 600w, https:\/\/www.zmsh-semitech.com\/wp-content\/uploads\/2026\/04\/applications.png 1536w\" sizes=\"(max-width: 1024px) 100vw, 1024px\" \/><\/p>\n<h2 data-section-id=\"dfn86d\" data-start=\"3952\" data-end=\"3981\"><span role=\"text\">Leistungsvorteile<\/span><\/h2>\n<h3 data-section-id=\"4ffxha\" data-start=\"3983\" data-end=\"4021\"><span role=\"text\">Verbesserte Ausbeute und Verl\u00e4sslichkeit<\/span><\/h3>\n<p data-start=\"4022\" data-end=\"4180\">Die pr\u00e4zise Ausrichtung und die stabile Spindelleistung sorgen f\u00fcr minimale Kantenausbr\u00fcche und hochwertige Schnittfl\u00e4chen, was direkt zu einer verbesserten Ger\u00e4teausbeute beitr\u00e4gt.<\/p>\n<h3 data-section-id=\"jjig1u\" data-start=\"4182\" data-end=\"4205\"><span role=\"text\">Hoher Durchsatz<\/span><\/h3>\n<p data-start=\"4206\" data-end=\"4360\">Das zweispindlige Design und die reduzierte Zykluszeit erm\u00f6glichen eine schnellere Bearbeitung ohne Beeintr\u00e4chtigung der Genauigkeit, wodurch sich das System ideal f\u00fcr die Gro\u00dfserienproduktion eignet.<\/p>\n<h3 data-section-id=\"19co6zs\" data-start=\"4362\" data-end=\"4387\"><span role=\"text\">Prozess-Stabilit\u00e4t<\/span><\/h3>\n<p data-start=\"4388\" data-end=\"4552\">Integrierte Automatisierungs- und intelligente Steuerungssysteme sorgen f\u00fcr eine gleichbleibende Leistung \u00fcber lange Produktionszyklen hinweg, verringern die Variabilit\u00e4t und verbessern die Wiederholbarkeit.<\/p>\n<h3 data-section-id=\"kl9wyi\" data-start=\"4554\" data-end=\"4577\"><span role=\"text\">Kosteneffizienz<\/span><\/h3>\n<p data-start=\"4578\" data-end=\"4719\">Funktionen wie das Abrichten der Klingen und die effiziente Reinigung reduzieren den Verbrauch von Verbrauchsmaterialien und die Wartungsh\u00e4ufigkeit, was die Betriebskosten insgesamt senkt.<\/p>\n<h2 data-section-id=\"1a9ho2z\" data-start=\"4726\" data-end=\"4751\"><span role=\"text\">Warum HP-1221 w\u00e4hlen?<\/span><\/h2>\n<p data-start=\"4753\" data-end=\"4851\">Der HP-1221 ist eine zuverl\u00e4ssige und skalierbare Wafer-Dicing-L\u00f6sung f\u00fcr Hersteller, die eine solche L\u00f6sung suchen:<\/p>\n<ul data-start=\"4852\" data-end=\"5032\">\n<li data-section-id=\"1ti9b6v\" data-start=\"4852\" data-end=\"4891\">Hohe Pr\u00e4zision bei der Wafervereinzelung<\/li>\n<li data-section-id=\"1dl33s4\" data-start=\"4892\" data-end=\"4937\">Automatisierte, bedienerunabh\u00e4ngige Prozesse<\/li>\n<li data-section-id=\"yvb4oy\" data-start=\"4938\" data-end=\"4979\">Kompatibilit\u00e4t mit fortschrittlichen Materialien<\/li>\n<li data-section-id=\"w5xhf\" data-start=\"4980\" data-end=\"5032\">Langfristige Kosteneffizienz und stabile Leistung<\/li>\n<\/ul>\n<p data-start=\"5034\" data-end=\"5181\">Seine Kombination aus fortschrittlicher Technik, Automatisierung und benutzerorientiertem Design macht ihn zu einer wertvollen Erg\u00e4nzung f\u00fcr jede Halbleiterfertigungslinie.<\/p>\n<h2 data-section-id=\"1nqqsko\" data-start=\"72\" data-end=\"111\"><span role=\"text\"><strong data-start=\"75\" data-end=\"111\">FAQ<\/strong><\/span><\/h2>\n<h3 data-section-id=\"qm5bkh\" data-start=\"113\" data-end=\"171\"><span role=\"text\"><strong data-start=\"117\" data-end=\"169\">1. Welche Arten von Wafern kann das HP-1221 verarbeiten?<\/strong><\/span><\/h3>\n<p data-start=\"172\" data-end=\"419\">Das HP-1221 ist f\u00fcr eine breite Palette von Wafer-Materialien ausgelegt, die in der Halbleiter- und modernen Elektronikfertigung verwendet werden. Dazu geh\u00f6ren Silizium (Si), Siliziumkarbid (SiC), Galliumnitrid (GaN) und andere Verbindungshalbleitermaterialien.<\/p>\n<p data-start=\"421\" data-end=\"640\">Mit seiner hohen Spindeldrehzahl (bis zu 60.000 U\/min) und seiner stabilen Schnittleistung ist das System in der Lage, sowohl normale als auch harte, spr\u00f6de Materialien zu bearbeiten und dabei eine hervorragende Kantenqualit\u00e4t und minimale Ausbr\u00fcche zu gew\u00e4hrleisten.<\/p>\n<h3 data-section-id=\"ojbbsf\" data-start=\"647\" data-end=\"723\"><span role=\"text\"><strong data-start=\"651\" data-end=\"721\">2. Wie verbessert das Doppelspindelsystem die Produktionseffizienz?<\/strong><\/span><\/h3>\n<p data-start=\"724\" data-end=\"950\">Die gegenl\u00e4ufige Doppelspindelstruktur reduziert die unproduktiven Bewegungen w\u00e4hrend des Betriebs erheblich. Durch die Minimierung des Abstands zwischen den Schneidachsen kann das System schnellere \u00dcberg\u00e4nge und kontinuierliche Schneidvorg\u00e4nge durchf\u00fchren.<\/p>\n<p data-start=\"952\" data-end=\"968\">Dies f\u00fchrt zu:<\/p>\n<ul data-start=\"969\" data-end=\"1049\">\n<li data-section-id=\"37o5kr\" data-start=\"969\" data-end=\"992\">K\u00fcrzere Zykluszeiten<\/li>\n<li data-section-id=\"r0gau3\" data-start=\"993\" data-end=\"1014\">H\u00f6herer Durchsatz<\/li>\n<li data-section-id=\"38pfee\" data-start=\"1015\" data-end=\"1049\">Verbesserte Nutzung der Ausr\u00fcstung<\/li>\n<\/ul>\n<p data-start=\"1051\" data-end=\"1174\">Im Vergleich zu einspindligen Systemen bietet die HP-1221 eine effizientere L\u00f6sung f\u00fcr hochvolumige Wafer-Dicing-Anwendungen.<\/p>\n<h3 data-section-id=\"1t8g62q\" data-start=\"1181\" data-end=\"1251\"><span role=\"text\"><strong data-start=\"1185\" data-end=\"1249\">3. Wie gew\u00e4hrleistet die Maschine Schnittgenauigkeit und Qualit\u00e4t?<\/strong><\/span><\/h3>\n<p data-start=\"1252\" data-end=\"1343\">Der HP-1221 verf\u00fcgt \u00fcber eine Vielzahl von Funktionen, die Pr\u00e4zision und Konsistenz garantieren, darunter:<\/p>\n<ul data-start=\"1344\" data-end=\"1622\">\n<li data-section-id=\"1tq730p\" data-start=\"1344\" data-end=\"1418\">Doppelmikroskopsystem f\u00fcr genaue Ausrichtung und Echtzeitpr\u00fcfung<\/li>\n<li data-section-id=\"ks50qq\" data-start=\"1419\" data-end=\"1475\">Vibrationsarme Hochgeschwindigkeitsspindel f\u00fcr stabilen Schnitt<\/li>\n<li data-section-id=\"f0nbeh\" data-start=\"1476\" data-end=\"1539\">Sub-C\/T Klingenabrichtfunktion zur Erhaltung der Klingensch\u00e4rfe<\/li>\n<li data-section-id=\"1yz5992\" data-start=\"1540\" data-end=\"1622\">Optionales Zweifl\u00fcssigkeits-Reinigungssystem zur Entfernung von Verschmutzungen und zur Vermeidung von Kontaminationen<\/li>\n<\/ul>\n<p data-start=\"1624\" data-end=\"1797\">Diese kombinierten Technologien tragen dazu bei, enge Toleranzen, saubere Schnittlinien und eine hohe Wiederholgenauigkeit zu gew\u00e4hrleisten, die f\u00fcr die Aufrechterhaltung der Ausbeute in der Halbleiterfertigung unerl\u00e4sslich sind.<\/p>","protected":false},"excerpt":{"rendered":"<p>Die vollautomatische HP-1221 Wafer Dicing Machine ist eine hocheffiziente, pr\u00e4zisionsgefertigte L\u00f6sung f\u00fcr die Vereinzelung von Halbleiterwafern. Dieses System unterst\u00fctzt Wafer bis zu 12 Zoll (300 mm) und integriert fortschrittliche Automatisierung, Zweispindel-Schneidtechnologie und intelligente Ausrichtsysteme, um \u00fcberragende Schneidgenauigkeit, Durchsatz und Konsistenz zu gew\u00e4hrleisten.<\/p>","protected":false},"featured_media":2144,"comment_status":"open","ping_status":"closed","template":"","meta":{"site-sidebar-layout":"default","site-content-layout":"","ast-site-content-layout":"default","site-content-style":"default","site-sidebar-style":"default","ast-global-header-display":"","ast-banner-title-visibility":"","ast-main-header-display":"","ast-hfb-above-header-display":"","ast-hfb-below-header-display":"","ast-hfb-mobile-header-display":"","site-post-title":"","ast-breadcrumbs-content":"","ast-featured-img":"","footer-sml-layout":"","ast-disable-related-posts":"","theme-transparent-header-meta":"default","adv-header-id-meta":"","stick-header-meta":"default","header-above-stick-meta":"","header-main-stick-meta":"","header-below-stick-meta":"","astra-migrate-meta-layouts":"set","ast-page-background-enabled":"default","ast-page-background-meta":{"desktop":{"background-color":"var(--ast-global-color-4)","background-image":"","background-repeat":"repeat","background-position":"center center","background-size":"auto","background-attachment":"scroll","background-type":"","background-media":"","overlay-type":"","overlay-color":"","overlay-opacity":"","overlay-gradient":""},"tablet":{"background-color":"","background-image":"","background-repeat":"repeat","background-position":"center center","background-size":"auto","background-attachment":"scroll","background-type":"","background-media":"","overlay-type":"","overlay-color":"","overlay-opacity":"","overlay-gradient":""},"mobile":{"background-color":"","background-image":"","background-repeat":"repeat","background-position":"center center","background-size":"auto","background-attachment":"scroll","background-type":"","background-media":"","overlay-type":"","overlay-color":"","overlay-opacity":"","overlay-gradient":""}},"ast-content-background-meta":{"desktop":{"background-color":"var(--ast-global-color-5)","background-image":"","background-repeat":"repeat","background-position":"center center","background-size":"auto","background-attachment":"scroll","background-type":"","background-media":"","overlay-type":"","overlay-color":"","overlay-opacity":"","overlay-gradient":""},"tablet":{"background-color":"var(--ast-global-color-5)","background-image":"","background-repeat":"repeat","background-position":"center center","background-size":"auto","background-attachment":"scroll","background-type":"","background-media":"","overlay-type":"","overlay-color":"","overlay-opacity":"","overlay-gradient":""},"mobile":{"background-color":"var(--ast-global-color-5)","background-image":"","background-repeat":"repeat","background-position":"center center","background-size":"auto","background-attachment":"scroll","background-type":"","background-media":"","overlay-type":"","overlay-color":"","overlay-opacity":"","overlay-gradient":""}}},"product_brand":[],"product_cat":[878],"product_tag":[541,888,882,880,440,883,887,885,447,881,739,683,884,879,886],"class_list":{"0":"post-2143","1":"product","2":"type-product","3":"status-publish","4":"has-post-thumbnail","6":"product_cat-dicing-equipment","7":"product_tag-12-inch-wafer-cutting","8":"product_tag-blade-dicing-machine","9":"product_tag-dual-spindle-dicing-saw","10":"product_tag-fully-automatic-dicing-machine","11":"product_tag-gan-wafer-cutting","12":"product_tag-high-precision-wafer-dicing","13":"product_tag-ic-wafer-singulation","14":"product_tag-led-wafer-cutting","15":"product_tag-mems-wafer-dicing","16":"product_tag-semiconductor-dicing-equipment","17":"product_tag-semiconductor-manufacturing-equipment","18":"product_tag-sic-wafer-dicing","19":"product_tag-silicon-wafer-cutting","20":"product_tag-wafer-dicing-machine","21":"product_tag-wafer-level-packaging-dicing","22":"desktop-align-left","23":"tablet-align-left","24":"mobile-align-left","25":"ast-product-gallery-layout-horizontal-slider","26":"ast-product-tabs-layout-horizontal","28":"first","29":"instock","30":"shipping-taxable","31":"product-type-simple"},"_links":{"self":[{"href":"https:\/\/www.zmsh-semitech.com\/de\/wp-json\/wp\/v2\/product\/2143","targetHints":{"allow":["GET"]}}],"collection":[{"href":"https:\/\/www.zmsh-semitech.com\/de\/wp-json\/wp\/v2\/product"}],"about":[{"href":"https:\/\/www.zmsh-semitech.com\/de\/wp-json\/wp\/v2\/types\/product"}],"replies":[{"embeddable":true,"href":"https:\/\/www.zmsh-semitech.com\/de\/wp-json\/wp\/v2\/comments?post=2143"}],"version-history":[{"count":2,"href":"https:\/\/www.zmsh-semitech.com\/de\/wp-json\/wp\/v2\/product\/2143\/revisions"}],"predecessor-version":[{"id":2148,"href":"https:\/\/www.zmsh-semitech.com\/de\/wp-json\/wp\/v2\/product\/2143\/revisions\/2148"}],"wp:featuredmedia":[{"embeddable":true,"href":"https:\/\/www.zmsh-semitech.com\/de\/wp-json\/wp\/v2\/media\/2144"}],"wp:attachment":[{"href":"https:\/\/www.zmsh-semitech.com\/de\/wp-json\/wp\/v2\/media?parent=2143"}],"wp:term":[{"taxonomy":"product_brand","embeddable":true,"href":"https:\/\/www.zmsh-semitech.com\/de\/wp-json\/wp\/v2\/product_brand?post=2143"},{"taxonomy":"product_cat","embeddable":true,"href":"https:\/\/www.zmsh-semitech.com\/de\/wp-json\/wp\/v2\/product_cat?post=2143"},{"taxonomy":"product_tag","embeddable":true,"href":"https:\/\/www.zmsh-semitech.com\/de\/wp-json\/wp\/v2\/product_tag?post=2143"}],"curies":[{"name":"wp","href":"https:\/\/api.w.org\/{rel}","templated":true}]}}