{"id":2094,"date":"2026-04-03T02:54:14","date_gmt":"2026-04-03T02:54:14","guid":{"rendered":"https:\/\/www.zmsh-semitech.com\/?post_type=product&#038;p=2094"},"modified":"2026-04-03T02:54:15","modified_gmt":"2026-04-03T02:54:15","slug":"high-performance-gan-epitaxy-equipment-for-6-8-wafers","status":"publish","type":"product","link":"https:\/\/www.zmsh-semitech.com\/de\/product\/high-performance-gan-epitaxy-equipment-for-6-8-wafers\/","title":{"rendered":"Hochleistungs-GaN-Epitaxieanlagen f\u00fcr 6\u201d\/8\u201d-Wafer"},"content":{"rendered":"<p data-start=\"201\" data-end=\"669\"><img fetchpriority=\"high\" decoding=\"async\" class=\"size-medium wp-image-2095 alignright\" src=\"https:\/\/www.zmsh-semitech.com\/wp-content\/uploads\/2026\/04\/High-Performance-GaN-Epitaxy-Equipment-for-6_8-Wafers-300x300.png\" alt=\"\" width=\"300\" height=\"300\" srcset=\"https:\/\/www.zmsh-semitech.com\/wp-content\/uploads\/2026\/04\/High-Performance-GaN-Epitaxy-Equipment-for-6_8-Wafers-300x300.png 300w, https:\/\/www.zmsh-semitech.com\/wp-content\/uploads\/2026\/04\/High-Performance-GaN-Epitaxy-Equipment-for-6_8-Wafers-150x150.png 150w, https:\/\/www.zmsh-semitech.com\/wp-content\/uploads\/2026\/04\/High-Performance-GaN-Epitaxy-Equipment-for-6_8-Wafers-768x768.png 768w, https:\/\/www.zmsh-semitech.com\/wp-content\/uploads\/2026\/04\/High-Performance-GaN-Epitaxy-Equipment-for-6_8-Wafers-12x12.png 12w, https:\/\/www.zmsh-semitech.com\/wp-content\/uploads\/2026\/04\/High-Performance-GaN-Epitaxy-Equipment-for-6_8-Wafers-600x600.png 600w, https:\/\/www.zmsh-semitech.com\/wp-content\/uploads\/2026\/04\/High-Performance-GaN-Epitaxy-Equipment-for-6_8-Wafers-100x100.png 100w, https:\/\/www.zmsh-semitech.com\/wp-content\/uploads\/2026\/04\/High-Performance-GaN-Epitaxy-Equipment-for-6_8-Wafers.png 1000w\" sizes=\"(max-width: 300px) 100vw, 300px\" \/>Die Hochleistungs-Galliumnitrid (GaN)-Epitaxieanlage ist ein fortschrittliches Epitaxiewachstumssystem, das f\u00fcr die hocheffiziente Produktion von 6- und 8-Zoll-GaN-Wafern entwickelt wurde. Dieses System wurde entwickelt, um den steigenden Anforderungen der n\u00e4chsten Generation von Leistungselektronik, HF-Bauteilen und Hochfrequenzanwendungen gerecht zu werden. Es bietet eine umfassende L\u00f6sung, die Durchsatz, epitaktische Gleichm\u00e4\u00dfigkeit, Defektkontrolle und betriebliche Kosteneffizienz in Einklang bringt.<\/p>\n<p data-start=\"671\" data-end=\"1225\">Mit der firmeneigenen ChipCore-Technologie bietet die Anlage eine au\u00dfergew\u00f6hnliche Gleichm\u00e4\u00dfigkeit der Schichten, eine geringe Fehlerdichte und eine langfristige Betriebsstabilit\u00e4t. Die robuste modulare Architektur erm\u00f6glicht die unabh\u00e4ngige Installation von Stromversorgungen, Absaugmodulen und EFEM\/PM\/TM-Modulen, was eine flexible Integration in Fertigungsumgebungen mit unterschiedlichen Bodenlayouts, einschlie\u00dflich Mezzanine- und Grauzonen, erm\u00f6glicht. Diese Modularit\u00e4t vereinfacht nicht nur die Wartung, sondern reduziert auch die Ausfallzeiten in der Produktion und eignet sich damit hervorragend f\u00fcr die kontinuierliche, industrielle Fertigung.<\/p>\n<p data-start=\"1227\" data-end=\"1595\">Das System umfasst eine pr\u00e4zise Multizonen-Temperaturregelung und eine optimierte Gasflussdynamik, um eine gleichm\u00e4\u00dfige Abscheidung auf allen Waferoberfl\u00e4chen zu gew\u00e4hrleisten. In Kombination mit vollautomatischer Waferhandhabung, Hochtemperatur-Wafertransfermechanismen und kontinuierlicher Prozess\u00fcberwachung gew\u00e4hrleistet es ein gleichbleibend hochwertiges Epitaxiewachstum f\u00fcr eine breite Palette von GaN-basierten Bauteilen.<\/p>\n<p data-start=\"1597\" data-end=\"1943\">Die f\u00fcr die Gro\u00dfserienproduktion konzipierte Anlage unterst\u00fctzt einen unterbrechungsfreien Betrieb und erreicht einen maximalen Durchsatz ohne Beeintr\u00e4chtigung der Prozessstabilit\u00e4t. Die Kompatibilit\u00e4t mit mehreren Substrattypen erm\u00f6glicht es Herstellern, ihre Produktionskapazit\u00e4ten auf verschiedene GaN-Wafer zu erweitern und gleichzeitig niedrige Betriebskosten und hohe Zuverl\u00e4ssigkeit zu gew\u00e4hrleisten.<\/p>\n<h3 data-section-id=\"xj0uai\" data-start=\"1950\" data-end=\"1980\">Die wichtigsten technischen Vorteile<\/h3>\n<ul data-start=\"1982\" data-end=\"3360\">\n<li data-section-id=\"zml9wo\" data-start=\"1982\" data-end=\"2148\"><strong data-start=\"1984\" data-end=\"2010\">Propriet\u00e4re Technologie<\/strong>: Vollst\u00e4ndig von ChipCore entwickelt, mit allen Rechten am geistigen Eigentum, was eine differenzierte Leistung und Wettbewerbsf\u00e4higkeit auf dem Markt gew\u00e4hrleistet.<\/li>\n<li data-section-id=\"1o0ja2a\" data-start=\"2149\" data-end=\"2321\"><strong data-start=\"2151\" data-end=\"2193\">Au\u00dfergew\u00f6hnliche Gleichm\u00e4\u00dfigkeit und geringe Defekte<\/strong>: Die fortschrittliche Temperatur- und Gasflusssteuerung erm\u00f6glicht eine \u00e4u\u00dferst gleichm\u00e4\u00dfige Schichtdicke und -zusammensetzung bei minimaler Fehlerdichte.<\/li>\n<li data-section-id=\"129t8yb\" data-start=\"2322\" data-end=\"2467\"><strong data-start=\"2324\" data-end=\"2343\">Hoher Durchsatz<\/strong>: Optimiert f\u00fcr die kontinuierliche Produktion in gro\u00dfem Ma\u00dfstab, unterst\u00fctzt sowohl 6\u201d- als auch 8\u201d-Wafer f\u00fcr maximale Fertigungseffizienz.<\/li>\n<li data-section-id=\"1y8ea7h\" data-start=\"2468\" data-end=\"2612\"><strong data-start=\"2470\" data-end=\"2493\">Niedrige Betriebskosten<\/strong>: Effizientes W\u00e4rmemanagement und Gasnutzung senken die Produktionskosten pro Wafer und minimieren gleichzeitig die Ressourcenverschwendung.<\/li>\n<li data-section-id=\"u0zpdv\" data-start=\"2613\" data-end=\"2774\"><strong data-start=\"2615\" data-end=\"2649\">Verl\u00e4ngerte Wartungsintervalle<\/strong>: Konzipiert f\u00fcr lange Betriebszyklen ohne Ausfallzeiten, wodurch die Wartungsh\u00e4ufigkeit reduziert und die Gesamtproduktivit\u00e4t verbessert wird.<\/li>\n<li data-section-id=\"6nklq1\" data-start=\"2775\" data-end=\"2942\"><strong data-start=\"2777\" data-end=\"2796\">Hohe Automatisierung<\/strong>: Die vollst\u00e4ndige EFEM-Integration und die optionale Br\u00fcckenkrananbindung erm\u00f6glichen ein automatisiertes Wafer-Handling, das manuelle Eingriffe und Bedienungsfehler reduziert.<\/li>\n<li data-section-id=\"1l3fg4b\" data-start=\"2943\" data-end=\"3093\"><strong data-start=\"2945\" data-end=\"2978\">Multi-Substrat-Kompatibilit\u00e4t<\/strong>: Unterst\u00fctzt eine Vielzahl von Substratmaterialien und erm\u00f6glicht so eine flexible Fertigung f\u00fcr verschiedene GaN-Bauelemente-Anwendungen.<\/li>\n<li data-section-id=\"nv1m3a\" data-start=\"3094\" data-end=\"3223\"><strong data-start=\"3096\" data-end=\"3119\">Skalierbare Produktion<\/strong>: Die modulare, geteilte Architektur erm\u00f6glicht eine zuk\u00fcnftige Erweiterung oder Anpassung an neue Produktionslayouts.<\/li>\n<li data-section-id=\"dyhu20\" data-start=\"3224\" data-end=\"3360\"><strong data-start=\"3226\" data-end=\"3247\">Prozess-Stabilit\u00e4t<\/strong>: Kontinuierliche \u00dcberwachung und R\u00fcckmeldung gew\u00e4hrleisten Reproduzierbarkeit und Zuverl\u00e4ssigkeit \u00fcber mehrere Wafer und Chargen hinweg.<\/li>\n<\/ul>\n<h3 data-section-id=\"4v9b11\" data-start=\"3367\" data-end=\"3392\">Prozessleistung<\/h3>\n<div class=\"TyagGW_tableContainer\">\n<div class=\"group TyagGW_tableWrapper flex flex-col-reverse w-fit\" tabindex=\"-1\">\n<table class=\"w-fit min-w-(--thread-content-width)\" data-start=\"3394\" data-end=\"4196\">\n<thead data-start=\"3394\" data-end=\"3423\">\n<tr data-start=\"3394\" data-end=\"3423\">\n<th class=\"\" data-start=\"3394\" data-end=\"3406\" data-col-size=\"sm\">Parameter<\/th>\n<th class=\"\" data-start=\"3406\" data-end=\"3423\" data-col-size=\"md\">Spezifikation<\/th>\n<\/tr>\n<\/thead>\n<tbody data-start=\"3454\" data-end=\"4196\">\n<tr data-start=\"3454\" data-end=\"3549\">\n<td data-start=\"3454\" data-end=\"3467\" data-col-size=\"sm\">Durchsatz<\/td>\n<td data-col-size=\"md\" data-start=\"3467\" data-end=\"3549\">Leistungsstarke Konstruktion f\u00fcr die industrielle Produktion im Dauerbetrieb<\/td>\n<\/tr>\n<tr data-start=\"3550\" data-end=\"3599\">\n<td data-start=\"3550\" data-end=\"3577\" data-col-size=\"sm\">Kompatibilit\u00e4t der Wafergr\u00f6\u00dfen<\/td>\n<td data-col-size=\"md\" data-start=\"3577\" data-end=\"3599\">6\u201d \/ 8\u201d GaN-Wafer<\/td>\n<\/tr>\n<tr data-start=\"3600\" data-end=\"3704\">\n<td data-start=\"3600\" data-end=\"3624\" data-col-size=\"sm\">Operative Stabilit\u00e4t<\/td>\n<td data-col-size=\"md\" data-start=\"3624\" data-end=\"3704\">Langer, unterbrechungsfreier, st\u00f6rungsfreier Betrieb f\u00fcr die industrielle Fertigung<\/td>\n<\/tr>\n<tr data-start=\"3705\" data-end=\"3795\">\n<td data-start=\"3705\" data-end=\"3728\" data-col-size=\"sm\">Epitaktische Gleichm\u00e4\u00dfigkeit<\/td>\n<td data-start=\"3728\" data-end=\"3795\" data-col-size=\"md\">Hervorragende Gleichm\u00e4\u00dfigkeit von Dicke und Zusammensetzung des Wafers<\/td>\n<\/tr>\n<tr data-start=\"3796\" data-end=\"3886\">\n<td data-start=\"3796\" data-end=\"3813\" data-col-size=\"sm\">Defekt-Dichte<\/td>\n<td data-col-size=\"md\" data-start=\"3813\" data-end=\"3886\">Geringe Fehlerquote f\u00fcr hohe Ausbeute und gleichbleibende Leistung der Ger\u00e4te<\/td>\n<\/tr>\n<tr data-start=\"3887\" data-end=\"3953\">\n<td data-start=\"3887\" data-end=\"3905\" data-col-size=\"sm\">Produktionskosten<\/td>\n<td data-col-size=\"md\" data-start=\"3905\" data-end=\"3953\">Optimiert f\u00fcr niedrige Betriebskosten pro Wafer<\/td>\n<\/tr>\n<tr data-start=\"3954\" data-end=\"4040\">\n<td data-start=\"3954\" data-end=\"3973\" data-col-size=\"sm\">Automatisierungsgrad<\/td>\n<td data-col-size=\"md\" data-start=\"3973\" data-end=\"4040\">Hoch, mit vollst\u00e4ndigem EFEM und optionalem krangest\u00fctztem Wafer-Handling<\/td>\n<\/tr>\n<tr data-start=\"4041\" data-end=\"4096\">\n<td data-start=\"4041\" data-end=\"4059\" data-col-size=\"sm\">Produktionsmodus<\/td>\n<td data-start=\"4059\" data-end=\"4096\" data-col-size=\"md\">Kontinuierliche, ganzt\u00e4gige Produktion<\/td>\n<\/tr>\n<tr data-start=\"4097\" data-end=\"4196\">\n<td data-start=\"4097\" data-end=\"4123\" data-col-size=\"sm\">Kompatibilit\u00e4t der Substrate<\/td>\n<td data-start=\"4123\" data-end=\"4196\" data-col-size=\"md\">Unterst\u00fctzt mehrere Substrattypen f\u00fcr verschiedene GaN-Bauelementanwendungen<\/td>\n<\/tr>\n<\/tbody>\n<\/table>\n<\/div>\n<\/div>\n<h3 data-section-id=\"mn7c2p\" data-start=\"4203\" data-end=\"4230\">Anwendungsszenarien<\/h3>\n<p data-start=\"4232\" data-end=\"4422\">Diese GaN-Epitaxieanlage findet breite Anwendung in der modernen Halbleiterfertigung, insbesondere bei Anwendungen, die einen hohen Wirkungsgrad, eine hohe Spannung und eine hohe Frequenzleistung erfordern:<\/p>\n<p data-start=\"4424\" data-end=\"4601\"><strong data-start=\"4424\" data-end=\"4445\">Leistungselektronik<\/strong><br data-start=\"4445\" data-end=\"4448\" \/>Wird f\u00fcr die Herstellung von GaN-MOSFETs, HEMTs und Leistungsmodulen f\u00fcr industrielle Umrichter verwendet und bietet energieeffiziente L\u00f6sungen f\u00fcr Hochspannungsanwendungen.<\/p>\n<p data-start=\"4603\" data-end=\"4822\"><strong data-start=\"4603\" data-end=\"4633\">RF &amp; Kommunikationsger\u00e4te<\/strong><br data-start=\"4633\" data-end=\"4636\" \/>Ideal f\u00fcr Hochfrequenz-GaN-Bauteile, die in der drahtlosen Kommunikation, 5G-Infrastruktur, Radarsystemen und Satellitenkommunikation eingesetzt werden und eine hohe Signalintegrit\u00e4t und Zuverl\u00e4ssigkeit gew\u00e4hrleisten.<\/p>\n<p data-start=\"4824\" data-end=\"5023\"><strong data-start=\"4824\" data-end=\"4851\">Elektrofahrzeuge (EVs)<\/strong><br data-start=\"4851\" data-end=\"4854\" \/>Unterst\u00fctzt die Produktion von Onboard-Ladeger\u00e4ten, DC-DC-Wandlern und Wechselrichtermodulen, die die Energieeffizienz von Fahrzeugen verbessern, Energieverluste reduzieren und die Lebensdauer von Batterien verl\u00e4ngern.<\/p>\n<p data-start=\"5025\" data-end=\"5218\"><strong data-start=\"5025\" data-end=\"5053\">Erneuerbare Energiesysteme<\/strong><br data-start=\"5053\" data-end=\"5056\" \/>Sie werden in Photovoltaik-Wechselrichtern und Energiespeichern eingesetzt und erm\u00f6glichen eine h\u00f6here Umwandlungseffizienz, eine verbesserte Systemzuverl\u00e4ssigkeit und eine l\u00e4ngere Lebensdauer.<\/p>\n<p data-start=\"5220\" data-end=\"5416\"><strong data-start=\"5220\" data-end=\"5265\">Industrielle Automatisierung und Hochleistungsantriebe<\/strong><br data-start=\"5265\" data-end=\"5268\" \/>Wird in Hochleistungsmotorantrieben, industriellen Automatisierungssystemen und Stromversorgungseinheiten eingesetzt, die einen stabilen, effizienten und langlebigen Betrieb erfordern.<\/p>\n<p data-start=\"5418\" data-end=\"5631\"><strong data-start=\"5418\" data-end=\"5442\">High-End-GaN-Bauteile<\/strong><br data-start=\"5442\" data-end=\"5445\" \/>Geeignet f\u00fcr die Herstellung fortschrittlicher Komponenten wie HEMTs, Schottky-Dioden und Hochspannungs-GaN-Bauelemente der n\u00e4chsten Generation, die den strengen Spezifikationen f\u00fcr Industrie und Verbraucher entsprechen.<\/p>\n<p data-start=\"5633\" data-end=\"5874\">Die Kombination aus hoher Automatisierung, flexibler Substratunterst\u00fctzung und optimiertem Epitaxiewachstum macht die Anlage zu einer vielseitigen L\u00f6sung f\u00fcr Hersteller, die in einem wettbewerbsintensiven Halbleitermarkt sowohl eine hohe Ausbeute als auch eine hohe Leistung anstreben.<\/p>\n<p data-start=\"5633\" data-end=\"5874\"><img decoding=\"async\" class=\"wp-image-2080 size-large aligncenter\" src=\"https:\/\/www.zmsh-semitech.com\/wp-content\/uploads\/2026\/04\/application-1024x578.png\" alt=\"\" width=\"1024\" height=\"578\" srcset=\"https:\/\/www.zmsh-semitech.com\/wp-content\/uploads\/2026\/04\/application-1024x578.png 1024w, https:\/\/www.zmsh-semitech.com\/wp-content\/uploads\/2026\/04\/application-300x169.png 300w, https:\/\/www.zmsh-semitech.com\/wp-content\/uploads\/2026\/04\/application-768x433.png 768w, https:\/\/www.zmsh-semitech.com\/wp-content\/uploads\/2026\/04\/application-18x10.png 18w, https:\/\/www.zmsh-semitech.com\/wp-content\/uploads\/2026\/04\/application-600x339.png 600w, https:\/\/www.zmsh-semitech.com\/wp-content\/uploads\/2026\/04\/application.png 1285w\" sizes=\"(max-width: 1024px) 100vw, 1024px\" \/><\/p>\n<h3 data-section-id=\"6toqgg\" data-start=\"5881\" data-end=\"5890\">FAQ<\/h3>\n<p data-start=\"5892\" data-end=\"6130\"><strong data-start=\"5892\" data-end=\"5960\">1. Welche Wafergr\u00f6\u00dfen werden von dieser GaN-Epitaxieanlage unterst\u00fctzt?<\/strong><br data-start=\"5960\" data-end=\"5963\" \/>Das System unterst\u00fctzt sowohl 6-Zoll- als auch 8-Zoll-Wafer und bietet damit Flexibilit\u00e4t f\u00fcr den aktuellen Produktionsbedarf und erm\u00f6glicht eine zuk\u00fcnftige Skalierbarkeit bei steigenden Produktionsanforderungen.<\/p>\n<p data-start=\"6132\" data-end=\"6422\"><strong data-start=\"6132\" data-end=\"6210\">2. Wie gew\u00e4hrleistet das System epitaktische Gleichm\u00e4\u00dfigkeit und eine geringe Defektdichte?<\/strong><br data-start=\"6210\" data-end=\"6213\" \/>Die Mehrzonentemperaturregelung, die optimierte Gasstr\u00f6mungsdynamik und das vertikale Luftstromdesign gew\u00e4hrleisten eine gleichm\u00e4\u00dfige Abscheidung auf dem Wafer, was zu einer gleichm\u00e4\u00dfigen Schichtdicke und -zusammensetzung sowie zu minimalen Defekten f\u00fchrt.<\/p>\n<p data-start=\"6424\" data-end=\"6692\"><strong data-start=\"6424\" data-end=\"6508\">3. Eignet sich das Ger\u00e4t f\u00fcr eine kontinuierliche, gro\u00dfvolumige industrielle Produktion?<\/strong><br data-start=\"6508\" data-end=\"6511\" \/>Ja, er ist f\u00fcr den unterbrechungsfreien Ganztagesbetrieb mit langer st\u00f6rungsfreier Laufzeit, hohem Durchsatz und Prozessreproduzierbarkeit ausgelegt und damit ideal f\u00fcr die Gro\u00dfserienfertigung.<\/p>\n<p data-start=\"6694\" data-end=\"6933\"><strong data-start=\"6694\" data-end=\"6746\">4. Kann es verschiedene Substrattypen aufnehmen?<\/strong><br data-start=\"6746\" data-end=\"6749\" \/>Ja, die Anlage ist mit mehreren Substratmaterialien kompatibel, einschlie\u00dflich Standard- und Spezial-GaN-Wafern, was eine vielseitige Produktion f\u00fcr verschiedene Halbleiteranwendungen erm\u00f6glicht.<\/p>","protected":false},"excerpt":{"rendered":"<p>Die Hochleistungs-Galliumnitrid (GaN)-Epitaxieanlage ist ein fortschrittliches Epitaxiesystem, das f\u00fcr die hocheffiziente Produktion von 6- und 8-Zoll-GaN-Wafern entwickelt wurde.<\/p>","protected":false},"featured_media":2095,"comment_status":"open","ping_status":"closed","template":"","meta":{"site-sidebar-layout":"default","site-content-layout":"","ast-site-content-layout":"default","site-content-style":"default","site-sidebar-style":"default","ast-global-header-display":"","ast-banner-title-visibility":"","ast-main-header-display":"","ast-hfb-above-header-display":"","ast-hfb-below-header-display":"","ast-hfb-mobile-header-display":"","site-post-title":"","ast-breadcrumbs-content":"","ast-featured-img":"","footer-sml-layout":"","ast-disable-related-posts":"","theme-transparent-header-meta":"default","adv-header-id-meta":"","stick-header-meta":"default","header-above-stick-meta":"","header-main-stick-meta":"","header-below-stick-meta":"","astra-migrate-meta-layouts":"set","ast-page-background-enabled":"default","ast-page-background-meta":{"desktop":{"background-color":"var(--ast-global-color-4)","background-image":"","background-repeat":"repeat","background-position":"center center","background-size":"auto","background-attachment":"scroll","background-type":"","background-media":"","overlay-type":"","overlay-color":"","overlay-opacity":"","overlay-gradient":""},"tablet":{"background-color":"","background-image":"","background-repeat":"repeat","background-position":"center center","background-size":"auto","background-attachment":"scroll","background-type":"","background-media":"","overlay-type":"","overlay-color":"","overlay-opacity":"","overlay-gradient":""},"mobile":{"background-color":"","background-image":"","background-repeat":"repeat","background-position":"center center","background-size":"auto","background-attachment":"scroll","background-type":"","background-media":"","overlay-type":"","overlay-color":"","overlay-opacity":"","overlay-gradient":""}},"ast-content-background-meta":{"desktop":{"background-color":"var(--ast-global-color-5)","background-image":"","background-repeat":"repeat","background-position":"center center","background-size":"auto","background-attachment":"scroll","background-type":"","background-media":"","overlay-type":"","overlay-color":"","overlay-opacity":"","overlay-gradient":""},"tablet":{"background-color":"var(--ast-global-color-5)","background-image":"","background-repeat":"repeat","background-position":"center center","background-size":"auto","background-attachment":"scroll","background-type":"","background-media":"","overlay-type":"","overlay-color":"","overlay-opacity":"","overlay-gradient":""},"mobile":{"background-color":"var(--ast-global-color-5)","background-image":"","background-repeat":"repeat","background-position":"center center","background-size":"auto","background-attachment":"scroll","background-type":"","background-media":"","overlay-type":"","overlay-color":"","overlay-opacity":"","overlay-gradient":""}}},"product_brand":[],"product_cat":[730],"product_tag":[615,616,485,771,752,767,761,762,749,770,760,769,764,763,753,495,768,766,765,754],"class_list":{"0":"post-2094","1":"product","2":"type-product","3":"status-publish","4":"has-post-thumbnail","6":"product_cat-epitaxy-equipment","7":"product_tag-6-inch-wafer","8":"product_tag-8-inch-wafer","9":"product_tag-automated-wafer-handling","10":"product_tag-continuous-production","11":"product_tag-efem-integration","12":"product_tag-electric-vehicles","13":"product_tag-gallium-nitride-epitaxy","14":"product_tag-gan-epi-wafers","15":"product_tag-high-throughput","16":"product_tag-high-end-gan-devices","17":"product_tag-high-performance-gan-epitaxy-equipment","18":"product_tag-industrial-automation","19":"product_tag-low-defect-density","20":"product_tag-multi-substrate-compatibility","21":"product_tag-multi-zone-temperature-control","22":"product_tag-power-electronics","23":"product_tag-renewable-energy-systems","24":"product_tag-rf-devices","25":"product_tag-split-type-design","26":"product_tag-thick-film-epitaxy","27":"desktop-align-left","28":"tablet-align-left","29":"mobile-align-left","30":"ast-product-gallery-layout-horizontal-slider","31":"ast-product-gallery-with-no-image","32":"ast-product-tabs-layout-horizontal","34":"first","35":"instock","36":"shipping-taxable","37":"product-type-simple"},"_links":{"self":[{"href":"https:\/\/www.zmsh-semitech.com\/de\/wp-json\/wp\/v2\/product\/2094","targetHints":{"allow":["GET"]}}],"collection":[{"href":"https:\/\/www.zmsh-semitech.com\/de\/wp-json\/wp\/v2\/product"}],"about":[{"href":"https:\/\/www.zmsh-semitech.com\/de\/wp-json\/wp\/v2\/types\/product"}],"replies":[{"embeddable":true,"href":"https:\/\/www.zmsh-semitech.com\/de\/wp-json\/wp\/v2\/comments?post=2094"}],"version-history":[{"count":2,"href":"https:\/\/www.zmsh-semitech.com\/de\/wp-json\/wp\/v2\/product\/2094\/revisions"}],"predecessor-version":[{"id":2097,"href":"https:\/\/www.zmsh-semitech.com\/de\/wp-json\/wp\/v2\/product\/2094\/revisions\/2097"}],"wp:featuredmedia":[{"embeddable":true,"href":"https:\/\/www.zmsh-semitech.com\/de\/wp-json\/wp\/v2\/media\/2095"}],"wp:attachment":[{"href":"https:\/\/www.zmsh-semitech.com\/de\/wp-json\/wp\/v2\/media?parent=2094"}],"wp:term":[{"taxonomy":"product_brand","embeddable":true,"href":"https:\/\/www.zmsh-semitech.com\/de\/wp-json\/wp\/v2\/product_brand?post=2094"},{"taxonomy":"product_cat","embeddable":true,"href":"https:\/\/www.zmsh-semitech.com\/de\/wp-json\/wp\/v2\/product_cat?post=2094"},{"taxonomy":"product_tag","embeddable":true,"href":"https:\/\/www.zmsh-semitech.com\/de\/wp-json\/wp\/v2\/product_tag?post=2094"}],"curies":[{"name":"wp","href":"https:\/\/api.w.org\/{rel}","templated":true}]}}