{"id":1981,"date":"2026-03-23T06:13:43","date_gmt":"2026-03-23T06:13:43","guid":{"rendered":"https:\/\/www.zmsh-semitech.com\/?post_type=product&#038;p=1981"},"modified":"2026-03-23T06:18:04","modified_gmt":"2026-03-23T06:18:04","slug":"sic-raw-material-synthesis-furnace","status":"publish","type":"product","link":"https:\/\/www.zmsh-semitech.com\/de\/product\/sic-raw-material-synthesis-furnace\/","title":{"rendered":"50kg SiC-Rohstoff-Synthese-Ofen Hochreine Siliziumkarbid-Kristallpr\u00e4paration"},"content":{"rendered":"<p data-start=\"240\" data-end=\"569\"><img fetchpriority=\"high\" decoding=\"async\" class=\"size-medium wp-image-1989 alignleft\" src=\"https:\/\/www.zmsh-semitech.com\/wp-content\/uploads\/2026\/03\/Sic-raw-material-synthesis-furnace5-300x220.jpg\" alt=\"\" width=\"300\" height=\"220\" srcset=\"https:\/\/www.zmsh-semitech.com\/wp-content\/uploads\/2026\/03\/Sic-raw-material-synthesis-furnace5-300x220.jpg 300w, https:\/\/www.zmsh-semitech.com\/wp-content\/uploads\/2026\/03\/Sic-raw-material-synthesis-furnace5-16x12.jpg 16w, https:\/\/www.zmsh-semitech.com\/wp-content\/uploads\/2026\/03\/Sic-raw-material-synthesis-furnace5-600x439.jpg 600w, https:\/\/www.zmsh-semitech.com\/wp-content\/uploads\/2026\/03\/Sic-raw-material-synthesis-furnace5.jpg 680w\" sizes=\"(max-width: 300px) 100vw, 300px\" \/>Der 50-kg-SiC-Rohstoffsyntheseofen ist ein spezialisierter Hochtemperaturofen, der f\u00fcr die Herstellung von hochreinem Siliziumkarbid (SiC)-Rohstoff ausgelegt ist. Als kritisches Halbleiter- und Keramikmaterial wird SiC weithin in<span style=\"font-size: 16px;\">n Leistungselektronik, Hochtemperaturger\u00e4te, verschlei\u00dffeste Materialien und optische Komponenten.<\/span><\/p>\n<p data-start=\"571\" data-end=\"987\">Dieser Ofen wandelt Silizium (Si) und Kohlenstoff (C) durch eine kontrollierte chemische Hochtemperaturreaktion in SiC um und ist damit ein wesentlicher Bestandteil der Siliziumkarbid-Produktionskette. Seine Konstruktion gew\u00e4hrleistet eine hohe Reinheit, einen stabilen Betrieb und eine gleichbleibende Leistung, so dass die Hersteller die strengen Anforderungen moderner Halbleiter- und Hochleistungskeramikanwendungen erf\u00fcllen k\u00f6nnen.<\/p>\n<h2 data-section-id=\"52xoay\" data-start=\"994\" data-end=\"1017\"><span role=\"text\"><strong data-start=\"997\" data-end=\"1015\">Die wichtigsten Vorteile<\/strong><\/span><\/h2>\n<ul data-start=\"1018\" data-end=\"1891\">\n<li data-section-id=\"wafd1l\" data-start=\"1018\" data-end=\"1134\"><strong data-start=\"1020\" data-end=\"1050\">Kapazit\u00e4t bei hohen Temperaturen:<\/strong> Bietet Ofentemperaturen von bis zu 2400\u00b0C, geeignet f\u00fcr eine effiziente SiC-Synthese.<\/li>\n<li data-section-id=\"qvgm69\" data-start=\"1135\" data-end=\"1250\"><strong data-start=\"1137\" data-end=\"1160\">Hochreine Leistung:<\/strong> Nutzt hochreine Ausgangsstoffe und eine kontrollierte Schutzgasatmosph\u00e4re zur Herstellung von hochreinem SiC.<\/li>\n<li data-section-id=\"11v9t45\" data-start=\"1251\" data-end=\"1360\"><strong data-start=\"1253\" data-end=\"1276\">Stabile Leistung:<\/strong> Die robuste Konstruktion gew\u00e4hrleistet einen zuverl\u00e4ssigen Betrieb f\u00fcr eine langfristige, kontinuierliche Produktion.<\/li>\n<li data-section-id=\"caa80i\" data-start=\"1361\" data-end=\"1457\"><strong data-start=\"1363\" data-end=\"1385\">Geringe Kontamination:<\/strong> Inerte Atmosph\u00e4re und saubere Materialien minimieren den Einbau von Verunreinigungen.<\/li>\n<li data-section-id=\"ka169f\" data-start=\"1458\" data-end=\"1599\"><strong data-start=\"1460\" data-end=\"1487\">Gro\u00dfe Ladekapazit\u00e4t:<\/strong> Kann bis zu 50 kg Rohmaterial aufnehmen, was die Produktivit\u00e4t und Kompatibilit\u00e4t mit mehreren Kristall\u00f6fen verbessert.<\/li>\n<li data-section-id=\"1afhg2w\" data-start=\"1600\" data-end=\"1765\"><strong data-start=\"1602\" data-end=\"1624\">Pr\u00e4zise Kontrolle:<\/strong> Fortschrittliche Temperatur- und Druckregelung, optional mit doppelter Temperaturmessung und Infrarot\u00fcberwachung zur Prozessoptimierung.<\/li>\n<li data-section-id=\"i89isr\" data-start=\"1766\" data-end=\"1891\"><strong data-start=\"1768\" data-end=\"1795\">Flexible Konfiguration:<\/strong> Das modulare Design erm\u00f6glicht die Installation nebeneinander, um Platz zu sparen und die Anlagenauslastung zu optimieren.<\/li>\n<\/ul>\n<h2 data-section-id=\"10oaxfc\" data-start=\"1898\" data-end=\"1931\"><span role=\"text\"><strong data-start=\"1901\" data-end=\"1929\">Technische Daten<\/strong><\/span><\/h2>\n<div class=\"TyagGW_tableContainer\">\n<div class=\"group TyagGW_tableWrapper flex flex-col-reverse w-fit\" tabindex=\"-1\">\n<table class=\"w-fit min-w-(--thread-content-width)\" data-start=\"1933\" data-end=\"2723\">\n<thead data-start=\"1933\" data-end=\"1960\">\n<tr data-start=\"1933\" data-end=\"1960\">\n<th class=\"\" data-start=\"1933\" data-end=\"1943\" data-col-size=\"sm\">Merkmal<\/th>\n<th class=\"\" data-start=\"1943\" data-end=\"1960\" data-col-size=\"md\">Spezifikation<\/th>\n<\/tr>\n<\/thead>\n<tbody data-start=\"1989\" data-end=\"2723\">\n<tr data-start=\"1989\" data-end=\"2046\">\n<td data-start=\"1989\" data-end=\"2010\" data-col-size=\"sm\">Abmessungen (L\u00d7B\u00d7H)<\/td>\n<td data-col-size=\"md\" data-start=\"2010\" data-end=\"2046\">4000\u00d73400\u00d74300 mm (anpassbar)<\/td>\n<\/tr>\n<tr data-start=\"2047\" data-end=\"2085\">\n<td data-start=\"2047\" data-end=\"2074\" data-col-size=\"sm\">Durchmesser der Ofenkammer<\/td>\n<td data-col-size=\"md\" data-start=\"2074\" data-end=\"2085\">1100 mm<\/td>\n<\/tr>\n<tr data-start=\"2086\" data-end=\"2114\">\n<td data-start=\"2086\" data-end=\"2105\" data-col-size=\"sm\">Ladekapazit\u00e4t<\/td>\n<td data-col-size=\"md\" data-start=\"2105\" data-end=\"2114\">50 kg<\/td>\n<\/tr>\n<tr data-start=\"2115\" data-end=\"2183\">\n<td data-start=\"2115\" data-end=\"2133\" data-col-size=\"sm\">Ultimatives Vakuum<\/td>\n<td data-col-size=\"md\" data-start=\"2133\" data-end=\"2183\">10-\u00b2 Pa (2 Stunden nach Inbetriebnahme der Molekularpumpe)<\/td>\n<\/tr>\n<tr data-start=\"2184\" data-end=\"2244\">\n<td data-start=\"2184\" data-end=\"2213\" data-col-size=\"sm\">Druckanstiegsrate in der Kammer<\/td>\n<td data-col-size=\"md\" data-start=\"2213\" data-end=\"2244\">\u226410 Pa\/h (nach der Kalzination)<\/td>\n<\/tr>\n<tr data-start=\"2245\" data-end=\"2285\">\n<td data-start=\"2245\" data-end=\"2274\" data-col-size=\"sm\">Hub der unteren Ofenabdeckung<\/td>\n<td data-col-size=\"md\" data-start=\"2274\" data-end=\"2285\">1500 mm<\/td>\n<\/tr>\n<tr data-start=\"2286\" data-end=\"2324\">\n<td data-start=\"2286\" data-end=\"2303\" data-col-size=\"sm\">Heizmethode<\/td>\n<td data-start=\"2303\" data-end=\"2324\" data-col-size=\"md\">Induktionserw\u00e4rmung<\/td>\n<\/tr>\n<tr data-start=\"2325\" data-end=\"2357\">\n<td data-start=\"2325\" data-end=\"2347\" data-col-size=\"sm\">Maximale Temperatur<\/td>\n<td data-start=\"2347\" data-end=\"2357\" data-col-size=\"md\">2400\u00b0C<\/td>\n<\/tr>\n<tr data-start=\"2358\" data-end=\"2392\">\n<td data-start=\"2358\" data-end=\"2381\" data-col-size=\"sm\">Heizung Stromversorgung<\/td>\n<td data-start=\"2381\" data-end=\"2392\" data-col-size=\"md\">2\u00d740 kW<\/td>\n<\/tr>\n<tr data-start=\"2393\" data-end=\"2454\">\n<td data-start=\"2393\" data-end=\"2419\" data-col-size=\"sm\">Messung der Temperatur<\/td>\n<td data-col-size=\"md\" data-start=\"2419\" data-end=\"2454\">Zwei-Farben-Infrarot-Thermometer<\/td>\n<\/tr>\n<tr data-start=\"2455\" data-end=\"2489\">\n<td data-start=\"2455\" data-end=\"2475\" data-col-size=\"sm\">Temperaturbereich<\/td>\n<td data-col-size=\"md\" data-start=\"2475\" data-end=\"2489\">900-3000\u00b0C<\/td>\n<\/tr>\n<tr data-start=\"2490\" data-end=\"2529\">\n<td data-start=\"2490\" data-end=\"2521\" data-col-size=\"sm\">Genauigkeit der Temperaturregelung<\/td>\n<td data-col-size=\"md\" data-start=\"2521\" data-end=\"2529\">\u00b11\u00b0C<\/td>\n<\/tr>\n<tr data-start=\"2530\" data-end=\"2569\">\n<td data-start=\"2530\" data-end=\"2555\" data-col-size=\"sm\">Druckregelbereich<\/td>\n<td data-col-size=\"md\" data-start=\"2555\" data-end=\"2569\">1-700 mbar<\/td>\n<\/tr>\n<tr data-start=\"2570\" data-end=\"2631\">\n<td data-start=\"2570\" data-end=\"2598\" data-col-size=\"sm\">Genauigkeit der Druckregelung<\/td>\n<td data-col-size=\"md\" data-start=\"2598\" data-end=\"2631\">1-5 mbar (je nach Bereich)<\/td>\n<\/tr>\n<tr data-start=\"2632\" data-end=\"2723\">\n<td data-start=\"2632\" data-end=\"2649\" data-col-size=\"sm\">Ladeverfahren<\/td>\n<td data-col-size=\"md\" data-start=\"2649\" data-end=\"2723\">Niedrigere Beladung; optionaler Entladestapler und zwei Temperaturpunkte<\/td>\n<\/tr>\n<\/tbody>\n<\/table>\n<\/div>\n<\/div>\n<h2 data-section-id=\"13tlhcf\" data-start=\"2730\" data-end=\"2756\"><span role=\"text\"><strong data-start=\"2733\" data-end=\"2754\">Design-Vorteile<\/strong><\/span><\/h2>\n<ol data-start=\"2757\" data-end=\"3517\">\n<li data-section-id=\"7ymlfh\" data-start=\"2757\" data-end=\"2882\">Dank der hohen Beschickungskapazit\u00e4t kann ein einziger Ofen mehrere Langkristall\u00f6fen versorgen, was die Produktionseffizienz verbessert.<\/li>\n<li data-section-id=\"y3ubiu\" data-start=\"2883\" data-end=\"2982\">Die doppelte Stromversorgung mit identischer Frequenz gew\u00e4hrleistet eine pr\u00e4zise Steuerung des axialen Temperaturgradienten.<\/li>\n<li data-section-id=\"7q7579\" data-start=\"2983\" data-end=\"3103\">Die Infrarot-Temperaturmessung an der Ober- und Unterseite erleichtert die Temperatur\u00fcberwachung in Echtzeit und die Fehlersuche im Prozess.<\/li>\n<li data-section-id=\"3k74b3\" data-start=\"3104\" data-end=\"3219\">Die hohe Pr\u00e4zision der Vakuum-, Druck- und Temperaturkontrolle gew\u00e4hrleistet die Synthese von hochreinem SiC-Rohmaterial.<\/li>\n<li data-section-id=\"1voekay\" data-start=\"3220\" data-end=\"3316\">Sicheres und zuverl\u00e4ssiges Be- und Entladesystem, optional mit einem Entladestapler ausgestattet.<\/li>\n<li data-section-id=\"p45f8k\" data-start=\"3317\" data-end=\"3417\">Hochpr\u00e4zise Absperrklappen und Massendurchflussregler sorgen f\u00fcr eine stabile Prozessatmosph\u00e4re.<\/li>\n<li data-section-id=\"4p07o1\" data-start=\"3418\" data-end=\"3517\">Die modulare Bauweise erm\u00f6glicht eine Anordnung nebeneinander und optimiert so den Platzbedarf und die Anlagenauslastung.<\/li>\n<\/ol>\n<p><img decoding=\"async\" class=\"wp-image-1991 size-full aligncenter\" src=\"https:\/\/www.zmsh-semitech.com\/wp-content\/uploads\/2026\/03\/Sic-raw-material-synthesis-furnace6.png\" alt=\"\" width=\"680\" height=\"352\" srcset=\"https:\/\/www.zmsh-semitech.com\/wp-content\/uploads\/2026\/03\/Sic-raw-material-synthesis-furnace6.png 680w, https:\/\/www.zmsh-semitech.com\/wp-content\/uploads\/2026\/03\/Sic-raw-material-synthesis-furnace6-300x155.png 300w, https:\/\/www.zmsh-semitech.com\/wp-content\/uploads\/2026\/03\/Sic-raw-material-synthesis-furnace6-18x9.png 18w, https:\/\/www.zmsh-semitech.com\/wp-content\/uploads\/2026\/03\/Sic-raw-material-synthesis-furnace6-600x311.png 600w\" sizes=\"(max-width: 680px) 100vw, 680px\" \/><\/p>\n<h2 data-section-id=\"1imsgo3\" data-start=\"3524\" data-end=\"3558\"><span role=\"text\"><strong data-start=\"3527\" data-end=\"3556\">Anwendungen und Vorteile<\/strong><\/span><\/h2>\n<p data-start=\"3559\" data-end=\"3737\">Der SiC-Rohstoffsyntheseofen produziert effizient hochreines Siliciumcarbid und erreicht Reinheiten von 99,999% oder h\u00f6her. Das synthetisierte SiC-Rohmaterial ist ideal f\u00fcr:<\/p>\n<ul data-start=\"3738\" data-end=\"4228\">\n<li data-section-id=\"1fodfy7\" data-start=\"3738\" data-end=\"3850\"><strong data-start=\"3740\" data-end=\"3766\">Einkristallines Wachstum:<\/strong> Herstellung von hochwertigen SiC-Kristallen f\u00fcr Leistungsbauelemente wie MOSFETs und Dioden.<\/li>\n<li data-section-id=\"be6ua8\" data-start=\"3851\" data-end=\"3955\"><strong data-start=\"3853\" data-end=\"3875\">Leistungselektronik:<\/strong> Erm\u00f6glicht Ger\u00e4te mit hoher Spannung, geringen Verlusten und hoher Frequenzleistung.<\/li>\n<li data-section-id=\"2a320o\" data-start=\"3956\" data-end=\"4083\"><strong data-start=\"3958\" data-end=\"3994\">Automobilindustrie und erneuerbare Energien:<\/strong> Verbesserung von Elektrofahrzeugen, Solar-Wechselrichtern und anderen Hochleistungsanwendungen.<\/li>\n<li data-section-id=\"1kgacmz\" data-start=\"4084\" data-end=\"4228\"><strong data-start=\"4086\" data-end=\"4128\">Hochleistungskeramik und optische Ger\u00e4te:<\/strong> Ausweitung der SiC-Anwendungen \u00fcber Halbleiter hinaus auf Industriekeramik und optische Komponenten.<\/li>\n<\/ul>\n<h2 data-section-id=\"tdegxz\" data-start=\"4235\" data-end=\"4257\"><span role=\"text\"><strong data-start=\"4238\" data-end=\"4255\">ZMSH Dienstleistungen<\/strong><\/span><\/h2>\n<p data-start=\"4258\" data-end=\"4725\">ZMSH bietet eine umfassende Prozessunterst\u00fctzung von der Ofenkonstruktion und -herstellung bis hin zum Kundendienst. Dazu geh\u00f6ren die Anpassung der Anlagen, die Prozessoptimierung und die technische Schulung. Mit fortschrittlicher Technologie und umfassender Branchenerfahrung gew\u00e4hrleistet ZMSH einen hocheffizienten, stabilen Betrieb mit geringem Energieverbrauch und bietet schnelle technische Unterst\u00fctzung rund um die Uhr, um Kunden bei der gro\u00dftechnischen Produktion von hochreinen Siliziumkarbid-Rohstoffen zu unterst\u00fctzen.<\/p>\n<h2 data-section-id=\"1uqg4yw\" data-start=\"4732\" data-end=\"4773\"><span role=\"text\"><strong data-start=\"4735\" data-end=\"4771\">H\u00e4ufig gestellte Fragen (FAQ)<\/strong><\/span><\/h2>\n<p data-start=\"4774\" data-end=\"5024\"><strong data-start=\"4774\" data-end=\"4842\">Q1: Wozu dient ein Ofen f\u00fcr die Synthese von SiC-Rohstoffen?<\/strong><br data-start=\"4842\" data-end=\"4845\" \/>A: Es wird zur Herstellung von hochreinem Siliziumkarbid (SiC) durch chemische Reaktionen bei hohen Temperaturen verwendet, das f\u00fcr Halbleiter, Keramik und optische Komponenten unerl\u00e4sslich ist.<\/p>\n<p data-start=\"5026\" data-end=\"5265\"><strong data-start=\"5026\" data-end=\"5104\">F2: Warum ist ein SiC-Syntheseofen f\u00fcr die Halbleiterproduktion wichtig?<\/strong><br data-start=\"5104\" data-end=\"5107\" \/>A: Es erm\u00f6glicht die Herstellung von hochreinem SiC, das f\u00fcr die Z\u00fcchtung hochwertiger SiC-Kristalle, die in der Leistungselektronik und in Hochfrequenzger\u00e4ten verwendet werden, von entscheidender Bedeutung ist.<\/p>\n<p data-start=\"5267\" data-end=\"5449\"><strong data-start=\"5267\" data-end=\"5327\">F3: Wie hoch ist die maximale Ladekapazit\u00e4t des Ofens?<\/strong><br data-start=\"5327\" data-end=\"5330\" \/>A: Die Standard-Beladekapazit\u00e4t betr\u00e4gt 50 kg und erm\u00f6glicht die Produktion in gro\u00dfen Mengen und die Beschickung mehrerer Kristall\u00f6fen.<\/p>\n<p data-start=\"5451\" data-end=\"5708\"><strong data-start=\"5451\" data-end=\"5526\">F4: Wie genau ist die Temperatur- und Druckregelung des Ofens?<\/strong><br data-start=\"5526\" data-end=\"5529\" \/>A: Die Genauigkeit der Temperaturregelung betr\u00e4gt \u00b11\u00b0C. Die Genauigkeit der Druckregelung liegt je nach Druckbereich zwischen \u00b10,1 mbar und \u00b10,5 mbar und gew\u00e4hrleistet eine stabile hochreine SiC-Synthese.<\/p>","protected":false},"excerpt":{"rendered":"<p>Der 50-kg-SiC-Rohstoffsyntheseofen ist ein spezieller Hochtemperaturofen f\u00fcr die Herstellung hochreiner Siliziumkarbid-Rohstoffe (SiC). Als wichtiges Halbleiter- und Keramikmaterial findet SiC breite Anwendung in der Leistungselektronik, in Hochtemperaturger\u00e4ten, verschlei\u00dffesten Materialien und optischen Komponenten.<\/p>","protected":false},"featured_media":1984,"comment_status":"open","ping_status":"closed","template":"","meta":{"site-sidebar-layout":"default","site-content-layout":"","ast-site-content-layout":"default","site-content-style":"default","site-sidebar-style":"default","ast-global-header-display":"","ast-banner-title-visibility":"","ast-main-header-display":"","ast-hfb-above-header-display":"","ast-hfb-below-header-display":"","ast-hfb-mobile-header-display":"","site-post-title":"","ast-breadcrumbs-content":"","ast-featured-img":"","footer-sml-layout":"","ast-disable-related-posts":"","theme-transparent-header-meta":"default","adv-header-id-meta":"","stick-header-meta":"default","header-above-stick-meta":"","header-main-stick-meta":"","header-below-stick-meta":"","astra-migrate-meta-layouts":"set","ast-page-background-enabled":"default","ast-page-background-meta":{"desktop":{"background-color":"var(--ast-global-color-4)","background-image":"","background-repeat":"repeat","background-position":"center center","background-size":"auto","background-attachment":"scroll","background-type":"","background-media":"","overlay-type":"","overlay-color":"","overlay-opacity":"","overlay-gradient":""},"tablet":{"background-color":"","background-image":"","background-repeat":"repeat","background-position":"center center","background-size":"auto","background-attachment":"scroll","background-type":"","background-media":"","overlay-type":"","overlay-color":"","overlay-opacity":"","overlay-gradient":""},"mobile":{"background-color":"","background-image":"","background-repeat":"repeat","background-position":"center center","background-size":"auto","background-attachment":"scroll","background-type":"","background-media":"","overlay-type":"","overlay-color":"","overlay-opacity":"","overlay-gradient":""}},"ast-content-background-meta":{"desktop":{"background-color":"var(--ast-global-color-5)","background-image":"","background-repeat":"repeat","background-position":"center center","background-size":"auto","background-attachment":"scroll","background-type":"","background-media":"","overlay-type":"","overlay-color":"","overlay-opacity":"","overlay-gradient":""},"tablet":{"background-color":"var(--ast-global-color-5)","background-image":"","background-repeat":"repeat","background-position":"center center","background-size":"auto","background-attachment":"scroll","background-type":"","background-media":"","overlay-type":"","overlay-color":"","overlay-opacity":"","overlay-gradient":""},"mobile":{"background-color":"var(--ast-global-color-5)","background-image":"","background-repeat":"repeat","background-position":"center center","background-size":"auto","background-attachment":"scroll","background-type":"","background-media":"","overlay-type":"","overlay-color":"","overlay-opacity":"","overlay-gradient":""}}},"product_brand":[],"product_cat":[15],"product_tag":[489,504,506,492,496,500,499,505,498,495,507,494,493,501,490,503,491,486,502,497,508],"class_list":{"0":"post-1981","1":"product","2":"type-product","3":"status-publish","4":"has-post-thumbnail","6":"product_cat-crystal-growth-furnace","7":"product_tag-50kg-sic-raw-material-synthesis-furnace","8":"product_tag-crystal-growth","9":"product_tag-furnace-automation","10":"product_tag-high-purity-sic","11":"product_tag-high-temperature-devices","12":"product_tag-high-temperature-furnace","13":"product_tag-induction-heating-furnace","14":"product_tag-industrial-sic-production","15":"product_tag-optical-devices","16":"product_tag-power-electronics","17":"product_tag-pressure-control","18":"product_tag-semiconductor-materials","19":"product_tag-sic-crystal-preparation","20":"product_tag-sic-powder-production","21":"product_tag-sic-raw-material-furnace","22":"product_tag-sic-single-crystal","23":"product_tag-silicon-carbide-synthesis-furnace","24":"product_tag-temperature-control","25":"product_tag-ultra-pure-sic","26":"product_tag-wear-resistant-materials","27":"product_tag-zmsh-equipment","28":"desktop-align-left","29":"tablet-align-left","30":"mobile-align-left","31":"ast-product-gallery-layout-horizontal-slider","32":"ast-product-tabs-layout-horizontal","34":"first","35":"instock","36":"shipping-taxable","37":"product-type-simple"},"_links":{"self":[{"href":"https:\/\/www.zmsh-semitech.com\/de\/wp-json\/wp\/v2\/product\/1981","targetHints":{"allow":["GET"]}}],"collection":[{"href":"https:\/\/www.zmsh-semitech.com\/de\/wp-json\/wp\/v2\/product"}],"about":[{"href":"https:\/\/www.zmsh-semitech.com\/de\/wp-json\/wp\/v2\/types\/product"}],"replies":[{"embeddable":true,"href":"https:\/\/www.zmsh-semitech.com\/de\/wp-json\/wp\/v2\/comments?post=1981"}],"version-history":[{"count":3,"href":"https:\/\/www.zmsh-semitech.com\/de\/wp-json\/wp\/v2\/product\/1981\/revisions"}],"predecessor-version":[{"id":1992,"href":"https:\/\/www.zmsh-semitech.com\/de\/wp-json\/wp\/v2\/product\/1981\/revisions\/1992"}],"wp:featuredmedia":[{"embeddable":true,"href":"https:\/\/www.zmsh-semitech.com\/de\/wp-json\/wp\/v2\/media\/1984"}],"wp:attachment":[{"href":"https:\/\/www.zmsh-semitech.com\/de\/wp-json\/wp\/v2\/media?parent=1981"}],"wp:term":[{"taxonomy":"product_brand","embeddable":true,"href":"https:\/\/www.zmsh-semitech.com\/de\/wp-json\/wp\/v2\/product_brand?post=1981"},{"taxonomy":"product_cat","embeddable":true,"href":"https:\/\/www.zmsh-semitech.com\/de\/wp-json\/wp\/v2\/product_cat?post=1981"},{"taxonomy":"product_tag","embeddable":true,"href":"https:\/\/www.zmsh-semitech.com\/de\/wp-json\/wp\/v2\/product_tag?post=1981"}],"curies":[{"name":"wp","href":"https:\/\/api.w.org\/{rel}","templated":true}]}}