{"id":1968,"date":"2026-03-23T06:01:20","date_gmt":"2026-03-23T06:01:20","guid":{"rendered":"https:\/\/www.zmsh-semitech.com\/?post_type=product&#038;p=1968"},"modified":"2026-03-23T06:03:52","modified_gmt":"2026-03-23T06:03:52","slug":"lpcvd-oxidation-furnace","status":"publish","type":"product","link":"https:\/\/www.zmsh-semitech.com\/de\/product\/lpcvd-oxidation-furnace\/","title":{"rendered":"6\/8\/12-Zoll-LPCVD-Oxidationsofen mit hoher Gleichm\u00e4\u00dfigkeit bei der D\u00fcnnschichtabscheidung f\u00fcr die moderne Halbleiterfertigung"},"content":{"rendered":"<p data-start=\"295\" data-end=\"716\">Der 6\/8\/12-Zoll-LPCVD-Oxidationsofen ist ein hochmodernes Werkzeug f\u00fcr die Halbleiterherstellung, das f\u00fcr die pr\u00e4zise und gleichm\u00e4\u00dfige Abscheidung von D\u00fcnnschichten entwickelt wurde. Er findet breite Anwendung beim Aufwachsen hochwertiger Polysilizium-, Siliziumnitrid- und Siliziumoxidschichten auf Wafern und gew\u00e4hrleistet eine gleichbleibende Leistung f\u00fcr Leistungshalbleiter, moderne Substrate und andere hochpr\u00e4zise Anwendungen.<\/p>\n<p data-start=\"718\" data-end=\"1176\">Diese Anlage kombiniert fortschrittliche Niederdruck-Abscheidungstechnologie, intelligente Temperatursteuerung und ein extrem sauberes Prozessdesign, um eine au\u00dfergew\u00f6hnliche Gleichm\u00e4\u00dfigkeit der D\u00fcnnschicht und einen hohen Durchsatz zu erzielen. Die vertikale Reaktorkonfiguration erm\u00f6glicht eine effiziente Stapelverarbeitung, w\u00e4hrend der thermische Abscheidungsprozess plasmainduzierte Sch\u00e4den vermeidet, was ihn ideal f\u00fcr kritische Prozesse wie die Bildung von Gate-Dielektrikum, Spannungspufferschichten und Schutzoxiden macht.<\/p>\n<p data-start=\"718\" data-end=\"1176\"><img fetchpriority=\"high\" decoding=\"async\" class=\"alignnone wp-image-1978 size-full aligncenter\" src=\"https:\/\/www.zmsh-semitech.com\/wp-content\/uploads\/2026\/03\/20250422163156_56112.png\" alt=\"\" width=\"680\" height=\"382\" srcset=\"https:\/\/www.zmsh-semitech.com\/wp-content\/uploads\/2026\/03\/20250422163156_56112.png 680w, https:\/\/www.zmsh-semitech.com\/wp-content\/uploads\/2026\/03\/20250422163156_56112-300x169.png 300w, https:\/\/www.zmsh-semitech.com\/wp-content\/uploads\/2026\/03\/20250422163156_56112-18x10.png 18w, https:\/\/www.zmsh-semitech.com\/wp-content\/uploads\/2026\/03\/20250422163156_56112-600x337.png 600w\" sizes=\"(max-width: 680px) 100vw, 680px\" \/><\/p>\n<p data-start=\"718\" data-end=\"1176\">\n<h2 data-section-id=\"52xoay\" data-start=\"1183\" data-end=\"1206\"><span role=\"text\"><strong data-start=\"1186\" data-end=\"1204\">Die wichtigsten Vorteile<\/strong><\/span><\/h2>\n<ul data-start=\"1207\" data-end=\"2119\">\n<li data-section-id=\"5aaqq\" data-start=\"1207\" data-end=\"1402\"><strong data-start=\"1209\" data-end=\"1250\">High Uniformity Thin-Film Deposition:<\/strong> Die Niederdruckumgebung (0,1-10 Torr) gew\u00e4hrleistet eine Gleichm\u00e4\u00dfigkeit von \u00b11,5% von Wafer zu Wafer und innerhalb der Wafer, was f\u00fcr die Herstellung von Hochleistungsbauteilen entscheidend ist.<\/li>\n<li data-section-id=\"1gd7krr\" data-start=\"1403\" data-end=\"1564\"><strong data-start=\"1405\" data-end=\"1433\">Vertikale Reaktorkonstruktion:<\/strong> Verarbeitet 150-200 Wafer pro Charge und verbessert so den Durchsatz und die Produktionseffizienz in der industriellen Halbleiterfertigung.<\/li>\n<li data-section-id=\"k1g5ie\" data-start=\"1565\" data-end=\"1716\"><strong data-start=\"1567\" data-end=\"1610\">Thermisches Abscheidungsverfahren (500-900\u00b0C):<\/strong> Erm\u00f6glicht eine schonende, plasmafreie Abscheidung zum Schutz empfindlicher Substrate und zur Aufrechterhaltung einer hohen Filmqualit\u00e4t.<\/li>\n<li data-section-id=\"15vtswb\" data-start=\"1717\" data-end=\"1844\"><strong data-start=\"1719\" data-end=\"1755\">Intelligente Temperaturregelung:<\/strong> \u00dcberwachung und Einstellung in Echtzeit mit einer Genauigkeit von \u00b11\u00b0C f\u00fcr stabile, wiederholbare Ergebnisse.<\/li>\n<li data-section-id=\"5qswig\" data-start=\"1845\" data-end=\"1966\"><strong data-start=\"1847\" data-end=\"1879\">Ultra-Saubere Prozesskammer:<\/strong> Minimiert die Partikelkontamination und unterst\u00fctzt SiC und andere moderne Wafermaterialien.<\/li>\n<li data-section-id=\"13dmie4\" data-start=\"1967\" data-end=\"2119\"><strong data-start=\"1969\" data-end=\"2000\">Anpassbare Konfiguration:<\/strong> Flexibles Design f\u00fcr verschiedene Prozessanforderungen, einschlie\u00dflich Trocken- oder Nassoxidation und unterschiedliche Wafergr\u00f6\u00dfen.<\/li>\n<\/ul>\n<h2 data-section-id=\"10oaxfc\" data-start=\"2126\" data-end=\"2159\"><span role=\"text\"><strong data-start=\"2129\" data-end=\"2157\">Technische Daten<\/strong><\/span><\/h2>\n<div class=\"TyagGW_tableContainer\">\n<div class=\"group TyagGW_tableWrapper flex flex-col-reverse w-fit\" tabindex=\"-1\">\n<table class=\"w-fit min-w-(--thread-content-width)\" data-start=\"2161\" data-end=\"2686\">\n<thead data-start=\"2161\" data-end=\"2188\">\n<tr data-start=\"2161\" data-end=\"2188\">\n<th class=\"\" data-start=\"2161\" data-end=\"2171\" data-col-size=\"sm\">Merkmal<\/th>\n<th class=\"\" data-start=\"2171\" data-end=\"2188\" data-col-size=\"md\">Spezifikation<\/th>\n<\/tr>\n<\/thead>\n<tbody data-start=\"2217\" data-end=\"2686\">\n<tr data-start=\"2217\" data-end=\"2245\">\n<td data-start=\"2217\" data-end=\"2230\" data-col-size=\"sm\">Wafer Gr\u00f6\u00dfe<\/td>\n<td data-col-size=\"md\" data-start=\"2230\" data-end=\"2245\">6\/8\/12 Zoll<\/td>\n<\/tr>\n<tr data-start=\"2246\" data-end=\"2316\">\n<td data-start=\"2246\" data-end=\"2269\" data-col-size=\"sm\">Kompatible Materialien<\/td>\n<td data-col-size=\"md\" data-start=\"2269\" data-end=\"2316\">Polysilizium, Siliziumnitrid, Siliziumoxid<\/td>\n<\/tr>\n<tr data-start=\"2317\" data-end=\"2372\">\n<td data-start=\"2317\" data-end=\"2334\" data-col-size=\"sm\">Oxidation Typ<\/td>\n<td data-col-size=\"md\" data-start=\"2334\" data-end=\"2372\">Trockensauerstoff \/ Nasssauerstoff (DCE, HCL)<\/td>\n<\/tr>\n<tr data-start=\"2373\" data-end=\"2416\">\n<td data-start=\"2373\" data-end=\"2401\" data-col-size=\"sm\">Prozess-Temperaturbereich<\/td>\n<td data-col-size=\"md\" data-start=\"2401\" data-end=\"2416\">500\u00b0C-900\u00b0C<\/td>\n<\/tr>\n<tr data-start=\"2417\" data-end=\"2456\">\n<td data-start=\"2417\" data-end=\"2445\" data-col-size=\"sm\">Zone mit konstanter Temperatur<\/td>\n<td data-col-size=\"md\" data-start=\"2445\" data-end=\"2456\">\u2265800 mm<\/td>\n<\/tr>\n<tr data-start=\"2457\" data-end=\"2496\">\n<td data-start=\"2457\" data-end=\"2488\" data-col-size=\"sm\">Genauigkeit der Temperaturregelung<\/td>\n<td data-col-size=\"md\" data-start=\"2488\" data-end=\"2496\">\u00b11\u00b0C<\/td>\n<\/tr>\n<tr data-start=\"2497\" data-end=\"2573\">\n<td data-start=\"2497\" data-end=\"2516\" data-col-size=\"sm\">Partikelkontrolle<\/td>\n<td data-col-size=\"md\" data-start=\"2516\" data-end=\"2573\">0,32\u03bcm), 0,32\u03bcm), 0,226\u03bcm)<\/td>\n<\/tr>\n<tr data-start=\"2574\" data-end=\"2608\">\n<td data-start=\"2574\" data-end=\"2591\" data-col-size=\"sm\">Filmdicke<\/td>\n<td data-col-size=\"md\" data-start=\"2591\" data-end=\"2608\">NIT1500 \u00b150 \u00c5<\/td>\n<\/tr>\n<tr data-start=\"2609\" data-end=\"2686\">\n<td data-start=\"2609\" data-end=\"2622\" data-col-size=\"sm\">Einheitlichkeit<\/td>\n<td data-start=\"2622\" data-end=\"2686\" data-col-size=\"md\">Innerhalb eines Wafers &lt;2,5%, von Wafer zu Wafer &lt;2,5%, von Charge zu Charge &lt;2%<\/td>\n<\/tr>\n<\/tbody>\n<\/table>\n<\/div>\n<\/div>\n<h2 data-section-id=\"5mln0p\" data-start=\"2693\" data-end=\"2718\"><span role=\"text\"><strong data-start=\"2696\" data-end=\"2716\">Produktmerkmale<\/strong><\/span><\/h2>\n<ul data-start=\"2719\" data-end=\"3240\">\n<li data-section-id=\"1npssef\" data-start=\"2719\" data-end=\"2795\">Die automatisierte Handhabung von Wafern gew\u00e4hrleistet hohe Sicherheit und betriebliche Effizienz.<\/li>\n<li data-section-id=\"1viv597\" data-start=\"2796\" data-end=\"2893\">Die extrem saubere Prozesskammer reduziert das Kontaminationsrisiko und sorgt f\u00fcr eine gleichbleibende Filmqualit\u00e4t.<\/li>\n<li data-section-id=\"h2e7ah\" data-start=\"2894\" data-end=\"2970\">Die \u00fcberragende Gleichm\u00e4\u00dfigkeit der Schichtdicke unterst\u00fctzt die Herstellung fortschrittlicher Knoten.<\/li>\n<li data-section-id=\"i9qs80\" data-start=\"2971\" data-end=\"3065\">Intelligente Temperatur- und Druckregelung in Echtzeit erm\u00f6glicht pr\u00e4zise Prozesseinstellungen.<\/li>\n<li data-section-id=\"1vojhz5\" data-start=\"3066\" data-end=\"3155\">Der SiC-Wafer-Tr\u00e4ger reduziert Reibung und Partikelbildung und verl\u00e4ngert so die Lebensdauer des Wafers.<\/li>\n<li data-section-id=\"1efwava\" data-start=\"3156\" data-end=\"3240\">Der modulare Aufbau erm\u00f6glicht die Anpassung an unterschiedliche Anwendungen und Prozessanforderungen.<\/li>\n<\/ul>\n<h2 data-section-id=\"1s7c0bk\" data-start=\"3247\" data-end=\"3284\"><span role=\"text\"><strong data-start=\"3250\" data-end=\"3282\">Prinzip des Depositionsverfahrens<img decoding=\"async\" class=\"size-medium wp-image-1972 alignleft\" src=\"https:\/\/www.zmsh-semitech.com\/wp-content\/uploads\/2026\/03\/LPCVD-deposition-principle-300x246.png\" alt=\"\" width=\"300\" height=\"246\" srcset=\"https:\/\/www.zmsh-semitech.com\/wp-content\/uploads\/2026\/03\/LPCVD-deposition-principle-300x246.png 300w, https:\/\/www.zmsh-semitech.com\/wp-content\/uploads\/2026\/03\/LPCVD-deposition-principle-15x12.png 15w, https:\/\/www.zmsh-semitech.com\/wp-content\/uploads\/2026\/03\/LPCVD-deposition-principle-600x492.png 600w, https:\/\/www.zmsh-semitech.com\/wp-content\/uploads\/2026\/03\/LPCVD-deposition-principle.png 680w\" sizes=\"(max-width: 300px) 100vw, 300px\" \/><\/strong><\/span><\/h2>\n<ol data-start=\"3285\" data-end=\"3910\">\n<li data-section-id=\"1jepk0v\" data-start=\"3285\" data-end=\"3400\"><strong data-start=\"3288\" data-end=\"3309\">Gas Einf\u00fchrung:<\/strong> Die Reaktionsgase werden unter niedrigem Druck (0,25-1 Torr) in das Rohr eingeleitet.<\/li>\n<li data-section-id=\"bjphum\" data-start=\"3401\" data-end=\"3506\"><strong data-start=\"3404\" data-end=\"3426\">Oberfl\u00e4chen-Diffusion:<\/strong> Die Molek\u00fcle k\u00f6nnen frei \u00fcber die Waferoberfl\u00e4che diffundieren, was eine gleichm\u00e4\u00dfige Abdeckung gew\u00e4hrleistet.<\/li>\n<li data-section-id=\"yyrb2x\" data-start=\"3507\" data-end=\"3591\"><strong data-start=\"3510\" data-end=\"3525\">Adsorption:<\/strong> Die Reaktanten haften vor der chemischen Reaktion an der Waferoberfl\u00e4che.<\/li>\n<li data-section-id=\"17r2njo\" data-start=\"3592\" data-end=\"3696\"><strong data-start=\"3595\" data-end=\"3617\">Chemische Reaktion:<\/strong> Durch thermische Zersetzung entsteht der gew\u00fcnschte d\u00fcnne Film direkt auf dem Substrat.<\/li>\n<li data-section-id=\"joswp0\" data-start=\"3697\" data-end=\"3802\"><strong data-start=\"3700\" data-end=\"3722\">Entfernung von Nebenprodukten:<\/strong> Nicht reaktive Gase werden evakuiert, um die Reinheit zu erhalten und St\u00f6rungen zu vermeiden.<\/li>\n<li data-section-id=\"1nf7uqd\" data-start=\"3803\" data-end=\"3910\"><strong data-start=\"3806\" data-end=\"3825\">Filmbildung:<\/strong> Die Reaktionsprodukte reichern sich allm\u00e4hlich an und bilden eine gleichm\u00e4\u00dfige, stabile D\u00fcnnfilmschicht.<\/li>\n<\/ol>\n<h2 data-section-id=\"3f2aoc\" data-start=\"3917\" data-end=\"3938\"><span role=\"text\"><strong data-start=\"3920\" data-end=\"3936\">Anwendungen<\/strong><\/span><\/h2>\n<ul data-start=\"3939\" data-end=\"4341\">\n<li data-section-id=\"88axke\" data-start=\"3939\" data-end=\"4064\"><strong data-start=\"3941\" data-end=\"3967\">Abschirmende Oxidschicht:<\/strong> Sch\u00fctzt Siliziumwafer vor Verunreinigungen und reduziert die Ionenkanalbildung bei Dotierungsprozessen.<\/li>\n<\/ul>\n<p><img decoding=\"async\" class=\"wp-image-1973 size-full aligncenter\" src=\"https:\/\/www.zmsh-semitech.com\/wp-content\/uploads\/2026\/03\/application-of-oxidation-process1.png\" alt=\"\" width=\"671\" height=\"273\" srcset=\"https:\/\/www.zmsh-semitech.com\/wp-content\/uploads\/2026\/03\/application-of-oxidation-process1.png 671w, https:\/\/www.zmsh-semitech.com\/wp-content\/uploads\/2026\/03\/application-of-oxidation-process1-300x122.png 300w, https:\/\/www.zmsh-semitech.com\/wp-content\/uploads\/2026\/03\/application-of-oxidation-process1-18x7.png 18w, https:\/\/www.zmsh-semitech.com\/wp-content\/uploads\/2026\/03\/application-of-oxidation-process1-600x244.png 600w\" sizes=\"(max-width: 671px) 100vw, 671px\" \/><\/p>\n<ul data-start=\"3939\" data-end=\"4341\">\n<li data-section-id=\"1o3mmvz\" data-start=\"4065\" data-end=\"4204\"><strong data-start=\"4067\" data-end=\"4087\">Pad Oxidschicht:<\/strong> Wirkt als Spannungspuffer zwischen Silizium- und Siliziumnitridschichten, verhindert Waferrisse und verbessert die Ausbeute.<\/li>\n<\/ul>\n<p><img loading=\"lazy\" decoding=\"async\" class=\"wp-image-1974 size-full aligncenter\" src=\"https:\/\/www.zmsh-semitech.com\/wp-content\/uploads\/2026\/03\/application-of-oxidation-process2.png\" alt=\"\" width=\"602\" height=\"307\" srcset=\"https:\/\/www.zmsh-semitech.com\/wp-content\/uploads\/2026\/03\/application-of-oxidation-process2.png 602w, https:\/\/www.zmsh-semitech.com\/wp-content\/uploads\/2026\/03\/application-of-oxidation-process2-300x153.png 300w, https:\/\/www.zmsh-semitech.com\/wp-content\/uploads\/2026\/03\/application-of-oxidation-process2-18x9.png 18w, https:\/\/www.zmsh-semitech.com\/wp-content\/uploads\/2026\/03\/application-of-oxidation-process2-600x306.png 600w\" sizes=\"(max-width: 602px) 100vw, 602px\" \/><\/p>\n<ul data-start=\"3939\" data-end=\"4341\">\n<li data-section-id=\"10l973e\" data-start=\"4205\" data-end=\"4341\"><strong data-start=\"4207\" data-end=\"4228\">Gate-Oxidschicht:<\/strong> Stellt die dielektrische Schicht in MOS-Strukturen dar und gew\u00e4hrleistet eine pr\u00e4zise Stromleitung und Feldeffektsteuerung.<\/li>\n<\/ul>\n<p><img loading=\"lazy\" decoding=\"async\" class=\"wp-image-1975 size-full aligncenter\" src=\"https:\/\/www.zmsh-semitech.com\/wp-content\/uploads\/2026\/03\/application-of-oxidation-process3.png\" alt=\"\" width=\"680\" height=\"297\" srcset=\"https:\/\/www.zmsh-semitech.com\/wp-content\/uploads\/2026\/03\/application-of-oxidation-process3.png 680w, https:\/\/www.zmsh-semitech.com\/wp-content\/uploads\/2026\/03\/application-of-oxidation-process3-300x131.png 300w, https:\/\/www.zmsh-semitech.com\/wp-content\/uploads\/2026\/03\/application-of-oxidation-process3-18x8.png 18w, https:\/\/www.zmsh-semitech.com\/wp-content\/uploads\/2026\/03\/application-of-oxidation-process3-600x262.png 600w\" sizes=\"(max-width: 680px) 100vw, 680px\" \/><\/p>\n<h2 data-section-id=\"19sbner\" data-start=\"4348\" data-end=\"4378\"><span role=\"text\"><strong data-start=\"4351\" data-end=\"4376\">System-Konfigurationen<\/strong><\/span><\/h2>\n<ul data-start=\"4379\" data-end=\"4685\">\n<li data-section-id=\"29z8e\" data-start=\"4379\" data-end=\"4496\"><strong data-start=\"4381\" data-end=\"4400\">Vertikale LPCVD:<\/strong> Die Prozessgase str\u00f6men von oben nach unten und sorgen f\u00fcr eine gleichm\u00e4\u00dfige Abscheidung auf allen Wafern einer Charge.<\/li>\n<\/ul>\n<p><img loading=\"lazy\" decoding=\"async\" class=\"size-medium wp-image-1976 aligncenter\" src=\"https:\/\/www.zmsh-semitech.com\/wp-content\/uploads\/2026\/03\/Vertical-LPCVD-Systems-300x280.png\" alt=\"\" width=\"300\" height=\"280\" srcset=\"https:\/\/www.zmsh-semitech.com\/wp-content\/uploads\/2026\/03\/Vertical-LPCVD-Systems-300x280.png 300w, https:\/\/www.zmsh-semitech.com\/wp-content\/uploads\/2026\/03\/Vertical-LPCVD-Systems-13x12.png 13w, https:\/\/www.zmsh-semitech.com\/wp-content\/uploads\/2026\/03\/Vertical-LPCVD-Systems-600x560.png 600w, https:\/\/www.zmsh-semitech.com\/wp-content\/uploads\/2026\/03\/Vertical-LPCVD-Systems.png 680w\" sizes=\"(max-width: 300px) 100vw, 300px\" \/><\/p>\n<ul data-start=\"4379\" data-end=\"4685\">\n<li data-section-id=\"1dvx71j\" data-start=\"4497\" data-end=\"4685\"><strong data-start=\"4499\" data-end=\"4520\">Horizontale LPCVD:<\/strong> Die Gase str\u00f6men entlang der L\u00e4nge der Substrate und eignen sich f\u00fcr die kontinuierliche Produktion gro\u00dfer Mengen, wobei die Abscheidungsdicke in der N\u00e4he der Einlassseite leicht variieren kann.<\/li>\n<\/ul>\n<p><img loading=\"lazy\" decoding=\"async\" class=\"wp-image-1977 size-full aligncenter\" src=\"https:\/\/www.zmsh-semitech.com\/wp-content\/uploads\/2026\/03\/Horizontal-LPCVD-Systems.png\" alt=\"\" width=\"680\" height=\"361\" srcset=\"https:\/\/www.zmsh-semitech.com\/wp-content\/uploads\/2026\/03\/Horizontal-LPCVD-Systems.png 680w, https:\/\/www.zmsh-semitech.com\/wp-content\/uploads\/2026\/03\/Horizontal-LPCVD-Systems-300x159.png 300w, https:\/\/www.zmsh-semitech.com\/wp-content\/uploads\/2026\/03\/Horizontal-LPCVD-Systems-18x10.png 18w, https:\/\/www.zmsh-semitech.com\/wp-content\/uploads\/2026\/03\/Horizontal-LPCVD-Systems-600x319.png 600w\" sizes=\"(max-width: 680px) 100vw, 680px\" \/><\/p>\n<h2 data-section-id=\"4co5vj\" data-start=\"4692\" data-end=\"4727\"><span role=\"text\"><strong data-start=\"4695\" data-end=\"4725\">H\u00e4ufig gestellte Fragen<\/strong><\/span><\/h2>\n<p data-start=\"4728\" data-end=\"5009\"><strong data-start=\"4728\" data-end=\"4769\">F1: Wof\u00fcr wird LPCVD haupts\u00e4chlich eingesetzt?<\/strong><br data-start=\"4769\" data-end=\"4772\" \/>A: LPCVD ist ein Niederdruck-D\u00fcnnschichtverfahren, das in der Halbleiterherstellung f\u00fcr die Abscheidung von Polysilizium, Siliziumnitrid und Siliziumoxid weit verbreitet ist und gleichm\u00e4\u00dfige und hochwertige Schichten f\u00fcr die Herstellung moderner Bauelemente erm\u00f6glicht.<\/p>\n<p data-start=\"5011\" data-end=\"5252\"><strong data-start=\"5011\" data-end=\"5052\">F2: Wie unterscheidet sich die LPCVD von der PECVD?<\/strong><br data-start=\"5052\" data-end=\"5055\" \/>A: Die LPCVD beruht auf einer thermischen Aktivierung unter niedrigem Druck, um hochreine Schichten zu erzeugen, w\u00e4hrend die PECVD ein Plasma bei niedrigeren Temperaturen f\u00fcr eine schnellere Abscheidung verwendet, oft mit etwas geringerer Schichtqualit\u00e4t.<\/p>\n<p data-start=\"50\" data-end=\"348\"><strong data-start=\"50\" data-end=\"138\">F3: Welche Wafergr\u00f6\u00dfen und Materialien sind mit diesem LPCVD-Oxidationsofen kompatibel?<\/strong><br data-start=\"138\" data-end=\"141\" \/>A: Dieser Ofen unterst\u00fctzt 6-Zoll-, 8-Zoll- und 12-Zoll-Wafer und ist mit Polysilizium-, Siliziumnitrid-, Siliziumoxid- und SiC-Wafern kompatibel, was Flexibilit\u00e4t f\u00fcr verschiedene Halbleiteranwendungen bietet.<\/p>\n<p data-start=\"350\" data-end=\"673\"><strong data-start=\"350\" data-end=\"427\">F4: Kann der LPCVD-Oxidationsofen f\u00fcr spezifische Prozesse angepasst werden?<\/strong><br data-start=\"427\" data-end=\"430\" \/>A: Ja, das System bietet modulare Konfigurationen, einschlie\u00dflich einstellbarer Temperaturzonen, Gasflusssteuerung und Oxidationsmodi (trocken oder nass), so dass es verschiedene Prozessanforderungen sowohl f\u00fcr die Forschung als auch f\u00fcr die Produktion im industriellen Ma\u00dfstab erf\u00fcllen kann.<\/p>","protected":false},"excerpt":{"rendered":"<p>Der 6\/8\/12-Zoll-LPCVD-Oxidationsofen (Low Pressure Chemical Vapor Deposition) ist ein hochmodernes Werkzeug f\u00fcr die Halbleiterherstellung, das f\u00fcr die pr\u00e4zise und gleichm\u00e4\u00dfige Abscheidung von D\u00fcnnschichten entwickelt wurde. Er findet breite Anwendung beim Aufwachsen hochwertiger Polysilizium-, Siliziumnitrid- und Siliziumoxidschichten auf Wafern und gew\u00e4hrleistet eine gleichbleibende Leistung f\u00fcr Leistungshalbleiter, moderne Substrate und andere hochpr\u00e4zise Anwendungen.<\/p>","protected":false},"featured_media":1969,"comment_status":"open","ping_status":"closed","template":"","meta":{"site-sidebar-layout":"default","site-content-layout":"","ast-site-content-layout":"default","site-content-style":"default","site-sidebar-style":"default","ast-global-header-display":"","ast-banner-title-visibility":"","ast-main-header-display":"","ast-hfb-above-header-display":"","ast-hfb-below-header-display":"","ast-hfb-mobile-header-display":"","site-post-title":"","ast-breadcrumbs-content":"","ast-featured-img":"","footer-sml-layout":"","ast-disable-related-posts":"","theme-transparent-header-meta":"default","adv-header-id-meta":"","stick-header-meta":"default","header-above-stick-meta":"","header-main-stick-meta":"","header-below-stick-meta":"","astra-migrate-meta-layouts":"set","ast-page-background-enabled":"default","ast-page-background-meta":{"desktop":{"background-color":"var(--ast-global-color-4)","background-image":"","background-repeat":"repeat","background-position":"center center","background-size":"auto","background-attachment":"scroll","background-type":"","background-media":"","overlay-type":"","overlay-color":"","overlay-opacity":"","overlay-gradient":""},"tablet":{"background-color":"","background-image":"","background-repeat":"repeat","background-position":"center center","background-size":"auto","background-attachment":"scroll","background-type":"","background-media":"","overlay-type":"","overlay-color":"","overlay-opacity":"","overlay-gradient":""},"mobile":{"background-color":"","background-image":"","background-repeat":"repeat","background-position":"center center","background-size":"auto","background-attachment":"scroll","background-type":"","background-media":"","overlay-type":"","overlay-color":"","overlay-opacity":"","overlay-gradient":""}},"ast-content-background-meta":{"desktop":{"background-color":"var(--ast-global-color-5)","background-image":"","background-repeat":"repeat","background-position":"center center","background-size":"auto","background-attachment":"scroll","background-type":"","background-media":"","overlay-type":"","overlay-color":"","overlay-opacity":"","overlay-gradient":""},"tablet":{"background-color":"var(--ast-global-color-5)","background-image":"","background-repeat":"repeat","background-position":"center center","background-size":"auto","background-attachment":"scroll","background-type":"","background-media":"","overlay-type":"","overlay-color":"","overlay-opacity":"","overlay-gradient":""},"mobile":{"background-color":"var(--ast-global-color-5)","background-image":"","background-repeat":"repeat","background-position":"center center","background-size":"auto","background-attachment":"scroll","background-type":"","background-media":"","overlay-type":"","overlay-color":"","overlay-opacity":"","overlay-gradient":""}}},"product_brand":[],"product_cat":[15],"product_tag":[468,485,488,480,484,479,476,469,477,470,481,472,110,475,482,102,473,474,486,471,487,478,483],"class_list":{"0":"post-1968","1":"product","2":"type-product","3":"status-publish","4":"has-post-thumbnail","6":"product_cat-crystal-growth-furnace","7":"product_tag-6-8-12-inch-lpcvd-oxidation-furnace","8":"product_tag-automated-wafer-handling","9":"product_tag-customizable-lpcvd","10":"product_tag-gate-oxide","11":"product_tag-high-uniformity-thin-film","12":"product_tag-horizontal-lpcvd","13":"product_tag-low-pressure-chemical-vapor-deposition","14":"product_tag-lpcvd","15":"product_tag-lpcvd-vs-pecvd","16":"product_tag-oxygen-furnace","17":"product_tag-pad-oxide","18":"product_tag-polysilicon","19":"product_tag-semiconductor-equipment","20":"product_tag-semiconductor-manufacturing","21":"product_tag-shielding-oxide","22":"product_tag-sic-wafer","23":"product_tag-silicon-nitride","24":"product_tag-silicon-oxide","25":"product_tag-temperature-control","26":"product_tag-thin-film-deposition","27":"product_tag-ultra-clean-chamber","28":"product_tag-vertical-lpcvd","29":"product_tag-wafer-processing","30":"desktop-align-left","31":"tablet-align-left","32":"mobile-align-left","33":"ast-product-gallery-layout-horizontal-slider","34":"ast-product-tabs-layout-horizontal","36":"first","37":"instock","38":"shipping-taxable","39":"product-type-simple"},"_links":{"self":[{"href":"https:\/\/www.zmsh-semitech.com\/de\/wp-json\/wp\/v2\/product\/1968","targetHints":{"allow":["GET"]}}],"collection":[{"href":"https:\/\/www.zmsh-semitech.com\/de\/wp-json\/wp\/v2\/product"}],"about":[{"href":"https:\/\/www.zmsh-semitech.com\/de\/wp-json\/wp\/v2\/types\/product"}],"replies":[{"embeddable":true,"href":"https:\/\/www.zmsh-semitech.com\/de\/wp-json\/wp\/v2\/comments?post=1968"}],"version-history":[{"count":3,"href":"https:\/\/www.zmsh-semitech.com\/de\/wp-json\/wp\/v2\/product\/1968\/revisions"}],"predecessor-version":[{"id":1999,"href":"https:\/\/www.zmsh-semitech.com\/de\/wp-json\/wp\/v2\/product\/1968\/revisions\/1999"}],"wp:featuredmedia":[{"embeddable":true,"href":"https:\/\/www.zmsh-semitech.com\/de\/wp-json\/wp\/v2\/media\/1969"}],"wp:attachment":[{"href":"https:\/\/www.zmsh-semitech.com\/de\/wp-json\/wp\/v2\/media?parent=1968"}],"wp:term":[{"taxonomy":"product_brand","embeddable":true,"href":"https:\/\/www.zmsh-semitech.com\/de\/wp-json\/wp\/v2\/product_brand?post=1968"},{"taxonomy":"product_cat","embeddable":true,"href":"https:\/\/www.zmsh-semitech.com\/de\/wp-json\/wp\/v2\/product_cat?post=1968"},{"taxonomy":"product_tag","embeddable":true,"href":"https:\/\/www.zmsh-semitech.com\/de\/wp-json\/wp\/v2\/product_tag?post=1968"}],"curies":[{"name":"wp","href":"https:\/\/api.w.org\/{rel}","templated":true}]}}