{"id":1933,"date":"2026-03-20T05:58:05","date_gmt":"2026-03-20T05:58:05","guid":{"rendered":"https:\/\/www.zmsh-semitech.com\/?post_type=product&#038;p=1933"},"modified":"2026-04-03T05:18:06","modified_gmt":"2026-04-03T05:18:06","slug":"diamond-wire-single-multi-wire-dual-station-cutting-machine-for-sapphire-sic-material-processing","status":"publish","type":"product","link":"https:\/\/www.zmsh-semitech.com\/de\/product\/diamond-wire-single-multi-wire-dual-station-cutting-machine-for-sapphire-sic-material-processing\/","title":{"rendered":"Diamond Wire Multi-Wire Dual-Station Cutting Machine for Sapphire \/ SiC Material Processing"},"content":{"rendered":"<p data-start=\"224\" data-end=\"588\"><img fetchpriority=\"high\" decoding=\"async\" class=\"size-medium wp-image-1934 alignright\" src=\"https:\/\/www.zmsh-semitech.com\/wp-content\/uploads\/2026\/03\/diamond_wire_single_multi_wire_dual_station_cutting_machine_for_sapphire_sic_material_processing-300x300.webp\" alt=\"\" width=\"300\" height=\"300\" srcset=\"https:\/\/www.zmsh-semitech.com\/wp-content\/uploads\/2026\/03\/diamond_wire_single_multi_wire_dual_station_cutting_machine_for_sapphire_sic_material_processing-300x300.webp 300w, https:\/\/www.zmsh-semitech.com\/wp-content\/uploads\/2026\/03\/diamond_wire_single_multi_wire_dual_station_cutting_machine_for_sapphire_sic_material_processing-150x150.webp 150w, https:\/\/www.zmsh-semitech.com\/wp-content\/uploads\/2026\/03\/diamond_wire_single_multi_wire_dual_station_cutting_machine_for_sapphire_sic_material_processing-12x12.webp 12w, https:\/\/www.zmsh-semitech.com\/wp-content\/uploads\/2026\/03\/diamond_wire_single_multi_wire_dual_station_cutting_machine_for_sapphire_sic_material_processing-600x600.webp 600w, https:\/\/www.zmsh-semitech.com\/wp-content\/uploads\/2026\/03\/diamond_wire_single_multi_wire_dual_station_cutting_machine_for_sapphire_sic_material_processing-100x100.webp 100w, https:\/\/www.zmsh-semitech.com\/wp-content\/uploads\/2026\/03\/diamond_wire_single_multi_wire_dual_station_cutting_machine_for_sapphire_sic_material_processing.webp 750w\" sizes=\"(max-width: 300px) 100vw, 300px\" \/>The diamond wire multi-wire dual-station cutting machine is a core equipment for precision processing of brittle materials. By using the high-speed reciprocating motion of diamond wire (steel wire coated with silicon carbide or aluminum oxide particles) and relative abrasion with the workpiece, it achieves accurate cutting of hard materials.<\/p>\n<p data-start=\"590\" data-end=\"936\">Die Zwei-Stationen-Konstruktion erm\u00f6glicht die gleichzeitige Aufnahme von zwei Werkst\u00fccken (oder alternierende Bearbeitungen), was die Produktionseffizienz erheblich verbessert. Sie wird h\u00e4ufig zum Quadrieren, Schneiden und Pr\u00e4zisionsformen von Materialien wie Halbleiterwafern, Saphir, Siliziumkarbid (SiC), Keramik, Quarz und Edelmetallen eingesetzt.<\/p>\n<p data-start=\"938\" data-end=\"1192\">Diese Maschine integriert Servosteuerungssysteme, Spannungsregulierung und oszillierende Schneidetechnologien, die ein Gleichgewicht zwischen Effizienz und Pr\u00e4zision schaffen, und ist ein wichtiges Werkzeug in Branchen wie der Photovoltaik, der Halbleiterindustrie und der modernen Fertigung.<\/p>\n<h3 data-section-id=\"1880me3\" data-start=\"1199\" data-end=\"1233\"><span role=\"text\">Technische Daten<\/span><\/h3>\n<div class=\"TyagGW_tableContainer\">\n<div class=\"group TyagGW_tableWrapper flex flex-col-reverse w-fit\" tabindex=\"-1\">\n<table class=\"w-fit min-w-(--thread-content-width)\" data-start=\"1235\" data-end=\"2401\">\n<thead data-start=\"1235\" data-end=\"1264\">\n<tr data-start=\"1235\" data-end=\"1264\">\n<th class=\"\" data-start=\"1235\" data-end=\"1247\" data-col-size=\"md\">Parameter<\/th>\n<th class=\"\" data-start=\"1247\" data-end=\"1264\" data-col-size=\"md\">Spezifikation<\/th>\n<\/tr>\n<\/thead>\n<tbody data-start=\"1295\" data-end=\"2401\">\n<tr data-start=\"1295\" data-end=\"1330\">\n<td data-start=\"1295\" data-end=\"1303\" data-col-size=\"md\">Modell<\/td>\n<td data-start=\"1303\" data-end=\"1330\" data-col-size=\"md\">Multi-Wire Saw<\/td>\n<\/tr>\n<tr data-start=\"1331\" data-end=\"1370\">\n<td data-start=\"1331\" data-end=\"1356\" data-col-size=\"md\">Maximale Werkst\u00fcckgr\u00f6\u00dfe<\/td>\n<td data-col-size=\"md\" data-start=\"1356\" data-end=\"1370\">\u00f8320\u00d7430mm<\/td>\n<\/tr>\n<tr data-start=\"1371\" data-end=\"1433\">\n<td data-start=\"1371\" data-end=\"1402\" data-col-size=\"md\">Durchmesser der Hauptrollenbeschichtung<\/td>\n<td data-col-size=\"md\" data-start=\"1402\" data-end=\"1433\">\u00f8210\u00d7450mm (5 Hauptwalzen)<\/td>\n<\/tr>\n<tr data-start=\"1434\" data-end=\"1475\">\n<td data-start=\"1434\" data-end=\"1455\" data-col-size=\"md\">Drahtlaufgeschwindigkeit<\/td>\n<td data-col-size=\"md\" data-start=\"1455\" data-end=\"1475\">1000 (MIX) m\/min<\/td>\n<\/tr>\n<tr data-start=\"1476\" data-end=\"1514\">\n<td data-start=\"1476\" data-end=\"1500\" data-col-size=\"md\">Diamantdraht-Durchmesser<\/td>\n<td data-col-size=\"md\" data-start=\"1500\" data-end=\"1514\">0,2-0,37 mm<\/td>\n<\/tr>\n<tr data-start=\"1515\" data-end=\"1586\">\n<td data-start=\"1515\" data-end=\"1554\" data-col-size=\"md\">Speicherkapazit\u00e4t der Leitung (Versorgungsrad)<\/td>\n<td data-col-size=\"md\" data-start=\"1554\" data-end=\"1586\">20 km (0,25 mm Drahtdurchmesser)<\/td>\n<\/tr>\n<tr data-start=\"1587\" data-end=\"1625\">\n<td data-start=\"1587\" data-end=\"1613\" data-col-size=\"md\">Schnittdickenbereich<\/td>\n<td data-col-size=\"md\" data-start=\"1613\" data-end=\"1625\">1,5-80 mm<\/td>\n<\/tr>\n<tr data-start=\"1626\" data-end=\"1656\">\n<td data-start=\"1626\" data-end=\"1645\" data-col-size=\"md\">Schnittgenauigkeit<\/td>\n<td data-col-size=\"md\" data-start=\"1645\" data-end=\"1656\">\u00b10,01 mm<\/td>\n<\/tr>\n<tr data-start=\"1657\" data-end=\"1707\">\n<td data-start=\"1657\" data-end=\"1698\" data-col-size=\"md\">Vertikaler Hub der Arbeitsstation<\/td>\n<td data-col-size=\"md\" data-start=\"1698\" data-end=\"1707\">350mm<\/td>\n<\/tr>\n<tr data-start=\"1708\" data-end=\"1778\">\n<td data-start=\"1708\" data-end=\"1725\" data-col-size=\"md\">Schnittmethode<\/td>\n<td data-col-size=\"md\" data-start=\"1725\" data-end=\"1778\">Werkbank schwingt, Diamantseil bleibt stehen<\/td>\n<\/tr>\n<tr data-start=\"1779\" data-end=\"1817\">\n<td data-start=\"1779\" data-end=\"1800\" data-col-size=\"md\">Schnittvorschubgeschwindigkeit<\/td>\n<td data-col-size=\"md\" data-start=\"1800\" data-end=\"1817\">0,01-10mm\/min<\/td>\n<\/tr>\n<tr data-start=\"1818\" data-end=\"1839\">\n<td data-start=\"1818\" data-end=\"1831\" data-col-size=\"md\">Wassertank<\/td>\n<td data-col-size=\"md\" data-start=\"1831\" data-end=\"1839\">300L<\/td>\n<\/tr>\n<tr data-start=\"1840\" data-end=\"1899\">\n<td data-start=\"1840\" data-end=\"1856\" data-col-size=\"md\">Schneidfl\u00fcssigkeit<\/td>\n<td data-col-size=\"md\" data-start=\"1856\" data-end=\"1899\">Rostfreie Hochleistungsschneidfl\u00fcssigkeit<\/td>\n<\/tr>\n<tr data-start=\"1900\" data-end=\"1921\">\n<td data-start=\"1900\" data-end=\"1914\" data-col-size=\"md\">Schwenkwinkel<\/td>\n<td data-col-size=\"md\" data-start=\"1914\" data-end=\"1921\">\u00b18\u00b0<\/td>\n<\/tr>\n<tr data-start=\"1922\" data-end=\"1947\">\n<td data-start=\"1922\" data-end=\"1936\" data-col-size=\"md\">Schwinggeschwindigkeit<\/td>\n<td data-col-size=\"md\" data-start=\"1936\" data-end=\"1947\">0.83\u00b0\/s<\/td>\n<\/tr>\n<tr data-start=\"1948\" data-end=\"2002\">\n<td data-start=\"1948\" data-end=\"1974\" data-col-size=\"md\">Maximale Schnittspannung<\/td>\n<td data-col-size=\"md\" data-start=\"1974\" data-end=\"2002\">100N (kleinste Einheit 0,1N)<\/td>\n<\/tr>\n<tr data-start=\"2003\" data-end=\"2028\">\n<td data-start=\"2003\" data-end=\"2019\" data-col-size=\"md\">Schnitttiefe<\/td>\n<td data-col-size=\"md\" data-start=\"2019\" data-end=\"2028\">430mm<\/td>\n<\/tr>\n<tr data-start=\"2029\" data-end=\"2049\">\n<td data-start=\"2029\" data-end=\"2044\" data-col-size=\"md\">Workstations<\/td>\n<td data-col-size=\"md\" data-start=\"2044\" data-end=\"2049\">2<\/td>\n<\/tr>\n<tr data-start=\"2050\" data-end=\"2102\">\n<td data-start=\"2050\" data-end=\"2065\" data-col-size=\"md\">Stromversorgung<\/td>\n<td data-col-size=\"md\" data-start=\"2065\" data-end=\"2102\">Dreiphasig, f\u00fcnfadrig, AC380V\/50Hz<\/td>\n<\/tr>\n<tr data-start=\"2103\" data-end=\"2134\">\n<td data-start=\"2103\" data-end=\"2125\" data-col-size=\"md\">Gesamtleistung der Maschine<\/td>\n<td data-col-size=\"md\" data-start=\"2125\" data-end=\"2134\">\u226452kW<\/td>\n<\/tr>\n<tr data-start=\"2135\" data-end=\"2159\">\n<td data-start=\"2135\" data-end=\"2148\" data-col-size=\"md\">Hauptmotor<\/td>\n<td data-col-size=\"md\" data-start=\"2148\" data-end=\"2159\">7,5\u00d73kW<\/td>\n<\/tr>\n<tr data-start=\"2160\" data-end=\"2187\">\n<td data-start=\"2160\" data-end=\"2175\" data-col-size=\"md\">Verkabelung Motor<\/td>\n<td data-start=\"2175\" data-end=\"2187\" data-col-size=\"md\">0,75\u00d72kW<\/td>\n<\/tr>\n<tr data-start=\"2188\" data-end=\"2223\">\n<td data-start=\"2188\" data-end=\"2212\" data-col-size=\"md\">Werkbank Swing Motor<\/td>\n<td data-col-size=\"md\" data-start=\"2212\" data-end=\"2223\">1,3\u00d72kW<\/td>\n<\/tr>\n<tr data-start=\"2224\" data-end=\"2259\">\n<td data-start=\"2224\" data-end=\"2248\" data-col-size=\"md\">Spannungskontrolle Motor<\/td>\n<td data-start=\"2248\" data-end=\"2259\" data-col-size=\"md\">4,4\u00d72kW<\/td>\n<\/tr>\n<tr data-start=\"2260\" data-end=\"2305\">\n<td data-start=\"2260\" data-end=\"2294\" data-col-size=\"md\">Drahtausl\u00f6ser &amp; Sammelmotor<\/td>\n<td data-start=\"2294\" data-end=\"2305\" data-col-size=\"md\">5,5\u00d72kW<\/td>\n<\/tr>\n<tr data-start=\"2306\" data-end=\"2373\">\n<td data-start=\"2306\" data-end=\"2353\" data-col-size=\"md\">Au\u00dfenabmessungen (ohne Kipphebelkasten)<\/td>\n<td data-start=\"2353\" data-end=\"2373\" data-col-size=\"md\">2310\u00d72660\u00d72893mm<\/td>\n<\/tr>\n<tr data-start=\"2374\" data-end=\"2401\">\n<td data-start=\"2374\" data-end=\"2391\" data-col-size=\"md\">Maschine Gewicht<\/td>\n<td data-start=\"2391\" data-end=\"2401\" data-col-size=\"md\">6000kg<\/td>\n<\/tr>\n<\/tbody>\n<\/table>\n<\/div>\n<\/div>\n<h3 data-section-id=\"2jkvf5\" data-start=\"2408\" data-end=\"2435\"><span role=\"text\">Arbeitsprinzip<\/span><\/h3>\n<p data-start=\"2436\" data-end=\"2513\">Die Maschine arbeitet nach dem Prinzip \u201cDiamantseilabrieb + Werkst\u00fcckvorschub\u201d:<\/p>\n<ol data-start=\"2515\" data-end=\"3361\">\n<li data-section-id=\"8g8sq1\" data-start=\"2515\" data-end=\"2766\">\n<p data-start=\"2518\" data-end=\"2544\">Diamantdraht-Radsport<\/p>\n<ul data-start=\"2548\" data-end=\"2766\">\n<li data-section-id=\"1wzwuw2\" data-start=\"2548\" data-end=\"2662\">\n<p data-start=\"2550\" data-end=\"2662\">Ein mit hoher Geschwindigkeit rotierender Capstan treibt das Diamantseil in einer hin- und hergehenden Bewegung (oder unidirektionalem Zyklus) an.<\/p>\n<\/li>\n<li data-section-id=\"f6lbqh\" data-start=\"2666\" data-end=\"2766\">\n<p data-start=\"2668\" data-end=\"2766\">Die Drahtspannung wird \u00fcber federbelastete oder pneumatische Spannr\u00e4der aufrechterhalten, um einen stabilen Schnitt zu gew\u00e4hrleisten.<\/p>\n<\/li>\n<\/ul>\n<\/li>\n<li data-section-id=\"10d9jao\" data-start=\"2768\" data-end=\"2944\">\n<p data-start=\"2771\" data-end=\"2791\">Werkst\u00fcckvorschub<\/p>\n<ul data-start=\"2795\" data-end=\"2944\">\n<li data-section-id=\"18dix1b\" data-start=\"2795\" data-end=\"2944\">\n<p data-start=\"2797\" data-end=\"2944\">Servomotoren steuern die Werkst\u00fcckhalterung so, dass sie sich mit konstanter Geschwindigkeit auf das Diamantseil zubewegt und dabei einen relativen Abrieb zum Schneiden erzeugt.<\/p>\n<\/li>\n<\/ul>\n<\/li>\n<li data-section-id=\"1k9qku3\" data-start=\"2946\" data-end=\"3116\">\n<p data-start=\"2949\" data-end=\"2977\">Dual-Station-Schaltung<\/p>\n<ul data-start=\"2981\" data-end=\"3116\">\n<li data-section-id=\"4bb19x\" data-start=\"2981\" data-end=\"3116\">\n<p data-start=\"2983\" data-end=\"3116\">Nach dem Schneiden eines Werkst\u00fccks schaltet die Maschine automatisch auf die andere Vorrichtung um und erm\u00f6glicht so einen kontinuierlichen Betrieb ohne Ausfallzeiten.<\/p>\n<\/li>\n<\/ul>\n<\/li>\n<li data-section-id=\"15gtvqk\" data-start=\"3118\" data-end=\"3361\">\n<p data-start=\"3121\" data-end=\"3143\">Schl\u00fcsseltechnologien<\/p>\n<ul data-start=\"3147\" data-end=\"3361\">\n<li data-section-id=\"5smzx8\" data-start=\"3147\" data-end=\"3261\">\n<p data-start=\"3149\" data-end=\"3261\">Oszillierendes Schneiden: Der um \u00b18\u00b0 oszillierende Arbeitstisch sorgt f\u00fcr gleichm\u00e4\u00dfigen Drahtkontakt und verbesserte Oberfl\u00e4chenebenheit.<\/p>\n<\/li>\n<li data-section-id=\"1numag\" data-start=\"3265\" data-end=\"3361\">\n<p data-start=\"3267\" data-end=\"3361\">Spannungskontrolle: Sensoren \u00fcberwachen die Drahtspannung in Echtzeit, um ein Verrutschen oder Brechen zu verhindern.<\/p>\n<\/li>\n<\/ul>\n<\/li>\n<\/ol>\n<h3 data-section-id=\"1uq8gka\" data-start=\"3368\" data-end=\"3391\"><span role=\"text\">Wesentliche Merkmale<\/span><\/h3>\n<div class=\"TyagGW_tableContainer\">\n<div class=\"group TyagGW_tableWrapper flex flex-col-reverse w-fit\" tabindex=\"-1\">\n<table class=\"w-fit min-w-(--thread-content-width)\" data-start=\"3393\" data-end=\"3938\">\n<thead data-start=\"3393\" data-end=\"3418\">\n<tr data-start=\"3393\" data-end=\"3418\">\n<th class=\"\" data-start=\"3393\" data-end=\"3403\" data-col-size=\"sm\">Merkmal<\/th>\n<th class=\"\" data-start=\"3403\" data-end=\"3418\" data-col-size=\"md\">Beschreibung<\/th>\n<\/tr>\n<\/thead>\n<tbody data-start=\"3445\" data-end=\"3938\">\n<tr data-start=\"3445\" data-end=\"3553\">\n<td data-start=\"3445\" data-end=\"3463\" data-col-size=\"sm\">Hoher Wirkungsgrad<\/td>\n<td data-start=\"3463\" data-end=\"3553\" data-col-size=\"md\">Das Zwei-Stationen-Design verdoppelt die Produktionskapazit\u00e4t; hohe Drahtgeschwindigkeiten reduzieren die Schneidzeit.<\/td>\n<\/tr>\n<tr data-start=\"3554\" data-end=\"3668\">\n<td data-start=\"3554\" data-end=\"3571\" data-col-size=\"sm\">Hohe Pr\u00e4zision<\/td>\n<td data-col-size=\"md\" data-start=\"3571\" data-end=\"3668\">Servomotoren und Kugelumlaufspindeln gew\u00e4hrleisten eine Genauigkeit von \u00b10,01 mm; der Oszillationsmodus minimiert Oberfl\u00e4chengrate.<\/td>\n<\/tr>\n<tr data-start=\"3669\" data-end=\"3767\">\n<td data-start=\"3669\" data-end=\"3683\" data-col-size=\"sm\">Flexibilit\u00e4t<\/td>\n<td data-col-size=\"md\" data-start=\"3683\" data-end=\"3767\">Unterst\u00fctzt Einzel-\/Multidrahtumschaltung und einstellbare Vorschubgeschwindigkeiten (0,01-10 mm\/min).<\/td>\n<\/tr>\n<tr data-start=\"3768\" data-end=\"3836\">\n<td data-start=\"3768\" data-end=\"3783\" data-col-size=\"sm\">Umweltfreundlich<\/td>\n<td data-start=\"3783\" data-end=\"3836\" data-col-size=\"md\">Schneidfl\u00fcssigkeiten auf Wasserbasis reduzieren Staub und L\u00e4rm.<\/td>\n<\/tr>\n<tr data-start=\"3837\" data-end=\"3938\">\n<td data-start=\"3837\" data-end=\"3849\" data-col-size=\"sm\">Stabilit\u00e4t<\/td>\n<td data-col-size=\"md\" data-start=\"3849\" data-end=\"3938\">Gegossene Rahmen erh\u00f6hen die Steifigkeit; die Break-Resume-Funktion verhindert das Auswerfen von Werkst\u00fccken.<\/td>\n<\/tr>\n<\/tbody>\n<\/table>\n<\/div>\n<\/div>\n<h3 data-section-id=\"xdxar3\" data-start=\"3945\" data-end=\"3967\"><span role=\"text\">Anwendungen<\/span><\/h3>\n<ol data-start=\"3969\" data-end=\"4689\">\n<li data-section-id=\"e2ca1e\" data-start=\"3969\" data-end=\"4145\">\n<p data-start=\"3972\" data-end=\"4008\">Halbleiter &amp; Fotovoltaik<\/p>\n<ul data-start=\"4012\" data-end=\"4145\">\n<li data-section-id=\"c6f6qr\" data-start=\"4012\" data-end=\"4086\">\n<p data-start=\"4014\" data-end=\"4086\">Wafer-Slicing f\u00fcr Silizium (mono-\/polykristallin) und PERC-Solarzellen<\/p>\n<\/li>\n<li data-section-id=\"5ocxwg\" data-start=\"4090\" data-end=\"4145\">\n<p data-start=\"4092\" data-end=\"4145\">Kantenprofilierung f\u00fcr LED-Substrate und Solarmodule<\/p>\n<\/li>\n<\/ul>\n<\/li>\n<li data-section-id=\"6hrn80\" data-start=\"4147\" data-end=\"4330\">\n<p data-start=\"4150\" data-end=\"4171\">Keramiken &amp; Edelsteine<\/p>\n<ul data-start=\"4175\" data-end=\"4330\">\n<li data-section-id=\"5acdkn\" data-start=\"4175\" data-end=\"4235\">\n<p data-start=\"4177\" data-end=\"4235\">Schneiden von Saphir f\u00fcr LED-Anzeigen und Smartphone-Bildschirme<\/p>\n<\/li>\n<li data-section-id=\"1buqiv9\" data-start=\"4239\" data-end=\"4330\">\n<p data-start=\"4241\" data-end=\"4330\">Pr\u00e4zisionsschneiden von Siliziumkarbid (SiC) f\u00fcr EV-Stromversorgungsger\u00e4te, Minimierung des Materialabfalls<\/p>\n<\/li>\n<\/ul>\n<\/li>\n<li data-section-id=\"10scz4s\" data-start=\"4332\" data-end=\"4517\">\n<p data-start=\"4335\" data-end=\"4363\">Quarz und optisches Glas<\/p>\n<ul data-start=\"4367\" data-end=\"4517\">\n<li data-section-id=\"6ctgdt\" data-start=\"4367\" data-end=\"4438\">\n<p data-start=\"4369\" data-end=\"4438\">Kristalloszillatoren: Hochpr\u00e4zises Slicing f\u00fcr Sensoren und Telekommunikation<\/p>\n<\/li>\n<li data-section-id=\"w69aek\" data-start=\"4442\" data-end=\"4517\">\n<p data-start=\"4444\" data-end=\"4517\">Optische Komponenten: Schneiden von Linsen und Prismen mit minimalen Oberfl\u00e4chenfehlern<\/p>\n<\/li>\n<\/ul>\n<\/li>\n<li data-section-id=\"165zv1\" data-start=\"4519\" data-end=\"4689\">\n<p data-start=\"4522\" data-end=\"4548\">Metalle und Seltene Erden<\/p>\n<ul data-start=\"4552\" data-end=\"4689\">\n<li data-section-id=\"10dxe48\" data-start=\"4552\" data-end=\"4624\">\n<p data-start=\"4554\" data-end=\"4624\">Schneiden von Edelmetallen (Gold, Platin) f\u00fcr die Schmuckherstellung, Reduzierung von Schrott<\/p>\n<\/li>\n<li data-section-id=\"19im383\" data-start=\"4628\" data-end=\"4689\">\n<p data-start=\"4630\" data-end=\"4689\">Schneiden von Seltenerdmagneten (NdFeB) f\u00fcr Motoren und Sensoren<\/p>\n<\/li>\n<\/ul>\n<\/li>\n<\/ol>\n<p><img decoding=\"async\" class=\"wp-image-2099 size-large aligncenter\" src=\"https:\/\/www.zmsh-semitech.com\/wp-content\/uploads\/2026\/03\/35194b37-522c-4034-8dae-1e2b7974059b-1024x248.jpg\" alt=\"\" width=\"1024\" height=\"248\" srcset=\"https:\/\/www.zmsh-semitech.com\/wp-content\/uploads\/2026\/03\/35194b37-522c-4034-8dae-1e2b7974059b-1024x248.jpg 1024w, https:\/\/www.zmsh-semitech.com\/wp-content\/uploads\/2026\/03\/35194b37-522c-4034-8dae-1e2b7974059b-300x73.jpg 300w, https:\/\/www.zmsh-semitech.com\/wp-content\/uploads\/2026\/03\/35194b37-522c-4034-8dae-1e2b7974059b-768x186.jpg 768w, https:\/\/www.zmsh-semitech.com\/wp-content\/uploads\/2026\/03\/35194b37-522c-4034-8dae-1e2b7974059b-18x4.jpg 18w, https:\/\/www.zmsh-semitech.com\/wp-content\/uploads\/2026\/03\/35194b37-522c-4034-8dae-1e2b7974059b-600x145.jpg 600w, https:\/\/www.zmsh-semitech.com\/wp-content\/uploads\/2026\/03\/35194b37-522c-4034-8dae-1e2b7974059b.jpg 1139w\" sizes=\"(max-width: 1024px) 100vw, 1024px\" \/><\/p>\n<h3 data-section-id=\"cr3je8\" data-start=\"4696\" data-end=\"4709\"><span role=\"text\">FAQ<\/span><\/h3>\n<p data-start=\"4711\" data-end=\"4941\">F: Wie funktioniert eine Zweistationen-Diamantdrahtschneidemaschine?<br data-start=\"4776\" data-end=\"4779\" \/>A: Das System arbeitet mit einem Diamantdraht-Zyklus (Hin- und Herbewegung) und einer Zweistationen-Konstruktion f\u00fcr kontinuierliches Schneiden und Materialwechsel, wodurch die Ausfallzeiten minimiert werden.<\/p>\n<p data-start=\"4943\" data-end=\"5191\">F: Was sind die Hauptvorteile von Diamantdraht-Doppelstationen-Schneidemaschinen?<br data-start=\"5024\" data-end=\"5027\" \/>A: Hohe Effizienz (parallele Bearbeitung mit zwei Stationen) und Pr\u00e4zision (\u00b10,01 mm Genauigkeit) beim Schneiden von spr\u00f6den Materialien wie Siliziumwafern und Keramik.<\/p>","protected":false},"excerpt":{"rendered":"<p>Die Ein-Draht-\/Mehr-Draht-Doppelstationen-Schneidemaschine ist ein zentrales Ger\u00e4t f\u00fcr die Pr\u00e4zisionsbearbeitung von spr\u00f6den Materialien. Durch die Hochgeschwindigkeits-Hin- und Herbewegung des Diamantdrahtes (mit Siliziumkarbid- oder Aluminiumoxidpartikeln beschichteter Stahldraht) und den relativen Abrieb mit dem Werkst\u00fcck wird ein pr\u00e4zises Schneiden von harten Materialien erreicht.<\/p>","protected":false},"featured_media":1934,"comment_status":"open","ping_status":"closed","template":"","meta":{"site-sidebar-layout":"default","site-content-layout":"","ast-site-content-layout":"default","site-content-style":"default","site-sidebar-style":"default","ast-global-header-display":"","ast-banner-title-visibility":"","ast-main-header-display":"","ast-hfb-above-header-display":"","ast-hfb-below-header-display":"","ast-hfb-mobile-header-display":"","site-post-title":"","ast-breadcrumbs-content":"","ast-featured-img":"","footer-sml-layout":"","ast-disable-related-posts":"","theme-transparent-header-meta":"default","adv-header-id-meta":"","stick-header-meta":"default","header-above-stick-meta":"","header-main-stick-meta":"","header-below-stick-meta":"","astra-migrate-meta-layouts":"set","ast-page-background-enabled":"default","ast-page-background-meta":{"desktop":{"background-color":"var(--ast-global-color-4)","background-image":"","background-repeat":"repeat","background-position":"center center","background-size":"auto","background-attachment":"scroll","background-type":"","background-media":"","overlay-type":"","overlay-color":"","overlay-opacity":"","overlay-gradient":""},"tablet":{"background-color":"","background-image":"","background-repeat":"repeat","background-position":"center center","background-size":"auto","background-attachment":"scroll","background-type":"","background-media":"","overlay-type":"","overlay-color":"","overlay-opacity":"","overlay-gradient":""},"mobile":{"background-color":"","background-image":"","background-repeat":"repeat","background-position":"center center","background-size":"auto","background-attachment":"scroll","background-type":"","background-media":"","overlay-type":"","overlay-color":"","overlay-opacity":"","overlay-gradient":""}},"ast-content-background-meta":{"desktop":{"background-color":"var(--ast-global-color-5)","background-image":"","background-repeat":"repeat","background-position":"center center","background-size":"auto","background-attachment":"scroll","background-type":"","background-media":"","overlay-type":"","overlay-color":"","overlay-opacity":"","overlay-gradient":""},"tablet":{"background-color":"var(--ast-global-color-5)","background-image":"","background-repeat":"repeat","background-position":"center center","background-size":"auto","background-attachment":"scroll","background-type":"","background-media":"","overlay-type":"","overlay-color":"","overlay-opacity":"","overlay-gradient":""},"mobile":{"background-color":"var(--ast-global-color-5)","background-image":"","background-repeat":"repeat","background-position":"center center","background-size":"auto","background-attachment":"scroll","background-type":"","background-media":"","overlay-type":"","overlay-color":"","overlay-opacity":"","overlay-gradient":""}}},"product_brand":[],"product_cat":[22],"product_tag":[434,424,425,415,418,433,429,416,431,427,432,428,430,423,426,419,422,420,421,417],"class_list":{"0":"post-1933","1":"product","2":"type-product","3":"status-publish","4":"has-post-thumbnail","6":"product_cat-wire-saw-machine","7":"product_tag-advanced-manufacturing-equipment","8":"product_tag-brittle-material-processing","9":"product_tag-ceramic-cutting","10":"product_tag-diamond-wire-saw","11":"product_tag-dual-station-cutting-machine","12":"product_tag-high-precision-saw","13":"product_tag-led-substrate-slicing","14":"product_tag-multi-wire-cutting-machine","15":"product_tag-ndfeb-magnet-slicing","16":"product_tag-optical-glass-cutting","17":"product_tag-oscillating-cutting","18":"product_tag-photovoltaic-wafer-cutting","19":"product_tag-precious-metal-cutting","20":"product_tag-precision-cutting","21":"product_tag-quartz-cutting","22":"product_tag-sapphire-cutting","23":"product_tag-semiconductor-wafer-slicing","24":"product_tag-sic-cutting","25":"product_tag-silicon-carbide-saw","26":"product_tag-single-wire-saw","27":"desktop-align-left","28":"tablet-align-left","29":"mobile-align-left","30":"ast-product-gallery-layout-horizontal-slider","31":"ast-product-tabs-layout-horizontal","33":"first","34":"instock","35":"shipping-taxable","36":"product-type-simple"},"_links":{"self":[{"href":"https:\/\/www.zmsh-semitech.com\/de\/wp-json\/wp\/v2\/product\/1933","targetHints":{"allow":["GET"]}}],"collection":[{"href":"https:\/\/www.zmsh-semitech.com\/de\/wp-json\/wp\/v2\/product"}],"about":[{"href":"https:\/\/www.zmsh-semitech.com\/de\/wp-json\/wp\/v2\/types\/product"}],"replies":[{"embeddable":true,"href":"https:\/\/www.zmsh-semitech.com\/de\/wp-json\/wp\/v2\/comments?post=1933"}],"version-history":[{"count":3,"href":"https:\/\/www.zmsh-semitech.com\/de\/wp-json\/wp\/v2\/product\/1933\/revisions"}],"predecessor-version":[{"id":2101,"href":"https:\/\/www.zmsh-semitech.com\/de\/wp-json\/wp\/v2\/product\/1933\/revisions\/2101"}],"wp:featuredmedia":[{"embeddable":true,"href":"https:\/\/www.zmsh-semitech.com\/de\/wp-json\/wp\/v2\/media\/1934"}],"wp:attachment":[{"href":"https:\/\/www.zmsh-semitech.com\/de\/wp-json\/wp\/v2\/media?parent=1933"}],"wp:term":[{"taxonomy":"product_brand","embeddable":true,"href":"https:\/\/www.zmsh-semitech.com\/de\/wp-json\/wp\/v2\/product_brand?post=1933"},{"taxonomy":"product_cat","embeddable":true,"href":"https:\/\/www.zmsh-semitech.com\/de\/wp-json\/wp\/v2\/product_cat?post=1933"},{"taxonomy":"product_tag","embeddable":true,"href":"https:\/\/www.zmsh-semitech.com\/de\/wp-json\/wp\/v2\/product_tag?post=1933"}],"curies":[{"name":"wp","href":"https:\/\/api.w.org\/{rel}","templated":true}]}}