{"id":1753,"date":"2026-01-23T02:18:28","date_gmt":"2026-01-23T02:18:28","guid":{"rendered":"https:\/\/www.zmsh-semitech.com\/?post_type=product&#038;p=1753"},"modified":"2026-01-23T02:18:28","modified_gmt":"2026-01-23T02:18:28","slug":"sapphire-crystal-growth-furnace-for-80-400-kg-crystals-using-the-kyropoulos-ky-method","status":"publish","type":"product","link":"https:\/\/www.zmsh-semitech.com\/de\/product\/sapphire-crystal-growth-furnace-for-80-400-kg-crystals-using-the-kyropoulos-ky-method\/","title":{"rendered":"Saphir-Kristallz\u00fcchtungsofen f\u00fcr 80-400 kg schwere Kristalle nach der Kyropoulos (KY)-Methode"},"content":{"rendered":"<h2 data-start=\"286\" data-end=\"309\">Produkt\u00fcbersicht<img fetchpriority=\"high\" decoding=\"async\" class=\"size-medium wp-image-1757 alignright\" src=\"https:\/\/www.zmsh-semitech.com\/wp-content\/uploads\/2026\/01\/pl203679978-sapphire_crystal_growth_furnace_80_400kg_by_the_kyropoulos_method_ky5-300x300.jpg\" alt=\"\" width=\"300\" height=\"300\" srcset=\"https:\/\/www.zmsh-semitech.com\/wp-content\/uploads\/2026\/01\/pl203679978-sapphire_crystal_growth_furnace_80_400kg_by_the_kyropoulos_method_ky5-300x300.jpg 300w, https:\/\/www.zmsh-semitech.com\/wp-content\/uploads\/2026\/01\/pl203679978-sapphire_crystal_growth_furnace_80_400kg_by_the_kyropoulos_method_ky5-150x150.jpg 150w, https:\/\/www.zmsh-semitech.com\/wp-content\/uploads\/2026\/01\/pl203679978-sapphire_crystal_growth_furnace_80_400kg_by_the_kyropoulos_method_ky5-100x100.jpg 100w, https:\/\/www.zmsh-semitech.com\/wp-content\/uploads\/2026\/01\/pl203679978-sapphire_crystal_growth_furnace_80_400kg_by_the_kyropoulos_method_ky5.jpg 540w\" sizes=\"(max-width: 300px) 100vw, 300px\" \/><\/h2>\n<p data-start=\"311\" data-end=\"563\">Der ZMSH KY-Saphir-Kristallz\u00fcchtungsofen ist eine Hochtemperatur-Kristallz\u00fcchtungsanlage, die f\u00fcr die Produktion gro\u00dfer Saphir-Einkristalle konzipiert wurde und Kristallgewichte von 80 kg bis 400 kg unter Verwendung der Kyropoulos (KY)-Zuchtmethode unterst\u00fctzt.<\/p>\n<p data-start=\"565\" data-end=\"963\">Der Ofen ist f\u00fcr die kontrollierte Verfestigung von Saphir unter geringen thermischen Belastungen optimiert. Durch die Kombination eines stabilen W\u00e4rmefelddesigns, einer pr\u00e4zisen Temperaturregelung und der Steuerung von Ultrahochvakuum und Gasatmosph\u00e4re erm\u00f6glicht das System die Z\u00fcchtung hochwertiger Saphir-Einkristalle mit geringen Defekten, die f\u00fcr Halbleiter-, Optik- und fortschrittliche Industrieanwendungen geeignet sind.<\/p>\n<p data-start=\"965\" data-end=\"1187\">Im Vergleich zu konventionellen Czochralski (CZ)-Z\u00fcchtungssystemen reduziert die KY-Methode die inneren Spannungen und die Versetzungsdichte erheblich, was sie f\u00fcr die Herstellung von Saphirkristallen mit gro\u00dfem Durchmesser und gro\u00dfer Dicke besser geeignet macht.<\/p>\n<h2 data-start=\"1194\" data-end=\"1229\">Kyropoulos Wachstumstechnologie<\/h2>\n<p data-start=\"1231\" data-end=\"1402\">Das Kyropoulos-Verfahren erm\u00f6glicht ein langsames Wachstum der Saphirkristalle in der Schmelze bei minimaler mechanischer Beanspruchung. Der Kristall wird weitgehend durch den Auftrieb gest\u00fctzt, was dies erm\u00f6glicht:<\/p>\n<ul data-start=\"1404\" data-end=\"1504\">\n<li data-start=\"1404\" data-end=\"1431\">\n<p data-start=\"1406\" data-end=\"1431\">Geringere thermische Gradienten<\/p>\n<\/li>\n<li data-start=\"1432\" data-end=\"1461\">\n<p data-start=\"1434\" data-end=\"1461\">Geringere mechanische Belastung<\/p>\n<\/li>\n<li data-start=\"1462\" data-end=\"1504\">\n<p data-start=\"1464\" data-end=\"1504\">Verbesserte Einheitlichkeit der Kristallstruktur<\/p>\n<\/li>\n<\/ul>\n<p data-start=\"1506\" data-end=\"1646\">Dieser Wachstumsansatz eignet sich besonders gut f\u00fcr die Herstellung gro\u00dfer, dicker Saphirbl\u00f6cke mit stabilen optischen und mechanischen Eigenschaften.<\/p>\n<h2 data-start=\"1653\" data-end=\"1685\">F\u00e4higkeit zum Kristallwachstum<\/h2>\n<ul data-start=\"1687\" data-end=\"1836\">\n<li data-start=\"1687\" data-end=\"1724\">\n<p data-start=\"1689\" data-end=\"1724\">Gewichtsbereich Kristall: 80-400 kg<\/p>\n<\/li>\n<li data-start=\"1725\" data-end=\"1758\">\n<p data-start=\"1727\" data-end=\"1758\">Kristalldurchmesser: 10-500 mm<\/p>\n<\/li>\n<li data-start=\"1759\" data-end=\"1793\">\n<p data-start=\"1761\" data-end=\"1793\">Kristalldicke: 50-300 mm<\/p>\n<\/li>\n<li data-start=\"1794\" data-end=\"1836\">\n<p data-start=\"1796\" data-end=\"1836\">Wachstumsrate: 0,1-5 mm\/h (einstellbar)<\/p>\n<\/li>\n<\/ul>\n<p data-start=\"1838\" data-end=\"1968\">Die Konfiguration des Ofens kann an spezifische Kristallgr\u00f6\u00dfenvorgaben und an die Anforderungen der nachgelagerten Wafer- oder Komponentenherstellung angepasst werden.<\/p>\n<h2 data-start=\"1975\" data-end=\"2006\">Die wichtigsten technischen Vorteile<\/h2>\n<h3 data-start=\"2008\" data-end=\"2044\">Stabile Kontrolle des thermischen Feldes<\/h3>\n<p data-start=\"2045\" data-end=\"2272\"><img decoding=\"async\" class=\"size-medium wp-image-1756 alignleft\" src=\"https:\/\/www.zmsh-semitech.com\/wp-content\/uploads\/2026\/01\/pl203679971-sapphire_crystal_growth_furnace_80_400kg_by_the_kyropoulos_method_ky4-300x300.jpg\" alt=\"\" width=\"300\" height=\"300\" srcset=\"https:\/\/www.zmsh-semitech.com\/wp-content\/uploads\/2026\/01\/pl203679971-sapphire_crystal_growth_furnace_80_400kg_by_the_kyropoulos_method_ky4-300x300.jpg 300w, https:\/\/www.zmsh-semitech.com\/wp-content\/uploads\/2026\/01\/pl203679971-sapphire_crystal_growth_furnace_80_400kg_by_the_kyropoulos_method_ky4-150x150.jpg 150w, https:\/\/www.zmsh-semitech.com\/wp-content\/uploads\/2026\/01\/pl203679971-sapphire_crystal_growth_furnace_80_400kg_by_the_kyropoulos_method_ky4-100x100.jpg 100w, https:\/\/www.zmsh-semitech.com\/wp-content\/uploads\/2026\/01\/pl203679971-sapphire_crystal_growth_furnace_80_400kg_by_the_kyropoulos_method_ky4.jpg 540w\" sizes=\"(max-width: 300px) 100vw, 300px\" \/>Der Ofen verf\u00fcgt \u00fcber ein ausgewogenes W\u00e4rmefelddesign mit hochpr\u00e4ziser Temperaturregelung. Die Temperaturstabilit\u00e4t innerhalb der Wachstumszone tr\u00e4gt dazu bei, thermische Spannungen zu unterdr\u00fccken, das Risiko der Rissbildung zu minimieren und die Kristallausbeute zu verbessern.<\/p>\n<h3 data-start=\"2274\" data-end=\"2312\">Hochreine Wachstumsumgebung<\/h3>\n<p data-start=\"2313\" data-end=\"2505\">Der Betrieb unter Ultrahochvakuum (\u22641\u00d710-\u2076 Pa) und kontrollierter Argon-\/Wasserstoffgasatmosph\u00e4re sorgt f\u00fcr niedrige Kontaminationswerte und stabile Schmelzbedingungen \u00fcber lange Wachstumszyklen.<\/p>\n<h3 data-start=\"2507\" data-end=\"2549\">Ber\u00fchrungsloses Kristallz\u00fcchtungsverfahren<\/h3>\n<p data-start=\"2550\" data-end=\"2700\">Die KY-Methode minimiert die mechanische Interaktion zwischen dem Impfkristall und dem Ziehsystem, wodurch das Risiko von Verunreinigungen und strukturellen Defekten verringert wird.<\/p>\n<h3 data-start=\"2702\" data-end=\"2736\">Skalierbares Industriedesign<\/h3>\n<p data-start=\"2737\" data-end=\"2900\">Die Anlage unterst\u00fctzt sowohl die Z\u00fcchtung von Saphirkristallen im mittleren als auch im gro\u00dfen Ma\u00dfstab und kann durch die modulare Konfiguration des Ofens an unterschiedliche Kristallgr\u00f6\u00dfen angepasst werden.<\/p>\n<h2 data-start=\"2907\" data-end=\"2934\">Typische Anwendungen<\/h2>\n<ul data-start=\"2936\" data-end=\"3162\">\n<li data-start=\"2936\" data-end=\"2988\">\n<p data-start=\"2938\" data-end=\"2988\">Saphirsubstrate f\u00fcr die Halbleiterverarbeitung<\/p>\n<\/li>\n<li data-start=\"2989\" data-end=\"3029\">\n<p data-start=\"2991\" data-end=\"3029\">Optische Fenster und Laserkomponenten<\/p>\n<\/li>\n<li data-start=\"3030\" data-end=\"3066\">\n<p data-start=\"3032\" data-end=\"3066\">LED und optoelektronische Materialien<\/p>\n<\/li>\n<li data-start=\"3067\" data-end=\"3116\">\n<p data-start=\"3069\" data-end=\"3116\">Optische Infrarot- und Hochtemperatursysteme<\/p>\n<\/li>\n<li data-start=\"3117\" data-end=\"3162\">\n<p data-start=\"3119\" data-end=\"3162\">Schutzfenster f\u00fcr raue Umgebungen<\/p>\n<\/li>\n<\/ul>\n<h2 data-start=\"3169\" data-end=\"3200\">Technische Daten<\/h2>\n<h3 data-start=\"3202\" data-end=\"3236\">Allgemeine Parameter des Ofens<\/h3>\n<div class=\"TyagGW_tableContainer\">\n<div class=\"group TyagGW_tableWrapper flex flex-col-reverse w-fit\" tabindex=\"-1\">\n<table class=\"w-fit min-w-(--thread-content-width)\" data-start=\"3238\" data-end=\"3788\">\n<thead data-start=\"3238\" data-end=\"3262\">\n<tr data-start=\"3238\" data-end=\"3262\">\n<th data-start=\"3238\" data-end=\"3245\" data-col-size=\"sm\">Artikel<\/th>\n<th data-start=\"3245\" data-end=\"3262\" data-col-size=\"sm\">Spezifikation<\/th>\n<\/tr>\n<\/thead>\n<tbody data-start=\"3288\" data-end=\"3788\">\n<tr data-start=\"3288\" data-end=\"3323\">\n<td data-start=\"3288\" data-end=\"3304\" data-col-size=\"sm\">Wachstumsmethode<\/td>\n<td data-start=\"3304\" data-end=\"3323\" data-col-size=\"sm\">Kyropoulos (KY)<\/td>\n<\/tr>\n<tr data-start=\"3324\" data-end=\"3360\">\n<td data-start=\"3324\" data-end=\"3347\" data-col-size=\"sm\">Kristall-Gewichtsbereich<\/td>\n<td data-start=\"3347\" data-end=\"3360\" data-col-size=\"sm\">80-400 kg<\/td>\n<\/tr>\n<tr data-start=\"3361\" data-end=\"3399\">\n<td data-start=\"3361\" data-end=\"3386\" data-col-size=\"sm\">Bereich Kristalldurchmesser<\/td>\n<td data-start=\"3386\" data-end=\"3399\" data-col-size=\"sm\">10-500 mm<\/td>\n<\/tr>\n<tr data-start=\"3400\" data-end=\"3439\">\n<td data-start=\"3400\" data-end=\"3426\" data-col-size=\"sm\">Bereich der Kristalldicke<\/td>\n<td data-start=\"3426\" data-end=\"3439\" data-col-size=\"sm\">50-300 mm<\/td>\n<\/tr>\n<tr data-start=\"3440\" data-end=\"3468\">\n<td data-start=\"3440\" data-end=\"3454\" data-col-size=\"sm\">Wachstumsrate<\/td>\n<td data-start=\"3454\" data-end=\"3468\" data-col-size=\"sm\">0,1-5 mm\/h<\/td>\n<\/tr>\n<tr data-start=\"3469\" data-end=\"3512\">\n<td data-start=\"3469\" data-end=\"3497\" data-col-size=\"sm\">Heiztemperaturbereich<\/td>\n<td data-start=\"3497\" data-end=\"3512\" data-col-size=\"sm\">2000-2200\u00b0C<\/td>\n<\/tr>\n<tr data-start=\"3513\" data-end=\"3569\">\n<td data-start=\"3513\" data-end=\"3530\" data-col-size=\"sm\">Heizungsanlage<\/td>\n<td data-start=\"3530\" data-end=\"3569\" data-col-size=\"sm\">Hochtemperatur-Widerstandsheizung<\/td>\n<\/tr>\n<tr data-start=\"3570\" data-end=\"3605\">\n<td data-start=\"3570\" data-end=\"3586\" data-col-size=\"sm\">Tiegel Typ<\/td>\n<td data-start=\"3586\" data-end=\"3605\" data-col-size=\"sm\">Tiegel aus Quarz<\/td>\n<\/tr>\n<tr data-start=\"3606\" data-end=\"3651\">\n<td data-start=\"3606\" data-end=\"3623\" data-col-size=\"sm\">Gas-Atmosph\u00e4re<\/td>\n<td data-start=\"3623\" data-end=\"3651\" data-col-size=\"sm\">Argon\/Wasserstoff-Gemisch<\/td>\n<\/tr>\n<tr data-start=\"3652\" data-end=\"3683\">\n<td data-start=\"3652\" data-end=\"3667\" data-col-size=\"sm\">Vakuum Niveau<\/td>\n<td data-start=\"3667\" data-end=\"3683\" data-col-size=\"sm\">\u22641 \u00d7 10-\u2076 Pa<\/td>\n<\/tr>\n<tr data-start=\"3684\" data-end=\"3737\">\n<td data-start=\"3684\" data-end=\"3705\" data-col-size=\"sm\">Abmessungen des Ofens<\/td>\n<td data-start=\"3705\" data-end=\"3737\" data-col-size=\"sm\">Ca. 1200 \u00d7 800 \u00d7 1500 mm<\/td>\n<\/tr>\n<tr data-start=\"3738\" data-end=\"3788\">\n<td data-start=\"3738\" data-end=\"3753\" data-col-size=\"sm\">Stromversorgung<\/td>\n<td data-start=\"3753\" data-end=\"3788\" data-col-size=\"sm\">Industrielles AC-Hochleistungssystem<\/td>\n<\/tr>\n<\/tbody>\n<\/table>\n<\/div>\n<\/div>\n<h2 data-start=\"3795\" data-end=\"3842\">Kristallqualit\u00e4t und Materialleistung<\/h2>\n<p data-start=\"3844\" data-end=\"3906\">Die mit dem ZMSH-KY-Ofen gez\u00fcchteten Saphirkristalle weisen folgende Merkmale auf<\/p>\n<ul data-start=\"3908\" data-end=\"4080\">\n<li data-start=\"3908\" data-end=\"3966\">\n<p data-start=\"3910\" data-end=\"3966\">Hohe optische Transparenz \u00fcber einen breiten Spektralbereich<\/p>\n<\/li>\n<li data-start=\"3967\" data-end=\"4024\">\n<p data-start=\"3969\" data-end=\"4024\">Geringe Versetzungsdichte und gleichm\u00e4\u00dfige Kristallstruktur<\/p>\n<\/li>\n<li data-start=\"4025\" data-end=\"4080\">\n<p data-start=\"4027\" data-end=\"4080\">Ausgezeichnete thermische Stabilit\u00e4t und mechanische Festigkeit<\/p>\n<\/li>\n<\/ul>\n<p data-start=\"4082\" data-end=\"4215\">Aufgrund dieser Eigenschaften eignen sich die Kristalle f\u00fcr optische und elektronische Hochleistungsanwendungen, die eine langfristige Zuverl\u00e4ssigkeit erfordern.<\/p>\n<h2 data-start=\"4222\" data-end=\"4251\">Industrielle Verl\u00e4sslichkeit<\/h2>\n<p data-start=\"4253\" data-end=\"4502\">Der Ofen ist f\u00fcr lange Wachstumszyklen und industriellen Dauerbetrieb ausgelegt. Eine robuste mechanische Struktur, stabile Steuersysteme und ein zuverl\u00e4ssiges Vakuum- und Gashandling gew\u00e4hrleisten eine gleichbleibende Leistung \u00fcber mehrere Produktionsl\u00e4ufe hinweg.<\/p>\n<h2 data-start=\"4509\" data-end=\"4541\">ZMSH Ingenieurdienstleistungen<\/h2>\n<p data-start=\"4543\" data-end=\"4600\">Die ZMSH bietet umfassende technische Unterst\u00fctzung, einschlie\u00dflich:<\/p>\n<ul data-start=\"4602\" data-end=\"4820\">\n<li data-start=\"4602\" data-end=\"4684\">\n<p data-start=\"4604\" data-end=\"4684\">Ma\u00dfgeschneiderte Ofenkonfiguration auf der Grundlage von Kristallgr\u00f6\u00dfe und Produktionskapazit\u00e4t<\/p>\n<\/li>\n<li data-start=\"4685\" data-end=\"4727\">\n<p data-start=\"4687\" data-end=\"4727\">Installation und Inbetriebnahme vor Ort<\/p>\n<\/li>\n<li data-start=\"4728\" data-end=\"4770\">\n<p data-start=\"4730\" data-end=\"4770\">Bedienerschulung und Prozessbegleitung<\/p>\n<\/li>\n<li data-start=\"4771\" data-end=\"4820\">\n<p data-start=\"4773\" data-end=\"4820\">Langfristige Wartung und Kundendienst<\/p>\n<\/li>\n<\/ul>\n<p data-start=\"4822\" data-end=\"4963\">Unser Ingenieurteam arbeitet eng mit den Kunden zusammen, um die Saphir-Z\u00fcchtungsprozesse zu optimieren und eine stabile, wiederholbare Produktionsleistung zu gew\u00e4hrleisten.<\/p>\n<h2 data-start=\"4970\" data-end=\"4980\">FAQ<img decoding=\"async\" class=\"size-medium wp-image-1755 alignright\" src=\"https:\/\/www.zmsh-semitech.com\/wp-content\/uploads\/2026\/01\/pl203679970-sapphire_crystal_growth_furnace_80_400kg_by_the_kyropoulos_method_ky-300x300.jpg\" alt=\"\" width=\"300\" height=\"300\" srcset=\"https:\/\/www.zmsh-semitech.com\/wp-content\/uploads\/2026\/01\/pl203679970-sapphire_crystal_growth_furnace_80_400kg_by_the_kyropoulos_method_ky-300x300.jpg 300w, https:\/\/www.zmsh-semitech.com\/wp-content\/uploads\/2026\/01\/pl203679970-sapphire_crystal_growth_furnace_80_400kg_by_the_kyropoulos_method_ky-150x150.jpg 150w, https:\/\/www.zmsh-semitech.com\/wp-content\/uploads\/2026\/01\/pl203679970-sapphire_crystal_growth_furnace_80_400kg_by_the_kyropoulos_method_ky-100x100.jpg 100w, https:\/\/www.zmsh-semitech.com\/wp-content\/uploads\/2026\/01\/pl203679970-sapphire_crystal_growth_furnace_80_400kg_by_the_kyropoulos_method_ky.jpg 540w\" sizes=\"(max-width: 300px) 100vw, 300px\" \/><\/h2>\n<p data-start=\"4982\" data-end=\"5259\">F1: Welche Vorteile bietet die KY-Methode im Vergleich zur CZ-Methode?<br data-start=\"5059\" data-end=\"5062\" \/>A: Die KY-Methode erzeugt geringere thermische Spannungen und eine geringere Versetzungsdichte, wodurch sie sich im Vergleich zu herk\u00f6mmlichen CZ-Verfahren besser f\u00fcr die Z\u00fcchtung von Saphirkristallen mit gro\u00dfem Durchmesser und gro\u00dfer Dicke eignet.<\/p>\n<p data-start=\"5266\" data-end=\"5487\">F2: Welche Kristallgr\u00f6\u00dfen k\u00f6nnen mit diesem Ofen hergestellt werden?<br data-start=\"5327\" data-end=\"5330\" \/>A: Die Anlage unterst\u00fctzt die Z\u00fcchtung von Saphirkristallen mit einem Gewicht von 80 kg bis 400 kg, mit Durchmessern bis zu 500 mm und Dicken bis zu 300 mm, je nach Konfiguration.<\/p>\n<p data-start=\"5494\" data-end=\"5746\">F3: Ist der Ofen f\u00fcr die industrielle Saphirproduktion geeignet?<br data-start=\"5567\" data-end=\"5570\" \/>A: Ja. Der Ofen ist f\u00fcr den industriellen Betrieb mit stabiler thermischer Steuerung, zuverl\u00e4ssigen Vakuum- und Gassystemen und gleichbleibender Kristallqualit\u00e4t \u00fcber lange Wachstumszyklen ausgelegt.<\/p>","protected":false},"excerpt":{"rendered":"<p>Saphirkristall-Z\u00fcchtungsofen f\u00fcr die Herstellung von Boule-Kristallen mit gro\u00dfem Durchmesser und stabiler thermischer Kontrolle f\u00fcr optische und LED-Kristalle aus Saphir.<\/p>","protected":false},"featured_media":1754,"comment_status":"open","ping_status":"closed","template":"","meta":{"site-sidebar-layout":"default","site-content-layout":"","ast-site-content-layout":"default","site-content-style":"default","site-sidebar-style":"default","ast-global-header-display":"","ast-banner-title-visibility":"","ast-main-header-display":"","ast-hfb-above-header-display":"","ast-hfb-below-header-display":"","ast-hfb-mobile-header-display":"","site-post-title":"","ast-breadcrumbs-content":"","ast-featured-img":"","footer-sml-layout":"","ast-disable-related-posts":"","theme-transparent-header-meta":"default","adv-header-id-meta":"","stick-header-meta":"default","header-above-stick-meta":"","header-main-stick-meta":"","header-below-stick-meta":"","astra-migrate-meta-layouts":"set","ast-page-background-enabled":"default","ast-page-background-meta":{"desktop":{"background-color":"var(--ast-global-color-4)","background-image":"","background-repeat":"repeat","background-position":"center center","background-size":"auto","background-attachment":"scroll","background-type":"","background-media":"","overlay-type":"","overlay-color":"","overlay-opacity":"","overlay-gradient":""},"tablet":{"background-color":"","background-image":"","background-repeat":"repeat","background-position":"center center","background-size":"auto","background-attachment":"scroll","background-type":"","background-media":"","overlay-type":"","overlay-color":"","overlay-opacity":"","overlay-gradient":""},"mobile":{"background-color":"","background-image":"","background-repeat":"repeat","background-position":"center center","background-size":"auto","background-attachment":"scroll","background-type":"","background-media":"","overlay-type":"","overlay-color":"","overlay-opacity":"","overlay-gradient":""}},"ast-content-background-meta":{"desktop":{"background-color":"var(--ast-global-color-5)","background-image":"","background-repeat":"repeat","background-position":"center center","background-size":"auto","background-attachment":"scroll","background-type":"","background-media":"","overlay-type":"","overlay-color":"","overlay-opacity":"","overlay-gradient":""},"tablet":{"background-color":"var(--ast-global-color-5)","background-image":"","background-repeat":"repeat","background-position":"center center","background-size":"auto","background-attachment":"scroll","background-type":"","background-media":"","overlay-type":"","overlay-color":"","overlay-opacity":"","overlay-gradient":""},"mobile":{"background-color":"var(--ast-global-color-5)","background-image":"","background-repeat":"repeat","background-position":"center center","background-size":"auto","background-attachment":"scroll","background-type":"","background-media":"","overlay-type":"","overlay-color":"","overlay-opacity":"","overlay-gradient":""}}},"product_brand":[],"product_cat":[15],"product_tag":[149,150,152,154,153,151],"class_list":{"0":"post-1753","1":"product","2":"type-product","3":"status-publish","4":"has-post-thumbnail","6":"product_cat-crystal-growth-furnace","7":"product_tag-ky-sapphire-growth-furnace","8":"product_tag-kyropoulos-sapphire-furnace","9":"product_tag-large-diameter-sapphire-crystal-furnace","10":"product_tag-optical-grade-sapphire-growth","11":"product_tag-sapphire-boule-growth-furnace","12":"product_tag-sapphire-crystal-growth-equipment","13":"desktop-align-left","14":"tablet-align-left","15":"mobile-align-left","16":"ast-product-gallery-layout-horizontal-slider","17":"ast-product-tabs-layout-horizontal","19":"first","20":"instock","21":"shipping-taxable","22":"product-type-simple"},"_links":{"self":[{"href":"https:\/\/www.zmsh-semitech.com\/de\/wp-json\/wp\/v2\/product\/1753","targetHints":{"allow":["GET"]}}],"collection":[{"href":"https:\/\/www.zmsh-semitech.com\/de\/wp-json\/wp\/v2\/product"}],"about":[{"href":"https:\/\/www.zmsh-semitech.com\/de\/wp-json\/wp\/v2\/types\/product"}],"replies":[{"embeddable":true,"href":"https:\/\/www.zmsh-semitech.com\/de\/wp-json\/wp\/v2\/comments?post=1753"}],"version-history":[{"count":2,"href":"https:\/\/www.zmsh-semitech.com\/de\/wp-json\/wp\/v2\/product\/1753\/revisions"}],"predecessor-version":[{"id":1759,"href":"https:\/\/www.zmsh-semitech.com\/de\/wp-json\/wp\/v2\/product\/1753\/revisions\/1759"}],"wp:featuredmedia":[{"embeddable":true,"href":"https:\/\/www.zmsh-semitech.com\/de\/wp-json\/wp\/v2\/media\/1754"}],"wp:attachment":[{"href":"https:\/\/www.zmsh-semitech.com\/de\/wp-json\/wp\/v2\/media?parent=1753"}],"wp:term":[{"taxonomy":"product_brand","embeddable":true,"href":"https:\/\/www.zmsh-semitech.com\/de\/wp-json\/wp\/v2\/product_brand?post=1753"},{"taxonomy":"product_cat","embeddable":true,"href":"https:\/\/www.zmsh-semitech.com\/de\/wp-json\/wp\/v2\/product_cat?post=1753"},{"taxonomy":"product_tag","embeddable":true,"href":"https:\/\/www.zmsh-semitech.com\/de\/wp-json\/wp\/v2\/product_tag?post=1753"}],"curies":[{"name":"wp","href":"https:\/\/api.w.org\/{rel}","templated":true}]}}