{"id":1737,"date":"2026-01-23T01:45:47","date_gmt":"2026-01-23T01:45:47","guid":{"rendered":"https:\/\/www.zmsh-semitech.com\/?post_type=product&#038;p=1737"},"modified":"2026-01-23T01:47:36","modified_gmt":"2026-01-23T01:47:36","slug":"sic-single-crystal-resistance-heating-growth-furnace-for-6-inch-8-inch-and-12-inch-wafer-production-pvt-method","status":"publish","type":"product","link":"https:\/\/www.zmsh-semitech.com\/de\/product\/sic-single-crystal-resistance-heating-growth-furnace-for-6-inch-8-inch-and-12-inch-wafer-production-pvt-method\/","title":{"rendered":"SiC-Einkristall-Widerstandsheizungs-Wachstumsofen f\u00fcr die 6-Zoll-, 8-Zoll- und 12-Zoll-Waferproduktion (PVT-Verfahren)"},"content":{"rendered":"<h2 data-start=\"477\" data-end=\"500\">Produkt\u00fcbersicht<\/h2>\n<p>&nbsp;<\/p>\n<p data-start=\"502\" data-end=\"769\">Der ZMSH SiC Einkristall-Widerstandsheizungs-Z\u00fcchtungsofen ist ein Hochtemperatur-Kristallz\u00fcchtungssystem, das speziell f\u00fcr die Produktion von Siliziumkarbid-Einkristallen mit gro\u00dfem Durchmesser entwickelt wurde und die Herstellung von 6-, 8- und 12-Zoll SiC-Wafern unterst\u00fctzt.<\/p>\n<p><img fetchpriority=\"high\" decoding=\"async\" class=\"size-medium wp-image-1741 alignright\" src=\"https:\/\/www.zmsh-semitech.com\/wp-content\/uploads\/2026\/01\/pl204262693-sic_single_crystal_resistance_heating_crystal_growth_furnace_for_6inch_8inch_12inch_sic_wafers_manufacture-300x199.webp\" alt=\"\" width=\"300\" height=\"199\" srcset=\"https:\/\/www.zmsh-semitech.com\/wp-content\/uploads\/2026\/01\/pl204262693-sic_single_crystal_resistance_heating_crystal_growth_furnace_for_6inch_8inch_12inch_sic_wafers_manufacture-300x199.webp 300w, https:\/\/www.zmsh-semitech.com\/wp-content\/uploads\/2026\/01\/pl204262693-sic_single_crystal_resistance_heating_crystal_growth_furnace_for_6inch_8inch_12inch_sic_wafers_manufacture.webp 590w\" sizes=\"(max-width: 300px) 100vw, 300px\" \/><\/p>\n<p data-start=\"502\" data-end=\"769\">tung.<\/p>\n<p data-start=\"771\" data-end=\"1198\">Der Ofen wurde auf der Grundlage des PVT-Kristallz\u00fcchtungsprinzips (Physical Vapor Transport) entwickelt und umfasst eine pr\u00e4zise Steuerung der Widerstandsheizung, eine stabile Verteilung des W\u00e4rmefelds, ein Hochvakuum-Umgebungsmanagement und eine genaue Druckregelung.<br data-start=\"1021\" data-end=\"1024\" \/>Diese Konfiguration erm\u00f6glicht die Z\u00fcchtung hochreiner SiC-Einkristalle mit geringer Defektdichte, die sich f\u00fcr moderne Leistungshalbleiter- und Elektronikger\u00e4teanwendungen eignen.<\/p>\n<p data-start=\"1200\" data-end=\"1400\">Das System wurde entwickelt, um die Anforderungen der industriellen Produktion zu erf\u00fcllen und Prozessstabilit\u00e4t, Reproduzierbarkeit und langfristige Betriebszuverl\u00e4ssigkeit in gro\u00df angelegten SiC-Kristallzuchtumgebungen zu gew\u00e4hrleisten.<\/p>\n<p data-start=\"1200\" data-end=\"1400\">\n<h2 data-start=\"1407\" data-end=\"1441\">Technische Kernkompetenzen<\/h2>\n<p>&nbsp;<\/p>\n<h3 data-start=\"1443\" data-end=\"1491\">Hochstabiles Widerstandsheizungssystem<\/h3>\n<p data-start=\"1492\" data-end=\"1742\">Der Ofen ist mit einer Mehrzonen-Widerstandsheizung ausgestattet, um eine gleichm\u00e4\u00dfige axiale und radiale Temperaturverteilung zu erreichen. Dadurch werden thermische Gradienten minimiert, interne Spannungen reduziert und die strukturelle Integrit\u00e4t der Kristalle w\u00e4hrend des Wachstumsprozesses verbessert.<\/p>\n<h3 data-start=\"1744\" data-end=\"1790\">Pr\u00e4zise W\u00e4rme- und Druckkontrolle<\/h3>\n<ul data-start=\"1791\" data-end=\"1929\">\n<li data-start=\"1791\" data-end=\"1839\">\n<p data-start=\"1793\" data-end=\"1839\">Maximale Betriebstemperatur bis zu 2500\u00b0C<\/p>\n<\/li>\n<li data-start=\"1840\" data-end=\"1880\">\n<p data-start=\"1842\" data-end=\"1880\">Genauigkeit der Temperaturregelung: \u00b11\u00b0C<\/p>\n<\/li>\n<li data-start=\"1881\" data-end=\"1929\">\n<p data-start=\"1883\" data-end=\"1929\">Gro\u00dfer Druckregelbereich: 1-700 mbar<\/p>\n<\/li>\n<\/ul>\n<p data-start=\"1931\" data-end=\"2090\">Diese Parameter sorgen f\u00fcr ein stabiles thermodynamisches Umfeld, das f\u00fcr die kontrollierte Sublimation, den Dampftransport und die Kristallrekristallisation beim SiC-Wachstum unerl\u00e4sslich ist.<\/p>\n<h3 data-start=\"2092\" data-end=\"2138\">Kapazit\u00e4t f\u00fcr Kristallwachstum mit gro\u00dfem Durchmesser<\/h3>\n<p data-start=\"2139\" data-end=\"2348\">Mit einem Tiegeldurchmesser von 900 mm unterst\u00fctzt das System das Wachstum von 8- und 12-Zoll-SiC-Ingots der n\u00e4chsten Generation und erm\u00f6glicht es Herstellern, die Produktion zu skalieren und gleichzeitig die Ausbeute und die Konsistenz der Wafer zu verbessern.<\/p>\n<h3 data-start=\"2350\" data-end=\"2388\">Hochvakuum-Wachstumsumgebung<\/h3>\n<p data-start=\"2389\" data-end=\"2551\">Der Ofen verf\u00fcgt \u00fcber eine leckarme Hochvakuum-Zuchtkammer, die das Kontaminationsrisiko verringert, die Reinheit der Kristalle verbessert und einen stabilen Betrieb \u00fcber lange Zeitr\u00e4ume gew\u00e4hrleistet.<\/p>\n<h2 data-start=\"2558\" data-end=\"2588\"><\/h2>\n<h2 data-start=\"2558\" data-end=\"2588\">Industrielle Anwendungen<img decoding=\"async\" class=\"size-medium wp-image-1739 alignright\" src=\"https:\/\/www.zmsh-semitech.com\/wp-content\/uploads\/2026\/01\/pl204262670-sic_single_crystal_resistance_heating_crystal_growth_furnace_for_6inch_8inch_12inch_sic_wafers_manufacture-300x300.webp\" alt=\"\" width=\"300\" height=\"300\" srcset=\"https:\/\/www.zmsh-semitech.com\/wp-content\/uploads\/2026\/01\/pl204262670-sic_single_crystal_resistance_heating_crystal_growth_furnace_for_6inch_8inch_12inch_sic_wafers_manufacture-300x300.webp 300w, https:\/\/www.zmsh-semitech.com\/wp-content\/uploads\/2026\/01\/pl204262670-sic_single_crystal_resistance_heating_crystal_growth_furnace_for_6inch_8inch_12inch_sic_wafers_manufacture-150x150.webp 150w, https:\/\/www.zmsh-semitech.com\/wp-content\/uploads\/2026\/01\/pl204262670-sic_single_crystal_resistance_heating_crystal_growth_furnace_for_6inch_8inch_12inch_sic_wafers_manufacture-600x600.webp 600w, https:\/\/www.zmsh-semitech.com\/wp-content\/uploads\/2026\/01\/pl204262670-sic_single_crystal_resistance_heating_crystal_growth_furnace_for_6inch_8inch_12inch_sic_wafers_manufacture-100x100.webp 100w, https:\/\/www.zmsh-semitech.com\/wp-content\/uploads\/2026\/01\/pl204262670-sic_single_crystal_resistance_heating_crystal_growth_furnace_for_6inch_8inch_12inch_sic_wafers_manufacture.webp 607w\" sizes=\"(max-width: 300px) 100vw, 300px\" \/><\/h2>\n<p>&nbsp;<\/p>\n<ul data-start=\"2590\" data-end=\"2828\">\n<li data-start=\"2590\" data-end=\"2624\">\n<p data-start=\"2592\" data-end=\"2624\">Substrate f\u00fcr Leistungshalbleiter<\/p>\n<\/li>\n<li data-start=\"2625\" data-end=\"2659\">\n<p data-start=\"2627\" data-end=\"2659\">Leistungsmodule f\u00fcr Elektrofahrzeuge<\/p>\n<\/li>\n<li data-start=\"2660\" data-end=\"2701\">\n<p data-start=\"2662\" data-end=\"2701\">Hochspannungs-MOSFETs und -Dioden<\/p>\n<\/li>\n<li data-start=\"2702\" data-end=\"2747\">\n<p data-start=\"2704\" data-end=\"2747\">Energieumwandlungssysteme f\u00fcr erneuerbare Energien<\/p>\n<\/li>\n<li data-start=\"2748\" data-end=\"2795\">\n<p data-start=\"2750\" data-end=\"2795\">Elektronische Hochfrequenz- und RF-Komponenten<\/p>\n<\/li>\n<li data-start=\"2796\" data-end=\"2828\">\n<p data-start=\"2798\" data-end=\"2828\">Industrielle Leistungselektronik<\/p>\n<\/li>\n<\/ul>\n<p>&nbsp;<\/p>\n<h2 data-start=\"2835\" data-end=\"2866\">Technische Daten<\/h2>\n<p>&nbsp;<\/p>\n<div class=\"TyagGW_tableContainer\">\n<div class=\"group TyagGW_tableWrapper flex flex-col-reverse w-fit\" tabindex=\"-1\">\n<table class=\"w-fit min-w-(--thread-content-width)\" data-start=\"2868\" data-end=\"3773\">\n<thead data-start=\"2868\" data-end=\"2901\">\n<tr data-start=\"2868\" data-end=\"2901\">\n<th data-start=\"2868\" data-end=\"2874\" data-col-size=\"sm\">Nein.<\/th>\n<th data-start=\"2874\" data-end=\"2890\" data-col-size=\"sm\">Spezifikation<\/th>\n<th data-start=\"2890\" data-end=\"2901\" data-col-size=\"md\">Einzelheiten<\/th>\n<\/tr>\n<\/thead>\n<tbody data-start=\"2936\" data-end=\"3773\">\n<tr data-start=\"2936\" data-end=\"2961\">\n<td data-start=\"2936\" data-end=\"2940\" data-col-size=\"sm\">1<\/td>\n<td data-start=\"2940\" data-end=\"2948\" data-col-size=\"sm\">Modell<\/td>\n<td data-start=\"2948\" data-end=\"2961\" data-col-size=\"md\">PVT-RS-40<\/td>\n<\/tr>\n<tr data-start=\"2962\" data-end=\"3024\">\n<td data-start=\"2962\" data-end=\"2966\" data-col-size=\"sm\">2<\/td>\n<td data-start=\"2966\" data-end=\"2999\" data-col-size=\"sm\">Abmessungen des Ofens (L \u00d7 B \u00d7 H)<\/td>\n<td data-start=\"2999\" data-end=\"3024\" data-col-size=\"md\">2500 \u00d7 2400 \u00d7 3456 mm<\/td>\n<\/tr>\n<tr data-start=\"3025\" data-end=\"3059\">\n<td data-start=\"3025\" data-end=\"3029\" data-col-size=\"sm\">3<\/td>\n<td data-start=\"3029\" data-end=\"3049\" data-col-size=\"sm\">Durchmesser des Tiegels<\/td>\n<td data-start=\"3049\" data-end=\"3059\" data-col-size=\"md\">900 mm<\/td>\n<\/tr>\n<tr data-start=\"3060\" data-end=\"3127\">\n<td data-start=\"3060\" data-end=\"3064\" data-col-size=\"sm\">4<\/td>\n<td data-start=\"3064\" data-end=\"3091\" data-col-size=\"sm\">Ultimativer Vakuumdruck<\/td>\n<td data-start=\"3091\" data-end=\"3127\" data-col-size=\"md\">6 \u00d7 10-\u2074 Pa (nach 1,5 h Vakuum)<\/td>\n<\/tr>\n<tr data-start=\"3128\" data-end=\"3174\">\n<td data-start=\"3128\" data-end=\"3132\" data-col-size=\"sm\">5<\/td>\n<td data-start=\"3132\" data-end=\"3147\" data-col-size=\"sm\">Leckagerate<\/td>\n<td data-start=\"3147\" data-end=\"3174\" data-col-size=\"md\">\u22645 Pa \/ 12 h (Ausheizen)<\/td>\n<\/tr>\n<tr data-start=\"3175\" data-end=\"3214\">\n<td data-start=\"3175\" data-end=\"3179\" data-col-size=\"sm\">6<\/td>\n<td data-start=\"3179\" data-end=\"3205\" data-col-size=\"sm\">Rotation Wellendurchmesser<\/td>\n<td data-start=\"3205\" data-end=\"3214\" data-col-size=\"md\">50 mm<\/td>\n<\/tr>\n<tr data-start=\"3215\" data-end=\"3249\">\n<td data-start=\"3215\" data-end=\"3219\" data-col-size=\"sm\">7<\/td>\n<td data-start=\"3219\" data-end=\"3236\" data-col-size=\"sm\">Rotationsgeschwindigkeit<\/td>\n<td data-start=\"3236\" data-end=\"3249\" data-col-size=\"md\">0,5-5 U\/min<\/td>\n<\/tr>\n<tr data-start=\"3250\" data-end=\"3302\">\n<td data-start=\"3250\" data-end=\"3254\" data-col-size=\"sm\">8<\/td>\n<td data-start=\"3254\" data-end=\"3271\" data-col-size=\"sm\">Heizmethode<\/td>\n<td data-start=\"3271\" data-end=\"3302\" data-col-size=\"md\">Elektrische Widerstandsheizung<\/td>\n<\/tr>\n<tr data-start=\"3303\" data-end=\"3347\">\n<td data-start=\"3303\" data-end=\"3307\" data-col-size=\"sm\">9<\/td>\n<td data-start=\"3307\" data-end=\"3337\" data-col-size=\"sm\">Maximale Ofentemperatur<\/td>\n<td data-start=\"3337\" data-end=\"3347\" data-col-size=\"md\">2500\u00b0C<\/td>\n<\/tr>\n<tr data-start=\"3348\" data-end=\"3389\">\n<td data-start=\"3348\" data-end=\"3352\" data-col-size=\"sm\">10<\/td>\n<td data-start=\"3352\" data-end=\"3368\" data-col-size=\"sm\">Heizleistung<\/td>\n<td data-start=\"3368\" data-end=\"3389\" data-col-size=\"md\">40 kW \u00d7 2 + 20 kW<\/td>\n<\/tr>\n<tr data-start=\"3390\" data-end=\"3453\">\n<td data-start=\"3390\" data-end=\"3394\" data-col-size=\"sm\">11<\/td>\n<td data-start=\"3394\" data-end=\"3420\" data-col-size=\"sm\">Messung der Temperatur<\/td>\n<td data-start=\"3420\" data-end=\"3453\" data-col-size=\"md\">Zweifarbiges Infrarot-Pyrometer<\/td>\n<\/tr>\n<tr data-start=\"3454\" data-end=\"3492\">\n<td data-start=\"3454\" data-end=\"3458\" data-col-size=\"sm\">12<\/td>\n<td data-start=\"3458\" data-end=\"3478\" data-col-size=\"sm\">Temperaturbereich<\/td>\n<td data-start=\"3478\" data-end=\"3492\" data-col-size=\"md\">900-3000\u00b0C<\/td>\n<\/tr>\n<tr data-start=\"3493\" data-end=\"3528\">\n<td data-start=\"3493\" data-end=\"3497\" data-col-size=\"sm\">13<\/td>\n<td data-start=\"3497\" data-end=\"3520\" data-col-size=\"sm\">Temperatur-Genauigkeit<\/td>\n<td data-start=\"3520\" data-end=\"3528\" data-col-size=\"md\">\u00b11\u00b0C<\/td>\n<\/tr>\n<tr data-start=\"3529\" data-end=\"3564\">\n<td data-start=\"3529\" data-end=\"3533\" data-col-size=\"sm\">14<\/td>\n<td data-start=\"3533\" data-end=\"3550\" data-col-size=\"sm\">Druckbereich<\/td>\n<td data-start=\"3550\" data-end=\"3564\" data-col-size=\"md\">1-700 mbar<\/td>\n<\/tr>\n<tr data-start=\"3565\" data-end=\"3617\">\n<td data-start=\"3565\" data-end=\"3569\" data-col-size=\"sm\">15<\/td>\n<td data-start=\"3569\" data-end=\"3597\" data-col-size=\"sm\">Genauigkeit der Druckregelung<\/td>\n<td data-start=\"3597\" data-end=\"3617\" data-col-size=\"md\">\u00b10,5% Skalenendwert<\/td>\n<\/tr>\n<tr data-start=\"3618\" data-end=\"3691\">\n<td data-start=\"3618\" data-end=\"3622\" data-col-size=\"sm\">16<\/td>\n<td data-start=\"3622\" data-end=\"3639\" data-col-size=\"sm\">Art der Operation<\/td>\n<td data-start=\"3639\" data-end=\"3691\" data-col-size=\"md\">Beladung von unten, manueller oder automatischer Sicherheitsmodus<\/td>\n<\/tr>\n<tr data-start=\"3692\" data-end=\"3773\">\n<td data-start=\"3692\" data-end=\"3696\" data-col-size=\"sm\">17<\/td>\n<td data-start=\"3696\" data-end=\"3722\" data-col-size=\"sm\">Optionale Konfigurationen<\/td>\n<td data-start=\"3722\" data-end=\"3773\" data-col-size=\"md\">Mehrzonenheizung, doppelte Temperatur\u00fcberwachung<\/td>\n<\/tr>\n<\/tbody>\n<\/table>\n<\/div>\n<\/div>\n<h2 data-start=\"3780\" data-end=\"3813\"><\/h2>\n<h2 data-start=\"3780\" data-end=\"3813\">Leistung beim Kristallwachstum<\/h2>\n<p>&nbsp;<\/p>\n<p data-start=\"3815\" data-end=\"3894\">Das System erm\u00f6glicht die Herstellung von hochwertigen SiC-Einkristallen mit:<\/p>\n<ul data-start=\"3896\" data-end=\"4036\">\n<li data-start=\"3896\" data-end=\"3923\">\n<p data-start=\"3898\" data-end=\"3923\">Geringe Versetzungsdichte<\/p>\n<\/li>\n<li data-start=\"3924\" data-end=\"3954\">\n<p data-start=\"3926\" data-end=\"3954\">Hohe strukturelle Einheitlichkeit<\/p>\n<\/li>\n<li data-start=\"3955\" data-end=\"3987\">\n<p data-start=\"3957\" data-end=\"3987\">Stabile elektrische Eigenschaften<\/p>\n<\/li>\n<li data-start=\"3988\" data-end=\"4036\">\n<p data-start=\"3990\" data-end=\"4036\">Ausgezeichnete thermische und mechanische Leistung<\/p>\n<\/li>\n<\/ul>\n<p data-start=\"4038\" data-end=\"4178\">Diese Eigenschaften sind entscheidend f\u00fcr Wafer in Halbleiterqualit\u00e4t, die f\u00fcr die Herstellung von Hochleistungs-, Hochspannungs- und Hochfrequenzger\u00e4ten verwendet werden.<\/p>\n<p data-start=\"4038\" data-end=\"4178\">\n<h2 data-start=\"4185\" data-end=\"4217\">ZMSH Ingenieurdienstleistungen<\/h2>\n<p>&nbsp;<\/p>\n<h3 data-start=\"4219\" data-end=\"4254\">Benutzerdefinierte Systemkonfiguration<\/h3>\n<p data-start=\"4255\" data-end=\"4405\">Die Struktur des Ofens, die Heizzonen, die Kontrollsysteme und die Abmessungen der Kammern k\u00f6nnen je nach Produktionsgr\u00f6\u00dfe und Anforderungen an die Wafergr\u00f6\u00dfe angepasst werden.<\/p>\n<h3 data-start=\"4407\" data-end=\"4445\">Installation und Inbetriebnahme<\/h3>\n<p data-start=\"4446\" data-end=\"4564\">Die Installation des Systems vor Ort, die Kalibrierung und die Betriebs\u00fcberpr\u00fcfung werden von professionellen Ingenieurteams durchgef\u00fchrt.<\/p>\n<h3 data-start=\"4566\" data-end=\"4592\">Technische Ausbildung<\/h3>\n<p data-start=\"4593\" data-end=\"4699\">Die Schulungsprogramme f\u00fcr Bediener umfassen die Bedienung der Anlagen, die Prozesssteuerung, die Wartung und die Fehlerdiagnose.<\/p>\n<h3 data-start=\"4701\" data-end=\"4726\">Langfristige Unterst\u00fctzung<\/h3>\n<p data-start=\"4727\" data-end=\"4835\">Technischer Support \u00fcber die gesamte Lebensdauer, Wartungsdienste und Ersatzteilversorgung gew\u00e4hrleisten einen stabilen Langzeitbetrieb.<\/p>\n<h2 data-start=\"4842\" data-end=\"4852\"><\/h2>\n<h2 data-start=\"4842\" data-end=\"4852\">FAQ<\/h2>\n<p>&nbsp;<\/p>\n<p data-start=\"4854\" data-end=\"5148\">F1: Welche Kristallz\u00fcchtungsmethode wird in diesem Ofen verwendet?<br data-start=\"4911\" data-end=\"4914\" \/>A: Der Ofen arbeitet nach der PVT-Methode (Physical Vapor Transport), die eine kontrollierte Sublimation und Rekristallisation von Siliziumkarbid bei hohen Temperaturen erm\u00f6glicht, wodurch er sich f\u00fcr ein hochwertiges Einkristallwachstum eignet.<\/p>\n<p data-start=\"5150\" data-end=\"5371\">F2: Welche Wafergr\u00f6\u00dfen kann der Ofen unterst\u00fctzen?<br data-start=\"5199\" data-end=\"5202\" \/>A: Die Anlage ist f\u00fcr die 6-, 8- und 12-Zoll-Siliziumkarbid-Einkristallz\u00fcchtung ausgelegt und unterst\u00fctzt die Anforderungen der aktuellen und der n\u00e4chsten Generation der Waferherstellung.<\/p>\n<p data-start=\"5373\" data-end=\"5637\">F3: Ist der Ofen f\u00fcr die industrielle Produktion geeignet?<br data-start=\"5437\" data-end=\"5440\" \/>A: Ja. Das System ist f\u00fcr den industriellen Dauerbetrieb ausgelegt und bietet eine hohe thermische Stabilit\u00e4t, Prozesswiederholbarkeit und langfristige Zuverl\u00e4ssigkeit f\u00fcr gro\u00df angelegte SiC-Kristallproduktionslinien.<\/p>","protected":false},"excerpt":{"rendered":"<p>Hochtemperatur-SiC-Einzelkristall-Widerstandsheizungs-Z\u00fcchtungsofen f\u00fcr die Herstellung von 6-, 8- und 12-Zoll-Wafern. Entwickelt f\u00fcr stabiles PVT-Kristallwachstum und industrielle Produktion.<\/p>","protected":false},"featured_media":1738,"comment_status":"open","ping_status":"closed","template":"","meta":{"site-sidebar-layout":"default","site-content-layout":"","ast-site-content-layout":"default","site-content-style":"default","site-sidebar-style":"default","ast-global-header-display":"","ast-banner-title-visibility":"","ast-main-header-display":"","ast-hfb-above-header-display":"","ast-hfb-below-header-display":"","ast-hfb-mobile-header-display":"","site-post-title":"","ast-breadcrumbs-content":"","ast-featured-img":"","footer-sml-layout":"","ast-disable-related-posts":"","theme-transparent-header-meta":"default","adv-header-id-meta":"","stick-header-meta":"default","header-above-stick-meta":"","header-main-stick-meta":"","header-below-stick-meta":"","astra-migrate-meta-layouts":"set","ast-page-background-enabled":"default","ast-page-background-meta":{"desktop":{"background-color":"var(--ast-global-color-4)","background-image":"","background-repeat":"repeat","background-position":"center center","background-size":"auto","background-attachment":"scroll","background-type":"","background-media":"","overlay-type":"","overlay-color":"","overlay-opacity":"","overlay-gradient":""},"tablet":{"background-color":"","background-image":"","background-repeat":"repeat","background-position":"center center","background-size":"auto","background-attachment":"scroll","background-type":"","background-media":"","overlay-type":"","overlay-color":"","overlay-opacity":"","overlay-gradient":""},"mobile":{"background-color":"","background-image":"","background-repeat":"repeat","background-position":"center center","background-size":"auto","background-attachment":"scroll","background-type":"","background-media":"","overlay-type":"","overlay-color":"","overlay-opacity":"","overlay-gradient":""}},"ast-content-background-meta":{"desktop":{"background-color":"var(--ast-global-color-5)","background-image":"","background-repeat":"repeat","background-position":"center center","background-size":"auto","background-attachment":"scroll","background-type":"","background-media":"","overlay-type":"","overlay-color":"","overlay-opacity":"","overlay-gradient":""},"tablet":{"background-color":"var(--ast-global-color-5)","background-image":"","background-repeat":"repeat","background-position":"center center","background-size":"auto","background-attachment":"scroll","background-type":"","background-media":"","overlay-type":"","overlay-color":"","overlay-opacity":"","overlay-gradient":""},"mobile":{"background-color":"var(--ast-global-color-5)","background-image":"","background-repeat":"repeat","background-position":"center center","background-size":"auto","background-attachment":"scroll","background-type":"","background-media":"","overlay-type":"","overlay-color":"","overlay-opacity":"","overlay-gradient":""}}},"product_brand":[],"product_cat":[15],"product_tag":[141,142,143,139,137,140,138],"class_list":{"0":"post-1737","1":"product","2":"type-product","3":"status-publish","4":"has-post-thumbnail","6":"product_cat-crystal-growth-furnace","7":"product_tag-12-inch-sic-growth-furnace","8":"product_tag-8-inch-sic-crystal-furnace","9":"product_tag-resistance-heating-crystal-growth-furnace","10":"product_tag-sic-pvt-growth-furnace","11":"product_tag-sic-single-crystal-growth-furnace","12":"product_tag-sic-wafer-manufacturing-equipment","13":"product_tag-silicon-carbide-crystal-growth-furnace","14":"desktop-align-left","15":"tablet-align-left","16":"mobile-align-left","17":"ast-product-gallery-layout-horizontal-slider","18":"ast-product-tabs-layout-horizontal","20":"first","21":"instock","22":"shipping-taxable","23":"product-type-simple"},"_links":{"self":[{"href":"https:\/\/www.zmsh-semitech.com\/de\/wp-json\/wp\/v2\/product\/1737","targetHints":{"allow":["GET"]}}],"collection":[{"href":"https:\/\/www.zmsh-semitech.com\/de\/wp-json\/wp\/v2\/product"}],"about":[{"href":"https:\/\/www.zmsh-semitech.com\/de\/wp-json\/wp\/v2\/types\/product"}],"replies":[{"embeddable":true,"href":"https:\/\/www.zmsh-semitech.com\/de\/wp-json\/wp\/v2\/comments?post=1737"}],"version-history":[{"count":3,"href":"https:\/\/www.zmsh-semitech.com\/de\/wp-json\/wp\/v2\/product\/1737\/revisions"}],"predecessor-version":[{"id":1744,"href":"https:\/\/www.zmsh-semitech.com\/de\/wp-json\/wp\/v2\/product\/1737\/revisions\/1744"}],"wp:featuredmedia":[{"embeddable":true,"href":"https:\/\/www.zmsh-semitech.com\/de\/wp-json\/wp\/v2\/media\/1738"}],"wp:attachment":[{"href":"https:\/\/www.zmsh-semitech.com\/de\/wp-json\/wp\/v2\/media?parent=1737"}],"wp:term":[{"taxonomy":"product_brand","embeddable":true,"href":"https:\/\/www.zmsh-semitech.com\/de\/wp-json\/wp\/v2\/product_brand?post=1737"},{"taxonomy":"product_cat","embeddable":true,"href":"https:\/\/www.zmsh-semitech.com\/de\/wp-json\/wp\/v2\/product_cat?post=1737"},{"taxonomy":"product_tag","embeddable":true,"href":"https:\/\/www.zmsh-semitech.com\/de\/wp-json\/wp\/v2\/product_tag?post=1737"}],"curies":[{"name":"wp","href":"https:\/\/api.w.org\/{rel}","templated":true}]}}