{"id":1534,"date":"2025-12-26T05:59:04","date_gmt":"2025-12-26T05:59:04","guid":{"rendered":"https:\/\/www.zmsh-semitech.com\/?post_type=product&#038;p=1534"},"modified":"2025-12-26T06:11:05","modified_gmt":"2025-12-26T06:11:05","slug":"compact-high-precision-laser-micro-drilling-machine-for-ultra-fine-holes-and-multi-material-compatibility","status":"publish","type":"product","link":"https:\/\/www.zmsh-semitech.com\/de\/product\/compact-high-precision-laser-micro-drilling-machine-for-ultra-fine-holes-and-multi-material-compatibility\/","title":{"rendered":"Kompakte Hochpr\u00e4zisions-Lasermikrobohrmaschine f\u00fcr ultrafeine Bohrungen und Multi-Material-Kompatibilit\u00e4t"},"content":{"rendered":"<p data-start=\"257\" data-end=\"610\">Die kompakte Hochpr\u00e4zisions-Laser-Mikrobohrmaschine wurde f\u00fcr Umgebungen mit begrenztem Platzangebot entwickelt und bietet au\u00dfergew\u00f6hnliche Pr\u00e4zision und benutzerfreundliche Bedienung. Dieses kompakte System ist ideal f\u00fcr das Bohren von ultrafeinen L\u00f6chern bis zu 0,005 mm und gew\u00e4hrleistet eine zuverl\u00e4ssige Leistung bei minimaler thermischer Belastung, was zu sauberen Lochkanten und geringerer Oxidation f\u00fchrt.<\/p>\n<p data-start=\"612\" data-end=\"862\">Diese vielseitige Maschine unterst\u00fctzt austauschbare Laserquellen, um verschiedene Materialien zu bearbeiten, was die Kompatibilit\u00e4t und Effizienz erh\u00f6ht. Die intuitive Software-Schnittstelle macht die Bedienung sowohl f\u00fcr erfahrene Bediener als auch f\u00fcr Neueinsteiger einfach.<\/p>\n<p data-start=\"612\" data-end=\"862\"><img fetchpriority=\"high\" decoding=\"async\" class=\"wp-image-1536 aligncenter\" src=\"https:\/\/www.zmsh-semitech.com\/wp-content\/uploads\/2025\/12\/22.png\" alt=\"\" width=\"400\" height=\"581\" \/><\/p>\n<h3 data-start=\"869\" data-end=\"892\"><strong data-start=\"873\" data-end=\"890\">Wesentliche Merkmale:<\/strong><\/h3>\n<ul data-start=\"893\" data-end=\"1260\">\n<li data-start=\"893\" data-end=\"974\">\n<p data-start=\"895\" data-end=\"974\"><strong data-start=\"895\" data-end=\"914\">Kompaktes Design:<\/strong> Perfekt f\u00fcr kleine R\u00e4ume ohne Leistungseinbu\u00dfen<\/p>\n<\/li>\n<li data-start=\"975\" data-end=\"1033\">\n<p data-start=\"977\" data-end=\"1033\"><strong data-start=\"977\" data-end=\"996\">Hohe Pr\u00e4zision:<\/strong> Erzielt L\u00f6cher mit einer Gr\u00f6\u00dfe von nur 0,005 mm<\/p>\n<\/li>\n<li data-start=\"1034\" data-end=\"1099\">\n<p data-start=\"1036\" data-end=\"1099\"><strong data-start=\"1036\" data-end=\"1052\">Benutzerfreundlichkeit:<\/strong> Benutzerfreundliche Oberfl\u00e4che f\u00fcr einfache Bedienung<\/p>\n<\/li>\n<li data-start=\"1100\" data-end=\"1189\">\n<p data-start=\"1102\" data-end=\"1189\"><strong data-start=\"1102\" data-end=\"1135\">Multi-Material-Kompatibilit\u00e4t:<\/strong> Auswechselbare Laserquellen f\u00fcr verschiedene Materialien<\/p>\n<\/li>\n<li data-start=\"1190\" data-end=\"1260\">\n<p data-start=\"1192\" data-end=\"1260\"><strong data-start=\"1192\" data-end=\"1219\">Minimale thermische Auswirkungen:<\/strong> Reduzierte Oxidation um Bohrl\u00f6cher<\/p>\n<\/li>\n<\/ul>\n<h3 data-start=\"1267\" data-end=\"1298\"><strong data-start=\"1271\" data-end=\"1296\">Anwendbare Materialien:<\/strong><\/h3>\n<p data-start=\"1299\" data-end=\"1351\">Geeignet f\u00fcr eine breite Palette von Materialien, darunter:<\/p>\n<ul data-start=\"1352\" data-end=\"1487\">\n<li data-start=\"1352\" data-end=\"1412\">\n<p data-start=\"1354\" data-end=\"1412\">Metalle wie rostfreier Stahl, Kohlenstoffstahl und Legierungen<\/p>\n<\/li>\n<li data-start=\"1413\" data-end=\"1450\">\n<p data-start=\"1415\" data-end=\"1450\">Keramik und ultraharte Materialien<\/p>\n<\/li>\n<li data-start=\"1451\" data-end=\"1487\">\n<p data-start=\"1453\" data-end=\"1487\">Edelsteine wie Saphir<\/p>\n<\/li>\n<\/ul>\n<h3 data-start=\"1494\" data-end=\"1525\"><strong data-start=\"1498\" data-end=\"1523\">Anwendungsbeispiele:<\/strong><\/h3>\n<ol data-start=\"1527\" data-end=\"2374\">\n<li data-start=\"1527\" data-end=\"1679\">\n<p data-start=\"1530\" data-end=\"1679\"><strong data-start=\"1530\" data-end=\"1563\">T301 Bohren in Edelstahl<\/strong><br data-start=\"1563\" data-end=\"1566\" \/>Pr\u00e4zisions-Mikrobohrungen in Komponenten aus rostfreiem Stahl T301 f\u00fcr industrielle und mechanische Anwendungen.<\/p>\n<\/li>\n<li data-start=\"1681\" data-end=\"1817\">\n<p data-start=\"1684\" data-end=\"1817\"><strong data-start=\"1684\" data-end=\"1711\">Sapphire Sheet Bohren<\/strong><br data-start=\"1711\" data-end=\"1714\" \/>Ultrafeines Bohren auf Saphirplatten, geeignet f\u00fcr optische, elektronische und Halbleiteranwendungen.<\/p>\n<\/li>\n<li data-start=\"1819\" data-end=\"1956\">\n<p data-start=\"1822\" data-end=\"1956\"><strong data-start=\"1822\" data-end=\"1852\">Zapfpistole Bohren<\/strong><br data-start=\"1852\" data-end=\"1855\" \/>Hochpr\u00e4zise Mikrol\u00f6cher f\u00fcr Klebstoff- oder Fl\u00fcssigkeitsd\u00fcsen, die eine genaue Durchflusskontrolle gew\u00e4hrleisten.<\/p>\n<\/li>\n<li data-start=\"1958\" data-end=\"2092\">\n<p data-start=\"1961\" data-end=\"2092\"><strong data-start=\"1961\" data-end=\"1993\">Saphir Sacklochbohren<\/strong><br data-start=\"1993\" data-end=\"1996\" \/>Sacklochbohren auf Saphir, ideal f\u00fcr Pr\u00e4zisionsteile, bei denen die Tiefenkontrolle entscheidend ist.<\/p>\n<\/li>\n<li data-start=\"2094\" data-end=\"2247\">\n<p data-start=\"2097\" data-end=\"2247\"><strong data-start=\"2097\" data-end=\"2139\">Edelstahl T-f\u00f6rmig bohren<\/strong><br data-start=\"2139\" data-end=\"2142\" \/>Spezialisierte T-f\u00f6rmige Bohrungen in rostfreiem Stahl f\u00fcr die mechanische Montage und kundenspezifische Komponenten.<\/p>\n<\/li>\n<li data-start=\"2249\" data-end=\"2374\">\n<p data-start=\"2252\" data-end=\"2374\"><strong data-start=\"2252\" data-end=\"2276\">Kupferblech schneiden<\/strong><br data-start=\"2276\" data-end=\"2279\" \/>Pr\u00e4zisionsschneiden von Kupferblechen f\u00fcr Elektronik-, PCB- und Mikrokomponentenanwendungen.<\/p>\n<\/li>\n<\/ol>\n<p><img decoding=\"async\" class=\"wp-image-1538 size-full aligncenter\" src=\"https:\/\/www.zmsh-semitech.com\/wp-content\/uploads\/2025\/12\/drilling-case3.png\" alt=\"\" width=\"800\" height=\"600\" srcset=\"https:\/\/www.zmsh-semitech.com\/wp-content\/uploads\/2025\/12\/drilling-case3.png 800w, https:\/\/www.zmsh-semitech.com\/wp-content\/uploads\/2025\/12\/drilling-case3-300x225.png 300w, https:\/\/www.zmsh-semitech.com\/wp-content\/uploads\/2025\/12\/drilling-case3-768x576.png 768w, https:\/\/www.zmsh-semitech.com\/wp-content\/uploads\/2025\/12\/drilling-case3-600x450.png 600w\" sizes=\"(max-width: 800px) 100vw, 800px\" \/><\/p>","protected":false},"excerpt":{"rendered":"<p>Die kompakte Hochpr\u00e4zisions-Laser-Mikrobohrmaschine wurde f\u00fcr Umgebungen mit begrenztem Platzangebot entwickelt und bietet au\u00dfergew\u00f6hnliche Pr\u00e4zision und benutzerfreundliche Bedienung. Dieses kompakte System ist ideal f\u00fcr das Bohren von ultrafeinen L\u00f6chern bis zu 0,005 mm und gew\u00e4hrleistet eine zuverl\u00e4ssige Leistung bei minimaler thermischer Belastung, was zu sauberen Lochkanten und geringerer Oxidation f\u00fchrt.<\/p>","protected":false},"featured_media":1535,"comment_status":"open","ping_status":"closed","template":"","meta":{"site-sidebar-layout":"default","site-content-layout":"","ast-site-content-layout":"default","site-content-style":"default","site-sidebar-style":"default","ast-global-header-display":"","ast-banner-title-visibility":"","ast-main-header-display":"","ast-hfb-above-header-display":"","ast-hfb-below-header-display":"","ast-hfb-mobile-header-display":"","site-post-title":"","ast-breadcrumbs-content":"","ast-featured-img":"","footer-sml-layout":"","ast-disable-related-posts":"","theme-transparent-header-meta":"default","adv-header-id-meta":"","stick-header-meta":"default","header-above-stick-meta":"","header-main-stick-meta":"","header-below-stick-meta":"","astra-migrate-meta-layouts":"set","ast-page-background-enabled":"default","ast-page-background-meta":{"desktop":{"background-color":"var(--ast-global-color-4)","background-image":"","background-repeat":"repeat","background-position":"center center","background-size":"auto","background-attachment":"scroll","background-type":"","background-media":"","overlay-type":"","overlay-color":"","overlay-opacity":"","overlay-gradient":""},"tablet":{"background-color":"","background-image":"","background-repeat":"repeat","background-position":"center center","background-size":"auto","background-attachment":"scroll","background-type":"","background-media":"","overlay-type":"","overlay-color":"","overlay-opacity":"","overlay-gradient":""},"mobile":{"background-color":"","background-image":"","background-repeat":"repeat","background-position":"center center","background-size":"auto","background-attachment":"scroll","background-type":"","background-media":"","overlay-type":"","overlay-color":"","overlay-opacity":"","overlay-gradient":""}},"ast-content-background-meta":{"desktop":{"background-color":"var(--ast-global-color-5)","background-image":"","background-repeat":"repeat","background-position":"center center","background-size":"auto","background-attachment":"scroll","background-type":"","background-media":"","overlay-type":"","overlay-color":"","overlay-opacity":"","overlay-gradient":""},"tablet":{"background-color":"var(--ast-global-color-5)","background-image":"","background-repeat":"repeat","background-position":"center center","background-size":"auto","background-attachment":"scroll","background-type":"","background-media":"","overlay-type":"","overlay-color":"","overlay-opacity":"","overlay-gradient":""},"mobile":{"background-color":"var(--ast-global-color-5)","background-image":"","background-repeat":"repeat","background-position":"center center","background-size":"auto","background-attachment":"scroll","background-type":"","background-media":"","overlay-type":"","overlay-color":"","overlay-opacity":"","overlay-gradient":""}}},"product_brand":[],"product_cat":[20],"product_tag":[53,54,49,48,55,46,47,56],"class_list":{"0":"post-1534","1":"product","2":"type-product","3":"status-publish","4":"has-post-thumbnail","6":"product_cat-laser-drilling-machine","7":"product_tag-compact-design","8":"product_tag-high-precision","9":"product_tag-laser-cutting","10":"product_tag-laser-micro-drilling","11":"product_tag-multi-material-compatibility","12":"product_tag-picosecond-laser","13":"product_tag-precision-laser-drilling","14":"product_tag-sapphire-drilling","15":"desktop-align-left","16":"tablet-align-left","17":"mobile-align-left","18":"ast-product-gallery-layout-horizontal-slider","19":"ast-product-gallery-with-no-image","20":"ast-product-tabs-layout-horizontal","22":"first","23":"instock","24":"shipping-taxable","25":"product-type-simple"},"_links":{"self":[{"href":"https:\/\/www.zmsh-semitech.com\/de\/wp-json\/wp\/v2\/product\/1534","targetHints":{"allow":["GET"]}}],"collection":[{"href":"https:\/\/www.zmsh-semitech.com\/de\/wp-json\/wp\/v2\/product"}],"about":[{"href":"https:\/\/www.zmsh-semitech.com\/de\/wp-json\/wp\/v2\/types\/product"}],"replies":[{"embeddable":true,"href":"https:\/\/www.zmsh-semitech.com\/de\/wp-json\/wp\/v2\/comments?post=1534"}],"version-history":[{"count":1,"href":"https:\/\/www.zmsh-semitech.com\/de\/wp-json\/wp\/v2\/product\/1534\/revisions"}],"predecessor-version":[{"id":1539,"href":"https:\/\/www.zmsh-semitech.com\/de\/wp-json\/wp\/v2\/product\/1534\/revisions\/1539"}],"wp:featuredmedia":[{"embeddable":true,"href":"https:\/\/www.zmsh-semitech.com\/de\/wp-json\/wp\/v2\/media\/1535"}],"wp:attachment":[{"href":"https:\/\/www.zmsh-semitech.com\/de\/wp-json\/wp\/v2\/media?parent=1534"}],"wp:term":[{"taxonomy":"product_brand","embeddable":true,"href":"https:\/\/www.zmsh-semitech.com\/de\/wp-json\/wp\/v2\/product_brand?post=1534"},{"taxonomy":"product_cat","embeddable":true,"href":"https:\/\/www.zmsh-semitech.com\/de\/wp-json\/wp\/v2\/product_cat?post=1534"},{"taxonomy":"product_tag","embeddable":true,"href":"https:\/\/www.zmsh-semitech.com\/de\/wp-json\/wp\/v2\/product_tag?post=1534"}],"curies":[{"name":"wp","href":"https:\/\/api.w.org\/{rel}","templated":true}]}}