{"id":2411,"date":"2026-04-24T06:30:17","date_gmt":"2026-04-24T06:30:17","guid":{"rendered":"https:\/\/www.zmsh-semitech.com\/?post_type=product&#038;p=2411"},"modified":"2026-04-24T06:30:19","modified_gmt":"2026-04-24T06:30:19","slug":"cvd-silicon-carbide-sic-electrode-for-semiconductor-plasma-systems","status":"publish","type":"product","link":"https:\/\/www.zmsh-semitech.com\/cs\/product\/cvd-silicon-carbide-sic-electrode-for-semiconductor-plasma-systems\/","title":{"rendered":"CVD elektroda z karbidu k\u0159em\u00edku (SiC) pro polovodi\u010dov\u00e9 plazmov\u00e9 syst\u00e9my"},"content":{"rendered":"<p data-start=\"231\" data-end=\"634\">SiC elektroda (elektroda z karbidu k\u0159em\u00edku) je vysoce v\u00fdkonn\u00e1 sou\u010d\u00e1stka ur\u010den\u00e1 pro pokro\u010dil\u00e9 syst\u00e9my plazmov\u00e9ho zpracov\u00e1n\u00ed polovodi\u010d\u016f, v\u010detn\u011b za\u0159\u00edzen\u00ed pro lept\u00e1n\u00ed, nan\u00e1\u0161en\u00ed a povrchovou \u00fapravu. Ve srovn\u00e1n\u00ed s tradi\u010dn\u00edmi k\u0159em\u00edkov\u00fdmi elektrodami jsou elektrody SiC o<img fetchpriority=\"high\" decoding=\"async\" class=\"alignright wp-image-2414 size-medium\" src=\"https:\/\/www.zmsh-semitech.com\/wp-content\/uploads\/2026\/04\/CVD-Silicon-Carbide-SiC-Electrode-for-Semiconductor-Plasma-Systems-1-300x300.png\" alt=\"CVD elektroda z karbidu k\u0159em\u00edku (SiC) pro polovodi\u010dov\u00e9 plazmov\u00e9 syst\u00e9my\" width=\"300\" height=\"300\" srcset=\"https:\/\/www.zmsh-semitech.com\/wp-content\/uploads\/2026\/04\/CVD-Silicon-Carbide-SiC-Electrode-for-Semiconductor-Plasma-Systems-1-300x300.png 300w, https:\/\/www.zmsh-semitech.com\/wp-content\/uploads\/2026\/04\/CVD-Silicon-Carbide-SiC-Electrode-for-Semiconductor-Plasma-Systems-1-150x150.png 150w, https:\/\/www.zmsh-semitech.com\/wp-content\/uploads\/2026\/04\/CVD-Silicon-Carbide-SiC-Electrode-for-Semiconductor-Plasma-Systems-1-768x768.png 768w, https:\/\/www.zmsh-semitech.com\/wp-content\/uploads\/2026\/04\/CVD-Silicon-Carbide-SiC-Electrode-for-Semiconductor-Plasma-Systems-1-12x12.png 12w, https:\/\/www.zmsh-semitech.com\/wp-content\/uploads\/2026\/04\/CVD-Silicon-Carbide-SiC-Electrode-for-Semiconductor-Plasma-Systems-1-600x600.png 600w, https:\/\/www.zmsh-semitech.com\/wp-content\/uploads\/2026\/04\/CVD-Silicon-Carbide-SiC-Electrode-for-Semiconductor-Plasma-Systems-1-100x100.png 100w, https:\/\/www.zmsh-semitech.com\/wp-content\/uploads\/2026\/04\/CVD-Silicon-Carbide-SiC-Electrode-for-Semiconductor-Plasma-Systems-1.png 1000w\" sizes=\"(max-width: 300px) 100vw, 300px\" \/>poskytuj\u00ed v\u00fdrazn\u011b zv\u00fd\u0161enou odolnost, vynikaj\u00edc\u00ed odolnost proti plazmatu a del\u0161\u00ed provozn\u00ed \u017eivotnost v extr\u00e9mn\u00edch podm\u00ednk\u00e1ch zpracov\u00e1n\u00ed.<\/p>\n<p data-start=\"636\" data-end=\"980\">Elektroda je vyrobena metodou chemick\u00e9ho napa\u0159ov\u00e1n\u00ed (CVD) karbidu k\u0159em\u00edku a m\u00e1 hustou strukturu s vysokou \u010distotou, vynikaj\u00edc\u00ed tepelnou vodivost\u00ed a chemickou stabilitou. D\u00edky tomu je obzvl\u00e1\u0161t\u011b vhodn\u00e1 pro prost\u0159ed\u00ed s vysokoenergetick\u00fdm plazmatem, agresivn\u00edmi plyny, jako jsou CF\u2084, SF\u2086, NF\u2083 a Cl\u2082, a zv\u00fd\u0161en\u00fdmi teplotami.<\/p>\n<p data-start=\"982\" data-end=\"1287\">V plazmov\u00fdch komor\u00e1ch hraj\u00ed elektrody kl\u00ed\u010dovou roli p\u0159i \u0159\u00edzen\u00ed elektrick\u00fdch pol\u00ed, hustoty plazmatu a rovnom\u011brnosti procesu. Elektrody SiC udr\u017euj\u00ed stabiln\u00ed elektrick\u00e9 charakteristiky po del\u0161\u00ed dobu, sni\u017euj\u00ed drift, minimalizuj\u00ed kontaminaci \u010d\u00e1sticemi a zaji\u0161\u0165uj\u00ed konzistentn\u00ed v\u00fdsledky zpracov\u00e1n\u00ed desti\u010dek.<\/p>\n<p data-start=\"1289\" data-end=\"1521\">D\u00edky sv\u00e9 odolnosti a v\u00fdkonnosti jsou elektrody SiC klasifikov\u00e1ny jako kritick\u00fd polovodi\u010dov\u00fd spot\u0159ebn\u00ed materi\u00e1l (sou\u010d\u00e1stky s dlouhou \u017eivotnost\u00ed) a jsou \u0161iroce pou\u017e\u00edv\u00e1ny v pokro\u010dil\u00fdch polovodi\u010dov\u00fdch uzlech a vysoce v\u00fdkonn\u00fdch v\u00fdrobn\u00edch prost\u0159ed\u00edch.<\/p>\n<hr data-start=\"1523\" data-end=\"1526\" \/>\n<h2 data-section-id=\"1wht24f\" data-start=\"1528\" data-end=\"1548\">Kl\u00ed\u010dov\u00e9 vlastnosti<\/h2>\n<p><strong style=\"font-size: 16px; font-style: normal;\" data-start=\"1639\" data-end=\"1669\"><img decoding=\"async\" class=\"alignright wp-image-2412 size-medium\" style=\"font-weight: 400;\" src=\"https:\/\/www.zmsh-semitech.com\/wp-content\/uploads\/2026\/04\/CVD-Silicon-Carbide-SiC-Electrode-for-Semiconductor-Plasma-Systems-2-300x300.png\" alt=\"CVD elektroda z karbidu k\u0159em\u00edku (SiC) pro polovodi\u010dov\u00e9 plazmov\u00e9 syst\u00e9my\" width=\"300\" height=\"300\" srcset=\"https:\/\/www.zmsh-semitech.com\/wp-content\/uploads\/2026\/04\/CVD-Silicon-Carbide-SiC-Electrode-for-Semiconductor-Plasma-Systems-2-300x300.png 300w, https:\/\/www.zmsh-semitech.com\/wp-content\/uploads\/2026\/04\/CVD-Silicon-Carbide-SiC-Electrode-for-Semiconductor-Plasma-Systems-2-150x150.png 150w, https:\/\/www.zmsh-semitech.com\/wp-content\/uploads\/2026\/04\/CVD-Silicon-Carbide-SiC-Electrode-for-Semiconductor-Plasma-Systems-2-768x768.png 768w, https:\/\/www.zmsh-semitech.com\/wp-content\/uploads\/2026\/04\/CVD-Silicon-Carbide-SiC-Electrode-for-Semiconductor-Plasma-Systems-2-12x12.png 12w, https:\/\/www.zmsh-semitech.com\/wp-content\/uploads\/2026\/04\/CVD-Silicon-Carbide-SiC-Electrode-for-Semiconductor-Plasma-Systems-2-600x600.png 600w, https:\/\/www.zmsh-semitech.com\/wp-content\/uploads\/2026\/04\/CVD-Silicon-Carbide-SiC-Electrode-for-Semiconductor-Plasma-Systems-2-100x100.png 100w, https:\/\/www.zmsh-semitech.com\/wp-content\/uploads\/2026\/04\/CVD-Silicon-Carbide-SiC-Electrode-for-Semiconductor-Plasma-Systems-2.png 1000w\" sizes=\"(max-width: 300px) 100vw, 300px\" \/><\/strong><\/p>\n<ul data-start=\"1549\" data-end=\"2244\">\n<li data-section-id=\"9sfaj1\" data-start=\"1549\" data-end=\"1636\"><strong data-start=\"1551\" data-end=\"1583\">Vysoce \u010dist\u00fd materi\u00e1l CVD SiC<\/strong>: Hust\u00e1 struktura s vynikaj\u00edc\u00ed chemickou inertnost\u00ed<\/li>\n<li data-section-id=\"qsf5dr\" data-start=\"1637\" data-end=\"1741\"><strong data-start=\"1639\" data-end=\"1669\">Vynikaj\u00edc\u00ed odolnost proti plazmatu<\/strong>: Vynikaj\u00edc\u00ed v\u00fdkon v prost\u0159ed\u00ed s fluorem a chlorem<\/li>\n<li data-section-id=\"1rcxb8u\" data-start=\"1742\" data-end=\"1821\"><strong data-start=\"1744\" data-end=\"1771\">Velmi dlouh\u00e1 \u017eivotnost<\/strong>: Obvykle 3-10\u00d7 del\u0161\u00ed ne\u017e k\u0159em\u00edkov\u00e9 elektrody<\/li>\n<li data-section-id=\"pe85cr\" data-start=\"1822\" data-end=\"1900\"><strong data-start=\"1824\" data-end=\"1851\">N\u00edzk\u00e1 tvorba \u010d\u00e1stic<\/strong>: Zlep\u0161uje v\u00fdt\u011b\u017enost a sni\u017euje riziko kontaminace<\/li>\n<li data-section-id=\"1eryen9\" data-start=\"1901\" data-end=\"1983\"><strong data-start=\"1903\" data-end=\"1932\">Vysok\u00e1 tepeln\u00e1 vodivost<\/strong>: Zlep\u0161uje odvod tepla a stabilitu procesu<\/li>\n<li data-section-id=\"12bf6b0\" data-start=\"1984\" data-end=\"2071\"><strong data-start=\"1986\" data-end=\"2018\">Stabiln\u00ed elektrick\u00e9 vlastnosti<\/strong>: Udr\u017euje st\u00e1l\u00fd odpor po dlouh\u00e9 cykly<\/li>\n<li data-section-id=\"183ojww\" data-start=\"2072\" data-end=\"2161\"><strong data-start=\"2074\" data-end=\"2097\">P\u0159esn\u00e9 obr\u00e1b\u011bn\u00ed<\/strong>: T\u011bsn\u00e1 tolerance (&lt;10 \u03bcm) pro integraci na \u00farovni polovodi\u010d\u016f<\/li>\n<li data-section-id=\"1116895\" data-start=\"2162\" data-end=\"2244\"><strong data-start=\"2164\" data-end=\"2198\">Vlastn\u00ed n\u00e1vrh rozvodu plynu<\/strong>: Optimalizovan\u00e9 vzory otvor\u016f pro rovnom\u011brnou plazmu<\/li>\n<\/ul>\n<hr data-start=\"2246\" data-end=\"2249\" \/>\n<h2 data-section-id=\"1vgwxle\" data-start=\"2251\" data-end=\"2283\">Technick\u00e9 specifikace<\/h2>\n<div class=\"TyagGW_tableContainer\">\n<div class=\"group TyagGW_tableWrapper flex flex-col-reverse w-fit\" tabindex=\"-1\">\n<table class=\"w-fit min-w-(--thread-content-width)\" data-start=\"2285\" data-end=\"3017\">\n<thead data-start=\"2285\" data-end=\"2314\">\n<tr data-start=\"2285\" data-end=\"2314\">\n<th class=\"\" data-start=\"2285\" data-end=\"2297\" data-col-size=\"sm\">Parametr<\/th>\n<th class=\"\" data-start=\"2297\" data-end=\"2314\" data-col-size=\"sm\">Specifikace<\/th>\n<\/tr>\n<\/thead>\n<tbody data-start=\"2342\" data-end=\"3017\">\n<tr data-start=\"2342\" data-end=\"2382\">\n<td data-start=\"2342\" data-end=\"2353\" data-col-size=\"sm\">Materi\u00e1l<\/td>\n<td data-col-size=\"sm\" data-start=\"2353\" data-end=\"2382\">CVD karbid k\u0159em\u00edku (SiC)<\/td>\n<\/tr>\n<tr data-start=\"2383\" data-end=\"2403\">\n<td data-start=\"2383\" data-end=\"2392\" data-col-size=\"sm\">Purity<\/td>\n<td data-col-size=\"sm\" data-start=\"2392\" data-end=\"2403\">\u2265 99.9%<\/td>\n<\/tr>\n<tr data-start=\"2404\" data-end=\"2429\">\n<td data-start=\"2404\" data-end=\"2414\" data-col-size=\"sm\">Hustota<\/td>\n<td data-col-size=\"sm\" data-start=\"2414\" data-end=\"2429\">\u2265 3,1 g\/cm\u00b3<\/td>\n<\/tr>\n<tr data-start=\"2430\" data-end=\"2463\">\n<td data-start=\"2430\" data-end=\"2447\" data-col-size=\"sm\">Pr\u016fm\u011br (max.)<\/td>\n<td data-col-size=\"sm\" data-start=\"2447\" data-end=\"2463\">A\u017e 330 mm<\/td>\n<\/tr>\n<tr data-start=\"2464\" data-end=\"2506\">\n<td data-start=\"2464\" data-end=\"2476\" data-col-size=\"sm\">Tlou\u0161\u0165ka<\/td>\n<td data-col-size=\"sm\" data-start=\"2476\" data-end=\"2506\">Vlastn\u00ed (obvykle 5-50 mm)<\/td>\n<\/tr>\n<tr data-start=\"2507\" data-end=\"2542\">\n<td data-start=\"2507\" data-end=\"2527\" data-col-size=\"sm\">Odpor (n\u00edzk\u00fd)<\/td>\n<td data-start=\"2527\" data-end=\"2542\" data-col-size=\"sm\">&lt; 0,02 \u03a9-cm<\/td>\n<\/tr>\n<tr data-start=\"2543\" data-end=\"2583\">\n<td data-start=\"2543\" data-end=\"2566\" data-col-size=\"sm\">Odolnost (st\u0159edn\u00ed)<\/td>\n<td data-start=\"2566\" data-end=\"2583\" data-col-size=\"sm\">0,2 - 25 \u03a9-cm<\/td>\n<\/tr>\n<tr data-start=\"2584\" data-end=\"2619\">\n<td data-start=\"2584\" data-end=\"2605\" data-col-size=\"sm\">Odolnost (vysok\u00e1)<\/td>\n<td data-start=\"2605\" data-end=\"2619\" data-col-size=\"sm\">&gt; 100 \u03a9-cm<\/td>\n<\/tr>\n<tr data-start=\"2620\" data-end=\"2659\">\n<td data-start=\"2620\" data-end=\"2651\" data-col-size=\"sm\">Rovnom\u011brnost odporu (RRG)<\/td>\n<td data-start=\"2651\" data-end=\"2659\" data-col-size=\"sm\">&lt; 5%<\/td>\n<\/tr>\n<tr data-start=\"2660\" data-end=\"2711\">\n<td data-start=\"2660\" data-end=\"2680\" data-col-size=\"sm\">Pr\u016fm\u011br otvoru pro plyn<\/td>\n<td data-start=\"2680\" data-end=\"2711\" data-col-size=\"sm\">0,2 - 0,8 mm (lze p\u0159izp\u016fsobit)<\/td>\n<\/tr>\n<tr data-start=\"2712\" data-end=\"2762\">\n<td data-start=\"2712\" data-end=\"2732\" data-col-size=\"sm\">Stav povrchu<\/td>\n<td data-start=\"2732\" data-end=\"2762\" data-col-size=\"sm\">Brou\u0161en\u00e9 (voliteln\u011b le\u0161t\u011bn\u00e9)<\/td>\n<\/tr>\n<tr data-start=\"2763\" data-end=\"2800\">\n<td data-start=\"2763\" data-end=\"2788\" data-col-size=\"sm\">Drsnost povrchu (Ra)<\/td>\n<td data-start=\"2788\" data-end=\"2800\" data-col-size=\"sm\">\u2264 1,6 \u03bcm<\/td>\n<\/tr>\n<tr data-start=\"2801\" data-end=\"2834\">\n<td data-start=\"2801\" data-end=\"2823\" data-col-size=\"sm\">P\u0159esnost obr\u00e1b\u011bn\u00ed<\/td>\n<td data-start=\"2823\" data-end=\"2834\" data-col-size=\"sm\">&lt; 10 \u03bcm<\/td>\n<\/tr>\n<tr data-start=\"2835\" data-end=\"2877\">\n<td data-start=\"2835\" data-end=\"2858\" data-col-size=\"sm\">Tepeln\u00e1 vodivost<\/td>\n<td data-start=\"2858\" data-end=\"2877\" data-col-size=\"sm\">120 - 200 W\/m-K<\/td>\n<\/tr>\n<tr data-start=\"2878\" data-end=\"2902\">\n<td data-start=\"2878\" data-end=\"2889\" data-col-size=\"sm\">Tvrdost<\/td>\n<td data-start=\"2889\" data-end=\"2902\" data-col-size=\"sm\">~9,2 Mohsovy stupnice<\/td>\n<\/tr>\n<tr data-start=\"2903\" data-end=\"2963\">\n<td data-start=\"2903\" data-end=\"2931\" data-col-size=\"sm\">Maxim\u00e1ln\u00ed provozn\u00ed teplota<\/td>\n<td data-start=\"2931\" data-end=\"2963\" data-col-size=\"sm\">&gt; 1000 \u00b0C (v z\u00e1vislosti na procesu)<\/td>\n<\/tr>\n<tr data-start=\"2964\" data-end=\"3017\">\n<td data-start=\"2964\" data-end=\"2982\" data-col-size=\"sm\">Kontrola kvality<\/td>\n<td data-start=\"2982\" data-end=\"3017\" data-col-size=\"sm\">\u017d\u00e1dn\u00e9 praskliny, t\u0159\u00edsky, zne\u010di\u0161t\u011bn\u00ed<\/td>\n<\/tr>\n<\/tbody>\n<\/table>\n<\/div>\n<\/div>\n<hr data-start=\"3019\" data-end=\"3022\" \/>\n<h2 data-section-id=\"1gggyhy\" data-start=\"3024\" data-end=\"3044\">Aplikace<\/h2>\n<p>&nbsp;<\/p>\n<p data-start=\"3045\" data-end=\"3157\">Elektrody SiC jsou \u0161iroce pou\u017e\u00edv\u00e1ny v prost\u0159ed\u00ed zpracov\u00e1n\u00ed polovodi\u010d\u016f, kde je vy\u017eadov\u00e1na vysok\u00e1 odolnost a stabilita:<\/p>\n<ul data-start=\"3159\" data-end=\"3352\">\n<li data-section-id=\"qzqq98\" data-start=\"3159\" data-end=\"3197\">Plazmov\u00e9 leptac\u00ed syst\u00e9my (ICP \/ RIE)\n<p style=\"font-size: 16px; font-style: normal; font-weight: 400;\"><img decoding=\"async\" class=\"size-medium wp-image-2405 alignright\" src=\"https:\/\/www.zmsh-semitech.com\/wp-content\/uploads\/2026\/04\/KYQhvr8H6fiJzv0Gyv0QBbnTGAn0D-jgL0afJ2QhVSsVzaDSfEEx4D1Qc9Qg9IxXDOCUhnYHl82TwzfZ-OQMZzQa5u3KF6R1mE3QPYDfCW4ltwvgZ5uecKGM7VBlj-f5ppfWrANQSR4kHdIoBW-vOxmtu56kJnlmCndnFjtFqasApRq1EpNs3nKzmFQFM9WF-300x225.jpg\" alt=\"\" width=\"300\" height=\"225\" srcset=\"https:\/\/www.zmsh-semitech.com\/wp-content\/uploads\/2026\/04\/KYQhvr8H6fiJzv0Gyv0QBbnTGAn0D-jgL0afJ2QhVSsVzaDSfEEx4D1Qc9Qg9IxXDOCUhnYHl82TwzfZ-OQMZzQa5u3KF6R1mE3QPYDfCW4ltwvgZ5uecKGM7VBlj-f5ppfWrANQSR4kHdIoBW-vOxmtu56kJnlmCndnFjtFqasApRq1EpNs3nKzmFQFM9WF-300x225.jpg 300w, https:\/\/www.zmsh-semitech.com\/wp-content\/uploads\/2026\/04\/KYQhvr8H6fiJzv0Gyv0QBbnTGAn0D-jgL0afJ2QhVSsVzaDSfEEx4D1Qc9Qg9IxXDOCUhnYHl82TwzfZ-OQMZzQa5u3KF6R1mE3QPYDfCW4ltwvgZ5uecKGM7VBlj-f5ppfWrANQSR4kHdIoBW-vOxmtu56kJnlmCndnFjtFqasApRq1EpNs3nKzmFQFM9WF-16x12.jpg 16w, https:\/\/www.zmsh-semitech.com\/wp-content\/uploads\/2026\/04\/KYQhvr8H6fiJzv0Gyv0QBbnTGAn0D-jgL0afJ2QhVSsVzaDSfEEx4D1Qc9Qg9IxXDOCUhnYHl82TwzfZ-OQMZzQa5u3KF6R1mE3QPYDfCW4ltwvgZ5uecKGM7VBlj-f5ppfWrANQSR4kHdIoBW-vOxmtu56kJnlmCndnFjtFqasApRq1EpNs3nKzmFQFM9WF.jpg 600w\" sizes=\"(max-width: 300px) 100vw, 300px\" \/><\/p>\n<\/li>\n<li data-section-id=\"x5dp28\" data-start=\"3198\" data-end=\"3234\">Za\u0159\u00edzen\u00ed pro nan\u00e1\u0161en\u00ed CVD \/ PECVD<\/li>\n<li data-section-id=\"i266u8\" data-start=\"3235\" data-end=\"3264\">Vysoce v\u00fdkonn\u00e9 plazmov\u00e9 syst\u00e9my<\/li>\n<li data-section-id=\"12l2f4p\" data-start=\"3265\" data-end=\"3305\">Procesy modifikace povrchu desti\u010dek<\/li>\n<li data-section-id=\"1aetczy\" data-start=\"3306\" data-end=\"3352\">Pokro\u010dil\u00e9 v\u00fdrobn\u00ed uzly polovodi\u010d\u016f<\/li>\n<\/ul>\n<p data-start=\"3354\" data-end=\"3517\">Jsou vhodn\u00e9 zejm\u00e9na pro <strong data-start=\"3389\" data-end=\"3443\">drsn\u00e9 plazmov\u00e9 podm\u00ednky a dlouh\u00e9 v\u00fdrobn\u00ed cykly.<\/strong>, kde b\u011b\u017en\u00e9 k\u0159em\u00edkov\u00e9 elektrody nemohou splnit po\u017eadavky na \u017eivotnost.<\/p>\n<hr data-start=\"3519\" data-end=\"3522\" \/>\n<h2 data-section-id=\"ey806o\" data-start=\"3524\" data-end=\"3566\">V\u00fdhody oproti k\u0159em\u00edkov\u00fdm elektrod\u00e1m<\/h2>\n<p data-start=\"3567\" data-end=\"3673\">Ve srovn\u00e1n\u00ed s tradi\u010dn\u00edmi k\u0159em\u00edkov\u00fdmi elektrodami poskytuj\u00ed SiC elektrody v\u00fdrazn\u00e9 zlep\u0161en\u00ed v\u00fdkonu:<\/p>\n<ul data-start=\"3675\" data-end=\"4062\">\n<li data-section-id=\"c0wgoq\" data-start=\"3675\" data-end=\"3754\"><strong data-start=\"3677\" data-end=\"3698\">Prodlou\u017een\u00e1 \u017eivotnost<\/strong>: 3-10kr\u00e1t del\u0161\u00ed doba v agresivn\u00edch plazmov\u00fdch podm\u00ednk\u00e1ch<\/li>\n<li data-section-id=\"vh54cx\" data-start=\"3755\" data-end=\"3832\"><strong data-start=\"3757\" data-end=\"3790\">Vynikaj\u00edc\u00ed odolnost proti korozi<\/strong>: Odol\u00e1v\u00e1 plyn\u016fm fluoru a chloru<\/li>\n<li data-section-id=\"1f80iwa\" data-start=\"3833\" data-end=\"3909\"><strong data-start=\"3835\" data-end=\"3867\">Ni\u017e\u0161\u00ed kontaminace \u010d\u00e1sticemi<\/strong>: Zvy\u0161uje v\u00fdt\u011b\u017enost a \u010distotu procesu<\/li>\n<li data-section-id=\"bvfjdw\" data-start=\"3910\" data-end=\"3989\"><strong data-start=\"3912\" data-end=\"3942\">Zlep\u0161en\u00e1 stabilita procesu<\/strong>: Zachov\u00e1v\u00e1 konzistentn\u00ed vlastnosti plazmy<\/li>\n<li data-section-id=\"wemy35\" data-start=\"3990\" data-end=\"4062\"><strong data-start=\"3992\" data-end=\"4020\">Sn\u00ed\u017een\u00ed n\u00e1klad\u016f na \u00fadr\u017ebu<\/strong>: M\u00e9n\u011b \u010dast\u00e1 v\u00fdm\u011bna a prostoje<\/li>\n<\/ul>\n<p data-start=\"4064\" data-end=\"4199\">P\u0159esto\u017ee jsou po\u010d\u00e1te\u010dn\u00ed n\u00e1klady vy\u0161\u0161\u00ed, nab\u00edzej\u00ed elektrody SiC ni\u017e\u0161\u00ed celkov\u00e9 n\u00e1klady na vlastnictv\u00ed (TCO) ve \u0161pi\u010dkov\u00fdch polovodi\u010dov\u00fdch aplikac\u00edch.<\/p>\n<p data-start=\"4064\" data-end=\"4199\"><img loading=\"lazy\" decoding=\"async\" class=\"wp-image-2383 size-large aligncenter\" src=\"https:\/\/www.zmsh-semitech.com\/wp-content\/uploads\/2026\/04\/\u5fae\u4fe1\u56fe\u7247_20260423181006_366_381-1024x486.png\" alt=\"\" width=\"1024\" height=\"486\" srcset=\"\" sizes=\"(max-width: 1024px) 100vw, 1024px\" data-srcset=\"\" \/><\/p>\n<hr data-start=\"4201\" data-end=\"4204\" \/>\n<h2 data-section-id=\"cpu4ih\" data-start=\"4206\" data-end=\"4217\">\u010cASTO KLADEN\u00c9 DOTAZY<\/h2>\n<p data-start=\"4219\" data-end=\"4384\"><strong data-start=\"4219\" data-end=\"4266\">Ot\u00e1zka 1: Je elektroda SiC spot\u0159ebn\u00ed d\u00edl?<\/strong><br data-start=\"4266\" data-end=\"4269\" \/>Ano, jedn\u00e1 se o kritick\u00fd polovodi\u010dov\u00fd spot\u0159ebn\u00ed materi\u00e1l, kter\u00fd m\u00e1 v\u0161ak ve srovn\u00e1n\u00ed s k\u0159em\u00edkov\u00fdmi elektrodami mnohem del\u0161\u00ed \u017eivotnost.<\/p>\n<p data-start=\"4386\" data-end=\"4570\"><strong data-start=\"4386\" data-end=\"4432\">Ot\u00e1zka 2: Pro\u010d si vybrat SiC m\u00edsto k\u0159em\u00edkov\u00e9 elektrody?<\/strong><br data-start=\"4432\" data-end=\"4435\" \/>SiC nab\u00edz\u00ed lep\u0161\u00ed odolnost proti plazmatu, del\u0161\u00ed \u017eivotnost a ni\u017e\u0161\u00ed tvorbu \u010d\u00e1stic, tak\u017ee je ide\u00e1ln\u00ed pro n\u00e1ro\u010dn\u00e9 prost\u0159ed\u00ed.<\/p>\n<p data-start=\"4572\" data-end=\"4739\"><strong data-start=\"4572\" data-end=\"4612\">Ot\u00e1zka 3: Lze elektrodu p\u0159izp\u016fsobit?<\/strong><br data-start=\"4612\" data-end=\"4615\" \/>Ano. Velikost, tlou\u0161\u0165ku, odpor, proveden\u00ed otvoru pro plyn a povrchovou \u00fapravu lze upravit podle va\u0161ich po\u017eadavk\u016f.<\/p>\n<p data-start=\"4741\" data-end=\"4878\"><strong data-start=\"4741\" data-end=\"4784\">Ot\u00e1zka 4: V jak\u00fdch odv\u011btv\u00edch se pou\u017e\u00edvaj\u00ed elektrody SiC?<\/strong><br data-start=\"4784\" data-end=\"4787\" \/>P\u0159edev\u0161\u00edm ve v\u00fdrob\u011b polovodi\u010d\u016f, zejm\u00e9na v plazmov\u00fdch leptac\u00edch a depozi\u010dn\u00edch syst\u00e9mech.<\/p>","protected":false},"excerpt":{"rendered":"<p>SiC elektroda (elektroda z karbidu k\u0159em\u00edku) je vysoce v\u00fdkonn\u00e1 sou\u010d\u00e1stka ur\u010den\u00e1 pro pokro\u010dil\u00e9 syst\u00e9my plazmov\u00e9ho zpracov\u00e1n\u00ed polovodi\u010d\u016f, v\u010detn\u011b za\u0159\u00edzen\u00ed pro lept\u00e1n\u00ed, nan\u00e1\u0161en\u00ed a povrchovou \u00fapravu. Ve srovn\u00e1n\u00ed s tradi\u010dn\u00edmi k\u0159em\u00edkov\u00fdmi elektrodami nab\u00edzej\u00ed elektrody SiC v\u00fdrazn\u011b vy\u0161\u0161\u00ed \u017eivotnost, vynikaj\u00edc\u00ed odolnost v\u016f\u010di plazmatu a del\u0161\u00ed provozn\u00ed \u017eivotnost v extr\u00e9mn\u00edch podm\u00ednk\u00e1ch zpracov\u00e1n\u00ed.Elektroda vyroben\u00e1 metodou chemick\u00e9ho napa\u0159ov\u00e1n\u00ed (CVD) karbidu k\u0159em\u00edku se vyzna\u010duje hustou strukturou s vysokou \u010distotou, vynikaj\u00edc\u00ed tepelnou vodivost\u00ed a chemickou stabilitou.<\/p>","protected":false},"featured_media":2414,"comment_status":"open","ping_status":"closed","template":"","meta":{"site-sidebar-layout":"default","site-content-layout":"","ast-site-content-layout":"default","site-content-style":"default","site-sidebar-style":"default","ast-global-header-display":"","ast-banner-title-visibility":"","ast-main-header-display":"","ast-hfb-above-header-display":"","ast-hfb-below-header-display":"","ast-hfb-mobile-header-display":"","site-post-title":"","ast-breadcrumbs-content":"","ast-featured-img":"","footer-sml-layout":"","ast-disable-related-posts":"","theme-transparent-header-meta":"default","adv-header-id-meta":"","stick-header-meta":"default","header-above-stick-meta":"","header-main-stick-meta":"","header-below-stick-meta":"","astra-migrate-meta-layouts":"set","ast-page-background-enabled":"default","ast-page-background-meta":{"desktop":{"background-color":"var(--ast-global-color-4)","background-image":"","background-repeat":"repeat","background-position":"center center","background-size":"auto","background-attachment":"scroll","background-type":"","background-media":"","overlay-type":"","overlay-color":"","overlay-opacity":"","overlay-gradient":""},"tablet":{"background-color":"","background-image":"","background-repeat":"repeat","background-position":"center center","background-size":"auto","background-attachment":"scroll","background-type":"","background-media":"","overlay-type":"","overlay-color":"","overlay-opacity":"","overlay-gradient":""},"mobile":{"background-color":"","background-image":"","background-repeat":"repeat","background-position":"center center","background-size":"auto","background-attachment":"scroll","background-type":"","background-media":"","overlay-type":"","overlay-color":"","overlay-opacity":"","overlay-gradient":""}},"ast-content-background-meta":{"desktop":{"background-color":"var(--ast-global-color-5)","background-image":"","background-repeat":"repeat","background-position":"center center","background-size":"auto","background-attachment":"scroll","background-type":"","background-media":"","overlay-type":"","overlay-color":"","overlay-opacity":"","overlay-gradient":""},"tablet":{"background-color":"var(--ast-global-color-5)","background-image":"","background-repeat":"repeat","background-position":"center center","background-size":"auto","background-attachment":"scroll","background-type":"","background-media":"","overlay-type":"","overlay-color":"","overlay-opacity":"","overlay-gradient":""},"mobile":{"background-color":"var(--ast-global-color-5)","background-image":"","background-repeat":"repeat","background-position":"center center","background-size":"auto","background-attachment":"scroll","background-type":"","background-media":"","overlay-type":"","overlay-color":"","overlay-opacity":"","overlay-gradient":""}}},"product_brand":[],"product_cat":[1212],"product_tag":[],"class_list":{"0":"post-2411","1":"product","2":"type-product","3":"status-publish","4":"has-post-thumbnail","6":"product_cat-semiconductor-consumables","7":"desktop-align-left","8":"tablet-align-left","9":"mobile-align-left","10":"ast-product-gallery-layout-horizontal-slider","11":"ast-product-tabs-layout-horizontal","13":"first","14":"instock","15":"shipping-taxable","16":"product-type-simple"},"_links":{"self":[{"href":"https:\/\/www.zmsh-semitech.com\/cs\/wp-json\/wp\/v2\/product\/2411","targetHints":{"allow":["GET"]}}],"collection":[{"href":"https:\/\/www.zmsh-semitech.com\/cs\/wp-json\/wp\/v2\/product"}],"about":[{"href":"https:\/\/www.zmsh-semitech.com\/cs\/wp-json\/wp\/v2\/types\/product"}],"replies":[{"embeddable":true,"href":"https:\/\/www.zmsh-semitech.com\/cs\/wp-json\/wp\/v2\/comments?post=2411"}],"version-history":[{"count":2,"href":"https:\/\/www.zmsh-semitech.com\/cs\/wp-json\/wp\/v2\/product\/2411\/revisions"}],"predecessor-version":[{"id":2416,"href":"https:\/\/www.zmsh-semitech.com\/cs\/wp-json\/wp\/v2\/product\/2411\/revisions\/2416"}],"wp:featuredmedia":[{"embeddable":true,"href":"https:\/\/www.zmsh-semitech.com\/cs\/wp-json\/wp\/v2\/media\/2414"}],"wp:attachment":[{"href":"https:\/\/www.zmsh-semitech.com\/cs\/wp-json\/wp\/v2\/media?parent=2411"}],"wp:term":[{"taxonomy":"product_brand","embeddable":true,"href":"https:\/\/www.zmsh-semitech.com\/cs\/wp-json\/wp\/v2\/product_brand?post=2411"},{"taxonomy":"product_cat","embeddable":true,"href":"https:\/\/www.zmsh-semitech.com\/cs\/wp-json\/wp\/v2\/product_cat?post=2411"},{"taxonomy":"product_tag","embeddable":true,"href":"https:\/\/www.zmsh-semitech.com\/cs\/wp-json\/wp\/v2\/product_tag?post=2411"}],"curies":[{"name":"wp","href":"https:\/\/api.w.org\/{rel}","templated":true}]}}