{"id":2360,"date":"2026-04-22T07:08:49","date_gmt":"2026-04-22T07:08:49","guid":{"rendered":"https:\/\/www.zmsh-semitech.com\/?post_type=product&#038;p=2360"},"modified":"2026-04-22T07:13:29","modified_gmt":"2026-04-22T07:13:29","slug":"ai350ht-medium-beam-high-temperature-ion-implantation-system-for-6-8-inch-sic-and-silicon-wafer-processing","status":"publish","type":"product","link":"https:\/\/www.zmsh-semitech.com\/cs\/product\/ai350ht-medium-beam-high-temperature-ion-implantation-system-for-6-8-inch-sic-and-silicon-wafer-processing\/","title":{"rendered":"Ai350HT St\u0159edn\u00ed paprsek vysokoteplotn\u00ed iontov\u00e9 implantace pro zpracov\u00e1n\u00ed 6\/8 palcov\u00fdch SiC a k\u0159em\u00edkov\u00fdch desti\u010dek"},"content":{"rendered":"<p data-start=\"193\" data-end=\"519\"><img fetchpriority=\"high\" decoding=\"async\" class=\"alignright wp-image-2361 size-medium\" src=\"https:\/\/www.zmsh-semitech.com\/wp-content\/uploads\/2026\/04\/AI350t-300x300.png\" alt=\"Ai350HT St\u0159edn\u00ed paprsek vysokoteplotn\u00ed iontov\u00e9 implantace pro zpracov\u00e1n\u00ed 6\/8 palcov\u00fdch SiC a k\u0159em\u00edkov\u00fdch desti\u010dek\" width=\"300\" height=\"300\" srcset=\"https:\/\/www.zmsh-semitech.com\/wp-content\/uploads\/2026\/04\/AI350t-300x300.png 300w, https:\/\/www.zmsh-semitech.com\/wp-content\/uploads\/2026\/04\/AI350t-150x150.png 150w, https:\/\/www.zmsh-semitech.com\/wp-content\/uploads\/2026\/04\/AI350t-768x768.png 768w, https:\/\/www.zmsh-semitech.com\/wp-content\/uploads\/2026\/04\/AI350t-12x12.png 12w, https:\/\/www.zmsh-semitech.com\/wp-content\/uploads\/2026\/04\/AI350t-600x600.png 600w, https:\/\/www.zmsh-semitech.com\/wp-content\/uploads\/2026\/04\/AI350t-100x100.png 100w, https:\/\/www.zmsh-semitech.com\/wp-content\/uploads\/2026\/04\/AI350t.png 1000w\" sizes=\"(max-width: 300px) 100vw, 300px\" \/>Vysokoteplotn\u00ed iontov\u00fd implanta\u010dn\u00ed syst\u00e9m Ai350HT (Medium Beam) je ur\u010den pro v\u00fdrobn\u00ed linky na 6palcov\u00e9 a 8palcov\u00e9 k\u0159em\u00edkov\u00e9 desti\u010dky a pro aplikace v procesu SiC. Jedn\u00e1 se o st\u0159edn\u011bproud\u00fd iontov\u00fd implant\u00e1tor vyvinut\u00fd pro vysokoenergetick\u00e9 a vysokoteplotn\u00ed procesy dopov\u00e1n\u00ed v pokro\u010dil\u00e9 v\u00fdrob\u011b polovodi\u010d\u016f.<\/p>\n<p data-start=\"521\" data-end=\"969\">Syst\u00e9m podporuje energetick\u00fd rozsah od 5 keV do 350 keV, co\u017e umo\u017e\u0148uje procesy m\u011blk\u00e9 i hlubok\u00e9 implantace. Je vybaven vysokoteplotn\u00edm elektrostatick\u00fdm skl\u00ed\u010didlem schopn\u00fdm pracovat a\u017e do 500 \u00b0C, co\u017e umo\u017e\u0148uje lep\u0161\u00ed aktivaci dopantu a sn\u00ed\u017een\u00ed po\u0161kozen\u00ed m\u0159\u00ed\u017eky b\u011bhem implantace. V kombinaci se stabiln\u00edm v\u00fdkonem paprsku a vysoce p\u0159esn\u00fdm \u0159\u00edzen\u00edm je syst\u00e9m vhodn\u00fd jak pro v\u00fdrobu polovodi\u010d\u016f na b\u00e1zi k\u0159em\u00edku, tak pro v\u00fdrobu polovodi\u010d\u016f se \u0161irok\u00fdm p\u00e1smem.<\/p>\n<hr data-start=\"971\" data-end=\"974\" \/>\n<h2 data-section-id=\"1d7mrtu\" data-start=\"976\" data-end=\"987\">Funkce<\/h2>\n<h3 data-section-id=\"1b6a5ze\" data-start=\"989\" data-end=\"1033\">Mo\u017enost implantace p\u0159i vysok\u00fdch teplot\u00e1ch<\/h3>\n<p data-start=\"1034\" data-end=\"1198\">Je vybaven vysokoteplotn\u00edm elektrostatick\u00fdm skl\u00ed\u010didlem s teplotou a\u017e 500 \u00b0C, kter\u00e9 umo\u017e\u0148uje lep\u0161\u00ed \u00fa\u010dinnost implantace a aktivaci dopant\u016f pro pokro\u010dil\u00e9 procesy.<\/p>\n<h3 data-section-id=\"ox5pwk\" data-start=\"1200\" data-end=\"1221\">\u0160irok\u00fd energetick\u00fd rozsah<\/h3>\n<p data-start=\"1222\" data-end=\"1355\">Energetick\u00fd rozsah 5-350 keV podporuje flexibiln\u00ed po\u017eadavky na implantaci od tvorby m\u011blk\u00fdch spoj\u016f a\u017e po hlubok\u00e9 implanta\u010dn\u00ed procesy.<\/p>\n<h3 data-section-id=\"1czdwpe\" data-start=\"1357\" data-end=\"1388\">Vysoce p\u0159esn\u00e9 \u0159\u00edzen\u00ed paprsku<\/h3>\n<p data-start=\"1389\" data-end=\"1529\">Poskytuje p\u0159esn\u00fd implanta\u010dn\u00ed v\u00fdkon s \u00fahlovou p\u0159esnost\u00ed \u2264 0,2\u00b0, rovnob\u011b\u017enost\u00ed paprsku \u2264 0,2\u00b0, rovnom\u011brnost\u00ed \u2264 0,5% a opakovatelnost\u00ed \u2264 0,5%.<\/p>\n<h3 data-section-id=\"173z83c\" data-start=\"1531\" data-end=\"1558\">Stabiln\u00ed v\u00fdkon paprsku<\/h3>\n<p data-start=\"1559\" data-end=\"1675\">Stabilita paprsku je kontrolov\u00e1na v rozmez\u00ed 10% za hodinu, co\u017e zaji\u0161\u0165uje st\u00e1lou kvalitu procesu b\u011bhem dlouh\u00fdch v\u00fdrobn\u00edch cykl\u016f.<\/p>\n<h3 data-section-id=\"199k9bm\" data-start=\"1677\" data-end=\"1701\">Zdroj iont\u016f s dlouhou \u017eivotnost\u00ed<\/h3>\n<p data-start=\"1702\" data-end=\"1825\">Je vybaven zdrojem kovov\u00fdch Al iont\u016f s \u017eivotnost\u00ed \u2265 150 hodin, co\u017e sni\u017euje \u010detnost \u00fadr\u017eby a zlep\u0161uje dobu provozuschopnosti.<\/p>\n<h3 data-section-id=\"8aw6q\" data-start=\"1827\" data-end=\"1857\">Vysok\u00e1 propustnost<\/h3>\n<p data-start=\"1858\" data-end=\"1955\">Podporuje v\u00fdkon \u2265 200 desti\u010dek za hodinu, co\u017e je vhodn\u00e9 pro prost\u0159ed\u00ed v\u00fdroby polovodi\u010d\u016f.<\/p>\n<h3 data-section-id=\"1alost9\" data-start=\"1957\" data-end=\"1991\">Pokro\u010dil\u00e1 kompatibilita proces\u016f<\/h3>\n<p data-start=\"1992\" data-end=\"2081\">Kompatibiln\u00ed s procesy SiC a b\u011b\u017enou v\u00fdrobou polovodi\u010d\u016f na b\u00e1zi k\u0159em\u00edku.<\/p>\n<p data-start=\"1992\" data-end=\"2081\"><img decoding=\"async\" class=\"alignnone size-medium wp-image-2365 alignleft\" src=\"https:\/\/www.zmsh-semitech.com\/wp-content\/uploads\/2026\/04\/Quadrant-Implantation-291x300.webp\" alt=\"\" width=\"291\" height=\"300\" srcset=\"https:\/\/www.zmsh-semitech.com\/wp-content\/uploads\/2026\/04\/Quadrant-Implantation-291x300.webp 291w, https:\/\/www.zmsh-semitech.com\/wp-content\/uploads\/2026\/04\/Quadrant-Implantation-12x12.webp 12w, https:\/\/www.zmsh-semitech.com\/wp-content\/uploads\/2026\/04\/Quadrant-Implantation.webp 499w\" sizes=\"(max-width: 291px) 100vw, 291px\" \/><img decoding=\"async\" class=\"alignnone size-medium wp-image-2364 alignleft\" src=\"https:\/\/www.zmsh-semitech.com\/wp-content\/uploads\/2026\/04\/Annular-Implantation-267x300.webp\" alt=\"\" width=\"267\" height=\"300\" srcset=\"https:\/\/www.zmsh-semitech.com\/wp-content\/uploads\/2026\/04\/Annular-Implantation-267x300.webp 267w, https:\/\/www.zmsh-semitech.com\/wp-content\/uploads\/2026\/04\/Annular-Implantation-11x12.webp 11w, https:\/\/www.zmsh-semitech.com\/wp-content\/uploads\/2026\/04\/Annular-Implantation.webp 462w\" sizes=\"(max-width: 267px) 100vw, 267px\" \/><\/p>\n<hr data-start=\"2083\" data-end=\"2086\" \/>\n<h2 data-section-id=\"rkota4\" data-start=\"2088\" data-end=\"2109\">Kl\u00ed\u010dov\u00e9 specifikace<\/h2>\n<h3 data-section-id=\"rc5knr\" data-start=\"2111\" data-end=\"2133\">Parametry procesu<\/h3>\n<div class=\"TyagGW_tableContainer\">\n<div class=\"group TyagGW_tableWrapper flex flex-col-reverse w-fit\" tabindex=\"-1\">\n<table class=\"w-fit min-w-(--thread-content-width)\" data-start=\"2135\" data-end=\"2322\">\n<thead data-start=\"2135\" data-end=\"2159\">\n<tr data-start=\"2135\" data-end=\"2159\">\n<th class=\"\" data-start=\"2135\" data-end=\"2142\" data-col-size=\"sm\">Polo\u017eka<\/th>\n<th class=\"\" data-start=\"2142\" data-end=\"2159\" data-col-size=\"sm\">Specifikace<\/th>\n<\/tr>\n<\/thead>\n<tbody data-start=\"2184\" data-end=\"2322\">\n<tr data-start=\"2184\" data-end=\"2209\">\n<td data-start=\"2184\" data-end=\"2197\" data-col-size=\"sm\">Velikost oplatky<\/td>\n<td data-col-size=\"sm\" data-start=\"2197\" data-end=\"2209\">6-8 palc\u016f<\/td>\n<\/tr>\n<tr data-start=\"2210\" data-end=\"2238\">\n<td data-start=\"2210\" data-end=\"2225\" data-col-size=\"sm\">Energetick\u00fd rozsah<\/td>\n<td data-col-size=\"sm\" data-start=\"2225\" data-end=\"2238\">5-350 keV<\/td>\n<\/tr>\n<tr data-start=\"2239\" data-end=\"2286\">\n<td data-start=\"2239\" data-end=\"2260\" data-col-size=\"sm\">Implantovan\u00e9 prvky<\/td>\n<td data-col-size=\"sm\" data-start=\"2260\" data-end=\"2286\">C, Al, B, P, N, He, Ar<\/td>\n<\/tr>\n<tr data-start=\"2287\" data-end=\"2322\">\n<td data-start=\"2287\" data-end=\"2300\" data-col-size=\"sm\">Rozsah d\u00e1vek<\/td>\n<td data-start=\"2300\" data-end=\"2322\" data-col-size=\"sm\">1E11-1E17 iont\u016f\/cm\u00b2<\/td>\n<\/tr>\n<\/tbody>\n<\/table>\n<\/div>\n<\/div>\n<h3 data-section-id=\"h0mtjp\" data-start=\"2329\" data-end=\"2349\">V\u00fdkonnost paprsku<\/h3>\n<div class=\"TyagGW_tableContainer\">\n<div class=\"group TyagGW_tableWrapper flex flex-col-reverse w-fit\" tabindex=\"-1\">\n<table class=\"w-fit min-w-(--thread-content-width)\" data-start=\"2351\" data-end=\"2505\">\n<thead data-start=\"2351\" data-end=\"2375\">\n<tr data-start=\"2351\" data-end=\"2375\">\n<th class=\"\" data-start=\"2351\" data-end=\"2358\" data-col-size=\"sm\">Polo\u017eka<\/th>\n<th class=\"\" data-start=\"2358\" data-end=\"2375\" data-col-size=\"md\">Specifikace<\/th>\n<\/tr>\n<\/thead>\n<tbody data-start=\"2400\" data-end=\"2505\">\n<tr data-start=\"2400\" data-end=\"2475\">\n<td data-start=\"2400\" data-end=\"2417\" data-col-size=\"sm\">Stabilita nosn\u00edku<\/td>\n<td data-col-size=\"md\" data-start=\"2417\" data-end=\"2475\">\u2264 10% \/ hodinu (\u22641 p\u0159eru\u0161en\u00ed paprsku nebo oblouk za hodinu)<\/td>\n<\/tr>\n<tr data-start=\"2476\" data-end=\"2505\">\n<td data-start=\"2476\" data-end=\"2495\" data-col-size=\"sm\">Rovnob\u011b\u017enost paprsk\u016f<\/td>\n<td data-col-size=\"md\" data-start=\"2495\" data-end=\"2505\">\u2264 0.2\u00b0<\/td>\n<\/tr>\n<\/tbody>\n<\/table>\n<\/div>\n<\/div>\n<h3 data-section-id=\"ieoahx\" data-start=\"2512\" data-end=\"2537\">P\u0159esnost implantace<\/h3>\n<div class=\"TyagGW_tableContainer\">\n<div class=\"group TyagGW_tableWrapper flex flex-col-reverse w-fit\" tabindex=\"-1\">\n<table class=\"w-fit min-w-(--thread-content-width)\" data-start=\"2539\" data-end=\"2729\">\n<thead data-start=\"2539\" data-end=\"2563\">\n<tr data-start=\"2539\" data-end=\"2563\">\n<th class=\"\" data-start=\"2539\" data-end=\"2546\" data-col-size=\"sm\">Polo\u017eka<\/th>\n<th class=\"\" data-start=\"2546\" data-end=\"2563\" data-col-size=\"sm\">Specifikace<\/th>\n<\/tr>\n<\/thead>\n<tbody data-start=\"2588\" data-end=\"2729\">\n<tr data-start=\"2588\" data-end=\"2620\">\n<td data-start=\"2588\" data-end=\"2610\" data-col-size=\"sm\">Rozsah \u00fahlu implant\u00e1tu<\/td>\n<td data-col-size=\"sm\" data-start=\"2610\" data-end=\"2620\">0\u00b0-45\u00b0<\/td>\n<\/tr>\n<tr data-start=\"2621\" data-end=\"2648\">\n<td data-start=\"2621\" data-end=\"2638\" data-col-size=\"sm\">\u00dahlov\u00e1 p\u0159esnost<\/td>\n<td data-col-size=\"sm\" data-start=\"2638\" data-end=\"2648\">\u2264 0.2\u00b0<\/td>\n<\/tr>\n<tr data-start=\"2649\" data-end=\"2697\">\n<td data-start=\"2649\" data-end=\"2667\" data-col-size=\"sm\">Rovnom\u011brnost (1\u03c3)<\/td>\n<td data-col-size=\"sm\" data-start=\"2667\" data-end=\"2697\">\u2264 0,5% (P+, 1E14, 100 keV)<\/td>\n<\/tr>\n<tr data-start=\"2698\" data-end=\"2729\">\n<td data-start=\"2698\" data-end=\"2719\" data-col-size=\"sm\">Opakovatelnost (1\u03c3)<\/td>\n<td data-col-size=\"sm\" data-start=\"2719\" data-end=\"2729\">\u2264 0,5%<\/td>\n<\/tr>\n<\/tbody>\n<\/table>\n<\/div>\n<\/div>\n<h3 data-section-id=\"1i84h7f\" data-start=\"2736\" data-end=\"2758\">V\u00fdkon syst\u00e9mu<\/h3>\n<div class=\"TyagGW_tableContainer\">\n<div class=\"group TyagGW_tableWrapper flex flex-col-reverse w-fit\" tabindex=\"-1\">\n<table class=\"w-fit min-w-(--thread-content-width)\" data-start=\"2760\" data-end=\"3074\">\n<thead data-start=\"2760\" data-end=\"2784\">\n<tr data-start=\"2760\" data-end=\"2784\">\n<th class=\"\" data-start=\"2760\" data-end=\"2767\" data-col-size=\"sm\">Polo\u017eka<\/th>\n<th class=\"\" data-start=\"2767\" data-end=\"2784\" data-col-size=\"md\">Specifikace<\/th>\n<\/tr>\n<\/thead>\n<tbody data-start=\"2809\" data-end=\"3074\">\n<tr data-start=\"2809\" data-end=\"2847\">\n<td data-start=\"2809\" data-end=\"2822\" data-col-size=\"sm\">Propustnost<\/td>\n<td data-col-size=\"md\" data-start=\"2822\" data-end=\"2847\">\u2265 200 desti\u010dek za hodinu<\/td>\n<\/tr>\n<tr data-start=\"2848\" data-end=\"2885\">\n<td data-start=\"2848\" data-end=\"2876\" data-col-size=\"sm\">Maxim\u00e1ln\u00ed teplota skl\u00ed\u010didla<\/td>\n<td data-col-size=\"md\" data-start=\"2876\" data-end=\"2885\">500\u00b0C<\/td>\n<\/tr>\n<tr data-start=\"2886\" data-end=\"2928\">\n<td data-start=\"2886\" data-end=\"2903\" data-col-size=\"sm\">Velikost za\u0159\u00edzen\u00ed<\/td>\n<td data-col-size=\"md\" data-start=\"2903\" data-end=\"2928\">6270 \u00d7 3500 \u00d7 3000 mm<\/td>\n<\/tr>\n<tr data-start=\"2929\" data-end=\"2957\">\n<td data-start=\"2929\" data-end=\"2944\" data-col-size=\"sm\">\u00darove\u0148 vakua<\/td>\n<td data-col-size=\"md\" data-start=\"2944\" data-end=\"2957\">5E-7 Torr<\/td>\n<\/tr>\n<tr data-start=\"2958\" data-end=\"2989\">\n<td data-start=\"2958\" data-end=\"2974\" data-col-size=\"sm\">\u00danik rentgenov\u00e9ho z\u00e1\u0159en\u00ed<\/td>\n<td data-col-size=\"md\" data-start=\"2974\" data-end=\"2989\">\u2264 0,3 \u03bcSv\/h<\/td>\n<\/tr>\n<tr data-start=\"2990\" data-end=\"3074\">\n<td data-start=\"2990\" data-end=\"3006\" data-col-size=\"sm\">Re\u017eim skenov\u00e1n\u00ed<\/td>\n<td data-col-size=\"md\" data-start=\"3006\" data-end=\"3074\">Horizont\u00e1ln\u00ed elektrostatick\u00e9 skenov\u00e1n\u00ed + vertik\u00e1ln\u00ed mechanick\u00e9 skenov\u00e1n\u00ed<\/td>\n<\/tr>\n<\/tbody>\n<\/table>\n<\/div>\n<\/div>\n<hr data-start=\"3076\" data-end=\"3079\" \/>\n<h2 data-section-id=\"1nd7jny\" data-start=\"3081\" data-end=\"3102\">Aplika\u010dn\u00ed pole<\/h2>\n<h3 data-section-id=\"gije38\" data-start=\"3104\" data-end=\"3141\">V\u00fdroba polovodi\u010d\u016f SiC<\/h3>\n<p data-start=\"3142\" data-end=\"3239\">Pou\u017e\u00edv\u00e1 se p\u0159i v\u00fdrob\u011b za\u0159\u00edzen\u00ed z karbidu k\u0159em\u00edku vy\u017eaduj\u00edc\u00edch vysokoteplotn\u00ed procesy iontov\u00e9 implantace.<\/p>\n<h3 data-section-id=\"k65407\" data-start=\"3241\" data-end=\"3285\">Zpracov\u00e1n\u00ed polovodi\u010d\u016f na b\u00e1zi k\u0159em\u00edku<\/h3>\n<p data-start=\"3286\" data-end=\"3370\">Pou\u017eiteln\u00e9 pro v\u00fdrobu CMOS a integrovan\u00fdch obvod\u016f na 6palcov\u00fdch a 8palcov\u00fdch desti\u010dk\u00e1ch.<\/p>\n<h3 data-section-id=\"rry3qf\" data-start=\"3372\" data-end=\"3417\">Vysokoteplotn\u00ed implanta\u010dn\u00ed procesy<\/h3>\n<p data-start=\"3418\" data-end=\"3527\">Vhodn\u00e9 pro procesy vy\u017eaduj\u00edc\u00ed zv\u00fd\u0161enou teplotu pro sn\u00ed\u017een\u00ed po\u0161kozen\u00ed krystal\u016f a lep\u0161\u00ed aktivaci dopantu.<\/p>\n<h3 data-section-id=\"454qrl\" data-start=\"3529\" data-end=\"3559\">V\u00fdroba nap\u00e1jec\u00edch za\u0159\u00edzen\u00ed<\/h3>\n<p data-start=\"3560\" data-end=\"3650\">Pou\u017e\u00edv\u00e1 se ve v\u00fdkonov\u00fdch polovodi\u010dov\u00fdch za\u0159\u00edzen\u00edch vy\u017eaduj\u00edc\u00edch hlubokou implantaci a vysokoenergetick\u00e9 procesy.<\/p>\n<h3 data-section-id=\"amjxl6\" data-start=\"3652\" data-end=\"3687\">Pokro\u010dil\u00e9 materi\u00e1lov\u00e9 in\u017een\u00fdrstv\u00ed<\/h3>\n<p data-start=\"3688\" data-end=\"3787\">Podporuje iontovou implantaci v prost\u0159ed\u00ed v\u00fdvoje pokro\u010dil\u00fdch polovodi\u010dov\u00fdch materi\u00e1l\u016f a proces\u016f.<\/p>\n<hr data-start=\"3789\" data-end=\"3792\" \/>\n<h2 data-section-id=\"1r8frcv\" data-start=\"3794\" data-end=\"3823\">\u010casto kladen\u00e9 ot\u00e1zky<\/h2>\n<h3 data-section-id=\"v0ng97\" data-start=\"3825\" data-end=\"3875\">1. Jak\u00e9 velikosti desti\u010dek podporuje Ai350HT<\/h3>\n<p data-start=\"3876\" data-end=\"4002\">Syst\u00e9m podporuje 6palcov\u00e9 a 8palcov\u00e9 desti\u010dky a je vhodn\u00fd pro v\u00fdrobn\u00ed linky na b\u00e1zi k\u0159em\u00edku i SiC polovodi\u010d\u016f.<\/p>\n<h3 data-section-id=\"1fcyssk\" data-start=\"4004\" data-end=\"4074\">2. Jak\u00e1 je maxim\u00e1ln\u00ed teplota podporovan\u00e1 b\u011bhem implantace<\/h3>\n<p data-start=\"4075\" data-end=\"4197\">Syst\u00e9m podporuje vysokoteplotn\u00ed implantaci a\u017e do 500 \u00b0C pomoc\u00ed vyh\u0159\u00edvan\u00e9ho elektrostatick\u00e9ho skl\u00ed\u010didla s mechanick\u00fdm up\u00edn\u00e1n\u00edm.<\/p>\n<h3 data-section-id=\"1pcs3bs\" data-start=\"4199\" data-end=\"4269\">3. Jak\u00e9 jsou hlavn\u00ed v\u00fdhody tohoto syst\u00e9mu pro procesy SiC?<\/h3>\n<p data-start=\"4270\" data-end=\"4445\">Syst\u00e9m kombinuje schopnost pracovat p\u0159i vysok\u00fdch teplot\u00e1ch, stabiln\u00ed v\u00fdkon paprsku a kompatibilitu s procesy SiC, tak\u017ee je vhodn\u00fd pro polovodi\u010dov\u00e9 aplikace se \u0161irok\u00fdm p\u00e1smem.<\/p>","protected":false},"excerpt":{"rendered":"<p>Vysokoteplotn\u00ed iontov\u00fd implanta\u010dn\u00ed syst\u00e9m Ai350HT (Medium Beam) je ur\u010den pro v\u00fdrobn\u00ed linky na 6palcov\u00e9 a 8palcov\u00e9 k\u0159em\u00edkov\u00e9 desti\u010dky a pro aplikace v procesu SiC. Jedn\u00e1 se o st\u0159edn\u011bproud\u00fd iontov\u00fd implant\u00e1tor vyvinut\u00fd pro vysokoenergetick\u00e9 a vysokoteplotn\u00ed procesy dopov\u00e1n\u00ed v pokro\u010dil\u00e9 v\u00fdrob\u011b polovodi\u010d\u016f.<\/p>","protected":false},"featured_media":2361,"comment_status":"open","ping_status":"closed","template":"","meta":{"site-sidebar-layout":"default","site-content-layout":"","ast-site-content-layout":"default","site-content-style":"default","site-sidebar-style":"default","ast-global-header-display":"","ast-banner-title-visibility":"","ast-main-header-display":"","ast-hfb-above-header-display":"","ast-hfb-below-header-display":"","ast-hfb-mobile-header-display":"","site-post-title":"","ast-breadcrumbs-content":"","ast-featured-img":"","footer-sml-layout":"","ast-disable-related-posts":"","theme-transparent-header-meta":"default","adv-header-id-meta":"","stick-header-meta":"default","header-above-stick-meta":"","header-main-stick-meta":"","header-below-stick-meta":"","astra-migrate-meta-layouts":"set","ast-page-background-enabled":"default","ast-page-background-meta":{"desktop":{"background-color":"var(--ast-global-color-4)","background-image":"","background-repeat":"repeat","background-position":"center center","background-size":"auto","background-attachment":"scroll","background-type":"","background-media":"","overlay-type":"","overlay-color":"","overlay-opacity":"","overlay-gradient":""},"tablet":{"background-color":"","background-image":"","background-repeat":"repeat","background-position":"center center","background-size":"auto","background-attachment":"scroll","background-type":"","background-media":"","overlay-type":"","overlay-color":"","overlay-opacity":"","overlay-gradient":""},"mobile":{"background-color":"","background-image":"","background-repeat":"repeat","background-position":"center center","background-size":"auto","background-attachment":"scroll","background-type":"","background-media":"","overlay-type":"","overlay-color":"","overlay-opacity":"","overlay-gradient":""}},"ast-content-background-meta":{"desktop":{"background-color":"var(--ast-global-color-5)","background-image":"","background-repeat":"repeat","background-position":"center center","background-size":"auto","background-attachment":"scroll","background-type":"","background-media":"","overlay-type":"","overlay-color":"","overlay-opacity":"","overlay-gradient":""},"tablet":{"background-color":"var(--ast-global-color-5)","background-image":"","background-repeat":"repeat","background-position":"center center","background-size":"auto","background-attachment":"scroll","background-type":"","background-media":"","overlay-type":"","overlay-color":"","overlay-opacity":"","overlay-gradient":""},"mobile":{"background-color":"var(--ast-global-color-5)","background-image":"","background-repeat":"repeat","background-position":"center center","background-size":"auto","background-attachment":"scroll","background-type":"","background-media":"","overlay-type":"","overlay-color":"","overlay-opacity":"","overlay-gradient":""}}},"product_brand":[],"product_cat":[1177],"product_tag":[1189,1190,1194,1178,1181,1186,1199,1196,1195,1198],"class_list":{"0":"post-2360","1":"product","2":"type-product","3":"status-publish","4":"has-post-thumbnail","6":"product_cat-ion-implantation-equipment","7":"product_tag-6-inch-wafer-equipment","8":"product_tag-8-inch-wafer-processing","9":"product_tag-high-temperature-ion-implantation","10":"product_tag-ion-implantation-system","11":"product_tag-lsi-manufacturing-equipment","12":"product_tag-medium-beam-ion-implanter","13":"product_tag-power-device-fabrication-equipment","14":"product_tag-semiconductor-doping-machine","15":"product_tag-sic-implantation-equipment","16":"product_tag-wide-bandgap-semiconductor-equipment","17":"desktop-align-left","18":"tablet-align-left","19":"mobile-align-left","20":"ast-product-gallery-layout-horizontal-slider","21":"ast-product-gallery-with-no-image","22":"ast-product-tabs-layout-horizontal","24":"first","25":"instock","26":"shipping-taxable","27":"product-type-simple"},"_links":{"self":[{"href":"https:\/\/www.zmsh-semitech.com\/cs\/wp-json\/wp\/v2\/product\/2360","targetHints":{"allow":["GET"]}}],"collection":[{"href":"https:\/\/www.zmsh-semitech.com\/cs\/wp-json\/wp\/v2\/product"}],"about":[{"href":"https:\/\/www.zmsh-semitech.com\/cs\/wp-json\/wp\/v2\/types\/product"}],"replies":[{"embeddable":true,"href":"https:\/\/www.zmsh-semitech.com\/cs\/wp-json\/wp\/v2\/comments?post=2360"}],"version-history":[{"count":4,"href":"https:\/\/www.zmsh-semitech.com\/cs\/wp-json\/wp\/v2\/product\/2360\/revisions"}],"predecessor-version":[{"id":2367,"href":"https:\/\/www.zmsh-semitech.com\/cs\/wp-json\/wp\/v2\/product\/2360\/revisions\/2367"}],"wp:featuredmedia":[{"embeddable":true,"href":"https:\/\/www.zmsh-semitech.com\/cs\/wp-json\/wp\/v2\/media\/2361"}],"wp:attachment":[{"href":"https:\/\/www.zmsh-semitech.com\/cs\/wp-json\/wp\/v2\/media?parent=2360"}],"wp:term":[{"taxonomy":"product_brand","embeddable":true,"href":"https:\/\/www.zmsh-semitech.com\/cs\/wp-json\/wp\/v2\/product_brand?post=2360"},{"taxonomy":"product_cat","embeddable":true,"href":"https:\/\/www.zmsh-semitech.com\/cs\/wp-json\/wp\/v2\/product_cat?post=2360"},{"taxonomy":"product_tag","embeddable":true,"href":"https:\/\/www.zmsh-semitech.com\/cs\/wp-json\/wp\/v2\/product_tag?post=2360"}],"curies":[{"name":"wp","href":"https:\/\/api.w.org\/{rel}","templated":true}]}}