{"id":2354,"date":"2026-04-22T06:34:59","date_gmt":"2026-04-22T06:34:59","guid":{"rendered":"https:\/\/www.zmsh-semitech.com\/?post_type=product&#038;p=2354"},"modified":"2026-04-22T07:16:34","modified_gmt":"2026-04-22T07:16:34","slug":"ai300-medium-beam-high-temperature-ion-implantation-system-for-12-inch-wafer-processing","status":"publish","type":"product","link":"https:\/\/www.zmsh-semitech.com\/cs\/product\/ai300-medium-beam-high-temperature-ion-implantation-system-for-12-inch-wafer-processing\/","title":{"rendered":"Vysokoteplotn\u00ed iontov\u00fd implanta\u010dn\u00ed syst\u00e9m Ai300 (st\u0159edn\u00ed paprsek) pro zpracov\u00e1n\u00ed 12palcov\u00fdch desti\u010dek"},"content":{"rendered":"<p data-start=\"228\" data-end=\"538\"><img fetchpriority=\"high\" decoding=\"async\" class=\"alignright wp-image-2357 size-medium\" src=\"https:\/\/www.zmsh-semitech.com\/wp-content\/uploads\/2026\/04\/AI300-300x300.png\" alt=\"Vysokoteplotn\u00ed iontov\u00fd implanta\u010dn\u00ed syst\u00e9m Ai300 (st\u0159edn\u00ed paprsek) pro zpracov\u00e1n\u00ed 12palcov\u00fdch desti\u010dek\" width=\"300\" height=\"300\" srcset=\"https:\/\/www.zmsh-semitech.com\/wp-content\/uploads\/2026\/04\/AI300-300x300.png 300w, https:\/\/www.zmsh-semitech.com\/wp-content\/uploads\/2026\/04\/AI300-150x150.png 150w, https:\/\/www.zmsh-semitech.com\/wp-content\/uploads\/2026\/04\/AI300-768x768.png 768w, https:\/\/www.zmsh-semitech.com\/wp-content\/uploads\/2026\/04\/AI300-12x12.png 12w, https:\/\/www.zmsh-semitech.com\/wp-content\/uploads\/2026\/04\/AI300-600x600.png 600w, https:\/\/www.zmsh-semitech.com\/wp-content\/uploads\/2026\/04\/AI300-100x100.png 100w, https:\/\/www.zmsh-semitech.com\/wp-content\/uploads\/2026\/04\/AI300.png 1000w\" sizes=\"(max-width: 300px) 100vw, 300px\" \/>Vysokoteplotn\u00ed iontov\u00fd implanta\u010dn\u00ed syst\u00e9m Ai300 (Medium Beam) je ur\u010den pro v\u00fdrobn\u00ed linky na 12palcov\u00e9 k\u0159em\u00edkov\u00e9 pl\u00e1tky polovodi\u010d\u016f. Jedn\u00e1 se o st\u0159edn\u011bproud\u00fd iontov\u00fd implant\u00e1tor vyvinut\u00fd pro pokro\u010dil\u00e9 procesy dopov\u00e1n\u00ed v polovodi\u010dov\u00fdch aplikac\u00edch na b\u00e1zi k\u0159em\u00edku i s \u0161irok\u00fdm p\u00e1smem, v\u010detn\u011b technologick\u00fdch linek pro SiC.<\/p>\n<p data-start=\"540\" data-end=\"872\">Syst\u00e9m podporuje energetick\u00fd rozsah od 5 keV do 300 keV, co\u017e umo\u017e\u0148uje flexibiln\u00ed implantaci od tvorby m\u011blk\u00fdch spoj\u016f a\u017e po aplikace s hlubok\u00fdm dopov\u00e1n\u00edm. Je vybaven vysokoteplotn\u00edm vyh\u0159\u00edvan\u00fdm desti\u010dkov\u00fdm stolkem s maxim\u00e1ln\u00ed teplotou a\u017e 400 \u00b0C, co\u017e umo\u017e\u0148uje lep\u0161\u00ed aktivaci dopantu a sn\u00ed\u017een\u00ed po\u0161kozen\u00ed m\u0159\u00ed\u017eky b\u011bhem implantace.<\/p>\n<p data-start=\"874\" data-end=\"1076\">D\u00edky stabiln\u00edmu v\u00fdkonu paprsku, vysok\u00e9 p\u0159esnosti \u0159\u00edzen\u00ed a kompatibilit\u011b s rozs\u00e1hl\u00fdmi procesy v\u00fdroby integrovan\u00fdch obvod\u016f je syst\u00e9m Ai300 vhodn\u00fd pro pokro\u010dil\u00e9 prost\u0159ed\u00ed v\u00fdroby polovodi\u010d\u016f.<\/p>\n<hr data-start=\"1078\" data-end=\"1081\" \/>\n<h2 data-section-id=\"1d7mrtu\" data-start=\"1083\" data-end=\"1094\">Funkce<\/h2>\n<h3 data-section-id=\"1oge1av\" data-start=\"1096\" data-end=\"1135\">Schopnost implantace p\u0159i vysok\u00fdch teplot\u00e1ch<\/h3>\n<p data-start=\"1136\" data-end=\"1272\">Je vybaven vyh\u0159\u00edvan\u00fdm stup\u0148em pro desti\u010dky s teplotou a\u017e 400 \u00b0C, co\u017e zlep\u0161uje kvalitu implantace a \u00fa\u010dinnost aktivace dopantu.<\/p>\n<h3 data-section-id=\"ox5pwk\" data-start=\"1274\" data-end=\"1295\">\u0160irok\u00fd energetick\u00fd rozsah<\/h3>\n<p data-start=\"1296\" data-end=\"1407\">Energetick\u00fd rozsah 5-300 keV podporuje procesy m\u011blk\u00e9 i hlubok\u00e9 implantace pro pokro\u010dil\u00e9 struktury za\u0159\u00edzen\u00ed.<\/p>\n<h3 data-section-id=\"1czdwpe\" data-start=\"1409\" data-end=\"1440\">Vysoce p\u0159esn\u00e9 \u0159\u00edzen\u00ed paprsku<\/h3>\n<p data-start=\"1441\" data-end=\"1574\">Poskytuje vysoce p\u0159esnou implantaci s \u00fahlovou p\u0159esnost\u00ed \u2264 0,1\u00b0, rovnob\u011b\u017enost\u00ed paprsku \u2264 0,1\u00b0, rovnom\u011brnost\u00ed \u2264 0,5% a opakovatelnost\u00ed \u2264 0,5%.<\/p>\n<h3 data-section-id=\"1q1uyu2\" data-start=\"1576\" data-end=\"1607\">Vysok\u00fd v\u00fdkon<\/h3>\n<p data-start=\"1608\" data-end=\"1710\">Podporuje v\u00fdkon a\u017e \u2265 500 desti\u010dek za hodinu, co\u017e je vhodn\u00e9 pro velkos\u00e9riovou v\u00fdrobu polovodi\u010d\u016f.<\/p>\n<h3 data-section-id=\"1h8myql\" data-start=\"1712\" data-end=\"1746\">Schopnost pokro\u010dil\u00fdch iontov\u00fdch zdroj\u016f<\/h3>\n<p data-start=\"1747\" data-end=\"1869\">Podporuje v\u00edce implantovan\u00fdch prvk\u016f, v\u010detn\u011b C, B, P, N, He a Ar, a spl\u0148uje tak r\u016fzn\u00e9 po\u017eadavky na polovodi\u010dov\u00e9 procesy.<\/p>\n<h3 data-section-id=\"1bq068l\" data-start=\"1871\" data-end=\"1900\">Kompatibilita proces\u016f LSI<\/h3>\n<p data-start=\"1901\" data-end=\"2010\">Pln\u011b kompatibiln\u00ed s rozs\u00e1hl\u00fdmi v\u00fdrobn\u00edmi procesy integrovan\u00fdch obvod\u016f a pokro\u010dilou v\u00fdrobou za\u0159\u00edzen\u00ed.<\/p>\n<p data-start=\"1901\" data-end=\"2010\"><img decoding=\"async\" class=\"alignnone size-medium wp-image-2368\" src=\"https:\/\/www.zmsh-semitech.com\/wp-content\/uploads\/2026\/04\/Annular-Implantation-1-267x300.webp\" alt=\"\" width=\"267\" height=\"300\" srcset=\"https:\/\/www.zmsh-semitech.com\/wp-content\/uploads\/2026\/04\/Annular-Implantation-1-267x300.webp 267w, https:\/\/www.zmsh-semitech.com\/wp-content\/uploads\/2026\/04\/Annular-Implantation-1-11x12.webp 11w, https:\/\/www.zmsh-semitech.com\/wp-content\/uploads\/2026\/04\/Annular-Implantation-1.webp 462w\" sizes=\"(max-width: 267px) 100vw, 267px\" \/> <img decoding=\"async\" class=\"alignnone size-medium wp-image-2369\" src=\"https:\/\/www.zmsh-semitech.com\/wp-content\/uploads\/2026\/04\/Quadrant-Implantation-1-291x300.webp\" alt=\"\" width=\"291\" height=\"300\" srcset=\"https:\/\/www.zmsh-semitech.com\/wp-content\/uploads\/2026\/04\/Quadrant-Implantation-1-291x300.webp 291w, https:\/\/www.zmsh-semitech.com\/wp-content\/uploads\/2026\/04\/Quadrant-Implantation-1-12x12.webp 12w, https:\/\/www.zmsh-semitech.com\/wp-content\/uploads\/2026\/04\/Quadrant-Implantation-1.webp 499w\" sizes=\"(max-width: 291px) 100vw, 291px\" \/><\/p>\n<hr data-start=\"2012\" data-end=\"2015\" \/>\n<h2 data-section-id=\"rkota4\" data-start=\"2017\" data-end=\"2038\">Kl\u00ed\u010dov\u00e9 specifikace<\/h2>\n<h3 data-section-id=\"rc5knr\" data-start=\"2040\" data-end=\"2062\">Parametry procesu<\/h3>\n<div class=\"TyagGW_tableContainer\">\n<div class=\"group TyagGW_tableWrapper flex flex-col-reverse w-fit\" tabindex=\"-1\">\n<table class=\"w-fit min-w-(--thread-content-width)\" data-start=\"2064\" data-end=\"2246\">\n<thead data-start=\"2064\" data-end=\"2088\">\n<tr data-start=\"2064\" data-end=\"2088\">\n<th class=\"\" data-start=\"2064\" data-end=\"2071\" data-col-size=\"sm\">Polo\u017eka<\/th>\n<th class=\"\" data-start=\"2071\" data-end=\"2088\" data-col-size=\"sm\">Specifikace<\/th>\n<\/tr>\n<\/thead>\n<tbody data-start=\"2113\" data-end=\"2246\">\n<tr data-start=\"2113\" data-end=\"2137\">\n<td data-start=\"2113\" data-end=\"2126\" data-col-size=\"sm\">Velikost oplatky<\/td>\n<td data-col-size=\"sm\" data-start=\"2126\" data-end=\"2137\">12 palc\u016f<\/td>\n<\/tr>\n<tr data-start=\"2138\" data-end=\"2166\">\n<td data-start=\"2138\" data-end=\"2153\" data-col-size=\"sm\">Energetick\u00fd rozsah<\/td>\n<td data-col-size=\"sm\" data-start=\"2153\" data-end=\"2166\">5-300 keV<\/td>\n<\/tr>\n<tr data-start=\"2167\" data-end=\"2210\">\n<td data-start=\"2167\" data-end=\"2188\" data-col-size=\"sm\">Implantovan\u00e9 prvky<\/td>\n<td data-col-size=\"sm\" data-start=\"2188\" data-end=\"2210\">C, B, P, N, He, Ar<\/td>\n<\/tr>\n<tr data-start=\"2211\" data-end=\"2246\">\n<td data-start=\"2211\" data-end=\"2224\" data-col-size=\"sm\">Rozsah d\u00e1vek<\/td>\n<td data-col-size=\"sm\" data-start=\"2224\" data-end=\"2246\">1E11-1E16 iont\u016f\/cm\u00b2<\/td>\n<\/tr>\n<\/tbody>\n<\/table>\n<\/div>\n<\/div>\n<h3 data-section-id=\"h0mtjp\" data-start=\"2253\" data-end=\"2273\">V\u00fdkonnost paprsku<\/h3>\n<div class=\"TyagGW_tableContainer\">\n<div class=\"group TyagGW_tableWrapper flex flex-col-reverse w-fit\" tabindex=\"-1\">\n<table class=\"w-fit min-w-(--thread-content-width)\" data-start=\"2275\" data-end=\"2429\">\n<thead data-start=\"2275\" data-end=\"2299\">\n<tr data-start=\"2275\" data-end=\"2299\">\n<th class=\"\" data-start=\"2275\" data-end=\"2282\" data-col-size=\"sm\">Polo\u017eka<\/th>\n<th class=\"\" data-start=\"2282\" data-end=\"2299\" data-col-size=\"md\">Specifikace<\/th>\n<\/tr>\n<\/thead>\n<tbody data-start=\"2324\" data-end=\"2429\">\n<tr data-start=\"2324\" data-end=\"2399\">\n<td data-start=\"2324\" data-end=\"2341\" data-col-size=\"sm\">Stabilita nosn\u00edku<\/td>\n<td data-col-size=\"md\" data-start=\"2341\" data-end=\"2399\">\u2264 10% \/ hodinu (\u22641 p\u0159eru\u0161en\u00ed paprsku nebo oblouk za hodinu)<\/td>\n<\/tr>\n<tr data-start=\"2400\" data-end=\"2429\">\n<td data-start=\"2400\" data-end=\"2419\" data-col-size=\"sm\">Rovnob\u011b\u017enost paprsk\u016f<\/td>\n<td data-col-size=\"md\" data-start=\"2419\" data-end=\"2429\">\u2264 0.1\u00b0<\/td>\n<\/tr>\n<\/tbody>\n<\/table>\n<\/div>\n<\/div>\n<h3 data-section-id=\"ieoahx\" data-start=\"2436\" data-end=\"2461\">P\u0159esnost implantace<\/h3>\n<div class=\"TyagGW_tableContainer\">\n<div class=\"group TyagGW_tableWrapper flex flex-col-reverse w-fit\" tabindex=\"-1\">\n<table class=\"w-fit min-w-(--thread-content-width)\" data-start=\"2463\" data-end=\"2653\">\n<thead data-start=\"2463\" data-end=\"2487\">\n<tr data-start=\"2463\" data-end=\"2487\">\n<th class=\"\" data-start=\"2463\" data-end=\"2470\" data-col-size=\"sm\">Polo\u017eka<\/th>\n<th class=\"\" data-start=\"2470\" data-end=\"2487\" data-col-size=\"sm\">Specifikace<\/th>\n<\/tr>\n<\/thead>\n<tbody data-start=\"2512\" data-end=\"2653\">\n<tr data-start=\"2512\" data-end=\"2544\">\n<td data-start=\"2512\" data-end=\"2534\" data-col-size=\"sm\">Rozsah \u00fahlu implant\u00e1tu<\/td>\n<td data-col-size=\"sm\" data-start=\"2534\" data-end=\"2544\">0\u00b0-45\u00b0<\/td>\n<\/tr>\n<tr data-start=\"2545\" data-end=\"2572\">\n<td data-start=\"2545\" data-end=\"2562\" data-col-size=\"sm\">\u00dahlov\u00e1 p\u0159esnost<\/td>\n<td data-col-size=\"sm\" data-start=\"2562\" data-end=\"2572\">\u2264 0.1\u00b0<\/td>\n<\/tr>\n<tr data-start=\"2573\" data-end=\"2621\">\n<td data-start=\"2573\" data-end=\"2591\" data-col-size=\"sm\">Rovnom\u011brnost (1\u03c3)<\/td>\n<td data-col-size=\"sm\" data-start=\"2591\" data-end=\"2621\">\u2264 0,5% (P+, 1E14, 100 keV)<\/td>\n<\/tr>\n<tr data-start=\"2622\" data-end=\"2653\">\n<td data-start=\"2622\" data-end=\"2643\" data-col-size=\"sm\">Opakovatelnost (1\u03c3)<\/td>\n<td data-col-size=\"sm\" data-start=\"2643\" data-end=\"2653\">\u2264 0,5%<\/td>\n<\/tr>\n<\/tbody>\n<\/table>\n<\/div>\n<\/div>\n<h3 data-section-id=\"1i84h7f\" data-start=\"2660\" data-end=\"2682\">V\u00fdkon syst\u00e9mu<\/h3>\n<div class=\"TyagGW_tableContainer\">\n<div class=\"group TyagGW_tableWrapper flex flex-col-reverse w-fit\" tabindex=\"-1\">\n<table class=\"w-fit min-w-(--thread-content-width)\" data-start=\"2684\" data-end=\"3000\">\n<thead data-start=\"2684\" data-end=\"2708\">\n<tr data-start=\"2684\" data-end=\"2708\">\n<th class=\"\" data-start=\"2684\" data-end=\"2691\" data-col-size=\"sm\">Polo\u017eka<\/th>\n<th class=\"\" data-start=\"2691\" data-end=\"2708\" data-col-size=\"md\">Specifikace<\/th>\n<\/tr>\n<\/thead>\n<tbody data-start=\"2733\" data-end=\"3000\">\n<tr data-start=\"2733\" data-end=\"2771\">\n<td data-start=\"2733\" data-end=\"2746\" data-col-size=\"sm\">Propustnost<\/td>\n<td data-col-size=\"md\" data-start=\"2746\" data-end=\"2771\">\u2265 500 desti\u010dek za hodinu<\/td>\n<\/tr>\n<tr data-start=\"2772\" data-end=\"2811\">\n<td data-start=\"2772\" data-end=\"2802\" data-col-size=\"sm\">Maxim\u00e1ln\u00ed teplota implant\u00e1tu<\/td>\n<td data-col-size=\"md\" data-start=\"2802\" data-end=\"2811\">400\u00b0C<\/td>\n<\/tr>\n<tr data-start=\"2812\" data-end=\"2854\">\n<td data-start=\"2812\" data-end=\"2829\" data-col-size=\"sm\">Velikost za\u0159\u00edzen\u00ed<\/td>\n<td data-col-size=\"md\" data-start=\"2829\" data-end=\"2854\">6400 \u00d7 3640 \u00d7 3100 mm<\/td>\n<\/tr>\n<tr data-start=\"2855\" data-end=\"2883\">\n<td data-start=\"2855\" data-end=\"2870\" data-col-size=\"sm\">\u00darove\u0148 vakua<\/td>\n<td data-col-size=\"md\" data-start=\"2870\" data-end=\"2883\">5E-7 Torr<\/td>\n<\/tr>\n<tr data-start=\"2884\" data-end=\"2915\">\n<td data-start=\"2884\" data-end=\"2900\" data-col-size=\"sm\">\u00danik rentgenov\u00e9ho z\u00e1\u0159en\u00ed<\/td>\n<td data-col-size=\"md\" data-start=\"2900\" data-end=\"2915\">\u2264 0,3 \u03bcSv\/h<\/td>\n<\/tr>\n<tr data-start=\"2916\" data-end=\"3000\">\n<td data-start=\"2916\" data-end=\"2932\" data-col-size=\"sm\">Re\u017eim skenov\u00e1n\u00ed<\/td>\n<td data-col-size=\"md\" data-start=\"2932\" data-end=\"3000\">Horizont\u00e1ln\u00ed elektrostatick\u00e9 skenov\u00e1n\u00ed + vertik\u00e1ln\u00ed mechanick\u00e9 skenov\u00e1n\u00ed<\/td>\n<\/tr>\n<\/tbody>\n<\/table>\n<\/div>\n<\/div>\n<hr data-start=\"3002\" data-end=\"3005\" \/>\n<h2 data-section-id=\"1nd7jny\" data-start=\"3007\" data-end=\"3028\">Aplika\u010dn\u00ed pole<\/h2>\n<h3 data-section-id=\"1xxdh4v\" data-start=\"3030\" data-end=\"3062\">Zpracov\u00e1n\u00ed polovodi\u010d\u016f SiC<\/h3>\n<p data-start=\"3063\" data-end=\"3194\">Pou\u017e\u00edv\u00e1 se p\u0159i v\u00fdrob\u011b za\u0159\u00edzen\u00ed z karbidu k\u0159em\u00edku a podporuje vysokoteplotn\u00ed implanta\u010dn\u00ed procesy pot\u0159ebn\u00e9 pro materi\u00e1ly se \u0161irok\u00fdm p\u00e1smov\u00fdm rozp\u011bt\u00edm.<\/p>\n<h3 data-section-id=\"kkfbvw\" data-start=\"3196\" data-end=\"3241\">V\u00fdroba polovodi\u010d\u016f na b\u00e1zi k\u0159em\u00edku<\/h3>\n<p data-start=\"3242\" data-end=\"3348\">Pou\u017eiteln\u00e9 pro v\u00fdrobn\u00ed linky na 12palcov\u00e9 k\u0159em\u00edkov\u00e9 pl\u00e1tky pro v\u00fdrobu CMOS a pokro\u010dil\u00fdch integrovan\u00fdch obvod\u016f.<\/p>\n<h3 data-section-id=\"c3blgn\" data-start=\"3350\" data-end=\"3393\">Vysokoteplotn\u00ed implanta\u010dn\u00ed procesy<\/h3>\n<p data-start=\"3394\" data-end=\"3511\">Podporuje implanta\u010dn\u00ed procesy vy\u017eaduj\u00edc\u00ed zv\u00fd\u0161enou teplotu desti\u010dek, aby se sn\u00ed\u017eilo mno\u017estv\u00ed defekt\u016f a zlep\u0161ila aktivace dopant\u016f.<\/p>\n<h3 data-section-id=\"2m28ht\" data-start=\"3513\" data-end=\"3541\">V\u00fdroba nap\u00e1jec\u00edch za\u0159\u00edzen\u00ed<\/h3>\n<p data-start=\"3542\" data-end=\"3646\">Vhodn\u00e9 pro v\u00fdkonov\u00e9 polovodi\u010dov\u00e9 sou\u010d\u00e1stky, kde se vy\u017eaduje p\u0159esn\u00e9 dopov\u00e1n\u00ed a implantace s vysokou energi\u00ed.<\/p>\n<h3 data-section-id=\"10yv1en\" data-start=\"3648\" data-end=\"3690\">Pokro\u010dil\u00e1 v\u00fdroba integrovan\u00fdch obvod\u016f<\/h3>\n<p data-start=\"3691\" data-end=\"3777\">Podporuje integraci proces\u016f LSI s po\u017eadavky na vysokou p\u0159esnost a vysokou propustnost.<\/p>\n<hr data-start=\"3779\" data-end=\"3782\" \/>\n<h2 data-section-id=\"1r8frcv\" data-start=\"3784\" data-end=\"3813\">\u010casto kladen\u00e9 ot\u00e1zky<\/h2>\n<h3 data-section-id=\"hl3b9g\" data-start=\"3815\" data-end=\"3867\">1. Jakou velikost desti\u010dek syst\u00e9m Ai300 podporuje?<\/h3>\n<p data-start=\"3868\" data-end=\"3981\">Syst\u00e9m je ur\u010den pro 12palcov\u00e9 k\u0159em\u00edkov\u00e9 desti\u010dky a je vhodn\u00fd pro modern\u00ed linky na v\u00fdrobu polovodi\u010d\u016f.<\/p>\n<h3 data-section-id=\"gygi37\" data-start=\"3983\" data-end=\"4063\">2. Jak\u00e1 je hlavn\u00ed v\u00fdhoda schopnosti implantace p\u0159i vysok\u00fdch teplot\u00e1ch?<\/h3>\n<p data-start=\"4064\" data-end=\"4211\">Syst\u00e9m podporuje implantaci a\u017e do 400 \u00b0C, co\u017e pom\u00e1h\u00e1 sn\u00ed\u017eit po\u0161kozen\u00ed m\u0159\u00ed\u017eky, zlep\u0161it aktivaci dopant\u016f a zv\u00fd\u0161it celkov\u00fd v\u00fdkon za\u0159\u00edzen\u00ed.<\/p>\n<h3 data-section-id=\"13ypcut\" data-start=\"4213\" data-end=\"4293\">3. Jakou \u00farove\u0148 p\u0159esnosti a efektivity v\u00fdroby syst\u00e9m poskytuje?<\/h3>\n<p data-start=\"4294\" data-end=\"4481\">Syst\u00e9m zaji\u0161\u0165uje \u00fahlovou p\u0159esnost v rozmez\u00ed 0,1 stupn\u011b, rovnob\u011b\u017enost paprsku v rozmez\u00ed 0,1 stupn\u011b a rovnom\u011brnost a opakovatelnost v rozmez\u00ed 0,5 procenta, a to s v\u00fdkonem a\u017e 500 desti\u010dek za hodinu.<\/p>","protected":false},"excerpt":{"rendered":"<p>Vysokoteplotn\u00ed iontov\u00fd implanta\u010dn\u00ed syst\u00e9m Ai300 (Medium Beam) je ur\u010den pro v\u00fdrobn\u00ed linky na 12palcov\u00e9 k\u0159em\u00edkov\u00e9 pl\u00e1tky polovodi\u010d\u016f. Jedn\u00e1 se o st\u0159edn\u011bproud\u00fd iontov\u00fd implant\u00e1tor vyvinut\u00fd pro pokro\u010dil\u00e9 procesy dopov\u00e1n\u00ed v polovodi\u010dov\u00fdch aplikac\u00edch na b\u00e1zi k\u0159em\u00edku i s \u0161irok\u00fdm p\u00e1smem, v\u010detn\u011b technologick\u00fdch linek pro SiC.<\/p>","protected":false},"featured_media":2357,"comment_status":"open","ping_status":"closed","template":"","meta":{"site-sidebar-layout":"default","site-content-layout":"","ast-site-content-layout":"default","site-content-style":"default","site-sidebar-style":"default","ast-global-header-display":"","ast-banner-title-visibility":"","ast-main-header-display":"","ast-hfb-above-header-display":"","ast-hfb-below-header-display":"","ast-hfb-mobile-header-display":"","site-post-title":"","ast-breadcrumbs-content":"","ast-featured-img":"","footer-sml-layout":"","ast-disable-related-posts":"","theme-transparent-header-meta":"default","adv-header-id-meta":"","stick-header-meta":"default","header-above-stick-meta":"","header-main-stick-meta":"","header-below-stick-meta":"","astra-migrate-meta-layouts":"set","ast-page-background-enabled":"default","ast-page-background-meta":{"desktop":{"background-color":"var(--ast-global-color-4)","background-image":"","background-repeat":"repeat","background-position":"center center","background-size":"auto","background-attachment":"scroll","background-type":"","background-media":"","overlay-type":"","overlay-color":"","overlay-opacity":"","overlay-gradient":""},"tablet":{"background-color":"","background-image":"","background-repeat":"repeat","background-position":"center center","background-size":"auto","background-attachment":"scroll","background-type":"","background-media":"","overlay-type":"","overlay-color":"","overlay-opacity":"","overlay-gradient":""},"mobile":{"background-color":"","background-image":"","background-repeat":"repeat","background-position":"center center","background-size":"auto","background-attachment":"scroll","background-type":"","background-media":"","overlay-type":"","overlay-color":"","overlay-opacity":"","overlay-gradient":""}},"ast-content-background-meta":{"desktop":{"background-color":"var(--ast-global-color-5)","background-image":"","background-repeat":"repeat","background-position":"center center","background-size":"auto","background-attachment":"scroll","background-type":"","background-media":"","overlay-type":"","overlay-color":"","overlay-opacity":"","overlay-gradient":""},"tablet":{"background-color":"var(--ast-global-color-5)","background-image":"","background-repeat":"repeat","background-position":"center center","background-size":"auto","background-attachment":"scroll","background-type":"","background-media":"","overlay-type":"","overlay-color":"","overlay-opacity":"","overlay-gradient":""},"mobile":{"background-color":"var(--ast-global-color-5)","background-image":"","background-repeat":"repeat","background-position":"center center","background-size":"auto","background-attachment":"scroll","background-type":"","background-media":"","overlay-type":"","overlay-color":"","overlay-opacity":"","overlay-gradient":""}}},"product_brand":[],"product_cat":[1177],"product_tag":[1160,1194,1178,1181,1186,1197,1196,1185,1195,1198],"class_list":{"0":"post-2354","1":"product","2":"type-product","3":"status-publish","4":"has-post-thumbnail","6":"product_cat-ion-implantation-equipment","7":"product_tag-12-inch-wafer-equipment","8":"product_tag-high-temperature-ion-implantation","9":"product_tag-ion-implantation-system","10":"product_tag-lsi-manufacturing-equipment","11":"product_tag-medium-beam-ion-implanter","12":"product_tag-power-semiconductor-processing","13":"product_tag-semiconductor-doping-machine","14":"product_tag-semiconductor-fabrication-equipment","15":"product_tag-sic-implantation-equipment","16":"product_tag-wide-bandgap-semiconductor-equipment","17":"desktop-align-left","18":"tablet-align-left","19":"mobile-align-left","20":"ast-product-gallery-layout-horizontal-slider","21":"ast-product-gallery-with-no-image","22":"ast-product-tabs-layout-horizontal","24":"first","25":"instock","26":"shipping-taxable","27":"product-type-simple"},"_links":{"self":[{"href":"https:\/\/www.zmsh-semitech.com\/cs\/wp-json\/wp\/v2\/product\/2354","targetHints":{"allow":["GET"]}}],"collection":[{"href":"https:\/\/www.zmsh-semitech.com\/cs\/wp-json\/wp\/v2\/product"}],"about":[{"href":"https:\/\/www.zmsh-semitech.com\/cs\/wp-json\/wp\/v2\/types\/product"}],"replies":[{"embeddable":true,"href":"https:\/\/www.zmsh-semitech.com\/cs\/wp-json\/wp\/v2\/comments?post=2354"}],"version-history":[{"count":5,"href":"https:\/\/www.zmsh-semitech.com\/cs\/wp-json\/wp\/v2\/product\/2354\/revisions"}],"predecessor-version":[{"id":2370,"href":"https:\/\/www.zmsh-semitech.com\/cs\/wp-json\/wp\/v2\/product\/2354\/revisions\/2370"}],"wp:featuredmedia":[{"embeddable":true,"href":"https:\/\/www.zmsh-semitech.com\/cs\/wp-json\/wp\/v2\/media\/2357"}],"wp:attachment":[{"href":"https:\/\/www.zmsh-semitech.com\/cs\/wp-json\/wp\/v2\/media?parent=2354"}],"wp:term":[{"taxonomy":"product_brand","embeddable":true,"href":"https:\/\/www.zmsh-semitech.com\/cs\/wp-json\/wp\/v2\/product_brand?post=2354"},{"taxonomy":"product_cat","embeddable":true,"href":"https:\/\/www.zmsh-semitech.com\/cs\/wp-json\/wp\/v2\/product_cat?post=2354"},{"taxonomy":"product_tag","embeddable":true,"href":"https:\/\/www.zmsh-semitech.com\/cs\/wp-json\/wp\/v2\/product_tag?post=2354"}],"curies":[{"name":"wp","href":"https:\/\/api.w.org\/{rel}","templated":true}]}}