{"id":2349,"date":"2026-04-22T06:17:36","date_gmt":"2026-04-22T06:17:36","guid":{"rendered":"https:\/\/www.zmsh-semitech.com\/?post_type=product&#038;p=2349"},"modified":"2026-04-22T07:24:00","modified_gmt":"2026-04-22T07:24:00","slug":"ai200hc-d-high-beam-ion-implantation-system-for-6-8-inch-silicon-wafer-processing-and-smart-cut-applications","status":"publish","type":"product","link":"https:\/\/www.zmsh-semitech.com\/cs\/product\/ai200hc-d-high-beam-ion-implantation-system-for-6-8-inch-silicon-wafer-processing-and-smart-cut-applications\/","title":{"rendered":"Syst\u00e9m Ai200HC.D pro iontovou implantaci s vysok\u00fdm paprskem pro zpracov\u00e1n\u00ed 6\/8palcov\u00fdch k\u0159em\u00edkov\u00fdch desti\u010dek a aplikace inteligentn\u00edho \u0159ez\u00e1n\u00ed"},"content":{"rendered":"<p data-start=\"155\" data-end=\"421\"><img decoding=\"async\" class=\"wp-image-2350 alignright\" src=\"https:\/\/www.zmsh-semitech.com\/wp-content\/uploads\/2026\/04\/Ai200HC.D-High-Beam-Ion-Implantation-System-300x300.png\" alt=\"\" width=\"209\" height=\"209\" srcset=\"https:\/\/www.zmsh-semitech.com\/wp-content\/uploads\/2026\/04\/Ai200HC.D-High-Beam-Ion-Implantation-System-300x300.png 300w, https:\/\/www.zmsh-semitech.com\/wp-content\/uploads\/2026\/04\/Ai200HC.D-High-Beam-Ion-Implantation-System-150x150.png 150w, https:\/\/www.zmsh-semitech.com\/wp-content\/uploads\/2026\/04\/Ai200HC.D-High-Beam-Ion-Implantation-System-768x768.png 768w, https:\/\/www.zmsh-semitech.com\/wp-content\/uploads\/2026\/04\/Ai200HC.D-High-Beam-Ion-Implantation-System-12x12.png 12w, https:\/\/www.zmsh-semitech.com\/wp-content\/uploads\/2026\/04\/Ai200HC.D-High-Beam-Ion-Implantation-System-600x600.png 600w, https:\/\/www.zmsh-semitech.com\/wp-content\/uploads\/2026\/04\/Ai200HC.D-High-Beam-Ion-Implantation-System-100x100.png 100w, https:\/\/www.zmsh-semitech.com\/wp-content\/uploads\/2026\/04\/Ai200HC.D-High-Beam-Ion-Implantation-System.png 1000w\" sizes=\"(max-width: 209px) 100vw, 209px\" \/>Iontov\u00fd implanta\u010dn\u00ed syst\u00e9m Ai200HC.D (High Beam) je ur\u010den pro v\u00fdrobn\u00ed linky na 6 a 8palcov\u00e9 k\u0159em\u00edkov\u00e9 pl\u00e1tky polovodi\u010d\u016f. Jedn\u00e1 se o vysokoproud\u00fd iontov\u00fd implant\u00e1tor vyvinut\u00fd pro p\u0159esn\u00e9 dopov\u00e1n\u00ed a pokro\u010dil\u00e9 procesn\u00ed aplikace ve v\u00fdrob\u011b integrovan\u00fdch obvod\u016f.<\/p>\n<p data-start=\"423\" data-end=\"698\">Syst\u00e9m podporuje energetick\u00fd rozsah od 5 keV do 180 keV a poskytuje stabiln\u00ed v\u00fdkon svazku a vysokou opakovatelnost procesu. Je vhodn\u00fd pro v\u00fdrobu polovodi\u010d\u016f na b\u00e1zi k\u0159em\u00edku a pokro\u010dil\u00e9 procesy spojen\u00e9 s lepen\u00edm desti\u010dek, v\u010detn\u011b integrace technologie Smart Cut.<\/p>\n<hr data-start=\"700\" data-end=\"703\" \/>\n<h2 data-section-id=\"1d7mrtu\" data-start=\"705\" data-end=\"716\">Funkce<\/h2>\n<h3 data-section-id=\"11asise\" data-start=\"718\" data-end=\"753\">Stabilita d\u00e1lkov\u00fdch sv\u011btel<\/h3>\n<p data-start=\"754\" data-end=\"897\">Syst\u00e9m udr\u017euje stabiln\u00ed v\u00fdstup iontov\u00e9ho svazku s \u0159\u00edzen\u00fdm kol\u00eds\u00e1n\u00edm, co\u017e zaji\u0161\u0165uje konzistentn\u00ed kvalitu implantace b\u011bhem nep\u0159etr\u017eit\u00e9 v\u00fdroby.<\/p>\n<h3 data-section-id=\"38j0c\" data-start=\"899\" data-end=\"929\">\u0160irok\u00e1 procesn\u00ed kompatibilita<\/h3>\n<p data-start=\"930\" data-end=\"1057\">Kompatibiln\u00ed s procesy na b\u00e1zi k\u0159em\u00edku a aplikacemi souvisej\u00edc\u00edmi s technologi\u00ed Smart Cut, kter\u00e9 podporuj\u00ed pokro\u010dil\u00e9 po\u017eadavky na konstrukci desti\u010dek.<\/p>\n<h3 data-section-id=\"2v7p6\" data-start=\"1059\" data-end=\"1093\">Vysoce p\u0159esn\u00e1 kontrola implant\u00e1t\u016f<\/h3>\n<p data-start=\"1094\" data-end=\"1142\">Poskytuje p\u0159esn\u00fd implanta\u010dn\u00ed v\u00fdkon s:<\/p>\n<ul data-start=\"1143\" data-end=\"1231\">\n<li data-section-id=\"1irf1o\" data-start=\"1143\" data-end=\"1166\">\u00dahlov\u00e1 p\u0159esnost \u2264 0,2\u00b0<\/li>\n<li data-section-id=\"1hml6xy\" data-start=\"1167\" data-end=\"1192\">Rovnob\u011b\u017enost paprsku \u2264 0,3\u00b0<\/li>\n<li data-section-id=\"1danezc\" data-start=\"1193\" data-end=\"1210\">Rovnom\u011brnost \u2264 1%<\/li>\n<li data-section-id=\"mbe4el\" data-start=\"1211\" data-end=\"1231\">Opakovatelnost \u2264 1%<\/li>\n<\/ul>\n<h3 data-section-id=\"8aw6q\" data-start=\"1233\" data-end=\"1263\">Vysok\u00e1 propustnost<\/h3>\n<p data-start=\"1264\" data-end=\"1369\">Podporuje \u2265 220 wafer\u016f za hodinu, co\u017e je vhodn\u00e9 pro st\u0159edn\u011b a\u017e velkoobjemovou v\u00fdrobu polovodi\u010d\u016f.<\/p>\n<h3 data-section-id=\"1e3kdu8\" data-start=\"1371\" data-end=\"1409\">Schopnost d\u00e1vkov\u00e9ho zpracov\u00e1n\u00ed c\u00edl\u016f<\/h3>\n<p data-start=\"1410\" data-end=\"1554\">Podporuje d\u00e1vkov\u00e9 c\u00edlov\u00e9 zpracov\u00e1n\u00ed, zlep\u0161uje flexibilitu procesu a umo\u017e\u0148uje integraci s pokro\u010dil\u00fdmi technologiemi v\u00fdroby k\u0159em\u00edkov\u00fdch desti\u010dek.<\/p>\n<p data-start=\"1410\" data-end=\"1554\"><img fetchpriority=\"high\" decoding=\"async\" class=\"aligncenter wp-image-2371 size-large\" src=\"https:\/\/www.zmsh-semitech.com\/wp-content\/uploads\/2026\/04\/rs-1024x388.png\" alt=\"\" width=\"1024\" height=\"388\" srcset=\"https:\/\/www.zmsh-semitech.com\/wp-content\/uploads\/2026\/04\/rs-1024x388.png 1024w, https:\/\/www.zmsh-semitech.com\/wp-content\/uploads\/2026\/04\/rs-300x114.png 300w, https:\/\/www.zmsh-semitech.com\/wp-content\/uploads\/2026\/04\/rs-768x291.png 768w, https:\/\/www.zmsh-semitech.com\/wp-content\/uploads\/2026\/04\/rs-18x7.png 18w, https:\/\/www.zmsh-semitech.com\/wp-content\/uploads\/2026\/04\/rs-600x227.png 600w, https:\/\/www.zmsh-semitech.com\/wp-content\/uploads\/2026\/04\/rs.png 1216w\" sizes=\"(max-width: 1024px) 100vw, 1024px\" \/><\/p>\n<hr data-start=\"1556\" data-end=\"1559\" \/>\n<h2 data-section-id=\"rkota4\" data-start=\"1561\" data-end=\"1582\">Kl\u00ed\u010dov\u00e9 specifikace<\/h2>\n<h3 data-section-id=\"rc5knr\" data-start=\"1584\" data-end=\"1606\">Parametry procesu<\/h3>\n<div class=\"TyagGW_tableContainer\">\n<div class=\"group TyagGW_tableWrapper flex flex-col-reverse w-fit\" tabindex=\"-1\">\n<table class=\"w-fit min-w-(--thread-content-width)\" data-start=\"1608\" data-end=\"1813\">\n<thead data-start=\"1608\" data-end=\"1632\">\n<tr data-start=\"1608\" data-end=\"1632\">\n<th class=\"\" data-start=\"1608\" data-end=\"1615\" data-col-size=\"sm\">Polo\u017eka<\/th>\n<th class=\"\" data-start=\"1615\" data-end=\"1632\" data-col-size=\"sm\">Specifikace<\/th>\n<\/tr>\n<\/thead>\n<tbody data-start=\"1657\" data-end=\"1813\">\n<tr data-start=\"1657\" data-end=\"1697\">\n<td data-start=\"1657\" data-end=\"1670\" data-col-size=\"sm\">Velikost oplatky<\/td>\n<td data-start=\"1670\" data-end=\"1697\" data-col-size=\"sm\">6-8palcov\u00e9 k\u0159em\u00edkov\u00e9 desti\u010dky<\/td>\n<\/tr>\n<tr data-start=\"1698\" data-end=\"1726\">\n<td data-start=\"1698\" data-end=\"1713\" data-col-size=\"sm\">Energetick\u00fd rozsah<\/td>\n<td data-start=\"1713\" data-end=\"1726\" data-col-size=\"sm\">5-180 keV<\/td>\n<\/tr>\n<tr data-start=\"1727\" data-end=\"1777\">\n<td data-start=\"1727\" data-end=\"1748\" data-col-size=\"sm\">Implantovan\u00e9 prvky<\/td>\n<td data-start=\"1748\" data-end=\"1777\" data-col-size=\"sm\">B+, BF2+, P+, As+, N+, H+<\/td>\n<\/tr>\n<tr data-start=\"1778\" data-end=\"1813\">\n<td data-start=\"1778\" data-end=\"1791\" data-col-size=\"sm\">Rozsah d\u00e1vek<\/td>\n<td data-start=\"1791\" data-end=\"1813\" data-col-size=\"sm\">5E11-1E17 iont\u016f\/cm\u00b2<\/td>\n<\/tr>\n<\/tbody>\n<\/table>\n<\/div>\n<\/div>\n<h3 data-section-id=\"h0mtjp\" data-start=\"1815\" data-end=\"1835\">V\u00fdkonnost paprsku<\/h3>\n<div class=\"TyagGW_tableContainer\">\n<div class=\"group TyagGW_tableWrapper flex flex-col-reverse w-fit\" tabindex=\"-1\">\n<table class=\"w-fit min-w-(--thread-content-width)\" data-start=\"1837\" data-end=\"1951\">\n<thead data-start=\"1837\" data-end=\"1861\">\n<tr data-start=\"1837\" data-end=\"1861\">\n<th class=\"\" data-start=\"1837\" data-end=\"1844\" data-col-size=\"sm\">Polo\u017eka<\/th>\n<th class=\"\" data-start=\"1844\" data-end=\"1861\" data-col-size=\"sm\">Specifikace<\/th>\n<\/tr>\n<\/thead>\n<tbody data-start=\"1886\" data-end=\"1951\">\n<tr data-start=\"1886\" data-end=\"1921\">\n<td data-start=\"1886\" data-end=\"1903\" data-col-size=\"sm\">Stabilita nosn\u00edku<\/td>\n<td data-start=\"1903\" data-end=\"1921\" data-col-size=\"sm\">\u2264 10% za hodinu<\/td>\n<\/tr>\n<tr data-start=\"1922\" data-end=\"1951\">\n<td data-start=\"1922\" data-end=\"1941\" data-col-size=\"sm\">Rovnob\u011b\u017enost paprsk\u016f<\/td>\n<td data-start=\"1941\" data-end=\"1951\" data-col-size=\"sm\">\u2264 0.3\u00b0<\/td>\n<\/tr>\n<\/tbody>\n<\/table>\n<\/div>\n<\/div>\n<h3 data-section-id=\"ieoahx\" data-start=\"1953\" data-end=\"1978\">P\u0159esnost implantace<\/h3>\n<div class=\"TyagGW_tableContainer\">\n<div class=\"group TyagGW_tableWrapper flex flex-col-reverse w-fit\" tabindex=\"-1\">\n<table class=\"w-fit min-w-(--thread-content-width)\" data-start=\"1980\" data-end=\"2191\">\n<thead data-start=\"1980\" data-end=\"2004\">\n<tr data-start=\"1980\" data-end=\"2004\">\n<th class=\"\" data-start=\"1980\" data-end=\"1987\" data-col-size=\"sm\">Polo\u017eka<\/th>\n<th class=\"\" data-start=\"1987\" data-end=\"2004\" data-col-size=\"sm\">Specifikace<\/th>\n<\/tr>\n<\/thead>\n<tbody data-start=\"2029\" data-end=\"2191\">\n<tr data-start=\"2029\" data-end=\"2066\">\n<td data-start=\"2029\" data-end=\"2051\" data-col-size=\"sm\">Rozsah \u00fahlu implant\u00e1tu<\/td>\n<td data-start=\"2051\" data-end=\"2066\" data-col-size=\"sm\">-11\u00b0 a\u017e 11\u00b0<\/td>\n<\/tr>\n<tr data-start=\"2067\" data-end=\"2094\">\n<td data-start=\"2067\" data-end=\"2084\" data-col-size=\"sm\">\u00dahlov\u00e1 p\u0159esnost<\/td>\n<td data-start=\"2084\" data-end=\"2094\" data-col-size=\"sm\">\u2264 0.2\u00b0<\/td>\n<\/tr>\n<tr data-start=\"2095\" data-end=\"2141\">\n<td data-start=\"2095\" data-end=\"2113\" data-col-size=\"sm\">Rovnom\u011brnost (1\u03c3)<\/td>\n<td data-start=\"2113\" data-end=\"2141\" data-col-size=\"sm\">\u2264 1% (B+, 2E14, 150 keV)<\/td>\n<\/tr>\n<tr data-start=\"2142\" data-end=\"2191\">\n<td data-start=\"2142\" data-end=\"2163\" data-col-size=\"sm\">Opakovatelnost (1\u03c3)<\/td>\n<td data-start=\"2163\" data-end=\"2191\" data-col-size=\"sm\">\u2264 1% (B+, 2E14, 150 keV)<\/td>\n<\/tr>\n<\/tbody>\n<\/table>\n<\/div>\n<\/div>\n<h3 data-section-id=\"1i84h7f\" data-start=\"2193\" data-end=\"2215\">V\u00fdkon syst\u00e9mu<\/h3>\n<div class=\"TyagGW_tableContainer\">\n<div class=\"group TyagGW_tableWrapper flex flex-col-reverse w-fit\" tabindex=\"-1\">\n<table class=\"w-fit min-w-(--thread-content-width)\" data-start=\"2217\" data-end=\"2347\">\n<thead data-start=\"2217\" data-end=\"2241\">\n<tr data-start=\"2217\" data-end=\"2241\">\n<th class=\"\" data-start=\"2217\" data-end=\"2224\" data-col-size=\"sm\">Polo\u017eka<\/th>\n<th class=\"\" data-start=\"2224\" data-end=\"2241\" data-col-size=\"sm\">Specifikace<\/th>\n<\/tr>\n<\/thead>\n<tbody data-start=\"2266\" data-end=\"2347\">\n<tr data-start=\"2266\" data-end=\"2304\">\n<td data-start=\"2266\" data-end=\"2279\" data-col-size=\"sm\">Propustnost<\/td>\n<td data-start=\"2279\" data-end=\"2304\" data-col-size=\"sm\">\u2265 220 pl\u00e1tk\u016f za hodinu<\/td>\n<\/tr>\n<tr data-start=\"2305\" data-end=\"2347\">\n<td data-start=\"2305\" data-end=\"2322\" data-col-size=\"sm\">Velikost za\u0159\u00edzen\u00ed<\/td>\n<td data-start=\"2322\" data-end=\"2347\" data-col-size=\"sm\">5930 \u00d7 3000 \u00d7 2630 mm<\/td>\n<\/tr>\n<\/tbody>\n<\/table>\n<\/div>\n<\/div>\n<hr data-start=\"2349\" data-end=\"2352\" \/>\n<h2 data-section-id=\"1nd7jny\" data-start=\"2354\" data-end=\"2375\">Aplikace<\/h2>\n<h3 data-section-id=\"kkfbvw\" data-start=\"2377\" data-end=\"2422\">V\u00fdroba polovodi\u010d\u016f na b\u00e1zi k\u0159em\u00edku<\/h3>\n<p data-start=\"2423\" data-end=\"2524\">Pou\u017e\u00edv\u00e1 se p\u0159i v\u00fdrob\u011b CMOS a pokro\u010dil\u00fdch logick\u00fdch za\u0159\u00edzen\u00ed a podporuje p\u0159esn\u00e9 procesy implantace dopant\u016f.<\/p>\n<h3 data-section-id=\"167rxyg\" data-start=\"2526\" data-end=\"2559\">Integrace procesu inteligentn\u00edho \u0159ez\u00e1n\u00ed<\/h3>\n<p data-start=\"2560\" data-end=\"2659\">Vhodn\u00e9 pro procesy lepen\u00ed desti\u010dek a p\u0159enosu vrstev na z\u00e1klad\u011b po\u017eadavk\u016f technologie Smart Cut.<\/p>\n<h3 data-section-id=\"13cjew6\" data-start=\"2661\" data-end=\"2691\">Pokro\u010dil\u00e9 in\u017een\u00fdrstv\u00ed oplatek<\/h3>\n<p data-start=\"2692\" data-end=\"2791\">Pou\u017e\u00edv\u00e1 se p\u0159i \u00faprav\u011b k\u0159em\u00edkov\u00fdch desti\u010dek, optimalizaci struktury a zvy\u0161ov\u00e1n\u00ed v\u00fdkonu za\u0159\u00edzen\u00ed.<\/p>\n<h3 data-section-id=\"4uip35\" data-start=\"2793\" data-end=\"2826\">V\u00fdroba integrovan\u00fdch obvod\u016f<\/h3>\n<p data-start=\"2827\" data-end=\"2934\">Podporuje st\u0159edn\u011b- a\u017e velkoobjemovou v\u00fdrobu integrovan\u00fdch obvod\u016f se stabiln\u00edm \u0159\u00edzen\u00edm procesu a schopnost\u00ed vysok\u00e9 propustnosti.<\/p>\n<hr data-start=\"2936\" data-end=\"2939\" \/>\n<h2 data-section-id=\"1r8frcv\" data-start=\"2941\" data-end=\"2970\">\u010casto kladen\u00e9 ot\u00e1zky<\/h2>\n<h3 data-section-id=\"1og21xu\" data-start=\"2972\" data-end=\"3022\">1. Jak\u00e9 velikosti desti\u010dek podporuje Ai200HC.D<\/h3>\n<p data-start=\"3023\" data-end=\"3145\">Syst\u00e9m podporuje 6palcov\u00e9 a 8palcov\u00e9 k\u0159em\u00edkov\u00e9 desti\u010dky a je vhodn\u00fd pro b\u011b\u017en\u00e9 v\u00fdrobn\u00ed procesy polovodi\u010d\u016f.<\/p>\n<h3 data-section-id=\"rdwc10\" data-start=\"3147\" data-end=\"3193\">2. Jak\u00fd je energetick\u00fd rozsah tohoto syst\u00e9mu<\/h3>\n<p data-start=\"3194\" data-end=\"3324\">Energetick\u00fd rozsah je 5 keV a\u017e 180 keV, co\u017e umo\u017e\u0148uje \u0161irokou \u0161k\u00e1lu aplikac\u00ed implantace v polovodi\u010dov\u00fdch za\u0159\u00edzen\u00edch na b\u00e1zi k\u0159em\u00edku.<\/p>\n<h3 data-section-id=\"nor4nw\" data-start=\"3326\" data-end=\"3391\">3. Jak\u00e9 speci\u00e1ln\u00ed procesn\u00ed funkce tento syst\u00e9m podporuje<\/h3>\n<p data-start=\"3392\" data-end=\"3551\">Syst\u00e9m je kompatibiln\u00ed s procesy zalo\u017een\u00fdmi na k\u0159em\u00edku a s technologi\u00ed Smart Cut, podporuje d\u00e1vkov\u00e9 c\u00edlov\u00e9 zpracov\u00e1n\u00ed a pokro\u010dil\u00e9 aplikace v oblasti waferov\u00e9ho in\u017een\u00fdrstv\u00ed.<\/p>","protected":false},"excerpt":{"rendered":"<p>Iontov\u00fd implanta\u010dn\u00ed syst\u00e9m Ai200HC.D (High Beam) je ur\u010den pro v\u00fdrobn\u00ed linky na 6 a 8palcov\u00e9 k\u0159em\u00edkov\u00e9 pl\u00e1tky polovodi\u010d\u016f. Jedn\u00e1 se o vysokoproud\u00fd iontov\u00fd implant\u00e1tor vyvinut\u00fd pro p\u0159esn\u00e9 dopov\u00e1n\u00ed a pokro\u010dil\u00e9 procesn\u00ed aplikace ve v\u00fdrob\u011b integrovan\u00fdch obvod\u016f.<\/p>","protected":false},"featured_media":2350,"comment_status":"open","ping_status":"closed","template":"","meta":{"site-sidebar-layout":"default","site-content-layout":"","ast-site-content-layout":"default","site-content-style":"default","site-sidebar-style":"default","ast-global-header-display":"","ast-banner-title-visibility":"","ast-main-header-display":"","ast-hfb-above-header-display":"","ast-hfb-below-header-display":"","ast-hfb-mobile-header-display":"","site-post-title":"","ast-breadcrumbs-content":"","ast-featured-img":"","footer-sml-layout":"","ast-disable-related-posts":"","theme-transparent-header-meta":"default","adv-header-id-meta":"","stick-header-meta":"default","header-above-stick-meta":"","header-main-stick-meta":"","header-below-stick-meta":"","astra-migrate-meta-layouts":"set","ast-page-background-enabled":"default","ast-page-background-meta":{"desktop":{"background-color":"var(--ast-global-color-4)","background-image":"","background-repeat":"repeat","background-position":"center center","background-size":"auto","background-attachment":"scroll","background-type":"","background-media":"","overlay-type":"","overlay-color":"","overlay-opacity":"","overlay-gradient":""},"tablet":{"background-color":"","background-image":"","background-repeat":"repeat","background-position":"center center","background-size":"auto","background-attachment":"scroll","background-type":"","background-media":"","overlay-type":"","overlay-color":"","overlay-opacity":"","overlay-gradient":""},"mobile":{"background-color":"","background-image":"","background-repeat":"repeat","background-position":"center center","background-size":"auto","background-attachment":"scroll","background-type":"","background-media":"","overlay-type":"","overlay-color":"","overlay-opacity":"","overlay-gradient":""}},"ast-content-background-meta":{"desktop":{"background-color":"var(--ast-global-color-5)","background-image":"","background-repeat":"repeat","background-position":"center center","background-size":"auto","background-attachment":"scroll","background-type":"","background-media":"","overlay-type":"","overlay-color":"","overlay-opacity":"","overlay-gradient":""},"tablet":{"background-color":"var(--ast-global-color-5)","background-image":"","background-repeat":"repeat","background-position":"center center","background-size":"auto","background-attachment":"scroll","background-type":"","background-media":"","overlay-type":"","overlay-color":"","overlay-opacity":"","overlay-gradient":""},"mobile":{"background-color":"var(--ast-global-color-5)","background-image":"","background-repeat":"repeat","background-position":"center center","background-size":"auto","background-attachment":"scroll","background-type":"","background-media":"","overlay-type":"","overlay-color":"","overlay-opacity":"","overlay-gradient":""}}},"product_brand":[],"product_cat":[1177],"product_tag":[],"class_list":{"0":"post-2349","1":"product","2":"type-product","3":"status-publish","4":"has-post-thumbnail","6":"product_cat-ion-implantation-equipment","7":"desktop-align-left","8":"tablet-align-left","9":"mobile-align-left","10":"ast-product-gallery-layout-horizontal-slider","11":"ast-product-gallery-with-no-image","12":"ast-product-tabs-layout-horizontal","14":"first","15":"instock","16":"shipping-taxable","17":"product-type-simple"},"_links":{"self":[{"href":"https:\/\/www.zmsh-semitech.com\/cs\/wp-json\/wp\/v2\/product\/2349","targetHints":{"allow":["GET"]}}],"collection":[{"href":"https:\/\/www.zmsh-semitech.com\/cs\/wp-json\/wp\/v2\/product"}],"about":[{"href":"https:\/\/www.zmsh-semitech.com\/cs\/wp-json\/wp\/v2\/types\/product"}],"replies":[{"embeddable":true,"href":"https:\/\/www.zmsh-semitech.com\/cs\/wp-json\/wp\/v2\/comments?post=2349"}],"version-history":[{"count":4,"href":"https:\/\/www.zmsh-semitech.com\/cs\/wp-json\/wp\/v2\/product\/2349\/revisions"}],"predecessor-version":[{"id":2373,"href":"https:\/\/www.zmsh-semitech.com\/cs\/wp-json\/wp\/v2\/product\/2349\/revisions\/2373"}],"wp:featuredmedia":[{"embeddable":true,"href":"https:\/\/www.zmsh-semitech.com\/cs\/wp-json\/wp\/v2\/media\/2350"}],"wp:attachment":[{"href":"https:\/\/www.zmsh-semitech.com\/cs\/wp-json\/wp\/v2\/media?parent=2349"}],"wp:term":[{"taxonomy":"product_brand","embeddable":true,"href":"https:\/\/www.zmsh-semitech.com\/cs\/wp-json\/wp\/v2\/product_brand?post=2349"},{"taxonomy":"product_cat","embeddable":true,"href":"https:\/\/www.zmsh-semitech.com\/cs\/wp-json\/wp\/v2\/product_cat?post=2349"},{"taxonomy":"product_tag","embeddable":true,"href":"https:\/\/www.zmsh-semitech.com\/cs\/wp-json\/wp\/v2\/product_tag?post=2349"}],"curies":[{"name":"wp","href":"https:\/\/api.w.org\/{rel}","templated":true}]}}