{"id":2327,"date":"2026-04-21T06:21:20","date_gmt":"2026-04-21T06:21:20","guid":{"rendered":"https:\/\/www.zmsh-semitech.com\/?post_type=product&#038;p=2327"},"modified":"2026-04-21T06:21:21","modified_gmt":"2026-04-21T06:21:21","slug":"wafer-thinning-system-precision-back-grinding-equipment-for-si-sic-and-4-to-12-inch-semiconductor-wafers","status":"publish","type":"product","link":"https:\/\/www.zmsh-semitech.com\/cs\/product\/wafer-thinning-system-precision-back-grinding-equipment-for-si-sic-and-4-to-12-inch-semiconductor-wafers\/","title":{"rendered":"Syst\u00e9m pro zten\u010dov\u00e1n\u00ed desti\u010dek P\u0159esn\u00e9 za\u0159\u00edzen\u00ed pro zp\u011btn\u00e9 brou\u0161en\u00ed Si SiC a polovodi\u010dov\u00fdch desti\u010dek o velikosti 4 a\u017e 12 palc\u016f"},"content":{"rendered":"<p data-start=\"294\" data-end=\"629\"><img fetchpriority=\"high\" decoding=\"async\" class=\"alignright wp-image-2329 size-medium\" src=\"https:\/\/www.zmsh-semitech.com\/wp-content\/uploads\/2026\/04\/wafer_thinning_system_precision_thinning_equipment_sic_si_wafer_compatible_4_12inch_wafer_capacity2-300x300.webp\" alt=\"Syst\u00e9m pro zten\u010dov\u00e1n\u00ed desti\u010dek P\u0159esn\u00e9 za\u0159\u00edzen\u00ed pro zp\u011btn\u00e9 brou\u0161en\u00ed Si SiC a polovodi\u010dov\u00fdch desti\u010dek o velikosti 4 a\u017e 12 palc\u016f\" width=\"300\" height=\"300\" srcset=\"https:\/\/www.zmsh-semitech.com\/wp-content\/uploads\/2026\/04\/wafer_thinning_system_precision_thinning_equipment_sic_si_wafer_compatible_4_12inch_wafer_capacity2-300x300.webp 300w, https:\/\/www.zmsh-semitech.com\/wp-content\/uploads\/2026\/04\/wafer_thinning_system_precision_thinning_equipment_sic_si_wafer_compatible_4_12inch_wafer_capacity2-150x150.webp 150w, https:\/\/www.zmsh-semitech.com\/wp-content\/uploads\/2026\/04\/wafer_thinning_system_precision_thinning_equipment_sic_si_wafer_compatible_4_12inch_wafer_capacity2-12x12.webp 12w, https:\/\/www.zmsh-semitech.com\/wp-content\/uploads\/2026\/04\/wafer_thinning_system_precision_thinning_equipment_sic_si_wafer_compatible_4_12inch_wafer_capacity2-600x600.webp 600w, https:\/\/www.zmsh-semitech.com\/wp-content\/uploads\/2026\/04\/wafer_thinning_system_precision_thinning_equipment_sic_si_wafer_compatible_4_12inch_wafer_capacity2-100x100.webp 100w, https:\/\/www.zmsh-semitech.com\/wp-content\/uploads\/2026\/04\/wafer_thinning_system_precision_thinning_equipment_sic_si_wafer_compatible_4_12inch_wafer_capacity2.webp 750w\" sizes=\"(max-width: 300px) 100vw, 300px\" \/>Za\u0159\u00edzen\u00ed pro p\u0159esn\u00e9 zp\u011btn\u00e9 brou\u0161en\u00ed Wafer Thinning System je vysoce p\u0159esn\u00e9 \u0159e\u0161en\u00ed pro zpracov\u00e1n\u00ed wafer\u016f ur\u010den\u00e9 pro pokro\u010dilou v\u00fdrobu polovodi\u010d\u016f. Podporuje 4palcov\u00e9 a\u017e 12palcov\u00e9 desti\u010dky, v\u010detn\u011b k\u0159em\u00edku (Si), karbidu k\u0159em\u00edku (SiC), arsenidu galia (GaAs), saf\u00edru a dal\u0161\u00edch k\u0159ehk\u00fdch polovodi\u010dov\u00fdch materi\u00e1l\u016f.<\/p>\n<p data-start=\"631\" data-end=\"924\">Tento syst\u00e9m je navr\u017een pro velmi p\u0159esn\u00e9 zten\u010den\u00ed zadn\u00ed strany desti\u010dky, co\u017e umo\u017e\u0148uje sn\u00ed\u017een\u00ed tlou\u0161\u0165ky na mikronovou a submikronovou \u00farove\u0148 p\u0159i zachov\u00e1n\u00ed vynikaj\u00edc\u00ed integrity povrchu. Hraje kl\u00ed\u010dovou roli p\u0159i v\u00fdrob\u011b pokro\u010dil\u00fdch obal\u016f, v\u00fdkonov\u00fdch za\u0159\u00edzen\u00ed, MEMS a slo\u017een\u00fdch polovodi\u010d\u016f.<\/p>\n<p data-start=\"926\" data-end=\"1135\">D\u00edky integraci mechanick\u00e9 konstrukce s vysokou tuhost\u00ed, p\u0159esn\u00e9mu \u0159\u00edzen\u00ed osy Z a monitorov\u00e1n\u00ed tlou\u0161\u0165ky v re\u00e1ln\u00e9m \u010dase zaji\u0161\u0165uje za\u0159\u00edzen\u00ed stabiln\u00ed a opakovateln\u00fd v\u00fdkon zpracov\u00e1n\u00ed pro pr\u016fmyslovou v\u00fdrobu.<\/p>\n<hr data-start=\"1137\" data-end=\"1140\" \/>\n<h2 data-section-id=\"17sw59i\" data-start=\"1142\" data-end=\"1171\"><span role=\"text\">Kl\u00ed\u010dov\u00e9 technick\u00e9 vlastnosti<\/span><\/h2>\n<h3 data-section-id=\"kcynyn\" data-start=\"1173\" data-end=\"1213\"><span role=\"text\">Vysoce p\u0159esn\u00e1 kontrola tlou\u0161\u0165ky<\/span><\/h3>\n<ul data-start=\"1214\" data-end=\"1353\">\n<li data-section-id=\"qvz3ew\" data-start=\"1214\" data-end=\"1245\">P\u0159esnost m\u011b\u0159en\u00ed tlou\u0161\u0165ky: \u00b11 \u03bcm<\/li>\n<li data-section-id=\"vbuidj\" data-start=\"1246\" data-end=\"1290\">Celkov\u00e1 odchylka tlou\u0161\u0165ky (TTV): \u22642 \u03bcm<\/li>\n<li data-section-id=\"rxazu8\" data-start=\"1291\" data-end=\"1353\">Pokro\u010dil\u00e9 modely dosahuj\u00ed submikronov\u00e9 kontroly a\u017e \u00b10,5 \u03bcm<\/li>\n<\/ul>\n<h3 data-section-id=\"15s8v24\" data-start=\"1355\" data-end=\"1390\"><span role=\"text\"><img decoding=\"async\" class=\"size-medium wp-image-2330 alignright\" src=\"https:\/\/www.zmsh-semitech.com\/wp-content\/uploads\/2026\/04\/wafer_thinning_system_precision_thinning_equipment_sic_si_wafer_compatible_4_12inch_wafer_capacity-300x300.webp\" alt=\"\" width=\"300\" height=\"300\" srcset=\"https:\/\/www.zmsh-semitech.com\/wp-content\/uploads\/2026\/04\/wafer_thinning_system_precision_thinning_equipment_sic_si_wafer_compatible_4_12inch_wafer_capacity-300x300.webp 300w, https:\/\/www.zmsh-semitech.com\/wp-content\/uploads\/2026\/04\/wafer_thinning_system_precision_thinning_equipment_sic_si_wafer_compatible_4_12inch_wafer_capacity-150x150.webp 150w, https:\/\/www.zmsh-semitech.com\/wp-content\/uploads\/2026\/04\/wafer_thinning_system_precision_thinning_equipment_sic_si_wafer_compatible_4_12inch_wafer_capacity-12x12.webp 12w, https:\/\/www.zmsh-semitech.com\/wp-content\/uploads\/2026\/04\/wafer_thinning_system_precision_thinning_equipment_sic_si_wafer_compatible_4_12inch_wafer_capacity-600x600.webp 600w, https:\/\/www.zmsh-semitech.com\/wp-content\/uploads\/2026\/04\/wafer_thinning_system_precision_thinning_equipment_sic_si_wafer_compatible_4_12inch_wafer_capacity-100x100.webp 100w, https:\/\/www.zmsh-semitech.com\/wp-content\/uploads\/2026\/04\/wafer_thinning_system_precision_thinning_equipment_sic_si_wafer_compatible_4_12inch_wafer_capacity.webp 750w\" sizes=\"(max-width: 300px) 100vw, 300px\" \/>\u0160irok\u00e1 kompatibilita materi\u00e1l\u016f<\/span><\/h3>\n<p data-start=\"1391\" data-end=\"1452\">Podporuje \u0161irokou \u0161k\u00e1lu polovodi\u010dov\u00fdch a k\u0159ehk\u00fdch materi\u00e1l\u016f:<\/p>\n<ul data-start=\"1453\" data-end=\"1574\">\n<li data-section-id=\"1mmq8pa\" data-start=\"1453\" data-end=\"1467\">K\u0159em\u00edk (Si)<\/li>\n<li data-section-id=\"1ah49cn\" data-start=\"1468\" data-end=\"1491\">Karbid k\u0159em\u00edku (SiC)<\/li>\n<li data-section-id=\"6pubop\" data-start=\"1492\" data-end=\"1517\">Arsenid galia (GaAs)<\/li>\n<li data-section-id=\"pz60z2\" data-start=\"1518\" data-end=\"1536\">Saf\u00edr (Al\u2082O\u2083)<\/li>\n<li data-section-id=\"1x0u20i\" data-start=\"1537\" data-end=\"1574\">Ostatn\u00ed polovodi\u010dov\u00e9 desti\u010dky<\/li>\n<\/ul>\n<h3 data-section-id=\"1k27fm2\" data-start=\"1576\" data-end=\"1608\"><span role=\"text\">Kompatibilita velikosti desti\u010dek<\/span><\/h3>\n<ul data-start=\"1609\" data-end=\"1726\">\n<li data-section-id=\"fhdptx\" data-start=\"1609\" data-end=\"1662\">4palcov\u00e9 \/ 6palcov\u00e9 \/ 8palcov\u00e9 \/ 10palcov\u00e9 \/ 12palcov\u00e9 oplatky<\/li>\n<li data-section-id=\"5k0pa3\" data-start=\"1663\" data-end=\"1726\">Flexibiln\u00ed manipulace se standardn\u00edmi i p\u0159izp\u016fsoben\u00fdmi substr\u00e1ty<\/li>\n<\/ul>\n<h3 data-section-id=\"rmjxfn\" data-start=\"1728\" data-end=\"1768\"><span role=\"text\">Mechanick\u00fd syst\u00e9m s vysokou stabilitou<\/span><\/h3>\n<ul data-start=\"1769\" data-end=\"1949\">\n<li data-section-id=\"1wor6l0\" data-start=\"1769\" data-end=\"1804\">V\u0159eteno s vysokou tuhost\u00ed a vzduchov\u00fdm lo\u017eiskem<\/li>\n<li data-section-id=\"7gqyrg\" data-start=\"1805\" data-end=\"1848\">P\u0159esn\u00e1 brusn\u00e1 plo\u0161ina s n\u00edzk\u00fdmi vibracemi<\/li>\n<li data-section-id=\"wf9b1q\" data-start=\"1849\" data-end=\"1892\">Dov\u00e1\u017een\u00fd kuli\u010dkov\u00fd \u0161roub + line\u00e1rn\u00ed vodic\u00ed syst\u00e9m<\/li>\n<li data-section-id=\"fj2519\" data-start=\"1893\" data-end=\"1949\">Vysoce p\u0159esn\u00e9 \u0159\u00edzen\u00ed servomotoru (rozli\u0161en\u00ed 0,1 \u03bcm)<\/li>\n<\/ul>\n<h3 data-section-id=\"1e5oiya\" data-start=\"1951\" data-end=\"1982\"><span role=\"text\">Pokro\u010dil\u00fd chladic\u00ed syst\u00e9m<\/span><\/h3>\n<ul data-start=\"1983\" data-end=\"2088\">\n<li data-section-id=\"1u6gyvp\" data-start=\"1983\" data-end=\"2038\">Vodou chlazen\u00fd syst\u00e9m v\u0159etena zaji\u0161\u0165uje tepelnou stabilitu<\/li>\n<li data-section-id=\"1927cdq\" data-start=\"2039\" data-end=\"2088\">Zabra\u0148uje deformaci p\u0159i vysokorychlostn\u00edm brou\u0161en\u00ed<\/li>\n<\/ul>\n<hr data-start=\"2090\" data-end=\"2093\" \/>\n<h2 data-section-id=\"1ftdxrk\" data-start=\"2095\" data-end=\"2122\"><span role=\"text\">Konfigurace syst\u00e9mu<\/span><\/h2>\n<p data-start=\"2124\" data-end=\"2189\">Syst\u00e9m pro zten\u010dov\u00e1n\u00ed pl\u00e1tk\u016f integruje n\u011bkolik funk\u010dn\u00edch modul\u016f:<\/p>\n<h3 data-section-id=\"djoygz\" data-start=\"2191\" data-end=\"2227\"><span role=\"text\">1. Modul p\u0159esn\u00e9ho brou\u0161en\u00ed<\/span><\/h3>\n<p data-start=\"2228\" data-end=\"2294\">Prov\u00e1d\u00ed \u0159\u00edzen\u00fd \u00fab\u011br materi\u00e1lu s vysokou rovnom\u011brnost\u00ed povrchu.<\/p>\n<h3 data-section-id=\"gytvay\" data-start=\"2296\" data-end=\"2338\"><span role=\"text\">2. Syst\u00e9m p\u0159esn\u00e9ho \u0159\u00edzen\u00ed osy Z<\/span><\/h3>\n<p data-start=\"2339\" data-end=\"2409\">Umo\u017e\u0148uje velmi p\u0159esn\u00e9 vertik\u00e1ln\u00ed nastaven\u00ed pro konzistentn\u00ed tlou\u0161\u0165ku pl\u00e1tk\u016f.<\/p>\n<h3 data-section-id=\"i93eki\" data-start=\"2411\" data-end=\"2450\"><span role=\"text\">3. Syst\u00e9m m\u011b\u0159en\u00ed tlou\u0161\u0165ky<\/span><\/h3>\n<p data-start=\"2451\" data-end=\"2519\">Kontaktn\u00ed\/bezkontaktn\u00ed m\u011b\u0159en\u00ed v re\u00e1ln\u00e9m \u010dase zaji\u0161\u0165uje stabilitu procesu.<\/p>\n<h3 data-section-id=\"ycd038\" data-start=\"2521\" data-end=\"2550\"><span role=\"text\">4. Vakuov\u00e9 skl\u00ed\u010didlo<\/span><\/h3>\n<p data-start=\"2551\" data-end=\"2626\">Bezpe\u010dn\u00e1 fixace desti\u010dek, v\u010detn\u011b \u0159e\u0161en\u00ed na m\u00edru pro nepravideln\u00e9 desti\u010dky.<\/p>\n<h3 data-section-id=\"1xwcykg\" data-start=\"2628\" data-end=\"2664\"><span role=\"text\">5. \u0158\u00eddic\u00ed syst\u00e9m automatizace<\/span><\/h3>\n<ul data-start=\"2665\" data-end=\"2767\">\n<li data-section-id=\"mbtl4z\" data-start=\"2665\" data-end=\"2706\">Pln\u011b automatick\u00e9 \/ poloautomatick\u00e9 provozn\u00ed re\u017eimy<\/li>\n<li data-section-id=\"1tpxb04\" data-start=\"2707\" data-end=\"2734\">Z\u00e1znam do provozn\u00edho den\u00edku<\/li>\n<li data-section-id=\"1chqk9c\" data-start=\"2735\" data-end=\"2767\">\u0158\u00edzen\u00ed procesu na z\u00e1klad\u011b receptury<\/li>\n<\/ul>\n<hr data-start=\"2769\" data-end=\"2772\" \/>\n<h2 data-section-id=\"gimyd4\" data-start=\"2774\" data-end=\"2804\"><span role=\"text\"><img decoding=\"async\" class=\"wp-image-2331 alignright\" src=\"https:\/\/www.zmsh-semitech.com\/wp-content\/uploads\/2026\/04\/Wafer-Thinning-System-Precision-Back-Grinding-Equipment-for-Si-SiC-and-4-to-12-Inch-Semiconductor-Wafers2-300x81.png\" alt=\"\" width=\"393\" height=\"106\" srcset=\"https:\/\/www.zmsh-semitech.com\/wp-content\/uploads\/2026\/04\/Wafer-Thinning-System-Precision-Back-Grinding-Equipment-for-Si-SiC-and-4-to-12-Inch-Semiconductor-Wafers2-300x81.png 300w, https:\/\/www.zmsh-semitech.com\/wp-content\/uploads\/2026\/04\/Wafer-Thinning-System-Precision-Back-Grinding-Equipment-for-Si-SiC-and-4-to-12-Inch-Semiconductor-Wafers2-18x5.png 18w, https:\/\/www.zmsh-semitech.com\/wp-content\/uploads\/2026\/04\/Wafer-Thinning-System-Precision-Back-Grinding-Equipment-for-Si-SiC-and-4-to-12-Inch-Semiconductor-Wafers2-600x162.png 600w, https:\/\/www.zmsh-semitech.com\/wp-content\/uploads\/2026\/04\/Wafer-Thinning-System-Precision-Back-Grinding-Equipment-for-Si-SiC-and-4-to-12-Inch-Semiconductor-Wafers2.png 680w\" sizes=\"(max-width: 393px) 100vw, 393px\" \/> Schopnosti zpracov\u00e1n\u00ed<\/span><\/h2>\n<p data-start=\"2806\" data-end=\"2876\">Syst\u00e9m je ur\u010den pro vysoce v\u00fdkonn\u00e9 zpracov\u00e1n\u00ed zadn\u00ed strany desti\u010dek:<\/p>\n<ul data-start=\"2878\" data-end=\"3074\">\n<li data-section-id=\"xh3w3z\" data-start=\"2878\" data-end=\"2909\">Brou\u0161en\u00ed k\u0159em\u00edkov\u00fdch desti\u010dek<\/li>\n<li data-section-id=\"xar9m4\" data-start=\"2910\" data-end=\"2950\">Zten\u010dov\u00e1n\u00ed SiC desti\u010dek pro v\u00fdkonov\u00e1 za\u0159\u00edzen\u00ed<\/li>\n<li data-section-id=\"198a8mj\" data-start=\"2951\" data-end=\"2986\">Zten\u010den\u00ed substr\u00e1tu GaN a GaAs<\/li>\n<li data-section-id=\"2lf608\" data-start=\"2987\" data-end=\"3024\">P\u0159esn\u00e9 zten\u010dov\u00e1n\u00ed saf\u00edrov\u00fdch desti\u010dek<\/li>\n<li data-section-id=\"1kfyhfx\" data-start=\"3025\" data-end=\"3074\">P\u0159\u00edprava ultratenk\u00fdch pl\u00e1tk\u016f pro 3D balen\u00ed<\/li>\n<\/ul>\n<hr data-start=\"3076\" data-end=\"3079\" \/>\n<h2 data-section-id=\"k0zlak\" data-start=\"3081\" data-end=\"3100\"><span role=\"text\">Aplikace<\/span><\/h2>\n<h3 data-section-id=\"1jqwtfq\" data-start=\"3102\" data-end=\"3140\"><span role=\"text\">1. V\u00fdkonov\u00e9 polovodi\u010dov\u00e9 sou\u010d\u00e1stky<\/span><\/h3>\n<p data-start=\"3141\" data-end=\"3222\">Pou\u017e\u00edv\u00e1 se v SiC MOSFETech, IGBT a vysokonap\u011b\u0165ov\u00fdch za\u0159\u00edzen\u00edch vy\u017eaduj\u00edc\u00edch ultratenk\u00e9 desti\u010dky.<\/p>\n<h3 data-section-id=\"1a6priz\" data-start=\"3224\" data-end=\"3253\"><span role=\"text\"><img loading=\"lazy\" decoding=\"async\" class=\"wp-image-2332 alignright\" src=\"https:\/\/www.zmsh-semitech.com\/wp-content\/uploads\/2026\/04\/application3-300x188.png\" alt=\"\" width=\"421\" height=\"264\" srcset=\"https:\/\/www.zmsh-semitech.com\/wp-content\/uploads\/2026\/04\/application3-300x188.png 300w, https:\/\/www.zmsh-semitech.com\/wp-content\/uploads\/2026\/04\/application3-18x12.png 18w, https:\/\/www.zmsh-semitech.com\/wp-content\/uploads\/2026\/04\/application3-600x376.png 600w, https:\/\/www.zmsh-semitech.com\/wp-content\/uploads\/2026\/04\/application3.png 680w\" sizes=\"(max-width: 421px) 100vw, 421px\" \/>2. Pokro\u010dil\u00e9 balen\u00ed<\/span><\/h3>\n<p data-start=\"3254\" data-end=\"3282\">Podporuje zten\u010dov\u00e1n\u00ed desti\u010dek pro:<\/p>\n<ul data-start=\"3283\" data-end=\"3375\">\n<li data-section-id=\"18hyzkr\" data-start=\"3283\" data-end=\"3306\">Obal na flipov\u00e9 \u010dipy<\/li>\n<li data-section-id=\"16lrd61\" data-start=\"3307\" data-end=\"3335\">2,5D \/ 3D integrace integrovan\u00fdch obvod\u016f<\/li>\n<li data-section-id=\"1s3z3q5\" data-start=\"3336\" data-end=\"3375\">Procesy TSV (Through Silicon Via)<\/li>\n<\/ul>\n<h3 data-section-id=\"m46f4y\" data-start=\"3377\" data-end=\"3411\"><span role=\"text\">3. Slo\u017een\u00e9 polovodi\u010de<\/span><\/h3>\n<p data-start=\"3412\" data-end=\"3464\">Pou\u017eiteln\u00e9 pro v\u00fdrobu za\u0159\u00edzen\u00ed GaN, GaAs a InP.<\/p>\n<h3 data-section-id=\"kz928f\" data-start=\"3466\" data-end=\"3500\"><span role=\"text\">4. LED a optoelektronika<\/span><\/h3>\n<p data-start=\"3501\" data-end=\"3572\">Zten\u010dov\u00e1n\u00ed saf\u00edrov\u00fdch a sm\u011bsn\u00fdch desti\u010dek pro LED \u010dipy a optick\u00e1 za\u0159\u00edzen\u00ed.<\/p>\n<hr data-start=\"3574\" data-end=\"3577\" \/>\n<h2 data-section-id=\"d8omv1\" data-start=\"3579\" data-end=\"3596\"><span role=\"text\">V\u00fdhody<\/span><\/h2>\n<ul data-start=\"3598\" data-end=\"3893\">\n<li data-section-id=\"u42zog\" data-start=\"3598\" data-end=\"3645\">Vysp\u011bl\u00e1 a stabiln\u00ed technologie zten\u010dov\u00e1n\u00ed pl\u00e1tk\u016f<\/li>\n<li data-section-id=\"1pb253f\" data-start=\"3646\" data-end=\"3688\">Vysoce p\u0159esn\u00fd syst\u00e9m brou\u0161en\u00ed na vstupu<\/li>\n<li data-section-id=\"1b2hrea\" data-start=\"3689\" data-end=\"3728\">Vynikaj\u00edc\u00ed kontrola drsnosti povrchu<\/li>\n<li data-section-id=\"swoy5t\" data-start=\"3729\" data-end=\"3787\">Vysok\u00e1 UPH (a\u017e 30 desti\u010dek\/hodinu u standardn\u00edch proces\u016f)<\/li>\n<li data-section-id=\"folyym\" data-start=\"3788\" data-end=\"3842\">Siln\u00e1 p\u0159izp\u016fsobivost pro k\u0159ehk\u00e9 a tvrd\u00e9 materi\u00e1ly<\/li>\n<li data-section-id=\"kkjwmp\" data-start=\"3843\" data-end=\"3893\">Pln\u011b automatizovan\u00e1 schopnost integrace proces\u016f<\/li>\n<\/ul>\n<hr data-start=\"3895\" data-end=\"3898\" \/>\n<h2 data-section-id=\"1nn32qm\" data-start=\"3900\" data-end=\"3929\"><span role=\"text\">Nejd\u016fle\u017eit\u011bj\u0161\u00ed informace o v\u00fdkonu<\/span><\/h2>\n<ul data-start=\"3931\" data-end=\"4171\">\n<li data-section-id=\"ndqugr\" data-start=\"3931\" data-end=\"3980\">Minim\u00e1ln\u00ed rozli\u0161en\u00ed: 0,1 \u03bcm\/s \u0158\u00edzen\u00ed osy Z<\/li>\n<li data-section-id=\"1sfyown\" data-start=\"3981\" data-end=\"4020\">Rovnom\u011brnost tlou\u0161\u0165ky: \u22641-2 \u03bcm TTV<\/li>\n<li data-section-id=\"2ioyhe\" data-start=\"4021\" data-end=\"4066\">Vysokorychlostn\u00ed v\u0159eteno s velmi n\u00edzk\u00fdmi vibracemi<\/li>\n<li data-section-id=\"1svxu2t\" data-start=\"4067\" data-end=\"4109\">Monitorov\u00e1n\u00ed a protokolov\u00e1n\u00ed proces\u016f v re\u00e1ln\u00e9m \u010dase<\/li>\n<li data-section-id=\"kjsadr\" data-start=\"4110\" data-end=\"4171\">Kompatibiln\u00ed s prost\u0159ed\u00edm v\u00fdzkumu a v\u00fdvoje i s\u00e9riov\u00e9 v\u00fdroby.<\/li>\n<\/ul>\n<hr data-start=\"4173\" data-end=\"4176\" \/>\n<h2 data-section-id=\"lalgo8\" data-start=\"4178\" data-end=\"4206\"><span role=\"text\">Mo\u017enosti p\u0159izp\u016fsoben\u00ed<\/span><\/h2>\n<p data-start=\"4208\" data-end=\"4273\">Poskytujeme flexibiln\u00ed p\u0159izp\u016fsoben\u00ed pro r\u016fzn\u00e9 pr\u016fmyslov\u00e9 pot\u0159eby:<\/p>\n<ul data-start=\"4275\" data-end=\"4459\">\n<li data-section-id=\"kmxap1\" data-start=\"4275\" data-end=\"4315\">Zak\u00e1zkov\u00e1 skl\u00ed\u010didla (nepravideln\u00e9 tvary)<\/li>\n<li data-section-id=\"1om94rb\" data-start=\"4316\" data-end=\"4368\">Roz\u0161\u00ed\u0159en\u00fd rozsah m\u011b\u0159en\u00ed tlou\u0161\u0165ky (a\u017e 40 mm)<\/li>\n<li data-section-id=\"1gmsugm\" data-start=\"4369\" data-end=\"4399\">P\u0159izp\u016fsoben\u00ed procesn\u00edch receptur<\/li>\n<li data-section-id=\"enumxl\" data-start=\"4400\" data-end=\"4459\">Integrace automatizace s p\u0159edch\u00e1zej\u00edc\u00edm\/dol\u00e9haj\u00edc\u00edm za\u0159\u00edzen\u00edm<\/li>\n<\/ul>\n<hr data-start=\"4461\" data-end=\"4464\" \/>\n<h2 data-section-id=\"elc90z\" data-start=\"4466\" data-end=\"4476\"><span role=\"text\">\u010cASTO KLADEN\u00c9 DOTAZY<\/span><\/h2>\n<h3 data-section-id=\"97umay\" data-start=\"4478\" data-end=\"4525\"><span role=\"text\">Ot\u00e1zka 1: M\u016f\u017ee tento syst\u00e9m zpracov\u00e1vat SiC desti\u010dky?<\/span><\/h3>\n<p data-start=\"4526\" data-end=\"4649\">Ano, je speci\u00e1ln\u011b optimalizov\u00e1n pro zten\u010dov\u00e1n\u00ed SiC desti\u010dek a brou\u0161en\u00ed zadn\u00ed strany, vhodn\u00e9 pro aplikace ve v\u00fdkonov\u00fdch za\u0159\u00edzen\u00edch.<\/p>\n<h3 data-section-id=\"pwbsig\" data-start=\"4651\" data-end=\"4705\"><span role=\"text\">Ot\u00e1zka 2: Jak\u00e1 je dosa\u017eiteln\u00e1 p\u0159esnost tlou\u0161\u0165ky?<\/span><\/h3>\n<p data-start=\"4706\" data-end=\"4802\">Standardn\u00ed modely dosahuj\u00ed \u00b11 \u03bcm a \u0161pi\u010dkov\u00e9 konfigurace mohou dos\u00e1hnout \u00b10,5 \u03bcm s TTV \u22641 \u03bcm.<\/p>\n<h3 data-section-id=\"4mq81u\" data-start=\"4804\" data-end=\"4848\"><span role=\"text\">Ot\u00e1zka 3: Podporuje plnou automatizaci?<\/span><\/h3>\n<p data-start=\"4849\" data-end=\"4944\">Ano, v z\u00e1vislosti na v\u00fdrobn\u00edch po\u017eadavc\u00edch jsou k dispozici jak pln\u011b automatick\u00e9, tak poloautomatick\u00e9 re\u017eimy.<\/p>","protected":false},"excerpt":{"rendered":"<p>Za\u0159\u00edzen\u00ed pro p\u0159esn\u00e9 zp\u011btn\u00e9 brou\u0161en\u00ed Wafer Thinning System je vysoce p\u0159esn\u00e9 \u0159e\u0161en\u00ed pro zpracov\u00e1n\u00ed wafer\u016f ur\u010den\u00e9 pro pokro\u010dilou v\u00fdrobu polovodi\u010d\u016f. Podporuje 4palcov\u00e9 a\u017e 12palcov\u00e9 desti\u010dky, v\u010detn\u011b k\u0159em\u00edku (Si), karbidu k\u0159em\u00edku (SiC), arsenidu galia (GaAs), saf\u00edru a dal\u0161\u00edch k\u0159ehk\u00fdch polovodi\u010dov\u00fdch materi\u00e1l\u016f.Tento syst\u00e9m je navr\u017een pro velmi p\u0159esn\u00e9 zten\u010den\u00ed zadn\u00ed strany desti\u010dky, co\u017e umo\u017e\u0148uje sn\u00ed\u017een\u00ed tlou\u0161\u0165ky na mikronovou a submikronovou \u00farove\u0148 p\u0159i zachov\u00e1n\u00ed vynikaj\u00edc\u00ed integrity povrchu.<\/p>","protected":false},"featured_media":2330,"comment_status":"open","ping_status":"closed","template":"","meta":{"site-sidebar-layout":"default","site-content-layout":"","ast-site-content-layout":"default","site-content-style":"default","site-sidebar-style":"default","ast-global-header-display":"","ast-banner-title-visibility":"","ast-main-header-display":"","ast-hfb-above-header-display":"","ast-hfb-below-header-display":"","ast-hfb-mobile-header-display":"","site-post-title":"","ast-breadcrumbs-content":"","ast-featured-img":"","footer-sml-layout":"","ast-disable-related-posts":"","theme-transparent-header-meta":"default","adv-header-id-meta":"","stick-header-meta":"default","header-above-stick-meta":"","header-main-stick-meta":"","header-below-stick-meta":"","astra-migrate-meta-layouts":"set","ast-page-background-enabled":"default","ast-page-background-meta":{"desktop":{"background-color":"var(--ast-global-color-4)","background-image":"","background-repeat":"repeat","background-position":"center center","background-size":"auto","background-attachment":"scroll","background-type":"","background-media":"","overlay-type":"","overlay-color":"","overlay-opacity":"","overlay-gradient":""},"tablet":{"background-color":"","background-image":"","background-repeat":"repeat","background-position":"center center","background-size":"auto","background-attachment":"scroll","background-type":"","background-media":"","overlay-type":"","overlay-color":"","overlay-opacity":"","overlay-gradient":""},"mobile":{"background-color":"","background-image":"","background-repeat":"repeat","background-position":"center center","background-size":"auto","background-attachment":"scroll","background-type":"","background-media":"","overlay-type":"","overlay-color":"","overlay-opacity":"","overlay-gradient":""}},"ast-content-background-meta":{"desktop":{"background-color":"var(--ast-global-color-5)","background-image":"","background-repeat":"repeat","background-position":"center center","background-size":"auto","background-attachment":"scroll","background-type":"","background-media":"","overlay-type":"","overlay-color":"","overlay-opacity":"","overlay-gradient":""},"tablet":{"background-color":"var(--ast-global-color-5)","background-image":"","background-repeat":"repeat","background-position":"center center","background-size":"auto","background-attachment":"scroll","background-type":"","background-media":"","overlay-type":"","overlay-color":"","overlay-opacity":"","overlay-gradient":""},"mobile":{"background-color":"var(--ast-global-color-5)","background-image":"","background-repeat":"repeat","background-position":"center center","background-size":"auto","background-attachment":"scroll","background-type":"","background-media":"","overlay-type":"","overlay-color":"","overlay-opacity":"","overlay-gradient":""}}},"product_brand":[],"product_cat":[724],"product_tag":[1160,1000,1163,1165,1162,1164,804,1158,1159,1161,547,801,1157,1156],"class_list":{"0":"post-2327","1":"product","2":"type-product","3":"status-publish","4":"has-post-thumbnail","6":"product_cat-grinding-machine","7":"product_tag-12-inch-wafer-equipment","8":"product_tag-advanced-packaging-equipment","9":"product_tag-compound-semiconductor-thinning","10":"product_tag-power-device-wafer-equipment","11":"product_tag-precision-wafer-grinder","12":"product_tag-sapphire-wafer-processing","13":"product_tag-semiconductor-grinding-machine","14":"product_tag-si-wafer-thinning","15":"product_tag-sic-wafer-thinning-equipment","16":"product_tag-ttv-control-system","17":"product_tag-ultra-thin-wafer-processing","18":"product_tag-wafer-back-grinding-machine","19":"product_tag-wafer-thinning-equipment","20":"product_tag-wafer-thinning-system","21":"desktop-align-left","22":"tablet-align-left","23":"mobile-align-left","24":"ast-product-gallery-layout-horizontal-slider","25":"ast-product-tabs-layout-horizontal","27":"first","28":"instock","29":"shipping-taxable","30":"product-type-simple"},"_links":{"self":[{"href":"https:\/\/www.zmsh-semitech.com\/cs\/wp-json\/wp\/v2\/product\/2327","targetHints":{"allow":["GET"]}}],"collection":[{"href":"https:\/\/www.zmsh-semitech.com\/cs\/wp-json\/wp\/v2\/product"}],"about":[{"href":"https:\/\/www.zmsh-semitech.com\/cs\/wp-json\/wp\/v2\/types\/product"}],"replies":[{"embeddable":true,"href":"https:\/\/www.zmsh-semitech.com\/cs\/wp-json\/wp\/v2\/comments?post=2327"}],"version-history":[{"count":2,"href":"https:\/\/www.zmsh-semitech.com\/cs\/wp-json\/wp\/v2\/product\/2327\/revisions"}],"predecessor-version":[{"id":2334,"href":"https:\/\/www.zmsh-semitech.com\/cs\/wp-json\/wp\/v2\/product\/2327\/revisions\/2334"}],"wp:featuredmedia":[{"embeddable":true,"href":"https:\/\/www.zmsh-semitech.com\/cs\/wp-json\/wp\/v2\/media\/2330"}],"wp:attachment":[{"href":"https:\/\/www.zmsh-semitech.com\/cs\/wp-json\/wp\/v2\/media?parent=2327"}],"wp:term":[{"taxonomy":"product_brand","embeddable":true,"href":"https:\/\/www.zmsh-semitech.com\/cs\/wp-json\/wp\/v2\/product_brand?post=2327"},{"taxonomy":"product_cat","embeddable":true,"href":"https:\/\/www.zmsh-semitech.com\/cs\/wp-json\/wp\/v2\/product_cat?post=2327"},{"taxonomy":"product_tag","embeddable":true,"href":"https:\/\/www.zmsh-semitech.com\/cs\/wp-json\/wp\/v2\/product_tag?post=2327"}],"curies":[{"name":"wp","href":"https:\/\/api.w.org\/{rel}","templated":true}]}}